{"id":21600,"date":"2020-04-18T04:20:39","date_gmt":"2020-04-18T01:20:39","guid":{"rendered":"https:\/\/espak.ee\/hinnakiri\/?post_type=product&#038;p=21600"},"modified":"2024-12-29T22:09:31","modified_gmt":"2024-12-29T20:09:31","slug":"tikksaag-einhell-tc-js-85","status":"publish","type":"product","link":"https:\/\/espak.ee\/epood\/toode\/tikksaag-einhell-tc-js-85\/","title":{"rendered":"TIKKSAAG EINHELL TC-JS 85"},"content":{"rendered":"<div class=\"row\"  id=\"row-725253206\">\n\n\t<div id=\"col-1228925576\" class=\"col medium-9 small-12 large-9\"  >\n\t\t\t\t<div class=\"col-inner\"  >\n\t\t\t\n\t\t\t\n<div class=\"message-box relative\" style=\"padding-top:15px;padding-bottom:15px;\"><div class=\"message-box-bg-image bg-fill fill\" ><\/div><div class=\"message-box-bg-overlay bg-fill fill\" ><\/div><div class=\"container relative\"><div class=\"inner last-reset\">\n<div class=\"row align-middle align-center\"  id=\"row-509954880\">\n\n\t<div id=\"col-642118924\" class=\"col small-12 large-12\"  >\n\t\t\t\t<div class=\"col-inner text-left\"  >\n\t\t\t\n\t\t\t\n<h4>Omadused<\/h4>\n<div class=\"row\"  id=\"row-1227272929\">\n\n\t<div id=\"col-2056039110\" class=\"col medium-6 small-12 large-6\"  >\n\t\t\t\t<div class=\"col-inner\"  >\n\t\t\t\n\t\t\t\n<p><i class=\"far fa-check-circle fa-2x\"><\/i><strong>\u00a0Seadistatav pendli k\u00e4ik <\/strong><\/p>\n<p><i class=\"far fa-check-circle fa-2x\"><\/i><strong> Elektrooniline k\u00e4igusageduse regulaator\u00a0<\/strong><\/p>\n<p><i class=\"far fa-check-circle fa-2x\"><\/i><strong> Kildumiskaitse parema pinnakvaliteedi jaoks <\/strong><\/p>\n<p><i class=\"far fa-check-circle fa-2x\"><\/i><strong> Adapteriga tolmu\u00e4rat\u00f5mme <\/strong><\/p>\n<p><i class=\"far fa-check-circle fa-2x\"><\/i><strong>Kaasas kaabliklamber\u00a0<\/strong><\/p>\n<p><i class=\"far fa-check-circle fa-2x\"><\/i><strong> Kaasas 1 puidu saeleht\u00a0<\/strong><\/p>\n\t\t<\/div>\n\t\t\t\t\n<style>\n#col-2056039110 > .col-inner {\n  margin: 0px 0px 15px 0px;\n}\n<\/style>\n\t<\/div>\n\n\t\n\n\t<div id=\"col-1256815092\" class=\"col medium-6 small-12 large-6\"  >\n\t\t\t\t<div class=\"col-inner\"  >\n\t\t\t\n\t\t\t\n<p><i class=\"far fa-check-circle fa-2x\"><\/i><strong> T\u00f6\u00f6riistavaba l\u00f5iketerade vahetus <\/strong><\/p>\n<p><i class=\"far fa-check-circle fa-2x\"><\/i><strong> Eemaldatava kattega alusplaat tooriku kaitseks\u00a0<\/strong><\/p>\n<p><i class=\"far fa-check-circle fa-2x\"><\/i><strong> Tolmu \u00e4rapuhumise omadus (valitav) <\/strong><\/p>\n<p><i class=\"far fa-check-circle fa-2x\"><\/i><strong> Kuni 45\u00b0 kallutatav alusplaat\u00a0<\/strong><\/p>\n<p><i class=\"far fa-check-circle fa-2x\"><\/i><strong> Komplektis k\u00fcljepiiraja\u00a0<\/strong><\/p>\n<p><i class=\"far fa-check-circle fa-2x\"><\/i><strong> Komplekt teisaldus- ja hoiukohvris\u00a0<\/strong><\/p>\n\t\t<\/div>\n\t\t\t\t\n<style>\n#col-1256815092 > .col-inner {\n  margin: 0px 0px 15px 0px;\n}\n<\/style>\n\t<\/div>\n\n\t\n<\/div>\n\t\t<\/div>\n\t\t\t\t\t<\/div>\n\n\t\n<\/div>\n<\/div><\/div><\/div>\n\t<div id=\"gap-1085968565\" class=\"gap-element clearfix\" style=\"display:block; height:auto;\">\n\t\t\n<style>\n#gap-1085968565 {\n  padding-top: 30px;\n}\n<\/style>\n\t<\/div>\n\t\n<h2>Tootekirjeldus<\/h2>\n<p> Tikksaag TC-JS 85 E on v\u00f5imas t\u00f6\u00f6riist igasuguste materjalide n\u00f5udlikuks saagimiseks. Materjaliga kohandatav saagimine on v\u00f5imalik t\u00e4nu pendelk\u00e4igu neljale seadistusele ja saelehe k\u00e4igusageduse elektronregulaatorile. Saelehe t\u00f6\u00f6riistavaba vahetus s\u00e4\u00e4stab v\u00e4\u00e4rtuslikku aega. Ergonoomilised pehmendusega pinnad teevad tikksae TC-JS 85 v\u00e4ga mugavaks k\u00e4es hoida. Tugev eemaldatava kattega alusplaat kaitseb toorikuid, tagab kindla juhitavuse ja v\u00f5imaldab teha kuni 45\u00b0 kaldl\u00f5ikusi. Asjalik kildumiskaitse tagab suurep\u00e4rase pinnakvaliteedi. Tolmu\u00e4rat\u00f5mme adapteri kaudu ja valitav tolmu \u00e4rapuhumise omadus lubavad puhtalt t\u00f6\u00f6tada. Kaasas olev puidu saeleht v\u00f5imaldab t\u00f6\u00f6tamist kohe alustada. R\u00f6\u00f6pjuhik lihtsustab juhitud ja t\u00e4pset saagimist. Tikksaag TC-JS 85 tarnitakse kenasti ja ohutult otstarbekas hoiu- ja teisalduskohvris. <\/p>\n\t<div id=\"gap-1549376608\" class=\"gap-element clearfix\" style=\"display:block; height:auto;\">\n\t\t\n<style>\n#gap-1549376608 {\n  padding-top: 30px;\n}\n<\/style>\n\t<\/div>\n\t\n\t\t<\/div>\n\t\t\t\t\t<\/div>\n\n\t\n\n\t<div id=\"col-1578890240\" class=\"col medium-3 small-12 large-3\"  >\n\t\t\t\t<div class=\"col-inner\"  >\n\t\t\t\n\t\t\t\n\t<div id=\"gap-1789436911\" class=\"gap-element clearfix\" style=\"display:block; height:auto;\">\n\t\t\n<style>\n#gap-1789436911 {\n  padding-top: 30px;\n}\n<\/style>\n\t<\/div>\n\t\n<h3>Kasutusjuhend<\/h3>\n<p><a href=\"https:\/\/espak.ee\/epood\/wp-content\/uploads\/Tikksaag-Einhell-TC-JS-85-4321140.pdf\" target=\"_blank\" rel=\"noopener noreferrer\"><i class=\"far fa-file-pdf\"><\/i> Kasutusjuhend (PDF)<\/a><\/p>\n<div class=\"is-divider divider clearfix\" ><\/div>\n<p><strong>\u00dcksikasjalikuma n\u00f5u saamiseks v\u00f5tke \u00fchendust:<br \/><\/strong>Espak AS<br \/>Viadukti 42<br \/>11313<br \/>Tallinn<br \/>+372 6 512333<\/p>\n\t\t<\/div>\n\t\t\t\t\t<\/div>\n\n\t\n<\/div>\n","protected":false},"excerpt":{"rendered":"","protected":false},"featured_media":32431,"comment_status":"closed","ping_status":"open","template":"","meta":[],"product_brand":[],"product_cat":[2739,2680,2778,2679],"product_tag":[],"class_list":{"0":"post-21600","1":"product","2":"type-product","3":"status-publish","4":"has-post-thumbnail","6":"product_cat-elektrikasitooriistad","7":"product_cat-elektritooriistad","8":"product_cat-tikksaed","9":"product_cat-tooriistad","10":"pa_kaubamark-einhell","12":"first","13":"instock","14":"sale","15":"taxable","16":"shipping-taxable","17":"purchasable","18":"product-type-simple"},"yoast_head":"<!-- This site is optimized with the Yoast SEO plugin v26.9 - https:\/\/yoast.com\/product\/yoast-seo-wordpress\/ -->\n<title>TIKKSAAG EINHELL TC-JS 85 - Espak E-pood<\/title>\n<meta name=\"robots\" content=\"index, follow, max-snippet:-1, max-image-preview:large, max-video-preview:-1\" \/>\n<link rel=\"canonical\" href=\"https:\/\/espak.ee\/epood\/toode\/tikksaag-einhell-tc-js-85\/\" \/>\n<meta property=\"og:locale\" content=\"et_EE\" \/>\n<meta property=\"og:type\" content=\"article\" \/>\n<meta property=\"og:title\" content=\"TIKKSAAG EINHELL TC-JS 85 - Espak E-pood\" \/>\n<meta property=\"og:url\" content=\"https:\/\/espak.ee\/epood\/toode\/tikksaag-einhell-tc-js-85\/\" \/>\n<meta property=\"og:site_name\" content=\"Espak E-pood\" \/>\n<meta property=\"article:modified_time\" content=\"2024-12-29T20:09:31+00:00\" \/>\n<meta property=\"og:image\" content=\"https:\/\/espak.ee\/epood\/wp-content\/uploads\/4321140_11026_001_TC_JS_85_RAL3002_Pic-1024x937.jpg\" \/>\n\t<meta property=\"og:image:width\" content=\"1024\" \/>\n\t<meta property=\"og:image:height\" content=\"937\" \/>\n\t<meta property=\"og:image:type\" content=\"image\/jpeg\" \/>\n<meta name=\"twitter:card\" content=\"summary_large_image\" \/>\n<meta name=\"twitter:label1\" content=\"Est. reading time\" \/>\n\t<meta name=\"twitter:data1\" content=\"1 minut\" \/>\n<script type=\"application\/ld+json\" class=\"yoast-schema-graph\">{\"@context\":\"https:\/\/schema.org\",\"@graph\":[{\"@type\":\"WebPage\",\"@id\":\"https:\/\/espak.ee\/epood\/toode\/tikksaag-einhell-tc-js-85\/\",\"url\":\"https:\/\/espak.ee\/epood\/toode\/tikksaag-einhell-tc-js-85\/\",\"name\":\"TIKKSAAG EINHELL TC-JS 85 - Espak E-pood\",\"isPartOf\":{\"@id\":\"https:\/\/espak.ee\/epood\/#website\"},\"primaryImageOfPage\":{\"@id\":\"https:\/\/espak.ee\/epood\/toode\/tikksaag-einhell-tc-js-85\/#primaryimage\"},\"image\":{\"@id\":\"https:\/\/espak.ee\/epood\/toode\/tikksaag-einhell-tc-js-85\/#primaryimage\"},\"thumbnailUrl\":\"https:\/\/espak.ee\/epood\/wp-content\/uploads\/4321140_11026_001_TC_JS_85_RAL3002_Pic.jpg\",\"datePublished\":\"2020-04-18T01:20:39+00:00\",\"dateModified\":\"2024-12-29T20:09:31+00:00\",\"breadcrumb\":{\"@id\":\"https:\/\/espak.ee\/epood\/toode\/tikksaag-einhell-tc-js-85\/#breadcrumb\"},\"inLanguage\":\"et\",\"potentialAction\":[{\"@type\":\"ReadAction\",\"target\":[\"https:\/\/espak.ee\/epood\/toode\/tikksaag-einhell-tc-js-85\/\"]}]},{\"@type\":\"ImageObject\",\"inLanguage\":\"et\",\"@id\":\"https:\/\/espak.ee\/epood\/toode\/tikksaag-einhell-tc-js-85\/#primaryimage\",\"url\":\"https:\/\/espak.ee\/epood\/wp-content\/uploads\/4321140_11026_001_TC_JS_85_RAL3002_Pic.jpg\",\"contentUrl\":\"https:\/\/espak.ee\/epood\/wp-content\/uploads\/4321140_11026_001_TC_JS_85_RAL3002_Pic.jpg\",\"width\":1772,\"height\":1621},{\"@type\":\"BreadcrumbList\",\"@id\":\"https:\/\/espak.ee\/epood\/toode\/tikksaag-einhell-tc-js-85\/#breadcrumb\",\"itemListElement\":[{\"@type\":\"ListItem\",\"position\":1,\"name\":\"Home\",\"item\":\"https:\/\/espak.ee\/epood\/\"},{\"@type\":\"ListItem\",\"position\":2,\"name\":\"Tootevalik\",\"item\":\"https:\/\/espak.ee\/epood\/tootevalik\/\"},{\"@type\":\"ListItem\",\"position\":3,\"name\":\"TIKKSAAG EINHELL TC-JS 85\"}]},{\"@type\":\"WebSite\",\"@id\":\"https:\/\/espak.ee\/epood\/#website\",\"url\":\"https:\/\/espak.ee\/epood\/\",\"name\":\"Espak E-pood\",\"description\":\"\",\"potentialAction\":[{\"@type\":\"SearchAction\",\"target\":{\"@type\":\"EntryPoint\",\"urlTemplate\":\"https:\/\/espak.ee\/epood\/?s={search_term_string}\"},\"query-input\":{\"@type\":\"PropertyValueSpecification\",\"valueRequired\":true,\"valueName\":\"search_term_string\"}}],\"inLanguage\":\"et\"}]}<\/script>\n<!-- \/ Yoast SEO plugin. -->","yoast_head_json":{"title":"TIKKSAAG EINHELL TC-JS 85 - Espak E-pood","robots":{"index":"index","follow":"follow","max-snippet":"max-snippet:-1","max-image-preview":"max-image-preview:large","max-video-preview":"max-video-preview:-1"},"canonical":"https:\/\/espak.ee\/epood\/toode\/tikksaag-einhell-tc-js-85\/","og_locale":"et_EE","og_type":"article","og_title":"TIKKSAAG EINHELL TC-JS 85 - Espak E-pood","og_url":"https:\/\/espak.ee\/epood\/toode\/tikksaag-einhell-tc-js-85\/","og_site_name":"Espak E-pood","article_modified_time":"2024-12-29T20:09:31+00:00","og_image":[{"width":1024,"height":937,"url":"https:\/\/espak.ee\/epood\/wp-content\/uploads\/4321140_11026_001_TC_JS_85_RAL3002_Pic-1024x937.jpg","type":"image\/jpeg"}],"twitter_card":"summary_large_image","twitter_misc":{"Est. reading time":"1 minut"},"schema":{"@context":"https:\/\/schema.org","@graph":[{"@type":"WebPage","@id":"https:\/\/espak.ee\/epood\/toode\/tikksaag-einhell-tc-js-85\/","url":"https:\/\/espak.ee\/epood\/toode\/tikksaag-einhell-tc-js-85\/","name":"TIKKSAAG EINHELL TC-JS 85 - Espak E-pood","isPartOf":{"@id":"https:\/\/espak.ee\/epood\/#website"},"primaryImageOfPage":{"@id":"https:\/\/espak.ee\/epood\/toode\/tikksaag-einhell-tc-js-85\/#primaryimage"},"image":{"@id":"https:\/\/espak.ee\/epood\/toode\/tikksaag-einhell-tc-js-85\/#primaryimage"},"thumbnailUrl":"https:\/\/espak.ee\/epood\/wp-content\/uploads\/4321140_11026_001_TC_JS_85_RAL3002_Pic.jpg","datePublished":"2020-04-18T01:20:39+00:00","dateModified":"2024-12-29T20:09:31+00:00","breadcrumb":{"@id":"https:\/\/espak.ee\/epood\/toode\/tikksaag-einhell-tc-js-85\/#breadcrumb"},"inLanguage":"et","potentialAction":[{"@type":"ReadAction","target":["https:\/\/espak.ee\/epood\/toode\/tikksaag-einhell-tc-js-85\/"]}]},{"@type":"ImageObject","inLanguage":"et","@id":"https:\/\/espak.ee\/epood\/toode\/tikksaag-einhell-tc-js-85\/#primaryimage","url":"https:\/\/espak.ee\/epood\/wp-content\/uploads\/4321140_11026_001_TC_JS_85_RAL3002_Pic.jpg","contentUrl":"https:\/\/espak.ee\/epood\/wp-content\/uploads\/4321140_11026_001_TC_JS_85_RAL3002_Pic.jpg","width":1772,"height":1621},{"@type":"BreadcrumbList","@id":"https:\/\/espak.ee\/epood\/toode\/tikksaag-einhell-tc-js-85\/#breadcrumb","itemListElement":[{"@type":"ListItem","position":1,"name":"Home","item":"https:\/\/espak.ee\/epood\/"},{"@type":"ListItem","position":2,"name":"Tootevalik","item":"https:\/\/espak.ee\/epood\/tootevalik\/"},{"@type":"ListItem","position":3,"name":"TIKKSAAG EINHELL TC-JS 85"}]},{"@type":"WebSite","@id":"https:\/\/espak.ee\/epood\/#website","url":"https:\/\/espak.ee\/epood\/","name":"Espak E-pood","description":"","potentialAction":[{"@type":"SearchAction","target":{"@type":"EntryPoint","urlTemplate":"https:\/\/espak.ee\/epood\/?s={search_term_string}"},"query-input":{"@type":"PropertyValueSpecification","valueRequired":true,"valueName":"search_term_string"}}],"inLanguage":"et"}]}},"_links":{"self":[{"href":"https:\/\/espak.ee\/epood\/wp-json\/wp\/v2\/product\/21600","targetHints":{"allow":["GET"]}}],"collection":[{"href":"https:\/\/espak.ee\/epood\/wp-json\/wp\/v2\/product"}],"about":[{"href":"https:\/\/espak.ee\/epood\/wp-json\/wp\/v2\/types\/product"}],"replies":[{"embeddable":true,"href":"https:\/\/espak.ee\/epood\/wp-json\/wp\/v2\/comments?post=21600"}],"wp:featuredmedia":[{"embeddable":true,"href":"https:\/\/espak.ee\/epood\/wp-json\/wp\/v2\/media\/32431"}],"wp:attachment":[{"href":"https:\/\/espak.ee\/epood\/wp-json\/wp\/v2\/media?parent=21600"}],"wp:term":[{"taxonomy":"product_brand","embeddable":true,"href":"https:\/\/espak.ee\/epood\/wp-json\/wp\/v2\/product_brand?post=21600"},{"taxonomy":"product_cat","embeddable":true,"href":"https:\/\/espak.ee\/epood\/wp-json\/wp\/v2\/product_cat?post=21600"},{"taxonomy":"product_tag","embeddable":true,"href":"https:\/\/espak.ee\/epood\/wp-json\/wp\/v2\/product_tag?post=21600"}],"curies":[{"name":"wp","href":"https:\/\/api.w.org\/{rel}","templated":true}]}}