{"id":21599,"date":"2020-04-18T04:20:39","date_gmt":"2020-04-18T01:20:39","guid":{"rendered":"https:\/\/espak.ee\/hinnakiri\/?post_type=product&#038;p=21599"},"modified":"2026-02-14T18:37:02","modified_gmt":"2026-02-14T16:37:02","slug":"tikksaag-einhell-tc-js-60-1","status":"publish","type":"product","link":"https:\/\/espak.ee\/epood\/toode\/tikksaag-einhell-tc-js-60-1\/","title":{"rendered":"TIKKSAAG EINHELL TC-JS 60\/1"},"content":{"rendered":"<div class=\"row\"  id=\"row-615682102\">\n\n\t<div id=\"col-644426347\" class=\"col medium-9 small-12 large-9\"  >\n\t\t\t\t<div class=\"col-inner\"  >\n\t\t\t\n\t\t\t\n<div class=\"message-box relative\" style=\"padding-top:15px;padding-bottom:15px;\"><div class=\"message-box-bg-image bg-fill fill\" ><\/div><div class=\"message-box-bg-overlay bg-fill fill\" ><\/div><div class=\"container relative\"><div class=\"inner last-reset\">\n<div class=\"row align-middle align-center\"  id=\"row-76552282\">\n\n\t<div id=\"col-670777153\" class=\"col small-12 large-12\"  >\n\t\t\t\t<div class=\"col-inner text-left\"  >\n\t\t\t\n\t\t\t\n<h4>Omadused<\/h4>\n<div class=\"row\"  id=\"row-100761613\">\n\n\t<div id=\"col-1581012297\" class=\"col medium-6 small-12 large-6\"  >\n\t\t\t\t<div class=\"col-inner\"  >\n\t\t\t\n\t\t\t\n<p><i class=\"far fa-check-circle fa-2x\"><\/i><strong>\u00a0V\u00e4ike, kerge ja k\u00e4ep\u00e4rane \u2013 kergeteks saagimist\u00f6\u00f6deks<\/strong><\/p>\n<p><i class=\"far fa-check-circle fa-2x\"><\/i><strong> V\u00e4ike vibratsioon t\u00e4nu h\u00e4sti tasakaalustatud ehitusele\u00a0<\/strong><\/p>\n<p><i class=\"far fa-check-circle fa-2x\"><\/i><strong> Kaasas tolmuimeja adapter t\u00f6\u00f6ala puhtana hoidmiseks <\/strong><\/p>\n\t\t<\/div>\n\t\t\t\t\n<style>\n#col-1581012297 > .col-inner {\n  margin: 0px 0px 15px 0px;\n}\n<\/style>\n\t<\/div>\n\n\t\n\n\t<div id=\"col-477945515\" class=\"col medium-6 small-12 large-6\"  >\n\t\t\t\t<div class=\"col-inner\"  >\n\t\t\t\n\t\t\t\n<p><i class=\"far fa-check-circle fa-2x\"><\/i><strong> Elektrooniline k\u00e4igusageduse regulaator materjaliga sobitamiseks <\/strong><\/p>\n<p><i class=\"far fa-check-circle fa-2x\"><\/i><strong> Alusplaati saab kallutada kuni 45\u00b0 kaldl\u00f5igete tegemiseks\u00a0<\/strong><\/p>\n<p><i class=\"far fa-check-circle fa-2x\"><\/i><strong> Lihtne ja t\u00f6\u00f6riistavaba saelehe vahetus\u00a0<\/strong><\/p>\n\t\t<\/div>\n\t\t\t\t\n<style>\n#col-477945515 > .col-inner {\n  margin: 0px 0px 15px 0px;\n}\n<\/style>\n\t<\/div>\n\n\t\n<\/div>\n\t\t<\/div>\n\t\t\t\t\t<\/div>\n\n\t\n<\/div>\n<\/div><\/div><\/div>\n\t<div id=\"gap-629374413\" class=\"gap-element clearfix\" style=\"display:block; height:auto;\">\n\t\t\n<style>\n#gap-629374413 {\n  padding-top: 30px;\n}\n<\/style>\n\t<\/div>\n\t\n<h2>Tootekirjeldus<\/h2>\n<p> Tikksaag Einhell TC-JS 60\/1 teeb l\u00f5ikamis- ja saagimist\u00f6\u00f6 puhtaks, kiireks ja kvaliteetseks. Sobib puidu, plasti ja metalli jaoks. Tikksaag aitab erinevaid materjale h\u00f5lpsalt ja t\u00e4pselt t\u00f6\u00f6delda. T\u00e4nu 400\u00a0W nimiv\u00f5imsusele on tikksaag piisavalt v\u00f5imekas koduste, t\u00f6\u00f6koja ja garaa\u017eit\u00f6\u00f6de tegemiseks. Suurim l\u00f5ikes\u00fcgavus on puidu korral 60\u00a0mm, plasti korral 10\u00a0mm ja metalli korral 6\u00a0mm. T\u00f6\u00f6k\u00e4igu pikkus on 18\u00a0mm. Tikksaag Einhell TC-JS 60\/1 on v\u00e4ike, kerge ja lihtsasti k\u00e4sitsetav riist v\u00e4ikeste saagimist\u00f6\u00f6de tegemiseks. Hea tasakaalustuse t\u00f5ttu on t\u00f6\u00f6tamise ajal vibratsioon v\u00e4ike. Pehmendusega k\u00e4epide teeb kasutamise mugavaks ja v\u00e4hendab v\u00e4simist. Elektrooniline k\u00e4igusageduse regulaator v\u00f5imaldab kiirust t\u00f6\u00f6deldavale materjalile sobivaks kohandada. Tikksae Einhell TC-JS 60\/1 alusplaati saab kaldl\u00f5igete tegemiseks kallutada m\u00f5lemale poole kuni 45\u00b0. T\u00f6\u00f6ala puhtuse hoidmiseks on olemas tolmu\u00e4rastuse adapter. <\/p>\n\t<div id=\"gap-898459808\" class=\"gap-element clearfix\" style=\"display:block; height:auto;\">\n\t\t\n<style>\n#gap-898459808 {\n  padding-top: 30px;\n}\n<\/style>\n\t<\/div>\n\t\n\t\t<\/div>\n\t\t\t\t\t<\/div>\n\n\t\n\n\t<div id=\"col-756531807\" class=\"col medium-3 small-12 large-3\"  >\n\t\t\t\t<div class=\"col-inner\"  >\n\t\t\t\n\t\t\t\n\t<div id=\"gap-1678442958\" class=\"gap-element clearfix\" style=\"display:block; height:auto;\">\n\t\t\n<style>\n#gap-1678442958 {\n  padding-top: 30px;\n}\n<\/style>\n\t<\/div>\n\t\n<h3>Kasutusjuhend<\/h3>\n<p><a href=\"https:\/\/espak.ee\/epood\/wp-content\/uploads\/Tikksaag-TC-JS-60-1-4321135.pdf\" target=\"_blank\" rel=\"noopener noreferrer\"><i class=\"far fa-file-pdf\"><\/i> Kasutusjuhend (PDF)<\/a><\/p>\n<div class=\"is-divider divider clearfix\" ><\/div>\n<p><strong>\u00dcksikasjalikuma n\u00f5u saamiseks v\u00f5tke \u00fchendust:<br \/><\/strong>Espak AS<br \/>Viadukti 42<br \/>11313<br \/>Tallinn<br \/>+372 6 512333<\/p>\n\t\t<\/div>\n\t\t\t\t\t<\/div>\n\n\t\n<\/div>\n","protected":false},"excerpt":{"rendered":"","protected":false},"featured_media":32432,"comment_status":"closed","ping_status":"open","template":"","meta":[],"product_brand":[],"product_cat":[2739,2680,2778,2679],"product_tag":[],"class_list":{"0":"post-21599","1":"product","2":"type-product","3":"status-publish","4":"has-post-thumbnail","6":"product_cat-elektrikasitooriistad","7":"product_cat-elektritooriistad","8":"product_cat-tikksaed","9":"product_cat-tooriistad","10":"pa_kaubamark-einhell","12":"first","13":"instock","14":"sale","15":"taxable","16":"shipping-taxable","17":"purchasable","18":"product-type-simple"},"yoast_head":"<!-- This site is optimized with the Yoast SEO plugin v26.9 - https:\/\/yoast.com\/product\/yoast-seo-wordpress\/ -->\n<title>TIKKSAAG EINHELL TC-JS 60\/1 - Espak E-pood<\/title>\n<meta name=\"description\" content=\"Tikksaag Einhell TC-JS 60\/1 teeb l\u00f5ikamis- ja saagimist\u00f6\u00f6 puhtaks, kiireks ja kvaliteetseks. Sobib puidu, plasti ja metalli jaoks.\" \/>\n<meta name=\"robots\" content=\"index, follow, max-snippet:-1, max-image-preview:large, max-video-preview:-1\" \/>\n<link rel=\"canonical\" href=\"https:\/\/espak.ee\/epood\/toode\/tikksaag-einhell-tc-js-60-1\/\" \/>\n<meta property=\"og:locale\" content=\"et_EE\" \/>\n<meta property=\"og:type\" content=\"article\" \/>\n<meta property=\"og:title\" content=\"TIKKSAAG EINHELL TC-JS 60\/1 - Espak E-pood\" \/>\n<meta property=\"og:description\" content=\"Tikksaag Einhell TC-JS 60\/1 teeb l\u00f5ikamis- ja saagimist\u00f6\u00f6 puhtaks, kiireks ja kvaliteetseks. Sobib puidu, plasti ja metalli jaoks.\" \/>\n<meta property=\"og:url\" content=\"https:\/\/espak.ee\/epood\/toode\/tikksaag-einhell-tc-js-60-1\/\" \/>\n<meta property=\"og:site_name\" content=\"Espak E-pood\" \/>\n<meta property=\"article:modified_time\" content=\"2026-02-14T16:37:02+00:00\" \/>\n<meta property=\"og:image\" content=\"https:\/\/espak.ee\/epood\/wp-content\/uploads\/4321135_11016_001_TC_JS_60_1_RAL3002_Pic-1024x992.jpg\" \/>\n\t<meta property=\"og:image:width\" content=\"1024\" \/>\n\t<meta property=\"og:image:height\" content=\"992\" \/>\n\t<meta property=\"og:image:type\" content=\"image\/jpeg\" \/>\n<meta name=\"twitter:card\" content=\"summary_large_image\" \/>\n<meta name=\"twitter:label1\" content=\"Est. reading time\" \/>\n\t<meta name=\"twitter:data1\" content=\"1 minut\" \/>\n<script type=\"application\/ld+json\" class=\"yoast-schema-graph\">{\"@context\":\"https:\/\/schema.org\",\"@graph\":[{\"@type\":\"WebPage\",\"@id\":\"https:\/\/espak.ee\/epood\/toode\/tikksaag-einhell-tc-js-60-1\/\",\"url\":\"https:\/\/espak.ee\/epood\/toode\/tikksaag-einhell-tc-js-60-1\/\",\"name\":\"TIKKSAAG EINHELL TC-JS 60\/1 - Espak E-pood\",\"isPartOf\":{\"@id\":\"https:\/\/espak.ee\/epood\/#website\"},\"primaryImageOfPage\":{\"@id\":\"https:\/\/espak.ee\/epood\/toode\/tikksaag-einhell-tc-js-60-1\/#primaryimage\"},\"image\":{\"@id\":\"https:\/\/espak.ee\/epood\/toode\/tikksaag-einhell-tc-js-60-1\/#primaryimage\"},\"thumbnailUrl\":\"https:\/\/espak.ee\/epood\/wp-content\/uploads\/4321135_11016_001_TC_JS_60_1_RAL3002_Pic.jpg\",\"datePublished\":\"2020-04-18T01:20:39+00:00\",\"dateModified\":\"2026-02-14T16:37:02+00:00\",\"description\":\"Tikksaag Einhell TC-JS 60\/1 teeb l\u00f5ikamis- ja saagimist\u00f6\u00f6 puhtaks, kiireks ja kvaliteetseks. Sobib puidu, plasti ja metalli jaoks.\",\"breadcrumb\":{\"@id\":\"https:\/\/espak.ee\/epood\/toode\/tikksaag-einhell-tc-js-60-1\/#breadcrumb\"},\"inLanguage\":\"et\",\"potentialAction\":[{\"@type\":\"ReadAction\",\"target\":[\"https:\/\/espak.ee\/epood\/toode\/tikksaag-einhell-tc-js-60-1\/\"]}]},{\"@type\":\"ImageObject\",\"inLanguage\":\"et\",\"@id\":\"https:\/\/espak.ee\/epood\/toode\/tikksaag-einhell-tc-js-60-1\/#primaryimage\",\"url\":\"https:\/\/espak.ee\/epood\/wp-content\/uploads\/4321135_11016_001_TC_JS_60_1_RAL3002_Pic.jpg\",\"contentUrl\":\"https:\/\/espak.ee\/epood\/wp-content\/uploads\/4321135_11016_001_TC_JS_60_1_RAL3002_Pic.jpg\",\"width\":1772,\"height\":1716},{\"@type\":\"BreadcrumbList\",\"@id\":\"https:\/\/espak.ee\/epood\/toode\/tikksaag-einhell-tc-js-60-1\/#breadcrumb\",\"itemListElement\":[{\"@type\":\"ListItem\",\"position\":1,\"name\":\"Home\",\"item\":\"https:\/\/espak.ee\/epood\/\"},{\"@type\":\"ListItem\",\"position\":2,\"name\":\"Tootevalik\",\"item\":\"https:\/\/espak.ee\/epood\/tootevalik\/\"},{\"@type\":\"ListItem\",\"position\":3,\"name\":\"TIKKSAAG EINHELL TC-JS 60\/1\"}]},{\"@type\":\"WebSite\",\"@id\":\"https:\/\/espak.ee\/epood\/#website\",\"url\":\"https:\/\/espak.ee\/epood\/\",\"name\":\"Espak E-pood\",\"description\":\"\",\"potentialAction\":[{\"@type\":\"SearchAction\",\"target\":{\"@type\":\"EntryPoint\",\"urlTemplate\":\"https:\/\/espak.ee\/epood\/?s={search_term_string}\"},\"query-input\":{\"@type\":\"PropertyValueSpecification\",\"valueRequired\":true,\"valueName\":\"search_term_string\"}}],\"inLanguage\":\"et\"}]}<\/script>\n<!-- \/ Yoast SEO plugin. -->","yoast_head_json":{"title":"TIKKSAAG EINHELL TC-JS 60\/1 - Espak E-pood","description":"Tikksaag Einhell TC-JS 60\/1 teeb l\u00f5ikamis- ja saagimist\u00f6\u00f6 puhtaks, kiireks ja kvaliteetseks. Sobib puidu, plasti ja metalli jaoks.","robots":{"index":"index","follow":"follow","max-snippet":"max-snippet:-1","max-image-preview":"max-image-preview:large","max-video-preview":"max-video-preview:-1"},"canonical":"https:\/\/espak.ee\/epood\/toode\/tikksaag-einhell-tc-js-60-1\/","og_locale":"et_EE","og_type":"article","og_title":"TIKKSAAG EINHELL TC-JS 60\/1 - Espak E-pood","og_description":"Tikksaag Einhell TC-JS 60\/1 teeb l\u00f5ikamis- ja saagimist\u00f6\u00f6 puhtaks, kiireks ja kvaliteetseks. Sobib puidu, plasti ja metalli jaoks.","og_url":"https:\/\/espak.ee\/epood\/toode\/tikksaag-einhell-tc-js-60-1\/","og_site_name":"Espak E-pood","article_modified_time":"2026-02-14T16:37:02+00:00","og_image":[{"width":1024,"height":992,"url":"https:\/\/espak.ee\/epood\/wp-content\/uploads\/4321135_11016_001_TC_JS_60_1_RAL3002_Pic-1024x992.jpg","type":"image\/jpeg"}],"twitter_card":"summary_large_image","twitter_misc":{"Est. reading time":"1 minut"},"schema":{"@context":"https:\/\/schema.org","@graph":[{"@type":"WebPage","@id":"https:\/\/espak.ee\/epood\/toode\/tikksaag-einhell-tc-js-60-1\/","url":"https:\/\/espak.ee\/epood\/toode\/tikksaag-einhell-tc-js-60-1\/","name":"TIKKSAAG EINHELL TC-JS 60\/1 - Espak E-pood","isPartOf":{"@id":"https:\/\/espak.ee\/epood\/#website"},"primaryImageOfPage":{"@id":"https:\/\/espak.ee\/epood\/toode\/tikksaag-einhell-tc-js-60-1\/#primaryimage"},"image":{"@id":"https:\/\/espak.ee\/epood\/toode\/tikksaag-einhell-tc-js-60-1\/#primaryimage"},"thumbnailUrl":"https:\/\/espak.ee\/epood\/wp-content\/uploads\/4321135_11016_001_TC_JS_60_1_RAL3002_Pic.jpg","datePublished":"2020-04-18T01:20:39+00:00","dateModified":"2026-02-14T16:37:02+00:00","description":"Tikksaag Einhell TC-JS 60\/1 teeb l\u00f5ikamis- ja saagimist\u00f6\u00f6 puhtaks, kiireks ja kvaliteetseks. Sobib puidu, plasti ja metalli jaoks.","breadcrumb":{"@id":"https:\/\/espak.ee\/epood\/toode\/tikksaag-einhell-tc-js-60-1\/#breadcrumb"},"inLanguage":"et","potentialAction":[{"@type":"ReadAction","target":["https:\/\/espak.ee\/epood\/toode\/tikksaag-einhell-tc-js-60-1\/"]}]},{"@type":"ImageObject","inLanguage":"et","@id":"https:\/\/espak.ee\/epood\/toode\/tikksaag-einhell-tc-js-60-1\/#primaryimage","url":"https:\/\/espak.ee\/epood\/wp-content\/uploads\/4321135_11016_001_TC_JS_60_1_RAL3002_Pic.jpg","contentUrl":"https:\/\/espak.ee\/epood\/wp-content\/uploads\/4321135_11016_001_TC_JS_60_1_RAL3002_Pic.jpg","width":1772,"height":1716},{"@type":"BreadcrumbList","@id":"https:\/\/espak.ee\/epood\/toode\/tikksaag-einhell-tc-js-60-1\/#breadcrumb","itemListElement":[{"@type":"ListItem","position":1,"name":"Home","item":"https:\/\/espak.ee\/epood\/"},{"@type":"ListItem","position":2,"name":"Tootevalik","item":"https:\/\/espak.ee\/epood\/tootevalik\/"},{"@type":"ListItem","position":3,"name":"TIKKSAAG EINHELL TC-JS 60\/1"}]},{"@type":"WebSite","@id":"https:\/\/espak.ee\/epood\/#website","url":"https:\/\/espak.ee\/epood\/","name":"Espak E-pood","description":"","potentialAction":[{"@type":"SearchAction","target":{"@type":"EntryPoint","urlTemplate":"https:\/\/espak.ee\/epood\/?s={search_term_string}"},"query-input":{"@type":"PropertyValueSpecification","valueRequired":true,"valueName":"search_term_string"}}],"inLanguage":"et"}]}},"_links":{"self":[{"href":"https:\/\/espak.ee\/epood\/wp-json\/wp\/v2\/product\/21599","targetHints":{"allow":["GET"]}}],"collection":[{"href":"https:\/\/espak.ee\/epood\/wp-json\/wp\/v2\/product"}],"about":[{"href":"https:\/\/espak.ee\/epood\/wp-json\/wp\/v2\/types\/product"}],"replies":[{"embeddable":true,"href":"https:\/\/espak.ee\/epood\/wp-json\/wp\/v2\/comments?post=21599"}],"wp:featuredmedia":[{"embeddable":true,"href":"https:\/\/espak.ee\/epood\/wp-json\/wp\/v2\/media\/32432"}],"wp:attachment":[{"href":"https:\/\/espak.ee\/epood\/wp-json\/wp\/v2\/media?parent=21599"}],"wp:term":[{"taxonomy":"product_brand","embeddable":true,"href":"https:\/\/espak.ee\/epood\/wp-json\/wp\/v2\/product_brand?post=21599"},{"taxonomy":"product_cat","embeddable":true,"href":"https:\/\/espak.ee\/epood\/wp-json\/wp\/v2\/product_cat?post=21599"},{"taxonomy":"product_tag","embeddable":true,"href":"https:\/\/espak.ee\/epood\/wp-json\/wp\/v2\/product_tag?post=21599"}],"curies":[{"name":"wp","href":"https:\/\/api.w.org\/{rel}","templated":true}]}}