{"id":215907,"date":"2024-10-30T05:10:02","date_gmt":"2024-10-30T03:10:02","guid":{"rendered":"https:\/\/espak.ee\/epood\/?post_type=product&#038;p=215907"},"modified":"2025-12-14T13:05:40","modified_gmt":"2025-12-14T11:05:40","slug":"jouludekoratsioon-puu-tuledega-ip44-120cm","status":"publish","type":"product","link":"https:\/\/espak.ee\/epood\/toode\/jouludekoratsioon-puu-tuledega-ip44-120cm\/","title":{"rendered":"J\u00d5ULUDEKORATSIOON PUU TULEDEGA IP44 120CM"},"content":{"rendered":"<div class=\"row\"  id=\"row-2128974223\">\n\n\t<div id=\"col-307052657\" class=\"col medium-9 small-12 large-9\"  >\n\t\t\t\t<div class=\"col-inner\"  >\n\t\t\t\n\t\t\t\n<h3>LED valgustatud puu, 120 cm, tuppa\/\u00f5ue, soe valge valgus Emos <\/h3>\n<p>Modernne valgustatud puu pajumotiiviga j\u00e4tab suurep\u00e4rase mulje igale k\u00fclalisele ja k\u00f5igile teie s\u00f5pradele. Puu on m\u00f5eldud \u00f5ues ja siseruumides kasutamiseks ning n\u00e4eb suurep\u00e4raselt v\u00e4lja ukse ees, r\u00f5dul, aias v\u00f5i elutoas. Selle pehme valgus helendab iga ruumi ja loob maagilise atmosf\u00e4\u00e4ri igasse kodu nurka.<\/p>\n<p>Valguse toon: soe valge<br \/>\nM\u00f5\u00f5tmed: 120 cm<br \/>\nKasutamine: sise- ja v\u00e4listingimustes<br \/>\nTaimer: ei<br \/>\nKaugjuhtimisseade: ei<br \/>\nToiteallika t\u00fc\u00fcp: vahelduvvooluadapter<br \/>\nLED-ide arv: 72<br \/>\nToiteliini pikkus: 3 m<br \/>\nKaabli v\u00e4rv: valge<br \/>\nv\u00f5imsus: 3,6 W<br \/>\nToiteallikas: 230 V vahelduvvool<br \/>\nV\u00e4ljundpinge: 12 V alalisvool<br \/>\nIP-reiting: IP44<br \/>\nEluaeg: 10 000 tundi<br \/>\nMaterjal: plast\/ metall\n <\/p>\n\t\t<\/div>\n\t\t\t\t\t<\/div>\n\n\t\n\n\t<div id=\"col-948221271\" class=\"col medium-3 small-12 large-3\"  >\n\t\t\t\t<div class=\"col-inner\"  >\n\t\t\t\n\t\t\t\n<h3>Kasutusjuhend<\/h3>\n<p><a href=\"https:\/\/espak.ee\/epood\/wp-content\/uploads\/2024\/10\/1550000083_31-DCTW13_00_01.pdf\"target=\"_blank\" rel=\"noopener noreferrer\"><i class=\"far fa-file-pdf\"><\/i> Kasutusjuhend (PDF)<\/a><\/p>\n\t<div id=\"gap-861494687\" class=\"gap-element clearfix\" style=\"display:block; height:auto;\">\n\t\t\n<style>\n#gap-861494687 {\n  padding-top: 30px;\n}\n<\/style>\n\t<\/div>\n\t\n<p><strong>\u00dcksikasjalikuma n\u00f5u saamiseks v\u00f5tke \u00fchendust:<br \/><\/strong>Espak AS<br \/>Viadukti 42<br \/>11313<br \/>Tallinn<br \/>+372 6 512333<\/p>\n\t\t<\/div>\n\t\t\t\t\t<\/div>\n\n\t\n<\/div>\n","protected":false},"excerpt":{"rendered":"","protected":false},"featured_media":216409,"comment_status":"closed","ping_status":"closed","template":"","meta":[],"product_brand":[],"product_cat":[2934,3306,3488,2959],"product_tag":[],"class_list":{"0":"post-215907","1":"product","2":"type-product","3":"status-publish","4":"has-post-thumbnail","6":"product_cat-elektrikaubad-ja-valgustid","7":"product_cat-jouluvalgustid","8":"product_cat-jouluvalgustid-jouluvalgustid","9":"product_cat-valgustid","10":"pa_kaubamark-emos-spol-s-r-o","12":"first","13":"instock","14":"sale","15":"taxable","16":"shipping-taxable","17":"purchasable","18":"product-type-simple"},"yoast_head":"<!-- This site is optimized with the Yoast SEO plugin v26.9 - https:\/\/yoast.com\/product\/yoast-seo-wordpress\/ -->\n<title>J\u00d5ULUDEKORATSIOON PUU TULEDEGA IP44 120CM - Espak E-pood<\/title>\n<meta name=\"robots\" content=\"index, follow, max-snippet:-1, max-image-preview:large, max-video-preview:-1\" \/>\n<link rel=\"canonical\" href=\"https:\/\/espak.ee\/epood\/toode\/jouludekoratsioon-puu-tuledega-ip44-120cm\/\" \/>\n<meta property=\"og:locale\" content=\"et_EE\" \/>\n<meta property=\"og:type\" content=\"article\" \/>\n<meta property=\"og:title\" content=\"J\u00d5ULUDEKORATSIOON PUU TULEDEGA IP44 120CM - Espak E-pood\" \/>\n<meta property=\"og:url\" content=\"https:\/\/espak.ee\/epood\/toode\/jouludekoratsioon-puu-tuledega-ip44-120cm\/\" \/>\n<meta property=\"og:site_name\" content=\"Espak E-pood\" \/>\n<meta property=\"article:modified_time\" content=\"2025-12-14T11:05:40+00:00\" \/>\n<meta property=\"og:image\" content=\"https:\/\/espak.ee\/epood\/wp-content\/uploads\/2024\/10\/2658146.jpg\" \/>\n\t<meta property=\"og:image:width\" content=\"1000\" \/>\n\t<meta property=\"og:image:height\" content=\"1000\" \/>\n\t<meta property=\"og:image:type\" content=\"image\/jpeg\" \/>\n<meta name=\"twitter:card\" content=\"summary_large_image\" \/>\n<meta name=\"twitter:label1\" content=\"Est. reading time\" \/>\n\t<meta name=\"twitter:data1\" content=\"1 minut\" \/>\n<script type=\"application\/ld+json\" class=\"yoast-schema-graph\">{\"@context\":\"https:\/\/schema.org\",\"@graph\":[{\"@type\":\"WebPage\",\"@id\":\"https:\/\/espak.ee\/epood\/toode\/jouludekoratsioon-puu-tuledega-ip44-120cm\/\",\"url\":\"https:\/\/espak.ee\/epood\/toode\/jouludekoratsioon-puu-tuledega-ip44-120cm\/\",\"name\":\"J\u00d5ULUDEKORATSIOON PUU TULEDEGA IP44 120CM - Espak E-pood\",\"isPartOf\":{\"@id\":\"https:\/\/espak.ee\/epood\/#website\"},\"primaryImageOfPage\":{\"@id\":\"https:\/\/espak.ee\/epood\/toode\/jouludekoratsioon-puu-tuledega-ip44-120cm\/#primaryimage\"},\"image\":{\"@id\":\"https:\/\/espak.ee\/epood\/toode\/jouludekoratsioon-puu-tuledega-ip44-120cm\/#primaryimage\"},\"thumbnailUrl\":\"https:\/\/espak.ee\/epood\/wp-content\/uploads\/2024\/10\/2658146.jpg\",\"datePublished\":\"2024-10-30T03:10:02+00:00\",\"dateModified\":\"2025-12-14T11:05:40+00:00\",\"breadcrumb\":{\"@id\":\"https:\/\/espak.ee\/epood\/toode\/jouludekoratsioon-puu-tuledega-ip44-120cm\/#breadcrumb\"},\"inLanguage\":\"et\",\"potentialAction\":[{\"@type\":\"ReadAction\",\"target\":[\"https:\/\/espak.ee\/epood\/toode\/jouludekoratsioon-puu-tuledega-ip44-120cm\/\"]}]},{\"@type\":\"ImageObject\",\"inLanguage\":\"et\",\"@id\":\"https:\/\/espak.ee\/epood\/toode\/jouludekoratsioon-puu-tuledega-ip44-120cm\/#primaryimage\",\"url\":\"https:\/\/espak.ee\/epood\/wp-content\/uploads\/2024\/10\/2658146.jpg\",\"contentUrl\":\"https:\/\/espak.ee\/epood\/wp-content\/uploads\/2024\/10\/2658146.jpg\",\"width\":1000,\"height\":1000},{\"@type\":\"BreadcrumbList\",\"@id\":\"https:\/\/espak.ee\/epood\/toode\/jouludekoratsioon-puu-tuledega-ip44-120cm\/#breadcrumb\",\"itemListElement\":[{\"@type\":\"ListItem\",\"position\":1,\"name\":\"Home\",\"item\":\"https:\/\/espak.ee\/epood\/\"},{\"@type\":\"ListItem\",\"position\":2,\"name\":\"Tootevalik\",\"item\":\"https:\/\/espak.ee\/epood\/tootevalik\/\"},{\"@type\":\"ListItem\",\"position\":3,\"name\":\"J\u00d5ULUDEKORATSIOON PUU TULEDEGA IP44 120CM\"}]},{\"@type\":\"WebSite\",\"@id\":\"https:\/\/espak.ee\/epood\/#website\",\"url\":\"https:\/\/espak.ee\/epood\/\",\"name\":\"Espak E-pood\",\"description\":\"\",\"potentialAction\":[{\"@type\":\"SearchAction\",\"target\":{\"@type\":\"EntryPoint\",\"urlTemplate\":\"https:\/\/espak.ee\/epood\/?s={search_term_string}\"},\"query-input\":{\"@type\":\"PropertyValueSpecification\",\"valueRequired\":true,\"valueName\":\"search_term_string\"}}],\"inLanguage\":\"et\"}]}<\/script>\n<!-- \/ Yoast SEO plugin. -->","yoast_head_json":{"title":"J\u00d5ULUDEKORATSIOON PUU TULEDEGA IP44 120CM - Espak E-pood","robots":{"index":"index","follow":"follow","max-snippet":"max-snippet:-1","max-image-preview":"max-image-preview:large","max-video-preview":"max-video-preview:-1"},"canonical":"https:\/\/espak.ee\/epood\/toode\/jouludekoratsioon-puu-tuledega-ip44-120cm\/","og_locale":"et_EE","og_type":"article","og_title":"J\u00d5ULUDEKORATSIOON PUU TULEDEGA IP44 120CM - Espak E-pood","og_url":"https:\/\/espak.ee\/epood\/toode\/jouludekoratsioon-puu-tuledega-ip44-120cm\/","og_site_name":"Espak E-pood","article_modified_time":"2025-12-14T11:05:40+00:00","og_image":[{"width":1000,"height":1000,"url":"https:\/\/espak.ee\/epood\/wp-content\/uploads\/2024\/10\/2658146.jpg","type":"image\/jpeg"}],"twitter_card":"summary_large_image","twitter_misc":{"Est. reading time":"1 minut"},"schema":{"@context":"https:\/\/schema.org","@graph":[{"@type":"WebPage","@id":"https:\/\/espak.ee\/epood\/toode\/jouludekoratsioon-puu-tuledega-ip44-120cm\/","url":"https:\/\/espak.ee\/epood\/toode\/jouludekoratsioon-puu-tuledega-ip44-120cm\/","name":"J\u00d5ULUDEKORATSIOON PUU TULEDEGA IP44 120CM - Espak E-pood","isPartOf":{"@id":"https:\/\/espak.ee\/epood\/#website"},"primaryImageOfPage":{"@id":"https:\/\/espak.ee\/epood\/toode\/jouludekoratsioon-puu-tuledega-ip44-120cm\/#primaryimage"},"image":{"@id":"https:\/\/espak.ee\/epood\/toode\/jouludekoratsioon-puu-tuledega-ip44-120cm\/#primaryimage"},"thumbnailUrl":"https:\/\/espak.ee\/epood\/wp-content\/uploads\/2024\/10\/2658146.jpg","datePublished":"2024-10-30T03:10:02+00:00","dateModified":"2025-12-14T11:05:40+00:00","breadcrumb":{"@id":"https:\/\/espak.ee\/epood\/toode\/jouludekoratsioon-puu-tuledega-ip44-120cm\/#breadcrumb"},"inLanguage":"et","potentialAction":[{"@type":"ReadAction","target":["https:\/\/espak.ee\/epood\/toode\/jouludekoratsioon-puu-tuledega-ip44-120cm\/"]}]},{"@type":"ImageObject","inLanguage":"et","@id":"https:\/\/espak.ee\/epood\/toode\/jouludekoratsioon-puu-tuledega-ip44-120cm\/#primaryimage","url":"https:\/\/espak.ee\/epood\/wp-content\/uploads\/2024\/10\/2658146.jpg","contentUrl":"https:\/\/espak.ee\/epood\/wp-content\/uploads\/2024\/10\/2658146.jpg","width":1000,"height":1000},{"@type":"BreadcrumbList","@id":"https:\/\/espak.ee\/epood\/toode\/jouludekoratsioon-puu-tuledega-ip44-120cm\/#breadcrumb","itemListElement":[{"@type":"ListItem","position":1,"name":"Home","item":"https:\/\/espak.ee\/epood\/"},{"@type":"ListItem","position":2,"name":"Tootevalik","item":"https:\/\/espak.ee\/epood\/tootevalik\/"},{"@type":"ListItem","position":3,"name":"J\u00d5ULUDEKORATSIOON PUU TULEDEGA IP44 120CM"}]},{"@type":"WebSite","@id":"https:\/\/espak.ee\/epood\/#website","url":"https:\/\/espak.ee\/epood\/","name":"Espak E-pood","description":"","potentialAction":[{"@type":"SearchAction","target":{"@type":"EntryPoint","urlTemplate":"https:\/\/espak.ee\/epood\/?s={search_term_string}"},"query-input":{"@type":"PropertyValueSpecification","valueRequired":true,"valueName":"search_term_string"}}],"inLanguage":"et"}]}},"_links":{"self":[{"href":"https:\/\/espak.ee\/epood\/wp-json\/wp\/v2\/product\/215907","targetHints":{"allow":["GET"]}}],"collection":[{"href":"https:\/\/espak.ee\/epood\/wp-json\/wp\/v2\/product"}],"about":[{"href":"https:\/\/espak.ee\/epood\/wp-json\/wp\/v2\/types\/product"}],"replies":[{"embeddable":true,"href":"https:\/\/espak.ee\/epood\/wp-json\/wp\/v2\/comments?post=215907"}],"wp:featuredmedia":[{"embeddable":true,"href":"https:\/\/espak.ee\/epood\/wp-json\/wp\/v2\/media\/216409"}],"wp:attachment":[{"href":"https:\/\/espak.ee\/epood\/wp-json\/wp\/v2\/media?parent=215907"}],"wp:term":[{"taxonomy":"product_brand","embeddable":true,"href":"https:\/\/espak.ee\/epood\/wp-json\/wp\/v2\/product_brand?post=215907"},{"taxonomy":"product_cat","embeddable":true,"href":"https:\/\/espak.ee\/epood\/wp-json\/wp\/v2\/product_cat?post=215907"},{"taxonomy":"product_tag","embeddable":true,"href":"https:\/\/espak.ee\/epood\/wp-json\/wp\/v2\/product_tag?post=215907"}],"curies":[{"name":"wp","href":"https:\/\/api.w.org\/{rel}","templated":true}]}}