{"id":21586,"date":"2020-04-18T04:20:34","date_gmt":"2020-04-18T01:20:34","guid":{"rendered":"https:\/\/espak.ee\/hinnakiri\/?post_type=product&#038;p=21586"},"modified":"2024-03-22T23:38:12","modified_gmt":"2024-03-22T21:38:12","slug":"akujarkamisaag-einhell-te-ms-18-210-solo","status":"publish","type":"product","link":"https:\/\/espak.ee\/epood\/toode\/akujarkamisaag-einhell-te-ms-18-210-solo\/","title":{"rendered":"AKUJ\u00c4RKAMISAAG EINHELL TE-MS 18\/210 SOLO"},"content":{"rendered":"<div class=\"row\"  id=\"row-102677152\">\n\n\t<div id=\"col-1076739878\" class=\"col medium-9 small-12 large-9\"  >\n\t\t\t\t<div class=\"col-inner\"  >\n\t\t\t\n\t\t\t\n<div class=\"message-box relative\" style=\"padding-top:15px;padding-bottom:15px;\"><div class=\"message-box-bg-image bg-fill fill\" ><\/div><div class=\"message-box-bg-overlay bg-fill fill\" ><\/div><div class=\"container relative\"><div class=\"inner last-reset\">\n<div class=\"row align-middle align-center\"  id=\"row-987674878\">\n\n\t<div id=\"col-174666901\" class=\"col small-12 large-12\"  >\n\t\t\t\t<div class=\"col-inner text-left\"  >\n\t\t\t\n\t\t\t\n<h4>Omadused<\/h4>\n<div class=\"row\"  id=\"row-743022823\">\n\n\t<div id=\"col-1860251110\" class=\"col medium-6 small-12 large-6\"  >\n\t\t\t\t<div class=\"col-inner\"  >\n\t\t\t\n\t\t\t\n<p><i class=\"far fa-check-circle fa-2x\"><\/i><strong>\u00a0Power X-Change\u00b4i tootepere liige<\/strong><\/p>\n<p><i class=\"far fa-check-circle fa-2x\"><\/i><strong> Kompaktne kerge ehitus ja k\u00e4epide teisaldamise lihtsustamiseks\u00a0<\/strong><\/p>\n<p><i class=\"far fa-check-circle fa-2x\"><\/i><strong> Saagimispea vasakule ja paremale kallutamine kaldu l\u00f5ikamiseks <\/strong><\/p>\n<p><i class=\"far fa-check-circle fa-2x\"><\/i><strong> Kvaliteetne t\u00e4pne saeketas, mis on v\u00e4lja t\u00f6\u00f6tatud akuotsamissaagide jaoks\u00a0<\/strong><\/p>\n<p><i class=\"far fa-check-circle fa-2x\"><\/i><strong> Kinnitusrakis tooriku kindlalt paigal hoidmiseks\u00a0<\/strong><\/p>\n<p><i class=\"far fa-check-circle fa-2x\"><\/i><strong> Soovituslik aku v\u00e4hemalt PXC 2,5 Ah\u00a0<\/strong><\/p>\n\t\t<\/div>\n\t\t\t\t\n<style>\n#col-1860251110 > .col-inner {\n  margin: 0px 0px 15px 0px;\n}\n<\/style>\n\t<\/div>\n\n\t\n\n\t<div id=\"col-1901095781\" class=\"col medium-6 small-12 large-6\"  >\n\t\t\t\t<div class=\"col-inner\"  >\n\t\t\t\n\t\t\t\n<p><i class=\"far fa-check-circle fa-2x\"><\/i><strong> Piirideta tegevusulatus \u2013 puuduvad t\u00fc\u00fctud kaablid, mida kerida <\/strong><\/p>\n<p><i class=\"far fa-check-circle fa-2x\"><\/i><strong> Nurga seadistusega p\u00f6\u00f6rdlaud t\u00e4psete nurkl\u00f5igete tegemiseks\u00a0<\/strong><\/p>\n<p><i class=\"far fa-check-circle fa-2x\"><\/i><strong> T\u00f6\u00f6laua laiendid X-Tend \u00fche k\u00e4ega t\u00f6\u00f6tamise v\u00f5imaldamiseks\u00a0<\/strong><\/p>\n<p><i class=\"far fa-check-circle fa-2x\"><\/i><strong> Laser ja valgusdiood lihtsaks ja ohutuks kasutamiseks <\/strong><\/p>\n<p><i class=\"far fa-check-circle fa-2x\"><\/i><strong> Kaasas saepurukott t\u00f6\u00f6koha puhtana hoidmiseks\u00a0<\/strong><\/p>\n\t\t<\/div>\n\t\t\t\t\n<style>\n#col-1901095781 > .col-inner {\n  margin: 0px 0px 15px 0px;\n}\n<\/style>\n\t<\/div>\n\n\t\n<\/div>\n\t\t<\/div>\n\t\t\t\t\t<\/div>\n\n\t\n<\/div>\n<\/div><\/div><\/div>\n\t<div id=\"gap-1486291375\" class=\"gap-element clearfix\" style=\"display:block; height:auto;\">\n\t\t\n<style>\n#gap-1486291375 {\n  padding-top: 30px;\n}\n<\/style>\n\t<\/div>\n\t\n<h2>Tootekirjeldus<\/h2>\n<p> Einhelli akuj\u00e4rksamissaag TE-MS 18\/210 Li SOLO j\u00e4tab takerdunud kaablid, komistamisohud, t\u00fc\u00fctu tagasikerimise ja t\u00f6\u00f6piirkonna piiratuse minevikku. Power X-Change\u00b4i tootepere liikmena on j\u00e4rkamis- ja miiusaag mitmek\u00fclgne t\u00f6\u00f6riist kasutamiseks t\u00f6\u00f6ruumis, garaa\u017eis ja hobiruumis. Laetavat akut saab kasutada ka k\u00f5igis teistes s\u00fcsteemisarja seadmetes. Kiire seadistamine v\u00f5imaldab peaaegu vaevata t\u00f6\u00f6tada selliste materjalidega nagu puit, tahvlid, igasugused plastmassid v\u00f5i p\u00f5randaplaadid. P\u00f6\u00f6rdelaual on n\u00e4iteks nurga seadmise v\u00f5imalus t\u00e4psete nurkl\u00f5igete tegemiseks. Saagimispead saab kallutada vasakule t\u00e4psete kaldl\u00f5igete tegemiseks. T\u00f6\u00f6laua laienduste X-Tend s\u00e4tteid saab kohandada vaid \u00fche k\u00e4ega ilma t\u00f6\u00f6riistu kasutamata. Korduvaks sama m\u00f5\u00f5duga l\u00f5ikamiseks on seadmel sisseehitatud pikkuse t\u00f5kis. Kvaliteetne karbiidteradega t\u00e4pne saeketas on v\u00e4lja t\u00f6\u00f6tatud spetsiaalselt akusaagide jaoks. L\u00f5ikejoone laser ja dioodvalgustus v\u00f5imaldavad t\u00f6\u00f6tada kiiresti, kuid ohutult. Tooriku kindlaks kinnitamiseks on seadmel sisseehitatud kinnitusrakis. Saepurukott v\u00f5i laastude v\u00e4ljat\u00f5mbes\u00fcsteem (\u00fchendusotsak \u00d8\u00a036\u00a0mm) aitavad hoida t\u00f6\u00f6koha puhtana ja korras ning takistavad tolmu \u00f5hku paiskumist. Kompaktne ja kerge ehitus ning kandek\u00e4epide teevad selle teisaldamise lihtsaks. Toode tarnitakse akuta ja akulaadurita. Need on saadaval eraldi. <\/p>\n\t<div id=\"gap-1638586332\" class=\"gap-element clearfix\" style=\"display:block; height:auto;\">\n\t\t\n<style>\n#gap-1638586332 {\n  padding-top: 30px;\n}\n<\/style>\n\t<\/div>\n\t\n\t\t<\/div>\n\t\t\t\t\t<\/div>\n\n\t\n\n\t<div id=\"col-530810137\" class=\"col medium-3 small-12 large-3\"  >\n\t\t\t\t<div class=\"col-inner\"  >\n\t\t\t\n\t\t\t\n<img decoding=\"async\" src=\"https:\/\/espak.ee\/epood\/wp-content\/uploads\/2020\/04\/Power-x-change-logo.jpg\" alt=\"\" width=\"1772\" height=\"343\" class=\"alignnone size-full wp-image-97311\" srcset=\"https:\/\/espak.ee\/epood\/wp-content\/uploads\/2020\/04\/Power-x-change-logo.jpg 1772w, https:\/\/espak.ee\/epood\/wp-content\/uploads\/2020\/04\/Power-x-change-logo-500x97.jpg 500w, https:\/\/espak.ee\/epood\/wp-content\/uploads\/2020\/04\/Power-x-change-logo-769x149.jpg 769w, https:\/\/espak.ee\/epood\/wp-content\/uploads\/2020\/04\/Power-x-change-logo-300x58.jpg 300w, https:\/\/espak.ee\/epood\/wp-content\/uploads\/2020\/04\/Power-x-change-logo-1024x198.jpg 1024w, https:\/\/espak.ee\/epood\/wp-content\/uploads\/2020\/04\/Power-x-change-logo-150x29.jpg 150w, https:\/\/espak.ee\/epood\/wp-content\/uploads\/2020\/04\/Power-x-change-logo-768x149.jpg 768w, https:\/\/espak.ee\/epood\/wp-content\/uploads\/2020\/04\/Power-x-change-logo-1536x297.jpg 1536w\" sizes=\"(max-width: 1772px) 100vw, 1772px\" \/><br \/>\n<div class=\"is-divider divider clearfix\" ><\/div>\n<h3>Kasutusjuhend<\/h3>\n<p><a href=\"https:\/\/espak.ee\/epood\/wp-content\/uploads\/Akuj\u00e4rkamissaag-TE-MS-18-210-Li-Solo-4300890.pdf\" target=\"_blank\" rel=\"noopener noreferrer\"><i class=\"far fa-file-pdf\"><\/i> Kasutusjuhend (PDF)<\/a><\/p>\n<div class=\"is-divider divider clearfix\" ><\/div>\n<p><strong>\u00dcksikasjalikuma n\u00f5u saamiseks v\u00f5tke \u00fchendust:<br \/><\/strong>Espak AS<br \/>Viadukti 42<br \/>11313<br \/>Tallinn<br \/>+372 6 512333<\/p>\n\t\t<\/div>\n\t\t\t\t\t<\/div>\n\n\t\n<\/div>\n","protected":false},"excerpt":{"rendered":"","protected":false},"featured_media":32362,"comment_status":"closed","ping_status":"closed","template":"","meta":[],"product_brand":[],"product_cat":[4519,2733,2680,2679],"product_tag":[],"class_list":{"0":"post-21586","1":"product","2":"type-product","3":"status-publish","4":"has-post-thumbnail","6":"product_cat-akujarkamissaed","7":"product_cat-akutooriistad","8":"product_cat-elektritooriistad","9":"product_cat-tooriistad","10":"pa_kaubamark-einhell","12":"first","13":"instock","14":"sale","15":"taxable","16":"shipping-taxable","17":"purchasable","18":"product-type-simple"},"yoast_head":"<!-- This site is optimized with the Yoast SEO plugin v26.9 - https:\/\/yoast.com\/product\/yoast-seo-wordpress\/ -->\n<title>AKUJ\u00c4RKAMISAAG EINHELL TE-MS 18\/210 SOLO - Espak E-pood<\/title>\n<meta name=\"description\" content=\"Einhelli akuj\u00e4rkamissaag TE-MS 18\/210 Li SOLO j\u00e4tab takerdunud kaablid, komistamisohud, t\u00fc\u00fctu tagasikerimise ja t\u00f6\u00f6piirkonna piiratuse minevikku.\" \/>\n<meta name=\"robots\" content=\"index, follow, max-snippet:-1, max-image-preview:large, max-video-preview:-1\" \/>\n<link rel=\"canonical\" href=\"https:\/\/espak.ee\/epood\/toode\/akujarkamisaag-einhell-te-ms-18-210-solo\/\" \/>\n<meta property=\"og:locale\" content=\"et_EE\" \/>\n<meta property=\"og:type\" content=\"article\" \/>\n<meta property=\"og:title\" content=\"AKUJ\u00c4RKAMISAAG EINHELL TE-MS 18\/210 SOLO - Espak E-pood\" \/>\n<meta property=\"og:description\" content=\"Einhelli akuj\u00e4rkamissaag TE-MS 18\/210 Li SOLO j\u00e4tab takerdunud kaablid, komistamisohud, t\u00fc\u00fctu tagasikerimise ja t\u00f6\u00f6piirkonna piiratuse minevikku.\" \/>\n<meta property=\"og:url\" content=\"https:\/\/espak.ee\/epood\/toode\/akujarkamisaag-einhell-te-ms-18-210-solo\/\" \/>\n<meta property=\"og:site_name\" content=\"Espak E-pood\" \/>\n<meta property=\"article:modified_time\" content=\"2024-03-22T21:38:12+00:00\" \/>\n<meta property=\"og:image\" content=\"https:\/\/espak.ee\/epood\/wp-content\/uploads\/4300890_11017_001_TE_MS_18_210_Li_Solo_RAL3002_Pic-993x1024.jpg\" \/>\n\t<meta property=\"og:image:width\" content=\"993\" \/>\n\t<meta property=\"og:image:height\" content=\"1024\" \/>\n\t<meta property=\"og:image:type\" content=\"image\/jpeg\" \/>\n<meta name=\"twitter:card\" content=\"summary_large_image\" \/>\n<meta name=\"twitter:label1\" content=\"Est. reading time\" \/>\n\t<meta name=\"twitter:data1\" content=\"2 minutit\" \/>\n<script type=\"application\/ld+json\" class=\"yoast-schema-graph\">{\"@context\":\"https:\/\/schema.org\",\"@graph\":[{\"@type\":\"WebPage\",\"@id\":\"https:\/\/espak.ee\/epood\/toode\/akujarkamisaag-einhell-te-ms-18-210-solo\/\",\"url\":\"https:\/\/espak.ee\/epood\/toode\/akujarkamisaag-einhell-te-ms-18-210-solo\/\",\"name\":\"AKUJ\u00c4RKAMISAAG EINHELL TE-MS 18\/210 SOLO - Espak E-pood\",\"isPartOf\":{\"@id\":\"https:\/\/espak.ee\/epood\/#website\"},\"primaryImageOfPage\":{\"@id\":\"https:\/\/espak.ee\/epood\/toode\/akujarkamisaag-einhell-te-ms-18-210-solo\/#primaryimage\"},\"image\":{\"@id\":\"https:\/\/espak.ee\/epood\/toode\/akujarkamisaag-einhell-te-ms-18-210-solo\/#primaryimage\"},\"thumbnailUrl\":\"https:\/\/espak.ee\/epood\/wp-content\/uploads\/4300890_11017_001_TE_MS_18_210_Li_Solo_RAL3002_Pic.jpg\",\"datePublished\":\"2020-04-18T01:20:34+00:00\",\"dateModified\":\"2024-03-22T21:38:12+00:00\",\"description\":\"Einhelli akuj\u00e4rkamissaag TE-MS 18\/210 Li SOLO j\u00e4tab takerdunud kaablid, komistamisohud, t\u00fc\u00fctu tagasikerimise ja t\u00f6\u00f6piirkonna piiratuse minevikku.\",\"breadcrumb\":{\"@id\":\"https:\/\/espak.ee\/epood\/toode\/akujarkamisaag-einhell-te-ms-18-210-solo\/#breadcrumb\"},\"inLanguage\":\"et\",\"potentialAction\":[{\"@type\":\"ReadAction\",\"target\":[\"https:\/\/espak.ee\/epood\/toode\/akujarkamisaag-einhell-te-ms-18-210-solo\/\"]}]},{\"@type\":\"ImageObject\",\"inLanguage\":\"et\",\"@id\":\"https:\/\/espak.ee\/epood\/toode\/akujarkamisaag-einhell-te-ms-18-210-solo\/#primaryimage\",\"url\":\"https:\/\/espak.ee\/epood\/wp-content\/uploads\/4300890_11017_001_TE_MS_18_210_Li_Solo_RAL3002_Pic.jpg\",\"contentUrl\":\"https:\/\/espak.ee\/epood\/wp-content\/uploads\/4300890_11017_001_TE_MS_18_210_Li_Solo_RAL3002_Pic.jpg\",\"width\":1718,\"height\":1772},{\"@type\":\"BreadcrumbList\",\"@id\":\"https:\/\/espak.ee\/epood\/toode\/akujarkamisaag-einhell-te-ms-18-210-solo\/#breadcrumb\",\"itemListElement\":[{\"@type\":\"ListItem\",\"position\":1,\"name\":\"Home\",\"item\":\"https:\/\/espak.ee\/epood\/\"},{\"@type\":\"ListItem\",\"position\":2,\"name\":\"Tootevalik\",\"item\":\"https:\/\/espak.ee\/epood\/tootevalik\/\"},{\"@type\":\"ListItem\",\"position\":3,\"name\":\"AKUJ\u00c4RKAMISAAG EINHELL TE-MS 18\/210 SOLO\"}]},{\"@type\":\"WebSite\",\"@id\":\"https:\/\/espak.ee\/epood\/#website\",\"url\":\"https:\/\/espak.ee\/epood\/\",\"name\":\"Espak E-pood\",\"description\":\"\",\"potentialAction\":[{\"@type\":\"SearchAction\",\"target\":{\"@type\":\"EntryPoint\",\"urlTemplate\":\"https:\/\/espak.ee\/epood\/?s={search_term_string}\"},\"query-input\":{\"@type\":\"PropertyValueSpecification\",\"valueRequired\":true,\"valueName\":\"search_term_string\"}}],\"inLanguage\":\"et\"}]}<\/script>\n<!-- \/ Yoast SEO plugin. -->","yoast_head_json":{"title":"AKUJ\u00c4RKAMISAAG EINHELL TE-MS 18\/210 SOLO - Espak E-pood","description":"Einhelli akuj\u00e4rkamissaag TE-MS 18\/210 Li SOLO j\u00e4tab takerdunud kaablid, komistamisohud, t\u00fc\u00fctu tagasikerimise ja t\u00f6\u00f6piirkonna piiratuse minevikku.","robots":{"index":"index","follow":"follow","max-snippet":"max-snippet:-1","max-image-preview":"max-image-preview:large","max-video-preview":"max-video-preview:-1"},"canonical":"https:\/\/espak.ee\/epood\/toode\/akujarkamisaag-einhell-te-ms-18-210-solo\/","og_locale":"et_EE","og_type":"article","og_title":"AKUJ\u00c4RKAMISAAG EINHELL TE-MS 18\/210 SOLO - Espak E-pood","og_description":"Einhelli akuj\u00e4rkamissaag TE-MS 18\/210 Li SOLO j\u00e4tab takerdunud kaablid, komistamisohud, t\u00fc\u00fctu tagasikerimise ja t\u00f6\u00f6piirkonna piiratuse minevikku.","og_url":"https:\/\/espak.ee\/epood\/toode\/akujarkamisaag-einhell-te-ms-18-210-solo\/","og_site_name":"Espak E-pood","article_modified_time":"2024-03-22T21:38:12+00:00","og_image":[{"width":993,"height":1024,"url":"https:\/\/espak.ee\/epood\/wp-content\/uploads\/4300890_11017_001_TE_MS_18_210_Li_Solo_RAL3002_Pic-993x1024.jpg","type":"image\/jpeg"}],"twitter_card":"summary_large_image","twitter_misc":{"Est. reading time":"2 minutit"},"schema":{"@context":"https:\/\/schema.org","@graph":[{"@type":"WebPage","@id":"https:\/\/espak.ee\/epood\/toode\/akujarkamisaag-einhell-te-ms-18-210-solo\/","url":"https:\/\/espak.ee\/epood\/toode\/akujarkamisaag-einhell-te-ms-18-210-solo\/","name":"AKUJ\u00c4RKAMISAAG EINHELL TE-MS 18\/210 SOLO - Espak E-pood","isPartOf":{"@id":"https:\/\/espak.ee\/epood\/#website"},"primaryImageOfPage":{"@id":"https:\/\/espak.ee\/epood\/toode\/akujarkamisaag-einhell-te-ms-18-210-solo\/#primaryimage"},"image":{"@id":"https:\/\/espak.ee\/epood\/toode\/akujarkamisaag-einhell-te-ms-18-210-solo\/#primaryimage"},"thumbnailUrl":"https:\/\/espak.ee\/epood\/wp-content\/uploads\/4300890_11017_001_TE_MS_18_210_Li_Solo_RAL3002_Pic.jpg","datePublished":"2020-04-18T01:20:34+00:00","dateModified":"2024-03-22T21:38:12+00:00","description":"Einhelli akuj\u00e4rkamissaag TE-MS 18\/210 Li SOLO j\u00e4tab takerdunud kaablid, komistamisohud, t\u00fc\u00fctu tagasikerimise ja t\u00f6\u00f6piirkonna piiratuse minevikku.","breadcrumb":{"@id":"https:\/\/espak.ee\/epood\/toode\/akujarkamisaag-einhell-te-ms-18-210-solo\/#breadcrumb"},"inLanguage":"et","potentialAction":[{"@type":"ReadAction","target":["https:\/\/espak.ee\/epood\/toode\/akujarkamisaag-einhell-te-ms-18-210-solo\/"]}]},{"@type":"ImageObject","inLanguage":"et","@id":"https:\/\/espak.ee\/epood\/toode\/akujarkamisaag-einhell-te-ms-18-210-solo\/#primaryimage","url":"https:\/\/espak.ee\/epood\/wp-content\/uploads\/4300890_11017_001_TE_MS_18_210_Li_Solo_RAL3002_Pic.jpg","contentUrl":"https:\/\/espak.ee\/epood\/wp-content\/uploads\/4300890_11017_001_TE_MS_18_210_Li_Solo_RAL3002_Pic.jpg","width":1718,"height":1772},{"@type":"BreadcrumbList","@id":"https:\/\/espak.ee\/epood\/toode\/akujarkamisaag-einhell-te-ms-18-210-solo\/#breadcrumb","itemListElement":[{"@type":"ListItem","position":1,"name":"Home","item":"https:\/\/espak.ee\/epood\/"},{"@type":"ListItem","position":2,"name":"Tootevalik","item":"https:\/\/espak.ee\/epood\/tootevalik\/"},{"@type":"ListItem","position":3,"name":"AKUJ\u00c4RKAMISAAG EINHELL TE-MS 18\/210 SOLO"}]},{"@type":"WebSite","@id":"https:\/\/espak.ee\/epood\/#website","url":"https:\/\/espak.ee\/epood\/","name":"Espak E-pood","description":"","potentialAction":[{"@type":"SearchAction","target":{"@type":"EntryPoint","urlTemplate":"https:\/\/espak.ee\/epood\/?s={search_term_string}"},"query-input":{"@type":"PropertyValueSpecification","valueRequired":true,"valueName":"search_term_string"}}],"inLanguage":"et"}]}},"_links":{"self":[{"href":"https:\/\/espak.ee\/epood\/wp-json\/wp\/v2\/product\/21586","targetHints":{"allow":["GET"]}}],"collection":[{"href":"https:\/\/espak.ee\/epood\/wp-json\/wp\/v2\/product"}],"about":[{"href":"https:\/\/espak.ee\/epood\/wp-json\/wp\/v2\/types\/product"}],"replies":[{"embeddable":true,"href":"https:\/\/espak.ee\/epood\/wp-json\/wp\/v2\/comments?post=21586"}],"wp:featuredmedia":[{"embeddable":true,"href":"https:\/\/espak.ee\/epood\/wp-json\/wp\/v2\/media\/32362"}],"wp:attachment":[{"href":"https:\/\/espak.ee\/epood\/wp-json\/wp\/v2\/media?parent=21586"}],"wp:term":[{"taxonomy":"product_brand","embeddable":true,"href":"https:\/\/espak.ee\/epood\/wp-json\/wp\/v2\/product_brand?post=21586"},{"taxonomy":"product_cat","embeddable":true,"href":"https:\/\/espak.ee\/epood\/wp-json\/wp\/v2\/product_cat?post=21586"},{"taxonomy":"product_tag","embeddable":true,"href":"https:\/\/espak.ee\/epood\/wp-json\/wp\/v2\/product_tag?post=21586"}],"curies":[{"name":"wp","href":"https:\/\/api.w.org\/{rel}","templated":true}]}}