{"id":21579,"date":"2020-04-18T04:20:29","date_gmt":"2020-04-18T01:20:29","guid":{"rendered":"https:\/\/espak.ee\/hinnakiri\/?post_type=product&#038;p=21579"},"modified":"2024-03-22T23:38:15","modified_gmt":"2024-03-22T21:38:15","slug":"jarkamissaag-einhell-tc-sm-254","status":"publish","type":"product","link":"https:\/\/espak.ee\/epood\/toode\/jarkamissaag-einhell-tc-sm-254\/","title":{"rendered":"J\u00c4RKAMISSAAG EINHELL TC-SM 254"},"content":{"rendered":"<div class=\"row\"  id=\"row-1107920284\">\n\n\t<div id=\"col-1606654459\" class=\"col medium-9 small-12 large-9\"  >\n\t\t\t\t<div class=\"col-inner\"  >\n\t\t\t\n\t\t\t\n<div class=\"message-box relative\" style=\"padding-top:15px;padding-bottom:15px;\"><div class=\"message-box-bg-image bg-fill fill\" ><\/div><div class=\"message-box-bg-overlay bg-fill fill\" ><\/div><div class=\"container relative\"><div class=\"inner last-reset\">\n<div class=\"row align-middle align-center\"  id=\"row-1972288120\">\n\n\t<div id=\"col-872741260\" class=\"col small-12 large-12\"  >\n\t\t\t\t<div class=\"col-inner text-left\"  >\n\t\t\t\n\t\t\t\n<h4>Omadused<\/h4>\n<div class=\"row\"  id=\"row-816994533\">\n\n\t<div id=\"col-1609455488\" class=\"col medium-6 small-12 large-6\"  >\n\t\t\t\t<div class=\"col-inner\"  >\n\t\t\t\n\t\t\t\n<p><i class=\"far fa-check-circle fa-2x\"><\/i><strong>\u00a0Sujuvalt liikuv kelk suurte toorikute l\u00f5ikamiseks <\/strong><\/p>\n<p><i class=\"far fa-check-circle fa-2x\"><\/i><strong> P\u00f6\u00f6rdlaud t\u00e4pse lukustusega tavalisemates nurgaasendites\u00a0<\/strong><\/p>\n<p><i class=\"far fa-check-circle fa-2x\"><\/i><strong> Sisseehitatud laser t\u00e4pse l\u00f5ikesihi osutamiseks <\/strong><\/p>\n<p><i class=\"far fa-check-circle fa-2x\"><\/i><strong> Kaasas kvaliteetne karbiidhammastega t\u00e4pne saeketas puhaste l\u00f5ikuste tegemiseks(254*30)\u00a0<\/strong><\/p>\n<p><i class=\"far fa-check-circle fa-2x\"><\/i><strong> Kinnitusrakis tooriku kindlalt paigal hoidmiseks\u00a0<\/strong><\/p>\n<p><i class=\"far fa-check-circle fa-2x\"><\/i><strong> Tolmulehter saeketta taga saetolmu paremaks kogumiseks\u00a0<\/strong><\/p>\n\t\t<\/div>\n\t\t\t\t\n<style>\n#col-1609455488 > .col-inner {\n  margin: 0px 0px 15px 0px;\n}\n<\/style>\n\t<\/div>\n\n\t\n\n\t<div id=\"col-1210353962\" class=\"col medium-6 small-12 large-6\"  >\n\t\t\t\t<div class=\"col-inner\"  >\n\t\t\t\n\t\t\t\n<p><i class=\"far fa-check-circle fa-2x\"><\/i><strong> Nurga seadistusega p\u00f6\u00f6rdlaud kiirete nurkl\u00f5igete tegemiseks <\/strong><\/p>\n<p><i class=\"far fa-check-circle fa-2x\"><\/i><strong> Saagimispea vasakule kallutamine laitmatuks kaldu l\u00f5ikamiseks\u00a0<\/strong><\/p>\n<p><i class=\"far fa-check-circle fa-2x\"><\/i><strong> Toorikutoed pikkade toorikute jaoks m\u00f5lemal k\u00fcljel\u00a0<\/strong><\/p>\n<p><i class=\"far fa-check-circle fa-2x\"><\/i><strong> Spindlilukusti saeketta h\u00f5lpsaks ja kiireks vahetamiseks\u00a0<\/strong><\/p>\n<p><i class=\"far fa-check-circle fa-2x\"><\/i><strong> H\u00e4stiloetavad nurgaskaalad\u00a0<\/strong><\/p>\n\t\t<\/div>\n\t\t\t\t\n<style>\n#col-1210353962 > .col-inner {\n  margin: 0px 0px 15px 0px;\n}\n<\/style>\n\t<\/div>\n\n\t\n<\/div>\n\t\t<\/div>\n\t\t\t\t\t<\/div>\n\n\t\n<\/div>\n<\/div><\/div><\/div>\n\t<div id=\"gap-521496119\" class=\"gap-element clearfix\" style=\"display:block; height:auto;\">\n\t\t\n<style>\n#gap-521496119 {\n  padding-top: 30px;\n}\n<\/style>\n\t<\/div>\n\t\n<h2>Tootekirjeldus<\/h2>\n<p> J\u00e4rkamissaag Einhell TC-SM 254 on asjalik abimees keerukate loomet\u00f6\u00f6de tegemiseks nii kodus, kuuris kui ka garaa\u017eis. Mootori nimiv\u00f5imsus 1800\u00a0W annab saekettale (\u00d8 254\u00a0\u00d7\u00a030) t\u00f6\u00f6deldava materjali l\u00e4bil\u00f5ikamiseks piisavalt j\u00f5udu. Tugeval j\u00e4rkamissael on sujuvalt liikuv kelk suurte toorikute saagimiseks. T\u00e4psete nurkl\u00f5igete tegemiseks on sellel nurgakraadi seadistusega p\u00f6\u00f6rdlaud. P\u00f6\u00f6rdlaual on muuhulgas rida lukustusasendeid k\u00f5ige levinumate nurkade jaoks. Nurkade ja laiuste jaoks on olemas lihtsalt loetavad skaalad. Saagimispead saab laitmatute kaldl\u00f5igete tegemiseks vasakule kallutada. L\u00f5ikelaius on 90\u00b0 asendis kuni 305\u00a0mm ja 45\u00b0 korral kuni 215\u00a0mm. Meisterdamise lihtsustamiseks on seadmele sisse ehitatud l\u00f5ikesihi laser ning pikemate toorikute jaoks vasakul ja paremal sobivad t\u00f6\u00f6laua laiendid. Tooriku kinnitamiseks on olemas k\u00e4ep\u00e4rane toorikusuruti. Kvaliteetne karbiidhammastega saeketas tagab t\u00e4iuslikud l\u00f5ikused ja seda on t\u00e4nu spindlilukustile lihtne vahetada. Saeketta taga on tolmukogur saepuru t\u00f5husamaks eemaldamiseks. Seadmel on tolmu\u00e4rastuse otsak l\u00e4bim\u00f5\u00f5duga 36 millimeetrit, alternatiivina v\u00f5ib kasutada kaasas olevat tolmukotti. <\/p>\n\t<div id=\"gap-700296999\" class=\"gap-element clearfix\" style=\"display:block; height:auto;\">\n\t\t\n<style>\n#gap-700296999 {\n  padding-top: 30px;\n}\n<\/style>\n\t<\/div>\n\t\n\t\t<\/div>\n\t\t\t\t\t<\/div>\n\n\t\n\n\t<div id=\"col-897921035\" class=\"col medium-3 small-12 large-3\"  >\n\t\t\t\t<div class=\"col-inner\"  >\n\t\t\t\n\t\t\t\n\t<div id=\"gap-1682483684\" class=\"gap-element clearfix\" style=\"display:block; height:auto;\">\n\t\t\n<style>\n#gap-1682483684 {\n  padding-top: 30px;\n}\n<\/style>\n\t<\/div>\n\t\n<h3>Kasutusjuhend<\/h3>\n<p><a href=\"https:\/\/espak.ee\/epood\/wp-content\/uploads\/J\u00e4kramissaag-Einhell-TE-SM-254-43003854300380.pdf\" target=\"_blank\" rel=\"noopener noreferrer\"><i class=\"far fa-file-pdf\"><\/i> Kasutusjuhend (PDF)<\/a><\/p>\n<div class=\"is-divider divider clearfix\" ><\/div>\n<p><strong>\u00dcksikasjalikuma n\u00f5u saamiseks v\u00f5tke \u00fchendust:<br \/><\/strong>Espak AS<br \/>Viadukti 42<br \/>11313<br \/>Tallinn<br \/>+372 6 512333<\/p>\n\t\t<\/div>\n\t\t\t\t\t<\/div>\n\n\t\n<\/div>\n","protected":false},"excerpt":{"rendered":"","protected":false},"featured_media":32351,"comment_status":"closed","ping_status":"open","template":"","meta":[],"product_brand":[],"product_cat":[2680,3041,2681,2679],"product_tag":[],"class_list":{"0":"post-21579","1":"product","2":"type-product","3":"status-publish","4":"has-post-thumbnail","6":"product_cat-elektritooriistad","7":"product_cat-jarkamis-ja-nurgasaed","8":"product_cat-masinad-ja-seadmed","9":"product_cat-tooriistad","10":"pa_kaubamark-einhell","12":"first","13":"outofstock","14":"sale","15":"taxable","16":"shipping-taxable","17":"purchasable","18":"product-type-simple"},"yoast_head":"<!-- This site is optimized with the Yoast SEO plugin v26.9 - https:\/\/yoast.com\/product\/yoast-seo-wordpress\/ -->\n<title>J\u00c4RKAMISSAAG EINHELL TC-SM 254 - Espak E-pood<\/title>\n<meta name=\"description\" content=\"J\u00e4rkamissaag Einhell TC-SM 254 on asjalik abimees keerukate loomet\u00f6\u00f6de tegemiseks nii kodus, kuuris kui ka garaa\u017eis.\" \/>\n<meta name=\"robots\" content=\"index, follow, max-snippet:-1, max-image-preview:large, max-video-preview:-1\" \/>\n<link rel=\"canonical\" href=\"https:\/\/espak.ee\/epood\/toode\/jarkamissaag-einhell-tc-sm-254\/\" \/>\n<meta property=\"og:locale\" content=\"et_EE\" \/>\n<meta property=\"og:type\" content=\"article\" \/>\n<meta property=\"og:title\" content=\"J\u00c4RKAMISSAAG EINHELL TC-SM 254 - Espak E-pood\" \/>\n<meta property=\"og:description\" content=\"J\u00e4rkamissaag Einhell TC-SM 254 on asjalik abimees keerukate loomet\u00f6\u00f6de tegemiseks nii kodus, kuuris kui ka garaa\u017eis.\" \/>\n<meta property=\"og:url\" content=\"https:\/\/espak.ee\/epood\/toode\/jarkamissaag-einhell-tc-sm-254\/\" \/>\n<meta property=\"og:site_name\" content=\"Espak E-pood\" \/>\n<meta property=\"article:modified_time\" content=\"2024-03-22T21:38:15+00:00\" \/>\n<meta property=\"og:image\" content=\"https:\/\/espak.ee\/epood\/wp-content\/uploads\/4300385_11018_001_TC_SM_254_RAL3002_Pic-1024x891.jpg\" \/>\n\t<meta property=\"og:image:width\" content=\"1024\" \/>\n\t<meta property=\"og:image:height\" content=\"891\" \/>\n\t<meta property=\"og:image:type\" content=\"image\/jpeg\" \/>\n<meta name=\"twitter:card\" content=\"summary_large_image\" \/>\n<meta name=\"twitter:label1\" content=\"Est. reading time\" \/>\n\t<meta name=\"twitter:data1\" content=\"2 minutit\" \/>\n<script type=\"application\/ld+json\" class=\"yoast-schema-graph\">{\"@context\":\"https:\/\/schema.org\",\"@graph\":[{\"@type\":\"WebPage\",\"@id\":\"https:\/\/espak.ee\/epood\/toode\/jarkamissaag-einhell-tc-sm-254\/\",\"url\":\"https:\/\/espak.ee\/epood\/toode\/jarkamissaag-einhell-tc-sm-254\/\",\"name\":\"J\u00c4RKAMISSAAG EINHELL TC-SM 254 - Espak E-pood\",\"isPartOf\":{\"@id\":\"https:\/\/espak.ee\/epood\/#website\"},\"primaryImageOfPage\":{\"@id\":\"https:\/\/espak.ee\/epood\/toode\/jarkamissaag-einhell-tc-sm-254\/#primaryimage\"},\"image\":{\"@id\":\"https:\/\/espak.ee\/epood\/toode\/jarkamissaag-einhell-tc-sm-254\/#primaryimage\"},\"thumbnailUrl\":\"https:\/\/espak.ee\/epood\/wp-content\/uploads\/4300385_11018_001_TC_SM_254_RAL3002_Pic.jpg\",\"datePublished\":\"2020-04-18T01:20:29+00:00\",\"dateModified\":\"2024-03-22T21:38:15+00:00\",\"description\":\"J\u00e4rkamissaag Einhell TC-SM 254 on asjalik abimees keerukate loomet\u00f6\u00f6de tegemiseks nii kodus, kuuris kui ka garaa\u017eis.\",\"breadcrumb\":{\"@id\":\"https:\/\/espak.ee\/epood\/toode\/jarkamissaag-einhell-tc-sm-254\/#breadcrumb\"},\"inLanguage\":\"et\",\"potentialAction\":[{\"@type\":\"ReadAction\",\"target\":[\"https:\/\/espak.ee\/epood\/toode\/jarkamissaag-einhell-tc-sm-254\/\"]}]},{\"@type\":\"ImageObject\",\"inLanguage\":\"et\",\"@id\":\"https:\/\/espak.ee\/epood\/toode\/jarkamissaag-einhell-tc-sm-254\/#primaryimage\",\"url\":\"https:\/\/espak.ee\/epood\/wp-content\/uploads\/4300385_11018_001_TC_SM_254_RAL3002_Pic.jpg\",\"contentUrl\":\"https:\/\/espak.ee\/epood\/wp-content\/uploads\/4300385_11018_001_TC_SM_254_RAL3002_Pic.jpg\",\"width\":1772,\"height\":1541},{\"@type\":\"BreadcrumbList\",\"@id\":\"https:\/\/espak.ee\/epood\/toode\/jarkamissaag-einhell-tc-sm-254\/#breadcrumb\",\"itemListElement\":[{\"@type\":\"ListItem\",\"position\":1,\"name\":\"Home\",\"item\":\"https:\/\/espak.ee\/epood\/\"},{\"@type\":\"ListItem\",\"position\":2,\"name\":\"Tootevalik\",\"item\":\"https:\/\/espak.ee\/epood\/tootevalik\/\"},{\"@type\":\"ListItem\",\"position\":3,\"name\":\"J\u00c4RKAMISSAAG EINHELL TC-SM 254\"}]},{\"@type\":\"WebSite\",\"@id\":\"https:\/\/espak.ee\/epood\/#website\",\"url\":\"https:\/\/espak.ee\/epood\/\",\"name\":\"Espak E-pood\",\"description\":\"\",\"potentialAction\":[{\"@type\":\"SearchAction\",\"target\":{\"@type\":\"EntryPoint\",\"urlTemplate\":\"https:\/\/espak.ee\/epood\/?s={search_term_string}\"},\"query-input\":{\"@type\":\"PropertyValueSpecification\",\"valueRequired\":true,\"valueName\":\"search_term_string\"}}],\"inLanguage\":\"et\"}]}<\/script>\n<!-- \/ Yoast SEO plugin. -->","yoast_head_json":{"title":"J\u00c4RKAMISSAAG EINHELL TC-SM 254 - Espak E-pood","description":"J\u00e4rkamissaag Einhell TC-SM 254 on asjalik abimees keerukate loomet\u00f6\u00f6de tegemiseks nii kodus, kuuris kui ka garaa\u017eis.","robots":{"index":"index","follow":"follow","max-snippet":"max-snippet:-1","max-image-preview":"max-image-preview:large","max-video-preview":"max-video-preview:-1"},"canonical":"https:\/\/espak.ee\/epood\/toode\/jarkamissaag-einhell-tc-sm-254\/","og_locale":"et_EE","og_type":"article","og_title":"J\u00c4RKAMISSAAG EINHELL TC-SM 254 - Espak E-pood","og_description":"J\u00e4rkamissaag Einhell TC-SM 254 on asjalik abimees keerukate loomet\u00f6\u00f6de tegemiseks nii kodus, kuuris kui ka garaa\u017eis.","og_url":"https:\/\/espak.ee\/epood\/toode\/jarkamissaag-einhell-tc-sm-254\/","og_site_name":"Espak E-pood","article_modified_time":"2024-03-22T21:38:15+00:00","og_image":[{"width":1024,"height":891,"url":"https:\/\/espak.ee\/epood\/wp-content\/uploads\/4300385_11018_001_TC_SM_254_RAL3002_Pic-1024x891.jpg","type":"image\/jpeg"}],"twitter_card":"summary_large_image","twitter_misc":{"Est. reading time":"2 minutit"},"schema":{"@context":"https:\/\/schema.org","@graph":[{"@type":"WebPage","@id":"https:\/\/espak.ee\/epood\/toode\/jarkamissaag-einhell-tc-sm-254\/","url":"https:\/\/espak.ee\/epood\/toode\/jarkamissaag-einhell-tc-sm-254\/","name":"J\u00c4RKAMISSAAG EINHELL TC-SM 254 - Espak E-pood","isPartOf":{"@id":"https:\/\/espak.ee\/epood\/#website"},"primaryImageOfPage":{"@id":"https:\/\/espak.ee\/epood\/toode\/jarkamissaag-einhell-tc-sm-254\/#primaryimage"},"image":{"@id":"https:\/\/espak.ee\/epood\/toode\/jarkamissaag-einhell-tc-sm-254\/#primaryimage"},"thumbnailUrl":"https:\/\/espak.ee\/epood\/wp-content\/uploads\/4300385_11018_001_TC_SM_254_RAL3002_Pic.jpg","datePublished":"2020-04-18T01:20:29+00:00","dateModified":"2024-03-22T21:38:15+00:00","description":"J\u00e4rkamissaag Einhell TC-SM 254 on asjalik abimees keerukate loomet\u00f6\u00f6de tegemiseks nii kodus, kuuris kui ka garaa\u017eis.","breadcrumb":{"@id":"https:\/\/espak.ee\/epood\/toode\/jarkamissaag-einhell-tc-sm-254\/#breadcrumb"},"inLanguage":"et","potentialAction":[{"@type":"ReadAction","target":["https:\/\/espak.ee\/epood\/toode\/jarkamissaag-einhell-tc-sm-254\/"]}]},{"@type":"ImageObject","inLanguage":"et","@id":"https:\/\/espak.ee\/epood\/toode\/jarkamissaag-einhell-tc-sm-254\/#primaryimage","url":"https:\/\/espak.ee\/epood\/wp-content\/uploads\/4300385_11018_001_TC_SM_254_RAL3002_Pic.jpg","contentUrl":"https:\/\/espak.ee\/epood\/wp-content\/uploads\/4300385_11018_001_TC_SM_254_RAL3002_Pic.jpg","width":1772,"height":1541},{"@type":"BreadcrumbList","@id":"https:\/\/espak.ee\/epood\/toode\/jarkamissaag-einhell-tc-sm-254\/#breadcrumb","itemListElement":[{"@type":"ListItem","position":1,"name":"Home","item":"https:\/\/espak.ee\/epood\/"},{"@type":"ListItem","position":2,"name":"Tootevalik","item":"https:\/\/espak.ee\/epood\/tootevalik\/"},{"@type":"ListItem","position":3,"name":"J\u00c4RKAMISSAAG EINHELL TC-SM 254"}]},{"@type":"WebSite","@id":"https:\/\/espak.ee\/epood\/#website","url":"https:\/\/espak.ee\/epood\/","name":"Espak E-pood","description":"","potentialAction":[{"@type":"SearchAction","target":{"@type":"EntryPoint","urlTemplate":"https:\/\/espak.ee\/epood\/?s={search_term_string}"},"query-input":{"@type":"PropertyValueSpecification","valueRequired":true,"valueName":"search_term_string"}}],"inLanguage":"et"}]}},"_links":{"self":[{"href":"https:\/\/espak.ee\/epood\/wp-json\/wp\/v2\/product\/21579","targetHints":{"allow":["GET"]}}],"collection":[{"href":"https:\/\/espak.ee\/epood\/wp-json\/wp\/v2\/product"}],"about":[{"href":"https:\/\/espak.ee\/epood\/wp-json\/wp\/v2\/types\/product"}],"replies":[{"embeddable":true,"href":"https:\/\/espak.ee\/epood\/wp-json\/wp\/v2\/comments?post=21579"}],"wp:featuredmedia":[{"embeddable":true,"href":"https:\/\/espak.ee\/epood\/wp-json\/wp\/v2\/media\/32351"}],"wp:attachment":[{"href":"https:\/\/espak.ee\/epood\/wp-json\/wp\/v2\/media?parent=21579"}],"wp:term":[{"taxonomy":"product_brand","embeddable":true,"href":"https:\/\/espak.ee\/epood\/wp-json\/wp\/v2\/product_brand?post=21579"},{"taxonomy":"product_cat","embeddable":true,"href":"https:\/\/espak.ee\/epood\/wp-json\/wp\/v2\/product_cat?post=21579"},{"taxonomy":"product_tag","embeddable":true,"href":"https:\/\/espak.ee\/epood\/wp-json\/wp\/v2\/product_tag?post=21579"}],"curies":[{"name":"wp","href":"https:\/\/api.w.org\/{rel}","templated":true}]}}