{"id":21577,"date":"2020-04-18T04:20:29","date_gmt":"2020-04-18T01:20:29","guid":{"rendered":"https:\/\/espak.ee\/hinnakiri\/?post_type=product&#038;p=21577"},"modified":"2024-07-22T11:33:41","modified_gmt":"2024-07-22T08:33:41","slug":"varvipustol-einhell-tc-sy-600s-230v","status":"publish","type":"product","link":"https:\/\/espak.ee\/epood\/toode\/varvipustol-einhell-tc-sy-600s-230v\/","title":{"rendered":"V\u00c4RVIP\u00dcSTOL EINHELL TC-SY 600S 230V"},"content":{"rendered":"<div class=\"row\"  id=\"row-318339539\">\n\n\t<div id=\"col-1731853072\" class=\"col medium-9 small-12 large-9\"  >\n\t\t\t\t<div class=\"col-inner\"  >\n\t\t\t\n\t\t\t\n<div class=\"message-box relative\" style=\"padding-top:15px;padding-bottom:15px;\"><div class=\"message-box-bg-image bg-fill fill\" ><\/div><div class=\"message-box-bg-overlay bg-fill fill\" ><\/div><div class=\"container relative\"><div class=\"inner last-reset\">\n<div class=\"row align-middle align-center\"  id=\"row-1665391426\">\n\n\t<div id=\"col-1122694829\" class=\"col small-12 large-12\"  >\n\t\t\t\t<div class=\"col-inner text-left\"  >\n\t\t\t\n\t\t\t\n<h4>Omadused<\/h4>\n<div class=\"row\"  id=\"row-717555149\">\n\n\t<div id=\"col-627786771\" class=\"col medium-6 small-12 large-6\"  >\n\t\t\t\t<div class=\"col-inner\"  >\n\t\t\t\n\t\t\t\n<p><i class=\"far fa-check-circle fa-2x\"><\/i><strong>\u00a0Poolpaikne s\u00fcsteem keskmise suurusega ja suurte t\u00f6\u00f6pindade jaoks<\/strong><\/p>\n<p><i class=\"far fa-check-circle fa-2x\"><\/i><strong> Hea liikuvus t\u00e4nu \u00f5larihmale ja 1,8 m \u00f5huvoolikule\u00a0<\/strong><\/p>\n<p><i class=\"far fa-check-circle fa-2x\"><\/i><strong> V\u00e4rvi vooluhulga regulaator parimaks v\u00e4rvimist\u00f6\u00f6ga kohandamiseks <\/strong><\/p>\n<p><i class=\"far fa-check-circle fa-2x\"><\/i><strong> Pingevaba k\u00e4sitsemine t\u00e4nu mittekeerduvale \u00f5huvoolikule\u00a0<\/strong><\/p>\n<p><i class=\"far fa-check-circle fa-2x\"><\/i><strong> Kaasas v\u00e4rviv\u00f5tuava puhastushari\u00a0<\/strong><\/p>\n<p><i class=\"far fa-check-circle fa-2x\"><\/i><strong> Kaasas viskoossuse kontrollimise anum\u00a0<\/strong><\/p>\n<p><i class=\"far fa-check-circle fa-2x\"><\/i><strong> Kaasas m\u00f5\u00f5teskaalaga 800 ml v\u00e4rvimahuti\u00a0<\/strong><\/p>\n\t\t<\/div>\n\t\t\t\t\n<style>\n#col-627786771 > .col-inner {\n  margin: 0px 0px 15px 0px;\n}\n<\/style>\n\t<\/div>\n\n\t\n\n\t<div id=\"col-125798725\" class=\"col medium-6 small-12 large-6\"  >\n\t\t\t\t<div class=\"col-inner\"  >\n\t\t\t\n\t\t\t\n<p><i class=\"far fa-check-circle fa-2x\"><\/i><strong> Kohandatud lakkide, emailide ja siseseinav\u00e4rvide pihustamiseks <\/strong><\/p>\n<p><i class=\"far fa-check-circle fa-2x\"><\/i><strong> Eemaldatav pihustipea k\u00f5ikide v\u00e4rvi juhtivate osade puhastamiseks\u00a0<\/strong><\/p>\n<p><i class=\"far fa-check-circle fa-2x\"><\/i><strong> Vertikaalse, horisontaalse ja \u00fcmara joa jaoks seadistatav kork\u00a0<\/strong><\/p>\n<p><i class=\"far fa-check-circle fa-2x\"><\/i><strong> Kaasas kaks d\u00fc\u00fcsi (2,5 \/ 3,0 mm) erineva viskoossusega lakkide, emailide ja v\u00e4rvide jaoks\u00a0<\/strong><\/p>\n<p><i class=\"far fa-check-circle fa-2x\"><\/i><strong> Kaasas pihusti puhastusn\u00f5el\u00a0<\/strong><\/p>\n<p><i class=\"far fa-check-circle fa-2x\"><\/i><strong> Kaasas v\u00e4rvimahuti kaas\u00a0<\/strong><\/p>\n\t\t<\/div>\n\t\t\t\t\n<style>\n#col-125798725 > .col-inner {\n  margin: 0px 0px 15px 0px;\n}\n<\/style>\n\t<\/div>\n\n\t\n<\/div>\n\t\t<\/div>\n\t\t\t\t\t<\/div>\n\n\t\n<\/div>\n<\/div><\/div><\/div>\n\t<div id=\"gap-121035682\" class=\"gap-element clearfix\" style=\"display:block; height:auto;\">\n\t\t\n<style>\n#gap-121035682 {\n  padding-top: 30px;\n}\n<\/style>\n\t<\/div>\n\t\n<h2>Tootekirjeldus<\/h2>\n<p> Elektriline v\u00e4rvip\u00fcstol TC-SY 600 S on poolpaikne s\u00fcsteem keskmise suurusega ja suurtele t\u00f6\u00f6pindadele ning on kohandatud lakkide, emailide ja siseseina v\u00e4rvide jaoks. \u00d5larihm ja 1,8-meetrine \u00f5huvoolik tagavad suurep\u00e4rase liikuvuse ja muudavad TC-SY 600 S sobivaks k\u00f5igiks loomingulisteks ja praktilisteks v\u00e4rvimist\u00f6\u00f6deks lakkide, emailide ja siseseina v\u00e4rvidega. Lihtsalt kasutatav ja puhastatav v\u00e4rvipihustuss\u00fcsteem on ideaalne k\u00e4sit\u00f6\u00f6riist nii algajatele kui ka kogenud meistritele. V\u00e4rvi vooluhulga regulaator v\u00f5imaldab peale kantava v\u00e4rvi kogust t\u00e4pselt seadistada. Vertikaalse, horisontaalse ja \u00fcmara joa jaoks seadistatav kork suurendab t\u00f6\u00f6tamise paindlikkust. T\u00fc\u00fctu ummistumise v\u00e4ltimiseks on pihustuspea eemaldatav, et puhastada k\u00f5iki v\u00e4rviga kokku puutunud elemente. P\u00e4rast t\u00f6\u00f6 tegemist on seadet lihtne p\u00f5hjalikult puhastada. V\u00e4\u00e4ndumiskindel \u00f5huvoolik v\u00e4ldib \u00f5huvooliku t\u00fc\u00fctut keerdumist ja h\u00f5lbustab selle kasutamist. T\u00e4nu mugavale pehmendatud k\u00e4epidemele sobib v\u00e4rvipihusti mugavalt ja kindlalt k\u00e4tte. Toode tarnitakse koos kahe pihustiga erineva viskoossusega lakkide, emailide ja v\u00e4rvide jaoks; puhastusharjaga v\u00e4rviv\u00f5tuava puhastamiseks; puhastusn\u00f5elaga pihusti puhastamiseks. Kaasas on ka viskoossuse m\u00f5\u00f5tmise anum koos 800 ml v\u00e4rvimahutiga ja sellele ideaalselt sobiva kaanega. <\/p>\n\t<div id=\"gap-938370942\" class=\"gap-element clearfix\" style=\"display:block; height:auto;\">\n\t\t\n<style>\n#gap-938370942 {\n  padding-top: 30px;\n}\n<\/style>\n\t<\/div>\n\t\n\t\t<\/div>\n\t\t\t\t\t<\/div>\n\n\t\n\n\t<div id=\"col-1226306090\" class=\"col medium-3 small-12 large-3\"  >\n\t\t\t\t<div class=\"col-inner\"  >\n\t\t\t\n\t\t\t\n\t<div id=\"gap-1627121812\" class=\"gap-element clearfix\" style=\"display:block; height:auto;\">\n\t\t\n<style>\n#gap-1627121812 {\n  padding-top: 30px;\n}\n<\/style>\n\t<\/div>\n\t\n<h3>Kasutusjuhend<\/h3>\n<p><a href=\"https:\/\/espak.ee\/epood\/wp-content\/uploads\/Elektriline-v\u00e4rvip\u00fcstol-Einhell-TC-SY-600S_700S-4260015-4260020.pdf\" target=\"_blank\" rel=\"noopener noreferrer\"><i class=\"far fa-file-pdf\"><\/i> Kasutusjuhend (PDF)<\/a><\/p>\n<div class=\"is-divider divider clearfix\" ><\/div>\n<p><strong>\u00dcksikasjalikuma n\u00f5u saamiseks v\u00f5tke \u00fchendust:<br \/><\/strong>Espak AS<br \/>Viadukti 42<br \/>11313<br \/>Tallinn<br \/>+372 6 512333<\/p>\n\t\t<\/div>\n\t\t\t\t\t<\/div>\n\n\t\n<\/div>\n","protected":false},"excerpt":{"rendered":"","protected":false},"featured_media":32307,"comment_status":"closed","ping_status":"open","template":"","meta":[],"product_brand":[],"product_cat":[2680,2681,2679,3122],"product_tag":[],"class_list":{"0":"post-21577","1":"product","2":"type-product","3":"status-publish","4":"has-post-thumbnail","6":"product_cat-elektritooriistad","7":"product_cat-masinad-ja-seadmed","8":"product_cat-tooriistad","9":"product_cat-varvimis-ja-krohvimisseadmed","10":"pa_kaubamark-einhell","12":"first","13":"instock","14":"sale","15":"taxable","16":"shipping-taxable","17":"purchasable","18":"product-type-simple"},"yoast_head":"<!-- This site is optimized with the Yoast SEO plugin v26.9 - https:\/\/yoast.com\/product\/yoast-seo-wordpress\/ -->\n<title>V\u00c4RVIP\u00dcSTOL EINHELL TC-SY 600S 230V - Espak E-pood<\/title>\n<meta name=\"description\" content=\"Elektriline v\u00e4rvip\u00fcstol TC-SY 600 S on poolpaikne s\u00fcsteem keskmise suurusega ja suurtele t\u00f6\u00f6pindadele ning on kohandatud lakkide, emailide ja siseseina v\u00e4rvide jaoks.\" \/>\n<meta name=\"robots\" content=\"index, follow, max-snippet:-1, max-image-preview:large, max-video-preview:-1\" \/>\n<link rel=\"canonical\" href=\"https:\/\/espak.ee\/epood\/toode\/varvipustol-einhell-tc-sy-600s-230v\/\" \/>\n<meta property=\"og:locale\" content=\"et_EE\" \/>\n<meta property=\"og:type\" content=\"article\" \/>\n<meta property=\"og:title\" content=\"V\u00c4RVIP\u00dcSTOL EINHELL TC-SY 600S 230V - Espak E-pood\" \/>\n<meta property=\"og:description\" content=\"Elektriline v\u00e4rvip\u00fcstol TC-SY 600 S on poolpaikne s\u00fcsteem keskmise suurusega ja suurtele t\u00f6\u00f6pindadele ning on kohandatud lakkide, emailide ja siseseina v\u00e4rvide jaoks.\" \/>\n<meta property=\"og:url\" content=\"https:\/\/espak.ee\/epood\/toode\/varvipustol-einhell-tc-sy-600s-230v\/\" \/>\n<meta property=\"og:site_name\" content=\"Espak E-pood\" \/>\n<meta property=\"article:modified_time\" content=\"2024-07-22T08:33:41+00:00\" \/>\n<meta property=\"og:image\" content=\"https:\/\/espak.ee\/epood\/wp-content\/uploads\/4260015_11016_001_TC_SY_600_S_RAL3002_Pic-833x1024.jpg\" \/>\n\t<meta property=\"og:image:width\" content=\"833\" \/>\n\t<meta property=\"og:image:height\" content=\"1024\" \/>\n\t<meta property=\"og:image:type\" content=\"image\/jpeg\" \/>\n<meta name=\"twitter:card\" content=\"summary_large_image\" \/>\n<meta name=\"twitter:label1\" content=\"Est. reading time\" \/>\n\t<meta name=\"twitter:data1\" content=\"2 minutit\" \/>\n<script type=\"application\/ld+json\" class=\"yoast-schema-graph\">{\"@context\":\"https:\/\/schema.org\",\"@graph\":[{\"@type\":\"WebPage\",\"@id\":\"https:\/\/espak.ee\/epood\/toode\/varvipustol-einhell-tc-sy-600s-230v\/\",\"url\":\"https:\/\/espak.ee\/epood\/toode\/varvipustol-einhell-tc-sy-600s-230v\/\",\"name\":\"V\u00c4RVIP\u00dcSTOL EINHELL TC-SY 600S 230V - Espak E-pood\",\"isPartOf\":{\"@id\":\"https:\/\/espak.ee\/epood\/#website\"},\"primaryImageOfPage\":{\"@id\":\"https:\/\/espak.ee\/epood\/toode\/varvipustol-einhell-tc-sy-600s-230v\/#primaryimage\"},\"image\":{\"@id\":\"https:\/\/espak.ee\/epood\/toode\/varvipustol-einhell-tc-sy-600s-230v\/#primaryimage\"},\"thumbnailUrl\":\"https:\/\/espak.ee\/epood\/wp-content\/uploads\/4260015_11016_001_TC_SY_600_S_RAL3002_Pic.jpg\",\"datePublished\":\"2020-04-18T01:20:29+00:00\",\"dateModified\":\"2024-07-22T08:33:41+00:00\",\"description\":\"Elektriline v\u00e4rvip\u00fcstol TC-SY 600 S on poolpaikne s\u00fcsteem keskmise suurusega ja suurtele t\u00f6\u00f6pindadele ning on kohandatud lakkide, emailide ja siseseina v\u00e4rvide jaoks.\",\"breadcrumb\":{\"@id\":\"https:\/\/espak.ee\/epood\/toode\/varvipustol-einhell-tc-sy-600s-230v\/#breadcrumb\"},\"inLanguage\":\"et\",\"potentialAction\":[{\"@type\":\"ReadAction\",\"target\":[\"https:\/\/espak.ee\/epood\/toode\/varvipustol-einhell-tc-sy-600s-230v\/\"]}]},{\"@type\":\"ImageObject\",\"inLanguage\":\"et\",\"@id\":\"https:\/\/espak.ee\/epood\/toode\/varvipustol-einhell-tc-sy-600s-230v\/#primaryimage\",\"url\":\"https:\/\/espak.ee\/epood\/wp-content\/uploads\/4260015_11016_001_TC_SY_600_S_RAL3002_Pic.jpg\",\"contentUrl\":\"https:\/\/espak.ee\/epood\/wp-content\/uploads\/4260015_11016_001_TC_SY_600_S_RAL3002_Pic.jpg\",\"width\":1441,\"height\":1772},{\"@type\":\"BreadcrumbList\",\"@id\":\"https:\/\/espak.ee\/epood\/toode\/varvipustol-einhell-tc-sy-600s-230v\/#breadcrumb\",\"itemListElement\":[{\"@type\":\"ListItem\",\"position\":1,\"name\":\"Home\",\"item\":\"https:\/\/espak.ee\/epood\/\"},{\"@type\":\"ListItem\",\"position\":2,\"name\":\"Tootevalik\",\"item\":\"https:\/\/espak.ee\/epood\/tootevalik\/\"},{\"@type\":\"ListItem\",\"position\":3,\"name\":\"V\u00c4RVIP\u00dcSTOL EINHELL TC-SY 600S 230V\"}]},{\"@type\":\"WebSite\",\"@id\":\"https:\/\/espak.ee\/epood\/#website\",\"url\":\"https:\/\/espak.ee\/epood\/\",\"name\":\"Espak E-pood\",\"description\":\"\",\"potentialAction\":[{\"@type\":\"SearchAction\",\"target\":{\"@type\":\"EntryPoint\",\"urlTemplate\":\"https:\/\/espak.ee\/epood\/?s={search_term_string}\"},\"query-input\":{\"@type\":\"PropertyValueSpecification\",\"valueRequired\":true,\"valueName\":\"search_term_string\"}}],\"inLanguage\":\"et\"}]}<\/script>\n<!-- \/ Yoast SEO plugin. -->","yoast_head_json":{"title":"V\u00c4RVIP\u00dcSTOL EINHELL TC-SY 600S 230V - Espak E-pood","description":"Elektriline v\u00e4rvip\u00fcstol TC-SY 600 S on poolpaikne s\u00fcsteem keskmise suurusega ja suurtele t\u00f6\u00f6pindadele ning on kohandatud lakkide, emailide ja siseseina v\u00e4rvide jaoks.","robots":{"index":"index","follow":"follow","max-snippet":"max-snippet:-1","max-image-preview":"max-image-preview:large","max-video-preview":"max-video-preview:-1"},"canonical":"https:\/\/espak.ee\/epood\/toode\/varvipustol-einhell-tc-sy-600s-230v\/","og_locale":"et_EE","og_type":"article","og_title":"V\u00c4RVIP\u00dcSTOL EINHELL TC-SY 600S 230V - Espak E-pood","og_description":"Elektriline v\u00e4rvip\u00fcstol TC-SY 600 S on poolpaikne s\u00fcsteem keskmise suurusega ja suurtele t\u00f6\u00f6pindadele ning on kohandatud lakkide, emailide ja siseseina v\u00e4rvide jaoks.","og_url":"https:\/\/espak.ee\/epood\/toode\/varvipustol-einhell-tc-sy-600s-230v\/","og_site_name":"Espak E-pood","article_modified_time":"2024-07-22T08:33:41+00:00","og_image":[{"width":833,"height":1024,"url":"https:\/\/espak.ee\/epood\/wp-content\/uploads\/4260015_11016_001_TC_SY_600_S_RAL3002_Pic-833x1024.jpg","type":"image\/jpeg"}],"twitter_card":"summary_large_image","twitter_misc":{"Est. reading time":"2 minutit"},"schema":{"@context":"https:\/\/schema.org","@graph":[{"@type":"WebPage","@id":"https:\/\/espak.ee\/epood\/toode\/varvipustol-einhell-tc-sy-600s-230v\/","url":"https:\/\/espak.ee\/epood\/toode\/varvipustol-einhell-tc-sy-600s-230v\/","name":"V\u00c4RVIP\u00dcSTOL EINHELL TC-SY 600S 230V - Espak E-pood","isPartOf":{"@id":"https:\/\/espak.ee\/epood\/#website"},"primaryImageOfPage":{"@id":"https:\/\/espak.ee\/epood\/toode\/varvipustol-einhell-tc-sy-600s-230v\/#primaryimage"},"image":{"@id":"https:\/\/espak.ee\/epood\/toode\/varvipustol-einhell-tc-sy-600s-230v\/#primaryimage"},"thumbnailUrl":"https:\/\/espak.ee\/epood\/wp-content\/uploads\/4260015_11016_001_TC_SY_600_S_RAL3002_Pic.jpg","datePublished":"2020-04-18T01:20:29+00:00","dateModified":"2024-07-22T08:33:41+00:00","description":"Elektriline v\u00e4rvip\u00fcstol TC-SY 600 S on poolpaikne s\u00fcsteem keskmise suurusega ja suurtele t\u00f6\u00f6pindadele ning on kohandatud lakkide, emailide ja siseseina v\u00e4rvide jaoks.","breadcrumb":{"@id":"https:\/\/espak.ee\/epood\/toode\/varvipustol-einhell-tc-sy-600s-230v\/#breadcrumb"},"inLanguage":"et","potentialAction":[{"@type":"ReadAction","target":["https:\/\/espak.ee\/epood\/toode\/varvipustol-einhell-tc-sy-600s-230v\/"]}]},{"@type":"ImageObject","inLanguage":"et","@id":"https:\/\/espak.ee\/epood\/toode\/varvipustol-einhell-tc-sy-600s-230v\/#primaryimage","url":"https:\/\/espak.ee\/epood\/wp-content\/uploads\/4260015_11016_001_TC_SY_600_S_RAL3002_Pic.jpg","contentUrl":"https:\/\/espak.ee\/epood\/wp-content\/uploads\/4260015_11016_001_TC_SY_600_S_RAL3002_Pic.jpg","width":1441,"height":1772},{"@type":"BreadcrumbList","@id":"https:\/\/espak.ee\/epood\/toode\/varvipustol-einhell-tc-sy-600s-230v\/#breadcrumb","itemListElement":[{"@type":"ListItem","position":1,"name":"Home","item":"https:\/\/espak.ee\/epood\/"},{"@type":"ListItem","position":2,"name":"Tootevalik","item":"https:\/\/espak.ee\/epood\/tootevalik\/"},{"@type":"ListItem","position":3,"name":"V\u00c4RVIP\u00dcSTOL EINHELL TC-SY 600S 230V"}]},{"@type":"WebSite","@id":"https:\/\/espak.ee\/epood\/#website","url":"https:\/\/espak.ee\/epood\/","name":"Espak E-pood","description":"","potentialAction":[{"@type":"SearchAction","target":{"@type":"EntryPoint","urlTemplate":"https:\/\/espak.ee\/epood\/?s={search_term_string}"},"query-input":{"@type":"PropertyValueSpecification","valueRequired":true,"valueName":"search_term_string"}}],"inLanguage":"et"}]}},"_links":{"self":[{"href":"https:\/\/espak.ee\/epood\/wp-json\/wp\/v2\/product\/21577","targetHints":{"allow":["GET"]}}],"collection":[{"href":"https:\/\/espak.ee\/epood\/wp-json\/wp\/v2\/product"}],"about":[{"href":"https:\/\/espak.ee\/epood\/wp-json\/wp\/v2\/types\/product"}],"replies":[{"embeddable":true,"href":"https:\/\/espak.ee\/epood\/wp-json\/wp\/v2\/comments?post=21577"}],"wp:featuredmedia":[{"embeddable":true,"href":"https:\/\/espak.ee\/epood\/wp-json\/wp\/v2\/media\/32307"}],"wp:attachment":[{"href":"https:\/\/espak.ee\/epood\/wp-json\/wp\/v2\/media?parent=21577"}],"wp:term":[{"taxonomy":"product_brand","embeddable":true,"href":"https:\/\/espak.ee\/epood\/wp-json\/wp\/v2\/product_brand?post=21577"},{"taxonomy":"product_cat","embeddable":true,"href":"https:\/\/espak.ee\/epood\/wp-json\/wp\/v2\/product_cat?post=21577"},{"taxonomy":"product_tag","embeddable":true,"href":"https:\/\/espak.ee\/epood\/wp-json\/wp\/v2\/product_tag?post=21577"}],"curies":[{"name":"wp","href":"https:\/\/api.w.org\/{rel}","templated":true}]}}