{"id":21547,"date":"2020-04-18T04:20:15","date_gmt":"2020-04-18T01:20:15","guid":{"rendered":"https:\/\/espak.ee\/hinnakiri\/?post_type=product&#038;p=21547"},"modified":"2024-06-25T23:08:43","modified_gmt":"2024-06-25T20:08:43","slug":"aiapump-einhell-aquinna-218v-solo","status":"publish","type":"product","link":"https:\/\/espak.ee\/epood\/toode\/aiapump-einhell-aquinna-218v-solo\/","title":{"rendered":"AIAPUMP EINHELL AQUINNA 2*18V SOLO"},"content":{"rendered":"<div class=\"row\"  id=\"row-1702439807\">\n\n\t<div id=\"col-184905134\" class=\"col medium-9 small-12 large-9\"  >\n\t\t\t\t<div class=\"col-inner\"  >\n\t\t\t\n\t\t\t\n<h2>Aiapump<\/h2>\n<p>Akuaiapumba Einhell AQUINNA abil saate kasutada aia- ja kodualal igal ajal vihmavett ja kaevu- v\u00f5i tsisternivett, et s\u00e4\u00e4sta raha ja aidata kaitsta keskkonda. Seda seet\u00f5ttu, et aiapumba AQUINNA toiteallikaks on kaks 18\u00a0V laetavat Power X-Change\u00b4i akut. Suure j\u00f5udlusega Power X-Change\u00b4i tootepere liikmena loodud s\u00fcsteemisarja k\u00f5iki laetavaid akusid saab s\u00fcsteemisarja t\u00f6\u00f6riistades ja aiat\u00f6\u00f6riistades paindlikult ja ilma piiranguteta kasutada. Parimaks seadistamiseks on seadmel kaheasendiline \u00d6KO-l\u00fcliti: T\u00e4isv\u00f5imsus v\u00f5i piiratud t\u00f6\u00f6r\u00f5huga s\u00e4\u00e4sture\u017eiim. Akuaiapumba AQUINNA j\u00f5udluse tippn\u00e4itajad on t\u00f5stek\u00f5rgus kuni 26\u00a0m, imik\u00f5rgus kuni 8\u00a0m ja suurim tootlikkus kuni 3000\u00a0l\/h. Sissev\u00f5tupoolne liitmik on 42\u00a0mm (1\u00bc&#8221; v\u00e4liskeere) ja v\u00e4ljalaskepoolne liitmik 33,3\u00a0mm (R 1&#8243; sisekeere). Pumbal on t\u00f6\u00f6tamise alustamiseks veet\u00e4iteventiil ja k\u00fclmumiskaitseks t\u00fchjendusventiil. Selle abil saab aiapumba k\u00fclmaks hooajaks muretult hoiustada. Mootoril on \u00fclekoormuse eest kaitseks termokaitsel\u00fcliti. K\u00e4ep\u00e4rase kandek\u00e4epideme abil saab akuaiapumpa vajaduse korral mugavalt soovitud kohta teisaldada. Toode tarnitakse akuta ja akulaadurita. Need on saadaval eraldi, n\u00e4iteks otstarbeka Einhelli akukomplektina.<\/p>\n<div class=\"message-box relative\" style=\"padding-top:15px;padding-bottom:15px;\"><div class=\"message-box-bg-image bg-fill fill\" ><\/div><div class=\"message-box-bg-overlay bg-fill fill\" ><\/div><div class=\"container relative\"><div class=\"inner last-reset\">\n<div class=\"row align-middle align-center\"  id=\"row-2009129518\">\n\n\t<div id=\"col-539281721\" class=\"col small-12 large-12\"  >\n\t\t\t\t<div class=\"col-inner text-left\"  >\n\t\t\t\n\t\t\t\n<h4>Omadused<\/h4>\n<div class=\"row\"  id=\"row-1100800111\">\n\n\t<div id=\"col-1559451600\" class=\"col medium-6 small-12 large-6\"  >\n\t\t\t\t<div class=\"col-inner\"  >\n\t\t\t\n\t\t\t\n<p><i class=\"fa fa-check fa-2x\"><\/i> <strong>Vajalik kaks 18\u00a0V Power X-Change\u00b4i tootepere akut<\/strong><\/p>\n<p><i class=\"fa fa-check fa-2x\"><\/i> <strong>2-astmeline \u00d6KO-l\u00fcliti<\/strong><\/p>\n\t\t<\/div>\n\t\t\t\t\n<style>\n#col-1559451600 > .col-inner {\n  margin: 0px 0px 15px 0px;\n}\n<\/style>\n\t<\/div>\n\n\t\n\n\t<div id=\"col-1715994271\" class=\"col medium-6 small-12 large-6\"  >\n\t\t\t\t<div class=\"col-inner\"  >\n\t\t\t\n\t\t\t\n<p><i class=\"fa fa-check fa-2x\"><\/i> <strong>Veet\u00fchjendusventiil k\u00fclmumiskindlaks hoiustamiseks<\/strong><\/p>\n<p><i class=\"fa fa-check fa-2x\"><\/i> <strong>Termokaitsel\u00fcliti<\/strong><\/p>\n\t\t<\/div>\n\t\t\t\t\n<style>\n#col-1715994271 > .col-inner {\n  margin: 0px 0px 15px 0px;\n}\n<\/style>\n\t<\/div>\n\n\t\n<\/div>\n\t\t<\/div>\n\t\t\t\t\t<\/div>\n\n\t\n<\/div>\n<\/div><\/div><\/div>\n\t<div id=\"gap-1633428498\" class=\"gap-element clearfix\" style=\"display:block; height:auto;\">\n\t\t\n<style>\n#gap-1633428498 {\n  padding-top: 30px;\n}\n<\/style>\n\t<\/div>\n\t\n\t\t<\/div>\n\t\t\t\t\t<\/div>\n\n\t\n\n\t<div id=\"col-2047309927\" class=\"col medium-3 small-12 large-3\"  >\n\t\t\t\t<div class=\"col-inner\"  >\n\t\t\t\n\t\t\t\n\t<div id=\"gap-1881717268\" class=\"gap-element clearfix\" style=\"display:block; height:auto;\">\n\t\t\n<style>\n#gap-1881717268 {\n  padding-top: 30px;\n}\n<\/style>\n\t<\/div>\n\t\n<h3>Tehniline informatsioon<\/h3>\n<p><a href=\"https:\/\/espak.ee\/epood\/wp-content\/uploads\/Akupump-einhell-aquinna-4180400-est.pdf\" target=\"_blank\" rel=\"noopener noreferrer\"><i class=\"far fa-file-pdf\"><\/i> Tehniline info (PDF)<\/a><\/p>\n<div class=\"is-divider divider clearfix\" ><\/div>\n<p><strong>\u00dcksikasjalikuma n\u00f5u saamiseks v\u00f5tke \u00fchendust:<br \/><\/strong>Espak AS<br \/>Viadukti 42<br \/>11313<br \/>Tallinn<br \/>+372 6 512333<\/p>\n<div class=\"is-divider divider clearfix\" ><\/div>\n\t\t<\/div>\n\t\t\t\t\t<\/div>\n\n\t\n<\/div>\n","protected":false},"excerpt":{"rendered":"","protected":false},"featured_media":36038,"comment_status":"closed","ping_status":"closed","template":"","meta":[],"product_brand":[],"product_cat":[2789,2788,2790,2791],"product_tag":[],"class_list":{"0":"post-21547","1":"product","2":"type-product","3":"status-publish","4":"has-post-thumbnail","6":"product_cat-aiatarbed","7":"product_cat-aiatarbed-ja-kodukaubad","8":"product_cat-aiatehnika","9":"product_cat-akutooriistad-aiaosakonnas","10":"pa_kaubamark-einhell","12":"first","13":"instock","14":"sale","15":"taxable","16":"shipping-taxable","17":"purchasable","18":"product-type-simple"},"yoast_head":"<!-- This site is optimized with the Yoast SEO plugin v26.9 - https:\/\/yoast.com\/product\/yoast-seo-wordpress\/ -->\n<title>AIAPUMP EINHELL AQUINNA 2*18V SOLO - Espak E-pood<\/title>\n<meta name=\"robots\" content=\"index, follow, max-snippet:-1, max-image-preview:large, max-video-preview:-1\" \/>\n<link rel=\"canonical\" href=\"https:\/\/espak.ee\/epood\/toode\/aiapump-einhell-aquinna-218v-solo\/\" \/>\n<meta property=\"og:locale\" content=\"et_EE\" \/>\n<meta property=\"og:type\" content=\"article\" \/>\n<meta property=\"og:title\" content=\"AIAPUMP EINHELL AQUINNA 2*18V SOLO - Espak E-pood\" \/>\n<meta property=\"og:url\" content=\"https:\/\/espak.ee\/epood\/toode\/aiapump-einhell-aquinna-218v-solo\/\" \/>\n<meta property=\"og:site_name\" content=\"Espak E-pood\" \/>\n<meta property=\"article:modified_time\" content=\"2024-06-25T20:08:43+00:00\" \/>\n<meta property=\"og:image\" content=\"https:\/\/espak.ee\/epood\/wp-content\/uploads\/AIAPUMP-EINHELL-AQUINNA-2X18V-SOLO.jpg\" \/>\n\t<meta property=\"og:image:width\" content=\"1500\" \/>\n\t<meta property=\"og:image:height\" content=\"1500\" \/>\n\t<meta property=\"og:image:type\" content=\"image\/jpeg\" \/>\n<meta name=\"twitter:card\" content=\"summary_large_image\" \/>\n<meta name=\"twitter:label1\" content=\"Est. reading time\" \/>\n\t<meta name=\"twitter:data1\" content=\"1 minut\" \/>\n<script type=\"application\/ld+json\" class=\"yoast-schema-graph\">{\"@context\":\"https:\/\/schema.org\",\"@graph\":[{\"@type\":\"WebPage\",\"@id\":\"https:\/\/espak.ee\/epood\/toode\/aiapump-einhell-aquinna-218v-solo\/\",\"url\":\"https:\/\/espak.ee\/epood\/toode\/aiapump-einhell-aquinna-218v-solo\/\",\"name\":\"AIAPUMP EINHELL AQUINNA 2*18V SOLO - Espak E-pood\",\"isPartOf\":{\"@id\":\"https:\/\/espak.ee\/epood\/#website\"},\"primaryImageOfPage\":{\"@id\":\"https:\/\/espak.ee\/epood\/toode\/aiapump-einhell-aquinna-218v-solo\/#primaryimage\"},\"image\":{\"@id\":\"https:\/\/espak.ee\/epood\/toode\/aiapump-einhell-aquinna-218v-solo\/#primaryimage\"},\"thumbnailUrl\":\"https:\/\/espak.ee\/epood\/wp-content\/uploads\/AIAPUMP-EINHELL-AQUINNA-2X18V-SOLO.jpg\",\"datePublished\":\"2020-04-18T01:20:15+00:00\",\"dateModified\":\"2024-06-25T20:08:43+00:00\",\"breadcrumb\":{\"@id\":\"https:\/\/espak.ee\/epood\/toode\/aiapump-einhell-aquinna-218v-solo\/#breadcrumb\"},\"inLanguage\":\"et\",\"potentialAction\":[{\"@type\":\"ReadAction\",\"target\":[\"https:\/\/espak.ee\/epood\/toode\/aiapump-einhell-aquinna-218v-solo\/\"]}]},{\"@type\":\"ImageObject\",\"inLanguage\":\"et\",\"@id\":\"https:\/\/espak.ee\/epood\/toode\/aiapump-einhell-aquinna-218v-solo\/#primaryimage\",\"url\":\"https:\/\/espak.ee\/epood\/wp-content\/uploads\/AIAPUMP-EINHELL-AQUINNA-2X18V-SOLO.jpg\",\"contentUrl\":\"https:\/\/espak.ee\/epood\/wp-content\/uploads\/AIAPUMP-EINHELL-AQUINNA-2X18V-SOLO.jpg\",\"width\":1500,\"height\":1500},{\"@type\":\"BreadcrumbList\",\"@id\":\"https:\/\/espak.ee\/epood\/toode\/aiapump-einhell-aquinna-218v-solo\/#breadcrumb\",\"itemListElement\":[{\"@type\":\"ListItem\",\"position\":1,\"name\":\"Home\",\"item\":\"https:\/\/espak.ee\/epood\/\"},{\"@type\":\"ListItem\",\"position\":2,\"name\":\"Tootevalik\",\"item\":\"https:\/\/espak.ee\/epood\/tootevalik\/\"},{\"@type\":\"ListItem\",\"position\":3,\"name\":\"AIAPUMP EINHELL AQUINNA 2*18V SOLO\"}]},{\"@type\":\"WebSite\",\"@id\":\"https:\/\/espak.ee\/epood\/#website\",\"url\":\"https:\/\/espak.ee\/epood\/\",\"name\":\"Espak E-pood\",\"description\":\"\",\"potentialAction\":[{\"@type\":\"SearchAction\",\"target\":{\"@type\":\"EntryPoint\",\"urlTemplate\":\"https:\/\/espak.ee\/epood\/?s={search_term_string}\"},\"query-input\":{\"@type\":\"PropertyValueSpecification\",\"valueRequired\":true,\"valueName\":\"search_term_string\"}}],\"inLanguage\":\"et\"}]}<\/script>\n<!-- \/ Yoast SEO plugin. -->","yoast_head_json":{"title":"AIAPUMP EINHELL AQUINNA 2*18V SOLO - Espak E-pood","robots":{"index":"index","follow":"follow","max-snippet":"max-snippet:-1","max-image-preview":"max-image-preview:large","max-video-preview":"max-video-preview:-1"},"canonical":"https:\/\/espak.ee\/epood\/toode\/aiapump-einhell-aquinna-218v-solo\/","og_locale":"et_EE","og_type":"article","og_title":"AIAPUMP EINHELL AQUINNA 2*18V SOLO - Espak E-pood","og_url":"https:\/\/espak.ee\/epood\/toode\/aiapump-einhell-aquinna-218v-solo\/","og_site_name":"Espak E-pood","article_modified_time":"2024-06-25T20:08:43+00:00","og_image":[{"width":1500,"height":1500,"url":"https:\/\/espak.ee\/epood\/wp-content\/uploads\/AIAPUMP-EINHELL-AQUINNA-2X18V-SOLO.jpg","type":"image\/jpeg"}],"twitter_card":"summary_large_image","twitter_misc":{"Est. reading time":"1 minut"},"schema":{"@context":"https:\/\/schema.org","@graph":[{"@type":"WebPage","@id":"https:\/\/espak.ee\/epood\/toode\/aiapump-einhell-aquinna-218v-solo\/","url":"https:\/\/espak.ee\/epood\/toode\/aiapump-einhell-aquinna-218v-solo\/","name":"AIAPUMP EINHELL AQUINNA 2*18V SOLO - Espak E-pood","isPartOf":{"@id":"https:\/\/espak.ee\/epood\/#website"},"primaryImageOfPage":{"@id":"https:\/\/espak.ee\/epood\/toode\/aiapump-einhell-aquinna-218v-solo\/#primaryimage"},"image":{"@id":"https:\/\/espak.ee\/epood\/toode\/aiapump-einhell-aquinna-218v-solo\/#primaryimage"},"thumbnailUrl":"https:\/\/espak.ee\/epood\/wp-content\/uploads\/AIAPUMP-EINHELL-AQUINNA-2X18V-SOLO.jpg","datePublished":"2020-04-18T01:20:15+00:00","dateModified":"2024-06-25T20:08:43+00:00","breadcrumb":{"@id":"https:\/\/espak.ee\/epood\/toode\/aiapump-einhell-aquinna-218v-solo\/#breadcrumb"},"inLanguage":"et","potentialAction":[{"@type":"ReadAction","target":["https:\/\/espak.ee\/epood\/toode\/aiapump-einhell-aquinna-218v-solo\/"]}]},{"@type":"ImageObject","inLanguage":"et","@id":"https:\/\/espak.ee\/epood\/toode\/aiapump-einhell-aquinna-218v-solo\/#primaryimage","url":"https:\/\/espak.ee\/epood\/wp-content\/uploads\/AIAPUMP-EINHELL-AQUINNA-2X18V-SOLO.jpg","contentUrl":"https:\/\/espak.ee\/epood\/wp-content\/uploads\/AIAPUMP-EINHELL-AQUINNA-2X18V-SOLO.jpg","width":1500,"height":1500},{"@type":"BreadcrumbList","@id":"https:\/\/espak.ee\/epood\/toode\/aiapump-einhell-aquinna-218v-solo\/#breadcrumb","itemListElement":[{"@type":"ListItem","position":1,"name":"Home","item":"https:\/\/espak.ee\/epood\/"},{"@type":"ListItem","position":2,"name":"Tootevalik","item":"https:\/\/espak.ee\/epood\/tootevalik\/"},{"@type":"ListItem","position":3,"name":"AIAPUMP EINHELL AQUINNA 2*18V SOLO"}]},{"@type":"WebSite","@id":"https:\/\/espak.ee\/epood\/#website","url":"https:\/\/espak.ee\/epood\/","name":"Espak E-pood","description":"","potentialAction":[{"@type":"SearchAction","target":{"@type":"EntryPoint","urlTemplate":"https:\/\/espak.ee\/epood\/?s={search_term_string}"},"query-input":{"@type":"PropertyValueSpecification","valueRequired":true,"valueName":"search_term_string"}}],"inLanguage":"et"}]}},"_links":{"self":[{"href":"https:\/\/espak.ee\/epood\/wp-json\/wp\/v2\/product\/21547","targetHints":{"allow":["GET"]}}],"collection":[{"href":"https:\/\/espak.ee\/epood\/wp-json\/wp\/v2\/product"}],"about":[{"href":"https:\/\/espak.ee\/epood\/wp-json\/wp\/v2\/types\/product"}],"replies":[{"embeddable":true,"href":"https:\/\/espak.ee\/epood\/wp-json\/wp\/v2\/comments?post=21547"}],"wp:featuredmedia":[{"embeddable":true,"href":"https:\/\/espak.ee\/epood\/wp-json\/wp\/v2\/media\/36038"}],"wp:attachment":[{"href":"https:\/\/espak.ee\/epood\/wp-json\/wp\/v2\/media?parent=21547"}],"wp:term":[{"taxonomy":"product_brand","embeddable":true,"href":"https:\/\/espak.ee\/epood\/wp-json\/wp\/v2\/product_brand?post=21547"},{"taxonomy":"product_cat","embeddable":true,"href":"https:\/\/espak.ee\/epood\/wp-json\/wp\/v2\/product_cat?post=21547"},{"taxonomy":"product_tag","embeddable":true,"href":"https:\/\/espak.ee\/epood\/wp-json\/wp\/v2\/product_tag?post=21547"}],"curies":[{"name":"wp","href":"https:\/\/api.w.org\/{rel}","templated":true}]}}