{"id":21536,"date":"2020-04-18T04:20:11","date_gmt":"2020-04-18T01:20:11","guid":{"rendered":"https:\/\/espak.ee\/hinnakiri\/?post_type=product&#038;p=21536"},"modified":"2024-03-22T23:38:45","modified_gmt":"2024-03-22T21:38:45","slug":"mutrikeeraja-pneumomaatiline-1-2-einhell-tc-pw-610","status":"publish","type":"product","link":"https:\/\/espak.ee\/epood\/toode\/mutrikeeraja-pneumomaatiline-1-2-einhell-tc-pw-610\/","title":{"rendered":"MUTRIKEERAJA PNEUMOMAATILINE 1\/2\u201d EINHELL TC-PW 610"},"content":{"rendered":"<div class=\"row\"  id=\"row-1936716788\">\n\n\t<div id=\"col-2135415406\" class=\"col medium-9 small-12 large-9\"  >\n\t\t\t\t<div class=\"col-inner\"  >\n\t\t\t\n\t\t\t\n<div class=\"message-box relative\" style=\"padding-top:15px;padding-bottom:15px;\"><div class=\"message-box-bg-image bg-fill fill\" ><\/div><div class=\"message-box-bg-overlay bg-fill fill\" ><\/div><div class=\"container relative\"><div class=\"inner last-reset\">\n<div class=\"row align-middle align-center\"  id=\"row-1744079305\">\n\n\t<div id=\"col-824275758\" class=\"col small-12 large-12\"  >\n\t\t\t\t<div class=\"col-inner text-left\"  >\n\t\t\t\n\t\t\t\n<h4>Omadused<\/h4>\n<div class=\"row\"  id=\"row-1413144388\">\n\n\t<div id=\"col-407006362\" class=\"col medium-6 small-12 large-6\"  >\n\t\t\t\t<div class=\"col-inner\"  >\n\t\t\t\n\t\t\t\n<p><i class=\"far fa-check-circle fa-2x\"><\/i><strong>\u00a0J\u00f5uline mutrikeeraja suurima p\u00f6\u00f6rdemomendiga 610\u00a0Nm <\/strong><\/p>\n<p><i class=\"far fa-check-circle fa-2x\"><\/i><strong> Mittelibisev kummikattega k\u00e4epide ohutuks kasutamiseks\u00a0<\/strong><\/p>\n<p><i class=\"far fa-check-circle fa-2x\"><\/i><strong> Parim j\u00f5udlus suru\u00f5huvooliku sisel\u00e4bim\u00f5\u00f5duga v\u00e4hemalt 9\u00a0mm <\/strong><\/p>\n<p><i class=\"far fa-check-circle fa-2x\"><\/i><strong> Kaasas 1 v\u00e4ike \u00f5lipudel ja 1 suru\u00f5hunippel\u00a0<\/strong><\/p>\n\t\t<\/div>\n\t\t\t\t\n<style>\n#col-407006362 > .col-inner {\n  margin: 0px 0px 15px 0px;\n}\n<\/style>\n\t<\/div>\n\n\t\n\n\t<div id=\"col-1214593887\" class=\"col medium-6 small-12 large-6\"  >\n\t\t\t\t<div class=\"col-inner\"  >\n\t\t\t\n\t\t\t\n<p><i class=\"far fa-check-circle fa-2x\"><\/i><strong> Sobib suurep\u00e4raselt ka m\u00e4rksa raskemateks t\u00f6\u00f6deks <\/strong><\/p>\n<p><i class=\"far fa-check-circle fa-2x\"><\/i><strong> Vastup\u00e4eva (\u00fcks aste) ja p\u00e4rip\u00e4eva (kolm astet) t\u00f6\u00f6tamine\u00a0<\/strong><\/p>\n<p><i class=\"far fa-check-circle fa-2x\"><\/i><strong> Kaasas 10 padrunv\u00f5tit suurusega 8, 10, 11, 13, 17, 19, 21, 22, 24 ja 27\u00a0mm\u00a0<\/strong><\/p>\n<p><i class=\"far fa-check-circle fa-2x\"><\/i><strong> Kaasas \u00fcks 125\u00a0mm pikendussaba\u00a0<\/strong><\/p>\n\t\t<\/div>\n\t\t\t\t\n<style>\n#col-1214593887 > .col-inner {\n  margin: 0px 0px 15px 0px;\n}\n<\/style>\n\t<\/div>\n\n\t\n<\/div>\n\t\t<\/div>\n\t\t\t\t\t<\/div>\n\n\t\n<\/div>\n<\/div><\/div><\/div>\n\t<div id=\"gap-1072698740\" class=\"gap-element clearfix\" style=\"display:block; height:auto;\">\n\t\t\n<style>\n#gap-1072698740 {\n  padding-top: 30px;\n}\n<\/style>\n\t<\/div>\n\t\n<h2>Tootekirjeldus<\/h2>\n<p> Suru\u00f5hu mutrikeerajal Einhell TC-PW 610 on piisavalt j\u00f5udu k\u00f5ikideks kodu-, kuuri- ja garaa\u017eit\u00f6\u00f6deks. T\u00e4nu oma tohutule j\u00f5ule sobib see suurep\u00e4raselt ka m\u00e4rksa raskemateks t\u00f6\u00f6deks. Tugeva mutrikeeraja suurim p\u00f6\u00f6rdemoment on 610\u00a0Nm. Mittelibisev kummeeritud k\u00e4epide tagab, et sellega on igas olukorras ohutu ja mugav t\u00f6\u00f6tada. Vastup\u00e4eva (\u00fcks aste) ja p\u00e4rip\u00e4eva (kolm astet) t\u00f6\u00f6tamine tagab, et suru\u00f5hu-mutrikeerajat saab kasutada paljude erinevate meisterdust\u00f6\u00f6de tegemiseks. Suurima j\u00f5udluse saavutamiseks tuleb seda kasutada v\u00e4hemalt 9\u00a0mm sisel\u00e4bim\u00f5\u00f5duga suru\u00f5huvoolikuga. K\u00f5rgeim lubatud t\u00f6\u00f6r\u00f5hk on 6,3 baari, suurim kasutatav keerme l\u00e4bim\u00f5\u00f5t on 19\u00a0mm. Tootel on kaasas 10 padrunv\u00f5tit standardsuurustega 8, 10, 11, 13, 17, 19, 21, 22, 24 ja 27 mm ning 1 v\u00e4ike \u00f5lipudel ja 1 suru\u00f5hunippel. Kaasas on ka \u00fcks 125\u00a0mm pikendussaba. Seet\u00f5ttu on suru\u00f5hu-mutrikeeraja Einhell TC-PW 610 kohe kasutusvalmis. Tarnitakse otstarbekas hoiu- ja teisalduskohvris. <\/p>\n\t<div id=\"gap-1307425265\" class=\"gap-element clearfix\" style=\"display:block; height:auto;\">\n\t\t\n<style>\n#gap-1307425265 {\n  padding-top: 30px;\n}\n<\/style>\n\t<\/div>\n\t\n\t\t<\/div>\n\t\t\t\t\t<\/div>\n\n\t\n\n\t<div id=\"col-1720388124\" class=\"col medium-3 small-12 large-3\"  >\n\t\t\t\t<div class=\"col-inner\"  >\n\t\t\t\n\t\t\t\n\t<div id=\"gap-185489659\" class=\"gap-element clearfix\" style=\"display:block; height:auto;\">\n\t\t\n<style>\n#gap-185489659 {\n  padding-top: 30px;\n}\n<\/style>\n\t<\/div>\n\t\n<h3>Kasutusjuhend<\/h3>\n<p><a href=\"https:\/\/espak.ee\/epood\/wp-content\/uploads\/Pneumomutrikeeraja-EInhell-TC-PW-610-4138960-est.pdf\" target=\"_blank\" rel=\"noopener noreferrer\"><i class=\"far fa-file-pdf\"><\/i> Kasutusjuhend (PDF)<\/a><\/p>\n<div class=\"is-divider divider clearfix\" ><\/div>\n<p><strong>\u00dcksikasjalikuma n\u00f5u saamiseks v\u00f5tke \u00fchendust:<br \/><\/strong>Espak AS<br \/>Viadukti 42<br \/>11313<br \/>Tallinn<br \/>+372 6 512333<\/p>\n\t\t<\/div>\n\t\t\t\t\t<\/div>\n\n\t\n<\/div>\n","protected":false},"excerpt":{"rendered":"","protected":false},"featured_media":32152,"comment_status":"closed","ping_status":"closed","template":"","meta":[],"product_brand":[],"product_cat":[2680,2940,2783,2679],"product_tag":[],"class_list":{"0":"post-21536","1":"product","2":"type-product","3":"status-publish","4":"has-post-thumbnail","6":"product_cat-elektritooriistad","7":"product_cat-muud-suruohutooriistad","8":"product_cat-suruohutooriistad","9":"product_cat-tooriistad","10":"pa_kaubamark-einhell","12":"first","13":"instock","14":"sale","15":"taxable","16":"shipping-taxable","17":"purchasable","18":"product-type-simple"},"yoast_head":"<!-- This site is optimized with the Yoast SEO plugin v26.9 - https:\/\/yoast.com\/product\/yoast-seo-wordpress\/ -->\n<title>MUTRIKEERAJA PNEUMOMAATILINE 1\/2\u201d EINHELL TC-PW 610 - Espak E-pood<\/title>\n<meta name=\"description\" content=\"Suru\u00f5hu mutrikeerajal Einhell TC-PW 610 on piisavalt j\u00f5udu k\u00f5ikideks kodu-, kuuri- ja garaa\u017eit\u00f6\u00f6deks. T\u00e4nu oma tohutule j\u00f5ule sobib see suurep\u00e4raselt ka m\u00e4rksa raskemateks t\u00f6\u00f6deks. Tugeva mutrikeeraja suurim p\u00f6\u00f6rdemoment on 610\u00a0Nm.\" \/>\n<meta name=\"robots\" content=\"index, follow, max-snippet:-1, max-image-preview:large, max-video-preview:-1\" \/>\n<link rel=\"canonical\" href=\"https:\/\/espak.ee\/epood\/toode\/mutrikeeraja-pneumomaatiline-1-2-einhell-tc-pw-610\/\" \/>\n<meta property=\"og:locale\" content=\"et_EE\" \/>\n<meta property=\"og:type\" content=\"article\" \/>\n<meta property=\"og:title\" content=\"MUTRIKEERAJA PNEUMOMAATILINE 1\/2\u201d EINHELL TC-PW 610 - Espak E-pood\" \/>\n<meta property=\"og:description\" content=\"Suru\u00f5hu mutrikeerajal Einhell TC-PW 610 on piisavalt j\u00f5udu k\u00f5ikideks kodu-, kuuri- ja garaa\u017eit\u00f6\u00f6deks. T\u00e4nu oma tohutule j\u00f5ule sobib see suurep\u00e4raselt ka m\u00e4rksa raskemateks t\u00f6\u00f6deks. Tugeva mutrikeeraja suurim p\u00f6\u00f6rdemoment on 610\u00a0Nm.\" \/>\n<meta property=\"og:url\" content=\"https:\/\/espak.ee\/epood\/toode\/mutrikeeraja-pneumomaatiline-1-2-einhell-tc-pw-610\/\" \/>\n<meta property=\"og:site_name\" content=\"Espak E-pood\" \/>\n<meta property=\"article:modified_time\" content=\"2024-03-22T21:38:45+00:00\" \/>\n<meta property=\"og:image\" content=\"https:\/\/espak.ee\/epood\/wp-content\/uploads\/4138960_11018_001_TC_PW_610_RAL3002_Pic-873x1024.jpg\" \/>\n\t<meta property=\"og:image:width\" content=\"873\" \/>\n\t<meta property=\"og:image:height\" content=\"1024\" \/>\n\t<meta property=\"og:image:type\" content=\"image\/jpeg\" \/>\n<meta name=\"twitter:card\" content=\"summary_large_image\" \/>\n<meta name=\"twitter:label1\" content=\"Est. reading time\" \/>\n\t<meta name=\"twitter:data1\" content=\"1 minut\" \/>\n<script type=\"application\/ld+json\" class=\"yoast-schema-graph\">{\"@context\":\"https:\/\/schema.org\",\"@graph\":[{\"@type\":\"WebPage\",\"@id\":\"https:\/\/espak.ee\/epood\/toode\/mutrikeeraja-pneumomaatiline-1-2-einhell-tc-pw-610\/\",\"url\":\"https:\/\/espak.ee\/epood\/toode\/mutrikeeraja-pneumomaatiline-1-2-einhell-tc-pw-610\/\",\"name\":\"MUTRIKEERAJA PNEUMOMAATILINE 1\/2\u201d EINHELL TC-PW 610 - Espak E-pood\",\"isPartOf\":{\"@id\":\"https:\/\/espak.ee\/epood\/#website\"},\"primaryImageOfPage\":{\"@id\":\"https:\/\/espak.ee\/epood\/toode\/mutrikeeraja-pneumomaatiline-1-2-einhell-tc-pw-610\/#primaryimage\"},\"image\":{\"@id\":\"https:\/\/espak.ee\/epood\/toode\/mutrikeeraja-pneumomaatiline-1-2-einhell-tc-pw-610\/#primaryimage\"},\"thumbnailUrl\":\"https:\/\/espak.ee\/epood\/wp-content\/uploads\/4138960_11018_001_TC_PW_610_RAL3002_Pic.jpg\",\"datePublished\":\"2020-04-18T01:20:11+00:00\",\"dateModified\":\"2024-03-22T21:38:45+00:00\",\"description\":\"Suru\u00f5hu mutrikeerajal Einhell TC-PW 610 on piisavalt j\u00f5udu k\u00f5ikideks kodu-, kuuri- ja garaa\u017eit\u00f6\u00f6deks. T\u00e4nu oma tohutule j\u00f5ule sobib see suurep\u00e4raselt ka m\u00e4rksa raskemateks t\u00f6\u00f6deks. Tugeva mutrikeeraja suurim p\u00f6\u00f6rdemoment on 610\u00a0Nm.\",\"breadcrumb\":{\"@id\":\"https:\/\/espak.ee\/epood\/toode\/mutrikeeraja-pneumomaatiline-1-2-einhell-tc-pw-610\/#breadcrumb\"},\"inLanguage\":\"et\",\"potentialAction\":[{\"@type\":\"ReadAction\",\"target\":[\"https:\/\/espak.ee\/epood\/toode\/mutrikeeraja-pneumomaatiline-1-2-einhell-tc-pw-610\/\"]}]},{\"@type\":\"ImageObject\",\"inLanguage\":\"et\",\"@id\":\"https:\/\/espak.ee\/epood\/toode\/mutrikeeraja-pneumomaatiline-1-2-einhell-tc-pw-610\/#primaryimage\",\"url\":\"https:\/\/espak.ee\/epood\/wp-content\/uploads\/4138960_11018_001_TC_PW_610_RAL3002_Pic.jpg\",\"contentUrl\":\"https:\/\/espak.ee\/epood\/wp-content\/uploads\/4138960_11018_001_TC_PW_610_RAL3002_Pic.jpg\",\"width\":1511,\"height\":1772},{\"@type\":\"BreadcrumbList\",\"@id\":\"https:\/\/espak.ee\/epood\/toode\/mutrikeeraja-pneumomaatiline-1-2-einhell-tc-pw-610\/#breadcrumb\",\"itemListElement\":[{\"@type\":\"ListItem\",\"position\":1,\"name\":\"Home\",\"item\":\"https:\/\/espak.ee\/epood\/\"},{\"@type\":\"ListItem\",\"position\":2,\"name\":\"Tootevalik\",\"item\":\"https:\/\/espak.ee\/epood\/tootevalik\/\"},{\"@type\":\"ListItem\",\"position\":3,\"name\":\"MUTRIKEERAJA PNEUMOMAATILINE 1\/2\u201d EINHELL TC-PW 610\"}]},{\"@type\":\"WebSite\",\"@id\":\"https:\/\/espak.ee\/epood\/#website\",\"url\":\"https:\/\/espak.ee\/epood\/\",\"name\":\"Espak E-pood\",\"description\":\"\",\"potentialAction\":[{\"@type\":\"SearchAction\",\"target\":{\"@type\":\"EntryPoint\",\"urlTemplate\":\"https:\/\/espak.ee\/epood\/?s={search_term_string}\"},\"query-input\":{\"@type\":\"PropertyValueSpecification\",\"valueRequired\":true,\"valueName\":\"search_term_string\"}}],\"inLanguage\":\"et\"}]}<\/script>\n<!-- \/ Yoast SEO plugin. -->","yoast_head_json":{"title":"MUTRIKEERAJA PNEUMOMAATILINE 1\/2\u201d EINHELL TC-PW 610 - Espak E-pood","description":"Suru\u00f5hu mutrikeerajal Einhell TC-PW 610 on piisavalt j\u00f5udu k\u00f5ikideks kodu-, kuuri- ja garaa\u017eit\u00f6\u00f6deks. T\u00e4nu oma tohutule j\u00f5ule sobib see suurep\u00e4raselt ka m\u00e4rksa raskemateks t\u00f6\u00f6deks. Tugeva mutrikeeraja suurim p\u00f6\u00f6rdemoment on 610\u00a0Nm.","robots":{"index":"index","follow":"follow","max-snippet":"max-snippet:-1","max-image-preview":"max-image-preview:large","max-video-preview":"max-video-preview:-1"},"canonical":"https:\/\/espak.ee\/epood\/toode\/mutrikeeraja-pneumomaatiline-1-2-einhell-tc-pw-610\/","og_locale":"et_EE","og_type":"article","og_title":"MUTRIKEERAJA PNEUMOMAATILINE 1\/2\u201d EINHELL TC-PW 610 - Espak E-pood","og_description":"Suru\u00f5hu mutrikeerajal Einhell TC-PW 610 on piisavalt j\u00f5udu k\u00f5ikideks kodu-, kuuri- ja garaa\u017eit\u00f6\u00f6deks. T\u00e4nu oma tohutule j\u00f5ule sobib see suurep\u00e4raselt ka m\u00e4rksa raskemateks t\u00f6\u00f6deks. Tugeva mutrikeeraja suurim p\u00f6\u00f6rdemoment on 610\u00a0Nm.","og_url":"https:\/\/espak.ee\/epood\/toode\/mutrikeeraja-pneumomaatiline-1-2-einhell-tc-pw-610\/","og_site_name":"Espak E-pood","article_modified_time":"2024-03-22T21:38:45+00:00","og_image":[{"width":873,"height":1024,"url":"https:\/\/espak.ee\/epood\/wp-content\/uploads\/4138960_11018_001_TC_PW_610_RAL3002_Pic-873x1024.jpg","type":"image\/jpeg"}],"twitter_card":"summary_large_image","twitter_misc":{"Est. reading time":"1 minut"},"schema":{"@context":"https:\/\/schema.org","@graph":[{"@type":"WebPage","@id":"https:\/\/espak.ee\/epood\/toode\/mutrikeeraja-pneumomaatiline-1-2-einhell-tc-pw-610\/","url":"https:\/\/espak.ee\/epood\/toode\/mutrikeeraja-pneumomaatiline-1-2-einhell-tc-pw-610\/","name":"MUTRIKEERAJA PNEUMOMAATILINE 1\/2\u201d EINHELL TC-PW 610 - Espak E-pood","isPartOf":{"@id":"https:\/\/espak.ee\/epood\/#website"},"primaryImageOfPage":{"@id":"https:\/\/espak.ee\/epood\/toode\/mutrikeeraja-pneumomaatiline-1-2-einhell-tc-pw-610\/#primaryimage"},"image":{"@id":"https:\/\/espak.ee\/epood\/toode\/mutrikeeraja-pneumomaatiline-1-2-einhell-tc-pw-610\/#primaryimage"},"thumbnailUrl":"https:\/\/espak.ee\/epood\/wp-content\/uploads\/4138960_11018_001_TC_PW_610_RAL3002_Pic.jpg","datePublished":"2020-04-18T01:20:11+00:00","dateModified":"2024-03-22T21:38:45+00:00","description":"Suru\u00f5hu mutrikeerajal Einhell TC-PW 610 on piisavalt j\u00f5udu k\u00f5ikideks kodu-, kuuri- ja garaa\u017eit\u00f6\u00f6deks. T\u00e4nu oma tohutule j\u00f5ule sobib see suurep\u00e4raselt ka m\u00e4rksa raskemateks t\u00f6\u00f6deks. Tugeva mutrikeeraja suurim p\u00f6\u00f6rdemoment on 610\u00a0Nm.","breadcrumb":{"@id":"https:\/\/espak.ee\/epood\/toode\/mutrikeeraja-pneumomaatiline-1-2-einhell-tc-pw-610\/#breadcrumb"},"inLanguage":"et","potentialAction":[{"@type":"ReadAction","target":["https:\/\/espak.ee\/epood\/toode\/mutrikeeraja-pneumomaatiline-1-2-einhell-tc-pw-610\/"]}]},{"@type":"ImageObject","inLanguage":"et","@id":"https:\/\/espak.ee\/epood\/toode\/mutrikeeraja-pneumomaatiline-1-2-einhell-tc-pw-610\/#primaryimage","url":"https:\/\/espak.ee\/epood\/wp-content\/uploads\/4138960_11018_001_TC_PW_610_RAL3002_Pic.jpg","contentUrl":"https:\/\/espak.ee\/epood\/wp-content\/uploads\/4138960_11018_001_TC_PW_610_RAL3002_Pic.jpg","width":1511,"height":1772},{"@type":"BreadcrumbList","@id":"https:\/\/espak.ee\/epood\/toode\/mutrikeeraja-pneumomaatiline-1-2-einhell-tc-pw-610\/#breadcrumb","itemListElement":[{"@type":"ListItem","position":1,"name":"Home","item":"https:\/\/espak.ee\/epood\/"},{"@type":"ListItem","position":2,"name":"Tootevalik","item":"https:\/\/espak.ee\/epood\/tootevalik\/"},{"@type":"ListItem","position":3,"name":"MUTRIKEERAJA PNEUMOMAATILINE 1\/2\u201d EINHELL TC-PW 610"}]},{"@type":"WebSite","@id":"https:\/\/espak.ee\/epood\/#website","url":"https:\/\/espak.ee\/epood\/","name":"Espak E-pood","description":"","potentialAction":[{"@type":"SearchAction","target":{"@type":"EntryPoint","urlTemplate":"https:\/\/espak.ee\/epood\/?s={search_term_string}"},"query-input":{"@type":"PropertyValueSpecification","valueRequired":true,"valueName":"search_term_string"}}],"inLanguage":"et"}]}},"_links":{"self":[{"href":"https:\/\/espak.ee\/epood\/wp-json\/wp\/v2\/product\/21536","targetHints":{"allow":["GET"]}}],"collection":[{"href":"https:\/\/espak.ee\/epood\/wp-json\/wp\/v2\/product"}],"about":[{"href":"https:\/\/espak.ee\/epood\/wp-json\/wp\/v2\/types\/product"}],"replies":[{"embeddable":true,"href":"https:\/\/espak.ee\/epood\/wp-json\/wp\/v2\/comments?post=21536"}],"wp:featuredmedia":[{"embeddable":true,"href":"https:\/\/espak.ee\/epood\/wp-json\/wp\/v2\/media\/32152"}],"wp:attachment":[{"href":"https:\/\/espak.ee\/epood\/wp-json\/wp\/v2\/media?parent=21536"}],"wp:term":[{"taxonomy":"product_brand","embeddable":true,"href":"https:\/\/espak.ee\/epood\/wp-json\/wp\/v2\/product_brand?post=21536"},{"taxonomy":"product_cat","embeddable":true,"href":"https:\/\/espak.ee\/epood\/wp-json\/wp\/v2\/product_cat?post=21536"},{"taxonomy":"product_tag","embeddable":true,"href":"https:\/\/espak.ee\/epood\/wp-json\/wp\/v2\/product_tag?post=21536"}],"curies":[{"name":"wp","href":"https:\/\/api.w.org\/{rel}","templated":true}]}}