{"id":21523,"date":"2020-04-18T04:17:03","date_gmt":"2020-04-18T01:17:03","guid":{"rendered":"https:\/\/espak.ee\/hinnakiri\/?post_type=product&#038;p=21523"},"modified":"2024-03-22T23:38:49","modified_gmt":"2024-03-22T21:38:49","slug":"suruohutooriistade-kmpl-einhell-5-osa","status":"publish","type":"product","link":"https:\/\/espak.ee\/epood\/toode\/suruohutooriistade-kmpl-einhell-5-osa\/","title":{"rendered":"SURU\u00d5HUT\u00d6\u00d6RIISTADE KMPL EINHELL 5 OSA"},"content":{"rendered":"<div class=\"row\"  id=\"row-1096827501\">\n\n\t<div id=\"col-1940815758\" class=\"col medium-9 small-12 large-9\"  >\n\t\t\t\t<div class=\"col-inner\"  >\n\t\t\t\n\t\t\t\n<h2>Suru\u00f5hut\u00f6\u00f6riistade kmpl<\/h2>\n<p>Suru\u00f5hut\u00f6\u00f6riistade komplekt Einhell Profi on loodud kutselistele kasutajatele ja p\u00fchendunud meisterdajatele. Komplekt sisaldab laia valikut kuuris, garaa\u017eis ja kodus vajalike t\u00f6\u00f6de tegemiseks m\u00f5eldud tarvikuid. Viieosaline profit\u00f6\u00f6riistade komplekt sobib k\u00f5igi harilike kompressoritega t\u00f6\u00f6r\u00f5huni kuni 8\u00a0baari. Viieosaline komplekt sobib lihtsateks puhastust\u00f6\u00f6deks ja v\u00e4rvimist\u00f6\u00f6deks ning k\u00f5ikideks muudeks kuuri ja garaa\u017ei igap\u00e4evat\u00f6\u00f6deks. K\u00e4ep\u00e4rast \u00f5hup\u00fcstolit saab kasutada t\u00f6\u00f6ala puhastamiseks ja v\u00e4rvitavatelt pindadelt tolmu eemaldamiseks. V\u00e4rvip\u00fcstol on loodud v\u00e4rvide ja lakkide pihustamiseks. Pihustusp\u00fcstol sobib vedela \u00f5li ja puhastuslahuste jaoks. Komplektis on manomeetriga rehvir\u00f5hum\u00f5\u00f5tur s\u00f5idukite ja kaherattaliste rehvide hooldamiseks. T\u00f6\u00f6riistade paindlikuks kasutamiseks on komplektis 4 m pikkune suru\u00f5huvoolik sisel\u00e4bim\u00f5\u00f5duga 6\u00a0mm. Komplekti kuulub ka kiirliitmik t\u00f6\u00f6riistade kiireks vahetamiseks.<\/p>\n<div class=\"message-box relative\" style=\"padding-top:15px;padding-bottom:15px;\"><div class=\"message-box-bg-image bg-fill fill\" ><\/div><div class=\"message-box-bg-overlay bg-fill fill\" ><\/div><div class=\"container relative\"><div class=\"inner last-reset\">\n<div class=\"row align-middle align-center\"  id=\"row-1805614959\">\n\n\t<div id=\"col-1824025283\" class=\"col small-12 large-12\"  >\n\t\t\t\t<div class=\"col-inner text-left\"  >\n\t\t\t\n\t\t\t\n<h4>Omadused<\/h4>\n<div class=\"row\"  id=\"row-159763702\">\n\n\t<div id=\"col-520307654\" class=\"col medium-6 small-12 large-6\"  >\n\t\t\t\t<div class=\"col-inner\"  >\n\t\t\t\n\t\t\t\n<p><i class=\"fa fa-check fa-2x\"><\/i> <strong>5-osaline suru\u00f5hu-profit\u00f6\u00f6riistade komplekt k\u00f5ikidele harilikele kompressoritele<\/strong><\/p>\n<p><i class=\"fa fa-check fa-2x\"><\/i> <strong>Sobib kompressorite t\u00f6\u00f6r\u00f5hule 0&#8230;8\u00a0baari<\/strong><\/p>\n\t\t<\/div>\n\t\t\t\t\n<style>\n#col-520307654 > .col-inner {\n  margin: 0px 0px 15px 0px;\n}\n<\/style>\n\t<\/div>\n\n\t\n<\/div>\n\t\t<\/div>\n\t\t\t\t\t<\/div>\n\n\t\n<\/div>\n<\/div><\/div><\/div>\n\t<div id=\"gap-324321215\" class=\"gap-element clearfix\" style=\"display:block; height:auto;\">\n\t\t\n<style>\n#gap-324321215 {\n  padding-top: 30px;\n}\n<\/style>\n\t<\/div>\n\t\n\t\t<\/div>\n\t\t\t\t\t<\/div>\n\n\t\n\n\t<div id=\"col-2080769325\" class=\"col medium-3 small-12 large-3\"  >\n\t\t\t\t<div class=\"col-inner\"  >\n\t\t\t\n\t\t\t\n\t<div id=\"gap-282470351\" class=\"gap-element clearfix\" style=\"display:block; height:auto;\">\n\t\t\n<style>\n#gap-282470351 {\n  padding-top: 30px;\n}\n<\/style>\n\t<\/div>\n\t\n<div class=\"is-divider divider clearfix\" ><\/div>\n<p><strong>\u00dcksikasjalikuma n\u00f5u saamiseks v\u00f5tke \u00fchendust:<br \/><\/strong>Espak AS<br \/>Viadukti 42<br \/>11313<br \/>Tallinn<br \/>+372 6 512333<\/p>\n<div class=\"is-divider divider clearfix\" ><\/div>\n\t\t<\/div>\n\t\t\t\t\t<\/div>\n\n\t\n<\/div>\n","protected":false},"excerpt":{"rendered":"","protected":false},"featured_media":36185,"comment_status":"closed","ping_status":"open","template":"","meta":[],"product_brand":[],"product_cat":[2680,2940,2783,2679],"product_tag":[],"class_list":{"0":"post-21523","1":"product","2":"type-product","3":"status-publish","4":"has-post-thumbnail","6":"product_cat-elektritooriistad","7":"product_cat-muud-suruohutooriistad","8":"product_cat-suruohutooriistad","9":"product_cat-tooriistad","10":"pa_kaubamark-einhell","12":"first","13":"instock","14":"sale","15":"taxable","16":"shipping-taxable","17":"purchasable","18":"product-type-simple"},"yoast_head":"<!-- This site is optimized with the Yoast SEO plugin v26.9 - https:\/\/yoast.com\/product\/yoast-seo-wordpress\/ -->\n<title>SURU\u00d5HUT\u00d6\u00d6RIISTADE KMPL EINHELL 5 OSA - Espak E-pood<\/title>\n<meta name=\"robots\" content=\"index, follow, max-snippet:-1, max-image-preview:large, max-video-preview:-1\" \/>\n<link rel=\"canonical\" href=\"https:\/\/espak.ee\/epood\/toode\/suruohutooriistade-kmpl-einhell-5-osa\/\" \/>\n<meta property=\"og:locale\" content=\"et_EE\" \/>\n<meta property=\"og:type\" content=\"article\" \/>\n<meta property=\"og:title\" content=\"SURU\u00d5HUT\u00d6\u00d6RIISTADE KMPL EINHELL 5 OSA - Espak E-pood\" \/>\n<meta property=\"og:url\" content=\"https:\/\/espak.ee\/epood\/toode\/suruohutooriistade-kmpl-einhell-5-osa\/\" \/>\n<meta property=\"og:site_name\" content=\"Espak E-pood\" \/>\n<meta property=\"article:modified_time\" content=\"2024-03-22T21:38:49+00:00\" \/>\n<meta property=\"og:image\" content=\"https:\/\/espak.ee\/epood\/wp-content\/uploads\/4132720-EINH-1.jpg\" \/>\n\t<meta property=\"og:image:width\" content=\"1772\" \/>\n\t<meta property=\"og:image:height\" content=\"1772\" \/>\n\t<meta property=\"og:image:type\" content=\"image\/jpeg\" \/>\n<meta name=\"twitter:card\" content=\"summary_large_image\" \/>\n<meta name=\"twitter:label1\" content=\"Est. reading time\" \/>\n\t<meta name=\"twitter:data1\" content=\"1 minut\" \/>\n<script type=\"application\/ld+json\" class=\"yoast-schema-graph\">{\"@context\":\"https:\/\/schema.org\",\"@graph\":[{\"@type\":\"WebPage\",\"@id\":\"https:\/\/espak.ee\/epood\/toode\/suruohutooriistade-kmpl-einhell-5-osa\/\",\"url\":\"https:\/\/espak.ee\/epood\/toode\/suruohutooriistade-kmpl-einhell-5-osa\/\",\"name\":\"SURU\u00d5HUT\u00d6\u00d6RIISTADE KMPL EINHELL 5 OSA - Espak E-pood\",\"isPartOf\":{\"@id\":\"https:\/\/espak.ee\/epood\/#website\"},\"primaryImageOfPage\":{\"@id\":\"https:\/\/espak.ee\/epood\/toode\/suruohutooriistade-kmpl-einhell-5-osa\/#primaryimage\"},\"image\":{\"@id\":\"https:\/\/espak.ee\/epood\/toode\/suruohutooriistade-kmpl-einhell-5-osa\/#primaryimage\"},\"thumbnailUrl\":\"https:\/\/espak.ee\/epood\/wp-content\/uploads\/4132720-EINH-1.jpg\",\"datePublished\":\"2020-04-18T01:17:03+00:00\",\"dateModified\":\"2024-03-22T21:38:49+00:00\",\"breadcrumb\":{\"@id\":\"https:\/\/espak.ee\/epood\/toode\/suruohutooriistade-kmpl-einhell-5-osa\/#breadcrumb\"},\"inLanguage\":\"et\",\"potentialAction\":[{\"@type\":\"ReadAction\",\"target\":[\"https:\/\/espak.ee\/epood\/toode\/suruohutooriistade-kmpl-einhell-5-osa\/\"]}]},{\"@type\":\"ImageObject\",\"inLanguage\":\"et\",\"@id\":\"https:\/\/espak.ee\/epood\/toode\/suruohutooriistade-kmpl-einhell-5-osa\/#primaryimage\",\"url\":\"https:\/\/espak.ee\/epood\/wp-content\/uploads\/4132720-EINH-1.jpg\",\"contentUrl\":\"https:\/\/espak.ee\/epood\/wp-content\/uploads\/4132720-EINH-1.jpg\",\"width\":1772,\"height\":1772},{\"@type\":\"BreadcrumbList\",\"@id\":\"https:\/\/espak.ee\/epood\/toode\/suruohutooriistade-kmpl-einhell-5-osa\/#breadcrumb\",\"itemListElement\":[{\"@type\":\"ListItem\",\"position\":1,\"name\":\"Home\",\"item\":\"https:\/\/espak.ee\/epood\/\"},{\"@type\":\"ListItem\",\"position\":2,\"name\":\"Tootevalik\",\"item\":\"https:\/\/espak.ee\/epood\/tootevalik\/\"},{\"@type\":\"ListItem\",\"position\":3,\"name\":\"SURU\u00d5HUT\u00d6\u00d6RIISTADE KMPL EINHELL 5 OSA\"}]},{\"@type\":\"WebSite\",\"@id\":\"https:\/\/espak.ee\/epood\/#website\",\"url\":\"https:\/\/espak.ee\/epood\/\",\"name\":\"Espak E-pood\",\"description\":\"\",\"potentialAction\":[{\"@type\":\"SearchAction\",\"target\":{\"@type\":\"EntryPoint\",\"urlTemplate\":\"https:\/\/espak.ee\/epood\/?s={search_term_string}\"},\"query-input\":{\"@type\":\"PropertyValueSpecification\",\"valueRequired\":true,\"valueName\":\"search_term_string\"}}],\"inLanguage\":\"et\"}]}<\/script>\n<!-- \/ Yoast SEO plugin. -->","yoast_head_json":{"title":"SURU\u00d5HUT\u00d6\u00d6RIISTADE KMPL EINHELL 5 OSA - Espak E-pood","robots":{"index":"index","follow":"follow","max-snippet":"max-snippet:-1","max-image-preview":"max-image-preview:large","max-video-preview":"max-video-preview:-1"},"canonical":"https:\/\/espak.ee\/epood\/toode\/suruohutooriistade-kmpl-einhell-5-osa\/","og_locale":"et_EE","og_type":"article","og_title":"SURU\u00d5HUT\u00d6\u00d6RIISTADE KMPL EINHELL 5 OSA - Espak E-pood","og_url":"https:\/\/espak.ee\/epood\/toode\/suruohutooriistade-kmpl-einhell-5-osa\/","og_site_name":"Espak E-pood","article_modified_time":"2024-03-22T21:38:49+00:00","og_image":[{"width":1772,"height":1772,"url":"https:\/\/espak.ee\/epood\/wp-content\/uploads\/4132720-EINH-1.jpg","type":"image\/jpeg"}],"twitter_card":"summary_large_image","twitter_misc":{"Est. reading time":"1 minut"},"schema":{"@context":"https:\/\/schema.org","@graph":[{"@type":"WebPage","@id":"https:\/\/espak.ee\/epood\/toode\/suruohutooriistade-kmpl-einhell-5-osa\/","url":"https:\/\/espak.ee\/epood\/toode\/suruohutooriistade-kmpl-einhell-5-osa\/","name":"SURU\u00d5HUT\u00d6\u00d6RIISTADE KMPL EINHELL 5 OSA - Espak E-pood","isPartOf":{"@id":"https:\/\/espak.ee\/epood\/#website"},"primaryImageOfPage":{"@id":"https:\/\/espak.ee\/epood\/toode\/suruohutooriistade-kmpl-einhell-5-osa\/#primaryimage"},"image":{"@id":"https:\/\/espak.ee\/epood\/toode\/suruohutooriistade-kmpl-einhell-5-osa\/#primaryimage"},"thumbnailUrl":"https:\/\/espak.ee\/epood\/wp-content\/uploads\/4132720-EINH-1.jpg","datePublished":"2020-04-18T01:17:03+00:00","dateModified":"2024-03-22T21:38:49+00:00","breadcrumb":{"@id":"https:\/\/espak.ee\/epood\/toode\/suruohutooriistade-kmpl-einhell-5-osa\/#breadcrumb"},"inLanguage":"et","potentialAction":[{"@type":"ReadAction","target":["https:\/\/espak.ee\/epood\/toode\/suruohutooriistade-kmpl-einhell-5-osa\/"]}]},{"@type":"ImageObject","inLanguage":"et","@id":"https:\/\/espak.ee\/epood\/toode\/suruohutooriistade-kmpl-einhell-5-osa\/#primaryimage","url":"https:\/\/espak.ee\/epood\/wp-content\/uploads\/4132720-EINH-1.jpg","contentUrl":"https:\/\/espak.ee\/epood\/wp-content\/uploads\/4132720-EINH-1.jpg","width":1772,"height":1772},{"@type":"BreadcrumbList","@id":"https:\/\/espak.ee\/epood\/toode\/suruohutooriistade-kmpl-einhell-5-osa\/#breadcrumb","itemListElement":[{"@type":"ListItem","position":1,"name":"Home","item":"https:\/\/espak.ee\/epood\/"},{"@type":"ListItem","position":2,"name":"Tootevalik","item":"https:\/\/espak.ee\/epood\/tootevalik\/"},{"@type":"ListItem","position":3,"name":"SURU\u00d5HUT\u00d6\u00d6RIISTADE KMPL EINHELL 5 OSA"}]},{"@type":"WebSite","@id":"https:\/\/espak.ee\/epood\/#website","url":"https:\/\/espak.ee\/epood\/","name":"Espak E-pood","description":"","potentialAction":[{"@type":"SearchAction","target":{"@type":"EntryPoint","urlTemplate":"https:\/\/espak.ee\/epood\/?s={search_term_string}"},"query-input":{"@type":"PropertyValueSpecification","valueRequired":true,"valueName":"search_term_string"}}],"inLanguage":"et"}]}},"_links":{"self":[{"href":"https:\/\/espak.ee\/epood\/wp-json\/wp\/v2\/product\/21523","targetHints":{"allow":["GET"]}}],"collection":[{"href":"https:\/\/espak.ee\/epood\/wp-json\/wp\/v2\/product"}],"about":[{"href":"https:\/\/espak.ee\/epood\/wp-json\/wp\/v2\/types\/product"}],"replies":[{"embeddable":true,"href":"https:\/\/espak.ee\/epood\/wp-json\/wp\/v2\/comments?post=21523"}],"wp:featuredmedia":[{"embeddable":true,"href":"https:\/\/espak.ee\/epood\/wp-json\/wp\/v2\/media\/36185"}],"wp:attachment":[{"href":"https:\/\/espak.ee\/epood\/wp-json\/wp\/v2\/media?parent=21523"}],"wp:term":[{"taxonomy":"product_brand","embeddable":true,"href":"https:\/\/espak.ee\/epood\/wp-json\/wp\/v2\/product_brand?post=21523"},{"taxonomy":"product_cat","embeddable":true,"href":"https:\/\/espak.ee\/epood\/wp-json\/wp\/v2\/product_cat?post=21523"},{"taxonomy":"product_tag","embeddable":true,"href":"https:\/\/espak.ee\/epood\/wp-json\/wp\/v2\/product_tag?post=21523"}],"curies":[{"name":"wp","href":"https:\/\/api.w.org\/{rel}","templated":true}]}}