{"id":21522,"date":"2020-04-18T04:17:03","date_gmt":"2020-04-18T01:17:03","guid":{"rendered":"https:\/\/espak.ee\/hinnakiri\/?post_type=product&#038;p=21522"},"modified":"2025-09-26T10:54:14","modified_gmt":"2025-09-26T07:54:14","slug":"kompressor-einhell-te-ac-24-silent","status":"publish","type":"product","link":"https:\/\/espak.ee\/epood\/toode\/kompressor-einhell-te-ac-24-silent\/","title":{"rendered":"KOMPRESSOR EINHELL TE-AC 135\/24 SILENT PLUS"},"content":{"rendered":"<div class=\"row\"  id=\"row-1402146504\">\n\n\t<div id=\"col-641024406\" class=\"col medium-9 small-12 large-9\"  >\n\t\t\t\t<div class=\"col-inner\"  >\n\t\t\t\n\t\t\t\n<div class=\"message-box relative\" style=\"padding-top:15px;padding-bottom:15px;\"><div class=\"message-box-bg-image bg-fill fill\" ><\/div><div class=\"message-box-bg-overlay bg-fill fill\" ><\/div><div class=\"container relative\"><div class=\"inner last-reset\">\n<div class=\"row align-middle align-center\"  id=\"row-1914531539\">\n\n\t<div id=\"col-1455597519\" class=\"col small-12 large-12\"  >\n\t\t\t\t<div class=\"col-inner text-left\"  >\n\t\t\t\n\t\t\t\n<h4>Omadused<\/h4>\n<div class=\"row\"  id=\"row-82019276\">\n\n\t<div id=\"col-3248081\" class=\"col medium-6 small-12 large-6\"  >\n\t\t\t\t<div class=\"col-inner\"  >\n\t\t\t\n\t\t\t\n<p><i class=\"far fa-check-circle fa-2x\"><\/i><strong>\u00a0Vaikne kompressor madala m\u00fcratasemega vaid 65\u00a0dB (LpA) <\/strong><\/p>\n<p><i class=\"far fa-check-circle fa-2x\"><\/i><strong> V\u00e4hese seadistusvajadusega \u00f5li- ja hooldusvaba mootor\u00a0<\/strong><\/p>\n<p><i class=\"far fa-check-circle fa-2x\"><\/i><strong> Kompaktne p\u00fcstine ehitus ruumis\u00e4\u00e4stlikuks hoiustamiseks <\/strong><\/p>\n<p><i class=\"far fa-check-circle fa-2x\"><\/i><strong> Manomeeter ja kiirliitmik reguleeritud r\u00f5hu v\u00e4ljalasuks\u00a0<\/strong><\/p>\n<p><i class=\"far fa-check-circle fa-2x\"><\/i><strong> Vibratsiooni summutavad jalad tagavad hea p\u00fcsivuse\u00a0<\/strong><\/p>\n<p><i class=\"far fa-check-circle fa-2x\"><\/i><strong> Kaitseklapp kasutaja kaitsmiseks ohtude eest\u00a0<\/strong><\/p>\n\t\t<\/div>\n\t\t\t\t\n<style>\n#col-3248081 > .col-inner {\n  margin: 0px 0px 15px 0px;\n}\n<\/style>\n\t<\/div>\n\n\t\n\n\t<div id=\"col-1559540065\" class=\"col medium-6 small-12 large-6\"  >\n\t\t\t\t<div class=\"col-inner\"  >\n\t\t\t\n\t\t\t\n<p><i class=\"far fa-check-circle fa-2x\"><\/i><strong> Vaiksem kui v\u00f5rreldava j\u00f5udlusega tavakompressorid <\/strong><\/p>\n<p><i class=\"far fa-check-circle fa-2x\"><\/i><strong> Piisava \u00f5huvaru tagab 24\u00a0l mahuga r\u00f5hupaak\u00a0<\/strong><\/p>\n<p><i class=\"far fa-check-circle fa-2x\"><\/i><strong> R\u00f5huregulaatori abil v\u00f5imalik seadistada kuni 8\u00a0baari vajavaid rakendusi\u00a0<\/strong><\/p>\n<p><i class=\"far fa-check-circle fa-2x\"><\/i><strong> Manomeeter reguleerimata r\u00f5hu vaatamiseks\u00a0<\/strong><\/p>\n<p><i class=\"far fa-check-circle fa-2x\"><\/i><strong> Paagi l\u00e4biroostetamisvastane garantii 10 aastat\u00a0<\/strong><\/p>\n<p><i class=\"far fa-check-circle fa-2x\"><\/i><strong> T\u00fchjenduskork mugavaks hoolduseks\u00a0<\/strong><\/p>\n\t\t<\/div>\n\t\t\t\t\n<style>\n#col-1559540065 > .col-inner {\n  margin: 0px 0px 15px 0px;\n}\n<\/style>\n\t<\/div>\n\n\t\n<\/div>\n\t\t<\/div>\n\t\t\t\t\t<\/div>\n\n\t\n<\/div>\n<\/div><\/div><\/div>\n\t<div id=\"gap-244703299\" class=\"gap-element clearfix\" style=\"display:block; height:auto;\">\n\t\t\n<style>\n#gap-244703299 {\n  padding-top: 30px;\n}\n<\/style>\n\t<\/div>\n\t\n<h2>Tootekirjeldus<\/h2>\n<p> Kompressor Einhell TE-AC 135\/24 Silent Plus on mitmeotstarbeline p\u00f5hiseade garaa\u017eidesse ja kuuridesse. Selle kompressori \u00fcks silmapaistvamaid omadusi on vaid 65\u00a0dB m\u00fcratase (LpA v\u00e4\u00e4rtus) \u2013 vaikne 750 W kompressor ei tee ka v\u00f5imsuse osas mingeid kompromisse. See kompressor on vaiksem kui v\u00f5rreldava j\u00f5udlusega tavalised kompressorid ning sellel on v\u00e4hese hooldusvajadusega \u00f5livaba ja seadistusvaba mootor. Kompressoril on t\u00fchjenduskork kasutajas\u00f5bralikuks hoolduseks. Kompressori 24 l suru\u00f5hupaagil on sobivaid t\u00f6\u00f6riistu kasutades piisav varu v\u00e4rvi ja laki kiireks pealekandmiseks v\u00f5i puidu osaliselt v\u00f5i t\u00e4ielikult konserveeriva \u00f5liga katmiseks. Vajaduse korral saate teha kuuris ka suru\u00f5huga puhastus- v\u00f5i liivapritsit\u00f6id. See universaalne abiline pumpab vaevata auto-, mootorratta- ja jalgrattarehve, samuti palle ja \u00f5hkmadratseid. Einhell on kvaliteedis veendunud ja pakub paagile k\u00fcmneaastast roostetamisvastast garantiid. R\u00f5huregulaator pakub \u00f5hur\u00f5hu reguleerimise v\u00f5imalust arvukate kuni 8-baariste rakenduste jaoks. Manomeeter ja kiirliitmik reguleeritud r\u00f5huga suru\u00f5hu v\u00e4ljalasuks ja teine manomeeter reguleerimata r\u00f5hu jaoks. Kaitseklapp kasutaja kaitseks. Vaid m\u00f5ni samm ja kompressor on h\u00f5lpsaks teisalduseks valmis. Paikse t\u00f6\u00f6tamise ajal tagavad vankumatu paigalseisu vibratsiooni summutavad jalad. Kompaktne kujundus v\u00f5imaldab ruumis\u00e4\u00e4stlikku hoiustamist. <\/p>\n\t<div id=\"gap-477255434\" class=\"gap-element clearfix\" style=\"display:block; height:auto;\">\n\t\t\n<style>\n#gap-477255434 {\n  padding-top: 30px;\n}\n<\/style>\n\t<\/div>\n\t\n\t\t<\/div>\n\t\t\t\t\t<\/div>\n\n\t\n\n\t<div id=\"col-740090214\" class=\"col medium-3 small-12 large-3\"  >\n\t\t\t\t<div class=\"col-inner\"  >\n\t\t\t\n\t\t\t\n\t<div id=\"gap-2074902464\" class=\"gap-element clearfix\" style=\"display:block; height:auto;\">\n\t\t\n<style>\n#gap-2074902464 {\n  padding-top: 30px;\n}\n<\/style>\n\t<\/div>\n\t\n<h3>Kasutusjuhend<\/h3>\n<p><a href=\"https:\/\/espak.ee\/epood\/wp-content\/uploads\/Kompressor-Einhell-TE-AC-24-silent-4020610.pdf\" target=\"_blank\" rel=\"noopener noreferrer\"><i class=\"far fa-file-pdf\"><\/i> Kasutusjuhend (PDF)<\/a><\/p>\n<div class=\"is-divider divider clearfix\" ><\/div>\n<p><strong>\u00dcksikasjalikuma n\u00f5u saamiseks v\u00f5tke \u00fchendust:<br \/><\/strong>Espak AS<br \/>Viadukti 42<br \/>11313<br \/>Tallinn<br \/>+372 6 512333<\/p>\n\t\t<\/div>\n\t\t\t\t\t<\/div>\n\n\t\n<\/div>\n","protected":false},"excerpt":{"rendered":"","protected":false},"featured_media":242398,"comment_status":"closed","ping_status":"closed","template":"","meta":[],"product_brand":[],"product_cat":[2680,2768,2681,2679],"product_tag":[],"class_list":{"0":"post-21522","1":"product","2":"type-product","3":"status-publish","4":"has-post-thumbnail","6":"product_cat-elektritooriistad","7":"product_cat-kompressorid","8":"product_cat-masinad-ja-seadmed","9":"product_cat-tooriistad","10":"pa_kaubamark-einhell","12":"first","13":"outofstock","14":"sale","15":"taxable","16":"shipping-taxable","17":"purchasable","18":"product-type-simple"},"yoast_head":"<!-- This site is optimized with the Yoast SEO plugin v26.9 - https:\/\/yoast.com\/product\/yoast-seo-wordpress\/ -->\n<title>KOMPRESSOR EINHELL TE-AC 135\/24 SILENT PLUS - Espak E-pood<\/title>\n<meta name=\"description\" content=\"Kompressor Einhell TE-AC 24 Silent on mitmeotstarbeline p\u00f5hiseade garaa\u017eidesse ja kuuridesse. Selle kompressori \u00fcks silmapaistvamaid omadusi on vaid 65\u00a0dB m\u00fcratase (LpA v\u00e4\u00e4rtus) \u2013 vaikne 750 W kompressor ei tee ka v\u00f5imsuse osas mingeid kompromisse.\" \/>\n<meta name=\"robots\" content=\"index, follow, max-snippet:-1, max-image-preview:large, max-video-preview:-1\" \/>\n<link rel=\"canonical\" href=\"https:\/\/espak.ee\/epood\/toode\/kompressor-einhell-te-ac-24-silent\/\" \/>\n<meta property=\"og:locale\" content=\"et_EE\" \/>\n<meta property=\"og:type\" content=\"article\" \/>\n<meta property=\"og:title\" content=\"KOMPRESSOR EINHELL TE-AC 135\/24 SILENT PLUS - Espak E-pood\" \/>\n<meta property=\"og:description\" content=\"Kompressor Einhell TE-AC 24 Silent on mitmeotstarbeline p\u00f5hiseade garaa\u017eidesse ja kuuridesse. Selle kompressori \u00fcks silmapaistvamaid omadusi on vaid 65\u00a0dB m\u00fcratase (LpA v\u00e4\u00e4rtus) \u2013 vaikne 750 W kompressor ei tee ka v\u00f5imsuse osas mingeid kompromisse.\" \/>\n<meta property=\"og:url\" content=\"https:\/\/espak.ee\/epood\/toode\/kompressor-einhell-te-ac-24-silent\/\" \/>\n<meta property=\"og:site_name\" content=\"Espak E-pood\" \/>\n<meta property=\"article:modified_time\" content=\"2025-09-26T07:54:14+00:00\" \/>\n<meta property=\"og:image\" content=\"https:\/\/espak.ee\/epood\/wp-content\/uploads\/2020\/04\/4020610_21033_001_TE_AC_135_24_Silent_Plus_Pic.jpg\" \/>\n\t<meta property=\"og:image:width\" content=\"1000\" \/>\n\t<meta property=\"og:image:height\" content=\"1000\" \/>\n\t<meta property=\"og:image:type\" content=\"image\/jpeg\" \/>\n<meta name=\"twitter:card\" content=\"summary_large_image\" \/>\n<meta name=\"twitter:label1\" content=\"Est. reading time\" \/>\n\t<meta name=\"twitter:data1\" content=\"2 minutit\" \/>\n<script type=\"application\/ld+json\" class=\"yoast-schema-graph\">{\"@context\":\"https:\/\/schema.org\",\"@graph\":[{\"@type\":\"WebPage\",\"@id\":\"https:\/\/espak.ee\/epood\/toode\/kompressor-einhell-te-ac-24-silent\/\",\"url\":\"https:\/\/espak.ee\/epood\/toode\/kompressor-einhell-te-ac-24-silent\/\",\"name\":\"KOMPRESSOR EINHELL TE-AC 135\/24 SILENT PLUS - Espak E-pood\",\"isPartOf\":{\"@id\":\"https:\/\/espak.ee\/epood\/#website\"},\"primaryImageOfPage\":{\"@id\":\"https:\/\/espak.ee\/epood\/toode\/kompressor-einhell-te-ac-24-silent\/#primaryimage\"},\"image\":{\"@id\":\"https:\/\/espak.ee\/epood\/toode\/kompressor-einhell-te-ac-24-silent\/#primaryimage\"},\"thumbnailUrl\":\"https:\/\/espak.ee\/epood\/wp-content\/uploads\/2020\/04\/4020610_21033_001_TE_AC_135_24_Silent_Plus_Pic.jpg\",\"datePublished\":\"2020-04-18T01:17:03+00:00\",\"dateModified\":\"2025-09-26T07:54:14+00:00\",\"description\":\"Kompressor Einhell TE-AC 24 Silent on mitmeotstarbeline p\u00f5hiseade garaa\u017eidesse ja kuuridesse. Selle kompressori \u00fcks silmapaistvamaid omadusi on vaid 65\u00a0dB m\u00fcratase (LpA v\u00e4\u00e4rtus) \u2013 vaikne 750 W kompressor ei tee ka v\u00f5imsuse osas mingeid kompromisse.\",\"breadcrumb\":{\"@id\":\"https:\/\/espak.ee\/epood\/toode\/kompressor-einhell-te-ac-24-silent\/#breadcrumb\"},\"inLanguage\":\"et\",\"potentialAction\":[{\"@type\":\"ReadAction\",\"target\":[\"https:\/\/espak.ee\/epood\/toode\/kompressor-einhell-te-ac-24-silent\/\"]}]},{\"@type\":\"ImageObject\",\"inLanguage\":\"et\",\"@id\":\"https:\/\/espak.ee\/epood\/toode\/kompressor-einhell-te-ac-24-silent\/#primaryimage\",\"url\":\"https:\/\/espak.ee\/epood\/wp-content\/uploads\/2020\/04\/4020610_21033_001_TE_AC_135_24_Silent_Plus_Pic.jpg\",\"contentUrl\":\"https:\/\/espak.ee\/epood\/wp-content\/uploads\/2020\/04\/4020610_21033_001_TE_AC_135_24_Silent_Plus_Pic.jpg\",\"width\":1000,\"height\":1000},{\"@type\":\"BreadcrumbList\",\"@id\":\"https:\/\/espak.ee\/epood\/toode\/kompressor-einhell-te-ac-24-silent\/#breadcrumb\",\"itemListElement\":[{\"@type\":\"ListItem\",\"position\":1,\"name\":\"Home\",\"item\":\"https:\/\/espak.ee\/epood\/\"},{\"@type\":\"ListItem\",\"position\":2,\"name\":\"Tootevalik\",\"item\":\"https:\/\/espak.ee\/epood\/tootevalik\/\"},{\"@type\":\"ListItem\",\"position\":3,\"name\":\"KOMPRESSOR EINHELL TE-AC 135\/24 SILENT PLUS\"}]},{\"@type\":\"WebSite\",\"@id\":\"https:\/\/espak.ee\/epood\/#website\",\"url\":\"https:\/\/espak.ee\/epood\/\",\"name\":\"Espak E-pood\",\"description\":\"\",\"potentialAction\":[{\"@type\":\"SearchAction\",\"target\":{\"@type\":\"EntryPoint\",\"urlTemplate\":\"https:\/\/espak.ee\/epood\/?s={search_term_string}\"},\"query-input\":{\"@type\":\"PropertyValueSpecification\",\"valueRequired\":true,\"valueName\":\"search_term_string\"}}],\"inLanguage\":\"et\"}]}<\/script>\n<!-- \/ Yoast SEO plugin. -->","yoast_head_json":{"title":"KOMPRESSOR EINHELL TE-AC 135\/24 SILENT PLUS - Espak E-pood","description":"Kompressor Einhell TE-AC 24 Silent on mitmeotstarbeline p\u00f5hiseade garaa\u017eidesse ja kuuridesse. Selle kompressori \u00fcks silmapaistvamaid omadusi on vaid 65\u00a0dB m\u00fcratase (LpA v\u00e4\u00e4rtus) \u2013 vaikne 750 W kompressor ei tee ka v\u00f5imsuse osas mingeid kompromisse.","robots":{"index":"index","follow":"follow","max-snippet":"max-snippet:-1","max-image-preview":"max-image-preview:large","max-video-preview":"max-video-preview:-1"},"canonical":"https:\/\/espak.ee\/epood\/toode\/kompressor-einhell-te-ac-24-silent\/","og_locale":"et_EE","og_type":"article","og_title":"KOMPRESSOR EINHELL TE-AC 135\/24 SILENT PLUS - Espak E-pood","og_description":"Kompressor Einhell TE-AC 24 Silent on mitmeotstarbeline p\u00f5hiseade garaa\u017eidesse ja kuuridesse. Selle kompressori \u00fcks silmapaistvamaid omadusi on vaid 65\u00a0dB m\u00fcratase (LpA v\u00e4\u00e4rtus) \u2013 vaikne 750 W kompressor ei tee ka v\u00f5imsuse osas mingeid kompromisse.","og_url":"https:\/\/espak.ee\/epood\/toode\/kompressor-einhell-te-ac-24-silent\/","og_site_name":"Espak E-pood","article_modified_time":"2025-09-26T07:54:14+00:00","og_image":[{"width":1000,"height":1000,"url":"https:\/\/espak.ee\/epood\/wp-content\/uploads\/2020\/04\/4020610_21033_001_TE_AC_135_24_Silent_Plus_Pic.jpg","type":"image\/jpeg"}],"twitter_card":"summary_large_image","twitter_misc":{"Est. reading time":"2 minutit"},"schema":{"@context":"https:\/\/schema.org","@graph":[{"@type":"WebPage","@id":"https:\/\/espak.ee\/epood\/toode\/kompressor-einhell-te-ac-24-silent\/","url":"https:\/\/espak.ee\/epood\/toode\/kompressor-einhell-te-ac-24-silent\/","name":"KOMPRESSOR EINHELL TE-AC 135\/24 SILENT PLUS - Espak E-pood","isPartOf":{"@id":"https:\/\/espak.ee\/epood\/#website"},"primaryImageOfPage":{"@id":"https:\/\/espak.ee\/epood\/toode\/kompressor-einhell-te-ac-24-silent\/#primaryimage"},"image":{"@id":"https:\/\/espak.ee\/epood\/toode\/kompressor-einhell-te-ac-24-silent\/#primaryimage"},"thumbnailUrl":"https:\/\/espak.ee\/epood\/wp-content\/uploads\/2020\/04\/4020610_21033_001_TE_AC_135_24_Silent_Plus_Pic.jpg","datePublished":"2020-04-18T01:17:03+00:00","dateModified":"2025-09-26T07:54:14+00:00","description":"Kompressor Einhell TE-AC 24 Silent on mitmeotstarbeline p\u00f5hiseade garaa\u017eidesse ja kuuridesse. Selle kompressori \u00fcks silmapaistvamaid omadusi on vaid 65\u00a0dB m\u00fcratase (LpA v\u00e4\u00e4rtus) \u2013 vaikne 750 W kompressor ei tee ka v\u00f5imsuse osas mingeid kompromisse.","breadcrumb":{"@id":"https:\/\/espak.ee\/epood\/toode\/kompressor-einhell-te-ac-24-silent\/#breadcrumb"},"inLanguage":"et","potentialAction":[{"@type":"ReadAction","target":["https:\/\/espak.ee\/epood\/toode\/kompressor-einhell-te-ac-24-silent\/"]}]},{"@type":"ImageObject","inLanguage":"et","@id":"https:\/\/espak.ee\/epood\/toode\/kompressor-einhell-te-ac-24-silent\/#primaryimage","url":"https:\/\/espak.ee\/epood\/wp-content\/uploads\/2020\/04\/4020610_21033_001_TE_AC_135_24_Silent_Plus_Pic.jpg","contentUrl":"https:\/\/espak.ee\/epood\/wp-content\/uploads\/2020\/04\/4020610_21033_001_TE_AC_135_24_Silent_Plus_Pic.jpg","width":1000,"height":1000},{"@type":"BreadcrumbList","@id":"https:\/\/espak.ee\/epood\/toode\/kompressor-einhell-te-ac-24-silent\/#breadcrumb","itemListElement":[{"@type":"ListItem","position":1,"name":"Home","item":"https:\/\/espak.ee\/epood\/"},{"@type":"ListItem","position":2,"name":"Tootevalik","item":"https:\/\/espak.ee\/epood\/tootevalik\/"},{"@type":"ListItem","position":3,"name":"KOMPRESSOR EINHELL TE-AC 135\/24 SILENT PLUS"}]},{"@type":"WebSite","@id":"https:\/\/espak.ee\/epood\/#website","url":"https:\/\/espak.ee\/epood\/","name":"Espak E-pood","description":"","potentialAction":[{"@type":"SearchAction","target":{"@type":"EntryPoint","urlTemplate":"https:\/\/espak.ee\/epood\/?s={search_term_string}"},"query-input":{"@type":"PropertyValueSpecification","valueRequired":true,"valueName":"search_term_string"}}],"inLanguage":"et"}]}},"_links":{"self":[{"href":"https:\/\/espak.ee\/epood\/wp-json\/wp\/v2\/product\/21522","targetHints":{"allow":["GET"]}}],"collection":[{"href":"https:\/\/espak.ee\/epood\/wp-json\/wp\/v2\/product"}],"about":[{"href":"https:\/\/espak.ee\/epood\/wp-json\/wp\/v2\/types\/product"}],"replies":[{"embeddable":true,"href":"https:\/\/espak.ee\/epood\/wp-json\/wp\/v2\/comments?post=21522"}],"wp:featuredmedia":[{"embeddable":true,"href":"https:\/\/espak.ee\/epood\/wp-json\/wp\/v2\/media\/242398"}],"wp:attachment":[{"href":"https:\/\/espak.ee\/epood\/wp-json\/wp\/v2\/media?parent=21522"}],"wp:term":[{"taxonomy":"product_brand","embeddable":true,"href":"https:\/\/espak.ee\/epood\/wp-json\/wp\/v2\/product_brand?post=21522"},{"taxonomy":"product_cat","embeddable":true,"href":"https:\/\/espak.ee\/epood\/wp-json\/wp\/v2\/product_cat?post=21522"},{"taxonomy":"product_tag","embeddable":true,"href":"https:\/\/espak.ee\/epood\/wp-json\/wp\/v2\/product_tag?post=21522"}],"curies":[{"name":"wp","href":"https:\/\/api.w.org\/{rel}","templated":true}]}}