{"id":21513,"date":"2020-04-18T04:16:59","date_gmt":"2020-04-18T01:16:59","guid":{"rendered":"https:\/\/espak.ee\/hinnakiri\/?post_type=product&#038;p=21513"},"modified":"2025-09-26T10:48:56","modified_gmt":"2025-09-26T07:48:56","slug":"kompressor-einhell-th-ac-240-50-10-of","status":"publish","type":"product","link":"https:\/\/espak.ee\/epood\/toode\/kompressor-einhell-th-ac-240-50-10-of\/","title":{"rendered":"KOMPRESSOR EINHELL TC-AC 240\/50\/10 OF"},"content":{"rendered":"<div class=\"row\"  id=\"row-901327613\">\n\n\t<div id=\"col-1641099865\" class=\"col medium-9 small-12 large-9\"  >\n\t\t\t\t<div class=\"col-inner\"  >\n\t\t\t\n\t\t\t\n<div class=\"message-box relative\" style=\"padding-top:15px;padding-bottom:15px;\"><div class=\"message-box-bg-image bg-fill fill\" ><\/div><div class=\"message-box-bg-overlay bg-fill fill\" ><\/div><div class=\"container relative\"><div class=\"inner last-reset\">\n<div class=\"row align-middle align-center\"  id=\"row-1642722268\">\n\n\t<div id=\"col-1599238878\" class=\"col small-12 large-12\"  >\n\t\t\t\t<div class=\"col-inner text-left\"  >\n\t\t\t\n\t\t\t\n<h4>Omadused<\/h4>\n<div class=\"row\"  id=\"row-173309617\">\n\n\t<div id=\"col-247773090\" class=\"col medium-6 small-12 large-6\"  >\n\t\t\t\t<div class=\"col-inner\"  >\n\t\t\t\n\t\t\t\n<p><i class=\"far fa-check-circle fa-2x\"><\/i><strong>\u00a0V\u00e4hese hooldusvajadusega \u00f5li- ja seadistusvaba mootor<\/strong><\/p>\n<p><i class=\"far fa-check-circle fa-2x\"><\/i><strong> Kompaktne ja ruumis\u00e4\u00e4stlik kujundus\u00a0<\/strong><\/p>\n<p><i class=\"far fa-check-circle fa-2x\"><\/i><strong> Manomeeter ja kiirliitmik seatud r\u00f5hu v\u00e4ljastamiseks <\/strong><\/p>\n<p><i class=\"far fa-check-circle fa-2x\"><\/i><strong> Vibratsiooni summutavad jalad tagavad paigalseisu\u00a0<\/strong><\/p>\n<p><i class=\"far fa-check-circle fa-2x\"><\/i><strong> Paagi l\u00e4biroostetamisvastane garantii 10 aastat\u00a0<\/strong><\/p>\n\t\t<\/div>\n\t\t\t\t\n<style>\n#col-247773090 > .col-inner {\n  margin: 0px 0px 15px 0px;\n}\n<\/style>\n\t<\/div>\n\n\t\n\n\t<div id=\"col-916215836\" class=\"col medium-6 small-12 large-6\"  >\n\t\t\t\t<div class=\"col-inner\"  >\n\t\t\t\n\t\t\t\n<p><i class=\"far fa-check-circle fa-2x\"><\/i><strong> Piisava \u00f5huvaruga 50\u00a0l paak <\/strong><\/p>\n<p><i class=\"far fa-check-circle fa-2x\"><\/i><strong> R\u00f5huregulaatori abil v\u00f5imalik seadistada kuni 10\u00a0baari vajavate rakenduste jaoks\u00a0<\/strong><\/p>\n<p><i class=\"far fa-check-circle fa-2x\"><\/i><strong> K\u00e4ep\u00e4rane tarvikute hoiustamine t\u00e4nu vastavale hoidikule\u00a0<\/strong><\/p>\n<p><i class=\"far fa-check-circle fa-2x\"><\/i><strong> T\u00fchjenduskraan kasutajas\u00f5bralikuks hoolduseks\u00a0<\/strong><\/p>\n<p><i class=\"far fa-check-circle fa-2x\"><\/i><strong> Tagasil\u00f6\u00f6gi- ja kaitseklapp kasutaja ohutuse tagamiseks\u00a0<\/strong><\/p>\n\t\t<\/div>\n\t\t\t\t\n<style>\n#col-916215836 > .col-inner {\n  margin: 0px 0px 15px 0px;\n}\n<\/style>\n\t<\/div>\n\n\t\n<\/div>\n\t\t<\/div>\n\t\t\t\t\t<\/div>\n\n\t\n<\/div>\n<\/div><\/div><\/div>\n\t<div id=\"gap-1161146564\" class=\"gap-element clearfix\" style=\"display:block; height:auto;\">\n\t\t\n<style>\n#gap-1161146564 {\n  padding-top: 30px;\n}\n<\/style>\n\t<\/div>\n\t\n<h2>Tootekirjeldus<\/h2>\n<p>Mitmek\u00fclgne kompressor TC-AC 240\/50\/10 OF on ruumis\u00e4\u00e4stliku kujundusega, mist\u00f5ttu ei tohiks see puududa \u00fchestki t\u00f6\u00f6ruumist ega garaa\u017eist. Sellel on r\u00f5huregulaator kuni 10-baarise seatud t\u00f6\u00f6r\u00f5hu hoidmiseks ja see on suurep\u00e4raselt kasutatav paljude suru\u00f5hurakenduste jaoks. Selle \u00f5livaba mootor t\u00f6\u00f6tab ilma m\u00e4\u00e4rimiseta, vajades seet\u00f5ttu v\u00e4ga v\u00e4he hooldust, ning see on igas asendis teisaldatav. Kompressori reguleeritud \u00f5hur\u00f5hku n\u00e4idatakse manomeetriga ja v\u00e4ljastatakse kraaniga kiirliitmiku kaudu. Teisaldamiseks ja h\u00f5lpsaks transpordiks on kompressoril hoidesang ning suured rattad. Kondensatsioonivee v\u00e4ljutamiseks on paagil t\u00fchjenduskork, mis teeb hoolduse kasutajas\u00f5bralikuks. Vibratsiooni neelavad jalad summutavad mehaanilisi l\u00f6\u00f6ke ja v\u00e4hendavad m\u00fcra teket. Kasutaja parima v\u00f5imaliku ohutuse tagamiseks on seadmel tagasil\u00f6\u00f6gi- ja kaitseklapp. T\u00e4nu hoidikule saab tarvikuid alati korralikult hoiustada. J\u00e4ik 50\u00a0l paak mahutab pikkadeks t\u00f6\u00f6ts\u00fckliteks piisava \u00f5huvaru ja sel on 10-aastane l\u00e4biroostetamisvastane garantii.<\/p>\n\t<div id=\"gap-2055171709\" class=\"gap-element clearfix\" style=\"display:block; height:auto;\">\n\t\t\n<style>\n#gap-2055171709 {\n  padding-top: 30px;\n}\n<\/style>\n\t<\/div>\n\t\n\t\t<\/div>\n\t\t\t\t\t<\/div>\n\n\t\n\n\t<div id=\"col-494425292\" class=\"col medium-3 small-12 large-3\"  >\n\t\t\t\t<div class=\"col-inner\"  >\n\t\t\t\n\t\t\t\n\t<div id=\"gap-1032624728\" class=\"gap-element clearfix\" style=\"display:block; height:auto;\">\n\t\t\n<style>\n#gap-1032624728 {\n  padding-top: 30px;\n}\n<\/style>\n\t<\/div>\n\t\n<h3>Kasutusjuhend<\/h3>\n<p><a href=\"https:\/\/espak.ee\/epood\/wp-content\/uploads\/Kompressor-einhell-TH-AC-240-50-10-OF-4010393.pdf\" target=\"_blank\" rel=\"noopener noreferrer\"><i class=\"far fa-file-pdf\"><\/i> Kasutusjuhend (PDF)<\/a><\/p>\n<div class=\"is-divider divider clearfix\" ><\/div>\n<p><strong>\u00dcksikasjalikuma n\u00f5u saamiseks v\u00f5tke \u00fchendust:<br \/>\n<\/strong>Espak AS<br \/>\nViadukti 42<br \/>\n11313<br \/>\nTallinn<br \/>\n+372 6 512333<\/p>\n\t\t<\/div>\n\t\t\t\t\t<\/div>\n\n\t\n<\/div>\n","protected":false},"excerpt":{"rendered":"","protected":false},"featured_media":32100,"comment_status":"closed","ping_status":"closed","template":"","meta":[],"product_brand":[],"product_cat":[2680,2768,2681,2679],"product_tag":[],"class_list":{"0":"post-21513","1":"product","2":"type-product","3":"status-publish","4":"has-post-thumbnail","6":"product_cat-elektritooriistad","7":"product_cat-kompressorid","8":"product_cat-masinad-ja-seadmed","9":"product_cat-tooriistad","10":"pa_kaubamark-einhell","12":"first","13":"instock","14":"sale","15":"taxable","16":"shipping-taxable","17":"purchasable","18":"product-type-simple"},"yoast_head":"<!-- This site is optimized with the Yoast SEO plugin v26.9 - https:\/\/yoast.com\/product\/yoast-seo-wordpress\/ -->\n<title>KOMPRESSOR EINHELL TC-AC 240\/50\/10 OF - Espak E-pood<\/title>\n<meta name=\"description\" content=\"Mitmek\u00fclgne kompressor TC-AC 240\/50\/10 OF on ruumis\u00e4\u00e4stliku kujundusega, mist\u00f5ttu ei tohiks see puududa \u00fchestki t\u00f6\u00f6ruumist ega garaa\u017eist.\" \/>\n<meta name=\"robots\" content=\"index, follow, max-snippet:-1, max-image-preview:large, max-video-preview:-1\" \/>\n<link rel=\"canonical\" href=\"https:\/\/espak.ee\/epood\/toode\/kompressor-einhell-th-ac-240-50-10-of\/\" \/>\n<meta property=\"og:locale\" content=\"et_EE\" \/>\n<meta property=\"og:type\" content=\"article\" \/>\n<meta property=\"og:title\" content=\"KOMPRESSOR EINHELL TC-AC 240\/50\/10 OF - Espak E-pood\" \/>\n<meta property=\"og:description\" content=\"Mitmek\u00fclgne kompressor TC-AC 240\/50\/10 OF on ruumis\u00e4\u00e4stliku kujundusega, mist\u00f5ttu ei tohiks see puududa \u00fchestki t\u00f6\u00f6ruumist ega garaa\u017eist.\" \/>\n<meta property=\"og:url\" content=\"https:\/\/espak.ee\/epood\/toode\/kompressor-einhell-th-ac-240-50-10-of\/\" \/>\n<meta property=\"og:site_name\" content=\"Espak E-pood\" \/>\n<meta property=\"article:modified_time\" content=\"2025-09-26T07:48:56+00:00\" \/>\n<meta property=\"og:image\" content=\"https:\/\/espak.ee\/epood\/wp-content\/uploads\/4010393_11027_001_TH_AC_240_50_10_OF_RAL3002_Pic.jpg\" \/>\n\t<meta property=\"og:image:width\" content=\"1044\" \/>\n\t<meta property=\"og:image:height\" content=\"1772\" \/>\n\t<meta property=\"og:image:type\" content=\"image\/jpeg\" \/>\n<meta name=\"twitter:card\" content=\"summary_large_image\" \/>\n<meta name=\"twitter:label1\" content=\"Est. reading time\" \/>\n\t<meta name=\"twitter:data1\" content=\"2 minutit\" \/>\n<script type=\"application\/ld+json\" class=\"yoast-schema-graph\">{\"@context\":\"https:\/\/schema.org\",\"@graph\":[{\"@type\":\"WebPage\",\"@id\":\"https:\/\/espak.ee\/epood\/toode\/kompressor-einhell-th-ac-240-50-10-of\/\",\"url\":\"https:\/\/espak.ee\/epood\/toode\/kompressor-einhell-th-ac-240-50-10-of\/\",\"name\":\"KOMPRESSOR EINHELL TC-AC 240\/50\/10 OF - Espak E-pood\",\"isPartOf\":{\"@id\":\"https:\/\/espak.ee\/epood\/#website\"},\"primaryImageOfPage\":{\"@id\":\"https:\/\/espak.ee\/epood\/toode\/kompressor-einhell-th-ac-240-50-10-of\/#primaryimage\"},\"image\":{\"@id\":\"https:\/\/espak.ee\/epood\/toode\/kompressor-einhell-th-ac-240-50-10-of\/#primaryimage\"},\"thumbnailUrl\":\"https:\/\/espak.ee\/epood\/wp-content\/uploads\/4010393_11027_001_TH_AC_240_50_10_OF_RAL3002_Pic.jpg\",\"datePublished\":\"2020-04-18T01:16:59+00:00\",\"dateModified\":\"2025-09-26T07:48:56+00:00\",\"description\":\"Mitmek\u00fclgne kompressor TC-AC 240\/50\/10 OF on ruumis\u00e4\u00e4stliku kujundusega, mist\u00f5ttu ei tohiks see puududa \u00fchestki t\u00f6\u00f6ruumist ega garaa\u017eist.\",\"breadcrumb\":{\"@id\":\"https:\/\/espak.ee\/epood\/toode\/kompressor-einhell-th-ac-240-50-10-of\/#breadcrumb\"},\"inLanguage\":\"et\",\"potentialAction\":[{\"@type\":\"ReadAction\",\"target\":[\"https:\/\/espak.ee\/epood\/toode\/kompressor-einhell-th-ac-240-50-10-of\/\"]}]},{\"@type\":\"ImageObject\",\"inLanguage\":\"et\",\"@id\":\"https:\/\/espak.ee\/epood\/toode\/kompressor-einhell-th-ac-240-50-10-of\/#primaryimage\",\"url\":\"https:\/\/espak.ee\/epood\/wp-content\/uploads\/4010393_11027_001_TH_AC_240_50_10_OF_RAL3002_Pic.jpg\",\"contentUrl\":\"https:\/\/espak.ee\/epood\/wp-content\/uploads\/4010393_11027_001_TH_AC_240_50_10_OF_RAL3002_Pic.jpg\",\"width\":1044,\"height\":1772},{\"@type\":\"BreadcrumbList\",\"@id\":\"https:\/\/espak.ee\/epood\/toode\/kompressor-einhell-th-ac-240-50-10-of\/#breadcrumb\",\"itemListElement\":[{\"@type\":\"ListItem\",\"position\":1,\"name\":\"Home\",\"item\":\"https:\/\/espak.ee\/epood\/\"},{\"@type\":\"ListItem\",\"position\":2,\"name\":\"Tootevalik\",\"item\":\"https:\/\/espak.ee\/epood\/tootevalik\/\"},{\"@type\":\"ListItem\",\"position\":3,\"name\":\"KOMPRESSOR EINHELL TC-AC 240\/50\/10 OF\"}]},{\"@type\":\"WebSite\",\"@id\":\"https:\/\/espak.ee\/epood\/#website\",\"url\":\"https:\/\/espak.ee\/epood\/\",\"name\":\"Espak E-pood\",\"description\":\"\",\"potentialAction\":[{\"@type\":\"SearchAction\",\"target\":{\"@type\":\"EntryPoint\",\"urlTemplate\":\"https:\/\/espak.ee\/epood\/?s={search_term_string}\"},\"query-input\":{\"@type\":\"PropertyValueSpecification\",\"valueRequired\":true,\"valueName\":\"search_term_string\"}}],\"inLanguage\":\"et\"}]}<\/script>\n<!-- \/ Yoast SEO plugin. -->","yoast_head_json":{"title":"KOMPRESSOR EINHELL TC-AC 240\/50\/10 OF - Espak E-pood","description":"Mitmek\u00fclgne kompressor TC-AC 240\/50\/10 OF on ruumis\u00e4\u00e4stliku kujundusega, mist\u00f5ttu ei tohiks see puududa \u00fchestki t\u00f6\u00f6ruumist ega garaa\u017eist.","robots":{"index":"index","follow":"follow","max-snippet":"max-snippet:-1","max-image-preview":"max-image-preview:large","max-video-preview":"max-video-preview:-1"},"canonical":"https:\/\/espak.ee\/epood\/toode\/kompressor-einhell-th-ac-240-50-10-of\/","og_locale":"et_EE","og_type":"article","og_title":"KOMPRESSOR EINHELL TC-AC 240\/50\/10 OF - Espak E-pood","og_description":"Mitmek\u00fclgne kompressor TC-AC 240\/50\/10 OF on ruumis\u00e4\u00e4stliku kujundusega, mist\u00f5ttu ei tohiks see puududa \u00fchestki t\u00f6\u00f6ruumist ega garaa\u017eist.","og_url":"https:\/\/espak.ee\/epood\/toode\/kompressor-einhell-th-ac-240-50-10-of\/","og_site_name":"Espak E-pood","article_modified_time":"2025-09-26T07:48:56+00:00","og_image":[{"width":1044,"height":1772,"url":"https:\/\/espak.ee\/epood\/wp-content\/uploads\/4010393_11027_001_TH_AC_240_50_10_OF_RAL3002_Pic.jpg","type":"image\/jpeg"}],"twitter_card":"summary_large_image","twitter_misc":{"Est. reading time":"2 minutit"},"schema":{"@context":"https:\/\/schema.org","@graph":[{"@type":"WebPage","@id":"https:\/\/espak.ee\/epood\/toode\/kompressor-einhell-th-ac-240-50-10-of\/","url":"https:\/\/espak.ee\/epood\/toode\/kompressor-einhell-th-ac-240-50-10-of\/","name":"KOMPRESSOR EINHELL TC-AC 240\/50\/10 OF - Espak E-pood","isPartOf":{"@id":"https:\/\/espak.ee\/epood\/#website"},"primaryImageOfPage":{"@id":"https:\/\/espak.ee\/epood\/toode\/kompressor-einhell-th-ac-240-50-10-of\/#primaryimage"},"image":{"@id":"https:\/\/espak.ee\/epood\/toode\/kompressor-einhell-th-ac-240-50-10-of\/#primaryimage"},"thumbnailUrl":"https:\/\/espak.ee\/epood\/wp-content\/uploads\/4010393_11027_001_TH_AC_240_50_10_OF_RAL3002_Pic.jpg","datePublished":"2020-04-18T01:16:59+00:00","dateModified":"2025-09-26T07:48:56+00:00","description":"Mitmek\u00fclgne kompressor TC-AC 240\/50\/10 OF on ruumis\u00e4\u00e4stliku kujundusega, mist\u00f5ttu ei tohiks see puududa \u00fchestki t\u00f6\u00f6ruumist ega garaa\u017eist.","breadcrumb":{"@id":"https:\/\/espak.ee\/epood\/toode\/kompressor-einhell-th-ac-240-50-10-of\/#breadcrumb"},"inLanguage":"et","potentialAction":[{"@type":"ReadAction","target":["https:\/\/espak.ee\/epood\/toode\/kompressor-einhell-th-ac-240-50-10-of\/"]}]},{"@type":"ImageObject","inLanguage":"et","@id":"https:\/\/espak.ee\/epood\/toode\/kompressor-einhell-th-ac-240-50-10-of\/#primaryimage","url":"https:\/\/espak.ee\/epood\/wp-content\/uploads\/4010393_11027_001_TH_AC_240_50_10_OF_RAL3002_Pic.jpg","contentUrl":"https:\/\/espak.ee\/epood\/wp-content\/uploads\/4010393_11027_001_TH_AC_240_50_10_OF_RAL3002_Pic.jpg","width":1044,"height":1772},{"@type":"BreadcrumbList","@id":"https:\/\/espak.ee\/epood\/toode\/kompressor-einhell-th-ac-240-50-10-of\/#breadcrumb","itemListElement":[{"@type":"ListItem","position":1,"name":"Home","item":"https:\/\/espak.ee\/epood\/"},{"@type":"ListItem","position":2,"name":"Tootevalik","item":"https:\/\/espak.ee\/epood\/tootevalik\/"},{"@type":"ListItem","position":3,"name":"KOMPRESSOR EINHELL TC-AC 240\/50\/10 OF"}]},{"@type":"WebSite","@id":"https:\/\/espak.ee\/epood\/#website","url":"https:\/\/espak.ee\/epood\/","name":"Espak E-pood","description":"","potentialAction":[{"@type":"SearchAction","target":{"@type":"EntryPoint","urlTemplate":"https:\/\/espak.ee\/epood\/?s={search_term_string}"},"query-input":{"@type":"PropertyValueSpecification","valueRequired":true,"valueName":"search_term_string"}}],"inLanguage":"et"}]}},"_links":{"self":[{"href":"https:\/\/espak.ee\/epood\/wp-json\/wp\/v2\/product\/21513","targetHints":{"allow":["GET"]}}],"collection":[{"href":"https:\/\/espak.ee\/epood\/wp-json\/wp\/v2\/product"}],"about":[{"href":"https:\/\/espak.ee\/epood\/wp-json\/wp\/v2\/types\/product"}],"replies":[{"embeddable":true,"href":"https:\/\/espak.ee\/epood\/wp-json\/wp\/v2\/comments?post=21513"}],"wp:featuredmedia":[{"embeddable":true,"href":"https:\/\/espak.ee\/epood\/wp-json\/wp\/v2\/media\/32100"}],"wp:attachment":[{"href":"https:\/\/espak.ee\/epood\/wp-json\/wp\/v2\/media?parent=21513"}],"wp:term":[{"taxonomy":"product_brand","embeddable":true,"href":"https:\/\/espak.ee\/epood\/wp-json\/wp\/v2\/product_brand?post=21513"},{"taxonomy":"product_cat","embeddable":true,"href":"https:\/\/espak.ee\/epood\/wp-json\/wp\/v2\/product_cat?post=21513"},{"taxonomy":"product_tag","embeddable":true,"href":"https:\/\/espak.ee\/epood\/wp-json\/wp\/v2\/product_tag?post=21513"}],"curies":[{"name":"wp","href":"https:\/\/api.w.org\/{rel}","templated":true}]}}