{"id":21504,"date":"2020-04-18T04:16:54","date_gmt":"2020-04-18T01:16:54","guid":{"rendered":"https:\/\/espak.ee\/hinnakiri\/?post_type=product&#038;p=21504"},"modified":"2024-03-22T23:38:53","modified_gmt":"2024-03-22T21:38:53","slug":"aeraator-ge-sc-35-1-li-solo","status":"publish","type":"product","link":"https:\/\/espak.ee\/epood\/toode\/aeraator-ge-sc-35-1-li-solo\/","title":{"rendered":"AERAATOR GE-SC 35\/1 Li SOLO"},"content":{"rendered":"<div class=\"row\"  id=\"row-319401904\">\n\n\t<div id=\"col-1271439620\" class=\"col medium-9 small-12 large-9\"  >\n\t\t\t\t<div class=\"col-inner\"  >\n\t\t\t\n\t\t\t\n<h2>Aeraator<\/h2>\n<p>36-voldine kobesti GE-SC 35\/1 Li SOLO on v\u00f5imas ja t\u00f6\u00f6kindel aiat\u00f6\u00f6riist, mis aitab majaomanikel v\u00e4ikeste ja keskmise suurusega muruplatside eest korralikult hoolitseda. Kuullaagritel p\u00f6\u00f6rlevale v\u00f5llile \u00fchendatud 16 kvaliteetsest roostevabast terasest nuga eemaldavad sambla ja umbrohu kuni juurestikuni. J\u00f5uline Einhelli harjavaba mootor, kaks 18\u00a0V s\u00fcsteemi Power X-Change laetavat akut ja 36\u00a0V v\u00e4ljundpinge tekitavad suure p\u00f6\u00f6rdemomendi. Muru t\u00f6\u00f6tlemine on pidev ja tulemused korralikud. K\u00e4epideme k\u00f5rgust saab muuta kiirvabastushoobade abil ja t\u00f6\u00f6s\u00fcgavuse seadmiseks on samuti kolm erinevat k\u00f5rgust. Kobestit saab seadistada vastavalt kasutaja isiklikele eelistustele ning mulla ja taimestiku seisukorrale. Nugade ja t\u00f6\u00f6riista toetuspinna kaitseks on olemas t\u00e4iendav nn parkimisasend. Kobestil on suured rattad, et teha keerulisel maastikul t\u00f6\u00f6tamine lihtsamaks ja v\u00e4hendada samas muru tallamist. Seadmel on tugev kvaliteetsest l\u00f6\u00f6gikindlast plastist kest. K\u00e4epideme saab ruumi s\u00e4\u00e4stmiseks hoiustamise ajaks kokku klappida. Valikuliselt saab GE-SC 35\/1 Li SOLO muuta kolm \u00fches t\u00f6\u00f6riistaks (selleks on vaja tarvikuid, nagu \u00f5hustusvalts (34.055.71) ja rohukogur (34.055.76)). GE-SC 35\/1 Li SOLO on soovitatav kuni 400\u00a0m\u00b2 muru jaoks (s\u00f5ltuvalt akude mahtuvusest). Tarnitakse akuta ja akulaadurita.<\/p>\n<div class=\"message-box relative\" style=\"padding-top:15px;padding-bottom:15px;\"><div class=\"message-box-bg-image bg-fill fill\" ><\/div><div class=\"message-box-bg-overlay bg-fill fill\" ><\/div><div class=\"container relative\"><div class=\"inner last-reset\">\n<div class=\"row align-middle align-center\"  id=\"row-1166111479\">\n\n\t<div id=\"col-450776106\" class=\"col small-12 large-12\"  >\n\t\t\t\t<div class=\"col-inner text-left\"  >\n\t\t\t\n\t\t\t\n<h4>Omadused<\/h4>\n<div class=\"row\"  id=\"row-567052562\">\n\n\t<div id=\"col-1323000174\" class=\"col medium-6 small-12 large-6\"  >\n\t\t\t\t<div class=\"col-inner\"  >\n\t\t\t\n\t\t\t\n<p><i class=\"fa fa-check fa-2x\"><\/i> <strong>Vajalik kaks 18\u00a0V Power X-Change\u00b4i tootepere akut<\/strong><\/p>\n<p><i class=\"fa fa-check fa-2x\"><\/i> <strong>Einhelli harjavaba elektrimootor<\/strong><\/p>\n\t\t<\/div>\n\t\t\t\t\n<style>\n#col-1323000174 > .col-inner {\n  margin: 0px 0px 15px 0px;\n}\n<\/style>\n\t<\/div>\n\n\t\n\n\t<div id=\"col-1961042518\" class=\"col medium-6 small-12 large-6\"  >\n\t\t\t\t<div class=\"col-inner\"  >\n\t\t\t\n\t\t\t\n<p><i class=\"fa fa-check fa-2x\"><\/i> <strong>Kuullaagritel p\u00f6\u00f6rlev 16 roostevabast terasest noaga piikvalts<\/strong><\/p>\n<p><i class=\"fa fa-check fa-2x\"><\/i> <strong>Keskne kobestuss\u00fcgavuse seadistamine, 3 k\u00f5rgust + parkimisasend<\/strong><\/p>\n\t\t<\/div>\n\t\t\t\t\n<style>\n#col-1961042518 > .col-inner {\n  margin: 0px 0px 15px 0px;\n}\n<\/style>\n\t<\/div>\n\n\t\n<\/div>\n\t\t<\/div>\n\t\t\t\t\t<\/div>\n\n\t\n<\/div>\n<\/div><\/div><\/div>\n\t<div id=\"gap-1674492367\" class=\"gap-element clearfix\" style=\"display:block; height:auto;\">\n\t\t\n<style>\n#gap-1674492367 {\n  padding-top: 30px;\n}\n<\/style>\n\t<\/div>\n\t\n\t\t<\/div>\n\t\t\t\t\t<\/div>\n\n\t\n\n\t<div id=\"col-1190217482\" class=\"col medium-3 small-12 large-3\"  >\n\t\t\t\t<div class=\"col-inner\"  >\n\t\t\t\n\t\t\t\n\t<div id=\"gap-290858421\" class=\"gap-element clearfix\" style=\"display:block; height:auto;\">\n\t\t\n<style>\n#gap-290858421 {\n  padding-top: 30px;\n}\n<\/style>\n\t<\/div>\n\t\n<h3>Tehniline informatsioon<\/h3>\n<p><a href=\"https:\/\/espak.ee\/epood\/wp-content\/uploads\/Aeraator-Einhell-GE-SC-35-1-Li-3420650.pdf\" target=\"_blank\" rel=\"noopener noreferrer\"><i class=\"far fa-file-pdf\"><\/i> Tehniline info (PDF)<\/a><\/p>\n<div class=\"is-divider divider clearfix\" ><\/div>\n<p><strong>\u00dcksikasjalikuma n\u00f5u saamiseks v\u00f5tke \u00fchendust:<br \/><\/strong>Espak AS<br \/>Viadukti 42<br \/>11313<br \/>Tallinn<br \/>+372 6 512333<\/p>\n<div class=\"is-divider divider clearfix\" ><\/div>\n\t\t<\/div>\n\t\t\t\t\t<\/div>\n\n\t\n<\/div>\n","protected":false},"excerpt":{"rendered":"","protected":false},"featured_media":36054,"comment_status":"closed","ping_status":"closed","template":"","meta":[],"product_brand":[],"product_cat":[2789,2788,2790,4380],"product_tag":[],"class_list":{"0":"post-21504","1":"product","2":"type-product","3":"status-publish","4":"has-post-thumbnail","6":"product_cat-aiatarbed","7":"product_cat-aiatarbed-ja-kodukaubad","8":"product_cat-aiatehnika","9":"product_cat-vertikaalloikurid","10":"pa_kaubamark-einhell","12":"first","13":"outofstock","14":"sale","15":"taxable","16":"shipping-taxable","17":"purchasable","18":"product-type-simple"},"yoast_head":"<!-- This site is optimized with the Yoast SEO plugin v26.9 - https:\/\/yoast.com\/product\/yoast-seo-wordpress\/ -->\n<title>AERAATOR GE-SC 35\/1 Li SOLO - Espak E-pood<\/title>\n<meta name=\"robots\" content=\"index, follow, max-snippet:-1, max-image-preview:large, max-video-preview:-1\" \/>\n<link rel=\"canonical\" href=\"https:\/\/espak.ee\/epood\/toode\/aeraator-ge-sc-35-1-li-solo\/\" \/>\n<meta property=\"og:locale\" content=\"et_EE\" \/>\n<meta property=\"og:type\" content=\"article\" \/>\n<meta property=\"og:title\" content=\"AERAATOR GE-SC 35\/1 Li SOLO - Espak E-pood\" \/>\n<meta property=\"og:url\" content=\"https:\/\/espak.ee\/epood\/toode\/aeraator-ge-sc-35-1-li-solo\/\" \/>\n<meta property=\"og:site_name\" content=\"Espak E-pood\" \/>\n<meta property=\"article:modified_time\" content=\"2024-03-22T21:38:53+00:00\" \/>\n<meta property=\"og:image\" content=\"https:\/\/espak.ee\/epood\/wp-content\/uploads\/AERAATOR-GE-SC-351-Li-SOLO.jpg\" \/>\n\t<meta property=\"og:image:width\" content=\"780\" \/>\n\t<meta property=\"og:image:height\" content=\"780\" \/>\n\t<meta property=\"og:image:type\" content=\"image\/jpeg\" \/>\n<meta name=\"twitter:card\" content=\"summary_large_image\" \/>\n<meta name=\"twitter:label1\" content=\"Est. reading time\" \/>\n\t<meta name=\"twitter:data1\" content=\"1 minut\" \/>\n<script type=\"application\/ld+json\" class=\"yoast-schema-graph\">{\"@context\":\"https:\/\/schema.org\",\"@graph\":[{\"@type\":\"WebPage\",\"@id\":\"https:\/\/espak.ee\/epood\/toode\/aeraator-ge-sc-35-1-li-solo\/\",\"url\":\"https:\/\/espak.ee\/epood\/toode\/aeraator-ge-sc-35-1-li-solo\/\",\"name\":\"AERAATOR GE-SC 35\/1 Li SOLO - Espak E-pood\",\"isPartOf\":{\"@id\":\"https:\/\/espak.ee\/epood\/#website\"},\"primaryImageOfPage\":{\"@id\":\"https:\/\/espak.ee\/epood\/toode\/aeraator-ge-sc-35-1-li-solo\/#primaryimage\"},\"image\":{\"@id\":\"https:\/\/espak.ee\/epood\/toode\/aeraator-ge-sc-35-1-li-solo\/#primaryimage\"},\"thumbnailUrl\":\"https:\/\/espak.ee\/epood\/wp-content\/uploads\/AERAATOR-GE-SC-351-Li-SOLO.jpg\",\"datePublished\":\"2020-04-18T01:16:54+00:00\",\"dateModified\":\"2024-03-22T21:38:53+00:00\",\"breadcrumb\":{\"@id\":\"https:\/\/espak.ee\/epood\/toode\/aeraator-ge-sc-35-1-li-solo\/#breadcrumb\"},\"inLanguage\":\"et\",\"potentialAction\":[{\"@type\":\"ReadAction\",\"target\":[\"https:\/\/espak.ee\/epood\/toode\/aeraator-ge-sc-35-1-li-solo\/\"]}]},{\"@type\":\"ImageObject\",\"inLanguage\":\"et\",\"@id\":\"https:\/\/espak.ee\/epood\/toode\/aeraator-ge-sc-35-1-li-solo\/#primaryimage\",\"url\":\"https:\/\/espak.ee\/epood\/wp-content\/uploads\/AERAATOR-GE-SC-351-Li-SOLO.jpg\",\"contentUrl\":\"https:\/\/espak.ee\/epood\/wp-content\/uploads\/AERAATOR-GE-SC-351-Li-SOLO.jpg\",\"width\":780,\"height\":780,\"caption\":\"Created with GIMP\"},{\"@type\":\"BreadcrumbList\",\"@id\":\"https:\/\/espak.ee\/epood\/toode\/aeraator-ge-sc-35-1-li-solo\/#breadcrumb\",\"itemListElement\":[{\"@type\":\"ListItem\",\"position\":1,\"name\":\"Home\",\"item\":\"https:\/\/espak.ee\/epood\/\"},{\"@type\":\"ListItem\",\"position\":2,\"name\":\"Tootevalik\",\"item\":\"https:\/\/espak.ee\/epood\/tootevalik\/\"},{\"@type\":\"ListItem\",\"position\":3,\"name\":\"AERAATOR GE-SC 35\/1 Li SOLO\"}]},{\"@type\":\"WebSite\",\"@id\":\"https:\/\/espak.ee\/epood\/#website\",\"url\":\"https:\/\/espak.ee\/epood\/\",\"name\":\"Espak E-pood\",\"description\":\"\",\"potentialAction\":[{\"@type\":\"SearchAction\",\"target\":{\"@type\":\"EntryPoint\",\"urlTemplate\":\"https:\/\/espak.ee\/epood\/?s={search_term_string}\"},\"query-input\":{\"@type\":\"PropertyValueSpecification\",\"valueRequired\":true,\"valueName\":\"search_term_string\"}}],\"inLanguage\":\"et\"}]}<\/script>\n<!-- \/ Yoast SEO plugin. -->","yoast_head_json":{"title":"AERAATOR GE-SC 35\/1 Li SOLO - Espak E-pood","robots":{"index":"index","follow":"follow","max-snippet":"max-snippet:-1","max-image-preview":"max-image-preview:large","max-video-preview":"max-video-preview:-1"},"canonical":"https:\/\/espak.ee\/epood\/toode\/aeraator-ge-sc-35-1-li-solo\/","og_locale":"et_EE","og_type":"article","og_title":"AERAATOR GE-SC 35\/1 Li SOLO - Espak E-pood","og_url":"https:\/\/espak.ee\/epood\/toode\/aeraator-ge-sc-35-1-li-solo\/","og_site_name":"Espak E-pood","article_modified_time":"2024-03-22T21:38:53+00:00","og_image":[{"width":780,"height":780,"url":"https:\/\/espak.ee\/epood\/wp-content\/uploads\/AERAATOR-GE-SC-351-Li-SOLO.jpg","type":"image\/jpeg"}],"twitter_card":"summary_large_image","twitter_misc":{"Est. reading time":"1 minut"},"schema":{"@context":"https:\/\/schema.org","@graph":[{"@type":"WebPage","@id":"https:\/\/espak.ee\/epood\/toode\/aeraator-ge-sc-35-1-li-solo\/","url":"https:\/\/espak.ee\/epood\/toode\/aeraator-ge-sc-35-1-li-solo\/","name":"AERAATOR GE-SC 35\/1 Li SOLO - Espak E-pood","isPartOf":{"@id":"https:\/\/espak.ee\/epood\/#website"},"primaryImageOfPage":{"@id":"https:\/\/espak.ee\/epood\/toode\/aeraator-ge-sc-35-1-li-solo\/#primaryimage"},"image":{"@id":"https:\/\/espak.ee\/epood\/toode\/aeraator-ge-sc-35-1-li-solo\/#primaryimage"},"thumbnailUrl":"https:\/\/espak.ee\/epood\/wp-content\/uploads\/AERAATOR-GE-SC-351-Li-SOLO.jpg","datePublished":"2020-04-18T01:16:54+00:00","dateModified":"2024-03-22T21:38:53+00:00","breadcrumb":{"@id":"https:\/\/espak.ee\/epood\/toode\/aeraator-ge-sc-35-1-li-solo\/#breadcrumb"},"inLanguage":"et","potentialAction":[{"@type":"ReadAction","target":["https:\/\/espak.ee\/epood\/toode\/aeraator-ge-sc-35-1-li-solo\/"]}]},{"@type":"ImageObject","inLanguage":"et","@id":"https:\/\/espak.ee\/epood\/toode\/aeraator-ge-sc-35-1-li-solo\/#primaryimage","url":"https:\/\/espak.ee\/epood\/wp-content\/uploads\/AERAATOR-GE-SC-351-Li-SOLO.jpg","contentUrl":"https:\/\/espak.ee\/epood\/wp-content\/uploads\/AERAATOR-GE-SC-351-Li-SOLO.jpg","width":780,"height":780,"caption":"Created with GIMP"},{"@type":"BreadcrumbList","@id":"https:\/\/espak.ee\/epood\/toode\/aeraator-ge-sc-35-1-li-solo\/#breadcrumb","itemListElement":[{"@type":"ListItem","position":1,"name":"Home","item":"https:\/\/espak.ee\/epood\/"},{"@type":"ListItem","position":2,"name":"Tootevalik","item":"https:\/\/espak.ee\/epood\/tootevalik\/"},{"@type":"ListItem","position":3,"name":"AERAATOR GE-SC 35\/1 Li SOLO"}]},{"@type":"WebSite","@id":"https:\/\/espak.ee\/epood\/#website","url":"https:\/\/espak.ee\/epood\/","name":"Espak E-pood","description":"","potentialAction":[{"@type":"SearchAction","target":{"@type":"EntryPoint","urlTemplate":"https:\/\/espak.ee\/epood\/?s={search_term_string}"},"query-input":{"@type":"PropertyValueSpecification","valueRequired":true,"valueName":"search_term_string"}}],"inLanguage":"et"}]}},"_links":{"self":[{"href":"https:\/\/espak.ee\/epood\/wp-json\/wp\/v2\/product\/21504","targetHints":{"allow":["GET"]}}],"collection":[{"href":"https:\/\/espak.ee\/epood\/wp-json\/wp\/v2\/product"}],"about":[{"href":"https:\/\/espak.ee\/epood\/wp-json\/wp\/v2\/types\/product"}],"replies":[{"embeddable":true,"href":"https:\/\/espak.ee\/epood\/wp-json\/wp\/v2\/comments?post=21504"}],"wp:featuredmedia":[{"embeddable":true,"href":"https:\/\/espak.ee\/epood\/wp-json\/wp\/v2\/media\/36054"}],"wp:attachment":[{"href":"https:\/\/espak.ee\/epood\/wp-json\/wp\/v2\/media?parent=21504"}],"wp:term":[{"taxonomy":"product_brand","embeddable":true,"href":"https:\/\/espak.ee\/epood\/wp-json\/wp\/v2\/product_brand?post=21504"},{"taxonomy":"product_cat","embeddable":true,"href":"https:\/\/espak.ee\/epood\/wp-json\/wp\/v2\/product_cat?post=21504"},{"taxonomy":"product_tag","embeddable":true,"href":"https:\/\/espak.ee\/epood\/wp-json\/wp\/v2\/product_tag?post=21504"}],"curies":[{"name":"wp","href":"https:\/\/api.w.org\/{rel}","templated":true}]}}