{"id":21499,"date":"2020-04-18T04:16:54","date_gmt":"2020-04-18T01:16:54","guid":{"rendered":"https:\/\/espak.ee\/hinnakiri\/?post_type=product&#038;p=21499"},"modified":"2024-03-22T23:38:52","modified_gmt":"2024-03-22T21:38:52","slug":"akumuruniiduk-einhell-ge-cm-43","status":"publish","type":"product","link":"https:\/\/espak.ee\/epood\/toode\/akumuruniiduk-einhell-ge-cm-43\/","title":{"rendered":"AKUMURUNIIDUK EINHELL GE-CM 43"},"content":{"rendered":"<div class=\"row\"  id=\"row-546858785\">\n\n\t<div id=\"col-1514735356\" class=\"col medium-9 small-12 large-9\"  >\n\t\t\t\t<div class=\"col-inner\"  >\n\t\t\t\n\t\t\t\n<h2>Akumuruniiduk<\/h2>\n<p>Akumuruniiduk GE-CM 43 Li M on kvaliteetne, usaldusv\u00e4\u00e4rne ja eriti v\u00f5imekas suuremate muruplatside hooldamise t\u00f6\u00f6riist, mis t\u00f6\u00f6tab juhtmevabalt. Einhelli uue Power X-Change\u00b4i akus\u00fcsteemiga akumuruniidukil on kaks 18\u00a0V pingega 4,0\u00a0Ah akupatareid, mis ei n\u00f5ua pikkade t\u00f6\u00f6perioodide kestel kaablitega toimetamist. L\u00f5ikek\u00f5rguse lihtsaks seadistamiseks on seadmel keskne 6-astmeline l\u00f5ikek\u00f5rguse seadistamise v\u00f5imalus. Akumuruniidukil GE-CM 43 Li M on kokkupandav kolme seadistatava t\u00f6\u00f6k\u00f5rgusega pikk k\u00e4epide. Seet\u00f5ttu saab seda ideaalselt iga kasutaja kasvule sobivaks kohandada ja hoida v\u00e4ga v\u00e4ikeses ruumis. Igal akul on kolme valgusdioodiga laadimistaseme n\u00e4idik, kust saate hetkega laetuse taset vaadata. Iga akupatareid saab vajaduse korral kasutada koos k\u00f5igi Power X-Change\u00b4i tootepere t\u00f6\u00f6riistadega. Kaasas kaks kiirlaadurit. Suurerattalise akumuruniiduki GE-CM 43 Li M eriti suured tagarattad h\u00f5lbustavad keerukal maastikul t\u00f6\u00f6tamist. Suured rattad v\u00e4hendavad samuti muru tallamist. Rohukastil on nivoon\u00e4idik, mis v\u00f5imaldab hetkega kasti t\u00fchjendusvajadust tuvastada. Vastupidav kest on tehtud kvaliteetsest l\u00f6\u00f6gikindlast plastist. Teisalduse lihtsustamiseks on seadmel mugav kandek\u00e4epide. Rohu peenestamiseks on seadmel lisaks mult\u0161imiskomplekt, mis v\u00f5imaldab rohu enne \u00fchtlaselt murule laotamist peenestada. Akumuruniiduk GE-CM 43 Li M on soovitatav kuni 600\u00a0m2 alade hooldamiseks.<\/p>\n<div class=\"message-box relative\" style=\"padding-top:15px;padding-bottom:15px;\"><div class=\"message-box-bg-image bg-fill fill\" ><\/div><div class=\"message-box-bg-overlay bg-fill fill\" ><\/div><div class=\"container relative\"><div class=\"inner last-reset\">\n<div class=\"row align-middle align-center\"  id=\"row-337578700\">\n\n\t<div id=\"col-976815793\" class=\"col small-12 large-12\"  >\n\t\t\t\t<div class=\"col-inner text-left\"  >\n\t\t\t\n\t\t\t\n<h4>Omadused<\/h4>\n<div class=\"row\"  id=\"row-1417396859\">\n\n\t<div id=\"col-865413624\" class=\"col medium-6 small-12 large-6\"  >\n\t\t\t\t<div class=\"col-inner\"  >\n\t\t\t\n\t\t\t\n<p><i class=\"fa fa-check fa-2x\"><\/i> <strong>Akus\u00fcsteem \u2013 Power X-Change<\/strong><\/p>\n<p><i class=\"fa fa-check fa-2x\"><\/i> <strong>Aku laetuse taseme n\u00e4idik kolme LEDiga<\/strong><\/p>\n\t\t<\/div>\n\t\t\t\t\n<style>\n#col-865413624 > .col-inner {\n  margin: 0px 0px 15px 0px;\n}\n<\/style>\n\t<\/div>\n\n\t\n\n\t<div id=\"col-1721128108\" class=\"col medium-6 small-12 large-6\"  >\n\t\t\t\t<div class=\"col-inner\"  >\n\t\t\t\n\t\t\t\n<p><i class=\"fa fa-check fa-2x\"><\/i> <strong>Akut saab kasutada koos iga Power X-Change\u00b4i tootepere t\u00f6\u00f6riistaga<\/strong><\/p>\n<p><i class=\"fa fa-check fa-2x\"><\/i> <strong>Kaasas kaks s\u00fcsteemi kiirlaadurit<\/strong><\/p>\n\t\t<\/div>\n\t\t\t\t\n<style>\n#col-1721128108 > .col-inner {\n  margin: 0px 0px 15px 0px;\n}\n<\/style>\n\t<\/div>\n\n\t\n<\/div>\n\t\t<\/div>\n\t\t\t\t\t<\/div>\n\n\t\n<\/div>\n<\/div><\/div><\/div>\n\t<div id=\"gap-626816305\" class=\"gap-element clearfix\" style=\"display:block; height:auto;\">\n\t\t\n<style>\n#gap-626816305 {\n  padding-top: 30px;\n}\n<\/style>\n\t<\/div>\n\t\n\t\t<\/div>\n\t\t\t\t\t<\/div>\n\n\t\n\n\t<div id=\"col-549042820\" class=\"col medium-3 small-12 large-3\"  >\n\t\t\t\t<div class=\"col-inner\"  >\n\t\t\t\n\t\t\t\n<img decoding=\"async\" src=\"https:\/\/espak.ee\/epood\/wp-content\/uploads\/2020\/04\/Power-x-change-logo.jpg\" alt=\"\" width=\"1772\" height=\"343\" class=\"alignnone size-full wp-image-97311\" srcset=\"https:\/\/espak.ee\/epood\/wp-content\/uploads\/2020\/04\/Power-x-change-logo.jpg 1772w, https:\/\/espak.ee\/epood\/wp-content\/uploads\/2020\/04\/Power-x-change-logo-500x97.jpg 500w, https:\/\/espak.ee\/epood\/wp-content\/uploads\/2020\/04\/Power-x-change-logo-769x149.jpg 769w, https:\/\/espak.ee\/epood\/wp-content\/uploads\/2020\/04\/Power-x-change-logo-300x58.jpg 300w, https:\/\/espak.ee\/epood\/wp-content\/uploads\/2020\/04\/Power-x-change-logo-1024x198.jpg 1024w, https:\/\/espak.ee\/epood\/wp-content\/uploads\/2020\/04\/Power-x-change-logo-150x29.jpg 150w, https:\/\/espak.ee\/epood\/wp-content\/uploads\/2020\/04\/Power-x-change-logo-768x149.jpg 768w, https:\/\/espak.ee\/epood\/wp-content\/uploads\/2020\/04\/Power-x-change-logo-1536x297.jpg 1536w\" sizes=\"(max-width: 1772px) 100vw, 1772px\" \/><br \/>\n<div class=\"is-divider divider clearfix\" ><\/div>\n<h3>Kasutusjuhend<\/h3>\n<p><a href=\"https:\/\/espak.ee\/epood\/wp-content\/uploads\/Akumuruniiduk-GE-CM-43-li-m-kit-2x40ah-3413130.pdf\" target=\"_blank\" rel=\"noopener noreferrer\"><i class=\"far fa-file-pdf\"><\/i> Kasutusjuhend (PDF)<\/a><\/p>\n<div class=\"is-divider divider clearfix\" ><\/div>\n<p><strong>\u00dcksikasjalikuma n\u00f5u saamiseks v\u00f5tke \u00fchendust:<br \/><\/strong>Espak AS<br \/>Viadukti 42<br \/>11313<br \/>Tallinn<br \/>+372 6 512333<\/p>\n<div class=\"is-divider divider clearfix\" ><\/div>\n\t\t<\/div>\n\t\t\t\t\t<\/div>\n\n\t\n<\/div>\n","protected":false},"excerpt":{"rendered":"","protected":false},"featured_media":85808,"comment_status":"closed","ping_status":"closed","template":"","meta":[],"product_brand":[],"product_cat":[2789,2788,2790,3118],"product_tag":[],"class_list":{"0":"post-21499","1":"product","2":"type-product","3":"status-publish","4":"has-post-thumbnail","6":"product_cat-aiatarbed","7":"product_cat-aiatarbed-ja-kodukaubad","8":"product_cat-aiatehnika","9":"product_cat-iseliikuvad-muruniidukid","10":"pa_kaubamark-einhell","12":"first","13":"instock","14":"sale","15":"taxable","16":"shipping-taxable","17":"purchasable","18":"product-type-simple"},"yoast_head":"<!-- This site is optimized with the Yoast SEO plugin v26.9 - https:\/\/yoast.com\/product\/yoast-seo-wordpress\/ -->\n<title>AKUMURUNIIDUK EINHELL GE-CM 43 - Espak E-pood<\/title>\n<meta name=\"robots\" content=\"index, follow, max-snippet:-1, max-image-preview:large, max-video-preview:-1\" \/>\n<link rel=\"canonical\" href=\"https:\/\/espak.ee\/epood\/toode\/akumuruniiduk-einhell-ge-cm-43\/\" \/>\n<meta property=\"og:locale\" content=\"et_EE\" \/>\n<meta property=\"og:type\" content=\"article\" \/>\n<meta property=\"og:title\" content=\"AKUMURUNIIDUK EINHELL GE-CM 43 - Espak E-pood\" \/>\n<meta property=\"og:url\" content=\"https:\/\/espak.ee\/epood\/toode\/akumuruniiduk-einhell-ge-cm-43\/\" \/>\n<meta property=\"og:site_name\" content=\"Espak E-pood\" \/>\n<meta property=\"article:modified_time\" content=\"2024-03-22T21:38:52+00:00\" \/>\n<meta property=\"og:image\" content=\"https:\/\/espak.ee\/epood\/wp-content\/uploads\/2020\/04\/muruniiduk.jpg\" \/>\n\t<meta property=\"og:image:width\" content=\"1000\" \/>\n\t<meta property=\"og:image:height\" content=\"1000\" \/>\n\t<meta property=\"og:image:type\" content=\"image\/jpeg\" \/>\n<meta name=\"twitter:card\" content=\"summary_large_image\" \/>\n<meta name=\"twitter:label1\" content=\"Est. reading time\" \/>\n\t<meta name=\"twitter:data1\" content=\"2 minutit\" \/>\n<script type=\"application\/ld+json\" class=\"yoast-schema-graph\">{\"@context\":\"https:\/\/schema.org\",\"@graph\":[{\"@type\":\"WebPage\",\"@id\":\"https:\/\/espak.ee\/epood\/toode\/akumuruniiduk-einhell-ge-cm-43\/\",\"url\":\"https:\/\/espak.ee\/epood\/toode\/akumuruniiduk-einhell-ge-cm-43\/\",\"name\":\"AKUMURUNIIDUK EINHELL GE-CM 43 - Espak E-pood\",\"isPartOf\":{\"@id\":\"https:\/\/espak.ee\/epood\/#website\"},\"primaryImageOfPage\":{\"@id\":\"https:\/\/espak.ee\/epood\/toode\/akumuruniiduk-einhell-ge-cm-43\/#primaryimage\"},\"image\":{\"@id\":\"https:\/\/espak.ee\/epood\/toode\/akumuruniiduk-einhell-ge-cm-43\/#primaryimage\"},\"thumbnailUrl\":\"https:\/\/espak.ee\/epood\/wp-content\/uploads\/2020\/04\/muruniiduk.jpg\",\"datePublished\":\"2020-04-18T01:16:54+00:00\",\"dateModified\":\"2024-03-22T21:38:52+00:00\",\"breadcrumb\":{\"@id\":\"https:\/\/espak.ee\/epood\/toode\/akumuruniiduk-einhell-ge-cm-43\/#breadcrumb\"},\"inLanguage\":\"et\",\"potentialAction\":[{\"@type\":\"ReadAction\",\"target\":[\"https:\/\/espak.ee\/epood\/toode\/akumuruniiduk-einhell-ge-cm-43\/\"]}]},{\"@type\":\"ImageObject\",\"inLanguage\":\"et\",\"@id\":\"https:\/\/espak.ee\/epood\/toode\/akumuruniiduk-einhell-ge-cm-43\/#primaryimage\",\"url\":\"https:\/\/espak.ee\/epood\/wp-content\/uploads\/2020\/04\/muruniiduk.jpg\",\"contentUrl\":\"https:\/\/espak.ee\/epood\/wp-content\/uploads\/2020\/04\/muruniiduk.jpg\",\"width\":1000,\"height\":1000},{\"@type\":\"BreadcrumbList\",\"@id\":\"https:\/\/espak.ee\/epood\/toode\/akumuruniiduk-einhell-ge-cm-43\/#breadcrumb\",\"itemListElement\":[{\"@type\":\"ListItem\",\"position\":1,\"name\":\"Home\",\"item\":\"https:\/\/espak.ee\/epood\/\"},{\"@type\":\"ListItem\",\"position\":2,\"name\":\"Tootevalik\",\"item\":\"https:\/\/espak.ee\/epood\/tootevalik\/\"},{\"@type\":\"ListItem\",\"position\":3,\"name\":\"AKUMURUNIIDUK EINHELL GE-CM 43\"}]},{\"@type\":\"WebSite\",\"@id\":\"https:\/\/espak.ee\/epood\/#website\",\"url\":\"https:\/\/espak.ee\/epood\/\",\"name\":\"Espak E-pood\",\"description\":\"\",\"potentialAction\":[{\"@type\":\"SearchAction\",\"target\":{\"@type\":\"EntryPoint\",\"urlTemplate\":\"https:\/\/espak.ee\/epood\/?s={search_term_string}\"},\"query-input\":{\"@type\":\"PropertyValueSpecification\",\"valueRequired\":true,\"valueName\":\"search_term_string\"}}],\"inLanguage\":\"et\"}]}<\/script>\n<!-- \/ Yoast SEO plugin. -->","yoast_head_json":{"title":"AKUMURUNIIDUK EINHELL GE-CM 43 - Espak E-pood","robots":{"index":"index","follow":"follow","max-snippet":"max-snippet:-1","max-image-preview":"max-image-preview:large","max-video-preview":"max-video-preview:-1"},"canonical":"https:\/\/espak.ee\/epood\/toode\/akumuruniiduk-einhell-ge-cm-43\/","og_locale":"et_EE","og_type":"article","og_title":"AKUMURUNIIDUK EINHELL GE-CM 43 - Espak E-pood","og_url":"https:\/\/espak.ee\/epood\/toode\/akumuruniiduk-einhell-ge-cm-43\/","og_site_name":"Espak E-pood","article_modified_time":"2024-03-22T21:38:52+00:00","og_image":[{"width":1000,"height":1000,"url":"https:\/\/espak.ee\/epood\/wp-content\/uploads\/2020\/04\/muruniiduk.jpg","type":"image\/jpeg"}],"twitter_card":"summary_large_image","twitter_misc":{"Est. reading time":"2 minutit"},"schema":{"@context":"https:\/\/schema.org","@graph":[{"@type":"WebPage","@id":"https:\/\/espak.ee\/epood\/toode\/akumuruniiduk-einhell-ge-cm-43\/","url":"https:\/\/espak.ee\/epood\/toode\/akumuruniiduk-einhell-ge-cm-43\/","name":"AKUMURUNIIDUK EINHELL GE-CM 43 - Espak E-pood","isPartOf":{"@id":"https:\/\/espak.ee\/epood\/#website"},"primaryImageOfPage":{"@id":"https:\/\/espak.ee\/epood\/toode\/akumuruniiduk-einhell-ge-cm-43\/#primaryimage"},"image":{"@id":"https:\/\/espak.ee\/epood\/toode\/akumuruniiduk-einhell-ge-cm-43\/#primaryimage"},"thumbnailUrl":"https:\/\/espak.ee\/epood\/wp-content\/uploads\/2020\/04\/muruniiduk.jpg","datePublished":"2020-04-18T01:16:54+00:00","dateModified":"2024-03-22T21:38:52+00:00","breadcrumb":{"@id":"https:\/\/espak.ee\/epood\/toode\/akumuruniiduk-einhell-ge-cm-43\/#breadcrumb"},"inLanguage":"et","potentialAction":[{"@type":"ReadAction","target":["https:\/\/espak.ee\/epood\/toode\/akumuruniiduk-einhell-ge-cm-43\/"]}]},{"@type":"ImageObject","inLanguage":"et","@id":"https:\/\/espak.ee\/epood\/toode\/akumuruniiduk-einhell-ge-cm-43\/#primaryimage","url":"https:\/\/espak.ee\/epood\/wp-content\/uploads\/2020\/04\/muruniiduk.jpg","contentUrl":"https:\/\/espak.ee\/epood\/wp-content\/uploads\/2020\/04\/muruniiduk.jpg","width":1000,"height":1000},{"@type":"BreadcrumbList","@id":"https:\/\/espak.ee\/epood\/toode\/akumuruniiduk-einhell-ge-cm-43\/#breadcrumb","itemListElement":[{"@type":"ListItem","position":1,"name":"Home","item":"https:\/\/espak.ee\/epood\/"},{"@type":"ListItem","position":2,"name":"Tootevalik","item":"https:\/\/espak.ee\/epood\/tootevalik\/"},{"@type":"ListItem","position":3,"name":"AKUMURUNIIDUK EINHELL GE-CM 43"}]},{"@type":"WebSite","@id":"https:\/\/espak.ee\/epood\/#website","url":"https:\/\/espak.ee\/epood\/","name":"Espak E-pood","description":"","potentialAction":[{"@type":"SearchAction","target":{"@type":"EntryPoint","urlTemplate":"https:\/\/espak.ee\/epood\/?s={search_term_string}"},"query-input":{"@type":"PropertyValueSpecification","valueRequired":true,"valueName":"search_term_string"}}],"inLanguage":"et"}]}},"_links":{"self":[{"href":"https:\/\/espak.ee\/epood\/wp-json\/wp\/v2\/product\/21499","targetHints":{"allow":["GET"]}}],"collection":[{"href":"https:\/\/espak.ee\/epood\/wp-json\/wp\/v2\/product"}],"about":[{"href":"https:\/\/espak.ee\/epood\/wp-json\/wp\/v2\/types\/product"}],"replies":[{"embeddable":true,"href":"https:\/\/espak.ee\/epood\/wp-json\/wp\/v2\/comments?post=21499"}],"wp:featuredmedia":[{"embeddable":true,"href":"https:\/\/espak.ee\/epood\/wp-json\/wp\/v2\/media\/85808"}],"wp:attachment":[{"href":"https:\/\/espak.ee\/epood\/wp-json\/wp\/v2\/media?parent=21499"}],"wp:term":[{"taxonomy":"product_brand","embeddable":true,"href":"https:\/\/espak.ee\/epood\/wp-json\/wp\/v2\/product_brand?post=21499"},{"taxonomy":"product_cat","embeddable":true,"href":"https:\/\/espak.ee\/epood\/wp-json\/wp\/v2\/product_cat?post=21499"},{"taxonomy":"product_tag","embeddable":true,"href":"https:\/\/espak.ee\/epood\/wp-json\/wp\/v2\/product_tag?post=21499"}],"curies":[{"name":"wp","href":"https:\/\/api.w.org\/{rel}","templated":true}]}}