{"id":21486,"date":"2020-04-18T04:16:49","date_gmt":"2020-04-18T01:16:49","guid":{"rendered":"https:\/\/espak.ee\/hinnakiri\/?post_type=product&#038;p=21486"},"modified":"2024-03-22T23:38:54","modified_gmt":"2024-03-22T21:38:54","slug":"akumurukaarid-einhell-3410370-ge-cg-18-li-solo","status":"publish","type":"product","link":"https:\/\/espak.ee\/epood\/toode\/akumurukaarid-einhell-3410370-ge-cg-18-li-solo\/","title":{"rendered":"AKUMURUK\u00c4\u00c4RID EINHELL GE-CG 18 LI SOLO"},"content":{"rendered":"<div class=\"row\"  id=\"row-579716350\">\n\n\t<div id=\"col-756720323\" class=\"col medium-9 small-12 large-9\"  >\n\t\t\t\t<div class=\"col-inner\"  >\n\t\t\t\n\t\t\t\n<div class=\"message-box relative\" style=\"padding-top:15px;padding-bottom:15px;\"><div class=\"message-box-bg-image bg-fill fill\" ><\/div><div class=\"message-box-bg-overlay bg-fill fill\" ><\/div><div class=\"container relative\"><div class=\"inner last-reset\">\n<div class=\"row align-middle align-center\"  id=\"row-487280000\">\n\n\t<div id=\"col-1180541841\" class=\"col small-12 large-12\"  >\n\t\t\t\t<div class=\"col-inner text-left\"  >\n\t\t\t\n\t\t\t\n<h4>Omadused<\/h4>\n<div class=\"row\"  id=\"row-775315624\">\n\n\t<div id=\"col-689108605\" class=\"col medium-6 small-12 large-6\"  >\n\t\t\t\t<div class=\"col-inner\"  >\n\t\t\t\n\t\t\t\n<p><i class=\"far fa-check-circle fa-2x\"><\/i><strong>\u00a0Ohutusl\u00fcliti <\/strong><\/p>\n<p><i class=\"far fa-check-circle fa-2x\"><\/i><strong> Rohul\u00f5iketera\u00a0<\/strong><\/p>\n<p><i class=\"far fa-check-circle fa-2x\"><\/i><strong> T\u00f6\u00f6riistavaba l\u00f5iketerade vahetus <\/strong><\/p>\n<p><i class=\"far fa-check-circle fa-2x\"><\/i><strong> Pehmendusega k\u00e4epide\u00a0<\/strong><\/p>\n\t\t<\/div>\n\t\t\t\t\n<style>\n#col-689108605 > .col-inner {\n  margin: 0px 0px 15px 0px;\n}\n<\/style>\n\t<\/div>\n\n\t\n\n\t<div id=\"col-766760692\" class=\"col medium-6 small-12 large-6\"  >\n\t\t\t\t<div class=\"col-inner\"  >\n\t\t\t\n\t\t\t\n<p><i class=\"far fa-check-circle fa-2x\"><\/i><strong> Metallist hammas\u00fclekanne <\/strong><\/p>\n<p><i class=\"far fa-check-circle fa-2x\"><\/i><strong> Hekil\u00f5iketera\u00a0<\/strong><\/p>\n<p><i class=\"far fa-check-circle fa-2x\"><\/i><strong> Laserl\u00f5igatud ja teemantlihvitud l\u00f5iketerad\u00a0<\/strong><\/p>\n<p><i class=\"far fa-check-circle fa-2x\"><\/i><strong> Komplekt ilma akuta ja akulaadurita (saadaval eraldi)\u00a0<\/strong><\/p>\n\t\t<\/div>\n\t\t\t\t\n<style>\n#col-766760692 > .col-inner {\n  margin: 0px 0px 15px 0px;\n}\n<\/style>\n\t<\/div>\n\n\t\n<\/div>\n\t\t<\/div>\n\t\t\t\t\t<\/div>\n\n\t\n<\/div>\n<\/div><\/div><\/div>\n\t<div id=\"gap-1909049156\" class=\"gap-element clearfix\" style=\"display:block; height:auto;\">\n\t\t\n<style>\n#gap-1909049156 {\n  padding-top: 30px;\n}\n<\/style>\n\t<\/div>\n\t\n<h2>Tootekirjeldus<\/h2>\n<p> Einhelli akumuruk\u00e4\u00e4rid GE-CG 18 Li SOLO on ideaalne partner hobiaednikele, kes hindavad oma rohealade korrashoidmisel paindlikkust. P\u00f5\u00f5saste ja rohu j\u00e4rjekindel l\u00f5ikamine ei ole GE-CG 18 Li SOLO jaoks mingi probleem. Laserl\u00f5igatud ja teemantlihvitud teradele optimaalse j\u00f5u\u00fclekande tagamiseks on seadmel tugev metallist hammas\u00fclekanne. Rohul\u00f5iketera ja hekil\u00f5iketera on kaasas. Erilise t\u00f6\u00f6riistavaba l\u00f5iketerade vahetuss\u00fcsteemiga on muruk\u00e4\u00e4ridest hekik\u00e4\u00e4rideks muutmine kiire ja lihtne. Ohutusl\u00fcliti kaitseb kasutajat k\u00e4\u00e4ride tahtmatu k\u00e4ivitamise eest. K\u00e4\u00e4ridel GE-CG 18 Li on kindlaks ja mugavaks k\u00e4es hoidmiseks pehmendatud k\u00e4epide. V\u00f5imsuse ja mugavuse hea tasakaalu t\u00f5ttu ei tekita isegi pikalt j\u00e4rjest t\u00f6\u00f6tamine lihaspingeid. Toode tarnitakse akuta ja akulaadurita. <\/p>\n\t<div id=\"gap-1396533283\" class=\"gap-element clearfix\" style=\"display:block; height:auto;\">\n\t\t\n<style>\n#gap-1396533283 {\n  padding-top: 30px;\n}\n<\/style>\n\t<\/div>\n\t\n\t\t<\/div>\n\t\t\t\t\t<\/div>\n\n\t\n\n\t<div id=\"col-1056951570\" class=\"col medium-3 small-12 large-3\"  >\n\t\t\t\t<div class=\"col-inner\"  >\n\t\t\t\n\t\t\t\n\t<div id=\"gap-953978078\" class=\"gap-element clearfix\" style=\"display:block; height:auto;\">\n\t\t\n<style>\n#gap-953978078 {\n  padding-top: 30px;\n}\n<\/style>\n\t<\/div>\n\t\n<img decoding=\"async\" src=\"https:\/\/espak.ee\/epood\/wp-content\/uploads\/2020\/04\/Power-x-change-logo.jpg\" alt=\"\" width=\"1772\" height=\"343\" class=\"alignnone size-full wp-image-97311\" srcset=\"https:\/\/espak.ee\/epood\/wp-content\/uploads\/2020\/04\/Power-x-change-logo.jpg 1772w, https:\/\/espak.ee\/epood\/wp-content\/uploads\/2020\/04\/Power-x-change-logo-500x97.jpg 500w, https:\/\/espak.ee\/epood\/wp-content\/uploads\/2020\/04\/Power-x-change-logo-769x149.jpg 769w, https:\/\/espak.ee\/epood\/wp-content\/uploads\/2020\/04\/Power-x-change-logo-300x58.jpg 300w, https:\/\/espak.ee\/epood\/wp-content\/uploads\/2020\/04\/Power-x-change-logo-1024x198.jpg 1024w, https:\/\/espak.ee\/epood\/wp-content\/uploads\/2020\/04\/Power-x-change-logo-150x29.jpg 150w, https:\/\/espak.ee\/epood\/wp-content\/uploads\/2020\/04\/Power-x-change-logo-768x149.jpg 768w, https:\/\/espak.ee\/epood\/wp-content\/uploads\/2020\/04\/Power-x-change-logo-1536x297.jpg 1536w\" sizes=\"(max-width: 1772px) 100vw, 1772px\" \/><br \/>\n<div class=\"is-divider divider clearfix\" ><\/div>\n<h3>Kasutusjuhend<\/h3>\n<p><a href=\"https:\/\/espak.ee\/epood\/wp-content\/uploads\/Akumuruk\u00e4\u00e4rid-ge-cg-18-li-solo-3410370.pdf\" target=\"_blank\" rel=\"noopener noreferrer\"><i class=\"far fa-file-pdf\"><\/i> Kasutusjuhend (PDF)<\/a><\/p>\n<div class=\"is-divider divider clearfix\" ><\/div>\n<p><strong>\u00dcksikasjalikuma n\u00f5u saamiseks v\u00f5tke \u00fchendust:<br \/><\/strong>Espak AS<br \/>Viadukti 42<br \/>11313<br \/>Tallinn<br \/>+372 6 512333<\/p>\n\t\t<\/div>\n\t\t\t\t\t<\/div>\n\n\t\n<\/div>\n","protected":false},"excerpt":{"rendered":"","protected":false},"featured_media":34196,"comment_status":"closed","ping_status":"closed","template":"","meta":[],"product_brand":[],"product_cat":[2789,2788,2790,2791],"product_tag":[],"class_list":{"0":"post-21486","1":"product","2":"type-product","3":"status-publish","4":"has-post-thumbnail","6":"product_cat-aiatarbed","7":"product_cat-aiatarbed-ja-kodukaubad","8":"product_cat-aiatehnika","9":"product_cat-akutooriistad-aiaosakonnas","10":"pa_kaubamark-einhell","12":"first","13":"instock","14":"sale","15":"taxable","16":"shipping-taxable","17":"purchasable","18":"product-type-simple"},"yoast_head":"<!-- This site is optimized with the Yoast SEO plugin v26.9 - https:\/\/yoast.com\/product\/yoast-seo-wordpress\/ -->\n<title>AKUMURUK\u00c4\u00c4RID EINHELL GE-CG 18 LI SOLO - Espak E-pood<\/title>\n<meta name=\"description\" content=\"Einhelli akumuruk\u00e4\u00e4rid GE-CG 18 Li SOLO on ideaalne partner hobiaednikele, kes hindavad oma rohealade korrashoidmisel paindlikkust. P\u00f5\u00f5saste ja rohu j\u00e4rjekindel l\u00f5ikamine ei ole GE-CG 18 Li SOLO jaoks mingi probleem.\" \/>\n<meta name=\"robots\" content=\"index, follow, max-snippet:-1, max-image-preview:large, max-video-preview:-1\" \/>\n<link rel=\"canonical\" href=\"https:\/\/espak.ee\/epood\/toode\/akumurukaarid-einhell-3410370-ge-cg-18-li-solo\/\" \/>\n<meta property=\"og:locale\" content=\"et_EE\" \/>\n<meta property=\"og:type\" content=\"article\" \/>\n<meta property=\"og:title\" content=\"AKUMURUK\u00c4\u00c4RID EINHELL GE-CG 18 LI SOLO - Espak E-pood\" \/>\n<meta property=\"og:description\" content=\"Einhelli akumuruk\u00e4\u00e4rid GE-CG 18 Li SOLO on ideaalne partner hobiaednikele, kes hindavad oma rohealade korrashoidmisel paindlikkust. P\u00f5\u00f5saste ja rohu j\u00e4rjekindel l\u00f5ikamine ei ole GE-CG 18 Li SOLO jaoks mingi probleem.\" \/>\n<meta property=\"og:url\" content=\"https:\/\/espak.ee\/epood\/toode\/akumurukaarid-einhell-3410370-ge-cg-18-li-solo\/\" \/>\n<meta property=\"og:site_name\" content=\"Espak E-pood\" \/>\n<meta property=\"article:modified_time\" content=\"2024-03-22T21:38:54+00:00\" \/>\n<meta property=\"og:image\" content=\"https:\/\/espak.ee\/epood\/wp-content\/uploads\/3410370_11016_001_GE_CG_18_Li_Solo_RAL3002_Pic.jpg\" \/>\n\t<meta property=\"og:image:width\" content=\"1772\" \/>\n\t<meta property=\"og:image:height\" content=\"1417\" \/>\n\t<meta property=\"og:image:type\" content=\"image\/jpeg\" \/>\n<meta name=\"twitter:card\" content=\"summary_large_image\" \/>\n<meta name=\"twitter:label1\" content=\"Est. reading time\" \/>\n\t<meta name=\"twitter:data1\" content=\"1 minut\" \/>\n<script type=\"application\/ld+json\" class=\"yoast-schema-graph\">{\"@context\":\"https:\/\/schema.org\",\"@graph\":[{\"@type\":\"WebPage\",\"@id\":\"https:\/\/espak.ee\/epood\/toode\/akumurukaarid-einhell-3410370-ge-cg-18-li-solo\/\",\"url\":\"https:\/\/espak.ee\/epood\/toode\/akumurukaarid-einhell-3410370-ge-cg-18-li-solo\/\",\"name\":\"AKUMURUK\u00c4\u00c4RID EINHELL GE-CG 18 LI SOLO - Espak E-pood\",\"isPartOf\":{\"@id\":\"https:\/\/espak.ee\/epood\/#website\"},\"primaryImageOfPage\":{\"@id\":\"https:\/\/espak.ee\/epood\/toode\/akumurukaarid-einhell-3410370-ge-cg-18-li-solo\/#primaryimage\"},\"image\":{\"@id\":\"https:\/\/espak.ee\/epood\/toode\/akumurukaarid-einhell-3410370-ge-cg-18-li-solo\/#primaryimage\"},\"thumbnailUrl\":\"https:\/\/espak.ee\/epood\/wp-content\/uploads\/3410370_11016_001_GE_CG_18_Li_Solo_RAL3002_Pic.jpg\",\"datePublished\":\"2020-04-18T01:16:49+00:00\",\"dateModified\":\"2024-03-22T21:38:54+00:00\",\"description\":\"Einhelli akumuruk\u00e4\u00e4rid GE-CG 18 Li SOLO on ideaalne partner hobiaednikele, kes hindavad oma rohealade korrashoidmisel paindlikkust. P\u00f5\u00f5saste ja rohu j\u00e4rjekindel l\u00f5ikamine ei ole GE-CG 18 Li SOLO jaoks mingi probleem.\",\"breadcrumb\":{\"@id\":\"https:\/\/espak.ee\/epood\/toode\/akumurukaarid-einhell-3410370-ge-cg-18-li-solo\/#breadcrumb\"},\"inLanguage\":\"et\",\"potentialAction\":[{\"@type\":\"ReadAction\",\"target\":[\"https:\/\/espak.ee\/epood\/toode\/akumurukaarid-einhell-3410370-ge-cg-18-li-solo\/\"]}]},{\"@type\":\"ImageObject\",\"inLanguage\":\"et\",\"@id\":\"https:\/\/espak.ee\/epood\/toode\/akumurukaarid-einhell-3410370-ge-cg-18-li-solo\/#primaryimage\",\"url\":\"https:\/\/espak.ee\/epood\/wp-content\/uploads\/3410370_11016_001_GE_CG_18_Li_Solo_RAL3002_Pic.jpg\",\"contentUrl\":\"https:\/\/espak.ee\/epood\/wp-content\/uploads\/3410370_11016_001_GE_CG_18_Li_Solo_RAL3002_Pic.jpg\",\"width\":1772,\"height\":1417},{\"@type\":\"BreadcrumbList\",\"@id\":\"https:\/\/espak.ee\/epood\/toode\/akumurukaarid-einhell-3410370-ge-cg-18-li-solo\/#breadcrumb\",\"itemListElement\":[{\"@type\":\"ListItem\",\"position\":1,\"name\":\"Home\",\"item\":\"https:\/\/espak.ee\/epood\/\"},{\"@type\":\"ListItem\",\"position\":2,\"name\":\"Tootevalik\",\"item\":\"https:\/\/espak.ee\/epood\/tootevalik\/\"},{\"@type\":\"ListItem\",\"position\":3,\"name\":\"AKUMURUK\u00c4\u00c4RID EINHELL GE-CG 18 LI SOLO\"}]},{\"@type\":\"WebSite\",\"@id\":\"https:\/\/espak.ee\/epood\/#website\",\"url\":\"https:\/\/espak.ee\/epood\/\",\"name\":\"Espak E-pood\",\"description\":\"\",\"potentialAction\":[{\"@type\":\"SearchAction\",\"target\":{\"@type\":\"EntryPoint\",\"urlTemplate\":\"https:\/\/espak.ee\/epood\/?s={search_term_string}\"},\"query-input\":{\"@type\":\"PropertyValueSpecification\",\"valueRequired\":true,\"valueName\":\"search_term_string\"}}],\"inLanguage\":\"et\"}]}<\/script>\n<!-- \/ Yoast SEO plugin. -->","yoast_head_json":{"title":"AKUMURUK\u00c4\u00c4RID EINHELL GE-CG 18 LI SOLO - Espak E-pood","description":"Einhelli akumuruk\u00e4\u00e4rid GE-CG 18 Li SOLO on ideaalne partner hobiaednikele, kes hindavad oma rohealade korrashoidmisel paindlikkust. P\u00f5\u00f5saste ja rohu j\u00e4rjekindel l\u00f5ikamine ei ole GE-CG 18 Li SOLO jaoks mingi probleem.","robots":{"index":"index","follow":"follow","max-snippet":"max-snippet:-1","max-image-preview":"max-image-preview:large","max-video-preview":"max-video-preview:-1"},"canonical":"https:\/\/espak.ee\/epood\/toode\/akumurukaarid-einhell-3410370-ge-cg-18-li-solo\/","og_locale":"et_EE","og_type":"article","og_title":"AKUMURUK\u00c4\u00c4RID EINHELL GE-CG 18 LI SOLO - Espak E-pood","og_description":"Einhelli akumuruk\u00e4\u00e4rid GE-CG 18 Li SOLO on ideaalne partner hobiaednikele, kes hindavad oma rohealade korrashoidmisel paindlikkust. P\u00f5\u00f5saste ja rohu j\u00e4rjekindel l\u00f5ikamine ei ole GE-CG 18 Li SOLO jaoks mingi probleem.","og_url":"https:\/\/espak.ee\/epood\/toode\/akumurukaarid-einhell-3410370-ge-cg-18-li-solo\/","og_site_name":"Espak E-pood","article_modified_time":"2024-03-22T21:38:54+00:00","og_image":[{"width":1772,"height":1417,"url":"https:\/\/espak.ee\/epood\/wp-content\/uploads\/3410370_11016_001_GE_CG_18_Li_Solo_RAL3002_Pic.jpg","type":"image\/jpeg"}],"twitter_card":"summary_large_image","twitter_misc":{"Est. reading time":"1 minut"},"schema":{"@context":"https:\/\/schema.org","@graph":[{"@type":"WebPage","@id":"https:\/\/espak.ee\/epood\/toode\/akumurukaarid-einhell-3410370-ge-cg-18-li-solo\/","url":"https:\/\/espak.ee\/epood\/toode\/akumurukaarid-einhell-3410370-ge-cg-18-li-solo\/","name":"AKUMURUK\u00c4\u00c4RID EINHELL GE-CG 18 LI SOLO - Espak E-pood","isPartOf":{"@id":"https:\/\/espak.ee\/epood\/#website"},"primaryImageOfPage":{"@id":"https:\/\/espak.ee\/epood\/toode\/akumurukaarid-einhell-3410370-ge-cg-18-li-solo\/#primaryimage"},"image":{"@id":"https:\/\/espak.ee\/epood\/toode\/akumurukaarid-einhell-3410370-ge-cg-18-li-solo\/#primaryimage"},"thumbnailUrl":"https:\/\/espak.ee\/epood\/wp-content\/uploads\/3410370_11016_001_GE_CG_18_Li_Solo_RAL3002_Pic.jpg","datePublished":"2020-04-18T01:16:49+00:00","dateModified":"2024-03-22T21:38:54+00:00","description":"Einhelli akumuruk\u00e4\u00e4rid GE-CG 18 Li SOLO on ideaalne partner hobiaednikele, kes hindavad oma rohealade korrashoidmisel paindlikkust. P\u00f5\u00f5saste ja rohu j\u00e4rjekindel l\u00f5ikamine ei ole GE-CG 18 Li SOLO jaoks mingi probleem.","breadcrumb":{"@id":"https:\/\/espak.ee\/epood\/toode\/akumurukaarid-einhell-3410370-ge-cg-18-li-solo\/#breadcrumb"},"inLanguage":"et","potentialAction":[{"@type":"ReadAction","target":["https:\/\/espak.ee\/epood\/toode\/akumurukaarid-einhell-3410370-ge-cg-18-li-solo\/"]}]},{"@type":"ImageObject","inLanguage":"et","@id":"https:\/\/espak.ee\/epood\/toode\/akumurukaarid-einhell-3410370-ge-cg-18-li-solo\/#primaryimage","url":"https:\/\/espak.ee\/epood\/wp-content\/uploads\/3410370_11016_001_GE_CG_18_Li_Solo_RAL3002_Pic.jpg","contentUrl":"https:\/\/espak.ee\/epood\/wp-content\/uploads\/3410370_11016_001_GE_CG_18_Li_Solo_RAL3002_Pic.jpg","width":1772,"height":1417},{"@type":"BreadcrumbList","@id":"https:\/\/espak.ee\/epood\/toode\/akumurukaarid-einhell-3410370-ge-cg-18-li-solo\/#breadcrumb","itemListElement":[{"@type":"ListItem","position":1,"name":"Home","item":"https:\/\/espak.ee\/epood\/"},{"@type":"ListItem","position":2,"name":"Tootevalik","item":"https:\/\/espak.ee\/epood\/tootevalik\/"},{"@type":"ListItem","position":3,"name":"AKUMURUK\u00c4\u00c4RID EINHELL GE-CG 18 LI SOLO"}]},{"@type":"WebSite","@id":"https:\/\/espak.ee\/epood\/#website","url":"https:\/\/espak.ee\/epood\/","name":"Espak E-pood","description":"","potentialAction":[{"@type":"SearchAction","target":{"@type":"EntryPoint","urlTemplate":"https:\/\/espak.ee\/epood\/?s={search_term_string}"},"query-input":{"@type":"PropertyValueSpecification","valueRequired":true,"valueName":"search_term_string"}}],"inLanguage":"et"}]}},"_links":{"self":[{"href":"https:\/\/espak.ee\/epood\/wp-json\/wp\/v2\/product\/21486","targetHints":{"allow":["GET"]}}],"collection":[{"href":"https:\/\/espak.ee\/epood\/wp-json\/wp\/v2\/product"}],"about":[{"href":"https:\/\/espak.ee\/epood\/wp-json\/wp\/v2\/types\/product"}],"replies":[{"embeddable":true,"href":"https:\/\/espak.ee\/epood\/wp-json\/wp\/v2\/comments?post=21486"}],"wp:featuredmedia":[{"embeddable":true,"href":"https:\/\/espak.ee\/epood\/wp-json\/wp\/v2\/media\/34196"}],"wp:attachment":[{"href":"https:\/\/espak.ee\/epood\/wp-json\/wp\/v2\/media?parent=21486"}],"wp:term":[{"taxonomy":"product_brand","embeddable":true,"href":"https:\/\/espak.ee\/epood\/wp-json\/wp\/v2\/product_brand?post=21486"},{"taxonomy":"product_cat","embeddable":true,"href":"https:\/\/espak.ee\/epood\/wp-json\/wp\/v2\/product_cat?post=21486"},{"taxonomy":"product_tag","embeddable":true,"href":"https:\/\/espak.ee\/epood\/wp-json\/wp\/v2\/product_tag?post=21486"}],"curies":[{"name":"wp","href":"https:\/\/api.w.org\/{rel}","templated":true}]}}