{"id":214840,"date":"2024-10-23T05:10:25","date_gmt":"2024-10-23T02:10:25","guid":{"rendered":"https:\/\/espak.ee\/epood\/?post_type=product&#038;p=214840"},"modified":"2025-12-15T18:34:15","modified_gmt":"2025-12-15T16:34:15","slug":"suitsuandur-gosmart-p56500s-emos","status":"publish","type":"product","link":"https:\/\/espak.ee\/epood\/toode\/suitsuandur-gosmart-p56500s-emos\/","title":{"rendered":"SUITSUANDUR GOSMART P56500S EMOS"},"content":{"rendered":"<div class=\"row\"  id=\"row-359512400\">\n\n\t<div id=\"col-551041149\" class=\"col medium-9 small-12 large-9\"  >\n\t\t\t\t<div class=\"col-inner\"  >\n\t\t\t\n\t\t\t\n<h3>Suitsuandur Emos GoSmart <\/h3>\n<p>Nutikas suitsuandur on varustatud mitte ainult optilise, vaid ka helisignaaliga, et tagada ohu korral maksimaalne t\u00e4helepanu. K\u00f5va 85 dB h\u00e4iresignaal hoiatab teid koheselt v\u00f5imalikust ohust. See helisignaal on piisavalt vali, et hoiatada kiiresti k\u00f5iki kodus viibijaid ja v\u00f5imaldada neil kiiresti evakueeruda.<\/p>\n<p>Signaali helitugevus: >85 dB kaugusega 3 m<br \/>\nIP-reiting: IP20<br \/>\nToiteallikas: 2 \u00d7 1,5 V AA, komplektis<br \/>\nAlarmide m\u00e4lu: pole m\u00e4rgitud<br \/>\nT\u00f6\u00f6temperatuur: 0 \u00b0C kuni 40 \u00b0C<br \/>\nTalitlusniiskus: 0\u201393 %<br \/>\n\u00dclekande sagedus: 2,4 GHz WIFI (IEEE802.11b\/g\/n)<br \/>\nPaigalduse t\u00fc\u00fcp: v\u00f5imalik paigaldada seinale v\u00f5i vabaltseisvana<br \/>\nSignaali t\u00fc\u00fcp: optiline ja kuuldav<br \/>\nSobib t\u00fc\u00fcbiga: pole m\u00e4rgitud<br \/>\nEluiga: 10 aastat<br \/>\nToetatud OS: Android, iOS<br \/>\nProtokoll: Wi-Fi<br \/>\nH\u00e4\u00e4ljuhtimise assistentide juhtimine: ei<br \/>\nTeavitused mobiilirakendusse: jah<br \/>\nM\u00f5\u00f5tmed: 38 \u00d7 120 \u00d7 120 mm\n <\/p>\n\t\t<\/div>\n\t\t\t\t\t<\/div>\n\n\t\n\n\t<div id=\"col-780979505\" class=\"col medium-3 small-12 large-3\"  >\n\t\t\t\t<div class=\"col-inner\"  >\n\t\t\t\n\t\t\t\n<h3>Kasutusjuhend<\/h3>\n<p><a href=\"https:\/\/espak.ee\/epood\/wp-content\/uploads\/2024\/10\/2104103000_31-P56500S_13_01_WEB_ETI.pdf\"target=\"_blank\" rel=\"noopener noreferrer\"><i class=\"far fa-file-pdf\"><\/i> Kasutusjuhend (PDF)<\/a><\/p>\n\t<div id=\"gap-1558329755\" class=\"gap-element clearfix\" style=\"display:block; height:auto;\">\n\t\t\n<style>\n#gap-1558329755 {\n  padding-top: 30px;\n}\n<\/style>\n\t<\/div>\n\t\n<p><strong>\u00dcksikasjalikuma n\u00f5u saamiseks v\u00f5tke \u00fchendust:<br \/><\/strong>Espak AS<br \/>Viadukti 42<br \/>11313<br \/>Tallinn<br \/>+372 6 512333<\/p>\n\t\t<\/div>\n\t\t\t\t\t<\/div>\n\n\t\n<\/div>\n","protected":false},"excerpt":{"rendered":"","protected":false},"featured_media":216575,"comment_status":"closed","ping_status":"closed","template":"","meta":[],"product_brand":[],"product_cat":[2935,2934,3224,3322],"product_tag":[],"class_list":{"0":"post-214840","1":"product","2":"type-product","3":"status-publish","4":"has-post-thumbnail","6":"product_cat-elektrikaubad","7":"product_cat-elektrikaubad-ja-valgustid","8":"product_cat-lulitid-ja-pistikupesad","9":"product_cat-suitsuandurid","10":"pa_kaubamark-emos-spol-s-r-o","12":"first","13":"instock","14":"sale","15":"taxable","16":"shipping-taxable","17":"purchasable","18":"product-type-simple"},"yoast_head":"<!-- This site is optimized with the Yoast SEO plugin v26.9 - https:\/\/yoast.com\/product\/yoast-seo-wordpress\/ -->\n<title>SUITSUANDUR GOSMART P56500S EMOS - Espak E-pood<\/title>\n<meta name=\"robots\" content=\"index, follow, max-snippet:-1, max-image-preview:large, max-video-preview:-1\" \/>\n<link rel=\"canonical\" href=\"https:\/\/espak.ee\/epood\/toode\/suitsuandur-gosmart-p56500s-emos\/\" \/>\n<meta property=\"og:locale\" content=\"et_EE\" \/>\n<meta property=\"og:type\" content=\"article\" \/>\n<meta property=\"og:title\" content=\"SUITSUANDUR GOSMART P56500S EMOS - Espak E-pood\" \/>\n<meta property=\"og:url\" content=\"https:\/\/espak.ee\/epood\/toode\/suitsuandur-gosmart-p56500s-emos\/\" \/>\n<meta property=\"og:site_name\" content=\"Espak E-pood\" \/>\n<meta property=\"article:modified_time\" content=\"2025-12-15T16:34:15+00:00\" \/>\n<meta property=\"og:image\" content=\"https:\/\/espak.ee\/epood\/wp-content\/uploads\/2024\/10\/2670775.jpg\" \/>\n\t<meta property=\"og:image:width\" content=\"1000\" \/>\n\t<meta property=\"og:image:height\" content=\"1000\" \/>\n\t<meta property=\"og:image:type\" content=\"image\/jpeg\" \/>\n<meta name=\"twitter:card\" content=\"summary_large_image\" \/>\n<meta name=\"twitter:label1\" content=\"Est. reading time\" \/>\n\t<meta name=\"twitter:data1\" content=\"1 minut\" \/>\n<script type=\"application\/ld+json\" class=\"yoast-schema-graph\">{\"@context\":\"https:\/\/schema.org\",\"@graph\":[{\"@type\":\"WebPage\",\"@id\":\"https:\/\/espak.ee\/epood\/toode\/suitsuandur-gosmart-p56500s-emos\/\",\"url\":\"https:\/\/espak.ee\/epood\/toode\/suitsuandur-gosmart-p56500s-emos\/\",\"name\":\"SUITSUANDUR GOSMART P56500S EMOS - Espak E-pood\",\"isPartOf\":{\"@id\":\"https:\/\/espak.ee\/epood\/#website\"},\"primaryImageOfPage\":{\"@id\":\"https:\/\/espak.ee\/epood\/toode\/suitsuandur-gosmart-p56500s-emos\/#primaryimage\"},\"image\":{\"@id\":\"https:\/\/espak.ee\/epood\/toode\/suitsuandur-gosmart-p56500s-emos\/#primaryimage\"},\"thumbnailUrl\":\"https:\/\/espak.ee\/epood\/wp-content\/uploads\/2024\/10\/2670775.jpg\",\"datePublished\":\"2024-10-23T02:10:25+00:00\",\"dateModified\":\"2025-12-15T16:34:15+00:00\",\"breadcrumb\":{\"@id\":\"https:\/\/espak.ee\/epood\/toode\/suitsuandur-gosmart-p56500s-emos\/#breadcrumb\"},\"inLanguage\":\"et\",\"potentialAction\":[{\"@type\":\"ReadAction\",\"target\":[\"https:\/\/espak.ee\/epood\/toode\/suitsuandur-gosmart-p56500s-emos\/\"]}]},{\"@type\":\"ImageObject\",\"inLanguage\":\"et\",\"@id\":\"https:\/\/espak.ee\/epood\/toode\/suitsuandur-gosmart-p56500s-emos\/#primaryimage\",\"url\":\"https:\/\/espak.ee\/epood\/wp-content\/uploads\/2024\/10\/2670775.jpg\",\"contentUrl\":\"https:\/\/espak.ee\/epood\/wp-content\/uploads\/2024\/10\/2670775.jpg\",\"width\":1000,\"height\":1000},{\"@type\":\"BreadcrumbList\",\"@id\":\"https:\/\/espak.ee\/epood\/toode\/suitsuandur-gosmart-p56500s-emos\/#breadcrumb\",\"itemListElement\":[{\"@type\":\"ListItem\",\"position\":1,\"name\":\"Home\",\"item\":\"https:\/\/espak.ee\/epood\/\"},{\"@type\":\"ListItem\",\"position\":2,\"name\":\"Tootevalik\",\"item\":\"https:\/\/espak.ee\/epood\/tootevalik\/\"},{\"@type\":\"ListItem\",\"position\":3,\"name\":\"SUITSUANDUR GOSMART P56500S EMOS\"}]},{\"@type\":\"WebSite\",\"@id\":\"https:\/\/espak.ee\/epood\/#website\",\"url\":\"https:\/\/espak.ee\/epood\/\",\"name\":\"Espak E-pood\",\"description\":\"\",\"potentialAction\":[{\"@type\":\"SearchAction\",\"target\":{\"@type\":\"EntryPoint\",\"urlTemplate\":\"https:\/\/espak.ee\/epood\/?s={search_term_string}\"},\"query-input\":{\"@type\":\"PropertyValueSpecification\",\"valueRequired\":true,\"valueName\":\"search_term_string\"}}],\"inLanguage\":\"et\"}]}<\/script>\n<!-- \/ Yoast SEO plugin. -->","yoast_head_json":{"title":"SUITSUANDUR GOSMART P56500S EMOS - Espak E-pood","robots":{"index":"index","follow":"follow","max-snippet":"max-snippet:-1","max-image-preview":"max-image-preview:large","max-video-preview":"max-video-preview:-1"},"canonical":"https:\/\/espak.ee\/epood\/toode\/suitsuandur-gosmart-p56500s-emos\/","og_locale":"et_EE","og_type":"article","og_title":"SUITSUANDUR GOSMART P56500S EMOS - Espak E-pood","og_url":"https:\/\/espak.ee\/epood\/toode\/suitsuandur-gosmart-p56500s-emos\/","og_site_name":"Espak E-pood","article_modified_time":"2025-12-15T16:34:15+00:00","og_image":[{"width":1000,"height":1000,"url":"https:\/\/espak.ee\/epood\/wp-content\/uploads\/2024\/10\/2670775.jpg","type":"image\/jpeg"}],"twitter_card":"summary_large_image","twitter_misc":{"Est. reading time":"1 minut"},"schema":{"@context":"https:\/\/schema.org","@graph":[{"@type":"WebPage","@id":"https:\/\/espak.ee\/epood\/toode\/suitsuandur-gosmart-p56500s-emos\/","url":"https:\/\/espak.ee\/epood\/toode\/suitsuandur-gosmart-p56500s-emos\/","name":"SUITSUANDUR GOSMART P56500S EMOS - Espak E-pood","isPartOf":{"@id":"https:\/\/espak.ee\/epood\/#website"},"primaryImageOfPage":{"@id":"https:\/\/espak.ee\/epood\/toode\/suitsuandur-gosmart-p56500s-emos\/#primaryimage"},"image":{"@id":"https:\/\/espak.ee\/epood\/toode\/suitsuandur-gosmart-p56500s-emos\/#primaryimage"},"thumbnailUrl":"https:\/\/espak.ee\/epood\/wp-content\/uploads\/2024\/10\/2670775.jpg","datePublished":"2024-10-23T02:10:25+00:00","dateModified":"2025-12-15T16:34:15+00:00","breadcrumb":{"@id":"https:\/\/espak.ee\/epood\/toode\/suitsuandur-gosmart-p56500s-emos\/#breadcrumb"},"inLanguage":"et","potentialAction":[{"@type":"ReadAction","target":["https:\/\/espak.ee\/epood\/toode\/suitsuandur-gosmart-p56500s-emos\/"]}]},{"@type":"ImageObject","inLanguage":"et","@id":"https:\/\/espak.ee\/epood\/toode\/suitsuandur-gosmart-p56500s-emos\/#primaryimage","url":"https:\/\/espak.ee\/epood\/wp-content\/uploads\/2024\/10\/2670775.jpg","contentUrl":"https:\/\/espak.ee\/epood\/wp-content\/uploads\/2024\/10\/2670775.jpg","width":1000,"height":1000},{"@type":"BreadcrumbList","@id":"https:\/\/espak.ee\/epood\/toode\/suitsuandur-gosmart-p56500s-emos\/#breadcrumb","itemListElement":[{"@type":"ListItem","position":1,"name":"Home","item":"https:\/\/espak.ee\/epood\/"},{"@type":"ListItem","position":2,"name":"Tootevalik","item":"https:\/\/espak.ee\/epood\/tootevalik\/"},{"@type":"ListItem","position":3,"name":"SUITSUANDUR GOSMART P56500S EMOS"}]},{"@type":"WebSite","@id":"https:\/\/espak.ee\/epood\/#website","url":"https:\/\/espak.ee\/epood\/","name":"Espak E-pood","description":"","potentialAction":[{"@type":"SearchAction","target":{"@type":"EntryPoint","urlTemplate":"https:\/\/espak.ee\/epood\/?s={search_term_string}"},"query-input":{"@type":"PropertyValueSpecification","valueRequired":true,"valueName":"search_term_string"}}],"inLanguage":"et"}]}},"_links":{"self":[{"href":"https:\/\/espak.ee\/epood\/wp-json\/wp\/v2\/product\/214840","targetHints":{"allow":["GET"]}}],"collection":[{"href":"https:\/\/espak.ee\/epood\/wp-json\/wp\/v2\/product"}],"about":[{"href":"https:\/\/espak.ee\/epood\/wp-json\/wp\/v2\/types\/product"}],"replies":[{"embeddable":true,"href":"https:\/\/espak.ee\/epood\/wp-json\/wp\/v2\/comments?post=214840"}],"wp:featuredmedia":[{"embeddable":true,"href":"https:\/\/espak.ee\/epood\/wp-json\/wp\/v2\/media\/216575"}],"wp:attachment":[{"href":"https:\/\/espak.ee\/epood\/wp-json\/wp\/v2\/media?parent=214840"}],"wp:term":[{"taxonomy":"product_brand","embeddable":true,"href":"https:\/\/espak.ee\/epood\/wp-json\/wp\/v2\/product_brand?post=214840"},{"taxonomy":"product_cat","embeddable":true,"href":"https:\/\/espak.ee\/epood\/wp-json\/wp\/v2\/product_cat?post=214840"},{"taxonomy":"product_tag","embeddable":true,"href":"https:\/\/espak.ee\/epood\/wp-json\/wp\/v2\/product_tag?post=214840"}],"curies":[{"name":"wp","href":"https:\/\/api.w.org\/{rel}","templated":true}]}}