{"id":214839,"date":"2024-10-23T05:10:25","date_gmt":"2024-10-23T02:10:25","guid":{"rendered":"https:\/\/espak.ee\/epood\/?post_type=product&#038;p=214839"},"modified":"2026-01-26T14:01:32","modified_gmt":"2026-01-26T12:01:32","slug":"ohukvaliteedi-monitor-gosmart-e30300-emos","status":"publish","type":"product","link":"https:\/\/espak.ee\/epood\/toode\/ohukvaliteedi-monitor-gosmart-e30300-emos\/","title":{"rendered":"\u00d5HUKVALITEEDI MONITOR GOSMART E30300 EMOS"},"content":{"rendered":"<div class=\"row\"  id=\"row-695638307\">\n\n\t<div id=\"col-1432139580\" class=\"col medium-9 small-12 large-9\"  >\n\t\t\t\t<div class=\"col-inner\"  >\n\t\t\t\n\t\t\t\n<h3>\u00d5hukvaliteedi monitor Emos GoSmart <\/h3>\n<p>Suurenenud CO2 kontsentratsioon toob kaasa uimasuse, v\u00e4simuse ja keskendumisv\u00f5ime v\u00e4henemise, peavalu ja ebameeldiva v\u00e4ljahingamise tunde. GoSmart \u00f5hukvaliteedi monitor on ideaalne abimees, et tagada mugav ja tervislik keskkond k\u00f5ikjal, kus seda vajate.<br \/>\n See annab teile teavet ruumi s\u00fcsinikdioksiidi taseme kohta ja t\u00e4nu sisseehitatud h\u00e4ires\u00fcsteemile saate ajakohase hoiatuse CO2 taseme \u00fcletamise kohta samaaegselt ka oma mobiilseadmes t\u00e4nu EMOS GoSmart rakendusele.<\/p>\n<p>Kell: wifiga juhitav<br \/>\n12\/24 ajavorming: jah<br \/>\nV\u00e4rviekraan: jah<br \/>\nP\u00fcsiv taustavalgustus: jah<br \/>\nTemperatuuri\u00fchiku muutmisv\u00f5imalus: \u00b0C\/\u00b0F<br \/>\nSisetemperatuur: 0 \u00b0C kuni +50 \u00b0C, resolutsioon 0,1 \u00b0C<br \/>\nSise\u00f5hu niiskus: 20% kuni 90% suhtelist niiskust, resolutsioon 1%<br \/>\nSeinale riputamise v\u00f5imalus: ei<br \/>\ntoiteallikas: 5 V\/1 A USB adapter (ei kuulu komplekti)<br \/>\nToite\u00fchenduse t\u00fc\u00fcp: USB-C, 1 m (komplekti kuuluv)<br \/>\nP\u00f5hiseadme m\u00f5\u00f5tmed: 108 \u00d7 126 \u00d7 40 mm<br \/>\nEkraani suurus: 73 \u00d7 82 mm<br \/>\n\u00dclekande sagedus: 2,4 GHz WIFI (IEEE802.11b\/g\/n)\n <\/p>\n\t\t<\/div>\n\t\t\t\t\t<\/div>\n\n\t\n\n\t<div id=\"col-1286900454\" class=\"col medium-3 small-12 large-3\"  >\n\t\t\t\t<div class=\"col-inner\"  >\n\t\t\t\n\t\t\t\n<h3>Kasutusjuhend<\/h3>\n<p><a href=\"https:\/\/espak.ee\/epood\/wp-content\/uploads\/2024\/10\/2627303000_31-E30300_13_01_WEB_ETI.pdf\"target=\"_blank\" rel=\"noopener noreferrer\"><i class=\"far fa-file-pdf\"><\/i> Kasutusjuhend (pdf)<\/a><\/p>\n\t<div id=\"gap-1125378886\" class=\"gap-element clearfix\" style=\"display:block; height:auto;\">\n\t\t\n<style>\n#gap-1125378886 {\n  padding-top: 30px;\n}\n<\/style>\n\t<\/div>\n\t\n<p><strong>\u00dcksikasjalikuma n\u00f5u saamiseks v\u00f5tke \u00fchendust:<br \/><\/strong>Espak AS<br \/>Viadukti 42<br \/>11313<br \/>Tallinn<br \/>+372 6 512333<\/p>\n\t\t<\/div>\n\t\t\t\t\t<\/div>\n\n\t\n<\/div>\n","protected":false},"excerpt":{"rendered":"","protected":false},"featured_media":216586,"comment_status":"closed","ping_status":"closed","template":"","meta":[],"product_brand":[],"product_cat":[2935,2934,3272,3271],"product_tag":[],"class_list":{"0":"post-214839","1":"product","2":"type-product","3":"status-publish","4":"has-post-thumbnail","6":"product_cat-elektrikaubad","7":"product_cat-elektrikaubad-ja-valgustid","8":"product_cat-elektrikaupade-lisamaterjalid","9":"product_cat-kilbid-ja-tarvikud","10":"pa_kaubamark-emos-spol-s-r-o","12":"first","13":"instock","14":"sale","15":"taxable","16":"shipping-taxable","17":"purchasable","18":"product-type-simple"},"yoast_head":"<!-- This site is optimized with the Yoast SEO plugin v26.9 - https:\/\/yoast.com\/product\/yoast-seo-wordpress\/ -->\n<title>\u00d5HUKVALITEEDI MONITOR GOSMART E30300 EMOS - Espak E-pood<\/title>\n<meta name=\"robots\" content=\"index, follow, max-snippet:-1, max-image-preview:large, max-video-preview:-1\" \/>\n<link rel=\"canonical\" href=\"https:\/\/espak.ee\/epood\/toode\/ohukvaliteedi-monitor-gosmart-e30300-emos\/\" \/>\n<meta property=\"og:locale\" content=\"et_EE\" \/>\n<meta property=\"og:type\" content=\"article\" \/>\n<meta property=\"og:title\" content=\"\u00d5HUKVALITEEDI MONITOR GOSMART E30300 EMOS - Espak E-pood\" \/>\n<meta property=\"og:url\" content=\"https:\/\/espak.ee\/epood\/toode\/ohukvaliteedi-monitor-gosmart-e30300-emos\/\" \/>\n<meta property=\"og:site_name\" content=\"Espak E-pood\" \/>\n<meta property=\"article:modified_time\" content=\"2026-01-26T12:01:32+00:00\" \/>\n<meta property=\"og:image\" content=\"https:\/\/espak.ee\/epood\/wp-content\/uploads\/2024\/10\/2674636.jpg\" \/>\n\t<meta property=\"og:image:width\" content=\"1000\" \/>\n\t<meta property=\"og:image:height\" content=\"1000\" \/>\n\t<meta property=\"og:image:type\" content=\"image\/jpeg\" \/>\n<meta name=\"twitter:card\" content=\"summary_large_image\" \/>\n<meta name=\"twitter:label1\" content=\"Est. reading time\" \/>\n\t<meta name=\"twitter:data1\" content=\"1 minut\" \/>\n<script type=\"application\/ld+json\" class=\"yoast-schema-graph\">{\"@context\":\"https:\/\/schema.org\",\"@graph\":[{\"@type\":\"WebPage\",\"@id\":\"https:\/\/espak.ee\/epood\/toode\/ohukvaliteedi-monitor-gosmart-e30300-emos\/\",\"url\":\"https:\/\/espak.ee\/epood\/toode\/ohukvaliteedi-monitor-gosmart-e30300-emos\/\",\"name\":\"\u00d5HUKVALITEEDI MONITOR GOSMART E30300 EMOS - Espak E-pood\",\"isPartOf\":{\"@id\":\"https:\/\/espak.ee\/epood\/#website\"},\"primaryImageOfPage\":{\"@id\":\"https:\/\/espak.ee\/epood\/toode\/ohukvaliteedi-monitor-gosmart-e30300-emos\/#primaryimage\"},\"image\":{\"@id\":\"https:\/\/espak.ee\/epood\/toode\/ohukvaliteedi-monitor-gosmart-e30300-emos\/#primaryimage\"},\"thumbnailUrl\":\"https:\/\/espak.ee\/epood\/wp-content\/uploads\/2024\/10\/2674636.jpg\",\"datePublished\":\"2024-10-23T02:10:25+00:00\",\"dateModified\":\"2026-01-26T12:01:32+00:00\",\"breadcrumb\":{\"@id\":\"https:\/\/espak.ee\/epood\/toode\/ohukvaliteedi-monitor-gosmart-e30300-emos\/#breadcrumb\"},\"inLanguage\":\"et\",\"potentialAction\":[{\"@type\":\"ReadAction\",\"target\":[\"https:\/\/espak.ee\/epood\/toode\/ohukvaliteedi-monitor-gosmart-e30300-emos\/\"]}]},{\"@type\":\"ImageObject\",\"inLanguage\":\"et\",\"@id\":\"https:\/\/espak.ee\/epood\/toode\/ohukvaliteedi-monitor-gosmart-e30300-emos\/#primaryimage\",\"url\":\"https:\/\/espak.ee\/epood\/wp-content\/uploads\/2024\/10\/2674636.jpg\",\"contentUrl\":\"https:\/\/espak.ee\/epood\/wp-content\/uploads\/2024\/10\/2674636.jpg\",\"width\":1000,\"height\":1000},{\"@type\":\"BreadcrumbList\",\"@id\":\"https:\/\/espak.ee\/epood\/toode\/ohukvaliteedi-monitor-gosmart-e30300-emos\/#breadcrumb\",\"itemListElement\":[{\"@type\":\"ListItem\",\"position\":1,\"name\":\"Home\",\"item\":\"https:\/\/espak.ee\/epood\/\"},{\"@type\":\"ListItem\",\"position\":2,\"name\":\"Tootevalik\",\"item\":\"https:\/\/espak.ee\/epood\/tootevalik\/\"},{\"@type\":\"ListItem\",\"position\":3,\"name\":\"\u00d5HUKVALITEEDI MONITOR GOSMART E30300 EMOS\"}]},{\"@type\":\"WebSite\",\"@id\":\"https:\/\/espak.ee\/epood\/#website\",\"url\":\"https:\/\/espak.ee\/epood\/\",\"name\":\"Espak E-pood\",\"description\":\"\",\"potentialAction\":[{\"@type\":\"SearchAction\",\"target\":{\"@type\":\"EntryPoint\",\"urlTemplate\":\"https:\/\/espak.ee\/epood\/?s={search_term_string}\"},\"query-input\":{\"@type\":\"PropertyValueSpecification\",\"valueRequired\":true,\"valueName\":\"search_term_string\"}}],\"inLanguage\":\"et\"}]}<\/script>\n<!-- \/ Yoast SEO plugin. -->","yoast_head_json":{"title":"\u00d5HUKVALITEEDI MONITOR GOSMART E30300 EMOS - Espak E-pood","robots":{"index":"index","follow":"follow","max-snippet":"max-snippet:-1","max-image-preview":"max-image-preview:large","max-video-preview":"max-video-preview:-1"},"canonical":"https:\/\/espak.ee\/epood\/toode\/ohukvaliteedi-monitor-gosmart-e30300-emos\/","og_locale":"et_EE","og_type":"article","og_title":"\u00d5HUKVALITEEDI MONITOR GOSMART E30300 EMOS - Espak E-pood","og_url":"https:\/\/espak.ee\/epood\/toode\/ohukvaliteedi-monitor-gosmart-e30300-emos\/","og_site_name":"Espak E-pood","article_modified_time":"2026-01-26T12:01:32+00:00","og_image":[{"width":1000,"height":1000,"url":"https:\/\/espak.ee\/epood\/wp-content\/uploads\/2024\/10\/2674636.jpg","type":"image\/jpeg"}],"twitter_card":"summary_large_image","twitter_misc":{"Est. reading time":"1 minut"},"schema":{"@context":"https:\/\/schema.org","@graph":[{"@type":"WebPage","@id":"https:\/\/espak.ee\/epood\/toode\/ohukvaliteedi-monitor-gosmart-e30300-emos\/","url":"https:\/\/espak.ee\/epood\/toode\/ohukvaliteedi-monitor-gosmart-e30300-emos\/","name":"\u00d5HUKVALITEEDI MONITOR GOSMART E30300 EMOS - Espak E-pood","isPartOf":{"@id":"https:\/\/espak.ee\/epood\/#website"},"primaryImageOfPage":{"@id":"https:\/\/espak.ee\/epood\/toode\/ohukvaliteedi-monitor-gosmart-e30300-emos\/#primaryimage"},"image":{"@id":"https:\/\/espak.ee\/epood\/toode\/ohukvaliteedi-monitor-gosmart-e30300-emos\/#primaryimage"},"thumbnailUrl":"https:\/\/espak.ee\/epood\/wp-content\/uploads\/2024\/10\/2674636.jpg","datePublished":"2024-10-23T02:10:25+00:00","dateModified":"2026-01-26T12:01:32+00:00","breadcrumb":{"@id":"https:\/\/espak.ee\/epood\/toode\/ohukvaliteedi-monitor-gosmart-e30300-emos\/#breadcrumb"},"inLanguage":"et","potentialAction":[{"@type":"ReadAction","target":["https:\/\/espak.ee\/epood\/toode\/ohukvaliteedi-monitor-gosmart-e30300-emos\/"]}]},{"@type":"ImageObject","inLanguage":"et","@id":"https:\/\/espak.ee\/epood\/toode\/ohukvaliteedi-monitor-gosmart-e30300-emos\/#primaryimage","url":"https:\/\/espak.ee\/epood\/wp-content\/uploads\/2024\/10\/2674636.jpg","contentUrl":"https:\/\/espak.ee\/epood\/wp-content\/uploads\/2024\/10\/2674636.jpg","width":1000,"height":1000},{"@type":"BreadcrumbList","@id":"https:\/\/espak.ee\/epood\/toode\/ohukvaliteedi-monitor-gosmart-e30300-emos\/#breadcrumb","itemListElement":[{"@type":"ListItem","position":1,"name":"Home","item":"https:\/\/espak.ee\/epood\/"},{"@type":"ListItem","position":2,"name":"Tootevalik","item":"https:\/\/espak.ee\/epood\/tootevalik\/"},{"@type":"ListItem","position":3,"name":"\u00d5HUKVALITEEDI MONITOR GOSMART E30300 EMOS"}]},{"@type":"WebSite","@id":"https:\/\/espak.ee\/epood\/#website","url":"https:\/\/espak.ee\/epood\/","name":"Espak E-pood","description":"","potentialAction":[{"@type":"SearchAction","target":{"@type":"EntryPoint","urlTemplate":"https:\/\/espak.ee\/epood\/?s={search_term_string}"},"query-input":{"@type":"PropertyValueSpecification","valueRequired":true,"valueName":"search_term_string"}}],"inLanguage":"et"}]}},"_links":{"self":[{"href":"https:\/\/espak.ee\/epood\/wp-json\/wp\/v2\/product\/214839","targetHints":{"allow":["GET"]}}],"collection":[{"href":"https:\/\/espak.ee\/epood\/wp-json\/wp\/v2\/product"}],"about":[{"href":"https:\/\/espak.ee\/epood\/wp-json\/wp\/v2\/types\/product"}],"replies":[{"embeddable":true,"href":"https:\/\/espak.ee\/epood\/wp-json\/wp\/v2\/comments?post=214839"}],"wp:featuredmedia":[{"embeddable":true,"href":"https:\/\/espak.ee\/epood\/wp-json\/wp\/v2\/media\/216586"}],"wp:attachment":[{"href":"https:\/\/espak.ee\/epood\/wp-json\/wp\/v2\/media?parent=214839"}],"wp:term":[{"taxonomy":"product_brand","embeddable":true,"href":"https:\/\/espak.ee\/epood\/wp-json\/wp\/v2\/product_brand?post=214839"},{"taxonomy":"product_cat","embeddable":true,"href":"https:\/\/espak.ee\/epood\/wp-json\/wp\/v2\/product_cat?post=214839"},{"taxonomy":"product_tag","embeddable":true,"href":"https:\/\/espak.ee\/epood\/wp-json\/wp\/v2\/product_tag?post=214839"}],"curies":[{"name":"wp","href":"https:\/\/api.w.org\/{rel}","templated":true}]}}