{"id":214828,"date":"2024-10-23T05:10:25","date_gmt":"2024-10-23T02:10:25","guid":{"rendered":"https:\/\/espak.ee\/epood\/?post_type=product&#038;p=214828"},"modified":"2024-10-29T14:03:50","modified_gmt":"2024-10-29T12:03:50","slug":"termomeeter-juhtmeta-e8636-emos","status":"publish","type":"product","link":"https:\/\/espak.ee\/epood\/toode\/termomeeter-juhtmeta-e8636-emos\/","title":{"rendered":"TERMOMEETER JUHTMETA E8636 EMOS"},"content":{"rendered":"<div class=\"row\"  id=\"row-704425550\">\n\n\t<div id=\"col-188230133\" class=\"col medium-9 small-12 large-9\"  >\n\t\t\t\t<div class=\"col-inner\"  >\n\t\t\t\n\t\t\t\n<h3>Digitaalne juhtmeta termomeeter E8636 Emos <\/h3>\n<p>V\u00e4lisemperatuur: -30 \u00b0C kuni +60 \u00b0C, resolutsioon 0,1 \u00b0C<br \/>\nSisetemperatuur: 0 \u00b0C kuni +50 \u00b0C, resolutsioon 0,1 \u00b0C<br \/>\nKell: jah, kvarts<br \/>\nv\u00e4lis\u00f5hu niiskus: ei<br \/>\nSise\u00f5hu niiskus: ei<br \/>\n\u00c4ratuskell: jah<br \/>\nVahemik vabas ruumis: kuni 50 m<br \/>\nLisaanduri v\u00f5imalus: 3 (E05018)<br \/>\n12\/24 ajavorming: jah<br \/>\nKuup\u00e4ev: ei<br \/>\nMin. ja max. temperatuur: jah<br \/>\nAjav\u00f6\u00f6ndid: ei<br \/>\nJaama toide: 2 x 1,5 V AAA (ei ole kaasas)<br \/>\nViimase v\u00e4\u00e4rtuse m\u00e4lu: ei<br \/>\nLED-taustavalgustusega ekraan: jah<br \/>\nTemperatuuri\u00fchiku muutmisv\u00f5imalus: \u00b0C\/\u00b0F<br \/>\nSeinale riputamise v\u00f5imalus: jah<br \/>\nAnduri toide: 2 x 1,5 V AAA (ei ole kaasas)<br \/>\n\u00dclekande sagedus: 433 MHz<br \/>\nEkraani suurus: 53 x 81 mm<br \/>\nAnduri suurus: 25 \u00d7 50 \u00d7 95 mm<br \/>\nJaama m\u00f5\u00f5tmed: 21 \u00d7 80 \u00d7 110 mm\n<\/p>\n\t\t<\/div>\n\t\t\t\t\t<\/div>\n\n\t\n\n\t<div id=\"col-1993512391\" class=\"col medium-3 small-12 large-3\"  >\n\t\t\t\t<div class=\"col-inner\"  >\n\t\t\t\n\t\t\t\n<h3>Kasutusjuhend<\/h3>\n<p><a href=\"https:\/\/espak.ee\/epood\/wp-content\/uploads\/2024\/10\/2603119003_31-E8636_00_01_WEB.pdf\"target=\"_blank\" rel=\"noopener noreferrer\"><i class=\"far fa-file-pdf\"><\/i> Kasutusjuhend (PDF)<\/a><\/p>\n\t<div id=\"gap-702961150\" class=\"gap-element clearfix\" style=\"display:block; height:auto;\">\n\t\t\n<style>\n#gap-702961150 {\n  padding-top: 30px;\n}\n<\/style>\n\t<\/div>\n\t\n<p><strong>\u00dcksikasjalikuma n\u00f5u saamiseks v\u00f5tke \u00fchendust:<br \/><\/strong>Espak AS<br \/>Viadukti 42<br \/>11313<br \/>Tallinn<br \/>+372 6 512333<\/p>\n\t\t<\/div>\n\t\t\t\t\t<\/div>\n\n\t\n<\/div>\n","protected":false},"excerpt":{"rendered":"","protected":false},"featured_media":215802,"comment_status":"closed","ping_status":"closed","template":"","meta":[],"product_brand":[],"product_cat":[2935,2934,3224,3323],"product_tag":[],"class_list":{"0":"post-214828","1":"product","2":"type-product","3":"status-publish","4":"has-post-thumbnail","6":"product_cat-elektrikaubad","7":"product_cat-elektrikaubad-ja-valgustid","8":"product_cat-lulitid-ja-pistikupesad","9":"product_cat-termostaadid-porandakuttele","10":"pa_kaubamark-emos-spol-s-r-o","12":"first","13":"outofstock","14":"sale","15":"taxable","16":"shipping-taxable","17":"purchasable","18":"product-type-simple"},"yoast_head":"<!-- This site is optimized with the Yoast SEO plugin v26.9 - https:\/\/yoast.com\/product\/yoast-seo-wordpress\/ -->\n<title>TERMOMEETER JUHTMETA E8636 EMOS - Espak E-pood<\/title>\n<meta name=\"robots\" content=\"index, follow, max-snippet:-1, max-image-preview:large, max-video-preview:-1\" \/>\n<link rel=\"canonical\" href=\"https:\/\/espak.ee\/epood\/toode\/termomeeter-juhtmeta-e8636-emos\/\" \/>\n<meta property=\"og:locale\" content=\"et_EE\" \/>\n<meta property=\"og:type\" content=\"article\" \/>\n<meta property=\"og:title\" content=\"TERMOMEETER JUHTMETA E8636 EMOS - Espak E-pood\" \/>\n<meta property=\"og:url\" content=\"https:\/\/espak.ee\/epood\/toode\/termomeeter-juhtmeta-e8636-emos\/\" \/>\n<meta property=\"og:site_name\" content=\"Espak E-pood\" \/>\n<meta property=\"article:modified_time\" content=\"2024-10-29T12:03:50+00:00\" \/>\n<meta property=\"og:image\" content=\"https:\/\/espak.ee\/epood\/wp-content\/uploads\/2024\/10\/2673281.jpg\" \/>\n\t<meta property=\"og:image:width\" content=\"1000\" \/>\n\t<meta property=\"og:image:height\" content=\"1000\" \/>\n\t<meta property=\"og:image:type\" content=\"image\/jpeg\" \/>\n<meta name=\"twitter:card\" content=\"summary_large_image\" \/>\n<meta name=\"twitter:label1\" content=\"Est. reading time\" \/>\n\t<meta name=\"twitter:data1\" content=\"1 minut\" \/>\n<script type=\"application\/ld+json\" class=\"yoast-schema-graph\">{\"@context\":\"https:\/\/schema.org\",\"@graph\":[{\"@type\":\"WebPage\",\"@id\":\"https:\/\/espak.ee\/epood\/toode\/termomeeter-juhtmeta-e8636-emos\/\",\"url\":\"https:\/\/espak.ee\/epood\/toode\/termomeeter-juhtmeta-e8636-emos\/\",\"name\":\"TERMOMEETER JUHTMETA E8636 EMOS - Espak E-pood\",\"isPartOf\":{\"@id\":\"https:\/\/espak.ee\/epood\/#website\"},\"primaryImageOfPage\":{\"@id\":\"https:\/\/espak.ee\/epood\/toode\/termomeeter-juhtmeta-e8636-emos\/#primaryimage\"},\"image\":{\"@id\":\"https:\/\/espak.ee\/epood\/toode\/termomeeter-juhtmeta-e8636-emos\/#primaryimage\"},\"thumbnailUrl\":\"https:\/\/espak.ee\/epood\/wp-content\/uploads\/2024\/10\/2673281.jpg\",\"datePublished\":\"2024-10-23T02:10:25+00:00\",\"dateModified\":\"2024-10-29T12:03:50+00:00\",\"breadcrumb\":{\"@id\":\"https:\/\/espak.ee\/epood\/toode\/termomeeter-juhtmeta-e8636-emos\/#breadcrumb\"},\"inLanguage\":\"et\",\"potentialAction\":[{\"@type\":\"ReadAction\",\"target\":[\"https:\/\/espak.ee\/epood\/toode\/termomeeter-juhtmeta-e8636-emos\/\"]}]},{\"@type\":\"ImageObject\",\"inLanguage\":\"et\",\"@id\":\"https:\/\/espak.ee\/epood\/toode\/termomeeter-juhtmeta-e8636-emos\/#primaryimage\",\"url\":\"https:\/\/espak.ee\/epood\/wp-content\/uploads\/2024\/10\/2673281.jpg\",\"contentUrl\":\"https:\/\/espak.ee\/epood\/wp-content\/uploads\/2024\/10\/2673281.jpg\",\"width\":1000,\"height\":1000},{\"@type\":\"BreadcrumbList\",\"@id\":\"https:\/\/espak.ee\/epood\/toode\/termomeeter-juhtmeta-e8636-emos\/#breadcrumb\",\"itemListElement\":[{\"@type\":\"ListItem\",\"position\":1,\"name\":\"Home\",\"item\":\"https:\/\/espak.ee\/epood\/\"},{\"@type\":\"ListItem\",\"position\":2,\"name\":\"Tootevalik\",\"item\":\"https:\/\/espak.ee\/epood\/tootevalik\/\"},{\"@type\":\"ListItem\",\"position\":3,\"name\":\"TERMOMEETER JUHTMETA E8636 EMOS\"}]},{\"@type\":\"WebSite\",\"@id\":\"https:\/\/espak.ee\/epood\/#website\",\"url\":\"https:\/\/espak.ee\/epood\/\",\"name\":\"Espak E-pood\",\"description\":\"\",\"potentialAction\":[{\"@type\":\"SearchAction\",\"target\":{\"@type\":\"EntryPoint\",\"urlTemplate\":\"https:\/\/espak.ee\/epood\/?s={search_term_string}\"},\"query-input\":{\"@type\":\"PropertyValueSpecification\",\"valueRequired\":true,\"valueName\":\"search_term_string\"}}],\"inLanguage\":\"et\"}]}<\/script>\n<!-- \/ Yoast SEO plugin. -->","yoast_head_json":{"title":"TERMOMEETER JUHTMETA E8636 EMOS - Espak E-pood","robots":{"index":"index","follow":"follow","max-snippet":"max-snippet:-1","max-image-preview":"max-image-preview:large","max-video-preview":"max-video-preview:-1"},"canonical":"https:\/\/espak.ee\/epood\/toode\/termomeeter-juhtmeta-e8636-emos\/","og_locale":"et_EE","og_type":"article","og_title":"TERMOMEETER JUHTMETA E8636 EMOS - Espak E-pood","og_url":"https:\/\/espak.ee\/epood\/toode\/termomeeter-juhtmeta-e8636-emos\/","og_site_name":"Espak E-pood","article_modified_time":"2024-10-29T12:03:50+00:00","og_image":[{"width":1000,"height":1000,"url":"https:\/\/espak.ee\/epood\/wp-content\/uploads\/2024\/10\/2673281.jpg","type":"image\/jpeg"}],"twitter_card":"summary_large_image","twitter_misc":{"Est. reading time":"1 minut"},"schema":{"@context":"https:\/\/schema.org","@graph":[{"@type":"WebPage","@id":"https:\/\/espak.ee\/epood\/toode\/termomeeter-juhtmeta-e8636-emos\/","url":"https:\/\/espak.ee\/epood\/toode\/termomeeter-juhtmeta-e8636-emos\/","name":"TERMOMEETER JUHTMETA E8636 EMOS - Espak E-pood","isPartOf":{"@id":"https:\/\/espak.ee\/epood\/#website"},"primaryImageOfPage":{"@id":"https:\/\/espak.ee\/epood\/toode\/termomeeter-juhtmeta-e8636-emos\/#primaryimage"},"image":{"@id":"https:\/\/espak.ee\/epood\/toode\/termomeeter-juhtmeta-e8636-emos\/#primaryimage"},"thumbnailUrl":"https:\/\/espak.ee\/epood\/wp-content\/uploads\/2024\/10\/2673281.jpg","datePublished":"2024-10-23T02:10:25+00:00","dateModified":"2024-10-29T12:03:50+00:00","breadcrumb":{"@id":"https:\/\/espak.ee\/epood\/toode\/termomeeter-juhtmeta-e8636-emos\/#breadcrumb"},"inLanguage":"et","potentialAction":[{"@type":"ReadAction","target":["https:\/\/espak.ee\/epood\/toode\/termomeeter-juhtmeta-e8636-emos\/"]}]},{"@type":"ImageObject","inLanguage":"et","@id":"https:\/\/espak.ee\/epood\/toode\/termomeeter-juhtmeta-e8636-emos\/#primaryimage","url":"https:\/\/espak.ee\/epood\/wp-content\/uploads\/2024\/10\/2673281.jpg","contentUrl":"https:\/\/espak.ee\/epood\/wp-content\/uploads\/2024\/10\/2673281.jpg","width":1000,"height":1000},{"@type":"BreadcrumbList","@id":"https:\/\/espak.ee\/epood\/toode\/termomeeter-juhtmeta-e8636-emos\/#breadcrumb","itemListElement":[{"@type":"ListItem","position":1,"name":"Home","item":"https:\/\/espak.ee\/epood\/"},{"@type":"ListItem","position":2,"name":"Tootevalik","item":"https:\/\/espak.ee\/epood\/tootevalik\/"},{"@type":"ListItem","position":3,"name":"TERMOMEETER JUHTMETA E8636 EMOS"}]},{"@type":"WebSite","@id":"https:\/\/espak.ee\/epood\/#website","url":"https:\/\/espak.ee\/epood\/","name":"Espak E-pood","description":"","potentialAction":[{"@type":"SearchAction","target":{"@type":"EntryPoint","urlTemplate":"https:\/\/espak.ee\/epood\/?s={search_term_string}"},"query-input":{"@type":"PropertyValueSpecification","valueRequired":true,"valueName":"search_term_string"}}],"inLanguage":"et"}]}},"_links":{"self":[{"href":"https:\/\/espak.ee\/epood\/wp-json\/wp\/v2\/product\/214828","targetHints":{"allow":["GET"]}}],"collection":[{"href":"https:\/\/espak.ee\/epood\/wp-json\/wp\/v2\/product"}],"about":[{"href":"https:\/\/espak.ee\/epood\/wp-json\/wp\/v2\/types\/product"}],"replies":[{"embeddable":true,"href":"https:\/\/espak.ee\/epood\/wp-json\/wp\/v2\/comments?post=214828"}],"wp:featuredmedia":[{"embeddable":true,"href":"https:\/\/espak.ee\/epood\/wp-json\/wp\/v2\/media\/215802"}],"wp:attachment":[{"href":"https:\/\/espak.ee\/epood\/wp-json\/wp\/v2\/media?parent=214828"}],"wp:term":[{"taxonomy":"product_brand","embeddable":true,"href":"https:\/\/espak.ee\/epood\/wp-json\/wp\/v2\/product_brand?post=214828"},{"taxonomy":"product_cat","embeddable":true,"href":"https:\/\/espak.ee\/epood\/wp-json\/wp\/v2\/product_cat?post=214828"},{"taxonomy":"product_tag","embeddable":true,"href":"https:\/\/espak.ee\/epood\/wp-json\/wp\/v2\/product_tag?post=214828"}],"curies":[{"name":"wp","href":"https:\/\/api.w.org\/{rel}","templated":true}]}}