{"id":214812,"date":"2024-10-23T05:10:03","date_gmt":"2024-10-23T02:10:03","guid":{"rendered":"https:\/\/espak.ee\/epood\/?post_type=product&#038;p=214812"},"modified":"2026-05-14T12:30:45","modified_gmt":"2026-05-14T09:30:45","slug":"termostaat-pistikuga-digitaaltaimer-emos","status":"publish","type":"product","link":"https:\/\/espak.ee\/epood\/toode\/termostaat-pistikuga-digitaaltaimer-emos\/","title":{"rendered":"TERMOSTAAT PISTIKUGA + DIGITAALTAIMER EMOS"},"content":{"rendered":"<div class=\"row\"  id=\"row-149378378\">\n\n\t<div id=\"col-398365717\" class=\"col medium-9 small-12 large-9\"  >\n\t\t\t\t<div class=\"col-inner\"  >\n\t\t\t\n\t\t\t\n<h3>2-in-1 pistik-termostaat koos digitaaltaimeriga Emos <\/h3>\n<p>Multifunktsionaalset digipesa, mida saab kasutada praktilise termostaadina mitte ainult k\u00fctteperioodil vaid ka n\u00e4iteks taimerina j\u00f5uluvalgustuse nig kodumasinate jaoks.<\/p>\n<p>Termostaadi t\u00fc\u00fcp: pistikupesa<br \/>\nTaustavalgustusega ekraan: jah<br \/>\nJuhtre\u017eiim: k\u00fctte- ja jahutuss\u00fcsteem<br \/>\nTermostaadi programmide arv: kasutaja poolt kohandatav temperatuur (6 korda p\u00e4evas)<br \/>\nTemperatuuri seadistuse t\u00fc\u00fcp: 6 temperatuurimuutust p\u00e4evas<br \/>\nTemperatuuri m\u00f5\u00f5tmine: 0 \u00b0C kuni 45 \u00b0C, resolutsioon 0,1 \u00b0C<br \/>\nTemperatuuri seadistus: 5 \u00b0C kuni 40 \u00b0C, resolutsioon 0,5 \u00b0C<br \/>\nReguleeritav temperatuuri hajumine: 0,2 \u00b0C kuni 2 \u00b0C, p\u00e4rast 0,1 \u00b0C<br \/>\nK\u00fclmakaitse: ei<br \/>\nSisse-\/v\u00e4ljal\u00fclitusfunktsioon (ON\/OFF): jah<br \/>\nL\u00fclitamine: 230 V vahelduvool v\u00f5i potentsiaalivaba<br \/>\nL\u00fclituslaeng: 16 A takistuslik, 4 A induktiivne<br \/>\nTemperatuuri kalibreerimine: jah<br \/>\nT\u00fc\u00fcp: digitaalne<br \/>\nV\u00e4listingimustes kasutamiseks: ei<br \/>\nPinge\/vool: 230 V~\/16 A max.<br \/>\nMaksimumlaeng: 3 680 W<br \/>\nMinimaalne sissel\u00fclitusaeg: 1 minut<br \/>\nManuaalse sissel\u00fclituse v\u00f5imalus: jah<br \/>\nL\u00fclitamine: faasijuht<br \/>\nTaimeri programmide arv: 24<br \/>\nTaimeri l\u00fclituste arv p\u00e4evas: 24<br \/>\nSuve- ja talveaja vahetamise funktsioon: jah<br \/>\nP\u00f6\u00f6rdloendusfunktsioon: jah<br \/>\nTagavaraaku: 1\u00d7 3 V CR2032 (kuulub komplekti)<br \/>\nIP-reiting: IP30<br \/>\nV\u00e4rv: valge<br \/>\nLapselukk: jah<br \/>\nM\u00f5\u00f5tmed: 82 \u00d7 62 \u00d7 146 mm\n <\/p>\n\t\t<\/div>\n\t\t\t\t\t<\/div>\n\n\t\n\n\t<div id=\"col-1844507610\" class=\"col medium-3 small-12 large-3\"  >\n\t\t\t\t<div class=\"col-inner\"  >\n\t\t\t\n\t\t\t\n<h3>Kasutusjuhend<\/h3>\n<p><a href=\"https:\/\/espak.ee\/epood\/wp-content\/uploads\/2024\/10\/2106000200_31-P5660SH_00_01_WEB.pdf\"target=\"_blank\" rel=\"noopener noreferrer\"><i class=\"far fa-file-pdf\"><\/i> Kasutusjuhend (PDF)<\/a><\/p>\n\t<div id=\"gap-945809377\" class=\"gap-element clearfix\" style=\"display:block; height:auto;\">\n\t\t\n<style>\n#gap-945809377 {\n  padding-top: 30px;\n}\n<\/style>\n\t<\/div>\n\t\n<p><strong>\u00dcksikasjalikuma n\u00f5u saamiseks v\u00f5tke \u00fchendust:<br \/><\/strong>Espak AS<br \/>Viadukti 42<br \/>11313<br \/>Tallinn<br \/>+372 6 512333<\/p>\n\t\t<\/div>\n\t\t\t\t\t<\/div>\n\n\t\n<\/div>\n","protected":false},"excerpt":{"rendered":"","protected":false},"featured_media":215306,"comment_status":"closed","ping_status":"closed","template":"","meta":[],"product_brand":[],"product_cat":[2935,2934,3224,3226],"product_tag":[],"class_list":{"0":"post-214812","1":"product","2":"type-product","3":"status-publish","4":"has-post-thumbnail","6":"product_cat-elektrikaubad","7":"product_cat-elektrikaubad-ja-valgustid","8":"product_cat-lulitid-ja-pistikupesad","9":"product_cat-pistikupesad","10":"pa_kaubamark-emos-spol-s-r-o","12":"first","13":"instock","14":"sale","15":"taxable","16":"shipping-taxable","17":"purchasable","18":"product-type-simple"},"yoast_head":"<!-- This site is optimized with the Yoast SEO plugin v26.9 - https:\/\/yoast.com\/product\/yoast-seo-wordpress\/ -->\n<title>TERMOSTAAT PISTIKUGA + DIGITAALTAIMER EMOS - Espak E-pood<\/title>\n<meta name=\"robots\" content=\"index, follow, max-snippet:-1, max-image-preview:large, max-video-preview:-1\" \/>\n<link rel=\"canonical\" href=\"https:\/\/espak.ee\/epood\/toode\/termostaat-pistikuga-digitaaltaimer-emos\/\" \/>\n<meta property=\"og:locale\" content=\"et_EE\" \/>\n<meta property=\"og:type\" content=\"article\" \/>\n<meta property=\"og:title\" content=\"TERMOSTAAT PISTIKUGA + DIGITAALTAIMER EMOS - Espak E-pood\" \/>\n<meta property=\"og:url\" content=\"https:\/\/espak.ee\/epood\/toode\/termostaat-pistikuga-digitaaltaimer-emos\/\" \/>\n<meta property=\"og:site_name\" content=\"Espak E-pood\" \/>\n<meta property=\"article:modified_time\" content=\"2026-05-14T09:30:45+00:00\" \/>\n<meta property=\"og:image\" content=\"https:\/\/espak.ee\/epood\/wp-content\/uploads\/2024\/10\/2670886.jpg\" \/>\n\t<meta property=\"og:image:width\" content=\"1000\" \/>\n\t<meta property=\"og:image:height\" content=\"1000\" \/>\n\t<meta property=\"og:image:type\" content=\"image\/jpeg\" \/>\n<meta name=\"twitter:card\" content=\"summary_large_image\" \/>\n<meta name=\"twitter:label1\" content=\"Est. reading time\" \/>\n\t<meta name=\"twitter:data1\" content=\"1 minut\" \/>\n<script type=\"application\/ld+json\" class=\"yoast-schema-graph\">{\"@context\":\"https:\/\/schema.org\",\"@graph\":[{\"@type\":\"WebPage\",\"@id\":\"https:\/\/espak.ee\/epood\/toode\/termostaat-pistikuga-digitaaltaimer-emos\/\",\"url\":\"https:\/\/espak.ee\/epood\/toode\/termostaat-pistikuga-digitaaltaimer-emos\/\",\"name\":\"TERMOSTAAT PISTIKUGA + DIGITAALTAIMER EMOS - Espak E-pood\",\"isPartOf\":{\"@id\":\"https:\/\/espak.ee\/epood\/#website\"},\"primaryImageOfPage\":{\"@id\":\"https:\/\/espak.ee\/epood\/toode\/termostaat-pistikuga-digitaaltaimer-emos\/#primaryimage\"},\"image\":{\"@id\":\"https:\/\/espak.ee\/epood\/toode\/termostaat-pistikuga-digitaaltaimer-emos\/#primaryimage\"},\"thumbnailUrl\":\"https:\/\/espak.ee\/epood\/wp-content\/uploads\/2024\/10\/2670886.jpg\",\"datePublished\":\"2024-10-23T02:10:03+00:00\",\"dateModified\":\"2026-05-14T09:30:45+00:00\",\"breadcrumb\":{\"@id\":\"https:\/\/espak.ee\/epood\/toode\/termostaat-pistikuga-digitaaltaimer-emos\/#breadcrumb\"},\"inLanguage\":\"et\",\"potentialAction\":[{\"@type\":\"ReadAction\",\"target\":[\"https:\/\/espak.ee\/epood\/toode\/termostaat-pistikuga-digitaaltaimer-emos\/\"]}]},{\"@type\":\"ImageObject\",\"inLanguage\":\"et\",\"@id\":\"https:\/\/espak.ee\/epood\/toode\/termostaat-pistikuga-digitaaltaimer-emos\/#primaryimage\",\"url\":\"https:\/\/espak.ee\/epood\/wp-content\/uploads\/2024\/10\/2670886.jpg\",\"contentUrl\":\"https:\/\/espak.ee\/epood\/wp-content\/uploads\/2024\/10\/2670886.jpg\",\"width\":1000,\"height\":1000},{\"@type\":\"BreadcrumbList\",\"@id\":\"https:\/\/espak.ee\/epood\/toode\/termostaat-pistikuga-digitaaltaimer-emos\/#breadcrumb\",\"itemListElement\":[{\"@type\":\"ListItem\",\"position\":1,\"name\":\"Home\",\"item\":\"https:\/\/espak.ee\/epood\/\"},{\"@type\":\"ListItem\",\"position\":2,\"name\":\"Tootevalik\",\"item\":\"https:\/\/espak.ee\/epood\/tootevalik\/\"},{\"@type\":\"ListItem\",\"position\":3,\"name\":\"TERMOSTAAT PISTIKUGA + DIGITAALTAIMER EMOS\"}]},{\"@type\":\"WebSite\",\"@id\":\"https:\/\/espak.ee\/epood\/#website\",\"url\":\"https:\/\/espak.ee\/epood\/\",\"name\":\"Espak E-pood\",\"description\":\"\",\"potentialAction\":[{\"@type\":\"SearchAction\",\"target\":{\"@type\":\"EntryPoint\",\"urlTemplate\":\"https:\/\/espak.ee\/epood\/?s={search_term_string}\"},\"query-input\":{\"@type\":\"PropertyValueSpecification\",\"valueRequired\":true,\"valueName\":\"search_term_string\"}}],\"inLanguage\":\"et\"}]}<\/script>\n<!-- \/ Yoast SEO plugin. -->","yoast_head_json":{"title":"TERMOSTAAT PISTIKUGA + DIGITAALTAIMER EMOS - Espak E-pood","robots":{"index":"index","follow":"follow","max-snippet":"max-snippet:-1","max-image-preview":"max-image-preview:large","max-video-preview":"max-video-preview:-1"},"canonical":"https:\/\/espak.ee\/epood\/toode\/termostaat-pistikuga-digitaaltaimer-emos\/","og_locale":"et_EE","og_type":"article","og_title":"TERMOSTAAT PISTIKUGA + DIGITAALTAIMER EMOS - Espak E-pood","og_url":"https:\/\/espak.ee\/epood\/toode\/termostaat-pistikuga-digitaaltaimer-emos\/","og_site_name":"Espak E-pood","article_modified_time":"2026-05-14T09:30:45+00:00","og_image":[{"width":1000,"height":1000,"url":"https:\/\/espak.ee\/epood\/wp-content\/uploads\/2024\/10\/2670886.jpg","type":"image\/jpeg"}],"twitter_card":"summary_large_image","twitter_misc":{"Est. reading time":"1 minut"},"schema":{"@context":"https:\/\/schema.org","@graph":[{"@type":"WebPage","@id":"https:\/\/espak.ee\/epood\/toode\/termostaat-pistikuga-digitaaltaimer-emos\/","url":"https:\/\/espak.ee\/epood\/toode\/termostaat-pistikuga-digitaaltaimer-emos\/","name":"TERMOSTAAT PISTIKUGA + DIGITAALTAIMER EMOS - Espak E-pood","isPartOf":{"@id":"https:\/\/espak.ee\/epood\/#website"},"primaryImageOfPage":{"@id":"https:\/\/espak.ee\/epood\/toode\/termostaat-pistikuga-digitaaltaimer-emos\/#primaryimage"},"image":{"@id":"https:\/\/espak.ee\/epood\/toode\/termostaat-pistikuga-digitaaltaimer-emos\/#primaryimage"},"thumbnailUrl":"https:\/\/espak.ee\/epood\/wp-content\/uploads\/2024\/10\/2670886.jpg","datePublished":"2024-10-23T02:10:03+00:00","dateModified":"2026-05-14T09:30:45+00:00","breadcrumb":{"@id":"https:\/\/espak.ee\/epood\/toode\/termostaat-pistikuga-digitaaltaimer-emos\/#breadcrumb"},"inLanguage":"et","potentialAction":[{"@type":"ReadAction","target":["https:\/\/espak.ee\/epood\/toode\/termostaat-pistikuga-digitaaltaimer-emos\/"]}]},{"@type":"ImageObject","inLanguage":"et","@id":"https:\/\/espak.ee\/epood\/toode\/termostaat-pistikuga-digitaaltaimer-emos\/#primaryimage","url":"https:\/\/espak.ee\/epood\/wp-content\/uploads\/2024\/10\/2670886.jpg","contentUrl":"https:\/\/espak.ee\/epood\/wp-content\/uploads\/2024\/10\/2670886.jpg","width":1000,"height":1000},{"@type":"BreadcrumbList","@id":"https:\/\/espak.ee\/epood\/toode\/termostaat-pistikuga-digitaaltaimer-emos\/#breadcrumb","itemListElement":[{"@type":"ListItem","position":1,"name":"Home","item":"https:\/\/espak.ee\/epood\/"},{"@type":"ListItem","position":2,"name":"Tootevalik","item":"https:\/\/espak.ee\/epood\/tootevalik\/"},{"@type":"ListItem","position":3,"name":"TERMOSTAAT PISTIKUGA + DIGITAALTAIMER EMOS"}]},{"@type":"WebSite","@id":"https:\/\/espak.ee\/epood\/#website","url":"https:\/\/espak.ee\/epood\/","name":"Espak E-pood","description":"","potentialAction":[{"@type":"SearchAction","target":{"@type":"EntryPoint","urlTemplate":"https:\/\/espak.ee\/epood\/?s={search_term_string}"},"query-input":{"@type":"PropertyValueSpecification","valueRequired":true,"valueName":"search_term_string"}}],"inLanguage":"et"}]}},"_links":{"self":[{"href":"https:\/\/espak.ee\/epood\/wp-json\/wp\/v2\/product\/214812","targetHints":{"allow":["GET"]}}],"collection":[{"href":"https:\/\/espak.ee\/epood\/wp-json\/wp\/v2\/product"}],"about":[{"href":"https:\/\/espak.ee\/epood\/wp-json\/wp\/v2\/types\/product"}],"replies":[{"embeddable":true,"href":"https:\/\/espak.ee\/epood\/wp-json\/wp\/v2\/comments?post=214812"}],"wp:featuredmedia":[{"embeddable":true,"href":"https:\/\/espak.ee\/epood\/wp-json\/wp\/v2\/media\/215306"}],"wp:attachment":[{"href":"https:\/\/espak.ee\/epood\/wp-json\/wp\/v2\/media?parent=214812"}],"wp:term":[{"taxonomy":"product_brand","embeddable":true,"href":"https:\/\/espak.ee\/epood\/wp-json\/wp\/v2\/product_brand?post=214812"},{"taxonomy":"product_cat","embeddable":true,"href":"https:\/\/espak.ee\/epood\/wp-json\/wp\/v2\/product_cat?post=214812"},{"taxonomy":"product_tag","embeddable":true,"href":"https:\/\/espak.ee\/epood\/wp-json\/wp\/v2\/product_tag?post=214812"}],"curies":[{"name":"wp","href":"https:\/\/api.w.org\/{rel}","templated":true}]}}