{"id":214805,"date":"2024-10-23T05:10:03","date_gmt":"2024-10-23T02:10:03","guid":{"rendered":"https:\/\/espak.ee\/epood\/?post_type=product&#038;p=214805"},"modified":"2026-01-07T15:20:12","modified_gmt":"2026-01-07T13:20:12","slug":"taskulamp-cree-led-laetav-1200lm-ultibright-90-emos","status":"publish","type":"product","link":"https:\/\/espak.ee\/epood\/toode\/taskulamp-cree-led-laetav-1200lm-ultibright-90-emos\/","title":{"rendered":"TASKULAMP CREE LED LAETAV 1200LM ULTIBRIGHT 90 EMOS"},"content":{"rendered":"<div class=\"row\"  id=\"row-760193891\">\n\n\t<div id=\"col-797330002\" class=\"col medium-9 small-12 large-9\"  >\n\t\t\t\t<div class=\"col-inner\"  >\n\t\t\t\n\t\t\t\n<h3>CREE LED metallist taskulamp Ultibright 90, 1200 lm Emos <\/h3>\n<p>Maks. valgusvoog: 1200 lm<br \/>\nMaks. valgusvoo ulatuskaugus: 280 m<br \/>\nAku: Li-Ion 5 000 mAh\/3,7 V<br \/>\nLaadimine: jah<br \/>\nFookus: jah (kruvitav)<br \/>\nVeekindel: jah (IP65)<br \/>\nMaterjal: alumiinium<br \/>\nP\u00f5lemise kestus: 3\u201311 tundi<br \/>\nP\u00f5lemise kestus detail: CREE LED 100 % \u2013 3 tundi, CREE LED 50 % \u2013 4,5 tundi, CREE LED 20 % \u2013 11 tundi<br \/>\nLaadimise aeg: 11,5 tundi<br \/>\nL\u00f6\u00f6gikindlus: jah<br \/>\nV\u00e4rv: hall<br \/>\nValgusvoog: CREE LED 100 % \u2013 1 200 lm, CREE LED 50 % \u2013 600 lm, CREE LED 20 % \u2013 260 lm<br \/>\nValgusallikas: CREE LED<br \/>\nValgusvoo ulatuskaugus: CREE LED 100 % \u2013 280 m, CREE LED 50 % \u2013 200 m, CREE LED 20 % \u2013 130 m<br \/>\nValgusre\u017eiimide arv: 3<br \/>\nAku oleku LED-n\u00e4idik: ei<br \/>\nRe\u017eiimid: CREE LED 100 %, CREE LED 50 %, CREE LED 20 %<br \/>\nlaadimise LED-n\u00e4idik: jah<br \/>\nkaal: 198 g (ilma akuta)<br \/>\nM\u00f5\u00f5tmed: 157 \u00d7 40 \u00d7 40 mm\n <\/p>\n\t\t<\/div>\n\t\t\t\t\t<\/div>\n\n\t\n\n\t<div id=\"col-849648895\" class=\"col medium-3 small-12 large-3\"  >\n\t\t\t\t<div class=\"col-inner\"  >\n\t\t\t\n\t\t\t\n<h3>Kasutusjuhend<\/h3>\n<p><a href=\"https:\/\/espak.ee\/epood\/wp-content\/uploads\/2024\/10\/1450000340_31-P3190_00_01.pdf\"target=\"_blank\" rel=\"noopener noreferrer\"><i class=\"far fa-file-pdf\"><\/i> Kasutusjuhend (PDF)<\/a><\/p>\n\t<div id=\"gap-1419565447\" class=\"gap-element clearfix\" style=\"display:block; height:auto;\">\n\t\t\n<style>\n#gap-1419565447 {\n  padding-top: 30px;\n}\n<\/style>\n\t<\/div>\n\t\n<p><strong>\u00dcksikasjalikuma n\u00f5u saamiseks v\u00f5tke \u00fchendust:<br \/><\/strong>Espak AS<br \/>Viadukti 42<br \/>11313<br \/>Tallinn<br \/>+372 6 512333<\/p>\n\t\t<\/div>\n\t\t\t\t\t<\/div>\n\n\t\n<\/div>\n","protected":false},"excerpt":{"rendered":"","protected":false},"featured_media":216639,"comment_status":"closed","ping_status":"closed","template":"","meta":[],"product_brand":[],"product_cat":[2934,4187,2960,2959],"product_tag":[],"class_list":{"0":"post-214805","1":"product","2":"type-product","3":"status-publish","4":"has-post-thumbnail","6":"product_cat-elektrikaubad-ja-valgustid","7":"product_cat-taskulambid-valgustid-valgustid","8":"product_cat-valgustid-valgustid","9":"product_cat-valgustid","10":"pa_kaubamark-emos-spol-s-r-o","12":"first","13":"instock","14":"sale","15":"taxable","16":"shipping-taxable","17":"purchasable","18":"product-type-simple"},"yoast_head":"<!-- This site is optimized with the Yoast SEO plugin v26.9 - https:\/\/yoast.com\/product\/yoast-seo-wordpress\/ -->\n<title>TASKULAMP CREE LED LAETAV 1200LM ULTIBRIGHT 90 EMOS - Espak E-pood<\/title>\n<meta name=\"robots\" content=\"index, follow, max-snippet:-1, max-image-preview:large, max-video-preview:-1\" \/>\n<link rel=\"canonical\" href=\"https:\/\/espak.ee\/epood\/toode\/taskulamp-cree-led-laetav-1200lm-ultibright-90-emos\/\" \/>\n<meta property=\"og:locale\" content=\"et_EE\" \/>\n<meta property=\"og:type\" content=\"article\" \/>\n<meta property=\"og:title\" content=\"TASKULAMP CREE LED LAETAV 1200LM ULTIBRIGHT 90 EMOS - Espak E-pood\" \/>\n<meta property=\"og:url\" content=\"https:\/\/espak.ee\/epood\/toode\/taskulamp-cree-led-laetav-1200lm-ultibright-90-emos\/\" \/>\n<meta property=\"og:site_name\" content=\"Espak E-pood\" \/>\n<meta property=\"article:modified_time\" content=\"2026-01-07T13:20:12+00:00\" \/>\n<meta property=\"og:image\" content=\"https:\/\/espak.ee\/epood\/wp-content\/uploads\/2024\/10\/2633087.jpg\" \/>\n\t<meta property=\"og:image:width\" content=\"1000\" \/>\n\t<meta property=\"og:image:height\" content=\"1000\" \/>\n\t<meta property=\"og:image:type\" content=\"image\/jpeg\" \/>\n<meta name=\"twitter:card\" content=\"summary_large_image\" \/>\n<meta name=\"twitter:label1\" content=\"Est. reading time\" \/>\n\t<meta name=\"twitter:data1\" content=\"1 minut\" \/>\n<script type=\"application\/ld+json\" class=\"yoast-schema-graph\">{\"@context\":\"https:\/\/schema.org\",\"@graph\":[{\"@type\":\"WebPage\",\"@id\":\"https:\/\/espak.ee\/epood\/toode\/taskulamp-cree-led-laetav-1200lm-ultibright-90-emos\/\",\"url\":\"https:\/\/espak.ee\/epood\/toode\/taskulamp-cree-led-laetav-1200lm-ultibright-90-emos\/\",\"name\":\"TASKULAMP CREE LED LAETAV 1200LM ULTIBRIGHT 90 EMOS - Espak E-pood\",\"isPartOf\":{\"@id\":\"https:\/\/espak.ee\/epood\/#website\"},\"primaryImageOfPage\":{\"@id\":\"https:\/\/espak.ee\/epood\/toode\/taskulamp-cree-led-laetav-1200lm-ultibright-90-emos\/#primaryimage\"},\"image\":{\"@id\":\"https:\/\/espak.ee\/epood\/toode\/taskulamp-cree-led-laetav-1200lm-ultibright-90-emos\/#primaryimage\"},\"thumbnailUrl\":\"https:\/\/espak.ee\/epood\/wp-content\/uploads\/2024\/10\/2633087.jpg\",\"datePublished\":\"2024-10-23T02:10:03+00:00\",\"dateModified\":\"2026-01-07T13:20:12+00:00\",\"breadcrumb\":{\"@id\":\"https:\/\/espak.ee\/epood\/toode\/taskulamp-cree-led-laetav-1200lm-ultibright-90-emos\/#breadcrumb\"},\"inLanguage\":\"et\",\"potentialAction\":[{\"@type\":\"ReadAction\",\"target\":[\"https:\/\/espak.ee\/epood\/toode\/taskulamp-cree-led-laetav-1200lm-ultibright-90-emos\/\"]}]},{\"@type\":\"ImageObject\",\"inLanguage\":\"et\",\"@id\":\"https:\/\/espak.ee\/epood\/toode\/taskulamp-cree-led-laetav-1200lm-ultibright-90-emos\/#primaryimage\",\"url\":\"https:\/\/espak.ee\/epood\/wp-content\/uploads\/2024\/10\/2633087.jpg\",\"contentUrl\":\"https:\/\/espak.ee\/epood\/wp-content\/uploads\/2024\/10\/2633087.jpg\",\"width\":1000,\"height\":1000},{\"@type\":\"BreadcrumbList\",\"@id\":\"https:\/\/espak.ee\/epood\/toode\/taskulamp-cree-led-laetav-1200lm-ultibright-90-emos\/#breadcrumb\",\"itemListElement\":[{\"@type\":\"ListItem\",\"position\":1,\"name\":\"Home\",\"item\":\"https:\/\/espak.ee\/epood\/\"},{\"@type\":\"ListItem\",\"position\":2,\"name\":\"Tootevalik\",\"item\":\"https:\/\/espak.ee\/epood\/tootevalik\/\"},{\"@type\":\"ListItem\",\"position\":3,\"name\":\"TASKULAMP CREE LED LAETAV 1200LM ULTIBRIGHT 90 EMOS\"}]},{\"@type\":\"WebSite\",\"@id\":\"https:\/\/espak.ee\/epood\/#website\",\"url\":\"https:\/\/espak.ee\/epood\/\",\"name\":\"Espak E-pood\",\"description\":\"\",\"potentialAction\":[{\"@type\":\"SearchAction\",\"target\":{\"@type\":\"EntryPoint\",\"urlTemplate\":\"https:\/\/espak.ee\/epood\/?s={search_term_string}\"},\"query-input\":{\"@type\":\"PropertyValueSpecification\",\"valueRequired\":true,\"valueName\":\"search_term_string\"}}],\"inLanguage\":\"et\"}]}<\/script>\n<!-- \/ Yoast SEO plugin. -->","yoast_head_json":{"title":"TASKULAMP CREE LED LAETAV 1200LM ULTIBRIGHT 90 EMOS - Espak E-pood","robots":{"index":"index","follow":"follow","max-snippet":"max-snippet:-1","max-image-preview":"max-image-preview:large","max-video-preview":"max-video-preview:-1"},"canonical":"https:\/\/espak.ee\/epood\/toode\/taskulamp-cree-led-laetav-1200lm-ultibright-90-emos\/","og_locale":"et_EE","og_type":"article","og_title":"TASKULAMP CREE LED LAETAV 1200LM ULTIBRIGHT 90 EMOS - Espak E-pood","og_url":"https:\/\/espak.ee\/epood\/toode\/taskulamp-cree-led-laetav-1200lm-ultibright-90-emos\/","og_site_name":"Espak E-pood","article_modified_time":"2026-01-07T13:20:12+00:00","og_image":[{"width":1000,"height":1000,"url":"https:\/\/espak.ee\/epood\/wp-content\/uploads\/2024\/10\/2633087.jpg","type":"image\/jpeg"}],"twitter_card":"summary_large_image","twitter_misc":{"Est. reading time":"1 minut"},"schema":{"@context":"https:\/\/schema.org","@graph":[{"@type":"WebPage","@id":"https:\/\/espak.ee\/epood\/toode\/taskulamp-cree-led-laetav-1200lm-ultibright-90-emos\/","url":"https:\/\/espak.ee\/epood\/toode\/taskulamp-cree-led-laetav-1200lm-ultibright-90-emos\/","name":"TASKULAMP CREE LED LAETAV 1200LM ULTIBRIGHT 90 EMOS - Espak E-pood","isPartOf":{"@id":"https:\/\/espak.ee\/epood\/#website"},"primaryImageOfPage":{"@id":"https:\/\/espak.ee\/epood\/toode\/taskulamp-cree-led-laetav-1200lm-ultibright-90-emos\/#primaryimage"},"image":{"@id":"https:\/\/espak.ee\/epood\/toode\/taskulamp-cree-led-laetav-1200lm-ultibright-90-emos\/#primaryimage"},"thumbnailUrl":"https:\/\/espak.ee\/epood\/wp-content\/uploads\/2024\/10\/2633087.jpg","datePublished":"2024-10-23T02:10:03+00:00","dateModified":"2026-01-07T13:20:12+00:00","breadcrumb":{"@id":"https:\/\/espak.ee\/epood\/toode\/taskulamp-cree-led-laetav-1200lm-ultibright-90-emos\/#breadcrumb"},"inLanguage":"et","potentialAction":[{"@type":"ReadAction","target":["https:\/\/espak.ee\/epood\/toode\/taskulamp-cree-led-laetav-1200lm-ultibright-90-emos\/"]}]},{"@type":"ImageObject","inLanguage":"et","@id":"https:\/\/espak.ee\/epood\/toode\/taskulamp-cree-led-laetav-1200lm-ultibright-90-emos\/#primaryimage","url":"https:\/\/espak.ee\/epood\/wp-content\/uploads\/2024\/10\/2633087.jpg","contentUrl":"https:\/\/espak.ee\/epood\/wp-content\/uploads\/2024\/10\/2633087.jpg","width":1000,"height":1000},{"@type":"BreadcrumbList","@id":"https:\/\/espak.ee\/epood\/toode\/taskulamp-cree-led-laetav-1200lm-ultibright-90-emos\/#breadcrumb","itemListElement":[{"@type":"ListItem","position":1,"name":"Home","item":"https:\/\/espak.ee\/epood\/"},{"@type":"ListItem","position":2,"name":"Tootevalik","item":"https:\/\/espak.ee\/epood\/tootevalik\/"},{"@type":"ListItem","position":3,"name":"TASKULAMP CREE LED LAETAV 1200LM ULTIBRIGHT 90 EMOS"}]},{"@type":"WebSite","@id":"https:\/\/espak.ee\/epood\/#website","url":"https:\/\/espak.ee\/epood\/","name":"Espak E-pood","description":"","potentialAction":[{"@type":"SearchAction","target":{"@type":"EntryPoint","urlTemplate":"https:\/\/espak.ee\/epood\/?s={search_term_string}"},"query-input":{"@type":"PropertyValueSpecification","valueRequired":true,"valueName":"search_term_string"}}],"inLanguage":"et"}]}},"_links":{"self":[{"href":"https:\/\/espak.ee\/epood\/wp-json\/wp\/v2\/product\/214805","targetHints":{"allow":["GET"]}}],"collection":[{"href":"https:\/\/espak.ee\/epood\/wp-json\/wp\/v2\/product"}],"about":[{"href":"https:\/\/espak.ee\/epood\/wp-json\/wp\/v2\/types\/product"}],"replies":[{"embeddable":true,"href":"https:\/\/espak.ee\/epood\/wp-json\/wp\/v2\/comments?post=214805"}],"wp:featuredmedia":[{"embeddable":true,"href":"https:\/\/espak.ee\/epood\/wp-json\/wp\/v2\/media\/216639"}],"wp:attachment":[{"href":"https:\/\/espak.ee\/epood\/wp-json\/wp\/v2\/media?parent=214805"}],"wp:term":[{"taxonomy":"product_brand","embeddable":true,"href":"https:\/\/espak.ee\/epood\/wp-json\/wp\/v2\/product_brand?post=214805"},{"taxonomy":"product_cat","embeddable":true,"href":"https:\/\/espak.ee\/epood\/wp-json\/wp\/v2\/product_cat?post=214805"},{"taxonomy":"product_tag","embeddable":true,"href":"https:\/\/espak.ee\/epood\/wp-json\/wp\/v2\/product_tag?post=214805"}],"curies":[{"name":"wp","href":"https:\/\/api.w.org\/{rel}","templated":true}]}}