{"id":21442,"date":"2020-04-18T04:16:25","date_gmt":"2020-04-18T01:16:25","guid":{"rendered":"https:\/\/espak.ee\/hinnakiri\/?post_type=product&#038;p=21442"},"modified":"2024-03-22T23:39:30","modified_gmt":"2024-03-22T21:39:30","slug":"akutolmuimeja-einhell-tc-vc-18-10-solo","status":"publish","type":"product","link":"https:\/\/espak.ee\/epood\/toode\/akutolmuimeja-einhell-tc-vc-18-10-solo\/","title":{"rendered":"AKUTOLMUIMEJA EINHELL TE-VC 18\/10 SOLO"},"content":{"rendered":"<div class=\"row\"  id=\"row-1661650560\">\n\n\t<div id=\"col-371457541\" class=\"col medium-9 small-12 large-9\"  >\n\t\t\t\t<div class=\"col-inner\"  >\n\t\t\t\n\t\t\t\n<div class=\"message-box relative\" style=\"padding-top:15px;padding-bottom:15px;\"><div class=\"message-box-bg-image bg-fill fill\" ><\/div><div class=\"message-box-bg-overlay bg-fill fill\" ><\/div><div class=\"container relative\"><div class=\"inner last-reset\">\n<div class=\"row align-middle align-center\"  id=\"row-1442786214\">\n\n\t<div id=\"col-790733970\" class=\"col small-12 large-12\"  >\n\t\t\t\t<div class=\"col-inner text-left\"  >\n\t\t\t\n\t\t\t\n<h4>Omadused<\/h4>\n<div class=\"row\"  id=\"row-232879017\">\n\n\t<div id=\"col-1750811549\" class=\"col medium-6 small-12 large-6\"  >\n\t\t\t\t<div class=\"col-inner\"  >\n\t\t\t\n\t\t\t\n<p><i class=\"far fa-check-circle fa-2x\"><\/i><strong>\u00a0Power X-Change\u00b4i tootepere liige <\/strong><\/p>\n<p><i class=\"far fa-check-circle fa-2x\"><\/i><strong> Ergonoomiline kujundus ja kandek\u00e4epide teisaldamise lihtsustamiseks\u00a0<\/strong><\/p>\n<p><i class=\"far fa-check-circle fa-2x\"><\/i><strong> Puhumis\u00fchendus raskesti ligip\u00e4\u00e4setavate kohtade puhastamiseks <\/strong><\/p>\n<p><i class=\"far fa-check-circle fa-2x\"><\/i><strong> Lihtne mahuti t\u00fchjendus t\u00e4nu kiirvabastusega kinnititele\u00a0<\/strong><\/p>\n<p><i class=\"far fa-check-circle fa-2x\"><\/i><strong> \u00dche k\u00e4ega t\u00f6\u00f6tamine t\u00e4nu k\u00e4ivitusl\u00fcliti nutikale paigutusele\u00a0<\/strong><\/p>\n<p><i class=\"far fa-check-circle fa-2x\"><\/i><strong> Kaks \u00fches prao-\/harjaotsak ja kaks \u00fches m\u00f6\u00f6bli-\/\u00fcldotsak\u00a0<\/strong><\/p>\n<p><i class=\"far fa-check-circle fa-2x\"><\/i><strong> Kaasas vahtfilter, filterkott ja prahikoti filter\u00a0<\/strong><\/p>\n\t\t<\/div>\n\t\t\t\t\n<style>\n#col-1750811549 > .col-inner {\n  margin: 0px 0px 15px 0px;\n}\n<\/style>\n\t<\/div>\n\n\t\n\n\t<div id=\"col-684260942\" class=\"col medium-6 small-12 large-6\"  >\n\t\t\t\t<div class=\"col-inner\"  >\n\t\t\t\n\t\t\t\n<p><i class=\"far fa-check-circle fa-2x\"><\/i><strong> Kogumismahuti maht on 10 liitrit <\/strong><\/p>\n<p><i class=\"far fa-check-circle fa-2x\"><\/i><strong> V\u00e4ga mitmek\u00fclgne \u2013 v\u00f5imalik m\u00e4rg- ja kuivimemine\u00a0<\/strong><\/p>\n<p><i class=\"far fa-check-circle fa-2x\"><\/i><strong> Kaasasolevaid tarvikuid saab hoida vahetult seadmel\u00a0<\/strong><\/p>\n<p><i class=\"far fa-check-circle fa-2x\"><\/i><strong> Vaikselt t\u00f6\u00f6tav mootor mugavaks, v\u00e4hese m\u00fcraga t\u00f6\u00f6tamiseks\u00a0<\/strong><\/p>\n<p><i class=\"far fa-check-circle fa-2x\"><\/i><strong> Kaasas pikendatav voolik kogupikkusega 2 meetrit\u00a0<\/strong><\/p>\n<p><i class=\"fas fa-exclamation-circle fa-2x\"><\/i><strong> Komplekt ilma akuta ja akulaadijata (saadaval eraldi)\u00a0<\/strong><\/p>\n\t\t<\/div>\n\t\t\t\t\n<style>\n#col-684260942 > .col-inner {\n  margin: 0px 0px 15px 0px;\n}\n<\/style>\n\t<\/div>\n\n\t\n<\/div>\n\t\t<\/div>\n\t\t\t\t\t<\/div>\n\n\t\n<\/div>\n<\/div><\/div><\/div>\n\t<div id=\"gap-1044651623\" class=\"gap-element clearfix\" style=\"display:block; height:auto;\">\n\t\t\n<style>\n#gap-1044651623 {\n  padding-top: 30px;\n}\n<\/style>\n\t<\/div>\n\t\n<h2>Tootekirjeldus<\/h2>\n<p>Akutoitega vee- ja tolmuimejaga TE-VC 18\/10 Li SOLO saab kodus, kuuris, keldris ja garaa\u017eis tolmu, mustust ja isegi vedelikke imeda ilma segavate kaabliteta. See universaalne ja mitmek\u00fclgne tolmuimeja kuulub nutikasse Power X-Change\u00b4i tooteperesse. K\u00f5ik s\u00fcsteemi laetavad akud on vastastikku vahetatavad ja sobivad igale PXC seadmele. Kogumismahuti maht on k\u00fcmme liitrit, millest piisab ka pikemateks t\u00f6\u00f6deks. Seade on mugavaks teisalduseks ja kasutajas\u00f5bralikuks kasutamiseks ergonoomiliselt kujundatud ja varustatud kandek\u00e4epidemega. Tolmuimeja on v\u00e4ga mitmek\u00fclgne plaatide, vaipade v\u00f5i muude p\u00f5randapindade puhastamiseks nii m\u00e4rjalt kui ka kuivalt \u2013 m\u00f5lemad on v\u00f5imalikud. Raskesti ligip\u00e4\u00e4setavate kohtade puhastamiseks on ette n\u00e4htud puhumis\u00fchendus. Kaasas olevate tarvikute jaoks on seadmel mugavad hoiukohad. Mahutil on mugavaks t\u00fchjendamiseks kiirvabastusega kinnitid. Mugavaks v\u00e4hese m\u00fcraga t\u00f6\u00f6tamiseks on seadmel vaikselt t\u00f6\u00f6tav mootor. K\u00e4ivitusl\u00fcliti nutikas paigutus v\u00f5imaldab mugavat \u00fche k\u00e4ega t\u00f6\u00f6tamist. Tootega on kaasas pikendatav voolik kogupikkusega 2,00 meetrit, kaks \u00fches pilu-\/harjaotsak ja kaks \u00fches m\u00f6\u00f6bli-\/universaalotsak, m\u00e4rgimemiseks m\u00f5eldud vahtfilter ja prahikoti filter. Tarnitakse laetava akuta ja akulaadurita. Need on saadaval eraldi, n\u00e4iteks otstarbeka akukomplektina.<\/p>\n\t<div id=\"gap-546806002\" class=\"gap-element clearfix\" style=\"display:block; height:auto;\">\n\t\t\n<style>\n#gap-546806002 {\n  padding-top: 30px;\n}\n<\/style>\n\t<\/div>\n\t\n\t\t<\/div>\n\t\t\t\t\t<\/div>\n\n\t\n\n\t<div id=\"col-1026457047\" class=\"col medium-3 small-12 large-3\"  >\n\t\t\t\t<div class=\"col-inner\"  >\n\t\t\t\n\t\t\t\n\t<div id=\"gap-308271731\" class=\"gap-element clearfix\" style=\"display:block; height:auto;\">\n\t\t\n<style>\n#gap-308271731 {\n  padding-top: 30px;\n}\n<\/style>\n\t<\/div>\n\t\n<img decoding=\"async\" class=\"alignnone size-full wp-image-97311\" src=\"https:\/\/espak.ee\/epood\/wp-content\/uploads\/2020\/04\/Power-x-change-logo.jpg\" alt=\"\" width=\"1772\" height=\"343\" srcset=\"https:\/\/espak.ee\/epood\/wp-content\/uploads\/2020\/04\/Power-x-change-logo.jpg 1772w, https:\/\/espak.ee\/epood\/wp-content\/uploads\/2020\/04\/Power-x-change-logo-500x97.jpg 500w, https:\/\/espak.ee\/epood\/wp-content\/uploads\/2020\/04\/Power-x-change-logo-769x149.jpg 769w, https:\/\/espak.ee\/epood\/wp-content\/uploads\/2020\/04\/Power-x-change-logo-300x58.jpg 300w, https:\/\/espak.ee\/epood\/wp-content\/uploads\/2020\/04\/Power-x-change-logo-1024x198.jpg 1024w, https:\/\/espak.ee\/epood\/wp-content\/uploads\/2020\/04\/Power-x-change-logo-150x29.jpg 150w, https:\/\/espak.ee\/epood\/wp-content\/uploads\/2020\/04\/Power-x-change-logo-768x149.jpg 768w, https:\/\/espak.ee\/epood\/wp-content\/uploads\/2020\/04\/Power-x-change-logo-1536x297.jpg 1536w\" sizes=\"(max-width: 1772px) 100vw, 1772px\" \/><br \/>\n<div class=\"is-divider divider clearfix\" ><\/div>\n<h3>Kasutusjuhend<\/h3>\n<p><a href=\"https:\/\/espak.ee\/epood\/wp-content\/uploads\/Akutolmuimeja-einhell-TE-VC-18-10-li-solo-2347160.pdf\" target=\"_blank\" rel=\"noopener noreferrer\"><i class=\"far fa-file-pdf\"><\/i> Kasutusjuhend (PDF)<\/a><\/p>\n<div class=\"is-divider divider clearfix\" ><\/div>\n<p><strong>\u00dcksikasjalikuma n\u00f5u saamiseks v\u00f5tke \u00fchendust:<br \/>\n<\/strong>Espak AS<br \/>\nViadukti 42<br \/>\n11313<br \/>\nTallinn<br \/>\n+372 6 512333<\/p>\n\t\t<\/div>\n\t\t\t\t\t<\/div>\n\n\t\n<\/div>\n","protected":false},"excerpt":{"rendered":"","protected":false},"featured_media":30629,"comment_status":"closed","ping_status":"closed","template":"","meta":[],"product_brand":[],"product_cat":[2757,2733,2680,2679],"product_tag":[],"class_list":{"0":"post-21442","1":"product","2":"type-product","3":"status-publish","4":"has-post-thumbnail","6":"product_cat-akutolmuimejad","7":"product_cat-akutooriistad","8":"product_cat-elektritooriistad","9":"product_cat-tooriistad","10":"pa_kaubamark-einhell","12":"first","13":"instock","14":"sale","15":"taxable","16":"shipping-taxable","17":"purchasable","18":"product-type-simple"},"yoast_head":"<!-- This site is optimized with the Yoast SEO plugin v26.9 - https:\/\/yoast.com\/product\/yoast-seo-wordpress\/ -->\n<title>AKUTOLMUIMEJA EINHELL TE-VC 18\/10 SOLO - Espak E-pood<\/title>\n<meta name=\"description\" content=\"Akutoitega vee- ja tolmuimejaga TE-VC 18\/10 Li SOLO saab kodus, kuuris, keldris ja garaa\u017eis tolmu, mustust ja isegi vedelikke imeda ilma segavate kaabliteta.\" \/>\n<meta name=\"robots\" content=\"index, follow, max-snippet:-1, max-image-preview:large, max-video-preview:-1\" \/>\n<link rel=\"canonical\" href=\"https:\/\/espak.ee\/epood\/toode\/akutolmuimeja-einhell-tc-vc-18-10-solo\/\" \/>\n<meta property=\"og:locale\" content=\"et_EE\" \/>\n<meta property=\"og:type\" content=\"article\" \/>\n<meta property=\"og:title\" content=\"AKUTOLMUIMEJA EINHELL TE-VC 18\/10 SOLO - Espak E-pood\" \/>\n<meta property=\"og:description\" content=\"Akutoitega vee- ja tolmuimejaga TE-VC 18\/10 Li SOLO saab kodus, kuuris, keldris ja garaa\u017eis tolmu, mustust ja isegi vedelikke imeda ilma segavate kaabliteta.\" \/>\n<meta property=\"og:url\" content=\"https:\/\/espak.ee\/epood\/toode\/akutolmuimeja-einhell-tc-vc-18-10-solo\/\" \/>\n<meta property=\"og:site_name\" content=\"Espak E-pood\" \/>\n<meta property=\"article:modified_time\" content=\"2024-03-22T21:39:30+00:00\" \/>\n<meta property=\"og:image\" content=\"https:\/\/espak.ee\/epood\/wp-content\/uploads\/2347160_11018_001_TE_VC_18_10_Li_Solo_Pant_Pic-1024x937.jpg\" \/>\n\t<meta property=\"og:image:width\" content=\"1024\" \/>\n\t<meta property=\"og:image:height\" content=\"937\" \/>\n\t<meta property=\"og:image:type\" content=\"image\/jpeg\" \/>\n<meta name=\"twitter:card\" content=\"summary_large_image\" \/>\n<meta name=\"twitter:label1\" content=\"Est. reading time\" \/>\n\t<meta name=\"twitter:data1\" content=\"2 minutit\" \/>\n<script type=\"application\/ld+json\" class=\"yoast-schema-graph\">{\"@context\":\"https:\/\/schema.org\",\"@graph\":[{\"@type\":\"WebPage\",\"@id\":\"https:\/\/espak.ee\/epood\/toode\/akutolmuimeja-einhell-tc-vc-18-10-solo\/\",\"url\":\"https:\/\/espak.ee\/epood\/toode\/akutolmuimeja-einhell-tc-vc-18-10-solo\/\",\"name\":\"AKUTOLMUIMEJA EINHELL TE-VC 18\/10 SOLO - Espak E-pood\",\"isPartOf\":{\"@id\":\"https:\/\/espak.ee\/epood\/#website\"},\"primaryImageOfPage\":{\"@id\":\"https:\/\/espak.ee\/epood\/toode\/akutolmuimeja-einhell-tc-vc-18-10-solo\/#primaryimage\"},\"image\":{\"@id\":\"https:\/\/espak.ee\/epood\/toode\/akutolmuimeja-einhell-tc-vc-18-10-solo\/#primaryimage\"},\"thumbnailUrl\":\"https:\/\/espak.ee\/epood\/wp-content\/uploads\/2347160_11018_001_TE_VC_18_10_Li_Solo_Pant_Pic.jpg\",\"datePublished\":\"2020-04-18T01:16:25+00:00\",\"dateModified\":\"2024-03-22T21:39:30+00:00\",\"description\":\"Akutoitega vee- ja tolmuimejaga TE-VC 18\/10 Li SOLO saab kodus, kuuris, keldris ja garaa\u017eis tolmu, mustust ja isegi vedelikke imeda ilma segavate kaabliteta.\",\"breadcrumb\":{\"@id\":\"https:\/\/espak.ee\/epood\/toode\/akutolmuimeja-einhell-tc-vc-18-10-solo\/#breadcrumb\"},\"inLanguage\":\"et\",\"potentialAction\":[{\"@type\":\"ReadAction\",\"target\":[\"https:\/\/espak.ee\/epood\/toode\/akutolmuimeja-einhell-tc-vc-18-10-solo\/\"]}]},{\"@type\":\"ImageObject\",\"inLanguage\":\"et\",\"@id\":\"https:\/\/espak.ee\/epood\/toode\/akutolmuimeja-einhell-tc-vc-18-10-solo\/#primaryimage\",\"url\":\"https:\/\/espak.ee\/epood\/wp-content\/uploads\/2347160_11018_001_TE_VC_18_10_Li_Solo_Pant_Pic.jpg\",\"contentUrl\":\"https:\/\/espak.ee\/epood\/wp-content\/uploads\/2347160_11018_001_TE_VC_18_10_Li_Solo_Pant_Pic.jpg\",\"width\":1772,\"height\":1622},{\"@type\":\"BreadcrumbList\",\"@id\":\"https:\/\/espak.ee\/epood\/toode\/akutolmuimeja-einhell-tc-vc-18-10-solo\/#breadcrumb\",\"itemListElement\":[{\"@type\":\"ListItem\",\"position\":1,\"name\":\"Home\",\"item\":\"https:\/\/espak.ee\/epood\/\"},{\"@type\":\"ListItem\",\"position\":2,\"name\":\"Tootevalik\",\"item\":\"https:\/\/espak.ee\/epood\/tootevalik\/\"},{\"@type\":\"ListItem\",\"position\":3,\"name\":\"AKUTOLMUIMEJA EINHELL TE-VC 18\/10 SOLO\"}]},{\"@type\":\"WebSite\",\"@id\":\"https:\/\/espak.ee\/epood\/#website\",\"url\":\"https:\/\/espak.ee\/epood\/\",\"name\":\"Espak E-pood\",\"description\":\"\",\"potentialAction\":[{\"@type\":\"SearchAction\",\"target\":{\"@type\":\"EntryPoint\",\"urlTemplate\":\"https:\/\/espak.ee\/epood\/?s={search_term_string}\"},\"query-input\":{\"@type\":\"PropertyValueSpecification\",\"valueRequired\":true,\"valueName\":\"search_term_string\"}}],\"inLanguage\":\"et\"}]}<\/script>\n<!-- \/ Yoast SEO plugin. -->","yoast_head_json":{"title":"AKUTOLMUIMEJA EINHELL TE-VC 18\/10 SOLO - Espak E-pood","description":"Akutoitega vee- ja tolmuimejaga TE-VC 18\/10 Li SOLO saab kodus, kuuris, keldris ja garaa\u017eis tolmu, mustust ja isegi vedelikke imeda ilma segavate kaabliteta.","robots":{"index":"index","follow":"follow","max-snippet":"max-snippet:-1","max-image-preview":"max-image-preview:large","max-video-preview":"max-video-preview:-1"},"canonical":"https:\/\/espak.ee\/epood\/toode\/akutolmuimeja-einhell-tc-vc-18-10-solo\/","og_locale":"et_EE","og_type":"article","og_title":"AKUTOLMUIMEJA EINHELL TE-VC 18\/10 SOLO - Espak E-pood","og_description":"Akutoitega vee- ja tolmuimejaga TE-VC 18\/10 Li SOLO saab kodus, kuuris, keldris ja garaa\u017eis tolmu, mustust ja isegi vedelikke imeda ilma segavate kaabliteta.","og_url":"https:\/\/espak.ee\/epood\/toode\/akutolmuimeja-einhell-tc-vc-18-10-solo\/","og_site_name":"Espak E-pood","article_modified_time":"2024-03-22T21:39:30+00:00","og_image":[{"width":1024,"height":937,"url":"https:\/\/espak.ee\/epood\/wp-content\/uploads\/2347160_11018_001_TE_VC_18_10_Li_Solo_Pant_Pic-1024x937.jpg","type":"image\/jpeg"}],"twitter_card":"summary_large_image","twitter_misc":{"Est. reading time":"2 minutit"},"schema":{"@context":"https:\/\/schema.org","@graph":[{"@type":"WebPage","@id":"https:\/\/espak.ee\/epood\/toode\/akutolmuimeja-einhell-tc-vc-18-10-solo\/","url":"https:\/\/espak.ee\/epood\/toode\/akutolmuimeja-einhell-tc-vc-18-10-solo\/","name":"AKUTOLMUIMEJA EINHELL TE-VC 18\/10 SOLO - Espak E-pood","isPartOf":{"@id":"https:\/\/espak.ee\/epood\/#website"},"primaryImageOfPage":{"@id":"https:\/\/espak.ee\/epood\/toode\/akutolmuimeja-einhell-tc-vc-18-10-solo\/#primaryimage"},"image":{"@id":"https:\/\/espak.ee\/epood\/toode\/akutolmuimeja-einhell-tc-vc-18-10-solo\/#primaryimage"},"thumbnailUrl":"https:\/\/espak.ee\/epood\/wp-content\/uploads\/2347160_11018_001_TE_VC_18_10_Li_Solo_Pant_Pic.jpg","datePublished":"2020-04-18T01:16:25+00:00","dateModified":"2024-03-22T21:39:30+00:00","description":"Akutoitega vee- ja tolmuimejaga TE-VC 18\/10 Li SOLO saab kodus, kuuris, keldris ja garaa\u017eis tolmu, mustust ja isegi vedelikke imeda ilma segavate kaabliteta.","breadcrumb":{"@id":"https:\/\/espak.ee\/epood\/toode\/akutolmuimeja-einhell-tc-vc-18-10-solo\/#breadcrumb"},"inLanguage":"et","potentialAction":[{"@type":"ReadAction","target":["https:\/\/espak.ee\/epood\/toode\/akutolmuimeja-einhell-tc-vc-18-10-solo\/"]}]},{"@type":"ImageObject","inLanguage":"et","@id":"https:\/\/espak.ee\/epood\/toode\/akutolmuimeja-einhell-tc-vc-18-10-solo\/#primaryimage","url":"https:\/\/espak.ee\/epood\/wp-content\/uploads\/2347160_11018_001_TE_VC_18_10_Li_Solo_Pant_Pic.jpg","contentUrl":"https:\/\/espak.ee\/epood\/wp-content\/uploads\/2347160_11018_001_TE_VC_18_10_Li_Solo_Pant_Pic.jpg","width":1772,"height":1622},{"@type":"BreadcrumbList","@id":"https:\/\/espak.ee\/epood\/toode\/akutolmuimeja-einhell-tc-vc-18-10-solo\/#breadcrumb","itemListElement":[{"@type":"ListItem","position":1,"name":"Home","item":"https:\/\/espak.ee\/epood\/"},{"@type":"ListItem","position":2,"name":"Tootevalik","item":"https:\/\/espak.ee\/epood\/tootevalik\/"},{"@type":"ListItem","position":3,"name":"AKUTOLMUIMEJA EINHELL TE-VC 18\/10 SOLO"}]},{"@type":"WebSite","@id":"https:\/\/espak.ee\/epood\/#website","url":"https:\/\/espak.ee\/epood\/","name":"Espak E-pood","description":"","potentialAction":[{"@type":"SearchAction","target":{"@type":"EntryPoint","urlTemplate":"https:\/\/espak.ee\/epood\/?s={search_term_string}"},"query-input":{"@type":"PropertyValueSpecification","valueRequired":true,"valueName":"search_term_string"}}],"inLanguage":"et"}]}},"_links":{"self":[{"href":"https:\/\/espak.ee\/epood\/wp-json\/wp\/v2\/product\/21442","targetHints":{"allow":["GET"]}}],"collection":[{"href":"https:\/\/espak.ee\/epood\/wp-json\/wp\/v2\/product"}],"about":[{"href":"https:\/\/espak.ee\/epood\/wp-json\/wp\/v2\/types\/product"}],"replies":[{"embeddable":true,"href":"https:\/\/espak.ee\/epood\/wp-json\/wp\/v2\/comments?post=21442"}],"wp:featuredmedia":[{"embeddable":true,"href":"https:\/\/espak.ee\/epood\/wp-json\/wp\/v2\/media\/30629"}],"wp:attachment":[{"href":"https:\/\/espak.ee\/epood\/wp-json\/wp\/v2\/media?parent=21442"}],"wp:term":[{"taxonomy":"product_brand","embeddable":true,"href":"https:\/\/espak.ee\/epood\/wp-json\/wp\/v2\/product_brand?post=21442"},{"taxonomy":"product_cat","embeddable":true,"href":"https:\/\/espak.ee\/epood\/wp-json\/wp\/v2\/product_cat?post=21442"},{"taxonomy":"product_tag","embeddable":true,"href":"https:\/\/espak.ee\/epood\/wp-json\/wp\/v2\/product_tag?post=21442"}],"curies":[{"name":"wp","href":"https:\/\/api.w.org\/{rel}","templated":true}]}}