{"id":21440,"date":"2020-04-18T04:16:25","date_gmt":"2020-04-18T01:16:25","guid":{"rendered":"https:\/\/espak.ee\/hinnakiri\/?post_type=product&#038;p=21440"},"modified":"2025-10-13T16:53:41","modified_gmt":"2025-10-13T13:53:41","slug":"akutolmuimeja-einhell-tc-vc-18-20-solo","status":"publish","type":"product","link":"https:\/\/espak.ee\/epood\/toode\/akutolmuimeja-einhell-tc-vc-18-20-solo\/","title":{"rendered":"AKUTOLMUIMEJA EINHELL TC-VC 18\/20 SOLO"},"content":{"rendered":"<div class=\"row\"  id=\"row-2015424431\">\n\n\t<div id=\"col-204728072\" class=\"col medium-9 small-12 large-9\"  >\n\t\t\t\t<div class=\"col-inner\"  >\n\t\t\t\n\t\t\t\n<div class=\"message-box relative\" style=\"padding-top:15px;padding-bottom:15px;\"><div class=\"message-box-bg-image bg-fill fill\" ><\/div><div class=\"message-box-bg-overlay bg-fill fill\" ><\/div><div class=\"container relative\"><div class=\"inner last-reset\">\n<div class=\"row align-middle align-center\"  id=\"row-1215792895\">\n\n\t<div id=\"col-2084373495\" class=\"col small-12 large-12\"  >\n\t\t\t\t<div class=\"col-inner text-left\"  >\n\t\t\t\n\t\t\t\n<h4>Omadused<\/h4>\n<div class=\"row\"  id=\"row-1993618350\">\n\n\t<div id=\"col-2133557817\" class=\"col medium-6 small-12 large-6\"  >\n\t\t\t\t<div class=\"col-inner\"  >\n\t\t\t\n\t\t\t\n<p><i class=\"far fa-check-circle fa-2x\"><\/i><strong>\u00a0Power X-Change\u00b4i tootepere liige<\/strong><\/p>\n<p><i class=\"far fa-check-circle fa-2x\"><\/i><strong> Puhumis\u00fchendus raskesti ligip\u00e4\u00e4setavate kohtade puhastamiseks\u00a0<\/strong><\/p>\n<p><i class=\"far fa-check-circle fa-2x\"><\/i><strong> K\u00e4ep\u00e4rane tarvikuhoidik puhtana hoidmiseks ja t\u00f6\u00f6tamiseks <\/strong><\/p>\n<p><i class=\"far fa-check-circle fa-2x\"><\/i><strong> Sisaldab plastist voolikut ja kolmeosalist pikendustoru\u00a0<\/strong><\/p>\n<p><i class=\"far fa-check-circle fa-2x\"><\/i><strong> Sisaldab vahtfiltrit, kurdfiltrit ja paberist prahikotti\u00a0<\/strong><\/p>\n\t\t<\/div>\n\t\t\t\t\n<style>\n#col-2133557817 > .col-inner {\n  margin: 0px 0px 15px 0px;\n}\n<\/style>\n\t<\/div>\n\n\t\n\n\t<div id=\"col-1206851797\" class=\"col medium-6 small-12 large-6\"  >\n\t\t\t\t<div class=\"col-inner\"  >\n\t\t\t\n\t\t\t\n<p><i class=\"far fa-check-circle fa-2x\"><\/i><strong> 20\u00a0l roostevabast terasest mahuti; roostekindel ja tugev <\/strong><\/p>\n<p><i class=\"far fa-check-circle fa-2x\"><\/i><strong> 4 suunda muutvat tugiratast hea liikuvuse v\u00f5imaldamiseks\u00a0<\/strong><\/p>\n<p><i class=\"far fa-check-circle fa-2x\"><\/i><strong> \u00d8 36\u00a0mm voolikus\u00fcsteem suure \u00f5hu vooluhulga ja prahi eemaldusv\u00f5ime s\u00e4ilitamiseks\u00a0<\/strong><\/p>\n<p><i class=\"far fa-check-circle fa-2x\"><\/i><strong> Sisaldab suurt \u00fcldotsakut, praootsakut ja m\u00f6\u00f6bliotsakut\u00a0<\/strong><\/p>\n<p><i class=\"far fa-check-circle fa-2x\"><\/i><strong> komplekt ilma akuta ja akulaadurita (saadaval eraldi)\u00a0<\/strong><\/p>\n\t\t<\/div>\n\t\t\t\t\n<style>\n#col-1206851797 > .col-inner {\n  margin: 0px 0px 15px 0px;\n}\n<\/style>\n\t<\/div>\n\n\t\n<\/div>\n\t\t<\/div>\n\t\t\t\t\t<\/div>\n\n\t\n<\/div>\n<\/div><\/div><\/div>\n\t<div id=\"gap-447263412\" class=\"gap-element clearfix\" style=\"display:block; height:auto;\">\n\t\t\n<style>\n#gap-447263412 {\n  padding-top: 30px;\n}\n<\/style>\n\t<\/div>\n\t\n<h2>Tootekirjeldus<\/h2>\n<p> Akutoitega vee- ja tolmuimeja Einhell TC-VC 18\/20 Li S SOLO on Einhelli paindliku ja vastastikku vahetatava s\u00fcsteemisarja Power X-Change\u00b4i sarja suure j\u00f5udlusega liige. Vee- ja tolmuimeja on asendamatu abimees p\u00f5hjalike ja ulatuslike puhastust\u00f6\u00f6de tegemisel. Vee- ja tolmuimeja abil puhastatakse kangad, nagu autoistmed ja istmekatted, diivanid v\u00f5i madratsid, mitte ainult pinnalt, vaid ka kiudude vahel. Vaipade v\u00f5i mistrate, aga ka plaatide v\u00f5i igat t\u00fc\u00fcpi avatud pooridega glasuuritud plaatide korral ei piisa sageli lihtsalt pinna puhastamisest. Vee- ja tolmuimejad puhastavad p\u00f5hjalikult ja on ideaalseks t\u00e4ienduseks tavalistele kodupuhastusseadmetele, n\u00e4iteks raskesti eemaldatava ja sissetunginud mustuse eemaldamisel. Terrassidel ja r\u00f5dudel taastab vee- ja tolmuimeja veekindlate pindade, p\u00f5randate ja seinatahvlite, samuti r\u00f5dupiirete ja sammaste heleduse. Iga Power X-Change\u00b4i sarja laetavat akut saab kasutada k\u00f5igi PXC seadmete k\u00e4itamiseks. Roostekindla roostevabast terasest paagi maht on 20 liitrit ja 36 mm l\u00e4bim\u00f5\u00f5duga voolikus\u00fcsteem tagab suure \u00f5hu vooluhulga ja mustuse eemalduse. Raskesti ligip\u00e4\u00e4setavate kohtade, n\u00e4iteks nurkade, keerukate pindade v\u00f5i trepialuste puhastamiseks on ette n\u00e4htud puhumis\u00fchendus. Neli suunda muutvat tugiratast tagavad hea liikuvuse ja paindlikkuse. Tarvikute korralikuks hoidmiseks on olemas k\u00e4ep\u00e4rane tarvikute hoidik. Toode tarnitakse koos 1,50 m plastist imemisvooliku ja kolmeosalise pikendustoruga, suure \u00fcld-, prao- ja m\u00f6\u00f6bliotsakuga, samuti vahtfiltri ja kurdfiltri ning prahikotiga. Toode tarnitakse akuta ja akulaadurita. Need on saadaval eraldi, n\u00e4iteks t\u00f6\u00f6mahule vastava mahuga otstarbeka akukomplektina. <\/p>\n\t<div id=\"gap-1937690124\" class=\"gap-element clearfix\" style=\"display:block; height:auto;\">\n\t\t\n<style>\n#gap-1937690124 {\n  padding-top: 30px;\n}\n<\/style>\n\t<\/div>\n\t\n\t\t<\/div>\n\t\t\t\t\t<\/div>\n\n\t\n\n\t<div id=\"col-598407133\" class=\"col medium-3 small-12 large-3\"  >\n\t\t\t\t<div class=\"col-inner\"  >\n\t\t\t\n\t\t\t\n\t<div id=\"gap-1972749718\" class=\"gap-element clearfix\" style=\"display:block; height:auto;\">\n\t\t\n<style>\n#gap-1972749718 {\n  padding-top: 30px;\n}\n<\/style>\n\t<\/div>\n\t\n<img decoding=\"async\" src=\"https:\/\/espak.ee\/epood\/wp-content\/uploads\/2020\/04\/Power-x-change-logo.jpg\" alt=\"\" width=\"1772\" height=\"343\" class=\"alignnone size-full wp-image-97311\" srcset=\"https:\/\/espak.ee\/epood\/wp-content\/uploads\/2020\/04\/Power-x-change-logo.jpg 1772w, https:\/\/espak.ee\/epood\/wp-content\/uploads\/2020\/04\/Power-x-change-logo-500x97.jpg 500w, https:\/\/espak.ee\/epood\/wp-content\/uploads\/2020\/04\/Power-x-change-logo-769x149.jpg 769w, https:\/\/espak.ee\/epood\/wp-content\/uploads\/2020\/04\/Power-x-change-logo-300x58.jpg 300w, https:\/\/espak.ee\/epood\/wp-content\/uploads\/2020\/04\/Power-x-change-logo-1024x198.jpg 1024w, https:\/\/espak.ee\/epood\/wp-content\/uploads\/2020\/04\/Power-x-change-logo-150x29.jpg 150w, https:\/\/espak.ee\/epood\/wp-content\/uploads\/2020\/04\/Power-x-change-logo-768x149.jpg 768w, https:\/\/espak.ee\/epood\/wp-content\/uploads\/2020\/04\/Power-x-change-logo-1536x297.jpg 1536w\" sizes=\"(max-width: 1772px) 100vw, 1772px\" \/><br \/>\n<div class=\"is-divider divider clearfix\" ><\/div>\n<h3>Kasutusjuhend<\/h3>\n<p><a href=\"https:\/\/espak.ee\/epood\/wp-content\/uploads\/Akutolmuimeja-tc-vc-18-20-li-s-solo-23471302347131.pdf\" target=\"_blank\" rel=\"noopener noreferrer\"><i class=\"far fa-file-pdf\"><\/i> Kasutusjuhend (PDF)<\/a><\/p>\n<div class=\"is-divider divider clearfix\" ><\/div>\n<p><strong>\u00dcksikasjalikuma n\u00f5u saamiseks v\u00f5tke \u00fchendust:<br \/><\/strong>Espak AS<br \/>Viadukti 42<br \/>11313<br \/>Tallinn<br \/>+372 6 512333<\/p>\n\t\t<\/div>\n\t\t\t\t\t<\/div>\n\n\t\n<\/div>\n","protected":false},"excerpt":{"rendered":"","protected":false},"featured_media":30627,"comment_status":"closed","ping_status":"closed","template":"","meta":[],"product_brand":[],"product_cat":[2757,2733,2680,2679],"product_tag":[],"class_list":{"0":"post-21440","1":"product","2":"type-product","3":"status-publish","4":"has-post-thumbnail","6":"product_cat-akutolmuimejad","7":"product_cat-akutooriistad","8":"product_cat-elektritooriistad","9":"product_cat-tooriistad","10":"pa_kaubamark-einhell","12":"first","13":"instock","14":"sale","15":"taxable","16":"shipping-taxable","17":"purchasable","18":"product-type-simple"},"yoast_head":"<!-- This site is optimized with the Yoast SEO plugin v26.9 - https:\/\/yoast.com\/product\/yoast-seo-wordpress\/ -->\n<title>AKUTOLMUIMEJA EINHELL TC-VC 18\/20 SOLO - Espak E-pood<\/title>\n<meta name=\"description\" content=\"Einhell TC-VC 18\/20 Li S SOLO vee- ja tolmuimeja on asendamatu abimees p\u00f5hjalike ja ulatuslike puhastust\u00f6\u00f6de tegemisel.\" \/>\n<meta name=\"robots\" content=\"index, follow, max-snippet:-1, max-image-preview:large, max-video-preview:-1\" \/>\n<link rel=\"canonical\" href=\"https:\/\/espak.ee\/epood\/toode\/akutolmuimeja-einhell-tc-vc-18-20-solo\/\" \/>\n<meta property=\"og:locale\" content=\"et_EE\" \/>\n<meta property=\"og:type\" content=\"article\" \/>\n<meta property=\"og:title\" content=\"AKUTOLMUIMEJA EINHELL TC-VC 18\/20 SOLO - Espak E-pood\" \/>\n<meta property=\"og:description\" content=\"Einhell TC-VC 18\/20 Li S SOLO vee- ja tolmuimeja on asendamatu abimees p\u00f5hjalike ja ulatuslike puhastust\u00f6\u00f6de tegemisel.\" \/>\n<meta property=\"og:url\" content=\"https:\/\/espak.ee\/epood\/toode\/akutolmuimeja-einhell-tc-vc-18-20-solo\/\" \/>\n<meta property=\"og:site_name\" content=\"Espak E-pood\" \/>\n<meta property=\"article:modified_time\" content=\"2025-10-13T13:53:41+00:00\" \/>\n<meta property=\"og:image\" content=\"https:\/\/espak.ee\/epood\/wp-content\/uploads\/2347130_11039_001_TC_VC_18_20_Li_S_Solo_RAL3002_Pic-776x1024.jpg\" \/>\n\t<meta property=\"og:image:width\" content=\"776\" \/>\n\t<meta property=\"og:image:height\" content=\"1024\" \/>\n\t<meta property=\"og:image:type\" content=\"image\/jpeg\" \/>\n<meta name=\"twitter:card\" content=\"summary_large_image\" \/>\n<meta name=\"twitter:label1\" content=\"Est. reading time\" \/>\n\t<meta name=\"twitter:data1\" content=\"2 minutit\" \/>\n<script type=\"application\/ld+json\" class=\"yoast-schema-graph\">{\"@context\":\"https:\/\/schema.org\",\"@graph\":[{\"@type\":\"WebPage\",\"@id\":\"https:\/\/espak.ee\/epood\/toode\/akutolmuimeja-einhell-tc-vc-18-20-solo\/\",\"url\":\"https:\/\/espak.ee\/epood\/toode\/akutolmuimeja-einhell-tc-vc-18-20-solo\/\",\"name\":\"AKUTOLMUIMEJA EINHELL TC-VC 18\/20 SOLO - Espak E-pood\",\"isPartOf\":{\"@id\":\"https:\/\/espak.ee\/epood\/#website\"},\"primaryImageOfPage\":{\"@id\":\"https:\/\/espak.ee\/epood\/toode\/akutolmuimeja-einhell-tc-vc-18-20-solo\/#primaryimage\"},\"image\":{\"@id\":\"https:\/\/espak.ee\/epood\/toode\/akutolmuimeja-einhell-tc-vc-18-20-solo\/#primaryimage\"},\"thumbnailUrl\":\"https:\/\/espak.ee\/epood\/wp-content\/uploads\/2347130_11039_001_TC_VC_18_20_Li_S_Solo_RAL3002_Pic.jpg\",\"datePublished\":\"2020-04-18T01:16:25+00:00\",\"dateModified\":\"2025-10-13T13:53:41+00:00\",\"description\":\"Einhell TC-VC 18\/20 Li S SOLO vee- ja tolmuimeja on asendamatu abimees p\u00f5hjalike ja ulatuslike puhastust\u00f6\u00f6de tegemisel.\",\"breadcrumb\":{\"@id\":\"https:\/\/espak.ee\/epood\/toode\/akutolmuimeja-einhell-tc-vc-18-20-solo\/#breadcrumb\"},\"inLanguage\":\"et\",\"potentialAction\":[{\"@type\":\"ReadAction\",\"target\":[\"https:\/\/espak.ee\/epood\/toode\/akutolmuimeja-einhell-tc-vc-18-20-solo\/\"]}]},{\"@type\":\"ImageObject\",\"inLanguage\":\"et\",\"@id\":\"https:\/\/espak.ee\/epood\/toode\/akutolmuimeja-einhell-tc-vc-18-20-solo\/#primaryimage\",\"url\":\"https:\/\/espak.ee\/epood\/wp-content\/uploads\/2347130_11039_001_TC_VC_18_20_Li_S_Solo_RAL3002_Pic.jpg\",\"contentUrl\":\"https:\/\/espak.ee\/epood\/wp-content\/uploads\/2347130_11039_001_TC_VC_18_20_Li_S_Solo_RAL3002_Pic.jpg\",\"width\":1343,\"height\":1772},{\"@type\":\"BreadcrumbList\",\"@id\":\"https:\/\/espak.ee\/epood\/toode\/akutolmuimeja-einhell-tc-vc-18-20-solo\/#breadcrumb\",\"itemListElement\":[{\"@type\":\"ListItem\",\"position\":1,\"name\":\"Home\",\"item\":\"https:\/\/espak.ee\/epood\/\"},{\"@type\":\"ListItem\",\"position\":2,\"name\":\"Tootevalik\",\"item\":\"https:\/\/espak.ee\/epood\/tootevalik\/\"},{\"@type\":\"ListItem\",\"position\":3,\"name\":\"AKUTOLMUIMEJA EINHELL TC-VC 18\/20 SOLO\"}]},{\"@type\":\"WebSite\",\"@id\":\"https:\/\/espak.ee\/epood\/#website\",\"url\":\"https:\/\/espak.ee\/epood\/\",\"name\":\"Espak E-pood\",\"description\":\"\",\"potentialAction\":[{\"@type\":\"SearchAction\",\"target\":{\"@type\":\"EntryPoint\",\"urlTemplate\":\"https:\/\/espak.ee\/epood\/?s={search_term_string}\"},\"query-input\":{\"@type\":\"PropertyValueSpecification\",\"valueRequired\":true,\"valueName\":\"search_term_string\"}}],\"inLanguage\":\"et\"}]}<\/script>\n<!-- \/ Yoast SEO plugin. -->","yoast_head_json":{"title":"AKUTOLMUIMEJA EINHELL TC-VC 18\/20 SOLO - Espak E-pood","description":"Einhell TC-VC 18\/20 Li S SOLO vee- ja tolmuimeja on asendamatu abimees p\u00f5hjalike ja ulatuslike puhastust\u00f6\u00f6de tegemisel.","robots":{"index":"index","follow":"follow","max-snippet":"max-snippet:-1","max-image-preview":"max-image-preview:large","max-video-preview":"max-video-preview:-1"},"canonical":"https:\/\/espak.ee\/epood\/toode\/akutolmuimeja-einhell-tc-vc-18-20-solo\/","og_locale":"et_EE","og_type":"article","og_title":"AKUTOLMUIMEJA EINHELL TC-VC 18\/20 SOLO - Espak E-pood","og_description":"Einhell TC-VC 18\/20 Li S SOLO vee- ja tolmuimeja on asendamatu abimees p\u00f5hjalike ja ulatuslike puhastust\u00f6\u00f6de tegemisel.","og_url":"https:\/\/espak.ee\/epood\/toode\/akutolmuimeja-einhell-tc-vc-18-20-solo\/","og_site_name":"Espak E-pood","article_modified_time":"2025-10-13T13:53:41+00:00","og_image":[{"width":776,"height":1024,"url":"https:\/\/espak.ee\/epood\/wp-content\/uploads\/2347130_11039_001_TC_VC_18_20_Li_S_Solo_RAL3002_Pic-776x1024.jpg","type":"image\/jpeg"}],"twitter_card":"summary_large_image","twitter_misc":{"Est. reading time":"2 minutit"},"schema":{"@context":"https:\/\/schema.org","@graph":[{"@type":"WebPage","@id":"https:\/\/espak.ee\/epood\/toode\/akutolmuimeja-einhell-tc-vc-18-20-solo\/","url":"https:\/\/espak.ee\/epood\/toode\/akutolmuimeja-einhell-tc-vc-18-20-solo\/","name":"AKUTOLMUIMEJA EINHELL TC-VC 18\/20 SOLO - Espak E-pood","isPartOf":{"@id":"https:\/\/espak.ee\/epood\/#website"},"primaryImageOfPage":{"@id":"https:\/\/espak.ee\/epood\/toode\/akutolmuimeja-einhell-tc-vc-18-20-solo\/#primaryimage"},"image":{"@id":"https:\/\/espak.ee\/epood\/toode\/akutolmuimeja-einhell-tc-vc-18-20-solo\/#primaryimage"},"thumbnailUrl":"https:\/\/espak.ee\/epood\/wp-content\/uploads\/2347130_11039_001_TC_VC_18_20_Li_S_Solo_RAL3002_Pic.jpg","datePublished":"2020-04-18T01:16:25+00:00","dateModified":"2025-10-13T13:53:41+00:00","description":"Einhell TC-VC 18\/20 Li S SOLO vee- ja tolmuimeja on asendamatu abimees p\u00f5hjalike ja ulatuslike puhastust\u00f6\u00f6de tegemisel.","breadcrumb":{"@id":"https:\/\/espak.ee\/epood\/toode\/akutolmuimeja-einhell-tc-vc-18-20-solo\/#breadcrumb"},"inLanguage":"et","potentialAction":[{"@type":"ReadAction","target":["https:\/\/espak.ee\/epood\/toode\/akutolmuimeja-einhell-tc-vc-18-20-solo\/"]}]},{"@type":"ImageObject","inLanguage":"et","@id":"https:\/\/espak.ee\/epood\/toode\/akutolmuimeja-einhell-tc-vc-18-20-solo\/#primaryimage","url":"https:\/\/espak.ee\/epood\/wp-content\/uploads\/2347130_11039_001_TC_VC_18_20_Li_S_Solo_RAL3002_Pic.jpg","contentUrl":"https:\/\/espak.ee\/epood\/wp-content\/uploads\/2347130_11039_001_TC_VC_18_20_Li_S_Solo_RAL3002_Pic.jpg","width":1343,"height":1772},{"@type":"BreadcrumbList","@id":"https:\/\/espak.ee\/epood\/toode\/akutolmuimeja-einhell-tc-vc-18-20-solo\/#breadcrumb","itemListElement":[{"@type":"ListItem","position":1,"name":"Home","item":"https:\/\/espak.ee\/epood\/"},{"@type":"ListItem","position":2,"name":"Tootevalik","item":"https:\/\/espak.ee\/epood\/tootevalik\/"},{"@type":"ListItem","position":3,"name":"AKUTOLMUIMEJA EINHELL TC-VC 18\/20 SOLO"}]},{"@type":"WebSite","@id":"https:\/\/espak.ee\/epood\/#website","url":"https:\/\/espak.ee\/epood\/","name":"Espak E-pood","description":"","potentialAction":[{"@type":"SearchAction","target":{"@type":"EntryPoint","urlTemplate":"https:\/\/espak.ee\/epood\/?s={search_term_string}"},"query-input":{"@type":"PropertyValueSpecification","valueRequired":true,"valueName":"search_term_string"}}],"inLanguage":"et"}]}},"_links":{"self":[{"href":"https:\/\/espak.ee\/epood\/wp-json\/wp\/v2\/product\/21440","targetHints":{"allow":["GET"]}}],"collection":[{"href":"https:\/\/espak.ee\/epood\/wp-json\/wp\/v2\/product"}],"about":[{"href":"https:\/\/espak.ee\/epood\/wp-json\/wp\/v2\/types\/product"}],"replies":[{"embeddable":true,"href":"https:\/\/espak.ee\/epood\/wp-json\/wp\/v2\/comments?post=21440"}],"wp:featuredmedia":[{"embeddable":true,"href":"https:\/\/espak.ee\/epood\/wp-json\/wp\/v2\/media\/30627"}],"wp:attachment":[{"href":"https:\/\/espak.ee\/epood\/wp-json\/wp\/v2\/media?parent=21440"}],"wp:term":[{"taxonomy":"product_brand","embeddable":true,"href":"https:\/\/espak.ee\/epood\/wp-json\/wp\/v2\/product_brand?post=21440"},{"taxonomy":"product_cat","embeddable":true,"href":"https:\/\/espak.ee\/epood\/wp-json\/wp\/v2\/product_cat?post=21440"},{"taxonomy":"product_tag","embeddable":true,"href":"https:\/\/espak.ee\/epood\/wp-json\/wp\/v2\/product_tag?post=21440"}],"curies":[{"name":"wp","href":"https:\/\/api.w.org\/{rel}","templated":true}]}}