{"id":214355,"date":"2024-10-18T05:10:26","date_gmt":"2024-10-18T02:10:26","guid":{"rendered":"https:\/\/espak.ee\/epood\/?post_type=product&#038;p=214355"},"modified":"2026-03-21T10:10:52","modified_gmt":"2026-03-21T08:10:52","slug":"dekoratiivvarv-caparol-histolith-antik-lasur-5l","status":"publish","type":"product","link":"https:\/\/espak.ee\/epood\/toode\/dekoratiivvarv-caparol-histolith-antik-lasur-5l\/","title":{"rendered":"DEKORATIIVV\u00c4RV CAPAROL HISTOLITH ANTIK LASUR  5L"},"content":{"rendered":"<div class=\"row\"  id=\"row-1512513121\">\n\n\t<div id=\"col-1999898068\" class=\"col medium-9 small-12 large-9\"  >\n\t\t\t\t<div class=\"col-inner\"  >\n\t\t\t\n\t\t\t\n<h2>Dekoratiivne lasuurv\u00e4rv v\u00e4lis- ja siset\u00f6\u00f6deks Caparol Histolith Antik Lasur 5L<\/h2>\n<p>Histolith\u00aeAntik-Lasur on v\u00e4rvitu lasuurikontsentraat, mida kasutatakse dekoratiivsete lasuurv\u00e4rvikihtide kandmiseks ajalooliste hoonetele, j\u00e4rgides vanade v\u00e4rvkatete eeskuju.<\/p>\n<p>Sobib suurep\u00e4raselt ka looduskivide katmiseks struktuurihoidvate lasuurv\u00e4rvkatetega.<\/p>\n<div class=\"message-box relative\" style=\"padding-top:15px;padding-bottom:15px;\"><div class=\"message-box-bg-image bg-fill fill\" ><\/div><div class=\"message-box-bg-overlay bg-fill fill\" ><\/div><div class=\"container relative\"><div class=\"inner last-reset\">\n<div class=\"row align-middle align-center\"  id=\"row-1079124966\">\n\n\t<div id=\"col-9568052\" class=\"col small-12 large-12\"  >\n\t\t\t\t<div class=\"col-inner text-left\"  >\n\t\t\t\n\t\t\t\n<h4>Omadused<\/h4>\n<div class=\"row\"  id=\"row-61629106\">\n\n\t<div id=\"col-288690290\" class=\"col medium-6 small-12 large-6\"  >\n\t\t\t\t<div class=\"col-inner\"  >\n\t\t\t\n\t\t\t\n<p><i class=\"fa fa-check fa-2x\"><\/i> <strong> V\u00e4ga ilmastikukindel<\/strong><\/p>\n<p><i class=\"fa fa-check fa-2x\"><\/i> <strong> Vetth\u00fclgav, w-v\u00e4\u00e4rtus = 0,05 kg\/m2\u00d6h<\/strong><\/p>\n\t\t<\/div>\n\t\t\t\t\n<style>\n#col-288690290 > .col-inner {\n  margin: 0px 0px 15px 0px;\n}\n<\/style>\n\t<\/div>\n\n\t\n\n\t<div id=\"col-80377020\" class=\"col medium-6 small-12 large-6\"  >\n\t\t\t\t<div class=\"col-inner\"  >\n\t\t\t\n\t\t\t\n<p><i class=\"fa fa-check fa-2x\"><\/i> <strong> V\u00e4ga hea veeauru l\u00e4bilaskev\u00f5imega, Sd-v\u00e4\u00e4rtus < 0,01 m<\/strong><\/p>\n<p><i class=\"fa fa-check fa-2x\"><\/i> <strong> V\u00e4ga h\u00e4sti s\u00fcsinikdioksiidi l\u00e4bilaskev <\/strong><\/p>\n\t\t<\/div>\n\t\t\t\t\n<style>\n#col-80377020 > .col-inner {\n  margin: 0px 0px 15px 0px;\n}\n<\/style>\n\t<\/div>\n\n\t\n<\/div>\n\t\t<\/div>\n\t\t\t\t\t<\/div>\n\n\t\n<\/div>\n<\/div><\/div><\/div>\n\t<div id=\"gap-561371282\" class=\"gap-element clearfix\" style=\"display:block; height:auto;\">\n\t\t\n<style>\n#gap-561371282 {\n  padding-top: 30px;\n}\n<\/style>\n\t<\/div>\n\t\n<h3>Kasutamise \u00fcksikasjad<\/h3>\n<p><strong>Aluspind:<\/strong> Aluspind peab olema k\u00f5va, kandev, puhas, kuiv, pinnal ei tohi olla nakkumist takistavaid aineid. J\u00e4rgida ehitusteenuste t\u00f6\u00f6v\u00f5tu m\u00e4\u00e4ruse (VOB) C osa, standardi DIN 18 363 pt 3.<\/p>\n<p><strong>Kulu:<\/strong> Siledal aluspinnal ca 80-100 ml\/m2 kihi kohta. Karedatel pindadel on materjalikulu vastavalt suurem. T\u00e4pne materjalikulu teha kindlaks objektil proovikatmise k\u00e4igus.<\/p>\n\t\t<\/div>\n\t\t\t\t\t<\/div>\n\n\t\n\n\t<div id=\"col-668761836\" class=\"col medium-3 small-12 large-3\"  >\n\t\t\t\t<div class=\"col-inner\"  >\n\t\t\t\n\t\t\t\n\t<div id=\"gap-1456693000\" class=\"gap-element clearfix\" style=\"display:block; height:auto;\">\n\t\t\n<style>\n#gap-1456693000 {\n  padding-top: 30px;\n}\n<\/style>\n\t<\/div>\n\t\n<h3>Tehniline informatsioon<\/h3>\n<p><a href=\"https:\/\/espak.ee\/epood\/wp-content\/uploads\/2024\/10\/TI_Histolith_Antik_Lasur_EE.pdf\"target=\"_blank\" rel=\"noopener noreferrer\"><i class=\"far fa-file-pdf\"><\/i> Tehniline info (PDF)<\/a><\/p>\n<h3>Ohutuskaart<\/h3>\n<p><a href=\"https:\/\/espak.ee\/epood\/wp-content\/uploads\/2024\/10\/Histolith_AntikLasur_SDS_EE_1.0_et_EE.pdf\"target=\"_blank\" rel=\"noopener noreferrer\"><i class=\"far fa-file-pdf\"><\/i> Ohutuskaart (PDF)<\/a><\/p>\n<div class=\"is-divider divider clearfix\" ><\/div>\n<p><strong>\u00dcksikasjalikuma n\u00f5u saamiseks v\u00f5tke \u00fchendust:<br \/><\/strong>SIA DAW Baltica Eesti filiaal<br \/>L\u00e4ike tee 2\/1<br \/>75312<br \/>Peetri alevik, Rae vald<br \/>+372 6000690<\/p>\n<div class=\"is-divider divider clearfix\" ><\/div>\n\t\t<\/div>\n\t\t\t\t\t<\/div>\n\n\t\n<\/div>\n","protected":false},"excerpt":{"rendered":"","protected":false},"featured_media":214396,"comment_status":"closed","ping_status":"closed","template":"","meta":[],"product_brand":[],"product_cat":[2688,2685,2684,2683],"product_tag":[],"class_list":{"0":"post-214355","1":"product","2":"type-product","3":"status-publish","4":"has-post-thumbnail","6":"product_cat-kivipindade-varvid","7":"product_cat-varvid","8":"product_cat-varvid-lakid-lahustid-puidukaitsed-olid","9":"product_cat-viimistluskaubad","10":"product_shipping_class-dpd-cold","11":"pa_kaubamark-daw-baltica-sia","13":"first","14":"instock","15":"sale","16":"taxable","17":"shipping-taxable","18":"purchasable","19":"product-type-simple"},"yoast_head":"<!-- This site is optimized with the Yoast SEO plugin v26.9 - https:\/\/yoast.com\/product\/yoast-seo-wordpress\/ -->\n<title>DEKORATIIVV\u00c4RV CAPAROL HISTOLITH ANTIK LASUR 5L - Espak E-pood<\/title>\n<meta name=\"robots\" content=\"index, follow, max-snippet:-1, max-image-preview:large, max-video-preview:-1\" \/>\n<link rel=\"canonical\" href=\"https:\/\/espak.ee\/epood\/toode\/dekoratiivvarv-caparol-histolith-antik-lasur-5l\/\" \/>\n<meta property=\"og:locale\" content=\"et_EE\" \/>\n<meta property=\"og:type\" content=\"article\" \/>\n<meta property=\"og:title\" content=\"DEKORATIIVV\u00c4RV CAPAROL HISTOLITH ANTIK LASUR 5L - Espak E-pood\" \/>\n<meta property=\"og:url\" content=\"https:\/\/espak.ee\/epood\/toode\/dekoratiivvarv-caparol-histolith-antik-lasur-5l\/\" \/>\n<meta property=\"og:site_name\" content=\"Espak E-pood\" \/>\n<meta property=\"article:modified_time\" content=\"2026-03-21T08:10:52+00:00\" \/>\n<meta property=\"og:image\" content=\"https:\/\/espak.ee\/epood\/wp-content\/uploads\/2024\/10\/075152_Histolith_Antik-Lasur_5L_EE.jpg\" \/>\n\t<meta property=\"og:image:width\" content=\"1000\" \/>\n\t<meta property=\"og:image:height\" content=\"1000\" \/>\n\t<meta property=\"og:image:type\" content=\"image\/jpeg\" \/>\n<meta name=\"twitter:card\" content=\"summary_large_image\" \/>\n<meta name=\"twitter:label1\" content=\"Est. reading time\" \/>\n\t<meta name=\"twitter:data1\" content=\"1 minut\" \/>\n<script type=\"application\/ld+json\" class=\"yoast-schema-graph\">{\"@context\":\"https:\/\/schema.org\",\"@graph\":[{\"@type\":\"WebPage\",\"@id\":\"https:\/\/espak.ee\/epood\/toode\/dekoratiivvarv-caparol-histolith-antik-lasur-5l\/\",\"url\":\"https:\/\/espak.ee\/epood\/toode\/dekoratiivvarv-caparol-histolith-antik-lasur-5l\/\",\"name\":\"DEKORATIIVV\u00c4RV CAPAROL HISTOLITH ANTIK LASUR 5L - Espak E-pood\",\"isPartOf\":{\"@id\":\"https:\/\/espak.ee\/epood\/#website\"},\"primaryImageOfPage\":{\"@id\":\"https:\/\/espak.ee\/epood\/toode\/dekoratiivvarv-caparol-histolith-antik-lasur-5l\/#primaryimage\"},\"image\":{\"@id\":\"https:\/\/espak.ee\/epood\/toode\/dekoratiivvarv-caparol-histolith-antik-lasur-5l\/#primaryimage\"},\"thumbnailUrl\":\"https:\/\/espak.ee\/epood\/wp-content\/uploads\/2024\/10\/075152_Histolith_Antik-Lasur_5L_EE.jpg\",\"datePublished\":\"2024-10-18T02:10:26+00:00\",\"dateModified\":\"2026-03-21T08:10:52+00:00\",\"breadcrumb\":{\"@id\":\"https:\/\/espak.ee\/epood\/toode\/dekoratiivvarv-caparol-histolith-antik-lasur-5l\/#breadcrumb\"},\"inLanguage\":\"et\",\"potentialAction\":[{\"@type\":\"ReadAction\",\"target\":[\"https:\/\/espak.ee\/epood\/toode\/dekoratiivvarv-caparol-histolith-antik-lasur-5l\/\"]}]},{\"@type\":\"ImageObject\",\"inLanguage\":\"et\",\"@id\":\"https:\/\/espak.ee\/epood\/toode\/dekoratiivvarv-caparol-histolith-antik-lasur-5l\/#primaryimage\",\"url\":\"https:\/\/espak.ee\/epood\/wp-content\/uploads\/2024\/10\/075152_Histolith_Antik-Lasur_5L_EE.jpg\",\"contentUrl\":\"https:\/\/espak.ee\/epood\/wp-content\/uploads\/2024\/10\/075152_Histolith_Antik-Lasur_5L_EE.jpg\",\"width\":1000,\"height\":1000},{\"@type\":\"BreadcrumbList\",\"@id\":\"https:\/\/espak.ee\/epood\/toode\/dekoratiivvarv-caparol-histolith-antik-lasur-5l\/#breadcrumb\",\"itemListElement\":[{\"@type\":\"ListItem\",\"position\":1,\"name\":\"Home\",\"item\":\"https:\/\/espak.ee\/epood\/\"},{\"@type\":\"ListItem\",\"position\":2,\"name\":\"Tootevalik\",\"item\":\"https:\/\/espak.ee\/epood\/tootevalik\/\"},{\"@type\":\"ListItem\",\"position\":3,\"name\":\"DEKORATIIVV\u00c4RV CAPAROL HISTOLITH ANTIK LASUR 5L\"}]},{\"@type\":\"WebSite\",\"@id\":\"https:\/\/espak.ee\/epood\/#website\",\"url\":\"https:\/\/espak.ee\/epood\/\",\"name\":\"Espak E-pood\",\"description\":\"\",\"potentialAction\":[{\"@type\":\"SearchAction\",\"target\":{\"@type\":\"EntryPoint\",\"urlTemplate\":\"https:\/\/espak.ee\/epood\/?s={search_term_string}\"},\"query-input\":{\"@type\":\"PropertyValueSpecification\",\"valueRequired\":true,\"valueName\":\"search_term_string\"}}],\"inLanguage\":\"et\"}]}<\/script>\n<!-- \/ Yoast SEO plugin. -->","yoast_head_json":{"title":"DEKORATIIVV\u00c4RV CAPAROL HISTOLITH ANTIK LASUR 5L - Espak E-pood","robots":{"index":"index","follow":"follow","max-snippet":"max-snippet:-1","max-image-preview":"max-image-preview:large","max-video-preview":"max-video-preview:-1"},"canonical":"https:\/\/espak.ee\/epood\/toode\/dekoratiivvarv-caparol-histolith-antik-lasur-5l\/","og_locale":"et_EE","og_type":"article","og_title":"DEKORATIIVV\u00c4RV CAPAROL HISTOLITH ANTIK LASUR 5L - Espak E-pood","og_url":"https:\/\/espak.ee\/epood\/toode\/dekoratiivvarv-caparol-histolith-antik-lasur-5l\/","og_site_name":"Espak E-pood","article_modified_time":"2026-03-21T08:10:52+00:00","og_image":[{"width":1000,"height":1000,"url":"https:\/\/espak.ee\/epood\/wp-content\/uploads\/2024\/10\/075152_Histolith_Antik-Lasur_5L_EE.jpg","type":"image\/jpeg"}],"twitter_card":"summary_large_image","twitter_misc":{"Est. reading time":"1 minut"},"schema":{"@context":"https:\/\/schema.org","@graph":[{"@type":"WebPage","@id":"https:\/\/espak.ee\/epood\/toode\/dekoratiivvarv-caparol-histolith-antik-lasur-5l\/","url":"https:\/\/espak.ee\/epood\/toode\/dekoratiivvarv-caparol-histolith-antik-lasur-5l\/","name":"DEKORATIIVV\u00c4RV CAPAROL HISTOLITH ANTIK LASUR 5L - Espak E-pood","isPartOf":{"@id":"https:\/\/espak.ee\/epood\/#website"},"primaryImageOfPage":{"@id":"https:\/\/espak.ee\/epood\/toode\/dekoratiivvarv-caparol-histolith-antik-lasur-5l\/#primaryimage"},"image":{"@id":"https:\/\/espak.ee\/epood\/toode\/dekoratiivvarv-caparol-histolith-antik-lasur-5l\/#primaryimage"},"thumbnailUrl":"https:\/\/espak.ee\/epood\/wp-content\/uploads\/2024\/10\/075152_Histolith_Antik-Lasur_5L_EE.jpg","datePublished":"2024-10-18T02:10:26+00:00","dateModified":"2026-03-21T08:10:52+00:00","breadcrumb":{"@id":"https:\/\/espak.ee\/epood\/toode\/dekoratiivvarv-caparol-histolith-antik-lasur-5l\/#breadcrumb"},"inLanguage":"et","potentialAction":[{"@type":"ReadAction","target":["https:\/\/espak.ee\/epood\/toode\/dekoratiivvarv-caparol-histolith-antik-lasur-5l\/"]}]},{"@type":"ImageObject","inLanguage":"et","@id":"https:\/\/espak.ee\/epood\/toode\/dekoratiivvarv-caparol-histolith-antik-lasur-5l\/#primaryimage","url":"https:\/\/espak.ee\/epood\/wp-content\/uploads\/2024\/10\/075152_Histolith_Antik-Lasur_5L_EE.jpg","contentUrl":"https:\/\/espak.ee\/epood\/wp-content\/uploads\/2024\/10\/075152_Histolith_Antik-Lasur_5L_EE.jpg","width":1000,"height":1000},{"@type":"BreadcrumbList","@id":"https:\/\/espak.ee\/epood\/toode\/dekoratiivvarv-caparol-histolith-antik-lasur-5l\/#breadcrumb","itemListElement":[{"@type":"ListItem","position":1,"name":"Home","item":"https:\/\/espak.ee\/epood\/"},{"@type":"ListItem","position":2,"name":"Tootevalik","item":"https:\/\/espak.ee\/epood\/tootevalik\/"},{"@type":"ListItem","position":3,"name":"DEKORATIIVV\u00c4RV CAPAROL HISTOLITH ANTIK LASUR 5L"}]},{"@type":"WebSite","@id":"https:\/\/espak.ee\/epood\/#website","url":"https:\/\/espak.ee\/epood\/","name":"Espak E-pood","description":"","potentialAction":[{"@type":"SearchAction","target":{"@type":"EntryPoint","urlTemplate":"https:\/\/espak.ee\/epood\/?s={search_term_string}"},"query-input":{"@type":"PropertyValueSpecification","valueRequired":true,"valueName":"search_term_string"}}],"inLanguage":"et"}]}},"_links":{"self":[{"href":"https:\/\/espak.ee\/epood\/wp-json\/wp\/v2\/product\/214355","targetHints":{"allow":["GET"]}}],"collection":[{"href":"https:\/\/espak.ee\/epood\/wp-json\/wp\/v2\/product"}],"about":[{"href":"https:\/\/espak.ee\/epood\/wp-json\/wp\/v2\/types\/product"}],"replies":[{"embeddable":true,"href":"https:\/\/espak.ee\/epood\/wp-json\/wp\/v2\/comments?post=214355"}],"wp:featuredmedia":[{"embeddable":true,"href":"https:\/\/espak.ee\/epood\/wp-json\/wp\/v2\/media\/214396"}],"wp:attachment":[{"href":"https:\/\/espak.ee\/epood\/wp-json\/wp\/v2\/media?parent=214355"}],"wp:term":[{"taxonomy":"product_brand","embeddable":true,"href":"https:\/\/espak.ee\/epood\/wp-json\/wp\/v2\/product_brand?post=214355"},{"taxonomy":"product_cat","embeddable":true,"href":"https:\/\/espak.ee\/epood\/wp-json\/wp\/v2\/product_cat?post=214355"},{"taxonomy":"product_tag","embeddable":true,"href":"https:\/\/espak.ee\/epood\/wp-json\/wp\/v2\/product_tag?post=214355"}],"curies":[{"name":"wp","href":"https:\/\/api.w.org\/{rel}","templated":true}]}}