{"id":21434,"date":"2020-04-18T04:16:20","date_gmt":"2020-04-18T01:16:20","guid":{"rendered":"https:\/\/espak.ee\/hinnakiri\/?post_type=product&#038;p=21434"},"modified":"2025-05-15T12:49:40","modified_gmt":"2025-05-15T09:49:40","slug":"vee-ja-tolmuimeja-einhell-tc-vc-1812s","status":"publish","type":"product","link":"https:\/\/espak.ee\/epood\/toode\/vee-ja-tolmuimeja-einhell-tc-vc-1812s\/","title":{"rendered":"VEE- JA TOLMUIMEJA EINHELL TC-VC 1812S"},"content":{"rendered":"<div class=\"row\"  id=\"row-2027660301\">\n\n\t<div id=\"col-1950059303\" class=\"col medium-9 small-12 large-9\"  >\n\t\t\t\t<div class=\"col-inner\"  >\n\t\t\t\n\t\t\t\n<div class=\"message-box relative\" style=\"padding-top:15px;padding-bottom:15px;\"><div class=\"message-box-bg-image bg-fill fill\" ><\/div><div class=\"message-box-bg-overlay bg-fill fill\" ><\/div><div class=\"container relative\"><div class=\"inner last-reset\">\n<div class=\"row align-middle align-center\"  id=\"row-1140403524\">\n\n\t<div id=\"col-268364717\" class=\"col small-12 large-12\"  >\n\t\t\t\t<div class=\"col-inner text-left\"  >\n\t\t\t\n\t\t\t\n<h4>Omadused<\/h4>\n<div class=\"row\"  id=\"row-1835542624\">\n\n\t<div id=\"col-862545045\" class=\"col medium-6 small-12 large-6\"  >\n\t\t\t\t<div class=\"col-inner\"  >\n\t\t\t\n\t\t\t\n<p><i class=\"far fa-check-circle fa-2x\"><\/i><strong>\u00a0Roostevabast terasest 12\u00a0l mahuti<\/strong><\/p>\n<p><i class=\"far fa-check-circle fa-2x\"><\/i><strong> 4 suunda muutvat tugiratast paremaks liikuvuseks\u00a0<\/strong><\/p>\n<p><i class=\"far fa-check-circle fa-2x\"><\/i><strong> Otstarbekas kaablihoidik korralikuks hoidmiseks <\/strong><\/p>\n<p><i class=\"far fa-check-circle fa-2x\"><\/i><strong> 1 imivoolik l\u00e4bim\u00f5\u00f5duga 36\u00a0mm, pikkus 1,5\u00a0m\u00a0<\/strong><\/p>\n<p><i class=\"far fa-check-circle fa-2x\"><\/i><strong> Kaasas lai \u00fcldotsak vaipade ja siledate p\u00f5randate jaoks ning praootsak\u00a0<\/strong><\/p>\n<p><i class=\"far fa-check-circle fa-2x\"><\/i><strong> 1 vahtfilter vee imemiseks ja 1 paberkott\u00a0<\/strong><\/p>\n\t\t<\/div>\n\t\t\t\t\n<style>\n#col-862545045 > .col-inner {\n  margin: 0px 0px 15px 0px;\n}\n<\/style>\n\t<\/div>\n\n\t\n\n\t<div id=\"col-857095010\" class=\"col medium-6 small-12 large-6\"  >\n\t\t\t\t<div class=\"col-inner\"  >\n\t\t\t\n\t\t\t\n<p><i class=\"far fa-check-circle fa-2x\"><\/i><strong> Puhumisliitmik <\/strong><\/p>\n<p><i class=\"far fa-check-circle fa-2x\"><\/i><strong> K\u00e4ep\u00e4rane tarvikuhoidik puhtana hoidmiseks ja t\u00f6\u00f6tamiseks\u00a0<\/strong><\/p>\n<p><i class=\"far fa-check-circle fa-2x\"><\/i><strong> 3-osaline plastist imitoru, l\u00e4bim\u00f5\u00f5t 36\u00a0mm\u00a0<\/strong><\/p>\n<p><i class=\"far fa-check-circle fa-2x\"><\/i><strong> 1 imivoolik l\u00e4bim\u00f5\u00f5duga 36\u00a0mm, pikkus 1,5\u00a0m\u00a0<\/strong><\/p>\n<p><i class=\"far fa-check-circle fa-2x\"><\/i><strong> V\u00e4iksem \u00f5hu turbulentsus t\u00e4nu nutikatele pistikliitmikele\u00a0<\/strong><\/p>\n\t\t<\/div>\n\t\t\t\t\n<style>\n#col-857095010 > .col-inner {\n  margin: 0px 0px 15px 0px;\n}\n<\/style>\n\t<\/div>\n\n\t\n<\/div>\n\t\t<\/div>\n\t\t\t\t\t<\/div>\n\n\t\n<\/div>\n<\/div><\/div><\/div>\n\t<div id=\"gap-1502974536\" class=\"gap-element clearfix\" style=\"display:block; height:auto;\">\n\t\t\n<style>\n#gap-1502974536 {\n  padding-top: 30px;\n}\n<\/style>\n\t<\/div>\n\t\n<h2>Tootekirjeldus<\/h2>\n<p> Vee- ja tolmuimeja TC-VC 1812 S on paindlik ja suure imemisv\u00f5imega \u00fcldotstarbeline tolmuimeja lihtsaks m\u00e4rg- v\u00f5i kuivpuhastuseks, mis peaks olema igas majapidamises. Roostevabast terasest 12\u00a0l pr\u00fcgimahutit on lihtne puhastada ja sellesse saab ilma j\u00e4\u00e4tmeteta koguda j\u00e4medat, peent, kuiva ja m\u00e4rga prahti v\u00f5i isegi vedelikke. Tugeva 1250\u00a0W mootori abil on v\u00f5imalik saavutada lisaks heale imemisj\u00f5udlusele ka piisav r\u00f5hk raskesti juurdep\u00e4\u00e4setavate kohtade puhtaks puhumiseks. Tugev prahikott hoiab isegi peentolmu usaldusv\u00e4\u00e4rselt s\u00fcsteemis ja muudab tolmu imemise puhtaks tegevuseks. M\u00e4rgpuhastuse ajal kaitstakse mootorit saastumise eest vahtfiltriga. Tolmuimejal TC-VC 1812 S on v\u00e4ikese liitmikuga 36\u00a0mm voolikus\u00fcsteem, mis koosneb imivoolikust, kolmest pikendustorust ja adapterist. Tarnitud suurt kombineeritud sisendiga imemisotsakut saab kasutada samav\u00e4\u00e4rselt vaipade ja sileda p\u00f5randa puhastamiseks, praootsakut kasutatakse aga v\u00e4ikeste nurkade ja alade p\u00f5hjalikuks puhastamiseks. T\u00e4nu k\u00e4ep\u00e4rastele tarvikuhoidikutele saab k\u00f5iki osi kiiresti ja korralikult seadmele hoiule panna, samuti saab elektrikaabli p\u00e4rast t\u00f6\u00f6d kenasti kaablihoidikule kokku kerida. Kindel k\u00e4epide ja neli sujuvalt veerevat suunda muutvat tugiratast tagavad parima liikuvuse. <\/p>\n\t<div id=\"gap-1917603248\" class=\"gap-element clearfix\" style=\"display:block; height:auto;\">\n\t\t\n<style>\n#gap-1917603248 {\n  padding-top: 30px;\n}\n<\/style>\n\t<\/div>\n\t\n\t\t<\/div>\n\t\t\t\t\t<\/div>\n\n\t\n\n\t<div id=\"col-768780348\" class=\"col medium-3 small-12 large-3\"  >\n\t\t\t\t<div class=\"col-inner\"  >\n\t\t\t\n\t\t\t\n\t<div id=\"gap-687807781\" class=\"gap-element clearfix\" style=\"display:block; height:auto;\">\n\t\t\n<style>\n#gap-687807781 {\n  padding-top: 30px;\n}\n<\/style>\n\t<\/div>\n\t\n<h3>Kasutusjuhend<\/h3>\n<p><a href=\"https:\/\/espak.ee\/epood\/wp-content\/uploads\/Tolmuimeja-Einhell-TC-VC-1812-S-2342370.pdf\" target=\"_blank\" rel=\"noopener noreferrer\"><i class=\"far fa-file-pdf\"><\/i> Kasutusjuhend (PDF)<\/a><\/p>\n<div class=\"is-divider divider clearfix\" ><\/div>\n<p><strong>\u00dcksikasjalikuma n\u00f5u saamiseks v\u00f5tke \u00fchendust:<br \/><\/strong>Espak AS<br \/>Viadukti 42<br \/>11313<br \/>Tallinn<br \/>+372 6 512333<\/p>\n\t\t<\/div>\n\t\t\t\t\t<\/div>\n\n\t\n<\/div>\n","protected":false},"excerpt":{"rendered":"","protected":false},"featured_media":30607,"comment_status":"closed","ping_status":"open","template":"","meta":[],"product_brand":[],"product_cat":[2680,2785,2679,2787],"product_tag":[],"class_list":{"0":"post-21434","1":"product","2":"type-product","3":"status-publish","4":"has-post-thumbnail","6":"product_cat-elektritooriistad","7":"product_cat-koristusseadmed","8":"product_cat-tooriistad","9":"product_cat-vee-ja-tolmuimejad","10":"pa_kaubamark-einhell","12":"first","13":"instock","14":"sale","15":"taxable","16":"shipping-taxable","17":"purchasable","18":"product-type-simple"},"yoast_head":"<!-- This site is optimized with the Yoast SEO plugin v26.9 - https:\/\/yoast.com\/product\/yoast-seo-wordpress\/ -->\n<title>VEE- JA TOLMUIMEJA EINHELL TC-VC 1812S - Espak E-pood<\/title>\n<meta name=\"description\" content=\"Vee- ja tolmuimeja TC-VC 1812 S on paindlik ja suure imemisv\u00f5imega \u00fcldotstarbeline tolmuimeja lihtsaks m\u00e4rg- v\u00f5i kuivpuhastuseks, mis peaks olema igas majapidamises.\" \/>\n<meta name=\"robots\" content=\"index, follow, max-snippet:-1, max-image-preview:large, max-video-preview:-1\" \/>\n<link rel=\"canonical\" href=\"https:\/\/espak.ee\/epood\/toode\/vee-ja-tolmuimeja-einhell-tc-vc-1812s\/\" \/>\n<meta property=\"og:locale\" content=\"et_EE\" \/>\n<meta property=\"og:type\" content=\"article\" \/>\n<meta property=\"og:title\" content=\"VEE- JA TOLMUIMEJA EINHELL TC-VC 1812S - Espak E-pood\" \/>\n<meta property=\"og:description\" content=\"Vee- ja tolmuimeja TC-VC 1812 S on paindlik ja suure imemisv\u00f5imega \u00fcldotstarbeline tolmuimeja lihtsaks m\u00e4rg- v\u00f5i kuivpuhastuseks, mis peaks olema igas majapidamises.\" \/>\n<meta property=\"og:url\" content=\"https:\/\/espak.ee\/epood\/toode\/vee-ja-tolmuimeja-einhell-tc-vc-1812s\/\" \/>\n<meta property=\"og:site_name\" content=\"Espak E-pood\" \/>\n<meta property=\"article:modified_time\" content=\"2025-05-15T09:49:40+00:00\" \/>\n<meta property=\"og:image\" content=\"https:\/\/espak.ee\/epood\/wp-content\/uploads\/2342370_11014_001_TC-VC_1812_S_RAL3002_Pic-904x1024.jpg\" \/>\n\t<meta property=\"og:image:width\" content=\"904\" \/>\n\t<meta property=\"og:image:height\" content=\"1024\" \/>\n\t<meta property=\"og:image:type\" content=\"image\/jpeg\" \/>\n<meta name=\"twitter:card\" content=\"summary_large_image\" \/>\n<meta name=\"twitter:label1\" content=\"Est. reading time\" \/>\n\t<meta name=\"twitter:data1\" content=\"2 minutit\" \/>\n<script type=\"application\/ld+json\" class=\"yoast-schema-graph\">{\"@context\":\"https:\/\/schema.org\",\"@graph\":[{\"@type\":\"WebPage\",\"@id\":\"https:\/\/espak.ee\/epood\/toode\/vee-ja-tolmuimeja-einhell-tc-vc-1812s\/\",\"url\":\"https:\/\/espak.ee\/epood\/toode\/vee-ja-tolmuimeja-einhell-tc-vc-1812s\/\",\"name\":\"VEE- JA TOLMUIMEJA EINHELL TC-VC 1812S - Espak E-pood\",\"isPartOf\":{\"@id\":\"https:\/\/espak.ee\/epood\/#website\"},\"primaryImageOfPage\":{\"@id\":\"https:\/\/espak.ee\/epood\/toode\/vee-ja-tolmuimeja-einhell-tc-vc-1812s\/#primaryimage\"},\"image\":{\"@id\":\"https:\/\/espak.ee\/epood\/toode\/vee-ja-tolmuimeja-einhell-tc-vc-1812s\/#primaryimage\"},\"thumbnailUrl\":\"https:\/\/espak.ee\/epood\/wp-content\/uploads\/2342370_11014_001_TC-VC_1812_S_RAL3002_Pic.jpg\",\"datePublished\":\"2020-04-18T01:16:20+00:00\",\"dateModified\":\"2025-05-15T09:49:40+00:00\",\"description\":\"Vee- ja tolmuimeja TC-VC 1812 S on paindlik ja suure imemisv\u00f5imega \u00fcldotstarbeline tolmuimeja lihtsaks m\u00e4rg- v\u00f5i kuivpuhastuseks, mis peaks olema igas majapidamises.\",\"breadcrumb\":{\"@id\":\"https:\/\/espak.ee\/epood\/toode\/vee-ja-tolmuimeja-einhell-tc-vc-1812s\/#breadcrumb\"},\"inLanguage\":\"et\",\"potentialAction\":[{\"@type\":\"ReadAction\",\"target\":[\"https:\/\/espak.ee\/epood\/toode\/vee-ja-tolmuimeja-einhell-tc-vc-1812s\/\"]}]},{\"@type\":\"ImageObject\",\"inLanguage\":\"et\",\"@id\":\"https:\/\/espak.ee\/epood\/toode\/vee-ja-tolmuimeja-einhell-tc-vc-1812s\/#primaryimage\",\"url\":\"https:\/\/espak.ee\/epood\/wp-content\/uploads\/2342370_11014_001_TC-VC_1812_S_RAL3002_Pic.jpg\",\"contentUrl\":\"https:\/\/espak.ee\/epood\/wp-content\/uploads\/2342370_11014_001_TC-VC_1812_S_RAL3002_Pic.jpg\",\"width\":1564,\"height\":1772},{\"@type\":\"BreadcrumbList\",\"@id\":\"https:\/\/espak.ee\/epood\/toode\/vee-ja-tolmuimeja-einhell-tc-vc-1812s\/#breadcrumb\",\"itemListElement\":[{\"@type\":\"ListItem\",\"position\":1,\"name\":\"Home\",\"item\":\"https:\/\/espak.ee\/epood\/\"},{\"@type\":\"ListItem\",\"position\":2,\"name\":\"Tootevalik\",\"item\":\"https:\/\/espak.ee\/epood\/tootevalik\/\"},{\"@type\":\"ListItem\",\"position\":3,\"name\":\"VEE- JA TOLMUIMEJA EINHELL TC-VC 1812S\"}]},{\"@type\":\"WebSite\",\"@id\":\"https:\/\/espak.ee\/epood\/#website\",\"url\":\"https:\/\/espak.ee\/epood\/\",\"name\":\"Espak E-pood\",\"description\":\"\",\"potentialAction\":[{\"@type\":\"SearchAction\",\"target\":{\"@type\":\"EntryPoint\",\"urlTemplate\":\"https:\/\/espak.ee\/epood\/?s={search_term_string}\"},\"query-input\":{\"@type\":\"PropertyValueSpecification\",\"valueRequired\":true,\"valueName\":\"search_term_string\"}}],\"inLanguage\":\"et\"}]}<\/script>\n<!-- \/ Yoast SEO plugin. -->","yoast_head_json":{"title":"VEE- JA TOLMUIMEJA EINHELL TC-VC 1812S - Espak E-pood","description":"Vee- ja tolmuimeja TC-VC 1812 S on paindlik ja suure imemisv\u00f5imega \u00fcldotstarbeline tolmuimeja lihtsaks m\u00e4rg- v\u00f5i kuivpuhastuseks, mis peaks olema igas majapidamises.","robots":{"index":"index","follow":"follow","max-snippet":"max-snippet:-1","max-image-preview":"max-image-preview:large","max-video-preview":"max-video-preview:-1"},"canonical":"https:\/\/espak.ee\/epood\/toode\/vee-ja-tolmuimeja-einhell-tc-vc-1812s\/","og_locale":"et_EE","og_type":"article","og_title":"VEE- JA TOLMUIMEJA EINHELL TC-VC 1812S - Espak E-pood","og_description":"Vee- ja tolmuimeja TC-VC 1812 S on paindlik ja suure imemisv\u00f5imega \u00fcldotstarbeline tolmuimeja lihtsaks m\u00e4rg- v\u00f5i kuivpuhastuseks, mis peaks olema igas majapidamises.","og_url":"https:\/\/espak.ee\/epood\/toode\/vee-ja-tolmuimeja-einhell-tc-vc-1812s\/","og_site_name":"Espak E-pood","article_modified_time":"2025-05-15T09:49:40+00:00","og_image":[{"width":904,"height":1024,"url":"https:\/\/espak.ee\/epood\/wp-content\/uploads\/2342370_11014_001_TC-VC_1812_S_RAL3002_Pic-904x1024.jpg","type":"image\/jpeg"}],"twitter_card":"summary_large_image","twitter_misc":{"Est. reading time":"2 minutit"},"schema":{"@context":"https:\/\/schema.org","@graph":[{"@type":"WebPage","@id":"https:\/\/espak.ee\/epood\/toode\/vee-ja-tolmuimeja-einhell-tc-vc-1812s\/","url":"https:\/\/espak.ee\/epood\/toode\/vee-ja-tolmuimeja-einhell-tc-vc-1812s\/","name":"VEE- JA TOLMUIMEJA EINHELL TC-VC 1812S - Espak E-pood","isPartOf":{"@id":"https:\/\/espak.ee\/epood\/#website"},"primaryImageOfPage":{"@id":"https:\/\/espak.ee\/epood\/toode\/vee-ja-tolmuimeja-einhell-tc-vc-1812s\/#primaryimage"},"image":{"@id":"https:\/\/espak.ee\/epood\/toode\/vee-ja-tolmuimeja-einhell-tc-vc-1812s\/#primaryimage"},"thumbnailUrl":"https:\/\/espak.ee\/epood\/wp-content\/uploads\/2342370_11014_001_TC-VC_1812_S_RAL3002_Pic.jpg","datePublished":"2020-04-18T01:16:20+00:00","dateModified":"2025-05-15T09:49:40+00:00","description":"Vee- ja tolmuimeja TC-VC 1812 S on paindlik ja suure imemisv\u00f5imega \u00fcldotstarbeline tolmuimeja lihtsaks m\u00e4rg- v\u00f5i kuivpuhastuseks, mis peaks olema igas majapidamises.","breadcrumb":{"@id":"https:\/\/espak.ee\/epood\/toode\/vee-ja-tolmuimeja-einhell-tc-vc-1812s\/#breadcrumb"},"inLanguage":"et","potentialAction":[{"@type":"ReadAction","target":["https:\/\/espak.ee\/epood\/toode\/vee-ja-tolmuimeja-einhell-tc-vc-1812s\/"]}]},{"@type":"ImageObject","inLanguage":"et","@id":"https:\/\/espak.ee\/epood\/toode\/vee-ja-tolmuimeja-einhell-tc-vc-1812s\/#primaryimage","url":"https:\/\/espak.ee\/epood\/wp-content\/uploads\/2342370_11014_001_TC-VC_1812_S_RAL3002_Pic.jpg","contentUrl":"https:\/\/espak.ee\/epood\/wp-content\/uploads\/2342370_11014_001_TC-VC_1812_S_RAL3002_Pic.jpg","width":1564,"height":1772},{"@type":"BreadcrumbList","@id":"https:\/\/espak.ee\/epood\/toode\/vee-ja-tolmuimeja-einhell-tc-vc-1812s\/#breadcrumb","itemListElement":[{"@type":"ListItem","position":1,"name":"Home","item":"https:\/\/espak.ee\/epood\/"},{"@type":"ListItem","position":2,"name":"Tootevalik","item":"https:\/\/espak.ee\/epood\/tootevalik\/"},{"@type":"ListItem","position":3,"name":"VEE- JA TOLMUIMEJA EINHELL TC-VC 1812S"}]},{"@type":"WebSite","@id":"https:\/\/espak.ee\/epood\/#website","url":"https:\/\/espak.ee\/epood\/","name":"Espak E-pood","description":"","potentialAction":[{"@type":"SearchAction","target":{"@type":"EntryPoint","urlTemplate":"https:\/\/espak.ee\/epood\/?s={search_term_string}"},"query-input":{"@type":"PropertyValueSpecification","valueRequired":true,"valueName":"search_term_string"}}],"inLanguage":"et"}]}},"_links":{"self":[{"href":"https:\/\/espak.ee\/epood\/wp-json\/wp\/v2\/product\/21434","targetHints":{"allow":["GET"]}}],"collection":[{"href":"https:\/\/espak.ee\/epood\/wp-json\/wp\/v2\/product"}],"about":[{"href":"https:\/\/espak.ee\/epood\/wp-json\/wp\/v2\/types\/product"}],"replies":[{"embeddable":true,"href":"https:\/\/espak.ee\/epood\/wp-json\/wp\/v2\/comments?post=21434"}],"wp:featuredmedia":[{"embeddable":true,"href":"https:\/\/espak.ee\/epood\/wp-json\/wp\/v2\/media\/30607"}],"wp:attachment":[{"href":"https:\/\/espak.ee\/epood\/wp-json\/wp\/v2\/media?parent=21434"}],"wp:term":[{"taxonomy":"product_brand","embeddable":true,"href":"https:\/\/espak.ee\/epood\/wp-json\/wp\/v2\/product_brand?post=21434"},{"taxonomy":"product_cat","embeddable":true,"href":"https:\/\/espak.ee\/epood\/wp-json\/wp\/v2\/product_cat?post=21434"},{"taxonomy":"product_tag","embeddable":true,"href":"https:\/\/espak.ee\/epood\/wp-json\/wp\/v2\/product_tag?post=21434"}],"curies":[{"name":"wp","href":"https:\/\/api.w.org\/{rel}","templated":true}]}}