{"id":214334,"date":"2024-10-18T05:10:02","date_gmt":"2024-10-18T02:10:02","guid":{"rendered":"https:\/\/espak.ee\/epood\/?post_type=product&#038;p=214334"},"modified":"2024-10-18T13:09:58","modified_gmt":"2024-10-18T10:09:58","slug":"struktuurkrohv-caparol-thermosan-fassadenputz-nqg-k15-20kg-2","status":"publish","type":"product","link":"https:\/\/espak.ee\/epood\/toode\/struktuurkrohv-caparol-thermosan-fassadenputz-nqg-k15-20kg-2\/","title":{"rendered":"STRUKTUURKROHV CAPAROL THERMOSAN FASSADENPUTZ NQG K15 20KG"},"content":{"rendered":"<div class=\"row\"  id=\"row-70216908\">\n\n\t<div id=\"col-1542511199\" class=\"col medium-9 small-12 large-9\"  >\n\t\t\t\t<div class=\"col-inner\"  >\n\t\t\t\n\t\t\t\n<h2>Caparol ThermoSan Fassadenputz NQG K15 20kg<\/h2>\n<p>Kasutusvalmis struktureeritav nanokvarts osakestega struktuurkrohv.<br \/>\nKasutatav viimistluskihina:<\/p>\n<p>&#8211; Capatect SILS \u201eA&#8221; ja \u201eB&#8221; s\u00fcsteemides;<br \/>\n&#8211; Capatect SILS OrCa s\u00fcsteemis;<br \/>\n&#8211; Capatect-VHF-s\u00fcsteemis;<br \/>\n&#8211; viimistlemata betoonil;<br \/>\n&#8211; aluskrohvidel ehitussegude r\u00fchmadest P II ja P III, vastavalt standardile DIN 18 550;<br \/>\n&#8211; mattidel hea kandev\u00f5imega dispersioonv\u00e4rvidega pinnakatetel;<br \/>\n&#8211; hea kandev\u00f5imega silikaatviimistlustel.<\/p>\n<p>Ei sobi kasutamiseks soolaeraldistega aluspindadel ega plastist v\u00f5i puidust aluspindadel.<\/p>\n<div class=\"message-box relative\" style=\"padding-top:15px;padding-bottom:15px;\"><div class=\"message-box-bg-image bg-fill fill\" ><\/div><div class=\"message-box-bg-overlay bg-fill fill\" ><\/div><div class=\"container relative\"><div class=\"inner last-reset\">\n<div class=\"row align-middle align-center\"  id=\"row-1999653288\">\n\n\t<div id=\"col-724967515\" class=\"col small-12 large-12\"  >\n\t\t\t\t<div class=\"col-inner text-left\"  >\n\t\t\t\n\t\t\t\n<h4>Omadused<\/h4>\n<div class=\"row\"  id=\"row-1345613794\">\n\n\t<div id=\"col-267717286\" class=\"col medium-6 small-12 large-6\"  >\n\t\t\t\t<div class=\"col-inner\"  >\n\t\t\t\n\t\t\t\n<p><i class=\"fa fa-check fa-2x\"><\/i> <strong> V\u00e4ike kulu<\/strong><\/p>\n<p><i class=\"fa fa-check fa-2x\"><\/i> <strong> K\u00f5rge v\u00e4rvitoonikindlus<\/strong><\/p>\n\t\t<\/div>\n\t\t\t\t\n<style>\n#col-267717286 > .col-inner {\n  margin: 0px 0px 15px 0px;\n}\n<\/style>\n\t<\/div>\n\n\t\n\n\t<div id=\"col-540103299\" class=\"col medium-6 small-12 large-6\"  >\n\t\t\t\t<div class=\"col-inner\"  >\n\t\t\t\n\t\t\t\n<p><i class=\"fa fa-check fa-2x\"><\/i> <strong> Keskkonnas\u00e4\u00e4stlik, v\u00e4hese l\u00f5hnaga<\/strong><\/p>\n<p><i class=\"fa fa-check fa-2x\"><\/i> <strong> ThermoSan-Fassadenputz NQG sisaldab spetsiaalseid toimeaineid, mis takistavad seente ja vetikate arengut fassaadidel<\/strong><\/p>\n\t\t<\/div>\n\t\t\t\t\n<style>\n#col-540103299 > .col-inner {\n  margin: 0px 0px 15px 0px;\n}\n<\/style>\n\t<\/div>\n\n\t\n<\/div>\n\t\t<\/div>\n\t\t\t\t\t<\/div>\n\n\t\n<\/div>\n<\/div><\/div><\/div>\n\t<div id=\"gap-1654163768\" class=\"gap-element clearfix\" style=\"display:block; height:auto;\">\n\t\t\n<style>\n#gap-1654163768 {\n  padding-top: 30px;\n}\n<\/style>\n\t<\/div>\n\t\n<h3>Kasutamise \u00fcksikasjad<\/h3>\n<p><strong>Aluspind:<\/strong> Aluspind peab olema \u00fchtlane, puhas, kuiv, tugev, kandev ja vaba nakkumist takistavatest ainetest. Kinni tuleb pidada ehitusteenuste t\u00f6\u00f6v\u00f5tu m\u00e4\u00e4rusest (VOB), C-osa, standard DIN 18 363, l\u00f5ik 3. Halva kandev\u00f5imega email-, dispersioonv\u00e4rv-v\u00f5i kunstvaikkrohv-pinnakatted ning halva kandev\u00f5imega mineraalv\u00e4rvkatted tuleb t\u00e4ielikult eemaldada. Kinniolevad v\u00e4rvkatted puhastada kuivalt v\u00f5i m\u00e4rjalt. Hallituse, sambla v\u00f5i vetikatega kaetud pinnad puhastada survepesuga seadusega kehtestatud eeskirju j\u00e4rgides. Pinnad pesta mikrobiotsiidlahusega Capatox ja lasta seej\u00e4rel h\u00e4sti kuivada. T\u00f6\u00f6stuslike heitgaaside ja tahmaga m\u00e4\u00e4rdunud pinnad puhastada survepesuga sobivaid puhastusvahendeid kasutades ja seadusega kehtestatud eeskirju j\u00e4rgides.\n<\/p>\n<p><strong>T\u00f6\u00f6tlemistingimused: <\/strong>Krohvi pealekandmise ja kuivamise ajal ei tohi \u00f5hu ja aluspinna temperatuur langeda alla +5 \u00baC ega t\u00f5usta \u00fcle +30 \u00baC. Mitte kanda materjali pinnale otsese p\u00e4ikesekiirguse, tugeva tuule, udu v\u00f5i k\u00f5rge \u00f5huniiskuse korral.<\/p>\n\t\t<\/div>\n\t\t\t\t\t<\/div>\n\n\t\n\n\t<div id=\"col-1015543253\" class=\"col medium-3 small-12 large-3\"  >\n\t\t\t\t<div class=\"col-inner\"  >\n\t\t\t\n\t\t\t\n\t<div id=\"gap-977857708\" class=\"gap-element clearfix\" style=\"display:block; height:auto;\">\n\t\t\n<style>\n#gap-977857708 {\n  padding-top: 30px;\n}\n<\/style>\n\t<\/div>\n\t\n<h3>Tehniline informatsioon<\/h3>\n<p><a href=\"https:\/\/espak.ee\/epood\/wp-content\/uploads\/2024\/10\/TI_ThermoSan-Fassadenputze_NQG_R_ja_K_EE.pdf\"target=\"_blank\" rel=\"noopener noreferrer\"><i class=\"far fa-file-pdf\"><\/i> Tehniline info (PDF)<\/a><\/p>\n<h3>Ohutuskaart<\/h3>\n<p><a href=\"https:\/\/espak.ee\/epood\/wp-content\/uploads\/2024\/10\/2.0_ThermoSan_Fassadenputz_NQG_ET_EE.pdf\"target=\"_blank\" rel=\"noopener noreferrer\"><i class=\"far fa-file-pdf\"><\/i> Ohutuskaart (PDF)<\/a><\/p>\n<div class=\"is-divider divider clearfix\" ><\/div>\n<p><strong>\u00dcksikasjalikuma n\u00f5u saamiseks v\u00f5tke \u00fchendust:<br \/><\/strong>SIA DAW Baltica Eesti filiaal<br \/>L\u00e4ike tee 2\/1<br \/>75312<br \/>Peetri alevik, Rae vald<br \/>+372 6000690<\/p>\n<div class=\"is-divider divider clearfix\" ><\/div>\n\t\t<\/div>\n\t\t\t\t\t<\/div>\n\n\t\n<\/div>\n","protected":false},"excerpt":{"rendered":"","protected":false},"featured_media":214428,"comment_status":"closed","ping_status":"closed","template":"","meta":[],"product_brand":[],"product_cat":[3234,2711,2891,2697],"product_tag":[],"class_list":{"0":"post-214334","1":"product","2":"type-product","3":"status-publish","4":"has-post-thumbnail","6":"product_cat-capatect-fassaadisusteemid","7":"product_cat-fassaadimaterjalid","8":"product_cat-fassaadisusteemid","9":"product_cat-uldehitus","10":"pa_kaubamark-daw-baltica-sia","12":"first","13":"instock","14":"sale","15":"taxable","16":"shipping-taxable","17":"purchasable","18":"product-type-simple"},"yoast_head":"<!-- This site is optimized with the Yoast SEO plugin v26.9 - https:\/\/yoast.com\/product\/yoast-seo-wordpress\/ -->\n<title>STRUKTUURKROHV CAPAROL THERMOSAN FASSADENPUTZ NQG K15 20KG - Espak E-pood<\/title>\n<meta name=\"robots\" content=\"index, follow, max-snippet:-1, max-image-preview:large, max-video-preview:-1\" \/>\n<link rel=\"canonical\" href=\"https:\/\/espak.ee\/epood\/toode\/struktuurkrohv-caparol-thermosan-fassadenputz-nqg-k15-20kg-2\/\" \/>\n<meta property=\"og:locale\" content=\"et_EE\" \/>\n<meta property=\"og:type\" content=\"article\" \/>\n<meta property=\"og:title\" content=\"STRUKTUURKROHV CAPAROL THERMOSAN FASSADENPUTZ NQG K15 20KG - Espak E-pood\" \/>\n<meta property=\"og:url\" content=\"https:\/\/espak.ee\/epood\/toode\/struktuurkrohv-caparol-thermosan-fassadenputz-nqg-k15-20kg-2\/\" \/>\n<meta property=\"og:site_name\" content=\"Espak E-pood\" \/>\n<meta property=\"article:modified_time\" content=\"2024-10-18T10:09:58+00:00\" \/>\n<meta property=\"og:image\" content=\"https:\/\/espak.ee\/epood\/wp-content\/uploads\/2024\/10\/070298_ThermoSan_K15_20kg.jpg\" \/>\n\t<meta property=\"og:image:width\" content=\"1000\" \/>\n\t<meta property=\"og:image:height\" content=\"1000\" \/>\n\t<meta property=\"og:image:type\" content=\"image\/jpeg\" \/>\n<meta name=\"twitter:card\" content=\"summary_large_image\" \/>\n<meta name=\"twitter:label1\" content=\"Est. reading time\" \/>\n\t<meta name=\"twitter:data1\" content=\"2 minutit\" \/>\n<script type=\"application\/ld+json\" class=\"yoast-schema-graph\">{\"@context\":\"https:\/\/schema.org\",\"@graph\":[{\"@type\":\"WebPage\",\"@id\":\"https:\/\/espak.ee\/epood\/toode\/struktuurkrohv-caparol-thermosan-fassadenputz-nqg-k15-20kg-2\/\",\"url\":\"https:\/\/espak.ee\/epood\/toode\/struktuurkrohv-caparol-thermosan-fassadenputz-nqg-k15-20kg-2\/\",\"name\":\"STRUKTUURKROHV CAPAROL THERMOSAN FASSADENPUTZ NQG K15 20KG - Espak E-pood\",\"isPartOf\":{\"@id\":\"https:\/\/espak.ee\/epood\/#website\"},\"primaryImageOfPage\":{\"@id\":\"https:\/\/espak.ee\/epood\/toode\/struktuurkrohv-caparol-thermosan-fassadenputz-nqg-k15-20kg-2\/#primaryimage\"},\"image\":{\"@id\":\"https:\/\/espak.ee\/epood\/toode\/struktuurkrohv-caparol-thermosan-fassadenputz-nqg-k15-20kg-2\/#primaryimage\"},\"thumbnailUrl\":\"https:\/\/espak.ee\/epood\/wp-content\/uploads\/2024\/10\/070298_ThermoSan_K15_20kg.jpg\",\"datePublished\":\"2024-10-18T02:10:02+00:00\",\"dateModified\":\"2024-10-18T10:09:58+00:00\",\"breadcrumb\":{\"@id\":\"https:\/\/espak.ee\/epood\/toode\/struktuurkrohv-caparol-thermosan-fassadenputz-nqg-k15-20kg-2\/#breadcrumb\"},\"inLanguage\":\"et\",\"potentialAction\":[{\"@type\":\"ReadAction\",\"target\":[\"https:\/\/espak.ee\/epood\/toode\/struktuurkrohv-caparol-thermosan-fassadenputz-nqg-k15-20kg-2\/\"]}]},{\"@type\":\"ImageObject\",\"inLanguage\":\"et\",\"@id\":\"https:\/\/espak.ee\/epood\/toode\/struktuurkrohv-caparol-thermosan-fassadenputz-nqg-k15-20kg-2\/#primaryimage\",\"url\":\"https:\/\/espak.ee\/epood\/wp-content\/uploads\/2024\/10\/070298_ThermoSan_K15_20kg.jpg\",\"contentUrl\":\"https:\/\/espak.ee\/epood\/wp-content\/uploads\/2024\/10\/070298_ThermoSan_K15_20kg.jpg\",\"width\":1000,\"height\":1000},{\"@type\":\"BreadcrumbList\",\"@id\":\"https:\/\/espak.ee\/epood\/toode\/struktuurkrohv-caparol-thermosan-fassadenputz-nqg-k15-20kg-2\/#breadcrumb\",\"itemListElement\":[{\"@type\":\"ListItem\",\"position\":1,\"name\":\"Home\",\"item\":\"https:\/\/espak.ee\/epood\/\"},{\"@type\":\"ListItem\",\"position\":2,\"name\":\"Tootevalik\",\"item\":\"https:\/\/espak.ee\/epood\/tootevalik\/\"},{\"@type\":\"ListItem\",\"position\":3,\"name\":\"STRUKTUURKROHV CAPAROL THERMOSAN FASSADENPUTZ NQG K15 20KG\"}]},{\"@type\":\"WebSite\",\"@id\":\"https:\/\/espak.ee\/epood\/#website\",\"url\":\"https:\/\/espak.ee\/epood\/\",\"name\":\"Espak E-pood\",\"description\":\"\",\"potentialAction\":[{\"@type\":\"SearchAction\",\"target\":{\"@type\":\"EntryPoint\",\"urlTemplate\":\"https:\/\/espak.ee\/epood\/?s={search_term_string}\"},\"query-input\":{\"@type\":\"PropertyValueSpecification\",\"valueRequired\":true,\"valueName\":\"search_term_string\"}}],\"inLanguage\":\"et\"}]}<\/script>\n<!-- \/ Yoast SEO plugin. -->","yoast_head_json":{"title":"STRUKTUURKROHV CAPAROL THERMOSAN FASSADENPUTZ NQG K15 20KG - Espak E-pood","robots":{"index":"index","follow":"follow","max-snippet":"max-snippet:-1","max-image-preview":"max-image-preview:large","max-video-preview":"max-video-preview:-1"},"canonical":"https:\/\/espak.ee\/epood\/toode\/struktuurkrohv-caparol-thermosan-fassadenputz-nqg-k15-20kg-2\/","og_locale":"et_EE","og_type":"article","og_title":"STRUKTUURKROHV CAPAROL THERMOSAN FASSADENPUTZ NQG K15 20KG - Espak E-pood","og_url":"https:\/\/espak.ee\/epood\/toode\/struktuurkrohv-caparol-thermosan-fassadenputz-nqg-k15-20kg-2\/","og_site_name":"Espak E-pood","article_modified_time":"2024-10-18T10:09:58+00:00","og_image":[{"width":1000,"height":1000,"url":"https:\/\/espak.ee\/epood\/wp-content\/uploads\/2024\/10\/070298_ThermoSan_K15_20kg.jpg","type":"image\/jpeg"}],"twitter_card":"summary_large_image","twitter_misc":{"Est. reading time":"2 minutit"},"schema":{"@context":"https:\/\/schema.org","@graph":[{"@type":"WebPage","@id":"https:\/\/espak.ee\/epood\/toode\/struktuurkrohv-caparol-thermosan-fassadenputz-nqg-k15-20kg-2\/","url":"https:\/\/espak.ee\/epood\/toode\/struktuurkrohv-caparol-thermosan-fassadenputz-nqg-k15-20kg-2\/","name":"STRUKTUURKROHV CAPAROL THERMOSAN FASSADENPUTZ NQG K15 20KG - Espak E-pood","isPartOf":{"@id":"https:\/\/espak.ee\/epood\/#website"},"primaryImageOfPage":{"@id":"https:\/\/espak.ee\/epood\/toode\/struktuurkrohv-caparol-thermosan-fassadenputz-nqg-k15-20kg-2\/#primaryimage"},"image":{"@id":"https:\/\/espak.ee\/epood\/toode\/struktuurkrohv-caparol-thermosan-fassadenputz-nqg-k15-20kg-2\/#primaryimage"},"thumbnailUrl":"https:\/\/espak.ee\/epood\/wp-content\/uploads\/2024\/10\/070298_ThermoSan_K15_20kg.jpg","datePublished":"2024-10-18T02:10:02+00:00","dateModified":"2024-10-18T10:09:58+00:00","breadcrumb":{"@id":"https:\/\/espak.ee\/epood\/toode\/struktuurkrohv-caparol-thermosan-fassadenputz-nqg-k15-20kg-2\/#breadcrumb"},"inLanguage":"et","potentialAction":[{"@type":"ReadAction","target":["https:\/\/espak.ee\/epood\/toode\/struktuurkrohv-caparol-thermosan-fassadenputz-nqg-k15-20kg-2\/"]}]},{"@type":"ImageObject","inLanguage":"et","@id":"https:\/\/espak.ee\/epood\/toode\/struktuurkrohv-caparol-thermosan-fassadenputz-nqg-k15-20kg-2\/#primaryimage","url":"https:\/\/espak.ee\/epood\/wp-content\/uploads\/2024\/10\/070298_ThermoSan_K15_20kg.jpg","contentUrl":"https:\/\/espak.ee\/epood\/wp-content\/uploads\/2024\/10\/070298_ThermoSan_K15_20kg.jpg","width":1000,"height":1000},{"@type":"BreadcrumbList","@id":"https:\/\/espak.ee\/epood\/toode\/struktuurkrohv-caparol-thermosan-fassadenputz-nqg-k15-20kg-2\/#breadcrumb","itemListElement":[{"@type":"ListItem","position":1,"name":"Home","item":"https:\/\/espak.ee\/epood\/"},{"@type":"ListItem","position":2,"name":"Tootevalik","item":"https:\/\/espak.ee\/epood\/tootevalik\/"},{"@type":"ListItem","position":3,"name":"STRUKTUURKROHV CAPAROL THERMOSAN FASSADENPUTZ NQG K15 20KG"}]},{"@type":"WebSite","@id":"https:\/\/espak.ee\/epood\/#website","url":"https:\/\/espak.ee\/epood\/","name":"Espak E-pood","description":"","potentialAction":[{"@type":"SearchAction","target":{"@type":"EntryPoint","urlTemplate":"https:\/\/espak.ee\/epood\/?s={search_term_string}"},"query-input":{"@type":"PropertyValueSpecification","valueRequired":true,"valueName":"search_term_string"}}],"inLanguage":"et"}]}},"_links":{"self":[{"href":"https:\/\/espak.ee\/epood\/wp-json\/wp\/v2\/product\/214334","targetHints":{"allow":["GET"]}}],"collection":[{"href":"https:\/\/espak.ee\/epood\/wp-json\/wp\/v2\/product"}],"about":[{"href":"https:\/\/espak.ee\/epood\/wp-json\/wp\/v2\/types\/product"}],"replies":[{"embeddable":true,"href":"https:\/\/espak.ee\/epood\/wp-json\/wp\/v2\/comments?post=214334"}],"wp:featuredmedia":[{"embeddable":true,"href":"https:\/\/espak.ee\/epood\/wp-json\/wp\/v2\/media\/214428"}],"wp:attachment":[{"href":"https:\/\/espak.ee\/epood\/wp-json\/wp\/v2\/media?parent=214334"}],"wp:term":[{"taxonomy":"product_brand","embeddable":true,"href":"https:\/\/espak.ee\/epood\/wp-json\/wp\/v2\/product_brand?post=214334"},{"taxonomy":"product_cat","embeddable":true,"href":"https:\/\/espak.ee\/epood\/wp-json\/wp\/v2\/product_cat?post=214334"},{"taxonomy":"product_tag","embeddable":true,"href":"https:\/\/espak.ee\/epood\/wp-json\/wp\/v2\/product_tag?post=214334"}],"curies":[{"name":"wp","href":"https:\/\/api.w.org\/{rel}","templated":true}]}}