{"id":214330,"date":"2024-10-18T05:10:02","date_gmt":"2024-10-18T02:10:02","guid":{"rendered":"https:\/\/espak.ee\/epood\/?post_type=product&#038;p=214330"},"modified":"2026-03-21T09:40:43","modified_gmt":"2026-03-21T07:40:43","slug":"kruntvarv-capasol-lf-konzentrat-25l","status":"publish","type":"product","link":"https:\/\/espak.ee\/epood\/toode\/kruntvarv-capasol-lf-konzentrat-25l\/","title":{"rendered":"KRUNTV\u00c4RV CAPASOL LF KONZENTRAT 2,5L"},"content":{"rendered":"<div class=\"row\"  id=\"row-2013149945\">\n\n\t<div id=\"col-215880904\" class=\"col medium-9 small-12 large-9\"  >\n\t\t\t\t<div class=\"col-inner\"  >\n\t\t\t\n\t\t\t\n<h2>Krunt sise- ja v\u00e4list\u00f6\u00f6deks Capasol LF 2,5L<\/h2>\n<p>Veega lahjendatav, pigmenteerimata, kontsentreeritud spetsiaalne kruntv\u00e4rv v\u00e4lis- ja siset\u00f6\u00f6deks.<\/p>\n<div class=\"message-box relative\" style=\"padding-top:15px;padding-bottom:15px;\"><div class=\"message-box-bg-image bg-fill fill\" ><\/div><div class=\"message-box-bg-overlay bg-fill fill\" ><\/div><div class=\"container relative\"><div class=\"inner last-reset\">\n<div class=\"row align-middle align-center\"  id=\"row-285325908\">\n\n\t<div id=\"col-108250833\" class=\"col small-12 large-12\"  >\n\t\t\t\t<div class=\"col-inner text-left\"  >\n\t\t\t\n\t\t\t\n<h4>Omadused<\/h4>\n<div class=\"row\"  id=\"row-442210557\">\n\n\t<div id=\"col-251815523\" class=\"col medium-6 small-12 large-6\"  >\n\t\t\t\t<div class=\"col-inner\"  >\n\t\t\t\n\t\t\t\n<p><i class=\"fa fa-check fa-2x\"><\/i> <strong>Veega lahjendatav<\/strong><\/p>\n<p><i class=\"fa fa-check fa-2x\"><\/i> <strong>Lahustivaba<\/strong><\/p>\n\t\t<\/div>\n\t\t\t\t\n<style>\n#col-251815523 > .col-inner {\n  margin: 0px 0px 15px 0px;\n}\n<\/style>\n\t<\/div>\n\n\t\n\n\t<div id=\"col-1095153202\" class=\"col medium-6 small-12 large-6\"  >\n\t\t\t\t<div class=\"col-inner\"  >\n\t\t\t\n\t\t\t\n<p><i class=\"fa fa-check fa-2x\"><\/i> <strong>V\u00e4hese l\u00f5hnaga<\/strong><\/p>\n<p><i class=\"fa fa-check fa-2x\"><\/i> <strong>\u00c4\u00e4rmiselt \u00f6konoomne<\/strong><\/p>\n\t\t<\/div>\n\t\t\t\t\n<style>\n#col-1095153202 > .col-inner {\n  margin: 0px 0px 15px 0px;\n}\n<\/style>\n\t<\/div>\n\n\t\n<\/div>\n\t\t<\/div>\n\t\t\t\t\t<\/div>\n\n\t\n<\/div>\n<\/div><\/div><\/div>\n\t<div id=\"gap-773434515\" class=\"gap-element clearfix\" style=\"display:block; height:auto;\">\n\t\t\n<style>\n#gap-773434515 {\n  padding-top: 30px;\n}\n<\/style>\n\t<\/div>\n\t\n<h3>Kasutamise \u00fcksikasjad<\/h3>\n<p><strong>Kasutusala:<\/strong> Spetsiaalne kruntv\u00e4rv tugeva v\u00f5i eba\u00fchtlase imavusega k\u00f5vade, poorsete aluspindade \u00fchtlustamiseks.<br \/>\nSobib suurep\u00e4raselt poorsete, imavate aluspindade, nt krohvide, p\u00f5letamata m\u00fc\u00fcrikivide, poorbetooni, looduskivide, kipskartongplaatide, samuti betooni, kergbetooni, tsementi sisaldavate Disbocret-m\u00f6rtide ja pahtlimasside, tsement- ja anh\u00fcdriitp\u00f5randate t\u00f6\u00f6tlemiseks.<br \/>\nOlenevalt aluspinna omadustest tuleks k\u00f5ik tihedad, siledad pinnad, nt vanad v\u00e4rvkatted v\u00f5i puhtast kipsist ehituselemendid kruntida tootega Caparol-Tiefgrund TB, CapaGrund Universal v\u00f5i Caparol-Haftgrund.<\/p>\n<p><strong>Aluspind:<\/strong> Aluspind peab olema puhas, kuiv, pinnal ei tohi olla nakkumist takistavaid aineid.  J\u00e4rgida ehitusteenuste t\u00f6\u00f6v\u00f5tu m\u00e4\u00e4ruse (VOB) C osa, standardi DIN 18 363 pt 3.<\/p>\n<p><strong>Aluspinna ettevalmistamine: <\/strong>Erinevatele aluspindadele kandmise sobivuse ja nende vajaliku ettevalmistuse osas palun j\u00e4rgida meie tehnilist informatsiooni nr. 650 \u201eAluspinnad ja nende ettevalmistamine\u201d.<\/p>\n<p><strong>Kattekihtide \u00fclesehitus: <\/strong>Normaalse imavusega aluspindadele kandmiseks lahjendada toodet CapaSol LF Konzentrat 3 \u2013 4 osa veega. V\u00e4ga suure imavusega pindade kruntimiseks lahjendada toodet CapaSol LF Konzentrat 4 \u2013 5 osa veega ja vajadusel \u201em\u00e4rg-m\u00e4rjale meetodil\u201d kuni pinna t\u00e4ieliku k\u00fcllastumiseni peale kanda. Enamikul juhtudel piisab siiski \u00fchest kruntkihist.<br \/>\nBetooni, kergbetooni, tsementi sisaldavate Disbocret-m\u00f6rtide ja pahtlimasside, tsement- ja anh\u00fcdriitp\u00f5randate kruntimiseks lahjendada toodet CapaSol LF Konzentrat 2 osa veega. Kruntv\u00e4rvile ei tohi tekkida suletud l\u00e4ikivat kelmet.<\/p>\n<p><strong>Kulu: <\/strong><br \/>\nOlenevalt kasutusmeetodist ja aluspinna imavusest ja omadustest ca 50-200 ml\/m2.<br \/>\nT\u00e4pne materjalikulu ja lahjendamisvahekord teha kindlaks objektil proovikatmise k\u00e4igus.<\/p>\n<p><strong>T\u00f6\u00f6tlemistingimused: <\/strong>Minimaalne lubatud temperatuur toote pealekandmisel  ja kuivamisel + 5 \u00b0C \u00f5hk ja aluspind.<\/p>\n<p>Kuivamine\/kuivamisaeg: + 20 \u00b0C ja 65% suhtelise \u00f5huniiskuse juures ca 12 tunni p\u00e4rast \u00fclet\u00f6\u00f6deldav. Madalam temperatuur pikendab kuivamisaega.<\/p>\n<p><strong>T\u00f6\u00f6riistad: <\/strong>Toodet pintsli v\u00f5i harjaga piisavas koguses pinnale kandes ja t\u00f6\u00f6deldes saate v\u00e4ga hea tulemuse. Rull ja k\u00f5rgsurvega t\u00f6\u00f6tavad pritsimisseadmed nii h\u00e4sti ei sobi. V\u00f5imalik on airless-seadmetega pealekandmine.<br \/>\nPealekandmine \u00f5huvaba pihustamise meetodil:<br \/>\nPihustusnurk: 60\u00ba<br \/>\nD\u00fc\u00fcs: 0,029\u201d<br \/>\nR\u00f5hk: 50 bar<\/p>\n<p><strong>T\u00e4helepanu: <\/strong>Toodet CapaSol LF Konzentrat ei tohi kasutada horisontaalsetel, veega kokkupuutuvatel pindadel.<\/p>\n<p><strong>Ohutusn\u00f5uded:<\/strong><br \/>\nHoida lastele k\u00e4ttesaamatus kohas. T\u00f6\u00f6tlemise ja kuivamise ajal hoolitseda p\u00f5hjaliku \u00f5hutuse eest. T\u00f6\u00f6tlemise ajal on keelatud s\u00f6\u00f6mine, joomine ja suitsetamine. Silma v\u00f5i nahale sattumisel loputada kohe rohke veega. Mitte valada kanalisatsiooni, veekogudesse v\u00f5i maapinnale. Toote pealekandmisel pihustamise teel v\u00e4ltida pihustussudu sissehingamist. T\u00e4psemad andmed: vt ohutuskaarti.<\/p>\n\t\t<\/div>\n\t\t\t\t\t<\/div>\n\n\t\n\n\t<div id=\"col-1630568555\" class=\"col medium-3 small-12 large-3\"  >\n\t\t\t\t<div class=\"col-inner\"  >\n\t\t\t\n\t\t\t\n\t<div id=\"gap-1759836006\" class=\"gap-element clearfix\" style=\"display:block; height:auto;\">\n\t\t\n<style>\n#gap-1759836006 {\n  padding-top: 30px;\n}\n<\/style>\n\t<\/div>\n\t\n<h3>Tehniline informatsioon<\/h3>\n<p><a href=\"https:\/\/espak.ee\/epood\/wp-content\/uploads\/2023\/11\/TI_CapaSol_LF_Konzentrat_EE.pdf\"target=\"_blank\" rel=\"noopener noreferrer\"><i class=\"far fa-file-pdf\"><\/i> Tehniline info (PDF)<\/a><\/p>\n<h3>Ohutusalane teave<\/h3>\n<p><a href=\"https:\/\/espak.ee\/epood\/wp-content\/uploads\/2023\/11\/1.0_CapaSol_Konzentrat_ET_EE.pdf\"target=\"_blank\" rel=\"noopener noreferrer\"><i class=\"far fa-file-pdf\"><\/i> Ohutuskaart (PDF)<\/a><\/p>\n<div class=\"is-divider divider clearfix\" ><\/div>\n<p><strong>\u00dcksikasjalikuma n\u00f5u saamiseks v\u00f5tke \u00fchendust:<br \/><\/strong>SIA DAW Baltica Eesti filiaal<br \/>L\u00e4ike tee 2\/1<br \/>75312<br \/>Peetri alevik, Rae vald<br \/>+372 6000690<\/p>\n<div class=\"is-divider divider clearfix\" ><\/div>\n\t\t<\/div>\n\t\t\t\t\t<\/div>\n\n\t\n<\/div>\n","protected":false},"excerpt":{"rendered":"","protected":false},"featured_media":178845,"comment_status":"closed","ping_status":"closed","template":"","meta":[],"product_brand":[],"product_cat":[2701,2693,2684,2683],"product_tag":[],"class_list":{"0":"post-214330","1":"product","2":"type-product","3":"status-publish","4":"has-post-thumbnail","6":"product_cat-immutusvahendid","7":"product_cat-lakid-peitsid-olid-puidukaitse","8":"product_cat-varvid-lakid-lahustid-puidukaitsed-olid","9":"product_cat-viimistluskaubad","10":"product_shipping_class-dpd-cold","11":"pa_kaubamark-daw-baltica-sia","13":"first","14":"instock","15":"sale","16":"taxable","17":"shipping-taxable","18":"purchasable","19":"product-type-simple"},"yoast_head":"<!-- This site is optimized with the Yoast SEO plugin v26.9 - https:\/\/yoast.com\/product\/yoast-seo-wordpress\/ -->\n<title>KRUNTV\u00c4RV CAPASOL LF KONZENTRAT 2,5L - Espak E-pood<\/title>\n<meta name=\"robots\" content=\"index, follow, max-snippet:-1, max-image-preview:large, max-video-preview:-1\" \/>\n<link rel=\"canonical\" href=\"https:\/\/espak.ee\/epood\/toode\/kruntvarv-capasol-lf-konzentrat-25l\/\" \/>\n<meta property=\"og:locale\" content=\"et_EE\" \/>\n<meta property=\"og:type\" content=\"article\" \/>\n<meta property=\"og:title\" content=\"KRUNTV\u00c4RV CAPASOL LF KONZENTRAT 2,5L - Espak E-pood\" \/>\n<meta property=\"og:url\" content=\"https:\/\/espak.ee\/epood\/toode\/kruntvarv-capasol-lf-konzentrat-25l\/\" \/>\n<meta property=\"og:site_name\" content=\"Espak E-pood\" \/>\n<meta property=\"article:modified_time\" content=\"2026-03-21T07:40:43+00:00\" \/>\n<meta property=\"og:image\" content=\"https:\/\/espak.ee\/epood\/wp-content\/uploads\/2023\/11\/062036_CapaSol_Konzentrat.jpg\" \/>\n\t<meta property=\"og:image:width\" content=\"800\" \/>\n\t<meta property=\"og:image:height\" content=\"800\" \/>\n\t<meta property=\"og:image:type\" content=\"image\/jpeg\" \/>\n<meta name=\"twitter:card\" content=\"summary_large_image\" \/>\n<meta name=\"twitter:label1\" content=\"Est. reading time\" \/>\n\t<meta name=\"twitter:data1\" content=\"2 minutit\" \/>\n<script type=\"application\/ld+json\" class=\"yoast-schema-graph\">{\"@context\":\"https:\/\/schema.org\",\"@graph\":[{\"@type\":\"WebPage\",\"@id\":\"https:\/\/espak.ee\/epood\/toode\/kruntvarv-capasol-lf-konzentrat-25l\/\",\"url\":\"https:\/\/espak.ee\/epood\/toode\/kruntvarv-capasol-lf-konzentrat-25l\/\",\"name\":\"KRUNTV\u00c4RV CAPASOL LF KONZENTRAT 2,5L - Espak E-pood\",\"isPartOf\":{\"@id\":\"https:\/\/espak.ee\/epood\/#website\"},\"primaryImageOfPage\":{\"@id\":\"https:\/\/espak.ee\/epood\/toode\/kruntvarv-capasol-lf-konzentrat-25l\/#primaryimage\"},\"image\":{\"@id\":\"https:\/\/espak.ee\/epood\/toode\/kruntvarv-capasol-lf-konzentrat-25l\/#primaryimage\"},\"thumbnailUrl\":\"https:\/\/espak.ee\/epood\/wp-content\/uploads\/2023\/11\/062036_CapaSol_Konzentrat.jpg\",\"datePublished\":\"2024-10-18T02:10:02+00:00\",\"dateModified\":\"2026-03-21T07:40:43+00:00\",\"breadcrumb\":{\"@id\":\"https:\/\/espak.ee\/epood\/toode\/kruntvarv-capasol-lf-konzentrat-25l\/#breadcrumb\"},\"inLanguage\":\"et\",\"potentialAction\":[{\"@type\":\"ReadAction\",\"target\":[\"https:\/\/espak.ee\/epood\/toode\/kruntvarv-capasol-lf-konzentrat-25l\/\"]}]},{\"@type\":\"ImageObject\",\"inLanguage\":\"et\",\"@id\":\"https:\/\/espak.ee\/epood\/toode\/kruntvarv-capasol-lf-konzentrat-25l\/#primaryimage\",\"url\":\"https:\/\/espak.ee\/epood\/wp-content\/uploads\/2023\/11\/062036_CapaSol_Konzentrat.jpg\",\"contentUrl\":\"https:\/\/espak.ee\/epood\/wp-content\/uploads\/2023\/11\/062036_CapaSol_Konzentrat.jpg\",\"width\":800,\"height\":800},{\"@type\":\"BreadcrumbList\",\"@id\":\"https:\/\/espak.ee\/epood\/toode\/kruntvarv-capasol-lf-konzentrat-25l\/#breadcrumb\",\"itemListElement\":[{\"@type\":\"ListItem\",\"position\":1,\"name\":\"Home\",\"item\":\"https:\/\/espak.ee\/epood\/\"},{\"@type\":\"ListItem\",\"position\":2,\"name\":\"Tootevalik\",\"item\":\"https:\/\/espak.ee\/epood\/tootevalik\/\"},{\"@type\":\"ListItem\",\"position\":3,\"name\":\"KRUNTV\u00c4RV CAPASOL LF KONZENTRAT 2,5L\"}]},{\"@type\":\"WebSite\",\"@id\":\"https:\/\/espak.ee\/epood\/#website\",\"url\":\"https:\/\/espak.ee\/epood\/\",\"name\":\"Espak E-pood\",\"description\":\"\",\"potentialAction\":[{\"@type\":\"SearchAction\",\"target\":{\"@type\":\"EntryPoint\",\"urlTemplate\":\"https:\/\/espak.ee\/epood\/?s={search_term_string}\"},\"query-input\":{\"@type\":\"PropertyValueSpecification\",\"valueRequired\":true,\"valueName\":\"search_term_string\"}}],\"inLanguage\":\"et\"}]}<\/script>\n<!-- \/ Yoast SEO plugin. -->","yoast_head_json":{"title":"KRUNTV\u00c4RV CAPASOL LF KONZENTRAT 2,5L - Espak E-pood","robots":{"index":"index","follow":"follow","max-snippet":"max-snippet:-1","max-image-preview":"max-image-preview:large","max-video-preview":"max-video-preview:-1"},"canonical":"https:\/\/espak.ee\/epood\/toode\/kruntvarv-capasol-lf-konzentrat-25l\/","og_locale":"et_EE","og_type":"article","og_title":"KRUNTV\u00c4RV CAPASOL LF KONZENTRAT 2,5L - Espak E-pood","og_url":"https:\/\/espak.ee\/epood\/toode\/kruntvarv-capasol-lf-konzentrat-25l\/","og_site_name":"Espak E-pood","article_modified_time":"2026-03-21T07:40:43+00:00","og_image":[{"width":800,"height":800,"url":"https:\/\/espak.ee\/epood\/wp-content\/uploads\/2023\/11\/062036_CapaSol_Konzentrat.jpg","type":"image\/jpeg"}],"twitter_card":"summary_large_image","twitter_misc":{"Est. reading time":"2 minutit"},"schema":{"@context":"https:\/\/schema.org","@graph":[{"@type":"WebPage","@id":"https:\/\/espak.ee\/epood\/toode\/kruntvarv-capasol-lf-konzentrat-25l\/","url":"https:\/\/espak.ee\/epood\/toode\/kruntvarv-capasol-lf-konzentrat-25l\/","name":"KRUNTV\u00c4RV CAPASOL LF KONZENTRAT 2,5L - Espak E-pood","isPartOf":{"@id":"https:\/\/espak.ee\/epood\/#website"},"primaryImageOfPage":{"@id":"https:\/\/espak.ee\/epood\/toode\/kruntvarv-capasol-lf-konzentrat-25l\/#primaryimage"},"image":{"@id":"https:\/\/espak.ee\/epood\/toode\/kruntvarv-capasol-lf-konzentrat-25l\/#primaryimage"},"thumbnailUrl":"https:\/\/espak.ee\/epood\/wp-content\/uploads\/2023\/11\/062036_CapaSol_Konzentrat.jpg","datePublished":"2024-10-18T02:10:02+00:00","dateModified":"2026-03-21T07:40:43+00:00","breadcrumb":{"@id":"https:\/\/espak.ee\/epood\/toode\/kruntvarv-capasol-lf-konzentrat-25l\/#breadcrumb"},"inLanguage":"et","potentialAction":[{"@type":"ReadAction","target":["https:\/\/espak.ee\/epood\/toode\/kruntvarv-capasol-lf-konzentrat-25l\/"]}]},{"@type":"ImageObject","inLanguage":"et","@id":"https:\/\/espak.ee\/epood\/toode\/kruntvarv-capasol-lf-konzentrat-25l\/#primaryimage","url":"https:\/\/espak.ee\/epood\/wp-content\/uploads\/2023\/11\/062036_CapaSol_Konzentrat.jpg","contentUrl":"https:\/\/espak.ee\/epood\/wp-content\/uploads\/2023\/11\/062036_CapaSol_Konzentrat.jpg","width":800,"height":800},{"@type":"BreadcrumbList","@id":"https:\/\/espak.ee\/epood\/toode\/kruntvarv-capasol-lf-konzentrat-25l\/#breadcrumb","itemListElement":[{"@type":"ListItem","position":1,"name":"Home","item":"https:\/\/espak.ee\/epood\/"},{"@type":"ListItem","position":2,"name":"Tootevalik","item":"https:\/\/espak.ee\/epood\/tootevalik\/"},{"@type":"ListItem","position":3,"name":"KRUNTV\u00c4RV CAPASOL LF KONZENTRAT 2,5L"}]},{"@type":"WebSite","@id":"https:\/\/espak.ee\/epood\/#website","url":"https:\/\/espak.ee\/epood\/","name":"Espak E-pood","description":"","potentialAction":[{"@type":"SearchAction","target":{"@type":"EntryPoint","urlTemplate":"https:\/\/espak.ee\/epood\/?s={search_term_string}"},"query-input":{"@type":"PropertyValueSpecification","valueRequired":true,"valueName":"search_term_string"}}],"inLanguage":"et"}]}},"_links":{"self":[{"href":"https:\/\/espak.ee\/epood\/wp-json\/wp\/v2\/product\/214330","targetHints":{"allow":["GET"]}}],"collection":[{"href":"https:\/\/espak.ee\/epood\/wp-json\/wp\/v2\/product"}],"about":[{"href":"https:\/\/espak.ee\/epood\/wp-json\/wp\/v2\/types\/product"}],"replies":[{"embeddable":true,"href":"https:\/\/espak.ee\/epood\/wp-json\/wp\/v2\/comments?post=214330"}],"wp:featuredmedia":[{"embeddable":true,"href":"https:\/\/espak.ee\/epood\/wp-json\/wp\/v2\/media\/178845"}],"wp:attachment":[{"href":"https:\/\/espak.ee\/epood\/wp-json\/wp\/v2\/media?parent=214330"}],"wp:term":[{"taxonomy":"product_brand","embeddable":true,"href":"https:\/\/espak.ee\/epood\/wp-json\/wp\/v2\/product_brand?post=214330"},{"taxonomy":"product_cat","embeddable":true,"href":"https:\/\/espak.ee\/epood\/wp-json\/wp\/v2\/product_cat?post=214330"},{"taxonomy":"product_tag","embeddable":true,"href":"https:\/\/espak.ee\/epood\/wp-json\/wp\/v2\/product_tag?post=214330"}],"curies":[{"name":"wp","href":"https:\/\/api.w.org\/{rel}","templated":true}]}}