{"id":21433,"date":"2020-04-18T04:16:20","date_gmt":"2020-04-18T01:16:20","guid":{"rendered":"https:\/\/espak.ee\/hinnakiri\/?post_type=product&#038;p=21433"},"modified":"2024-03-22T23:39:31","modified_gmt":"2024-03-22T21:39:31","slug":"vee-ja-tolmuimeja-einhell-tc-vc-1930sa","status":"publish","type":"product","link":"https:\/\/espak.ee\/epood\/toode\/vee-ja-tolmuimeja-einhell-tc-vc-1930sa\/","title":{"rendered":"VEE- JA TOLMUIMEJA EINHELL TC-VC 1930SA"},"content":{"rendered":"<div class=\"row\"  id=\"row-1558417153\">\n\n\t<div id=\"col-1166408329\" class=\"col medium-9 small-12 large-9\"  >\n\t\t\t\t<div class=\"col-inner\"  >\n\t\t\t\n\t\t\t\n<div class=\"message-box relative\" style=\"padding-top:15px;padding-bottom:15px;\"><div class=\"message-box-bg-image bg-fill fill\" ><\/div><div class=\"message-box-bg-overlay bg-fill fill\" ><\/div><div class=\"container relative\"><div class=\"inner last-reset\">\n<div class=\"row align-middle align-center\"  id=\"row-1083760621\">\n\n\t<div id=\"col-1245179931\" class=\"col small-12 large-12\"  >\n\t\t\t\t<div class=\"col-inner text-left\"  >\n\t\t\t\n\t\t\t\n<h4>Omadused<\/h4>\n<div class=\"row\"  id=\"row-276236502\">\n\n\t<div id=\"col-1383352234\" class=\"col medium-6 small-12 large-6\"  >\n\t\t\t\t<div class=\"col-inner\"  >\n\t\t\t\n\t\t\t\n<p><i class=\"far fa-check-circle fa-2x\"><\/i><strong>\u00a0Roostevabast terasest 30\u00a0l mahuti <\/strong><\/p>\n<p><i class=\"far fa-check-circle fa-2x\"><\/i><strong> 2 suurt ratast ja 2 suunda muutvat tugiratast hea liikuvuse v\u00f5imaldamiseks\u00a0<\/strong><\/p>\n<p><i class=\"far fa-check-circle fa-2x\"><\/i><strong> Otstarbekas kaablihoidik korralikuks hoidmiseks <\/strong><\/p>\n<p><i class=\"far fa-check-circle fa-2x\"><\/i><strong> Veet\u00fchjendusventiil\u00a0<\/strong><\/p>\n<p><i class=\"far fa-check-circle fa-2x\"><\/i><strong> 1 imivoolik l\u00e4bim\u00f5\u00f5duga 36\u00a0mm, pikkus 2,5\u00a0m\u00a0<\/strong><\/p>\n<p><i class=\"far fa-check-circle fa-2x\"><\/i><strong> V\u00e4iksem \u00f5hu turbulentsus t\u00e4nu nutikatele pistikliitmikele\u00a0<\/strong><\/p>\n\t\t<\/div>\n\t\t\t\t\n<style>\n#col-1383352234 > .col-inner {\n  margin: 0px 0px 15px 0px;\n}\n<\/style>\n\t<\/div>\n\n\t\n\n\t<div id=\"col-605142828\" class=\"col medium-6 small-12 large-6\"  >\n\t\t\t\t<div class=\"col-inner\"  >\n\t\t\t\n\t\t\t\n<p><i class=\"far fa-check-circle fa-2x\"><\/i><strong> Puhumisliitmik raskesti ligip\u00e4\u00e4setavate alade puhastamiseks <\/strong><\/p>\n<p><i class=\"far fa-check-circle fa-2x\"><\/i><strong> K\u00e4ep\u00e4rane tarvikuhoidik puhtana hoidmiseks ja t\u00f6\u00f6tamiseks\u00a0<\/strong><\/p>\n<p><i class=\"far fa-check-circle fa-2x\"><\/i><strong> Automaatne pistikupesa\u00a0<\/strong><\/p>\n<p><i class=\"far fa-check-circle fa-2x\"><\/i><strong> 2-osaline plastist imitoru, l\u00e4bim\u00f5\u00f5t 36\u00a0mm\u00a0<\/strong><\/p>\n<p><i class=\"far fa-check-circle fa-2x\"><\/i><strong> Kaasas lai sisendiga \u00fcldotsak vaipade ja siledate p\u00f5randate jaoks\u00a0<\/strong><\/p>\n<p><i class=\"far fa-check-circle fa-2x\"><\/i><strong> 1 vahtfilter m\u00e4rgimemiseks ja 1 kurdfilter\u00a0<\/strong><\/p>\n\t\t<\/div>\n\t\t\t\t\n<style>\n#col-605142828 > .col-inner {\n  margin: 0px 0px 15px 0px;\n}\n<\/style>\n\t<\/div>\n\n\t\n<\/div>\n\t\t<\/div>\n\t\t\t\t\t<\/div>\n\n\t\n<\/div>\n<\/div><\/div><\/div>\n\t<div id=\"gap-511144572\" class=\"gap-element clearfix\" style=\"display:block; height:auto;\">\n\t\t\n<style>\n#gap-511144572 {\n  padding-top: 30px;\n}\n<\/style>\n\t<\/div>\n\t\n<h2>Tootekirjeldus<\/h2>\n<p> Vee- ja tolmuimeja TC-VC 1930 SA on asendamatu abiline, mis teeb kodu, t\u00f6\u00f6koja ja garaa\u017ei puhastamise palju lihtsamaks. Selle 30 l mahuga roostevabast terasest mahuti on m\u00f5eldud tolmu ja vedelike kogumiseks. Mahutil on t\u00fchjenduskork lihtsaks ja puhtaks t\u00fchjendamiseks. Tolmuimejal on samuti otstarbekas puhumisliitmik. Sisseehitatud automaatk\u00e4ivituse ja viitl\u00fclitusega pistikupesa v\u00f5imaldab kasutada seda tolmuimejat koos elektrit\u00f6\u00f6riistadega, millel on tolmu\u00e4rastuse adapter. Vee- ja tolmuimejal TC-VC 1930 SA on 2,5 m imivoolik, kolmeosaline plastist imitoru, suur imemisotsak koos kombineeritud sisendiga p\u00f5randate m\u00e4rg- ja kuivimemiseks ning piluotsak. Peentolmu imemisel toimib h\u00e4sti kurdfilter, aga m\u00e4rgimemisel kasutatakse mootori kaitseks vedelike eest vahtfiltrit. Tolmuimejal asuvad kaabli- ja tarvikuhoidikud v\u00f5imaldavad k\u00f5iki osi kiiresti k\u00e4est \u00e4ra panna. T\u00f6\u00f6mugavuse ja liikuvuse tagamiseks on tolmuimejal kandek\u00e4epide, kaks suurt ratast ja kaks suunda muutvat tugiratast. <\/p>\n\t<div id=\"gap-1263776957\" class=\"gap-element clearfix\" style=\"display:block; height:auto;\">\n\t\t\n<style>\n#gap-1263776957 {\n  padding-top: 30px;\n}\n<\/style>\n\t<\/div>\n\t\n\t\t<\/div>\n\t\t\t\t\t<\/div>\n\n\t\n\n\t<div id=\"col-899806733\" class=\"col medium-3 small-12 large-3\"  >\n\t\t\t\t<div class=\"col-inner\"  >\n\t\t\t\n\t\t\t\n\t<div id=\"gap-1151347563\" class=\"gap-element clearfix\" style=\"display:block; height:auto;\">\n\t\t\n<style>\n#gap-1151347563 {\n  padding-top: 30px;\n}\n<\/style>\n\t<\/div>\n\t\n<h3>Kasutusjuhend<\/h3>\n<p><a href=\"https:\/\/espak.ee\/epood\/wp-content\/uploads\/Tolmuimeja-Einhell-TH-VC-1930-SA-2342190.pdf\" target=\"_blank\" rel=\"noopener noreferrer\"><i class=\"far fa-file-pdf\"><\/i> Kasutusjuhend (PDF)<\/a><\/p>\n<div class=\"is-divider divider clearfix\" ><\/div>\n<p><strong>\u00dcksikasjalikuma n\u00f5u saamiseks v\u00f5tke \u00fchendust:<br \/><\/strong>Espak AS<br \/>Viadukti 42<br \/>11313<br \/>Tallinn<br \/>+372 6 512333<\/p>\n\t\t<\/div>\n\t\t\t\t\t<\/div>\n\n\t\n<\/div>\n","protected":false},"excerpt":{"rendered":"","protected":false},"featured_media":30606,"comment_status":"closed","ping_status":"open","template":"","meta":[],"product_brand":[],"product_cat":[2680,2785,2679,2787],"product_tag":[],"class_list":{"0":"post-21433","1":"product","2":"type-product","3":"status-publish","4":"has-post-thumbnail","6":"product_cat-elektritooriistad","7":"product_cat-koristusseadmed","8":"product_cat-tooriistad","9":"product_cat-vee-ja-tolmuimejad","10":"pa_kaubamark-einhell","12":"first","13":"outofstock","14":"sale","15":"taxable","16":"shipping-taxable","17":"purchasable","18":"product-type-simple"},"yoast_head":"<!-- This site is optimized with the Yoast SEO plugin v26.9 - https:\/\/yoast.com\/product\/yoast-seo-wordpress\/ -->\n<title>VEE- JA TOLMUIMEJA EINHELL TC-VC 1930SA - Espak E-pood<\/title>\n<meta name=\"description\" content=\"Vee- ja tolmuimeja TC-VC 1930 SA on asendamatu abiline, mis teeb kodu, t\u00f6\u00f6koja ja garaa\u017ei puhastamise palju lihtsamaks. Selle 30 l mahuga roostevabast terasest mahuti on m\u00f5eldud tolmu ja vedelike kogumiseks.\" \/>\n<meta name=\"robots\" content=\"index, follow, max-snippet:-1, max-image-preview:large, max-video-preview:-1\" \/>\n<link rel=\"canonical\" href=\"https:\/\/espak.ee\/epood\/toode\/vee-ja-tolmuimeja-einhell-tc-vc-1930sa\/\" \/>\n<meta property=\"og:locale\" content=\"et_EE\" \/>\n<meta property=\"og:type\" content=\"article\" \/>\n<meta property=\"og:title\" content=\"VEE- JA TOLMUIMEJA EINHELL TC-VC 1930SA - Espak E-pood\" \/>\n<meta property=\"og:description\" content=\"Vee- ja tolmuimeja TC-VC 1930 SA on asendamatu abiline, mis teeb kodu, t\u00f6\u00f6koja ja garaa\u017ei puhastamise palju lihtsamaks. Selle 30 l mahuga roostevabast terasest mahuti on m\u00f5eldud tolmu ja vedelike kogumiseks.\" \/>\n<meta property=\"og:url\" content=\"https:\/\/espak.ee\/epood\/toode\/vee-ja-tolmuimeja-einhell-tc-vc-1930sa\/\" \/>\n<meta property=\"og:site_name\" content=\"Espak E-pood\" \/>\n<meta property=\"article:modified_time\" content=\"2024-03-22T21:39:31+00:00\" \/>\n<meta property=\"og:image\" content=\"https:\/\/espak.ee\/epood\/wp-content\/uploads\/2342190_11037_001_TC_VC_1930_SA_RAL3002_Pic.jpg\" \/>\n\t<meta property=\"og:image:width\" content=\"1395\" \/>\n\t<meta property=\"og:image:height\" content=\"1772\" \/>\n\t<meta property=\"og:image:type\" content=\"image\/jpeg\" \/>\n<meta name=\"twitter:card\" content=\"summary_large_image\" \/>\n<meta name=\"twitter:label1\" content=\"Est. reading time\" \/>\n\t<meta name=\"twitter:data1\" content=\"1 minut\" \/>\n<script type=\"application\/ld+json\" class=\"yoast-schema-graph\">{\"@context\":\"https:\/\/schema.org\",\"@graph\":[{\"@type\":\"WebPage\",\"@id\":\"https:\/\/espak.ee\/epood\/toode\/vee-ja-tolmuimeja-einhell-tc-vc-1930sa\/\",\"url\":\"https:\/\/espak.ee\/epood\/toode\/vee-ja-tolmuimeja-einhell-tc-vc-1930sa\/\",\"name\":\"VEE- JA TOLMUIMEJA EINHELL TC-VC 1930SA - Espak E-pood\",\"isPartOf\":{\"@id\":\"https:\/\/espak.ee\/epood\/#website\"},\"primaryImageOfPage\":{\"@id\":\"https:\/\/espak.ee\/epood\/toode\/vee-ja-tolmuimeja-einhell-tc-vc-1930sa\/#primaryimage\"},\"image\":{\"@id\":\"https:\/\/espak.ee\/epood\/toode\/vee-ja-tolmuimeja-einhell-tc-vc-1930sa\/#primaryimage\"},\"thumbnailUrl\":\"https:\/\/espak.ee\/epood\/wp-content\/uploads\/2342190_11037_001_TC_VC_1930_SA_RAL3002_Pic.jpg\",\"datePublished\":\"2020-04-18T01:16:20+00:00\",\"dateModified\":\"2024-03-22T21:39:31+00:00\",\"description\":\"Vee- ja tolmuimeja TC-VC 1930 SA on asendamatu abiline, mis teeb kodu, t\u00f6\u00f6koja ja garaa\u017ei puhastamise palju lihtsamaks. Selle 30 l mahuga roostevabast terasest mahuti on m\u00f5eldud tolmu ja vedelike kogumiseks.\",\"breadcrumb\":{\"@id\":\"https:\/\/espak.ee\/epood\/toode\/vee-ja-tolmuimeja-einhell-tc-vc-1930sa\/#breadcrumb\"},\"inLanguage\":\"et\",\"potentialAction\":[{\"@type\":\"ReadAction\",\"target\":[\"https:\/\/espak.ee\/epood\/toode\/vee-ja-tolmuimeja-einhell-tc-vc-1930sa\/\"]}]},{\"@type\":\"ImageObject\",\"inLanguage\":\"et\",\"@id\":\"https:\/\/espak.ee\/epood\/toode\/vee-ja-tolmuimeja-einhell-tc-vc-1930sa\/#primaryimage\",\"url\":\"https:\/\/espak.ee\/epood\/wp-content\/uploads\/2342190_11037_001_TC_VC_1930_SA_RAL3002_Pic.jpg\",\"contentUrl\":\"https:\/\/espak.ee\/epood\/wp-content\/uploads\/2342190_11037_001_TC_VC_1930_SA_RAL3002_Pic.jpg\",\"width\":1395,\"height\":1772},{\"@type\":\"BreadcrumbList\",\"@id\":\"https:\/\/espak.ee\/epood\/toode\/vee-ja-tolmuimeja-einhell-tc-vc-1930sa\/#breadcrumb\",\"itemListElement\":[{\"@type\":\"ListItem\",\"position\":1,\"name\":\"Home\",\"item\":\"https:\/\/espak.ee\/epood\/\"},{\"@type\":\"ListItem\",\"position\":2,\"name\":\"Tootevalik\",\"item\":\"https:\/\/espak.ee\/epood\/tootevalik\/\"},{\"@type\":\"ListItem\",\"position\":3,\"name\":\"VEE- JA TOLMUIMEJA EINHELL TC-VC 1930SA\"}]},{\"@type\":\"WebSite\",\"@id\":\"https:\/\/espak.ee\/epood\/#website\",\"url\":\"https:\/\/espak.ee\/epood\/\",\"name\":\"Espak E-pood\",\"description\":\"\",\"potentialAction\":[{\"@type\":\"SearchAction\",\"target\":{\"@type\":\"EntryPoint\",\"urlTemplate\":\"https:\/\/espak.ee\/epood\/?s={search_term_string}\"},\"query-input\":{\"@type\":\"PropertyValueSpecification\",\"valueRequired\":true,\"valueName\":\"search_term_string\"}}],\"inLanguage\":\"et\"}]}<\/script>\n<!-- \/ Yoast SEO plugin. -->","yoast_head_json":{"title":"VEE- JA TOLMUIMEJA EINHELL TC-VC 1930SA - Espak E-pood","description":"Vee- ja tolmuimeja TC-VC 1930 SA on asendamatu abiline, mis teeb kodu, t\u00f6\u00f6koja ja garaa\u017ei puhastamise palju lihtsamaks. Selle 30 l mahuga roostevabast terasest mahuti on m\u00f5eldud tolmu ja vedelike kogumiseks.","robots":{"index":"index","follow":"follow","max-snippet":"max-snippet:-1","max-image-preview":"max-image-preview:large","max-video-preview":"max-video-preview:-1"},"canonical":"https:\/\/espak.ee\/epood\/toode\/vee-ja-tolmuimeja-einhell-tc-vc-1930sa\/","og_locale":"et_EE","og_type":"article","og_title":"VEE- JA TOLMUIMEJA EINHELL TC-VC 1930SA - Espak E-pood","og_description":"Vee- ja tolmuimeja TC-VC 1930 SA on asendamatu abiline, mis teeb kodu, t\u00f6\u00f6koja ja garaa\u017ei puhastamise palju lihtsamaks. Selle 30 l mahuga roostevabast terasest mahuti on m\u00f5eldud tolmu ja vedelike kogumiseks.","og_url":"https:\/\/espak.ee\/epood\/toode\/vee-ja-tolmuimeja-einhell-tc-vc-1930sa\/","og_site_name":"Espak E-pood","article_modified_time":"2024-03-22T21:39:31+00:00","og_image":[{"width":1395,"height":1772,"url":"https:\/\/espak.ee\/epood\/wp-content\/uploads\/2342190_11037_001_TC_VC_1930_SA_RAL3002_Pic.jpg","type":"image\/jpeg"}],"twitter_card":"summary_large_image","twitter_misc":{"Est. reading time":"1 minut"},"schema":{"@context":"https:\/\/schema.org","@graph":[{"@type":"WebPage","@id":"https:\/\/espak.ee\/epood\/toode\/vee-ja-tolmuimeja-einhell-tc-vc-1930sa\/","url":"https:\/\/espak.ee\/epood\/toode\/vee-ja-tolmuimeja-einhell-tc-vc-1930sa\/","name":"VEE- JA TOLMUIMEJA EINHELL TC-VC 1930SA - Espak E-pood","isPartOf":{"@id":"https:\/\/espak.ee\/epood\/#website"},"primaryImageOfPage":{"@id":"https:\/\/espak.ee\/epood\/toode\/vee-ja-tolmuimeja-einhell-tc-vc-1930sa\/#primaryimage"},"image":{"@id":"https:\/\/espak.ee\/epood\/toode\/vee-ja-tolmuimeja-einhell-tc-vc-1930sa\/#primaryimage"},"thumbnailUrl":"https:\/\/espak.ee\/epood\/wp-content\/uploads\/2342190_11037_001_TC_VC_1930_SA_RAL3002_Pic.jpg","datePublished":"2020-04-18T01:16:20+00:00","dateModified":"2024-03-22T21:39:31+00:00","description":"Vee- ja tolmuimeja TC-VC 1930 SA on asendamatu abiline, mis teeb kodu, t\u00f6\u00f6koja ja garaa\u017ei puhastamise palju lihtsamaks. Selle 30 l mahuga roostevabast terasest mahuti on m\u00f5eldud tolmu ja vedelike kogumiseks.","breadcrumb":{"@id":"https:\/\/espak.ee\/epood\/toode\/vee-ja-tolmuimeja-einhell-tc-vc-1930sa\/#breadcrumb"},"inLanguage":"et","potentialAction":[{"@type":"ReadAction","target":["https:\/\/espak.ee\/epood\/toode\/vee-ja-tolmuimeja-einhell-tc-vc-1930sa\/"]}]},{"@type":"ImageObject","inLanguage":"et","@id":"https:\/\/espak.ee\/epood\/toode\/vee-ja-tolmuimeja-einhell-tc-vc-1930sa\/#primaryimage","url":"https:\/\/espak.ee\/epood\/wp-content\/uploads\/2342190_11037_001_TC_VC_1930_SA_RAL3002_Pic.jpg","contentUrl":"https:\/\/espak.ee\/epood\/wp-content\/uploads\/2342190_11037_001_TC_VC_1930_SA_RAL3002_Pic.jpg","width":1395,"height":1772},{"@type":"BreadcrumbList","@id":"https:\/\/espak.ee\/epood\/toode\/vee-ja-tolmuimeja-einhell-tc-vc-1930sa\/#breadcrumb","itemListElement":[{"@type":"ListItem","position":1,"name":"Home","item":"https:\/\/espak.ee\/epood\/"},{"@type":"ListItem","position":2,"name":"Tootevalik","item":"https:\/\/espak.ee\/epood\/tootevalik\/"},{"@type":"ListItem","position":3,"name":"VEE- JA TOLMUIMEJA EINHELL TC-VC 1930SA"}]},{"@type":"WebSite","@id":"https:\/\/espak.ee\/epood\/#website","url":"https:\/\/espak.ee\/epood\/","name":"Espak E-pood","description":"","potentialAction":[{"@type":"SearchAction","target":{"@type":"EntryPoint","urlTemplate":"https:\/\/espak.ee\/epood\/?s={search_term_string}"},"query-input":{"@type":"PropertyValueSpecification","valueRequired":true,"valueName":"search_term_string"}}],"inLanguage":"et"}]}},"_links":{"self":[{"href":"https:\/\/espak.ee\/epood\/wp-json\/wp\/v2\/product\/21433","targetHints":{"allow":["GET"]}}],"collection":[{"href":"https:\/\/espak.ee\/epood\/wp-json\/wp\/v2\/product"}],"about":[{"href":"https:\/\/espak.ee\/epood\/wp-json\/wp\/v2\/types\/product"}],"replies":[{"embeddable":true,"href":"https:\/\/espak.ee\/epood\/wp-json\/wp\/v2\/comments?post=21433"}],"wp:featuredmedia":[{"embeddable":true,"href":"https:\/\/espak.ee\/epood\/wp-json\/wp\/v2\/media\/30606"}],"wp:attachment":[{"href":"https:\/\/espak.ee\/epood\/wp-json\/wp\/v2\/media?parent=21433"}],"wp:term":[{"taxonomy":"product_brand","embeddable":true,"href":"https:\/\/espak.ee\/epood\/wp-json\/wp\/v2\/product_brand?post=21433"},{"taxonomy":"product_cat","embeddable":true,"href":"https:\/\/espak.ee\/epood\/wp-json\/wp\/v2\/product_cat?post=21433"},{"taxonomy":"product_tag","embeddable":true,"href":"https:\/\/espak.ee\/epood\/wp-json\/wp\/v2\/product_tag?post=21433"}],"curies":[{"name":"wp","href":"https:\/\/api.w.org\/{rel}","templated":true}]}}