{"id":214317,"date":"2024-10-18T05:10:02","date_gmt":"2024-10-18T02:10:02","guid":{"rendered":"https:\/\/espak.ee\/epood\/?post_type=product&#038;p=214317"},"modified":"2024-10-18T10:59:35","modified_gmt":"2024-10-18T07:59:35","slug":"montaazivaht-caparol-056-00-isolatsiooniplaadi-vuukidesse-750ml","status":"publish","type":"product","link":"https:\/\/espak.ee\/epood\/toode\/montaazivaht-caparol-056-00-isolatsiooniplaadi-vuukidesse-750ml\/","title":{"rendered":"MONTAA\u017dIVAHT CAPAROL 056\/00 ISOLATSIOONIPLAADI VUUKIDESSE 750ML"},"content":{"rendered":"<div class=\"row\"  id=\"row-1428645418\">\n\n\t<div id=\"col-433391694\" class=\"col medium-9 small-12 large-9\"  >\n\t\t\t\t<div class=\"col-inner\"  >\n\t\t\t\n\t\t\t\n<h2>Montaa\u017eivaht Caparol 056\/00 750ml<\/h2>\n<p>V\u00e4ikese pingega pol\u00fcretaanvaht SILS A ja B s\u00fcsteemi isolatsiooniplaadi vuukide ja muude t\u00fchimike t\u00e4itmiseks.<\/p>\n<div class=\"message-box relative\" style=\"padding-top:15px;padding-bottom:15px;\"><div class=\"message-box-bg-image bg-fill fill\" ><\/div><div class=\"message-box-bg-overlay bg-fill fill\" ><\/div><div class=\"container relative\"><div class=\"inner last-reset\">\n<div class=\"row align-middle align-center\"  id=\"row-891085458\">\n\n\t<div id=\"col-1189367400\" class=\"col small-12 large-12\"  >\n\t\t\t\t<div class=\"col-inner text-left\"  >\n\t\t\t\n\t\t\t\n<h4>Omadused<\/h4>\n<div class=\"row\"  id=\"row-695804322\">\n\n\t<div id=\"col-1331191268\" class=\"col medium-6 small-12 large-6\"  >\n\t\t\t\t<div class=\"col-inner\"  >\n\t\t\t\n\t\t\t\n<p><i class=\"fa fa-check fa-2x\"><\/i> <strong> Niiskuse toimel tahkuv<\/strong><\/p>\n<p><i class=\"fa fa-check fa-2x\"><\/i> <strong> J\u00e4relpaisumine hoitakse \u00e4ra vuugi servade eelneva niisutamisega<\/strong><\/p>\n\t\t<\/div>\n\t\t\t\t\n<style>\n#col-1331191268 > .col-inner {\n  margin: 0px 0px 15px 0px;\n}\n<\/style>\n\t<\/div>\n\n\t\n\n\t<div id=\"col-611683174\" class=\"col medium-6 small-12 large-6\"  >\n\t\t\t\t<div class=\"col-inner\"  >\n\t\t\t\n\t\t\t\n<p><i class=\"fa fa-check fa-2x\"><\/i> <strong> Vahu pealispind on ca 10 min p\u00e4rast mittekleepuv<\/strong><\/p>\n<p><i class=\"fa fa-check fa-2x\"><\/i> <strong> Vastavalt FMPA Leipzig poolt v\u00e4ljaantud tunnistusele, ka mineraalvilla isolatsiooni plaatide vahele sobiv, ei m\u00f5juta kogu s\u00fcsteemi tulekindlust<\/strong><\/p>\n\t\t<\/div>\n\t\t\t\t\n<style>\n#col-611683174 > .col-inner {\n  margin: 0px 0px 15px 0px;\n}\n<\/style>\n\t<\/div>\n\n\t\n<\/div>\n\t\t<\/div>\n\t\t\t\t\t<\/div>\n\n\t\n<\/div>\n<\/div><\/div><\/div>\n\t<div id=\"gap-2002308067\" class=\"gap-element clearfix\" style=\"display:block; height:auto;\">\n\t\t\n<style>\n#gap-2002308067 {\n  padding-top: 30px;\n}\n<\/style>\n\t<\/div>\n\t\n<h3>Kasutamise \u00fcksikasjad<\/h3>\n<p><strong>Aluspind:<\/strong> K\u00f5ik vahuga t\u00e4idetavad vuugid peavad olema stabiilsed, \u00f5li-\/rasvavabad ja kandvad. Enne kui tahetakse t\u00e4ita aknalaudade aluseid t\u00fchimikke, peavad aknalauad olema etten\u00e4htud maksimaalse vahega ja m\u00fc\u00fcriankrutega stabiliseeritud. Lahtised isolatsiooniplaatide vuugid on vahuga v\u00f5imalik t\u00e4ita max 5 mm vuugi puhul.<\/p>\n<p>Aluspinna ettevalmistamine:<br \/>\nK\u00f5ik vahuga kaetavad pinnad peab eelnevalt kergelt niisutama.<\/p>\n<p>Materjali valmistamine:<br \/>\nPurki tugevasti raputada, ca 10 min, seej\u00e4rel vastavalt kasutusjuhendile, p\u00f5hi \u00fclespidi, doseerimisp\u00fcstoli k\u00fclge kruvida.<\/p>\n<p>Pealekandmise meetod:<br \/>\nDoseerimisp\u00fcstolit hoida pidevalt asendis, kus purk on \u00fclalpool, doseerimiskang allpool. Kangi vajutades p\u00e4\u00e4seb vaht v\u00e4lja (vajadusel reguleerida doseerimiskruvi). Vaht kanda pinnale ventiiliotsikut \u00fchtlaselt vuugis vedades, \u00fchtlase triibuna.<\/p>\n<p>Lahtised isolatsiooniplaatide vahel olevad vuugid t\u00e4ita 30-40% ulatuses v\u00e4rske vahuga, vaht paisub seej\u00e4rel ise 2-3- kordselt. Tahkunud olekus peab vaht olema t\u00e4itnud kogu vuugi\u00f5\u00f5nsuse t\u00e4ielikult, mitte ainult n\u00e4htava pealispinna osa. Suuremate \u00f5\u00f5nsuste ja paksema kihi korral (nt aknalaudade aluste t\u00e4itmisel) peab vahtu paigaldama mitmes kihis, eelmiseid kihte niisutades.<\/p>\n<p>\u00dcle soojustusplaatide pealispinna paisunud vaht t\u00f6\u00f6delda alles siis, kui vaht on t\u00e4ielikult kuivanud. \u00dclej\u00e4\u00e4gid l\u00f5igata terava noaga vms, vajadusel lihvida nii, et pind j\u00e4\u00e4ks \u00fchtlaselt sile. T\u00f6\u00f6 katkestamine (ka pikemaks ajaks) on alati v\u00f5imalik, kui purgilt doseerimisp\u00fcstolit \u00e4ra ei v\u00f5eta. Kui t\u00fchjaks saanud purki aga koheselt uue vastu ei vahetata, peab doseerimisp\u00fcstoli vahepeal \u00e4ra puhastama. Enne vahetust peab purk olema t\u00e4iesti t\u00fchjaks kasutatud\u2013 v\u00f5imalikud j\u00e4\u00e4gid pritsida v\u00e4lja pr\u00fcgikotti, kuni p\u00fcstolist enam vahtu ei tule.\n<\/p>\n<p><strong>Kulu:<\/strong> Purgi sisu, 750 ml, paisub vabalt lastava vahu korral ca 40 dm\u00b3-ni. Temperatuur, niiskus ja \u00f5\u00f5nsuste m\u00f5\u00f5tmed (surve) m\u00f5jutavad tihedust ja jagusust.<\/p>\n<p><strong>T\u00f6\u00f6tlemistingimused: <\/strong>\u00d5hu ja aluspinna temperatuur ei tohi segu tahenemise ajal langea alla + 5 \u00baC.<\/p>\n\t\t<\/div>\n\t\t\t\t\t<\/div>\n\n\t\n\n\t<div id=\"col-646153927\" class=\"col medium-3 small-12 large-3\"  >\n\t\t\t\t<div class=\"col-inner\"  >\n\t\t\t\n\t\t\t\n\t<div id=\"gap-34129171\" class=\"gap-element clearfix\" style=\"display:block; height:auto;\">\n\t\t\n<style>\n#gap-34129171 {\n  padding-top: 30px;\n}\n<\/style>\n\t<\/div>\n\t\n<h3>Tehniline informatsioon<\/h3>\n<p><a href=\"https:\/\/espak.ee\/epood\/wp-content\/uploads\/2024\/10\/TI_Capatect-F_llschaum_B1_056_00_EE.pdf\"target=\"_blank\" rel=\"noopener noreferrer\"><i class=\"far fa-file-pdf\"><\/i> Tehniline info (PDF)<\/a><\/p>\n<h3>Ohutuskaart<\/h3>\n<p><a href=\"https:\/\/espak.ee\/epood\/wp-content\/uploads\/2024\/10\/Fuellschaum_056.pdf\"target=\"_blank\" rel=\"noopener noreferrer\"><i class=\"far fa-file-pdf\"><\/i> Ohutuskaart (PDF)<\/a><\/p>\n<div class=\"is-divider divider clearfix\" ><\/div>\n<p><strong>\u00dcksikasjalikuma n\u00f5u saamiseks v\u00f5tke \u00fchendust:<br \/><\/strong>SIA DAW Baltica Eesti filiaal<br \/>L\u00e4ike tee 2\/1<br \/>75312<br \/>Peetri alevik, Rae vald<br \/>+372 6000690<\/p>\n<div class=\"is-divider divider clearfix\" ><\/div>\n\t\t<\/div>\n\t\t\t\t\t<\/div>\n\n\t\n<\/div>\n","protected":false},"excerpt":{"rendered":"","protected":false},"featured_media":214406,"comment_status":"closed","ping_status":"closed","template":"","meta":[],"product_brand":[],"product_cat":[2703,2708,2710,2683],"product_tag":[],"class_list":{"0":"post-214317","1":"product","2":"type-product","3":"status-publish","4":"has-post-thumbnail","6":"product_cat-ehituskeemia","7":"product_cat-hermeetikud","8":"product_cat-montaazivahud","9":"product_cat-viimistluskaubad","10":"pa_kaubamark-daw-baltica-sia","12":"first","13":"instock","14":"sale","15":"taxable","16":"shipping-taxable","17":"purchasable","18":"product-type-simple"},"yoast_head":"<!-- This site is optimized with the Yoast SEO plugin v26.9 - https:\/\/yoast.com\/product\/yoast-seo-wordpress\/ -->\n<title>MONTAA\u017dIVAHT CAPAROL 056\/00 ISOLATSIOONIPLAADI VUUKIDESSE 750ML - Espak E-pood<\/title>\n<meta name=\"robots\" content=\"index, follow, max-snippet:-1, max-image-preview:large, max-video-preview:-1\" \/>\n<link rel=\"canonical\" href=\"https:\/\/espak.ee\/epood\/toode\/montaazivaht-caparol-056-00-isolatsiooniplaadi-vuukidesse-750ml\/\" \/>\n<meta property=\"og:locale\" content=\"et_EE\" \/>\n<meta property=\"og:type\" content=\"article\" \/>\n<meta property=\"og:title\" content=\"MONTAA\u017dIVAHT CAPAROL 056\/00 ISOLATSIOONIPLAADI VUUKIDESSE 750ML - Espak E-pood\" \/>\n<meta property=\"og:url\" content=\"https:\/\/espak.ee\/epood\/toode\/montaazivaht-caparol-056-00-isolatsiooniplaadi-vuukidesse-750ml\/\" \/>\n<meta property=\"og:site_name\" content=\"Espak E-pood\" \/>\n<meta property=\"article:modified_time\" content=\"2024-10-18T07:59:35+00:00\" \/>\n<meta property=\"og:image\" content=\"https:\/\/espak.ee\/epood\/wp-content\/uploads\/2024\/10\/071298_Capatect_Fuellschaum_B1_056_00.jpg\" \/>\n\t<meta property=\"og:image:width\" content=\"1000\" \/>\n\t<meta property=\"og:image:height\" content=\"1000\" \/>\n\t<meta property=\"og:image:type\" content=\"image\/jpeg\" \/>\n<meta name=\"twitter:card\" content=\"summary_large_image\" \/>\n<meta name=\"twitter:label1\" content=\"Est. reading time\" \/>\n\t<meta name=\"twitter:data1\" content=\"2 minutit\" \/>\n<script type=\"application\/ld+json\" class=\"yoast-schema-graph\">{\"@context\":\"https:\/\/schema.org\",\"@graph\":[{\"@type\":\"WebPage\",\"@id\":\"https:\/\/espak.ee\/epood\/toode\/montaazivaht-caparol-056-00-isolatsiooniplaadi-vuukidesse-750ml\/\",\"url\":\"https:\/\/espak.ee\/epood\/toode\/montaazivaht-caparol-056-00-isolatsiooniplaadi-vuukidesse-750ml\/\",\"name\":\"MONTAA\u017dIVAHT CAPAROL 056\/00 ISOLATSIOONIPLAADI VUUKIDESSE 750ML - Espak E-pood\",\"isPartOf\":{\"@id\":\"https:\/\/espak.ee\/epood\/#website\"},\"primaryImageOfPage\":{\"@id\":\"https:\/\/espak.ee\/epood\/toode\/montaazivaht-caparol-056-00-isolatsiooniplaadi-vuukidesse-750ml\/#primaryimage\"},\"image\":{\"@id\":\"https:\/\/espak.ee\/epood\/toode\/montaazivaht-caparol-056-00-isolatsiooniplaadi-vuukidesse-750ml\/#primaryimage\"},\"thumbnailUrl\":\"https:\/\/espak.ee\/epood\/wp-content\/uploads\/2024\/10\/071298_Capatect_Fuellschaum_B1_056_00.jpg\",\"datePublished\":\"2024-10-18T02:10:02+00:00\",\"dateModified\":\"2024-10-18T07:59:35+00:00\",\"breadcrumb\":{\"@id\":\"https:\/\/espak.ee\/epood\/toode\/montaazivaht-caparol-056-00-isolatsiooniplaadi-vuukidesse-750ml\/#breadcrumb\"},\"inLanguage\":\"et\",\"potentialAction\":[{\"@type\":\"ReadAction\",\"target\":[\"https:\/\/espak.ee\/epood\/toode\/montaazivaht-caparol-056-00-isolatsiooniplaadi-vuukidesse-750ml\/\"]}]},{\"@type\":\"ImageObject\",\"inLanguage\":\"et\",\"@id\":\"https:\/\/espak.ee\/epood\/toode\/montaazivaht-caparol-056-00-isolatsiooniplaadi-vuukidesse-750ml\/#primaryimage\",\"url\":\"https:\/\/espak.ee\/epood\/wp-content\/uploads\/2024\/10\/071298_Capatect_Fuellschaum_B1_056_00.jpg\",\"contentUrl\":\"https:\/\/espak.ee\/epood\/wp-content\/uploads\/2024\/10\/071298_Capatect_Fuellschaum_B1_056_00.jpg\",\"width\":1000,\"height\":1000},{\"@type\":\"BreadcrumbList\",\"@id\":\"https:\/\/espak.ee\/epood\/toode\/montaazivaht-caparol-056-00-isolatsiooniplaadi-vuukidesse-750ml\/#breadcrumb\",\"itemListElement\":[{\"@type\":\"ListItem\",\"position\":1,\"name\":\"Home\",\"item\":\"https:\/\/espak.ee\/epood\/\"},{\"@type\":\"ListItem\",\"position\":2,\"name\":\"Tootevalik\",\"item\":\"https:\/\/espak.ee\/epood\/tootevalik\/\"},{\"@type\":\"ListItem\",\"position\":3,\"name\":\"MONTAA\u017dIVAHT CAPAROL 056\/00 ISOLATSIOONIPLAADI VUUKIDESSE 750ML\"}]},{\"@type\":\"WebSite\",\"@id\":\"https:\/\/espak.ee\/epood\/#website\",\"url\":\"https:\/\/espak.ee\/epood\/\",\"name\":\"Espak E-pood\",\"description\":\"\",\"potentialAction\":[{\"@type\":\"SearchAction\",\"target\":{\"@type\":\"EntryPoint\",\"urlTemplate\":\"https:\/\/espak.ee\/epood\/?s={search_term_string}\"},\"query-input\":{\"@type\":\"PropertyValueSpecification\",\"valueRequired\":true,\"valueName\":\"search_term_string\"}}],\"inLanguage\":\"et\"}]}<\/script>\n<!-- \/ Yoast SEO plugin. -->","yoast_head_json":{"title":"MONTAA\u017dIVAHT CAPAROL 056\/00 ISOLATSIOONIPLAADI VUUKIDESSE 750ML - Espak E-pood","robots":{"index":"index","follow":"follow","max-snippet":"max-snippet:-1","max-image-preview":"max-image-preview:large","max-video-preview":"max-video-preview:-1"},"canonical":"https:\/\/espak.ee\/epood\/toode\/montaazivaht-caparol-056-00-isolatsiooniplaadi-vuukidesse-750ml\/","og_locale":"et_EE","og_type":"article","og_title":"MONTAA\u017dIVAHT CAPAROL 056\/00 ISOLATSIOONIPLAADI VUUKIDESSE 750ML - Espak E-pood","og_url":"https:\/\/espak.ee\/epood\/toode\/montaazivaht-caparol-056-00-isolatsiooniplaadi-vuukidesse-750ml\/","og_site_name":"Espak E-pood","article_modified_time":"2024-10-18T07:59:35+00:00","og_image":[{"width":1000,"height":1000,"url":"https:\/\/espak.ee\/epood\/wp-content\/uploads\/2024\/10\/071298_Capatect_Fuellschaum_B1_056_00.jpg","type":"image\/jpeg"}],"twitter_card":"summary_large_image","twitter_misc":{"Est. reading time":"2 minutit"},"schema":{"@context":"https:\/\/schema.org","@graph":[{"@type":"WebPage","@id":"https:\/\/espak.ee\/epood\/toode\/montaazivaht-caparol-056-00-isolatsiooniplaadi-vuukidesse-750ml\/","url":"https:\/\/espak.ee\/epood\/toode\/montaazivaht-caparol-056-00-isolatsiooniplaadi-vuukidesse-750ml\/","name":"MONTAA\u017dIVAHT CAPAROL 056\/00 ISOLATSIOONIPLAADI VUUKIDESSE 750ML - Espak E-pood","isPartOf":{"@id":"https:\/\/espak.ee\/epood\/#website"},"primaryImageOfPage":{"@id":"https:\/\/espak.ee\/epood\/toode\/montaazivaht-caparol-056-00-isolatsiooniplaadi-vuukidesse-750ml\/#primaryimage"},"image":{"@id":"https:\/\/espak.ee\/epood\/toode\/montaazivaht-caparol-056-00-isolatsiooniplaadi-vuukidesse-750ml\/#primaryimage"},"thumbnailUrl":"https:\/\/espak.ee\/epood\/wp-content\/uploads\/2024\/10\/071298_Capatect_Fuellschaum_B1_056_00.jpg","datePublished":"2024-10-18T02:10:02+00:00","dateModified":"2024-10-18T07:59:35+00:00","breadcrumb":{"@id":"https:\/\/espak.ee\/epood\/toode\/montaazivaht-caparol-056-00-isolatsiooniplaadi-vuukidesse-750ml\/#breadcrumb"},"inLanguage":"et","potentialAction":[{"@type":"ReadAction","target":["https:\/\/espak.ee\/epood\/toode\/montaazivaht-caparol-056-00-isolatsiooniplaadi-vuukidesse-750ml\/"]}]},{"@type":"ImageObject","inLanguage":"et","@id":"https:\/\/espak.ee\/epood\/toode\/montaazivaht-caparol-056-00-isolatsiooniplaadi-vuukidesse-750ml\/#primaryimage","url":"https:\/\/espak.ee\/epood\/wp-content\/uploads\/2024\/10\/071298_Capatect_Fuellschaum_B1_056_00.jpg","contentUrl":"https:\/\/espak.ee\/epood\/wp-content\/uploads\/2024\/10\/071298_Capatect_Fuellschaum_B1_056_00.jpg","width":1000,"height":1000},{"@type":"BreadcrumbList","@id":"https:\/\/espak.ee\/epood\/toode\/montaazivaht-caparol-056-00-isolatsiooniplaadi-vuukidesse-750ml\/#breadcrumb","itemListElement":[{"@type":"ListItem","position":1,"name":"Home","item":"https:\/\/espak.ee\/epood\/"},{"@type":"ListItem","position":2,"name":"Tootevalik","item":"https:\/\/espak.ee\/epood\/tootevalik\/"},{"@type":"ListItem","position":3,"name":"MONTAA\u017dIVAHT CAPAROL 056\/00 ISOLATSIOONIPLAADI VUUKIDESSE 750ML"}]},{"@type":"WebSite","@id":"https:\/\/espak.ee\/epood\/#website","url":"https:\/\/espak.ee\/epood\/","name":"Espak E-pood","description":"","potentialAction":[{"@type":"SearchAction","target":{"@type":"EntryPoint","urlTemplate":"https:\/\/espak.ee\/epood\/?s={search_term_string}"},"query-input":{"@type":"PropertyValueSpecification","valueRequired":true,"valueName":"search_term_string"}}],"inLanguage":"et"}]}},"_links":{"self":[{"href":"https:\/\/espak.ee\/epood\/wp-json\/wp\/v2\/product\/214317","targetHints":{"allow":["GET"]}}],"collection":[{"href":"https:\/\/espak.ee\/epood\/wp-json\/wp\/v2\/product"}],"about":[{"href":"https:\/\/espak.ee\/epood\/wp-json\/wp\/v2\/types\/product"}],"replies":[{"embeddable":true,"href":"https:\/\/espak.ee\/epood\/wp-json\/wp\/v2\/comments?post=214317"}],"wp:featuredmedia":[{"embeddable":true,"href":"https:\/\/espak.ee\/epood\/wp-json\/wp\/v2\/media\/214406"}],"wp:attachment":[{"href":"https:\/\/espak.ee\/epood\/wp-json\/wp\/v2\/media?parent=214317"}],"wp:term":[{"taxonomy":"product_brand","embeddable":true,"href":"https:\/\/espak.ee\/epood\/wp-json\/wp\/v2\/product_brand?post=214317"},{"taxonomy":"product_cat","embeddable":true,"href":"https:\/\/espak.ee\/epood\/wp-json\/wp\/v2\/product_cat?post=214317"},{"taxonomy":"product_tag","embeddable":true,"href":"https:\/\/espak.ee\/epood\/wp-json\/wp\/v2\/product_tag?post=214317"}],"curies":[{"name":"wp","href":"https:\/\/api.w.org\/{rel}","templated":true}]}}