{"id":214313,"date":"2024-10-18T05:10:02","date_gmt":"2024-10-18T02:10:02","guid":{"rendered":"https:\/\/espak.ee\/epood\/?post_type=product&#038;p=214313"},"modified":"2026-03-21T09:26:45","modified_gmt":"2026-03-21T07:26:45","slug":"krunt-caparol-tiefgrund-tb-10l","status":"publish","type":"product","link":"https:\/\/espak.ee\/epood\/toode\/krunt-caparol-tiefgrund-tb-10l\/","title":{"rendered":"KRUNT CAPAROL TIEFGRUND TB 10L"},"content":{"rendered":"<div class=\"row\"  id=\"row-304473533\">\n\n\t<div id=\"col-651845741\" class=\"col medium-9 small-12 large-9\"  >\n\t\t\t\t<div class=\"col-inner\"  >\n\t\t\t\n\t\t\t\n<h2>Tiefgrund TB 10L<\/h2>\n<p>Lahustit sisaldav spetsiaalkrunt sise- ja v\u00e4lispindadele.<br \/>\nP\u00e4rast kuivamist v\u00e4rvitu spetsiaalkrunt sise- ja v\u00e4list\u00f6\u00f6deks. Sobib spetsiaalselt kipspindadele, samuti vanade, liivase pealispinnaga krohvide, vanast v\u00e4rvist puhastatud v\u00f5i mehaaniliselt eemaldatud pealispindade v\u00f5i tapeediliimi ja makulatuurij\u00e4\u00e4kidega pindade kruntimiseks ja tugevdamiseks. Ei sobi pol\u00fcst\u00fcroolisolatsiooniga soojusisolatsiooni liits\u00fcsteemidele ja pol\u00fcst\u00fcrooli sisaldavatele krohvidele. Mitte kasutada ruumides, kus hoitakse v\u00f5i toodetakse toiduaineid.<\/p>\n<div class=\"message-box relative\" style=\"padding-top:15px;padding-bottom:15px;\"><div class=\"message-box-bg-image bg-fill fill\" ><\/div><div class=\"message-box-bg-overlay bg-fill fill\" ><\/div><div class=\"container relative\"><div class=\"inner last-reset\">\n<div class=\"row align-middle align-center\"  id=\"row-686634325\">\n\n\t<div id=\"col-671207207\" class=\"col small-12 large-12\"  >\n\t\t\t\t<div class=\"col-inner text-left\"  >\n\t\t\t\n\t\t\t\n<h4>Omadused<\/h4>\n<div class=\"row\"  id=\"row-937945537\">\n\n\t<div id=\"col-754389181\" class=\"col medium-6 small-12 large-6\"  >\n\t\t\t\t<div class=\"col-inner\"  >\n\t\t\t\n\t\t\t\n<p><i class=\"fa fa-check fa-2x\"><\/i> <strong> Aluskrunti tugevdav<\/strong><\/p>\n<p><i class=\"fa fa-check fa-2x\"><\/i> <strong> K\u00f5rge imamis-, difusiooni- ja sorptsiooniv\u00f5imega<\/strong><\/p>\n\t\t<\/div>\n\t\t\t\t\n<style>\n#col-754389181 > .col-inner {\n  margin: 0px 0px 15px 0px;\n}\n<\/style>\n\t<\/div>\n\n\t\n\n\t<div id=\"col-1364572348\" class=\"col medium-6 small-12 large-6\"  >\n\t\t\t\t<div class=\"col-inner\"  >\n\t\t\t\n\t\t\t\n<p><i class=\"fa fa-check fa-2x\"><\/i> <strong> Vastupidav leelistele<\/strong><\/p>\n<p><i class=\"fa fa-check fa-2x\"><\/i> <strong> P\u00e4rast kuivamist v\u00e4rvitu<\/strong><\/p>\n\t\t<\/div>\n\t\t\t\t\n<style>\n#col-1364572348 > .col-inner {\n  margin: 0px 0px 15px 0px;\n}\n<\/style>\n\t<\/div>\n\n\t\n<\/div>\n\t\t<\/div>\n\t\t\t\t\t<\/div>\n\n\t\n<\/div>\n<\/div><\/div><\/div>\n\t<div id=\"gap-1699539591\" class=\"gap-element clearfix\" style=\"display:block; height:auto;\">\n\t\t\n<style>\n#gap-1699539591 {\n  padding-top: 30px;\n}\n<\/style>\n\t<\/div>\n\t\n<h3>Kasutamise \u00fcksikasjad<\/h3>\n<p><strong>Sobiv aluspind:<\/strong> Aluspind peab olema \u00fchtlane, puhas, kuiv, tugev, kandev, ei tohi olla nakkumist takistavaid aineid. Kinni tuleb pidada ehitusteenuste t\u00f6\u00f6v\u00f5tu m\u00e4\u00e4rusest (VOB), C-osa, standard DIN 18 363, l\u00f5ik 3.<\/p>\n<p><strong>Kulu: <\/strong>150 \u2013 300 ml\/m2, s\u00f5ltuvalt aluspinna imavusest ja lahjendamisastmest. T\u00e4psed kulunormid ja lahjendamisaste teha kindlaks proovikatmise teel.<\/p>\n<p><strong>T\u00f6\u00f6tlemistingimused: <\/strong>V\u00f5ib t\u00f6\u00f6delda ka miinuskraadide juures, kui aluspind on kuiv ja j\u00e4\u00e4vaba.<\/p>\n<p><strong>T\u00e4helepanu: <\/strong>Mitte kasutada tundlikes kohtades ilma piisava kuivamisajata. Caparol-Tiefgrund TB kruntv\u00e4rvi kasutamisel siseruumides v\u00f5ib esineda t\u00fc\u00fcpilist lahustil\u00f5hna. Seet\u00f5ttu tuleb tagada hea ventilatsioon. Eluruumides kasutada aromaatseid \u00fchendeid mittesisaldavat v\u00e4hese l\u00f5hnaga AmphiSilan-Putzfestigeri (vt tehniline informatsioon nr 670).<br \/>\nCaparol-Tiefgrund TB-d ei tohi segada teiste toodetega.<\/p>\n\t\t<\/div>\n\t\t\t\t\t<\/div>\n\n\t\n\n\t<div id=\"col-1964914734\" class=\"col medium-3 small-12 large-3\"  >\n\t\t\t\t<div class=\"col-inner\"  >\n\t\t\t\n\t\t\t\n\t<div id=\"gap-294203533\" class=\"gap-element clearfix\" style=\"display:block; height:auto;\">\n\t\t\n<style>\n#gap-294203533 {\n  padding-top: 30px;\n}\n<\/style>\n\t<\/div>\n\t\n<h3>Tehniline informatsioon<\/h3>\n<p><a href=\"https:\/\/espak.ee\/epood\/wp-content\/uploads\/2024\/10\/TI_Caparol_Tiefgrund_EE.pdf\"target=\"_blank\" rel=\"noopener noreferrer\"><i class=\"far fa-file-pdf\"><\/i> Tehniline info (PDF)<\/a><\/p>\n<h3>Ohutuskaart<\/h3>\n<p><a href=\"https:\/\/espak.ee\/epood\/wp-content\/uploads\/2024\/10\/1.0_Tiefgrund_TB_ET_EE.pdf\"target=\"_blank\" rel=\"noopener noreferrer\"><i class=\"far fa-file-pdf\"><\/i> Ohutuskaart (PDF)<\/a><\/p>\n<div class=\"is-divider divider clearfix\" ><\/div>\n<p><strong>\u00dcksikasjalikuma n\u00f5u saamiseks v\u00f5tke \u00fchendust:<br \/><\/strong>SIA DAW Baltica Eesti filiaal<br \/>L\u00e4ike tee 2\/1<br \/>75312<br \/>Peetri alevik, Rae vald<br \/>+372 6000690<\/p>\n<div class=\"is-divider divider clearfix\" ><\/div>\n\t\t<\/div>\n\t\t\t\t\t<\/div>\n\n\t\n<\/div>\n","protected":false},"excerpt":{"rendered":"","protected":false},"featured_media":214584,"comment_status":"closed","ping_status":"closed","template":"","meta":[],"product_brand":[],"product_cat":[2701,2693,2684,2683],"product_tag":[],"class_list":{"0":"post-214313","1":"product","2":"type-product","3":"status-publish","4":"has-post-thumbnail","6":"product_cat-immutusvahendid","7":"product_cat-lakid-peitsid-olid-puidukaitse","8":"product_cat-varvid-lakid-lahustid-puidukaitsed-olid","9":"product_cat-viimistluskaubad","10":"product_shipping_class-dpd-cold","11":"pa_kaubamark-daw-baltica-sia","13":"first","14":"instock","15":"sale","16":"taxable","17":"shipping-taxable","18":"purchasable","19":"product-type-simple"},"yoast_head":"<!-- This site is optimized with the Yoast SEO plugin v26.9 - https:\/\/yoast.com\/product\/yoast-seo-wordpress\/ -->\n<title>KRUNT CAPAROL TIEFGRUND TB 10L - Espak E-pood<\/title>\n<meta name=\"robots\" content=\"index, follow, max-snippet:-1, max-image-preview:large, max-video-preview:-1\" \/>\n<link rel=\"canonical\" href=\"https:\/\/espak.ee\/epood\/toode\/krunt-caparol-tiefgrund-tb-10l\/\" \/>\n<meta property=\"og:locale\" content=\"et_EE\" \/>\n<meta property=\"og:type\" content=\"article\" \/>\n<meta property=\"og:title\" content=\"KRUNT CAPAROL TIEFGRUND TB 10L - Espak E-pood\" \/>\n<meta property=\"og:url\" content=\"https:\/\/espak.ee\/epood\/toode\/krunt-caparol-tiefgrund-tb-10l\/\" \/>\n<meta property=\"og:site_name\" content=\"Espak E-pood\" \/>\n<meta property=\"article:modified_time\" content=\"2026-03-21T07:26:45+00:00\" \/>\n<meta property=\"og:image\" content=\"https:\/\/espak.ee\/epood\/wp-content\/uploads\/2024\/10\/062042_Tiefgrund_TB.jpg\" \/>\n\t<meta property=\"og:image:width\" content=\"1000\" \/>\n\t<meta property=\"og:image:height\" content=\"1000\" \/>\n\t<meta property=\"og:image:type\" content=\"image\/jpeg\" \/>\n<meta name=\"twitter:card\" content=\"summary_large_image\" \/>\n<meta name=\"twitter:label1\" content=\"Est. reading time\" \/>\n\t<meta name=\"twitter:data1\" content=\"1 minut\" \/>\n<script type=\"application\/ld+json\" class=\"yoast-schema-graph\">{\"@context\":\"https:\/\/schema.org\",\"@graph\":[{\"@type\":\"WebPage\",\"@id\":\"https:\/\/espak.ee\/epood\/toode\/krunt-caparol-tiefgrund-tb-10l\/\",\"url\":\"https:\/\/espak.ee\/epood\/toode\/krunt-caparol-tiefgrund-tb-10l\/\",\"name\":\"KRUNT CAPAROL TIEFGRUND TB 10L - Espak E-pood\",\"isPartOf\":{\"@id\":\"https:\/\/espak.ee\/epood\/#website\"},\"primaryImageOfPage\":{\"@id\":\"https:\/\/espak.ee\/epood\/toode\/krunt-caparol-tiefgrund-tb-10l\/#primaryimage\"},\"image\":{\"@id\":\"https:\/\/espak.ee\/epood\/toode\/krunt-caparol-tiefgrund-tb-10l\/#primaryimage\"},\"thumbnailUrl\":\"https:\/\/espak.ee\/epood\/wp-content\/uploads\/2024\/10\/062042_Tiefgrund_TB.jpg\",\"datePublished\":\"2024-10-18T02:10:02+00:00\",\"dateModified\":\"2026-03-21T07:26:45+00:00\",\"breadcrumb\":{\"@id\":\"https:\/\/espak.ee\/epood\/toode\/krunt-caparol-tiefgrund-tb-10l\/#breadcrumb\"},\"inLanguage\":\"et\",\"potentialAction\":[{\"@type\":\"ReadAction\",\"target\":[\"https:\/\/espak.ee\/epood\/toode\/krunt-caparol-tiefgrund-tb-10l\/\"]}]},{\"@type\":\"ImageObject\",\"inLanguage\":\"et\",\"@id\":\"https:\/\/espak.ee\/epood\/toode\/krunt-caparol-tiefgrund-tb-10l\/#primaryimage\",\"url\":\"https:\/\/espak.ee\/epood\/wp-content\/uploads\/2024\/10\/062042_Tiefgrund_TB.jpg\",\"contentUrl\":\"https:\/\/espak.ee\/epood\/wp-content\/uploads\/2024\/10\/062042_Tiefgrund_TB.jpg\",\"width\":1000,\"height\":1000},{\"@type\":\"BreadcrumbList\",\"@id\":\"https:\/\/espak.ee\/epood\/toode\/krunt-caparol-tiefgrund-tb-10l\/#breadcrumb\",\"itemListElement\":[{\"@type\":\"ListItem\",\"position\":1,\"name\":\"Home\",\"item\":\"https:\/\/espak.ee\/epood\/\"},{\"@type\":\"ListItem\",\"position\":2,\"name\":\"Tootevalik\",\"item\":\"https:\/\/espak.ee\/epood\/tootevalik\/\"},{\"@type\":\"ListItem\",\"position\":3,\"name\":\"KRUNT CAPAROL TIEFGRUND TB 10L\"}]},{\"@type\":\"WebSite\",\"@id\":\"https:\/\/espak.ee\/epood\/#website\",\"url\":\"https:\/\/espak.ee\/epood\/\",\"name\":\"Espak E-pood\",\"description\":\"\",\"potentialAction\":[{\"@type\":\"SearchAction\",\"target\":{\"@type\":\"EntryPoint\",\"urlTemplate\":\"https:\/\/espak.ee\/epood\/?s={search_term_string}\"},\"query-input\":{\"@type\":\"PropertyValueSpecification\",\"valueRequired\":true,\"valueName\":\"search_term_string\"}}],\"inLanguage\":\"et\"}]}<\/script>\n<!-- \/ Yoast SEO plugin. -->","yoast_head_json":{"title":"KRUNT CAPAROL TIEFGRUND TB 10L - Espak E-pood","robots":{"index":"index","follow":"follow","max-snippet":"max-snippet:-1","max-image-preview":"max-image-preview:large","max-video-preview":"max-video-preview:-1"},"canonical":"https:\/\/espak.ee\/epood\/toode\/krunt-caparol-tiefgrund-tb-10l\/","og_locale":"et_EE","og_type":"article","og_title":"KRUNT CAPAROL TIEFGRUND TB 10L - Espak E-pood","og_url":"https:\/\/espak.ee\/epood\/toode\/krunt-caparol-tiefgrund-tb-10l\/","og_site_name":"Espak E-pood","article_modified_time":"2026-03-21T07:26:45+00:00","og_image":[{"width":1000,"height":1000,"url":"https:\/\/espak.ee\/epood\/wp-content\/uploads\/2024\/10\/062042_Tiefgrund_TB.jpg","type":"image\/jpeg"}],"twitter_card":"summary_large_image","twitter_misc":{"Est. reading time":"1 minut"},"schema":{"@context":"https:\/\/schema.org","@graph":[{"@type":"WebPage","@id":"https:\/\/espak.ee\/epood\/toode\/krunt-caparol-tiefgrund-tb-10l\/","url":"https:\/\/espak.ee\/epood\/toode\/krunt-caparol-tiefgrund-tb-10l\/","name":"KRUNT CAPAROL TIEFGRUND TB 10L - Espak E-pood","isPartOf":{"@id":"https:\/\/espak.ee\/epood\/#website"},"primaryImageOfPage":{"@id":"https:\/\/espak.ee\/epood\/toode\/krunt-caparol-tiefgrund-tb-10l\/#primaryimage"},"image":{"@id":"https:\/\/espak.ee\/epood\/toode\/krunt-caparol-tiefgrund-tb-10l\/#primaryimage"},"thumbnailUrl":"https:\/\/espak.ee\/epood\/wp-content\/uploads\/2024\/10\/062042_Tiefgrund_TB.jpg","datePublished":"2024-10-18T02:10:02+00:00","dateModified":"2026-03-21T07:26:45+00:00","breadcrumb":{"@id":"https:\/\/espak.ee\/epood\/toode\/krunt-caparol-tiefgrund-tb-10l\/#breadcrumb"},"inLanguage":"et","potentialAction":[{"@type":"ReadAction","target":["https:\/\/espak.ee\/epood\/toode\/krunt-caparol-tiefgrund-tb-10l\/"]}]},{"@type":"ImageObject","inLanguage":"et","@id":"https:\/\/espak.ee\/epood\/toode\/krunt-caparol-tiefgrund-tb-10l\/#primaryimage","url":"https:\/\/espak.ee\/epood\/wp-content\/uploads\/2024\/10\/062042_Tiefgrund_TB.jpg","contentUrl":"https:\/\/espak.ee\/epood\/wp-content\/uploads\/2024\/10\/062042_Tiefgrund_TB.jpg","width":1000,"height":1000},{"@type":"BreadcrumbList","@id":"https:\/\/espak.ee\/epood\/toode\/krunt-caparol-tiefgrund-tb-10l\/#breadcrumb","itemListElement":[{"@type":"ListItem","position":1,"name":"Home","item":"https:\/\/espak.ee\/epood\/"},{"@type":"ListItem","position":2,"name":"Tootevalik","item":"https:\/\/espak.ee\/epood\/tootevalik\/"},{"@type":"ListItem","position":3,"name":"KRUNT CAPAROL TIEFGRUND TB 10L"}]},{"@type":"WebSite","@id":"https:\/\/espak.ee\/epood\/#website","url":"https:\/\/espak.ee\/epood\/","name":"Espak E-pood","description":"","potentialAction":[{"@type":"SearchAction","target":{"@type":"EntryPoint","urlTemplate":"https:\/\/espak.ee\/epood\/?s={search_term_string}"},"query-input":{"@type":"PropertyValueSpecification","valueRequired":true,"valueName":"search_term_string"}}],"inLanguage":"et"}]}},"_links":{"self":[{"href":"https:\/\/espak.ee\/epood\/wp-json\/wp\/v2\/product\/214313","targetHints":{"allow":["GET"]}}],"collection":[{"href":"https:\/\/espak.ee\/epood\/wp-json\/wp\/v2\/product"}],"about":[{"href":"https:\/\/espak.ee\/epood\/wp-json\/wp\/v2\/types\/product"}],"replies":[{"embeddable":true,"href":"https:\/\/espak.ee\/epood\/wp-json\/wp\/v2\/comments?post=214313"}],"wp:featuredmedia":[{"embeddable":true,"href":"https:\/\/espak.ee\/epood\/wp-json\/wp\/v2\/media\/214584"}],"wp:attachment":[{"href":"https:\/\/espak.ee\/epood\/wp-json\/wp\/v2\/media?parent=214313"}],"wp:term":[{"taxonomy":"product_brand","embeddable":true,"href":"https:\/\/espak.ee\/epood\/wp-json\/wp\/v2\/product_brand?post=214313"},{"taxonomy":"product_cat","embeddable":true,"href":"https:\/\/espak.ee\/epood\/wp-json\/wp\/v2\/product_cat?post=214313"},{"taxonomy":"product_tag","embeddable":true,"href":"https:\/\/espak.ee\/epood\/wp-json\/wp\/v2\/product_tag?post=214313"}],"curies":[{"name":"wp","href":"https:\/\/api.w.org\/{rel}","templated":true}]}}