{"id":21427,"date":"2020-04-18T04:16:15","date_gmt":"2020-04-18T01:16:15","guid":{"rendered":"https:\/\/espak.ee\/hinnakiri\/?post_type=product&#038;p=21427"},"modified":"2026-04-06T06:23:34","modified_gmt":"2026-04-06T03:23:34","slug":"vints-trossiga-einhell-tc-wi-500","status":"publish","type":"product","link":"https:\/\/espak.ee\/epood\/toode\/vints-trossiga-einhell-tc-wi-500\/","title":{"rendered":"VINTS TROSSIGA EINHELL TC-WI 500"},"content":{"rendered":"<div class=\"row\"  id=\"row-1150159433\">\n\n\t<div id=\"col-1756775501\" class=\"col medium-9 small-12 large-9\"  >\n\t\t\t\t<div class=\"col-inner\"  >\n\t\t\t\n\t\t\t\n<div class=\"message-box relative\" style=\"padding-top:15px;padding-bottom:15px;\"><div class=\"message-box-bg-image bg-fill fill\" ><\/div><div class=\"message-box-bg-overlay bg-fill fill\" ><\/div><div class=\"container relative\"><div class=\"inner last-reset\">\n<div class=\"row align-middle align-center\"  id=\"row-86733579\">\n\n\t<div id=\"col-1615294307\" class=\"col small-12 large-12\"  >\n\t\t\t\t<div class=\"col-inner text-left\"  >\n\t\t\t\n\t\t\t\n<h4>Omadused<\/h4>\n<div class=\"row\"  id=\"row-1566611679\">\n\n\t<div id=\"col-1929424628\" class=\"col medium-6 small-12 large-6\"  >\n\t\t\t\t<div class=\"col-inner\"  >\n\t\t\t\n\t\t\t\n<p><i class=\"far fa-check-circle fa-2x\"><\/i><strong>\u00a0Mittekeerduv 10\u00a0m terastross (\u00d8 4,2\u00a0mm) <\/strong><\/p>\n<p><i class=\"far fa-check-circle fa-2x\"><\/i><strong> Tagasijooksu t\u00f5kis trossi ja lasti kindlalt paigal hoidmiseks\u00a0<\/strong><\/p>\n<p><i class=\"far fa-check-circle fa-2x\"><\/i><strong> Lihtne kinnitada t\u00e4nu aukudega kinnitusplaadile <\/strong><\/p>\n<p><i class=\"far fa-check-circle fa-2x\"><\/i><strong> Sulgur v\u00e4ldib lasti tahtmatut konksust vabanemist\u00a0<\/strong><\/p>\n\t\t<\/div>\n\t\t\t\t\n<style>\n#col-1929424628 > .col-inner {\n  margin: 0px 0px 15px 0px;\n}\n<\/style>\n\t<\/div>\n\n\t\n\n\t<div id=\"col-742195055\" class=\"col medium-6 small-12 large-6\"  >\n\t\t\t\t<div class=\"col-inner\"  >\n\t\t\t\n\t\t\t\n<p><i class=\"far fa-check-circle fa-2x\"><\/i><strong> Sisaldab sulguriga lastikonksu <\/strong><\/p>\n<p><i class=\"far fa-check-circle fa-2x\"><\/i><strong> Pehmendusega k\u00e4epide tagab mugava t\u00f6\u00f6tamise\u00a0<\/strong><\/p>\n<p><i class=\"far fa-check-circle fa-2x\"><\/i><strong> Trossvintsi suurim kandev\u00f5ime on 500\u00a0kg <\/strong><\/p>\n\t\t<\/div>\n\t\t\t\t\n<style>\n#col-742195055 > .col-inner {\n  margin: 0px 0px 15px 0px;\n}\n<\/style>\n\t<\/div>\n\n\t\n<\/div>\n\t\t<\/div>\n\t\t\t\t\t<\/div>\n\n\t\n<\/div>\n<\/div><\/div><\/div>\n\t<div id=\"gap-609037244\" class=\"gap-element clearfix\" style=\"display:block; height:auto;\">\n\t\t\n<style>\n#gap-609037244 {\n  padding-top: 30px;\n}\n<\/style>\n\t<\/div>\n\t\n<h2>Tootekirjeldus<\/h2>\n<p> Trossvintsi Einhell TC-WI 500 suurim lubatud koormus on 500\u00a0kg. Einhelli trossvintsil on 10 meetri pikkune mittekeerduv terastross (\u00d8 4,2 mm) koos sulguriga lastikonksuga. Sulgur v\u00e4ldib lasti tahtmatut konksust vabanemist. T\u00e4nu tagasijooksu t\u00f5kisele saab trossi ja lasti kindlalt paigal hoida. K\u00e4epidemel on mugavaks t\u00f6\u00f6tamiseks ja kindlaks kinnihoidmiseks pehmendatud haardepind. Seadmel on kiireks ja h\u00f5lpsaks kinnitamiseks aukudega kinnitusplaat. <\/p>\n\t<div id=\"gap-981159279\" class=\"gap-element clearfix\" style=\"display:block; height:auto;\">\n\t\t\n<style>\n#gap-981159279 {\n  padding-top: 30px;\n}\n<\/style>\n\t<\/div>\n\t\n\t\t<\/div>\n\t\t\t\t\t<\/div>\n\n\t\n\n\t<div id=\"col-860008465\" class=\"col medium-3 small-12 large-3\"  >\n\t\t\t\t<div class=\"col-inner\"  >\n\t\t\t\n\t\t\t\n\t<div id=\"gap-1160570029\" class=\"gap-element clearfix\" style=\"display:block; height:auto;\">\n\t\t\n<style>\n#gap-1160570029 {\n  padding-top: 30px;\n}\n<\/style>\n\t<\/div>\n\t\n<h3>Kasutusjuhend<\/h3>\n<p><a href=\"https:\/\/espak.ee\/epood\/wp-content\/uploads\/VINTS-TROSSIGA-10-M-0-5T-4-2MM-TC-WI-500-2260160.pdf\" target=\"_blank\" rel=\"noopener noreferrer\"><i class=\"far fa-file-pdf\"><\/i> Kasutusjuhend (PDF)<\/a><\/p>\n<div class=\"is-divider divider clearfix\" ><\/div>\n<p><strong>\u00dcksikasjalikuma n\u00f5u saamiseks v\u00f5tke \u00fchendust:<br \/><\/strong>Espak AS<br \/>Viadukti 42<br \/>11313<br \/>Tallinn<br \/>+372 6 512333<\/p>\n\t\t<\/div>\n\t\t\t\t\t<\/div>\n\n\t\n<\/div>\n","protected":false},"excerpt":{"rendered":"","protected":false},"featured_media":30598,"comment_status":"closed","ping_status":"open","template":"","meta":[],"product_brand":[],"product_cat":[2917,2893,2946,2947],"product_tag":[],"class_list":{"0":"post-21427","1":"product","2":"type-product","3":"status-publish","4":"has-post-thumbnail","6":"product_cat-kinnitustarvikud","7":"product_cat-rauakaubad","8":"product_cat-trossi-ja-keti-tarvikud","9":"product_cat-vintsid-ja-talid","10":"pa_kaubamark-einhell","12":"first","13":"instock","14":"sale","15":"taxable","16":"shipping-taxable","17":"purchasable","18":"product-type-simple"},"yoast_head":"<!-- This site is optimized with the Yoast SEO plugin v26.9 - https:\/\/yoast.com\/product\/yoast-seo-wordpress\/ -->\n<title>VINTS TROSSIGA EINHELL TC-WI 500 - Espak E-pood<\/title>\n<meta name=\"description\" content=\"Trossvintsi Einhell TC-WI 500 suurim lubatud koormus on 500\u00a0kg. Einhelli trossvintsil on 10 meetri pikkune mittekeerduv terastross (\u00d8 4,2 mm) koos sulguriga lastikonksuga.\" \/>\n<meta name=\"robots\" content=\"index, follow, max-snippet:-1, max-image-preview:large, max-video-preview:-1\" \/>\n<link rel=\"canonical\" href=\"https:\/\/espak.ee\/epood\/toode\/vints-trossiga-einhell-tc-wi-500\/\" \/>\n<meta property=\"og:locale\" content=\"et_EE\" \/>\n<meta property=\"og:type\" content=\"article\" \/>\n<meta property=\"og:title\" content=\"VINTS TROSSIGA EINHELL TC-WI 500 - Espak E-pood\" \/>\n<meta property=\"og:description\" content=\"Trossvintsi Einhell TC-WI 500 suurim lubatud koormus on 500\u00a0kg. Einhelli trossvintsil on 10 meetri pikkune mittekeerduv terastross (\u00d8 4,2 mm) koos sulguriga lastikonksuga.\" \/>\n<meta property=\"og:url\" content=\"https:\/\/espak.ee\/epood\/toode\/vints-trossiga-einhell-tc-wi-500\/\" \/>\n<meta property=\"og:site_name\" content=\"Espak E-pood\" \/>\n<meta property=\"article:modified_time\" content=\"2026-04-06T03:23:34+00:00\" \/>\n<meta property=\"og:image\" content=\"https:\/\/espak.ee\/epood\/wp-content\/uploads\/2260160_11019_001_TC_WI_500_RAL3002_Pic.jpg\" \/>\n\t<meta property=\"og:image:width\" content=\"1772\" \/>\n\t<meta property=\"og:image:height\" content=\"1605\" \/>\n\t<meta property=\"og:image:type\" content=\"image\/jpeg\" \/>\n<meta name=\"twitter:card\" content=\"summary_large_image\" \/>\n<meta name=\"twitter:label1\" content=\"Est. reading time\" \/>\n\t<meta name=\"twitter:data1\" content=\"1 minut\" \/>\n<script type=\"application\/ld+json\" class=\"yoast-schema-graph\">{\"@context\":\"https:\/\/schema.org\",\"@graph\":[{\"@type\":\"WebPage\",\"@id\":\"https:\/\/espak.ee\/epood\/toode\/vints-trossiga-einhell-tc-wi-500\/\",\"url\":\"https:\/\/espak.ee\/epood\/toode\/vints-trossiga-einhell-tc-wi-500\/\",\"name\":\"VINTS TROSSIGA EINHELL TC-WI 500 - Espak E-pood\",\"isPartOf\":{\"@id\":\"https:\/\/espak.ee\/epood\/#website\"},\"primaryImageOfPage\":{\"@id\":\"https:\/\/espak.ee\/epood\/toode\/vints-trossiga-einhell-tc-wi-500\/#primaryimage\"},\"image\":{\"@id\":\"https:\/\/espak.ee\/epood\/toode\/vints-trossiga-einhell-tc-wi-500\/#primaryimage\"},\"thumbnailUrl\":\"https:\/\/espak.ee\/epood\/wp-content\/uploads\/2260160_11019_001_TC_WI_500_RAL3002_Pic.jpg\",\"datePublished\":\"2020-04-18T01:16:15+00:00\",\"dateModified\":\"2026-04-06T03:23:34+00:00\",\"description\":\"Trossvintsi Einhell TC-WI 500 suurim lubatud koormus on 500\u00a0kg. Einhelli trossvintsil on 10 meetri pikkune mittekeerduv terastross (\u00d8 4,2 mm) koos sulguriga lastikonksuga.\",\"breadcrumb\":{\"@id\":\"https:\/\/espak.ee\/epood\/toode\/vints-trossiga-einhell-tc-wi-500\/#breadcrumb\"},\"inLanguage\":\"et\",\"potentialAction\":[{\"@type\":\"ReadAction\",\"target\":[\"https:\/\/espak.ee\/epood\/toode\/vints-trossiga-einhell-tc-wi-500\/\"]}]},{\"@type\":\"ImageObject\",\"inLanguage\":\"et\",\"@id\":\"https:\/\/espak.ee\/epood\/toode\/vints-trossiga-einhell-tc-wi-500\/#primaryimage\",\"url\":\"https:\/\/espak.ee\/epood\/wp-content\/uploads\/2260160_11019_001_TC_WI_500_RAL3002_Pic.jpg\",\"contentUrl\":\"https:\/\/espak.ee\/epood\/wp-content\/uploads\/2260160_11019_001_TC_WI_500_RAL3002_Pic.jpg\",\"width\":1772,\"height\":1605},{\"@type\":\"BreadcrumbList\",\"@id\":\"https:\/\/espak.ee\/epood\/toode\/vints-trossiga-einhell-tc-wi-500\/#breadcrumb\",\"itemListElement\":[{\"@type\":\"ListItem\",\"position\":1,\"name\":\"Home\",\"item\":\"https:\/\/espak.ee\/epood\/\"},{\"@type\":\"ListItem\",\"position\":2,\"name\":\"Tootevalik\",\"item\":\"https:\/\/espak.ee\/epood\/tootevalik\/\"},{\"@type\":\"ListItem\",\"position\":3,\"name\":\"VINTS TROSSIGA EINHELL TC-WI 500\"}]},{\"@type\":\"WebSite\",\"@id\":\"https:\/\/espak.ee\/epood\/#website\",\"url\":\"https:\/\/espak.ee\/epood\/\",\"name\":\"Espak E-pood\",\"description\":\"\",\"potentialAction\":[{\"@type\":\"SearchAction\",\"target\":{\"@type\":\"EntryPoint\",\"urlTemplate\":\"https:\/\/espak.ee\/epood\/?s={search_term_string}\"},\"query-input\":{\"@type\":\"PropertyValueSpecification\",\"valueRequired\":true,\"valueName\":\"search_term_string\"}}],\"inLanguage\":\"et\"}]}<\/script>\n<!-- \/ Yoast SEO plugin. -->","yoast_head_json":{"title":"VINTS TROSSIGA EINHELL TC-WI 500 - Espak E-pood","description":"Trossvintsi Einhell TC-WI 500 suurim lubatud koormus on 500\u00a0kg. Einhelli trossvintsil on 10 meetri pikkune mittekeerduv terastross (\u00d8 4,2 mm) koos sulguriga lastikonksuga.","robots":{"index":"index","follow":"follow","max-snippet":"max-snippet:-1","max-image-preview":"max-image-preview:large","max-video-preview":"max-video-preview:-1"},"canonical":"https:\/\/espak.ee\/epood\/toode\/vints-trossiga-einhell-tc-wi-500\/","og_locale":"et_EE","og_type":"article","og_title":"VINTS TROSSIGA EINHELL TC-WI 500 - Espak E-pood","og_description":"Trossvintsi Einhell TC-WI 500 suurim lubatud koormus on 500\u00a0kg. Einhelli trossvintsil on 10 meetri pikkune mittekeerduv terastross (\u00d8 4,2 mm) koos sulguriga lastikonksuga.","og_url":"https:\/\/espak.ee\/epood\/toode\/vints-trossiga-einhell-tc-wi-500\/","og_site_name":"Espak E-pood","article_modified_time":"2026-04-06T03:23:34+00:00","og_image":[{"width":1772,"height":1605,"url":"https:\/\/espak.ee\/epood\/wp-content\/uploads\/2260160_11019_001_TC_WI_500_RAL3002_Pic.jpg","type":"image\/jpeg"}],"twitter_card":"summary_large_image","twitter_misc":{"Est. reading time":"1 minut"},"schema":{"@context":"https:\/\/schema.org","@graph":[{"@type":"WebPage","@id":"https:\/\/espak.ee\/epood\/toode\/vints-trossiga-einhell-tc-wi-500\/","url":"https:\/\/espak.ee\/epood\/toode\/vints-trossiga-einhell-tc-wi-500\/","name":"VINTS TROSSIGA EINHELL TC-WI 500 - Espak E-pood","isPartOf":{"@id":"https:\/\/espak.ee\/epood\/#website"},"primaryImageOfPage":{"@id":"https:\/\/espak.ee\/epood\/toode\/vints-trossiga-einhell-tc-wi-500\/#primaryimage"},"image":{"@id":"https:\/\/espak.ee\/epood\/toode\/vints-trossiga-einhell-tc-wi-500\/#primaryimage"},"thumbnailUrl":"https:\/\/espak.ee\/epood\/wp-content\/uploads\/2260160_11019_001_TC_WI_500_RAL3002_Pic.jpg","datePublished":"2020-04-18T01:16:15+00:00","dateModified":"2026-04-06T03:23:34+00:00","description":"Trossvintsi Einhell TC-WI 500 suurim lubatud koormus on 500\u00a0kg. Einhelli trossvintsil on 10 meetri pikkune mittekeerduv terastross (\u00d8 4,2 mm) koos sulguriga lastikonksuga.","breadcrumb":{"@id":"https:\/\/espak.ee\/epood\/toode\/vints-trossiga-einhell-tc-wi-500\/#breadcrumb"},"inLanguage":"et","potentialAction":[{"@type":"ReadAction","target":["https:\/\/espak.ee\/epood\/toode\/vints-trossiga-einhell-tc-wi-500\/"]}]},{"@type":"ImageObject","inLanguage":"et","@id":"https:\/\/espak.ee\/epood\/toode\/vints-trossiga-einhell-tc-wi-500\/#primaryimage","url":"https:\/\/espak.ee\/epood\/wp-content\/uploads\/2260160_11019_001_TC_WI_500_RAL3002_Pic.jpg","contentUrl":"https:\/\/espak.ee\/epood\/wp-content\/uploads\/2260160_11019_001_TC_WI_500_RAL3002_Pic.jpg","width":1772,"height":1605},{"@type":"BreadcrumbList","@id":"https:\/\/espak.ee\/epood\/toode\/vints-trossiga-einhell-tc-wi-500\/#breadcrumb","itemListElement":[{"@type":"ListItem","position":1,"name":"Home","item":"https:\/\/espak.ee\/epood\/"},{"@type":"ListItem","position":2,"name":"Tootevalik","item":"https:\/\/espak.ee\/epood\/tootevalik\/"},{"@type":"ListItem","position":3,"name":"VINTS TROSSIGA EINHELL TC-WI 500"}]},{"@type":"WebSite","@id":"https:\/\/espak.ee\/epood\/#website","url":"https:\/\/espak.ee\/epood\/","name":"Espak E-pood","description":"","potentialAction":[{"@type":"SearchAction","target":{"@type":"EntryPoint","urlTemplate":"https:\/\/espak.ee\/epood\/?s={search_term_string}"},"query-input":{"@type":"PropertyValueSpecification","valueRequired":true,"valueName":"search_term_string"}}],"inLanguage":"et"}]}},"_links":{"self":[{"href":"https:\/\/espak.ee\/epood\/wp-json\/wp\/v2\/product\/21427","targetHints":{"allow":["GET"]}}],"collection":[{"href":"https:\/\/espak.ee\/epood\/wp-json\/wp\/v2\/product"}],"about":[{"href":"https:\/\/espak.ee\/epood\/wp-json\/wp\/v2\/types\/product"}],"replies":[{"embeddable":true,"href":"https:\/\/espak.ee\/epood\/wp-json\/wp\/v2\/comments?post=21427"}],"wp:featuredmedia":[{"embeddable":true,"href":"https:\/\/espak.ee\/epood\/wp-json\/wp\/v2\/media\/30598"}],"wp:attachment":[{"href":"https:\/\/espak.ee\/epood\/wp-json\/wp\/v2\/media?parent=21427"}],"wp:term":[{"taxonomy":"product_brand","embeddable":true,"href":"https:\/\/espak.ee\/epood\/wp-json\/wp\/v2\/product_brand?post=21427"},{"taxonomy":"product_cat","embeddable":true,"href":"https:\/\/espak.ee\/epood\/wp-json\/wp\/v2\/product_cat?post=21427"},{"taxonomy":"product_tag","embeddable":true,"href":"https:\/\/espak.ee\/epood\/wp-json\/wp\/v2\/product_tag?post=21427"}],"curies":[{"name":"wp","href":"https:\/\/api.w.org\/{rel}","templated":true}]}}