{"id":21424,"date":"2020-04-18T04:16:15","date_gmt":"2020-04-18T01:16:15","guid":{"rendered":"https:\/\/espak.ee\/hinnakiri\/?post_type=product&#038;p=21424"},"modified":"2024-03-22T23:39:32","modified_gmt":"2024-03-22T21:39:32","slug":"akupoleerija-einh-ce-cp-18-180-li-e-solo","status":"publish","type":"product","link":"https:\/\/espak.ee\/epood\/toode\/akupoleerija-einh-ce-cp-18-180-li-e-solo\/","title":{"rendered":"AKUPOLEERIJA EINH. CE-CP 18\/180 Li-E SOLO"},"content":{"rendered":"<div class=\"row\"  id=\"row-1032180374\">\n\n\t<div id=\"col-1000723580\" class=\"col medium-9 small-12 large-9\"  >\n\t\t\t\t<div class=\"col-inner\"  >\n\t\t\t\n\t\t\t\n<div class=\"message-box relative\" style=\"padding-top:15px;padding-bottom:15px;\"><div class=\"message-box-bg-image bg-fill fill\" ><\/div><div class=\"message-box-bg-overlay bg-fill fill\" ><\/div><div class=\"container relative\"><div class=\"inner last-reset\">\n<div class=\"row align-middle align-center\"  id=\"row-1580667584\">\n\n\t<div id=\"col-793328391\" class=\"col small-12 large-12\"  >\n\t\t\t\t<div class=\"col-inner text-left\"  >\n\t\t\t\n\t\t\t\n<h4>Omadused<\/h4>\n<div class=\"row\"  id=\"row-1932327118\">\n\n\t<div id=\"col-1232534262\" class=\"col medium-6 small-12 large-6\"  >\n\t\t\t\t<div class=\"col-inner\"  >\n\t\t\t\n\t\t\t\n<p><i class=\"far fa-check-circle fa-2x\"><\/i><strong>\u00a0Power X-Change\u00b4i tootepere liige <\/strong><\/p>\n<p><i class=\"far fa-check-circle fa-2x\"><\/i><strong> Kaks \u00fches seade: Poleerimine ja k\u00e4iamine\/lihvimine \u00fche t\u00f6\u00f6riistaga\u00a0<\/strong><\/p>\n<p><i class=\"far fa-check-circle fa-2x\"><\/i><strong> Spindli lukustuss\u00fcsteem poleerimisketta h\u00f5lpsaks kinnitamiseks <\/strong><\/p>\n<p><i class=\"far fa-check-circle fa-2x\"><\/i><strong> Parimate tulemuste saavutamiseks on soovitatav \u2265\u00a02,6\u00a0Ah Power X-Change laetav aku <\/strong><\/p>\n\t\t<\/div>\n\t\t\t\t\n<style>\n#col-1232534262 > .col-inner {\n  margin: 0px 0px 15px 0px;\n}\n<\/style>\n\t<\/div>\n\n\t\n\n\t<div id=\"col-526324568\" class=\"col medium-6 small-12 large-6\"  >\n\t\t\t\t<div class=\"col-inner\"  >\n\t\t\t\n\t\t\t\n<p><i class=\"far fa-check-circle fa-2x\"><\/i><strong> Einhelli harjavaba elektrimootor <\/strong><\/p>\n<p><i class=\"far fa-check-circle fa-2x\"><\/i><strong> Elektrooniline p\u00f6\u00f6rlemissageduse juhtimine vedelkristalln\u00e4idiku abil\u00a0<\/strong><\/p>\n<p><i class=\"far fa-check-circle fa-2x\"><\/i><strong> Suur 180 mm l\u00e4bim\u00f5\u00f5duga poleerimisketas kiire edenemise toetamiseks\u00a0<\/strong><\/p>\n<p><i class=\"far fa-check-circle fa-2x\"><\/i><strong> Ilma akuta ja laadijata (saadaval eraldi)\u00a0<\/strong><\/p>\n\t\t<\/div>\n\t\t\t\t\n<style>\n#col-526324568 > .col-inner {\n  margin: 0px 0px 15px 0px;\n}\n<\/style>\n\t<\/div>\n\n\t\n<\/div>\n\t\t<\/div>\n\t\t\t\t\t<\/div>\n\n\t\n<\/div>\n<\/div><\/div><\/div>\n\t<div id=\"gap-1164301093\" class=\"gap-element clearfix\" style=\"display:block; height:auto;\">\n\t\t\n<style>\n#gap-1164301093 {\n  padding-top: 30px;\n}\n<\/style>\n\t<\/div>\n\t\n<h2>Tootekirjeldus<\/h2>\n<p> Akupoleer- ja lihvmasin Einhell CE-CP 18\/180 Li E SOLO pakub kasutajale vabadust t\u00f6\u00f6tada kodus, t\u00f6\u00f6kohal ja garaa\u017eis juhtmevabalt. Juhtmeta poleer- ja lihvmasin kuulub Power X-Change\u00b4i tooteperesse ja selle s\u00fcsteemisarja akusid saab kasutada k\u00f5igis PXC tootepere seadmetes. Seda poleer- ja lihvmasinat k\u00e4itatakse pikaealise harjavaba elektrimootoriga. Kaks \u00fches t\u00f6\u00f6riistal on j\u00e4rgmised eelised. Poleerimine ja lihvimine sama t\u00f6\u00f6riistaga. Suure j\u00f5udlusega suur, 180 mm l\u00e4bim\u00f5\u00f5duga poleerimisketas. T\u00e4nu elektroonilisele vedelkristalln\u00e4idiku kaudu juhtimisele saavad meistrimehed p\u00f6\u00f6rlemissagedust iga kasutusjuhu jaoks h\u00f5lpsalt ja lihtsalt kohandada. T\u00f6\u00f6mugavusele m\u00f5eldes on seadmel optimaalse haarde ja juhitavuse tagamiseks ergonoomiline k\u00e4epide ning sale pehmendusega kujundus. Takjakinnis v\u00f5imaldab tarvikuid kiiresti vahetada. Poleerimisketta muretuks kinnitamiseks on olemas spindli lukustuss\u00fcsteem. Toode tarnitakse akuta ja akulaadurita. Need on saadaval eraldi, n\u00e4iteks otstarbeka akukomplektina. Parimate tulemuste saavutamiseks on soovitatav kasutada Einhelli 2,6\u00a0Ah\u00a0Plusi v\u00f5i suuremaid laetavaid akusid. <\/p>\n\t<div id=\"gap-1839882247\" class=\"gap-element clearfix\" style=\"display:block; height:auto;\">\n\t\t\n<style>\n#gap-1839882247 {\n  padding-top: 30px;\n}\n<\/style>\n\t<\/div>\n\t\n\t\t<\/div>\n\t\t\t\t\t<\/div>\n\n\t\n\n\t<div id=\"col-990491797\" class=\"col medium-3 small-12 large-3\"  >\n\t\t\t\t<div class=\"col-inner\"  >\n\t\t\t\n\t\t\t\n\t<div id=\"gap-1267859899\" class=\"gap-element clearfix\" style=\"display:block; height:auto;\">\n\t\t\n<style>\n#gap-1267859899 {\n  padding-top: 30px;\n}\n<\/style>\n\t<\/div>\n\t\n<img decoding=\"async\" src=\"https:\/\/espak.ee\/epood\/wp-content\/uploads\/2020\/04\/Power-x-change-logo.jpg\" alt=\"\" width=\"1772\" height=\"343\" class=\"alignnone size-full wp-image-97311\" srcset=\"https:\/\/espak.ee\/epood\/wp-content\/uploads\/2020\/04\/Power-x-change-logo.jpg 1772w, https:\/\/espak.ee\/epood\/wp-content\/uploads\/2020\/04\/Power-x-change-logo-500x97.jpg 500w, https:\/\/espak.ee\/epood\/wp-content\/uploads\/2020\/04\/Power-x-change-logo-769x149.jpg 769w, https:\/\/espak.ee\/epood\/wp-content\/uploads\/2020\/04\/Power-x-change-logo-300x58.jpg 300w, https:\/\/espak.ee\/epood\/wp-content\/uploads\/2020\/04\/Power-x-change-logo-1024x198.jpg 1024w, https:\/\/espak.ee\/epood\/wp-content\/uploads\/2020\/04\/Power-x-change-logo-150x29.jpg 150w, https:\/\/espak.ee\/epood\/wp-content\/uploads\/2020\/04\/Power-x-change-logo-768x149.jpg 768w, https:\/\/espak.ee\/epood\/wp-content\/uploads\/2020\/04\/Power-x-change-logo-1536x297.jpg 1536w\" sizes=\"(max-width: 1772px) 100vw, 1772px\" \/><\/p>\n<div style=\"width: 1020px;\" class=\"wp-video\"><video class=\"wp-video-shortcode\" id=\"video-21424-1\" width=\"1020\" height=\"574\" preload=\"metadata\" controls=\"controls\"><source type=\"video\/mp4\" src=\"https:\/\/espak.ee\/epood\/wp-content\/uploads\/2020\/04\/2093320-AKUPOLEERIJA-EINH.-CE-CP-18-180-LiE-SOLO.mp4?_=1\" \/><a href=\"https:\/\/espak.ee\/epood\/wp-content\/uploads\/2020\/04\/2093320-AKUPOLEERIJA-EINH.-CE-CP-18-180-LiE-SOLO.mp4\">https:\/\/espak.ee\/epood\/wp-content\/uploads\/2020\/04\/2093320-AKUPOLEERIJA-EINH.-CE-CP-18-180-LiE-SOLO.mp4<\/a><\/video><\/div>\n<div class=\"is-divider divider clearfix\" ><\/div>\n<h3>Kasutusjuhend<\/h3>\n<p><a href=\"https:\/\/espak.ee\/epood\/wp-content\/uploads\/Akupoleermasin-Einhell-ce-cp-180-li-e-solo-2093320.pdf\" target=\"_blank\" rel=\"noopener noreferrer\"><i class=\"far fa-file-pdf\"><\/i> Kasutusjuhend (PDF)<\/a><\/p>\n<div class=\"is-divider divider clearfix\" ><\/div>\n<p><strong>\u00dcksikasjalikuma n\u00f5u saamiseks v\u00f5tke \u00fchendust:<br \/><\/strong>Espak AS<br \/>Viadukti 42<br \/>11313<br \/>Tallinn<br \/>+372 6 512333<\/p>\n\t\t<\/div>\n\t\t\t\t\t<\/div>\n\n\t\n<\/div>\n","protected":false},"excerpt":{"rendered":"","protected":false},"featured_media":30587,"comment_status":"closed","ping_status":"closed","template":"","meta":[],"product_brand":[],"product_cat":[3045,2733,2680,2679],"product_tag":[],"class_list":{"0":"post-21424","1":"product","2":"type-product","3":"status-publish","4":"has-post-thumbnail","6":"product_cat-akupoleermasinad","7":"product_cat-akutooriistad","8":"product_cat-elektritooriistad","9":"product_cat-tooriistad","10":"pa_kaubamark-einhell","12":"first","13":"instock","14":"sale","15":"taxable","16":"shipping-taxable","17":"purchasable","18":"product-type-simple"},"yoast_head":"<!-- This site is optimized with the Yoast SEO plugin v26.9 - https:\/\/yoast.com\/product\/yoast-seo-wordpress\/ -->\n<title>AKUPOLEERIJA EINH. CE-CP 18\/180 Li-E SOLO - Espak E-pood<\/title>\n<meta name=\"description\" content=\"Akupoleer- ja lihvmasin Einhell CE-CP 18\/180 Li E SOLO pakub kasutajale vabadust t\u00f6\u00f6tada kodus, t\u00f6\u00f6kohal ja garaa\u017eis juhtmevabalt.\" \/>\n<meta name=\"robots\" content=\"index, follow, max-snippet:-1, max-image-preview:large, max-video-preview:-1\" \/>\n<link rel=\"canonical\" href=\"https:\/\/espak.ee\/epood\/toode\/akupoleerija-einh-ce-cp-18-180-li-e-solo\/\" \/>\n<meta property=\"og:locale\" content=\"et_EE\" \/>\n<meta property=\"og:type\" content=\"article\" \/>\n<meta property=\"og:title\" content=\"AKUPOLEERIJA EINH. CE-CP 18\/180 Li-E SOLO - Espak E-pood\" \/>\n<meta property=\"og:description\" content=\"Akupoleer- ja lihvmasin Einhell CE-CP 18\/180 Li E SOLO pakub kasutajale vabadust t\u00f6\u00f6tada kodus, t\u00f6\u00f6kohal ja garaa\u017eis juhtmevabalt.\" \/>\n<meta property=\"og:url\" content=\"https:\/\/espak.ee\/epood\/toode\/akupoleerija-einh-ce-cp-18-180-li-e-solo\/\" \/>\n<meta property=\"og:site_name\" content=\"Espak E-pood\" \/>\n<meta property=\"article:modified_time\" content=\"2024-03-22T21:39:32+00:00\" \/>\n<meta property=\"og:image\" content=\"https:\/\/espak.ee\/epood\/wp-content\/uploads\/2093320_11018_001_GE_CP_18_180_Li_E_Solo_RAL3002_Pic.jpg\" \/>\n\t<meta property=\"og:image:width\" content=\"1772\" \/>\n\t<meta property=\"og:image:height\" content=\"1149\" \/>\n\t<meta property=\"og:image:type\" content=\"image\/jpeg\" \/>\n<meta name=\"twitter:card\" content=\"summary_large_image\" \/>\n<meta name=\"twitter:label1\" content=\"Est. reading time\" \/>\n\t<meta name=\"twitter:data1\" content=\"2 minutit\" \/>\n<script type=\"application\/ld+json\" class=\"yoast-schema-graph\">{\"@context\":\"https:\/\/schema.org\",\"@graph\":[{\"@type\":\"WebPage\",\"@id\":\"https:\/\/espak.ee\/epood\/toode\/akupoleerija-einh-ce-cp-18-180-li-e-solo\/\",\"url\":\"https:\/\/espak.ee\/epood\/toode\/akupoleerija-einh-ce-cp-18-180-li-e-solo\/\",\"name\":\"AKUPOLEERIJA EINH. CE-CP 18\/180 Li-E SOLO - Espak E-pood\",\"isPartOf\":{\"@id\":\"https:\/\/espak.ee\/epood\/#website\"},\"primaryImageOfPage\":{\"@id\":\"https:\/\/espak.ee\/epood\/toode\/akupoleerija-einh-ce-cp-18-180-li-e-solo\/#primaryimage\"},\"image\":{\"@id\":\"https:\/\/espak.ee\/epood\/toode\/akupoleerija-einh-ce-cp-18-180-li-e-solo\/#primaryimage\"},\"thumbnailUrl\":\"https:\/\/espak.ee\/epood\/wp-content\/uploads\/2093320_11018_001_GE_CP_18_180_Li_E_Solo_RAL3002_Pic.jpg\",\"datePublished\":\"2020-04-18T01:16:15+00:00\",\"dateModified\":\"2024-03-22T21:39:32+00:00\",\"description\":\"Akupoleer- ja lihvmasin Einhell CE-CP 18\/180 Li E SOLO pakub kasutajale vabadust t\u00f6\u00f6tada kodus, t\u00f6\u00f6kohal ja garaa\u017eis juhtmevabalt.\",\"breadcrumb\":{\"@id\":\"https:\/\/espak.ee\/epood\/toode\/akupoleerija-einh-ce-cp-18-180-li-e-solo\/#breadcrumb\"},\"inLanguage\":\"et\",\"potentialAction\":[{\"@type\":\"ReadAction\",\"target\":[\"https:\/\/espak.ee\/epood\/toode\/akupoleerija-einh-ce-cp-18-180-li-e-solo\/\"]}]},{\"@type\":\"ImageObject\",\"inLanguage\":\"et\",\"@id\":\"https:\/\/espak.ee\/epood\/toode\/akupoleerija-einh-ce-cp-18-180-li-e-solo\/#primaryimage\",\"url\":\"https:\/\/espak.ee\/epood\/wp-content\/uploads\/2093320_11018_001_GE_CP_18_180_Li_E_Solo_RAL3002_Pic.jpg\",\"contentUrl\":\"https:\/\/espak.ee\/epood\/wp-content\/uploads\/2093320_11018_001_GE_CP_18_180_Li_E_Solo_RAL3002_Pic.jpg\",\"width\":1772,\"height\":1149},{\"@type\":\"BreadcrumbList\",\"@id\":\"https:\/\/espak.ee\/epood\/toode\/akupoleerija-einh-ce-cp-18-180-li-e-solo\/#breadcrumb\",\"itemListElement\":[{\"@type\":\"ListItem\",\"position\":1,\"name\":\"Home\",\"item\":\"https:\/\/espak.ee\/epood\/\"},{\"@type\":\"ListItem\",\"position\":2,\"name\":\"Tootevalik\",\"item\":\"https:\/\/espak.ee\/epood\/tootevalik\/\"},{\"@type\":\"ListItem\",\"position\":3,\"name\":\"AKUPOLEERIJA EINH. CE-CP 18\/180 Li-E SOLO\"}]},{\"@type\":\"WebSite\",\"@id\":\"https:\/\/espak.ee\/epood\/#website\",\"url\":\"https:\/\/espak.ee\/epood\/\",\"name\":\"Espak E-pood\",\"description\":\"\",\"potentialAction\":[{\"@type\":\"SearchAction\",\"target\":{\"@type\":\"EntryPoint\",\"urlTemplate\":\"https:\/\/espak.ee\/epood\/?s={search_term_string}\"},\"query-input\":{\"@type\":\"PropertyValueSpecification\",\"valueRequired\":true,\"valueName\":\"search_term_string\"}}],\"inLanguage\":\"et\"}]}<\/script>\n<!-- \/ Yoast SEO plugin. -->","yoast_head_json":{"title":"AKUPOLEERIJA EINH. CE-CP 18\/180 Li-E SOLO - Espak E-pood","description":"Akupoleer- ja lihvmasin Einhell CE-CP 18\/180 Li E SOLO pakub kasutajale vabadust t\u00f6\u00f6tada kodus, t\u00f6\u00f6kohal ja garaa\u017eis juhtmevabalt.","robots":{"index":"index","follow":"follow","max-snippet":"max-snippet:-1","max-image-preview":"max-image-preview:large","max-video-preview":"max-video-preview:-1"},"canonical":"https:\/\/espak.ee\/epood\/toode\/akupoleerija-einh-ce-cp-18-180-li-e-solo\/","og_locale":"et_EE","og_type":"article","og_title":"AKUPOLEERIJA EINH. CE-CP 18\/180 Li-E SOLO - Espak E-pood","og_description":"Akupoleer- ja lihvmasin Einhell CE-CP 18\/180 Li E SOLO pakub kasutajale vabadust t\u00f6\u00f6tada kodus, t\u00f6\u00f6kohal ja garaa\u017eis juhtmevabalt.","og_url":"https:\/\/espak.ee\/epood\/toode\/akupoleerija-einh-ce-cp-18-180-li-e-solo\/","og_site_name":"Espak E-pood","article_modified_time":"2024-03-22T21:39:32+00:00","og_image":[{"width":1772,"height":1149,"url":"https:\/\/espak.ee\/epood\/wp-content\/uploads\/2093320_11018_001_GE_CP_18_180_Li_E_Solo_RAL3002_Pic.jpg","type":"image\/jpeg"}],"twitter_card":"summary_large_image","twitter_misc":{"Est. reading time":"2 minutit"},"schema":{"@context":"https:\/\/schema.org","@graph":[{"@type":"WebPage","@id":"https:\/\/espak.ee\/epood\/toode\/akupoleerija-einh-ce-cp-18-180-li-e-solo\/","url":"https:\/\/espak.ee\/epood\/toode\/akupoleerija-einh-ce-cp-18-180-li-e-solo\/","name":"AKUPOLEERIJA EINH. CE-CP 18\/180 Li-E SOLO - Espak E-pood","isPartOf":{"@id":"https:\/\/espak.ee\/epood\/#website"},"primaryImageOfPage":{"@id":"https:\/\/espak.ee\/epood\/toode\/akupoleerija-einh-ce-cp-18-180-li-e-solo\/#primaryimage"},"image":{"@id":"https:\/\/espak.ee\/epood\/toode\/akupoleerija-einh-ce-cp-18-180-li-e-solo\/#primaryimage"},"thumbnailUrl":"https:\/\/espak.ee\/epood\/wp-content\/uploads\/2093320_11018_001_GE_CP_18_180_Li_E_Solo_RAL3002_Pic.jpg","datePublished":"2020-04-18T01:16:15+00:00","dateModified":"2024-03-22T21:39:32+00:00","description":"Akupoleer- ja lihvmasin Einhell CE-CP 18\/180 Li E SOLO pakub kasutajale vabadust t\u00f6\u00f6tada kodus, t\u00f6\u00f6kohal ja garaa\u017eis juhtmevabalt.","breadcrumb":{"@id":"https:\/\/espak.ee\/epood\/toode\/akupoleerija-einh-ce-cp-18-180-li-e-solo\/#breadcrumb"},"inLanguage":"et","potentialAction":[{"@type":"ReadAction","target":["https:\/\/espak.ee\/epood\/toode\/akupoleerija-einh-ce-cp-18-180-li-e-solo\/"]}]},{"@type":"ImageObject","inLanguage":"et","@id":"https:\/\/espak.ee\/epood\/toode\/akupoleerija-einh-ce-cp-18-180-li-e-solo\/#primaryimage","url":"https:\/\/espak.ee\/epood\/wp-content\/uploads\/2093320_11018_001_GE_CP_18_180_Li_E_Solo_RAL3002_Pic.jpg","contentUrl":"https:\/\/espak.ee\/epood\/wp-content\/uploads\/2093320_11018_001_GE_CP_18_180_Li_E_Solo_RAL3002_Pic.jpg","width":1772,"height":1149},{"@type":"BreadcrumbList","@id":"https:\/\/espak.ee\/epood\/toode\/akupoleerija-einh-ce-cp-18-180-li-e-solo\/#breadcrumb","itemListElement":[{"@type":"ListItem","position":1,"name":"Home","item":"https:\/\/espak.ee\/epood\/"},{"@type":"ListItem","position":2,"name":"Tootevalik","item":"https:\/\/espak.ee\/epood\/tootevalik\/"},{"@type":"ListItem","position":3,"name":"AKUPOLEERIJA EINH. CE-CP 18\/180 Li-E SOLO"}]},{"@type":"WebSite","@id":"https:\/\/espak.ee\/epood\/#website","url":"https:\/\/espak.ee\/epood\/","name":"Espak E-pood","description":"","potentialAction":[{"@type":"SearchAction","target":{"@type":"EntryPoint","urlTemplate":"https:\/\/espak.ee\/epood\/?s={search_term_string}"},"query-input":{"@type":"PropertyValueSpecification","valueRequired":true,"valueName":"search_term_string"}}],"inLanguage":"et"}]}},"_links":{"self":[{"href":"https:\/\/espak.ee\/epood\/wp-json\/wp\/v2\/product\/21424","targetHints":{"allow":["GET"]}}],"collection":[{"href":"https:\/\/espak.ee\/epood\/wp-json\/wp\/v2\/product"}],"about":[{"href":"https:\/\/espak.ee\/epood\/wp-json\/wp\/v2\/types\/product"}],"replies":[{"embeddable":true,"href":"https:\/\/espak.ee\/epood\/wp-json\/wp\/v2\/comments?post=21424"}],"wp:featuredmedia":[{"embeddable":true,"href":"https:\/\/espak.ee\/epood\/wp-json\/wp\/v2\/media\/30587"}],"wp:attachment":[{"href":"https:\/\/espak.ee\/epood\/wp-json\/wp\/v2\/media?parent=21424"}],"wp:term":[{"taxonomy":"product_brand","embeddable":true,"href":"https:\/\/espak.ee\/epood\/wp-json\/wp\/v2\/product_brand?post=21424"},{"taxonomy":"product_cat","embeddable":true,"href":"https:\/\/espak.ee\/epood\/wp-json\/wp\/v2\/product_cat?post=21424"},{"taxonomy":"product_tag","embeddable":true,"href":"https:\/\/espak.ee\/epood\/wp-json\/wp\/v2\/product_tag?post=21424"}],"curies":[{"name":"wp","href":"https:\/\/api.w.org\/{rel}","templated":true}]}}