{"id":214016,"date":"2024-10-16T05:05:13","date_gmt":"2024-10-16T02:05:13","guid":{"rendered":"https:\/\/espak.ee\/epood\/?post_type=product&#038;p=214016"},"modified":"2026-04-14T09:10:42","modified_gmt":"2026-04-14T06:10:42","slug":"termostaatsegisti-grohe-grohtherm-1000-performance-tilaga","status":"publish","type":"product","link":"https:\/\/espak.ee\/epood\/toode\/termostaatsegisti-grohe-grohtherm-1000-performance-tilaga\/","title":{"rendered":"TERMOSTAATSEGISTI GROHE GROHTHERM 1000 PERFORMANCE TILAGA"},"content":{"rendered":"<div class=\"row\"  id=\"row-735631488\">\n\n\t<div id=\"col-1839432302\" class=\"col medium-9 small-12 large-9\"  >\n\t\t\t\t<div class=\"col-inner\"  >\n\t\t\t\n\t\t\t\n<h3>Termostaatsegisti Grohe Grohtherm 1000 Performance, tilaga, kroom <\/h3>\n<p>Grohtherm 1000 Performance\u2019i termostaatiline vannisegisti tagab turvalisema ja mugavama vanni- ning du\u0161ikogemuse.<br \/>\n Seinale kinnitatav nutikate funktsioonidega segisti on kompaktne ja sobib h\u00e4sti minimalistlikku vannituppa.<br \/>\n T\u00e4nu GROHE ProGripi k\u00e4epidemete rihvelpinnale on nendest hea kinni v\u00f5tta ka seebiste k\u00e4tega. Uuendusliku GROHE CoolTouch-funktsiooni sisejahutus tagab, et segisti pind ei muutu nahale liiga kuumaks.<br \/>\n GROHE SafeStopi turvanupuga on temperatuur seatud 38 kraadini, et lapsed ei reguleeriks kogemata veetemperatuuri liiga kuumaks. Valikuline GROHE SafeStop Plus pakub lisaturvalisust, v\u00f5imaldades t\u00f5sta temperatuuri piirm\u00e4\u00e4ra 43 kraadini. Kui veevarustus t\u00e4ielikult katkeb, v\u00e4hendab automaatne seiskamine veevoolu miinimumini.<br \/>\n GROHE TurboStati s\u00fcdamik tagab j\u00e4rjepideva sobiva temperatuuriga veevoo ilma ebameeldiva k\u00f5ikumiseta. Veevoo reguleerimise teeb lihtsaks funktsioon AquaDimmer Eco.<br \/>\n Saate kasutada kas vanni- v\u00f5i du\u0161itila ning valida vooluhulga. GROHE termostaadi vett s\u00e4\u00e4stev tehnoloogia v\u00e4hendab vee- ja energiatarbimist ning EcoButton piirab vooluhulka. Kui soovite t\u00e4isvoolu, vajutage nuppu. T\u00e4nu lihtsasti hooldatavale ja vastupidavale GROHE Long-Life\u2019i kattele n\u00e4eb segisti v\u00e4lja uuev\u00e4\u00e4rne kogu kasutusea.<\/p>\n\t\t<\/div>\n\t\t\t\t\t<\/div>\n\n\t\n\n\t<div id=\"col-468050305\" class=\"col medium-3 small-12 large-3\"  >\n\t\t\t\t<div class=\"col-inner\"  >\n\t\t\t\n\t\t\t\n\t<div id=\"gap-1972139369\" class=\"gap-element clearfix\" style=\"display:block; height:auto;\">\n\t\t\n<style>\n#gap-1972139369 {\n  padding-top: 30px;\n}\n<\/style>\n\t<\/div>\n\t\n<h3>Paigaldusjuhend<\/h3>\n<p><a href=\"https:\/\/espak.ee\/epood\/wp-content\/uploads\/2024\/10\/2194598.pdf\"target=\"_blank\" rel=\"noopener noreferrer\"><i class=\"far fa-file-pdf\"><\/i> Paigaldusjuhend (PDF)<\/a><\/p>\n<h3>Hooldus<\/h3>\n<p><a href=\"https:\/\/espak.ee\/epood\/wp-content\/uploads\/2024\/10\/2184955.pdf\"target=\"_blank\" rel=\"noopener noreferrer\"><i class=\"far fa-file-pdf\"><\/i> Hooldus (PDF)<\/a><\/p>\n<div class=\"is-divider divider clearfix\" ><\/div>\n<p><strong>\u00dcksikasjalikuma n\u00f5u saamiseks v\u00f5tke \u00fchendust:<br \/><\/strong>Grohe AG Eesti filiaal<br \/>Tartu mnt 16<br \/>10117<br \/>Tallinn<br \/>+372 6616354<\/p>\n<div class=\"is-divider divider clearfix\" ><\/div>\n\t\t<\/div>\n\t\t\t\t\t<\/div>\n\n\t\n<\/div>\n","protected":false},"excerpt":{"rendered":"","protected":false},"featured_media":216780,"comment_status":"closed","ping_status":"closed","template":"","meta":[],"product_brand":[],"product_cat":[2819,2820,2838,2821],"product_tag":[],"class_list":{"0":"post-214016","1":"product","2":"type-product","3":"status-publish","4":"has-post-thumbnail","6":"product_cat-sanitaartehnika","7":"product_cat-sanitaartehnika-sanitaartehnika","8":"product_cat-seg-termostaat","9":"product_cat-segistid","10":"pa_kaubamark-grohe-a-g","12":"first","13":"instock","14":"sale","15":"taxable","16":"shipping-taxable","17":"purchasable","18":"product-type-simple"},"yoast_head":"<!-- This site is optimized with the Yoast SEO plugin v26.9 - https:\/\/yoast.com\/product\/yoast-seo-wordpress\/ -->\n<title>TERMOSTAATSEGISTI GROHE GROHTHERM 1000 PERFORMANCE TILAGA - Espak E-pood<\/title>\n<meta name=\"robots\" content=\"index, follow, max-snippet:-1, max-image-preview:large, max-video-preview:-1\" \/>\n<link rel=\"canonical\" href=\"https:\/\/espak.ee\/epood\/toode\/termostaatsegisti-grohe-grohtherm-1000-performance-tilaga\/\" \/>\n<meta property=\"og:locale\" content=\"et_EE\" \/>\n<meta property=\"og:type\" content=\"article\" \/>\n<meta property=\"og:title\" content=\"TERMOSTAATSEGISTI GROHE GROHTHERM 1000 PERFORMANCE TILAGA - Espak E-pood\" \/>\n<meta property=\"og:url\" content=\"https:\/\/espak.ee\/epood\/toode\/termostaatsegisti-grohe-grohtherm-1000-performance-tilaga\/\" \/>\n<meta property=\"og:site_name\" content=\"Espak E-pood\" \/>\n<meta property=\"article:modified_time\" content=\"2026-04-14T06:10:42+00:00\" \/>\n<meta property=\"og:image\" content=\"https:\/\/espak.ee\/epood\/wp-content\/uploads\/2024\/10\/34830000_1_1.jpg\" \/>\n\t<meta property=\"og:image:width\" content=\"1000\" \/>\n\t<meta property=\"og:image:height\" content=\"1000\" \/>\n\t<meta property=\"og:image:type\" content=\"image\/jpeg\" \/>\n<meta name=\"twitter:card\" content=\"summary_large_image\" \/>\n<meta name=\"twitter:label1\" content=\"Est. reading time\" \/>\n\t<meta name=\"twitter:data1\" content=\"1 minut\" \/>\n<script type=\"application\/ld+json\" class=\"yoast-schema-graph\">{\"@context\":\"https:\/\/schema.org\",\"@graph\":[{\"@type\":\"WebPage\",\"@id\":\"https:\/\/espak.ee\/epood\/toode\/termostaatsegisti-grohe-grohtherm-1000-performance-tilaga\/\",\"url\":\"https:\/\/espak.ee\/epood\/toode\/termostaatsegisti-grohe-grohtherm-1000-performance-tilaga\/\",\"name\":\"TERMOSTAATSEGISTI GROHE GROHTHERM 1000 PERFORMANCE TILAGA - Espak E-pood\",\"isPartOf\":{\"@id\":\"https:\/\/espak.ee\/epood\/#website\"},\"primaryImageOfPage\":{\"@id\":\"https:\/\/espak.ee\/epood\/toode\/termostaatsegisti-grohe-grohtherm-1000-performance-tilaga\/#primaryimage\"},\"image\":{\"@id\":\"https:\/\/espak.ee\/epood\/toode\/termostaatsegisti-grohe-grohtherm-1000-performance-tilaga\/#primaryimage\"},\"thumbnailUrl\":\"https:\/\/espak.ee\/epood\/wp-content\/uploads\/2024\/10\/34830000_1_1.jpg\",\"datePublished\":\"2024-10-16T02:05:13+00:00\",\"dateModified\":\"2026-04-14T06:10:42+00:00\",\"breadcrumb\":{\"@id\":\"https:\/\/espak.ee\/epood\/toode\/termostaatsegisti-grohe-grohtherm-1000-performance-tilaga\/#breadcrumb\"},\"inLanguage\":\"et\",\"potentialAction\":[{\"@type\":\"ReadAction\",\"target\":[\"https:\/\/espak.ee\/epood\/toode\/termostaatsegisti-grohe-grohtherm-1000-performance-tilaga\/\"]}]},{\"@type\":\"ImageObject\",\"inLanguage\":\"et\",\"@id\":\"https:\/\/espak.ee\/epood\/toode\/termostaatsegisti-grohe-grohtherm-1000-performance-tilaga\/#primaryimage\",\"url\":\"https:\/\/espak.ee\/epood\/wp-content\/uploads\/2024\/10\/34830000_1_1.jpg\",\"contentUrl\":\"https:\/\/espak.ee\/epood\/wp-content\/uploads\/2024\/10\/34830000_1_1.jpg\",\"width\":1000,\"height\":1000},{\"@type\":\"BreadcrumbList\",\"@id\":\"https:\/\/espak.ee\/epood\/toode\/termostaatsegisti-grohe-grohtherm-1000-performance-tilaga\/#breadcrumb\",\"itemListElement\":[{\"@type\":\"ListItem\",\"position\":1,\"name\":\"Home\",\"item\":\"https:\/\/espak.ee\/epood\/\"},{\"@type\":\"ListItem\",\"position\":2,\"name\":\"Tootevalik\",\"item\":\"https:\/\/espak.ee\/epood\/tootevalik\/\"},{\"@type\":\"ListItem\",\"position\":3,\"name\":\"TERMOSTAATSEGISTI GROHE GROHTHERM 1000 PERFORMANCE TILAGA\"}]},{\"@type\":\"WebSite\",\"@id\":\"https:\/\/espak.ee\/epood\/#website\",\"url\":\"https:\/\/espak.ee\/epood\/\",\"name\":\"Espak E-pood\",\"description\":\"\",\"potentialAction\":[{\"@type\":\"SearchAction\",\"target\":{\"@type\":\"EntryPoint\",\"urlTemplate\":\"https:\/\/espak.ee\/epood\/?s={search_term_string}\"},\"query-input\":{\"@type\":\"PropertyValueSpecification\",\"valueRequired\":true,\"valueName\":\"search_term_string\"}}],\"inLanguage\":\"et\"}]}<\/script>\n<!-- \/ Yoast SEO plugin. -->","yoast_head_json":{"title":"TERMOSTAATSEGISTI GROHE GROHTHERM 1000 PERFORMANCE TILAGA - Espak E-pood","robots":{"index":"index","follow":"follow","max-snippet":"max-snippet:-1","max-image-preview":"max-image-preview:large","max-video-preview":"max-video-preview:-1"},"canonical":"https:\/\/espak.ee\/epood\/toode\/termostaatsegisti-grohe-grohtherm-1000-performance-tilaga\/","og_locale":"et_EE","og_type":"article","og_title":"TERMOSTAATSEGISTI GROHE GROHTHERM 1000 PERFORMANCE TILAGA - Espak E-pood","og_url":"https:\/\/espak.ee\/epood\/toode\/termostaatsegisti-grohe-grohtherm-1000-performance-tilaga\/","og_site_name":"Espak E-pood","article_modified_time":"2026-04-14T06:10:42+00:00","og_image":[{"width":1000,"height":1000,"url":"https:\/\/espak.ee\/epood\/wp-content\/uploads\/2024\/10\/34830000_1_1.jpg","type":"image\/jpeg"}],"twitter_card":"summary_large_image","twitter_misc":{"Est. reading time":"1 minut"},"schema":{"@context":"https:\/\/schema.org","@graph":[{"@type":"WebPage","@id":"https:\/\/espak.ee\/epood\/toode\/termostaatsegisti-grohe-grohtherm-1000-performance-tilaga\/","url":"https:\/\/espak.ee\/epood\/toode\/termostaatsegisti-grohe-grohtherm-1000-performance-tilaga\/","name":"TERMOSTAATSEGISTI GROHE GROHTHERM 1000 PERFORMANCE TILAGA - Espak E-pood","isPartOf":{"@id":"https:\/\/espak.ee\/epood\/#website"},"primaryImageOfPage":{"@id":"https:\/\/espak.ee\/epood\/toode\/termostaatsegisti-grohe-grohtherm-1000-performance-tilaga\/#primaryimage"},"image":{"@id":"https:\/\/espak.ee\/epood\/toode\/termostaatsegisti-grohe-grohtherm-1000-performance-tilaga\/#primaryimage"},"thumbnailUrl":"https:\/\/espak.ee\/epood\/wp-content\/uploads\/2024\/10\/34830000_1_1.jpg","datePublished":"2024-10-16T02:05:13+00:00","dateModified":"2026-04-14T06:10:42+00:00","breadcrumb":{"@id":"https:\/\/espak.ee\/epood\/toode\/termostaatsegisti-grohe-grohtherm-1000-performance-tilaga\/#breadcrumb"},"inLanguage":"et","potentialAction":[{"@type":"ReadAction","target":["https:\/\/espak.ee\/epood\/toode\/termostaatsegisti-grohe-grohtherm-1000-performance-tilaga\/"]}]},{"@type":"ImageObject","inLanguage":"et","@id":"https:\/\/espak.ee\/epood\/toode\/termostaatsegisti-grohe-grohtherm-1000-performance-tilaga\/#primaryimage","url":"https:\/\/espak.ee\/epood\/wp-content\/uploads\/2024\/10\/34830000_1_1.jpg","contentUrl":"https:\/\/espak.ee\/epood\/wp-content\/uploads\/2024\/10\/34830000_1_1.jpg","width":1000,"height":1000},{"@type":"BreadcrumbList","@id":"https:\/\/espak.ee\/epood\/toode\/termostaatsegisti-grohe-grohtherm-1000-performance-tilaga\/#breadcrumb","itemListElement":[{"@type":"ListItem","position":1,"name":"Home","item":"https:\/\/espak.ee\/epood\/"},{"@type":"ListItem","position":2,"name":"Tootevalik","item":"https:\/\/espak.ee\/epood\/tootevalik\/"},{"@type":"ListItem","position":3,"name":"TERMOSTAATSEGISTI GROHE GROHTHERM 1000 PERFORMANCE TILAGA"}]},{"@type":"WebSite","@id":"https:\/\/espak.ee\/epood\/#website","url":"https:\/\/espak.ee\/epood\/","name":"Espak E-pood","description":"","potentialAction":[{"@type":"SearchAction","target":{"@type":"EntryPoint","urlTemplate":"https:\/\/espak.ee\/epood\/?s={search_term_string}"},"query-input":{"@type":"PropertyValueSpecification","valueRequired":true,"valueName":"search_term_string"}}],"inLanguage":"et"}]}},"_links":{"self":[{"href":"https:\/\/espak.ee\/epood\/wp-json\/wp\/v2\/product\/214016","targetHints":{"allow":["GET"]}}],"collection":[{"href":"https:\/\/espak.ee\/epood\/wp-json\/wp\/v2\/product"}],"about":[{"href":"https:\/\/espak.ee\/epood\/wp-json\/wp\/v2\/types\/product"}],"replies":[{"embeddable":true,"href":"https:\/\/espak.ee\/epood\/wp-json\/wp\/v2\/comments?post=214016"}],"wp:featuredmedia":[{"embeddable":true,"href":"https:\/\/espak.ee\/epood\/wp-json\/wp\/v2\/media\/216780"}],"wp:attachment":[{"href":"https:\/\/espak.ee\/epood\/wp-json\/wp\/v2\/media?parent=214016"}],"wp:term":[{"taxonomy":"product_brand","embeddable":true,"href":"https:\/\/espak.ee\/epood\/wp-json\/wp\/v2\/product_brand?post=214016"},{"taxonomy":"product_cat","embeddable":true,"href":"https:\/\/espak.ee\/epood\/wp-json\/wp\/v2\/product_cat?post=214016"},{"taxonomy":"product_tag","embeddable":true,"href":"https:\/\/espak.ee\/epood\/wp-json\/wp\/v2\/product_tag?post=214016"}],"curies":[{"name":"wp","href":"https:\/\/api.w.org\/{rel}","templated":true}]}}