{"id":21401,"date":"2020-04-18T04:16:06","date_gmt":"2020-04-18T01:16:06","guid":{"rendered":"https:\/\/espak.ee\/hinnakiri\/?post_type=product&#038;p=21401"},"modified":"2025-09-11T17:17:04","modified_gmt":"2025-09-11T14:17:04","slug":"akulaadija-einhell-cc-bc5","status":"publish","type":"product","link":"https:\/\/espak.ee\/epood\/toode\/akulaadija-einhell-cc-bc5\/","title":{"rendered":"AKULAADIJA EINHELL CC-BC5"},"content":{"rendered":"<div class=\"row\"  id=\"row-315361821\">\n\n\t<div id=\"col-1182014952\" class=\"col medium-9 small-12 large-9\"  >\n\t\t\t\t<div class=\"col-inner\"  >\n\t\t\t\n\t\t\t\n<div class=\"message-box relative\" style=\"padding-top:15px;padding-bottom:15px;\"><div class=\"message-box-bg-image bg-fill fill\" ><\/div><div class=\"message-box-bg-overlay bg-fill fill\" ><\/div><div class=\"container relative\"><div class=\"inner last-reset\">\n<div class=\"row align-middle align-center\"  id=\"row-348407222\">\n\n\t<div id=\"col-2008282413\" class=\"col small-12 large-12\"  >\n\t\t\t\t<div class=\"col-inner text-left\"  >\n\t\t\t\n\t\t\t\n<h4>Omadused<\/h4>\n<div class=\"row\"  id=\"row-1457738309\">\n\n\t<div id=\"col-1182568919\" class=\"col medium-6 small-12 large-6\"  >\n\t\t\t\t<div class=\"col-inner\"  >\n\t\t\t\n\t\t\t\n<p><i class=\"far fa-check-circle fa-2x\"><\/i><strong>\u00a0T\u00e4ielikult isoleeritud ehitus <\/strong><\/p>\n<p><i class=\"far fa-check-circle fa-2x\"><\/i><strong> Lehtterasest \u00fcmbris\u00a0<\/strong><\/p>\n<p><i class=\"far fa-check-circle fa-2x\"><\/i><strong> Tugevate, t\u00e4ielikult isoleeritud pooluseklemmidega laadimisjuhtmed <\/strong><\/p>\n\t\t<\/div>\n\t\t\t\t\n<style>\n#col-1182568919 > .col-inner {\n  margin: 0px 0px 15px 0px;\n}\n<\/style>\n\t<\/div>\n\n\t\n\n\t<div id=\"col-353038110\" class=\"col medium-6 small-12 large-6\"  >\n\t\t\t\t<div class=\"col-inner\"  >\n\t\t\t\n\t\t\t\n<p><i class=\"far fa-check-circle fa-2x\"><\/i><strong> \u00dclekoormuse, vastupolaarsuse ja l\u00fchisvoolu vastane kaitse <\/strong><\/p>\n<p><i class=\"far fa-check-circle fa-2x\"><\/i><strong> Sisseehitatud ampermeeter\u00a0<\/strong><\/p>\n\t\t<\/div>\n\t\t\t\t\n<style>\n#col-353038110 > .col-inner {\n  margin: 0px 0px 15px 0px;\n}\n<\/style>\n\t<\/div>\n\n\t\n<\/div>\n\t\t<\/div>\n\t\t\t\t\t<\/div>\n\n\t\n<\/div>\n<\/div><\/div><\/div>\n\t<div id=\"gap-247330355\" class=\"gap-element clearfix\" style=\"display:block; height:auto;\">\n\t\t\n<style>\n#gap-247330355 {\n  padding-top: 30px;\n}\n<\/style>\n\t<\/div>\n\t\n<h2>Tootekirjeldus<\/h2>\n<p> Einhelli akulaadur CC-BC 5 on k\u00e4ep\u00e4rane vastupidavas lehtterasest kestas 12\u00a0V laadur, mis v\u00f5imaldab laadida t\u00fchjenenud auto- ja mootorrattaakusid. Seadme sissehitatud ampermeeter n\u00e4itab hetke laadimisvoolu ja v\u00f5imaldab seel\u00e4bi laadimisprotseduuri j\u00e4lgida. Parima ohutuse tagamiseks on seadmel t\u00e4ielikult isoleeritud ehitus ning \u00fclekoormuse, vastupolaarsuse ja l\u00fchisvoolu vastane kaitse. Tugevad, t\u00e4ielikult isoleeritud pooluseklemmid tagavad alati kindla kontakti akupoolustega. Tugev kandek\u00e4epide v\u00f5imaldab seadet vajaduse korral alati kiiresti ja paindlikult teisaldada. <\/p>\n\t<div id=\"gap-93584618\" class=\"gap-element clearfix\" style=\"display:block; height:auto;\">\n\t\t\n<style>\n#gap-93584618 {\n  padding-top: 30px;\n}\n<\/style>\n\t<\/div>\n\t\n\t\t<\/div>\n\t\t\t\t\t<\/div>\n\n\t\n\n\t<div id=\"col-315096066\" class=\"col medium-3 small-12 large-3\"  >\n\t\t\t\t<div class=\"col-inner\"  >\n\t\t\t\n\t\t\t\n\t<div id=\"gap-1663229067\" class=\"gap-element clearfix\" style=\"display:block; height:auto;\">\n\t\t\n<style>\n#gap-1663229067 {\n  padding-top: 30px;\n}\n<\/style>\n\t<\/div>\n\t\n<h3>Kasutusjuhend<\/h3>\n<p><a href=\"https:\/\/espak.ee\/epood\/wp-content\/uploads\/Akulaadija-CC-BC5-CC-BC12-1056121-est.pdf\" target=\"_blank\" rel=\"noopener noreferrer\"><i class=\"far fa-file-pdf\"><\/i> Kasutusjuhend (PDF)<\/a><\/p>\n<div class=\"is-divider divider clearfix\" ><\/div>\n<p><strong>\u00dcksikasjalikuma n\u00f5u saamiseks v\u00f5tke \u00fchendust:<br \/><\/strong>Espak AS<br \/>Viadukti 42<br \/>11313<br \/>Tallinn<br \/>+372 6 512333<\/p>\n\t\t<\/div>\n\t\t\t\t\t<\/div>\n\n\t\n<\/div>\n","protected":false},"excerpt":{"rendered":"","protected":false},"featured_media":30390,"comment_status":"closed","ping_status":"open","template":"","meta":[],"product_brand":[],"product_cat":[2680,2681,2766,2679],"product_tag":[],"class_list":{"0":"post-21401","1":"product","2":"type-product","3":"status-publish","4":"has-post-thumbnail","6":"product_cat-elektritooriistad","7":"product_cat-masinad-ja-seadmed","8":"product_cat-muud-masinad-ja-seadmed","9":"product_cat-tooriistad","10":"pa_kaubamark-einhell","12":"first","13":"instock","14":"sale","15":"taxable","16":"shipping-taxable","17":"purchasable","18":"product-type-simple"},"yoast_head":"<!-- This site is optimized with the Yoast SEO plugin v26.9 - https:\/\/yoast.com\/product\/yoast-seo-wordpress\/ -->\n<title>AKULAADIJA EINHELL CC-BC5 - Espak E-pood<\/title>\n<meta name=\"description\" content=\"Einhelli akulaadur CC-BC 5 on k\u00e4ep\u00e4rane 12\u00a0V laadur, mis v\u00f5imaldab laadida t\u00fchjenenud auto- ja mootorrattaakusid.\" \/>\n<meta name=\"robots\" content=\"index, follow, max-snippet:-1, max-image-preview:large, max-video-preview:-1\" \/>\n<link rel=\"canonical\" href=\"https:\/\/espak.ee\/epood\/toode\/akulaadija-einhell-cc-bc5\/\" \/>\n<meta property=\"og:locale\" content=\"et_EE\" \/>\n<meta property=\"og:type\" content=\"article\" \/>\n<meta property=\"og:title\" content=\"AKULAADIJA EINHELL CC-BC5 - Espak E-pood\" \/>\n<meta property=\"og:description\" content=\"Einhelli akulaadur CC-BC 5 on k\u00e4ep\u00e4rane 12\u00a0V laadur, mis v\u00f5imaldab laadida t\u00fchjenenud auto- ja mootorrattaakusid.\" \/>\n<meta property=\"og:url\" content=\"https:\/\/espak.ee\/epood\/toode\/akulaadija-einhell-cc-bc5\/\" \/>\n<meta property=\"og:site_name\" content=\"Espak E-pood\" \/>\n<meta property=\"article:modified_time\" content=\"2025-09-11T14:17:04+00:00\" \/>\n<meta property=\"og:image\" content=\"https:\/\/espak.ee\/epood\/wp-content\/uploads\/1056121_11015_001_CC_BC_5_Pic.jpg\" \/>\n\t<meta property=\"og:image:width\" content=\"1772\" \/>\n\t<meta property=\"og:image:height\" content=\"1772\" \/>\n\t<meta property=\"og:image:type\" content=\"image\/jpeg\" \/>\n<meta name=\"twitter:card\" content=\"summary_large_image\" \/>\n<meta name=\"twitter:label1\" content=\"Est. reading time\" \/>\n\t<meta name=\"twitter:data1\" content=\"1 minut\" \/>\n<script type=\"application\/ld+json\" class=\"yoast-schema-graph\">{\"@context\":\"https:\/\/schema.org\",\"@graph\":[{\"@type\":\"WebPage\",\"@id\":\"https:\/\/espak.ee\/epood\/toode\/akulaadija-einhell-cc-bc5\/\",\"url\":\"https:\/\/espak.ee\/epood\/toode\/akulaadija-einhell-cc-bc5\/\",\"name\":\"AKULAADIJA EINHELL CC-BC5 - Espak E-pood\",\"isPartOf\":{\"@id\":\"https:\/\/espak.ee\/epood\/#website\"},\"primaryImageOfPage\":{\"@id\":\"https:\/\/espak.ee\/epood\/toode\/akulaadija-einhell-cc-bc5\/#primaryimage\"},\"image\":{\"@id\":\"https:\/\/espak.ee\/epood\/toode\/akulaadija-einhell-cc-bc5\/#primaryimage\"},\"thumbnailUrl\":\"https:\/\/espak.ee\/epood\/wp-content\/uploads\/1056121_11015_001_CC_BC_5_Pic.jpg\",\"datePublished\":\"2020-04-18T01:16:06+00:00\",\"dateModified\":\"2025-09-11T14:17:04+00:00\",\"description\":\"Einhelli akulaadur CC-BC 5 on k\u00e4ep\u00e4rane 12\u00a0V laadur, mis v\u00f5imaldab laadida t\u00fchjenenud auto- ja mootorrattaakusid.\",\"breadcrumb\":{\"@id\":\"https:\/\/espak.ee\/epood\/toode\/akulaadija-einhell-cc-bc5\/#breadcrumb\"},\"inLanguage\":\"et\",\"potentialAction\":[{\"@type\":\"ReadAction\",\"target\":[\"https:\/\/espak.ee\/epood\/toode\/akulaadija-einhell-cc-bc5\/\"]}]},{\"@type\":\"ImageObject\",\"inLanguage\":\"et\",\"@id\":\"https:\/\/espak.ee\/epood\/toode\/akulaadija-einhell-cc-bc5\/#primaryimage\",\"url\":\"https:\/\/espak.ee\/epood\/wp-content\/uploads\/1056121_11015_001_CC_BC_5_Pic.jpg\",\"contentUrl\":\"https:\/\/espak.ee\/epood\/wp-content\/uploads\/1056121_11015_001_CC_BC_5_Pic.jpg\",\"width\":1772,\"height\":1772},{\"@type\":\"BreadcrumbList\",\"@id\":\"https:\/\/espak.ee\/epood\/toode\/akulaadija-einhell-cc-bc5\/#breadcrumb\",\"itemListElement\":[{\"@type\":\"ListItem\",\"position\":1,\"name\":\"Home\",\"item\":\"https:\/\/espak.ee\/epood\/\"},{\"@type\":\"ListItem\",\"position\":2,\"name\":\"Tootevalik\",\"item\":\"https:\/\/espak.ee\/epood\/tootevalik\/\"},{\"@type\":\"ListItem\",\"position\":3,\"name\":\"AKULAADIJA EINHELL CC-BC5\"}]},{\"@type\":\"WebSite\",\"@id\":\"https:\/\/espak.ee\/epood\/#website\",\"url\":\"https:\/\/espak.ee\/epood\/\",\"name\":\"Espak E-pood\",\"description\":\"\",\"potentialAction\":[{\"@type\":\"SearchAction\",\"target\":{\"@type\":\"EntryPoint\",\"urlTemplate\":\"https:\/\/espak.ee\/epood\/?s={search_term_string}\"},\"query-input\":{\"@type\":\"PropertyValueSpecification\",\"valueRequired\":true,\"valueName\":\"search_term_string\"}}],\"inLanguage\":\"et\"}]}<\/script>\n<!-- \/ Yoast SEO plugin. -->","yoast_head_json":{"title":"AKULAADIJA EINHELL CC-BC5 - Espak E-pood","description":"Einhelli akulaadur CC-BC 5 on k\u00e4ep\u00e4rane 12\u00a0V laadur, mis v\u00f5imaldab laadida t\u00fchjenenud auto- ja mootorrattaakusid.","robots":{"index":"index","follow":"follow","max-snippet":"max-snippet:-1","max-image-preview":"max-image-preview:large","max-video-preview":"max-video-preview:-1"},"canonical":"https:\/\/espak.ee\/epood\/toode\/akulaadija-einhell-cc-bc5\/","og_locale":"et_EE","og_type":"article","og_title":"AKULAADIJA EINHELL CC-BC5 - Espak E-pood","og_description":"Einhelli akulaadur CC-BC 5 on k\u00e4ep\u00e4rane 12\u00a0V laadur, mis v\u00f5imaldab laadida t\u00fchjenenud auto- ja mootorrattaakusid.","og_url":"https:\/\/espak.ee\/epood\/toode\/akulaadija-einhell-cc-bc5\/","og_site_name":"Espak E-pood","article_modified_time":"2025-09-11T14:17:04+00:00","og_image":[{"width":1772,"height":1772,"url":"https:\/\/espak.ee\/epood\/wp-content\/uploads\/1056121_11015_001_CC_BC_5_Pic.jpg","type":"image\/jpeg"}],"twitter_card":"summary_large_image","twitter_misc":{"Est. reading time":"1 minut"},"schema":{"@context":"https:\/\/schema.org","@graph":[{"@type":"WebPage","@id":"https:\/\/espak.ee\/epood\/toode\/akulaadija-einhell-cc-bc5\/","url":"https:\/\/espak.ee\/epood\/toode\/akulaadija-einhell-cc-bc5\/","name":"AKULAADIJA EINHELL CC-BC5 - Espak E-pood","isPartOf":{"@id":"https:\/\/espak.ee\/epood\/#website"},"primaryImageOfPage":{"@id":"https:\/\/espak.ee\/epood\/toode\/akulaadija-einhell-cc-bc5\/#primaryimage"},"image":{"@id":"https:\/\/espak.ee\/epood\/toode\/akulaadija-einhell-cc-bc5\/#primaryimage"},"thumbnailUrl":"https:\/\/espak.ee\/epood\/wp-content\/uploads\/1056121_11015_001_CC_BC_5_Pic.jpg","datePublished":"2020-04-18T01:16:06+00:00","dateModified":"2025-09-11T14:17:04+00:00","description":"Einhelli akulaadur CC-BC 5 on k\u00e4ep\u00e4rane 12\u00a0V laadur, mis v\u00f5imaldab laadida t\u00fchjenenud auto- ja mootorrattaakusid.","breadcrumb":{"@id":"https:\/\/espak.ee\/epood\/toode\/akulaadija-einhell-cc-bc5\/#breadcrumb"},"inLanguage":"et","potentialAction":[{"@type":"ReadAction","target":["https:\/\/espak.ee\/epood\/toode\/akulaadija-einhell-cc-bc5\/"]}]},{"@type":"ImageObject","inLanguage":"et","@id":"https:\/\/espak.ee\/epood\/toode\/akulaadija-einhell-cc-bc5\/#primaryimage","url":"https:\/\/espak.ee\/epood\/wp-content\/uploads\/1056121_11015_001_CC_BC_5_Pic.jpg","contentUrl":"https:\/\/espak.ee\/epood\/wp-content\/uploads\/1056121_11015_001_CC_BC_5_Pic.jpg","width":1772,"height":1772},{"@type":"BreadcrumbList","@id":"https:\/\/espak.ee\/epood\/toode\/akulaadija-einhell-cc-bc5\/#breadcrumb","itemListElement":[{"@type":"ListItem","position":1,"name":"Home","item":"https:\/\/espak.ee\/epood\/"},{"@type":"ListItem","position":2,"name":"Tootevalik","item":"https:\/\/espak.ee\/epood\/tootevalik\/"},{"@type":"ListItem","position":3,"name":"AKULAADIJA EINHELL CC-BC5"}]},{"@type":"WebSite","@id":"https:\/\/espak.ee\/epood\/#website","url":"https:\/\/espak.ee\/epood\/","name":"Espak E-pood","description":"","potentialAction":[{"@type":"SearchAction","target":{"@type":"EntryPoint","urlTemplate":"https:\/\/espak.ee\/epood\/?s={search_term_string}"},"query-input":{"@type":"PropertyValueSpecification","valueRequired":true,"valueName":"search_term_string"}}],"inLanguage":"et"}]}},"_links":{"self":[{"href":"https:\/\/espak.ee\/epood\/wp-json\/wp\/v2\/product\/21401","targetHints":{"allow":["GET"]}}],"collection":[{"href":"https:\/\/espak.ee\/epood\/wp-json\/wp\/v2\/product"}],"about":[{"href":"https:\/\/espak.ee\/epood\/wp-json\/wp\/v2\/types\/product"}],"replies":[{"embeddable":true,"href":"https:\/\/espak.ee\/epood\/wp-json\/wp\/v2\/comments?post=21401"}],"wp:featuredmedia":[{"embeddable":true,"href":"https:\/\/espak.ee\/epood\/wp-json\/wp\/v2\/media\/30390"}],"wp:attachment":[{"href":"https:\/\/espak.ee\/epood\/wp-json\/wp\/v2\/media?parent=21401"}],"wp:term":[{"taxonomy":"product_brand","embeddable":true,"href":"https:\/\/espak.ee\/epood\/wp-json\/wp\/v2\/product_brand?post=21401"},{"taxonomy":"product_cat","embeddable":true,"href":"https:\/\/espak.ee\/epood\/wp-json\/wp\/v2\/product_cat?post=21401"},{"taxonomy":"product_tag","embeddable":true,"href":"https:\/\/espak.ee\/epood\/wp-json\/wp\/v2\/product_tag?post=21401"}],"curies":[{"name":"wp","href":"https:\/\/api.w.org\/{rel}","templated":true}]}}