{"id":213975,"date":"2024-10-16T05:05:02","date_gmt":"2024-10-16T02:05:02","guid":{"rendered":"https:\/\/espak.ee\/epood\/?post_type=product&#038;p=213975"},"modified":"2024-11-16T12:27:48","modified_gmt":"2024-11-16T10:27:48","slug":"wc-pott-grohe-essence-pehmelt-sulguv-prill-laud","status":"publish","type":"product","link":"https:\/\/espak.ee\/epood\/toode\/wc-pott-grohe-essence-pehmelt-sulguv-prill-laud\/","title":{"rendered":"WC POTT GROHE ESSENCE + PEHMELT SULGUV PRILL-LAUD"},"content":{"rendered":"<div class=\"row\"  id=\"row-2060388450\">\n\n\t<div id=\"col-664211715\" class=\"col medium-9 small-12 large-9\"  >\n\t\t\t\t<div class=\"col-inner\"  >\n\t\t\t\n\t\t\t\n<h3>WC-pott Grohe Essence + pehmelt sulguv prill-laud <\/h3>\n<p>Orgaaniliste joonte ja \u00f5hukeste profiilidega uus tootesari GROHE Essence Ceramic sobib suurep\u00e4raselt rahustava moodsa vannitoa loomiseks. Sarja GROHE Essence Ceramic p\u00f5randapealne WC-pott on ette n\u00e4htud tagak\u00fcljega vastu seina paigaldamiseks ja sellel on seinasisene loputuspaak. See kasutab vett s\u00e4\u00e4stvat 3\/4,5\u00a0l loputust ja on varustatud universaalse vesilukuga, mis sobib nii horisontaalse kui ka vertikaalse \u00e4ravoolu jaoks. L\u00e4ikivvalge Alpine White\u2019i tooni WC-poti sanitaarkeraamilist pinda t\u00e4iustavad uuenduslik tilkumisvastane kattekiht ja GROHE PureGuardi antibakteriaalne glasuur. Pind on katlakivi tekkimiseks liiga sile ja antibakteriaalsed ioonid p\u00e4rsivad bakterite vohamist. T\u00e4nu WC-poti siseservata ehitusele ei ole bakteritel ka kuhugi peituda. Kollektsioon GROHE Essence Ceramic sobib suurep\u00e4raselt GROHE Arena Cosmopolitani loputusplaatide ja GROHE Rapid SLi paigalduskomplektidega, et luua esteetiline tervik ja tagada \u00fcletamatu j\u00f5udlus. Valides GROHE keraamika, saate kasu GROHE \u00fclemaailmsest kogemusest sanitaartehnika valdkonnas ning juhtiva pinnatehnoloogia kaubam\u00e4rgi LIXIL-i enam kui saja-aastasest kvaliteedist ja kogemusest.<br \/>\nGROHE Essence Ceramic\u00a0\u2013 ilu puhtaimal kujul. <\/p>\n\t\t<\/div>\n\t\t\t\t\t<\/div>\n\n\t\n\n\t<div id=\"col-885167494\" class=\"col medium-3 small-12 large-3\"  >\n\t\t\t\t<div class=\"col-inner\"  >\n\t\t\t\n\t\t\t\n\t<div id=\"gap-1205370527\" class=\"gap-element clearfix\" style=\"display:block; height:auto;\">\n\t\t\n<style>\n#gap-1205370527 {\n  padding-top: 30px;\n}\n<\/style>\n\t<\/div>\n\t\n<h3>Paigaldusjuhend<\/h3>\n<p><a href=\"https:\/\/espak.ee\/epood\/wp-content\/uploads\/2024\/10\/100074682.pdf\"target=\"_blank\" rel=\"noopener noreferrer\"><i class=\"far fa-file-pdf\"><\/i> Paigaldusjuhend (PDF)<\/a><\/p>\n<h3>Hooldus<\/h3>\n<p><a href=\"https:\/\/espak.ee\/epood\/wp-content\/uploads\/2024\/10\/2203336.pdf\"target=\"_blank\" rel=\"noopener noreferrer\"><i class=\"far fa-file-pdf\"><\/i> Hooldus (PDF)<\/a><\/p>\n<div class=\"is-divider divider clearfix\" ><\/div>\n<p><strong>\u00dcksikasjalikuma n\u00f5u saamiseks v\u00f5tke \u00fchendust:<br \/><\/strong>Grohe AG Eesti filiaal<br \/>Tartu mnt 16<br \/>10117<br \/>Tallinn<br \/>+372 6616354<\/p>\n<div class=\"is-divider divider clearfix\" ><\/div>\n\t\t<\/div>\n\t\t\t\t\t<\/div>\n\n\t\n<\/div>\n","protected":false},"excerpt":{"rendered":"","protected":false},"featured_media":216797,"comment_status":"closed","ping_status":"closed","template":"","meta":[],"product_brand":[],"product_cat":[2819,2820,2839,2841],"product_tag":[],"class_list":{"0":"post-213975","1":"product","2":"type-product","3":"status-publish","4":"has-post-thumbnail","6":"product_cat-sanitaartehnika","7":"product_cat-sanitaartehnika-sanitaartehnika","8":"product_cat-wc-potid","9":"product_cat-wc-potid-tahavooluga","10":"pa_kaubamark-grohe-a-g","12":"first","13":"instock","14":"sale","15":"taxable","16":"shipping-taxable","17":"purchasable","18":"product-type-simple"},"yoast_head":"<!-- This site is optimized with the Yoast SEO plugin v26.9 - https:\/\/yoast.com\/product\/yoast-seo-wordpress\/ -->\n<title>WC POTT GROHE ESSENCE + PEHMELT SULGUV PRILL-LAUD - Espak E-pood<\/title>\n<meta name=\"robots\" content=\"index, follow, max-snippet:-1, max-image-preview:large, max-video-preview:-1\" \/>\n<link rel=\"canonical\" href=\"https:\/\/espak.ee\/epood\/toode\/wc-pott-grohe-essence-pehmelt-sulguv-prill-laud\/\" \/>\n<meta property=\"og:locale\" content=\"et_EE\" \/>\n<meta property=\"og:type\" content=\"article\" \/>\n<meta property=\"og:title\" content=\"WC POTT GROHE ESSENCE + PEHMELT SULGUV PRILL-LAUD - Espak E-pood\" \/>\n<meta property=\"og:url\" content=\"https:\/\/espak.ee\/epood\/toode\/wc-pott-grohe-essence-pehmelt-sulguv-prill-laud\/\" \/>\n<meta property=\"og:site_name\" content=\"Espak E-pood\" \/>\n<meta property=\"article:modified_time\" content=\"2024-11-16T10:27:48+00:00\" \/>\n<meta property=\"og:image\" content=\"https:\/\/espak.ee\/epood\/wp-content\/uploads\/2024\/10\/ZZF_3957200H_Z01_01_1_1-2.jpg\" \/>\n\t<meta property=\"og:image:width\" content=\"1000\" \/>\n\t<meta property=\"og:image:height\" content=\"1000\" \/>\n\t<meta property=\"og:image:type\" content=\"image\/jpeg\" \/>\n<meta name=\"twitter:card\" content=\"summary_large_image\" \/>\n<meta name=\"twitter:label1\" content=\"Est. reading time\" \/>\n\t<meta name=\"twitter:data1\" content=\"1 minut\" \/>\n<script type=\"application\/ld+json\" class=\"yoast-schema-graph\">{\"@context\":\"https:\/\/schema.org\",\"@graph\":[{\"@type\":\"WebPage\",\"@id\":\"https:\/\/espak.ee\/epood\/toode\/wc-pott-grohe-essence-pehmelt-sulguv-prill-laud\/\",\"url\":\"https:\/\/espak.ee\/epood\/toode\/wc-pott-grohe-essence-pehmelt-sulguv-prill-laud\/\",\"name\":\"WC POTT GROHE ESSENCE + PEHMELT SULGUV PRILL-LAUD - Espak E-pood\",\"isPartOf\":{\"@id\":\"https:\/\/espak.ee\/epood\/#website\"},\"primaryImageOfPage\":{\"@id\":\"https:\/\/espak.ee\/epood\/toode\/wc-pott-grohe-essence-pehmelt-sulguv-prill-laud\/#primaryimage\"},\"image\":{\"@id\":\"https:\/\/espak.ee\/epood\/toode\/wc-pott-grohe-essence-pehmelt-sulguv-prill-laud\/#primaryimage\"},\"thumbnailUrl\":\"https:\/\/espak.ee\/epood\/wp-content\/uploads\/2024\/10\/ZZF_3957200H_Z01_01_1_1-2.jpg\",\"datePublished\":\"2024-10-16T02:05:02+00:00\",\"dateModified\":\"2024-11-16T10:27:48+00:00\",\"breadcrumb\":{\"@id\":\"https:\/\/espak.ee\/epood\/toode\/wc-pott-grohe-essence-pehmelt-sulguv-prill-laud\/#breadcrumb\"},\"inLanguage\":\"et\",\"potentialAction\":[{\"@type\":\"ReadAction\",\"target\":[\"https:\/\/espak.ee\/epood\/toode\/wc-pott-grohe-essence-pehmelt-sulguv-prill-laud\/\"]}]},{\"@type\":\"ImageObject\",\"inLanguage\":\"et\",\"@id\":\"https:\/\/espak.ee\/epood\/toode\/wc-pott-grohe-essence-pehmelt-sulguv-prill-laud\/#primaryimage\",\"url\":\"https:\/\/espak.ee\/epood\/wp-content\/uploads\/2024\/10\/ZZF_3957200H_Z01_01_1_1-2.jpg\",\"contentUrl\":\"https:\/\/espak.ee\/epood\/wp-content\/uploads\/2024\/10\/ZZF_3957200H_Z01_01_1_1-2.jpg\",\"width\":1000,\"height\":1000},{\"@type\":\"BreadcrumbList\",\"@id\":\"https:\/\/espak.ee\/epood\/toode\/wc-pott-grohe-essence-pehmelt-sulguv-prill-laud\/#breadcrumb\",\"itemListElement\":[{\"@type\":\"ListItem\",\"position\":1,\"name\":\"Home\",\"item\":\"https:\/\/espak.ee\/epood\/\"},{\"@type\":\"ListItem\",\"position\":2,\"name\":\"Tootevalik\",\"item\":\"https:\/\/espak.ee\/epood\/tootevalik\/\"},{\"@type\":\"ListItem\",\"position\":3,\"name\":\"WC POTT GROHE ESSENCE + PEHMELT SULGUV PRILL-LAUD\"}]},{\"@type\":\"WebSite\",\"@id\":\"https:\/\/espak.ee\/epood\/#website\",\"url\":\"https:\/\/espak.ee\/epood\/\",\"name\":\"Espak E-pood\",\"description\":\"\",\"potentialAction\":[{\"@type\":\"SearchAction\",\"target\":{\"@type\":\"EntryPoint\",\"urlTemplate\":\"https:\/\/espak.ee\/epood\/?s={search_term_string}\"},\"query-input\":{\"@type\":\"PropertyValueSpecification\",\"valueRequired\":true,\"valueName\":\"search_term_string\"}}],\"inLanguage\":\"et\"}]}<\/script>\n<!-- \/ Yoast SEO plugin. -->","yoast_head_json":{"title":"WC POTT GROHE ESSENCE + PEHMELT SULGUV PRILL-LAUD - Espak E-pood","robots":{"index":"index","follow":"follow","max-snippet":"max-snippet:-1","max-image-preview":"max-image-preview:large","max-video-preview":"max-video-preview:-1"},"canonical":"https:\/\/espak.ee\/epood\/toode\/wc-pott-grohe-essence-pehmelt-sulguv-prill-laud\/","og_locale":"et_EE","og_type":"article","og_title":"WC POTT GROHE ESSENCE + PEHMELT SULGUV PRILL-LAUD - Espak E-pood","og_url":"https:\/\/espak.ee\/epood\/toode\/wc-pott-grohe-essence-pehmelt-sulguv-prill-laud\/","og_site_name":"Espak E-pood","article_modified_time":"2024-11-16T10:27:48+00:00","og_image":[{"width":1000,"height":1000,"url":"https:\/\/espak.ee\/epood\/wp-content\/uploads\/2024\/10\/ZZF_3957200H_Z01_01_1_1-2.jpg","type":"image\/jpeg"}],"twitter_card":"summary_large_image","twitter_misc":{"Est. reading time":"1 minut"},"schema":{"@context":"https:\/\/schema.org","@graph":[{"@type":"WebPage","@id":"https:\/\/espak.ee\/epood\/toode\/wc-pott-grohe-essence-pehmelt-sulguv-prill-laud\/","url":"https:\/\/espak.ee\/epood\/toode\/wc-pott-grohe-essence-pehmelt-sulguv-prill-laud\/","name":"WC POTT GROHE ESSENCE + PEHMELT SULGUV PRILL-LAUD - Espak E-pood","isPartOf":{"@id":"https:\/\/espak.ee\/epood\/#website"},"primaryImageOfPage":{"@id":"https:\/\/espak.ee\/epood\/toode\/wc-pott-grohe-essence-pehmelt-sulguv-prill-laud\/#primaryimage"},"image":{"@id":"https:\/\/espak.ee\/epood\/toode\/wc-pott-grohe-essence-pehmelt-sulguv-prill-laud\/#primaryimage"},"thumbnailUrl":"https:\/\/espak.ee\/epood\/wp-content\/uploads\/2024\/10\/ZZF_3957200H_Z01_01_1_1-2.jpg","datePublished":"2024-10-16T02:05:02+00:00","dateModified":"2024-11-16T10:27:48+00:00","breadcrumb":{"@id":"https:\/\/espak.ee\/epood\/toode\/wc-pott-grohe-essence-pehmelt-sulguv-prill-laud\/#breadcrumb"},"inLanguage":"et","potentialAction":[{"@type":"ReadAction","target":["https:\/\/espak.ee\/epood\/toode\/wc-pott-grohe-essence-pehmelt-sulguv-prill-laud\/"]}]},{"@type":"ImageObject","inLanguage":"et","@id":"https:\/\/espak.ee\/epood\/toode\/wc-pott-grohe-essence-pehmelt-sulguv-prill-laud\/#primaryimage","url":"https:\/\/espak.ee\/epood\/wp-content\/uploads\/2024\/10\/ZZF_3957200H_Z01_01_1_1-2.jpg","contentUrl":"https:\/\/espak.ee\/epood\/wp-content\/uploads\/2024\/10\/ZZF_3957200H_Z01_01_1_1-2.jpg","width":1000,"height":1000},{"@type":"BreadcrumbList","@id":"https:\/\/espak.ee\/epood\/toode\/wc-pott-grohe-essence-pehmelt-sulguv-prill-laud\/#breadcrumb","itemListElement":[{"@type":"ListItem","position":1,"name":"Home","item":"https:\/\/espak.ee\/epood\/"},{"@type":"ListItem","position":2,"name":"Tootevalik","item":"https:\/\/espak.ee\/epood\/tootevalik\/"},{"@type":"ListItem","position":3,"name":"WC POTT GROHE ESSENCE + PEHMELT SULGUV PRILL-LAUD"}]},{"@type":"WebSite","@id":"https:\/\/espak.ee\/epood\/#website","url":"https:\/\/espak.ee\/epood\/","name":"Espak E-pood","description":"","potentialAction":[{"@type":"SearchAction","target":{"@type":"EntryPoint","urlTemplate":"https:\/\/espak.ee\/epood\/?s={search_term_string}"},"query-input":{"@type":"PropertyValueSpecification","valueRequired":true,"valueName":"search_term_string"}}],"inLanguage":"et"}]}},"_links":{"self":[{"href":"https:\/\/espak.ee\/epood\/wp-json\/wp\/v2\/product\/213975","targetHints":{"allow":["GET"]}}],"collection":[{"href":"https:\/\/espak.ee\/epood\/wp-json\/wp\/v2\/product"}],"about":[{"href":"https:\/\/espak.ee\/epood\/wp-json\/wp\/v2\/types\/product"}],"replies":[{"embeddable":true,"href":"https:\/\/espak.ee\/epood\/wp-json\/wp\/v2\/comments?post=213975"}],"wp:featuredmedia":[{"embeddable":true,"href":"https:\/\/espak.ee\/epood\/wp-json\/wp\/v2\/media\/216797"}],"wp:attachment":[{"href":"https:\/\/espak.ee\/epood\/wp-json\/wp\/v2\/media?parent=213975"}],"wp:term":[{"taxonomy":"product_brand","embeddable":true,"href":"https:\/\/espak.ee\/epood\/wp-json\/wp\/v2\/product_brand?post=213975"},{"taxonomy":"product_cat","embeddable":true,"href":"https:\/\/espak.ee\/epood\/wp-json\/wp\/v2\/product_cat?post=213975"},{"taxonomy":"product_tag","embeddable":true,"href":"https:\/\/espak.ee\/epood\/wp-json\/wp\/v2\/product_tag?post=213975"}],"curies":[{"name":"wp","href":"https:\/\/api.w.org\/{rel}","templated":true}]}}