{"id":213662,"date":"2024-10-12T05:05:03","date_gmt":"2024-10-12T02:05:03","guid":{"rendered":"https:\/\/espak.ee\/epood\/?post_type=product&#038;p=213662"},"modified":"2025-06-23T00:25:00","modified_gmt":"2025-06-22T21:25:00","slug":"akujarkamissaag-einhell-te-sm-36-10-l-li-solo","status":"publish","type":"product","link":"https:\/\/espak.ee\/epood\/toode\/akujarkamissaag-einhell-te-sm-36-10-l-li-solo\/","title":{"rendered":"AKUJ\u00c4RKAMISSAAG EINHELL TE-SM 36\/10 L LI SOLO"},"content":{"rendered":"<div class=\"row\"  id=\"row-406640171\">\n\n\t<div id=\"col-364672795\" class=\"col medium-9 small-12 large-9\"  >\n\t\t\t\t<div class=\"col-inner\"  >\n\t\t\t\n\t\t\t\n<h3>Akuj\u00e4rkamissaag Einhell TE-SM 36\/10 L Li-Solo<\/h3>\n<div class=\"message-box relative\" style=\"padding-top:15px;padding-bottom:15px;\"><div class=\"message-box-bg-image bg-fill fill\" ><\/div><div class=\"message-box-bg-overlay bg-fill fill\" ><\/div><div class=\"container relative\"><div class=\"inner last-reset\">\n<div class=\"row align-middle align-center\"  id=\"row-6509535\">\n\n\t<div id=\"col-1301925933\" class=\"col small-12 large-12\"  >\n\t\t\t\t<div class=\"col-inner text-left\"  >\n\t\t\t\n\t\t\t\n<h4>Omadused<\/h4>\n<div class=\"row\"  id=\"row-946474957\">\n\n\t<div id=\"col-1392765973\" class=\"col medium-6 small-12 large-6\"  >\n\t\t\t\t<div class=\"col-inner\"  >\n\t\t\t\n\t\t\t\n<p><i class=\"far fa-check-circle fa-2x\"><\/i><strong>\u00a0Power X-Change\u00b4i tootepere liige <\/strong><\/p>\n<p><i class=\"far fa-check-circle fa-2x\"><\/i><strong>\u00a0Vajalik kaks 18\u00a0V Power X-Change\u00b4i tootepere akut <\/strong><\/p>\n<p><i class=\"far fa-check-circle fa-2x\"><\/i><strong> Sujuvalt liikuv kelk suurte toorikute l\u00f5ikamiseks\u00a0<\/strong><\/p>\n<p><i class=\"far fa-check-circle fa-2x\"><\/i><strong> Saagimispead saab kallutada kuni 45\u00b0 vasakule kaldl\u00f5igete tegemiseks <\/strong><\/p>\n<p><i class=\"far fa-check-circle fa-2x\"><\/i><strong> Kvaliteetne t\u00e4pne saeketas<\/strong><\/p>\n<p><i class=\"far fa-check-circle fa-2x\"><\/i><strong> Kinnitusrakis tooriku kindlalt paigal hoidmiseks\u00a0<\/strong><\/p>\n<p><i class=\"far fa-check-circle fa-2x\"><\/i><strong> Soovituslik aku v\u00e4hemalt 2,5 Ah\u00a0<\/strong><\/p>\n\t\t<\/div>\n\t\t\t\t\n<style>\n#col-1392765973 > .col-inner {\n  margin: 0px 0px 15px 0px;\n}\n<\/style>\n\t<\/div>\n\n\t\n\n\t<div id=\"col-518250320\" class=\"col medium-6 small-12 large-6\"  >\n\t\t\t\t<div class=\"col-inner\"  >\n\t\t\t\n\t\t\t\n<p><i class=\"far fa-check-circle fa-2x\"><\/i><strong> Piirideta tegevusulatus \u2013 puuduvad t\u00fc\u00fctud kaablid, mida kerida <\/strong><\/p>\n<p><i class=\"far fa-check-circle fa-2x\"><\/i><strong> Nurga seadistusega p\u00f6\u00f6rdlaud t\u00e4psete nurkl\u00f5igete tegemiseks\u00a0<\/strong><\/p>\n<p><i class=\"far fa-check-circle fa-2x\"><\/i><strong> T\u00f6\u00f6laua laiendid X-Tend \u00fche k\u00e4ega t\u00f6\u00f6tamise v\u00f5imaldamiseks\u00a0<\/strong><\/p>\n<p><i class=\"far fa-check-circle fa-2x\"><\/i><strong> Laser ja LED-valgusdiood lihtsaks ja ohutuks kasutamiseks\u00a0<\/strong><\/p>\n<p><i class=\"far fa-check-circle fa-2x\"><\/i><strong> Kaasas saepurukott t\u00f6\u00f6koha puhtana hoidmiseks\u00a0<\/strong><\/p>\n\t\t<\/div>\n\t\t\t\t\n<style>\n#col-518250320 > .col-inner {\n  margin: 0px 0px 15px 0px;\n}\n<\/style>\n\t<\/div>\n\n\t\n<\/div>\n\t\t<\/div>\n\t\t\t\t\t<\/div>\n\n\t\n<\/div>\n<\/div><\/div><\/div>\n\t<div id=\"gap-1995308957\" class=\"gap-element clearfix\" style=\"display:block; height:auto;\">\n\t\t\n<style>\n#gap-1995308957 {\n  padding-top: 30px;\n}\n<\/style>\n\t<\/div>\n\t\n<h2>Tootekirjeldus<\/h2>\n<p> Einhelli j\u00e4rkamissaagi TE-SM 36\/10 L Li SOLO saab paindlikult kasutada k\u00f5igil puidut\u00f6\u00f6del, kald- ja ristl\u00f5igete l\u00f5ikamiseks ning isegi parketi sirgelt m\u00f5\u00f5tu l\u00f5ikamiseks. Juhtmevaba t\u00f6\u00f6riist annab t\u00f6\u00f6tamiseks piiramatu liikumisvabaduse. Puuduvad t\u00f6\u00f6tamist h\u00e4irivad kaablid, mis tuleks p\u00e4rast t\u00f6\u00f6 l\u00f5petamist kokku kerida. Power X-Change\u00b4i tootepere liikmena saab koos j\u00e4rkamissaagi kasutada k\u00f5iki laetavaid suure j\u00f5udlusega liitiumioonakusid. Parimate tulemuste saamiseks on soovitatav kasutada v\u00e4hemalt 2,5\u00a0Ah mahtuvusega akut. Einhelli j\u00e4rkamissaag sobib oma sujuva kelgu t\u00f5ttu kasutamiseks ka laiemate toorikute l\u00f5ikamiseks. T\u00f6\u00f6laua laiendusi X-Tend saab seadistada vaid \u00fche k\u00e4ega ilma t\u00f6\u00f6riistu kasutamata. Kinnitusrakis tooriku kindlalt paigal hoidmiseks. P\u00f6\u00f6rdelaual on nurga seadmise v\u00f5imalus t\u00e4psete nurkl\u00f5igete tegemiseks. Saagimispead saab kaldl\u00f5igete tegemiseks kallutada kuni 45\u00b0 vasakule. Suure j\u00f5udlusega sael on kvaliteetne HW saeketas, mis tagab puhtad l\u00f5iked. L\u00f5ikejoone laser ja LED dioodvalgusti tagavad, et l\u00f5ikeid saab teha kiiresti, t\u00e4pselt ja eelk\u00f5ige ohutult. Akuj\u00e4rkamissael on saepurukott v\u00f5i \u00e4rat\u00f5mbes\u00fcsteemi otsak, et hoida t\u00f6\u00f6koht ja \u00f5hk alati puhtana.<br \/>\nAku ja laadijata mudel, need on m\u00fc\u00fcgil eraldi.   <\/p>\n\t<div id=\"gap-1656117744\" class=\"gap-element clearfix\" style=\"display:block; height:auto;\">\n\t\t\n<style>\n#gap-1656117744 {\n  padding-top: 30px;\n}\n<\/style>\n\t<\/div>\n\t\n\t\t<\/div>\n\t\t\t\t\t<\/div>\n\n\t\n\n\t<div id=\"col-1540439035\" class=\"col medium-3 small-12 large-3\"  >\n\t\t\t\t<div class=\"col-inner\"  >\n\t\t\t\n\t\t\t\n<img decoding=\"async\" src=\"https:\/\/espak.ee\/epood\/wp-content\/uploads\/2020\/04\/Power-x-change-logo.jpg\" alt=\"\" width=\"1772\" height=\"343\" class=\"alignnone size-full wp-image-97311\" srcset=\"https:\/\/espak.ee\/epood\/wp-content\/uploads\/2020\/04\/Power-x-change-logo.jpg 1772w, https:\/\/espak.ee\/epood\/wp-content\/uploads\/2020\/04\/Power-x-change-logo-500x97.jpg 500w, https:\/\/espak.ee\/epood\/wp-content\/uploads\/2020\/04\/Power-x-change-logo-769x149.jpg 769w, https:\/\/espak.ee\/epood\/wp-content\/uploads\/2020\/04\/Power-x-change-logo-300x58.jpg 300w, https:\/\/espak.ee\/epood\/wp-content\/uploads\/2020\/04\/Power-x-change-logo-1024x198.jpg 1024w, https:\/\/espak.ee\/epood\/wp-content\/uploads\/2020\/04\/Power-x-change-logo-150x29.jpg 150w, https:\/\/espak.ee\/epood\/wp-content\/uploads\/2020\/04\/Power-x-change-logo-768x149.jpg 768w, https:\/\/espak.ee\/epood\/wp-content\/uploads\/2020\/04\/Power-x-change-logo-1536x297.jpg 1536w\" sizes=\"(max-width: 1772px) 100vw, 1772px\" \/><br \/>\n<div class=\"is-divider divider clearfix\" ><\/div>\n<h3>Kasutusjuhend<\/h3>\n<p><a href=\"https:\/\/espak.ee\/epood\/wp-content\/uploads\/2024\/10\/Akujarkamissaag-Einhell-TE-SM-36-10-L-LI-4300885-EST.pdf\"target=\"_blank\" rel=\"noopener noreferrer\"><i class=\"far fa-file-pdf\"><\/i> Kasutusjuhend (PDF)<\/a><\/p>\n<div class=\"is-divider divider clearfix\" ><\/div>\n<p><strong>\u00dcksikasjalikuma n\u00f5u saamiseks v\u00f5tke \u00fchendust:<br \/><\/strong>Espak AS<br \/>Viadukti 42<br \/>11313<br \/>Tallinn<br \/>+372 6 512333<\/p>\n\t\t<\/div>\n\t\t\t\t\t<\/div>\n\n\t\n<\/div>\n","protected":false},"excerpt":{"rendered":"","protected":false},"featured_media":213806,"comment_status":"closed","ping_status":"closed","template":"","meta":[],"product_brand":[],"product_cat":[4519,2733,2680,2679],"product_tag":[],"class_list":{"0":"post-213662","1":"product","2":"type-product","3":"status-publish","4":"has-post-thumbnail","6":"product_cat-akujarkamissaed","7":"product_cat-akutooriistad","8":"product_cat-elektritooriistad","9":"product_cat-tooriistad","10":"pa_kaubamark-einhell","12":"first","13":"instock","14":"sale","15":"taxable","16":"shipping-taxable","17":"purchasable","18":"product-type-simple"},"yoast_head":"<!-- This site is optimized with the Yoast SEO plugin v26.9 - https:\/\/yoast.com\/product\/yoast-seo-wordpress\/ -->\n<title>AKUJ\u00c4RKAMISSAAG EINHELL TE-SM 36\/10 L LI SOLO - Espak E-pood<\/title>\n<meta name=\"robots\" content=\"index, follow, max-snippet:-1, max-image-preview:large, max-video-preview:-1\" \/>\n<link rel=\"canonical\" href=\"https:\/\/espak.ee\/epood\/toode\/akujarkamissaag-einhell-te-sm-36-10-l-li-solo\/\" \/>\n<meta property=\"og:locale\" content=\"et_EE\" \/>\n<meta property=\"og:type\" content=\"article\" \/>\n<meta property=\"og:title\" content=\"AKUJ\u00c4RKAMISSAAG EINHELL TE-SM 36\/10 L LI SOLO - Espak E-pood\" \/>\n<meta property=\"og:url\" content=\"https:\/\/espak.ee\/epood\/toode\/akujarkamissaag-einhell-te-sm-36-10-l-li-solo\/\" \/>\n<meta property=\"og:site_name\" content=\"Espak E-pood\" \/>\n<meta property=\"article:modified_time\" content=\"2025-06-22T21:25:00+00:00\" \/>\n<meta property=\"og:image\" content=\"https:\/\/espak.ee\/epood\/wp-content\/uploads\/2024\/10\/4300885_21011_002_TE_SM_36_10_L_Li_Solo_Pic.jpg\" \/>\n\t<meta property=\"og:image:width\" content=\"1000\" \/>\n\t<meta property=\"og:image:height\" content=\"1000\" \/>\n\t<meta property=\"og:image:type\" content=\"image\/jpeg\" \/>\n<meta name=\"twitter:card\" content=\"summary_large_image\" \/>\n<meta name=\"twitter:label1\" content=\"Est. reading time\" \/>\n\t<meta name=\"twitter:data1\" content=\"2 minutit\" \/>\n<script type=\"application\/ld+json\" class=\"yoast-schema-graph\">{\"@context\":\"https:\/\/schema.org\",\"@graph\":[{\"@type\":\"WebPage\",\"@id\":\"https:\/\/espak.ee\/epood\/toode\/akujarkamissaag-einhell-te-sm-36-10-l-li-solo\/\",\"url\":\"https:\/\/espak.ee\/epood\/toode\/akujarkamissaag-einhell-te-sm-36-10-l-li-solo\/\",\"name\":\"AKUJ\u00c4RKAMISSAAG EINHELL TE-SM 36\/10 L LI SOLO - Espak E-pood\",\"isPartOf\":{\"@id\":\"https:\/\/espak.ee\/epood\/#website\"},\"primaryImageOfPage\":{\"@id\":\"https:\/\/espak.ee\/epood\/toode\/akujarkamissaag-einhell-te-sm-36-10-l-li-solo\/#primaryimage\"},\"image\":{\"@id\":\"https:\/\/espak.ee\/epood\/toode\/akujarkamissaag-einhell-te-sm-36-10-l-li-solo\/#primaryimage\"},\"thumbnailUrl\":\"https:\/\/espak.ee\/epood\/wp-content\/uploads\/2024\/10\/4300885_21011_002_TE_SM_36_10_L_Li_Solo_Pic.jpg\",\"datePublished\":\"2024-10-12T02:05:03+00:00\",\"dateModified\":\"2025-06-22T21:25:00+00:00\",\"breadcrumb\":{\"@id\":\"https:\/\/espak.ee\/epood\/toode\/akujarkamissaag-einhell-te-sm-36-10-l-li-solo\/#breadcrumb\"},\"inLanguage\":\"et\",\"potentialAction\":[{\"@type\":\"ReadAction\",\"target\":[\"https:\/\/espak.ee\/epood\/toode\/akujarkamissaag-einhell-te-sm-36-10-l-li-solo\/\"]}]},{\"@type\":\"ImageObject\",\"inLanguage\":\"et\",\"@id\":\"https:\/\/espak.ee\/epood\/toode\/akujarkamissaag-einhell-te-sm-36-10-l-li-solo\/#primaryimage\",\"url\":\"https:\/\/espak.ee\/epood\/wp-content\/uploads\/2024\/10\/4300885_21011_002_TE_SM_36_10_L_Li_Solo_Pic.jpg\",\"contentUrl\":\"https:\/\/espak.ee\/epood\/wp-content\/uploads\/2024\/10\/4300885_21011_002_TE_SM_36_10_L_Li_Solo_Pic.jpg\",\"width\":1000,\"height\":1000},{\"@type\":\"BreadcrumbList\",\"@id\":\"https:\/\/espak.ee\/epood\/toode\/akujarkamissaag-einhell-te-sm-36-10-l-li-solo\/#breadcrumb\",\"itemListElement\":[{\"@type\":\"ListItem\",\"position\":1,\"name\":\"Home\",\"item\":\"https:\/\/espak.ee\/epood\/\"},{\"@type\":\"ListItem\",\"position\":2,\"name\":\"Tootevalik\",\"item\":\"https:\/\/espak.ee\/epood\/tootevalik\/\"},{\"@type\":\"ListItem\",\"position\":3,\"name\":\"AKUJ\u00c4RKAMISSAAG EINHELL TE-SM 36\/10 L LI SOLO\"}]},{\"@type\":\"WebSite\",\"@id\":\"https:\/\/espak.ee\/epood\/#website\",\"url\":\"https:\/\/espak.ee\/epood\/\",\"name\":\"Espak E-pood\",\"description\":\"\",\"potentialAction\":[{\"@type\":\"SearchAction\",\"target\":{\"@type\":\"EntryPoint\",\"urlTemplate\":\"https:\/\/espak.ee\/epood\/?s={search_term_string}\"},\"query-input\":{\"@type\":\"PropertyValueSpecification\",\"valueRequired\":true,\"valueName\":\"search_term_string\"}}],\"inLanguage\":\"et\"}]}<\/script>\n<!-- \/ Yoast SEO plugin. -->","yoast_head_json":{"title":"AKUJ\u00c4RKAMISSAAG EINHELL TE-SM 36\/10 L LI SOLO - Espak E-pood","robots":{"index":"index","follow":"follow","max-snippet":"max-snippet:-1","max-image-preview":"max-image-preview:large","max-video-preview":"max-video-preview:-1"},"canonical":"https:\/\/espak.ee\/epood\/toode\/akujarkamissaag-einhell-te-sm-36-10-l-li-solo\/","og_locale":"et_EE","og_type":"article","og_title":"AKUJ\u00c4RKAMISSAAG EINHELL TE-SM 36\/10 L LI SOLO - Espak E-pood","og_url":"https:\/\/espak.ee\/epood\/toode\/akujarkamissaag-einhell-te-sm-36-10-l-li-solo\/","og_site_name":"Espak E-pood","article_modified_time":"2025-06-22T21:25:00+00:00","og_image":[{"width":1000,"height":1000,"url":"https:\/\/espak.ee\/epood\/wp-content\/uploads\/2024\/10\/4300885_21011_002_TE_SM_36_10_L_Li_Solo_Pic.jpg","type":"image\/jpeg"}],"twitter_card":"summary_large_image","twitter_misc":{"Est. reading time":"2 minutit"},"schema":{"@context":"https:\/\/schema.org","@graph":[{"@type":"WebPage","@id":"https:\/\/espak.ee\/epood\/toode\/akujarkamissaag-einhell-te-sm-36-10-l-li-solo\/","url":"https:\/\/espak.ee\/epood\/toode\/akujarkamissaag-einhell-te-sm-36-10-l-li-solo\/","name":"AKUJ\u00c4RKAMISSAAG EINHELL TE-SM 36\/10 L LI SOLO - Espak E-pood","isPartOf":{"@id":"https:\/\/espak.ee\/epood\/#website"},"primaryImageOfPage":{"@id":"https:\/\/espak.ee\/epood\/toode\/akujarkamissaag-einhell-te-sm-36-10-l-li-solo\/#primaryimage"},"image":{"@id":"https:\/\/espak.ee\/epood\/toode\/akujarkamissaag-einhell-te-sm-36-10-l-li-solo\/#primaryimage"},"thumbnailUrl":"https:\/\/espak.ee\/epood\/wp-content\/uploads\/2024\/10\/4300885_21011_002_TE_SM_36_10_L_Li_Solo_Pic.jpg","datePublished":"2024-10-12T02:05:03+00:00","dateModified":"2025-06-22T21:25:00+00:00","breadcrumb":{"@id":"https:\/\/espak.ee\/epood\/toode\/akujarkamissaag-einhell-te-sm-36-10-l-li-solo\/#breadcrumb"},"inLanguage":"et","potentialAction":[{"@type":"ReadAction","target":["https:\/\/espak.ee\/epood\/toode\/akujarkamissaag-einhell-te-sm-36-10-l-li-solo\/"]}]},{"@type":"ImageObject","inLanguage":"et","@id":"https:\/\/espak.ee\/epood\/toode\/akujarkamissaag-einhell-te-sm-36-10-l-li-solo\/#primaryimage","url":"https:\/\/espak.ee\/epood\/wp-content\/uploads\/2024\/10\/4300885_21011_002_TE_SM_36_10_L_Li_Solo_Pic.jpg","contentUrl":"https:\/\/espak.ee\/epood\/wp-content\/uploads\/2024\/10\/4300885_21011_002_TE_SM_36_10_L_Li_Solo_Pic.jpg","width":1000,"height":1000},{"@type":"BreadcrumbList","@id":"https:\/\/espak.ee\/epood\/toode\/akujarkamissaag-einhell-te-sm-36-10-l-li-solo\/#breadcrumb","itemListElement":[{"@type":"ListItem","position":1,"name":"Home","item":"https:\/\/espak.ee\/epood\/"},{"@type":"ListItem","position":2,"name":"Tootevalik","item":"https:\/\/espak.ee\/epood\/tootevalik\/"},{"@type":"ListItem","position":3,"name":"AKUJ\u00c4RKAMISSAAG EINHELL TE-SM 36\/10 L LI SOLO"}]},{"@type":"WebSite","@id":"https:\/\/espak.ee\/epood\/#website","url":"https:\/\/espak.ee\/epood\/","name":"Espak E-pood","description":"","potentialAction":[{"@type":"SearchAction","target":{"@type":"EntryPoint","urlTemplate":"https:\/\/espak.ee\/epood\/?s={search_term_string}"},"query-input":{"@type":"PropertyValueSpecification","valueRequired":true,"valueName":"search_term_string"}}],"inLanguage":"et"}]}},"_links":{"self":[{"href":"https:\/\/espak.ee\/epood\/wp-json\/wp\/v2\/product\/213662","targetHints":{"allow":["GET"]}}],"collection":[{"href":"https:\/\/espak.ee\/epood\/wp-json\/wp\/v2\/product"}],"about":[{"href":"https:\/\/espak.ee\/epood\/wp-json\/wp\/v2\/types\/product"}],"replies":[{"embeddable":true,"href":"https:\/\/espak.ee\/epood\/wp-json\/wp\/v2\/comments?post=213662"}],"wp:featuredmedia":[{"embeddable":true,"href":"https:\/\/espak.ee\/epood\/wp-json\/wp\/v2\/media\/213806"}],"wp:attachment":[{"href":"https:\/\/espak.ee\/epood\/wp-json\/wp\/v2\/media?parent=213662"}],"wp:term":[{"taxonomy":"product_brand","embeddable":true,"href":"https:\/\/espak.ee\/epood\/wp-json\/wp\/v2\/product_brand?post=213662"},{"taxonomy":"product_cat","embeddable":true,"href":"https:\/\/espak.ee\/epood\/wp-json\/wp\/v2\/product_cat?post=213662"},{"taxonomy":"product_tag","embeddable":true,"href":"https:\/\/espak.ee\/epood\/wp-json\/wp\/v2\/product_tag?post=213662"}],"curies":[{"name":"wp","href":"https:\/\/api.w.org\/{rel}","templated":true}]}}