{"id":210053,"date":"2024-09-12T05:10:03","date_gmt":"2024-09-12T02:10:03","guid":{"rendered":"https:\/\/espak.ee\/epood\/?post_type=product&#038;p=210053"},"modified":"2024-09-13T09:47:46","modified_gmt":"2024-09-13T06:47:46","slug":"talvesaapad-treksta-hercules-gore-tex-boa-46","status":"publish","type":"product","link":"https:\/\/espak.ee\/epood\/toode\/talvesaapad-treksta-hercules-gore-tex-boa-46\/","title":{"rendered":"TALVESAAPAD TREKSTA HERCULES GORE-TEX BOA 46"},"content":{"rendered":"<div class=\"row\"  id=\"row-1564066934\">\n\n\t<div id=\"col-334454462\" class=\"col medium-9 small-12 large-9\"  >\n\t\t\t\t<div class=\"col-inner\"  >\n\t\t\t\n\t\t\t\n<h3>TREKSTA Hercules Gore-Tex Boa\u00ae talvesaapad 46 <\/h3>\n<p>\u00dclimalt kerged ja soojad karvavoodriga talvesaapad on t\u00e4nu Gore-Texile veekindlad, ent hingavad ning m\u00f5eldud tingimustesse, kus jalatsitelt ei n\u00f5uta turvaelementide olemasolu. V\u00e4ga head matkasaapad!<\/p>\n<p>Revolutsiooniline NestFit liist arvestab jalakujuga selliselt nagu see on loodud. Autot\u00f6\u00f6stusest p\u00e4rit I.S.T vedrustusfunktioon pakub enneolematut tuge ja tasakaalu eba\u00fchtlasel maastikul. HyperGrip tallamuster koos IceLock tehnoloogiaga hoiavad sind p\u00fcsti j\u00e4isel ja m\u00e4rjal pinnal.<\/p>\n<p>Vastupidav Boa\u00ae kiirkinnitus lisab kasutusmugavust, vastupidavust ja ohutust.\n <\/p>\n<p>Vaid 483g (suurus 42) kerged soojad karvavoodriga talvesaapad on jalas enneolematult mugavad. Lisaks on need t\u00e4nu Gore-Tex membraanile veekindlad, kuid hingavad. Unikaalsel NestFit liistul ning patenteeritud IceLock libisemiskindlad.<\/p>\n<p>Kui paned Treksta saapad esimest korda jalga, tunned erinevust kohe. Need istuvad jalas teisiti, alguses isegi veidi harjumatult \u2013 sest k\u00f5ik \u00fclej\u00e4\u00e4nud jalan\u00f5ud, mida olete oma elu jooksul kandnud on teistsuguse liistuga. V\u00e4hese aja m\u00f6\u00f6dudes harjud ja m\u00f5istad, et midagi nii mugavat pole sul enne jalas olnud.<\/p>\n<p>Enamik jalan\u00f5usid ehitatakse niisuguse kujuga liistule, mis sadu aastaid tagasi esimeste kingseppade poolt v\u00e4lja t\u00f6\u00f6tati. Treksta viis l\u00e4bi suuremahulise uurimuse (kaardistati 20 000 inimese jalalaba) ning l\u00f5i revolutsioonilise NestFit tehnoloogia, mille abil t\u00f6\u00f6tati v\u00e4lja uue kujuga liist. Selline, mis j\u00e4rgib jalalaba loomulikku kuju, mis arvestab muuhulgas varvaste eba\u00fchtlase pikkuse ja k\u00f5rgusega, samuti jalalaba tegeliku kaarduvusega.<\/p>\n<p>Saabaste pealsed on vetth\u00fclgava s\u00fcnteetilise naha ja samuti vetth\u00fclgava v\u00f5rgu optimaalne kombinatsioon, mis katavad Gore-Tex membraani.<\/p>\n<p>Tuntud Gore-Tex membraan ei vaja pikka tutvustust. Tegemist on suurep\u00e4rase materjaliga, mis tagab veekindluse, kuid laseb liigsel soojal jalan\u00f5u seest v\u00e4ljuda. Gore-Tex materjali 1 ruutsentimeetri peal on 3,5 miljardit poori, mis on 20 000 korda v\u00e4iksemad kui veetilk, kuid 700 korda suuremad kui veeauru molekul. Niisiis ei mahu v\u00e4ljastpoolt tulev vesi nendest pooridest sisse, kuid jalan\u00f5u sees tekkiv veeaur saab v\u00e4ljuda k\u00fcll. Just sel moel on needki saapad veekindlad, kuid hingavad.<\/p>\n<p>I.S.T (Independent Suspencion Technology) lisab saabastele unikaalsust. Need on ainsad saapad, mille talla valmistamisel on kasutatud autot\u00f6\u00f6stusest p\u00e4rit nn vedrustusfunktsiooni. See aitab jalgadel kohaneda eba\u00fchtlase pinnasega, sest v\u00e4listalla struktuuri erinevad osad liiguvad iseseivalt, \u00fcksteisest pisut erinevalt, aidates kokkuv\u00f5ttes v\u00e4ga head tasakaalu s\u00e4ilitada. N\u00e4iteks tunnevad v\u00e4listalla vaod pinnase muutumist ja liiguvad seepeale vastavalt vajadusele \u00fcles v\u00f5i alla. Nutikas I.S.T on p\u00e4lvinud ka rahvusvahelise t\u00f6\u00f6stusinnovatsiooni auhinna.<\/p>\n<p>Uudne Boa\u00ae kinnituss\u00fcsteem lisab saabastele nii kasutusmugavust kui ka ohutust. Pole lahtisi paelu, mis kusagile takerduda v\u00f5iksid ning jalan\u00f5ude jalga panek ja jalast v\u00f5tmine on lihtsam kui kunagi varem. T\u00fc\u00fctu, pikkade paelaridade pingutamine ja hiljem l\u00f5dvaks sikutamine on ajalukku j\u00e4\u00e4nud, Boa\u00ae pingutab \u00fchtlaselt ja t\u00e4pselt just niipalju kui sul vaja ja vabastab saapad hetkega.<\/p>\n<p>Boa\u00ae on tugev ja kindel ning toimib lihtsalt: t\u00f5sta ketast ja tross vabastatakse. Pane jalan\u00f5u jalga, vajuta ketas sisse ja p\u00f6\u00f6ra seni kuni jalan\u00f5ud on kindlalt jalga fikseeritud. Boa\u00ae ei jookse lahti ega l\u00f5dvene iseeneslikult. Boa\u00ae kinnituss\u00fcsteemile kehtib garantii, mis kestab kogu saabaste kasutusaja!<\/p>\n<p>Boa\u00ae kinnitus jalan\u00f5udel on ka omaette kvaliteedim\u00e4rk, sest patenteeritud s\u00fcsteemi lubatakse kasutada vaid neil jalan\u00f5udel, mis l\u00e4bivad Boa Technology enda l\u00e4biviidud testid ja range kvaliteedikontrolli. Kinnituss\u00fcsteemi lubatakse kasutada vaid t\u00f5eliselt kvaliteetsetel Premium jalan\u00f5udel.<\/p>\n<p>Saabaste innovaatiline Hypergrip tald on vastupidav kulumisele ning v\u00e4ga hea haarduvusega. \u00dcldjuhul seisavad jalatsitootjad v\u00e4listalla valmistamisel silmitsi valikuga: kas valida vastupidavus v\u00f5i v\u00e4ga hea haare. Hea haarde tagab pehme kummisegu, mis teisalt kiiresti kulub ja vastupidi: see materjal, mis kestab h\u00e4sti, ei ole j\u00e4llegi nii hea haardega.<\/p>\n<p>Treksta ei soovinud sellist kompromissi teha ning tulemuseks on patenteeritud Hypergrip tehnoloogia, mille kummisegu annab head tulemused m\u00f5lemas, nii kulumiskindluses kui ka haarduvuses. Hypergrip hoiab sind kindlalt rajal nii m\u00e4rgades kui kuivades oludes, on suurep\u00e4rase kulumiskindlusega, tugev ja stabiilne, samal ajal kerge kaaluga. Hypergrip v\u00e4listallaga jalan\u00f5ud tunned \u00e4ra ovaalse m\u00e4rgise j\u00e4rgi talla all.<\/p>\n<p>Libisemiskindluse j\u00e4istel ja vesistel pindadel tagab IceLock\u2122 tehnoloogia. Talla alla paigutatud musta-halli triibulised kareda pinnaga nupud koosnevavad spetsiaalsest kummisegust, milles on elektrostaatiliselt joondatud mikroklaaskiud. See tekitab libisemist takistava pinge jalan\u00f5u ja pinnase vahele ning peab h\u00e4sti vastu kulumisele.\n<\/p>\n\t\t<\/div>\n\t\t\t\t\t<\/div>\n\n\t\n\n\t<div id=\"col-743289634\" class=\"col medium-3 small-12 large-3\"  >\n\t\t\t\t<div class=\"col-inner\"  >\n\t\t\t\n\t\t\t\n\t<div id=\"gap-109846025\" class=\"gap-element clearfix\" style=\"display:block; height:auto;\">\n\t\t\n<style>\n#gap-109846025 {\n  padding-top: 30px;\n}\n<\/style>\n\t<\/div>\n\t\n<p><strong>\u00dcksikasjalikuma n\u00f5u saamiseks v\u00f5tke \u00fchendust:<br \/><\/strong>Tamrex Ohutuse O\u00dc<br \/>Laki 5<br \/>10621<br \/>Tallinn<br \/>+372 654 9900<\/p>\n\t\t<\/div>\n\t\t\t\t\t<\/div>\n\n\t\n<\/div>\n","protected":false},"excerpt":{"rendered":"","protected":false},"featured_media":210235,"comment_status":"closed","ping_status":"closed","template":"","meta":[],"product_brand":[],"product_cat":[2788,3031,3035,2972],"product_tag":[],"class_list":{"0":"post-210053","1":"product","2":"type-product","3":"status-publish","4":"has-post-thumbnail","6":"product_cat-aiatarbed-ja-kodukaubad","7":"product_cat-jalanoud","8":"product_cat-kingad","9":"product_cat-tookaitsevahendid","10":"pa_kaubamark-tamrex-ohutuse-ou","12":"first","13":"outofstock","14":"sale","15":"taxable","16":"shipping-taxable","17":"purchasable","18":"product-type-simple"},"yoast_head":"<!-- This site is optimized with the Yoast SEO plugin v26.9 - https:\/\/yoast.com\/product\/yoast-seo-wordpress\/ -->\n<title>TALVESAAPAD TREKSTA HERCULES GORE-TEX BOA 46 - Espak E-pood<\/title>\n<meta name=\"robots\" content=\"index, follow, max-snippet:-1, max-image-preview:large, max-video-preview:-1\" \/>\n<link rel=\"canonical\" href=\"https:\/\/espak.ee\/epood\/toode\/talvesaapad-treksta-hercules-gore-tex-boa-46\/\" \/>\n<meta property=\"og:locale\" content=\"et_EE\" \/>\n<meta property=\"og:type\" content=\"article\" \/>\n<meta property=\"og:title\" content=\"TALVESAAPAD TREKSTA HERCULES GORE-TEX BOA 46 - Espak E-pood\" \/>\n<meta property=\"og:url\" content=\"https:\/\/espak.ee\/epood\/toode\/talvesaapad-treksta-hercules-gore-tex-boa-46\/\" \/>\n<meta property=\"og:site_name\" content=\"Espak E-pood\" \/>\n<meta property=\"article:modified_time\" content=\"2024-09-13T06:47:46+00:00\" \/>\n<meta property=\"og:image\" content=\"https:\/\/espak.ee\/epood\/wp-content\/uploads\/2024\/09\/treksta-hercules-gore-tex-boaR-talvesaapad-2.jpg\" \/>\n\t<meta property=\"og:image:width\" content=\"1000\" \/>\n\t<meta property=\"og:image:height\" content=\"1000\" \/>\n\t<meta property=\"og:image:type\" content=\"image\/jpeg\" \/>\n<meta name=\"twitter:card\" content=\"summary_large_image\" \/>\n<meta name=\"twitter:label1\" content=\"Est. reading time\" \/>\n\t<meta name=\"twitter:data1\" content=\"4 minutit\" \/>\n<script type=\"application\/ld+json\" class=\"yoast-schema-graph\">{\"@context\":\"https:\/\/schema.org\",\"@graph\":[{\"@type\":\"WebPage\",\"@id\":\"https:\/\/espak.ee\/epood\/toode\/talvesaapad-treksta-hercules-gore-tex-boa-46\/\",\"url\":\"https:\/\/espak.ee\/epood\/toode\/talvesaapad-treksta-hercules-gore-tex-boa-46\/\",\"name\":\"TALVESAAPAD TREKSTA HERCULES GORE-TEX BOA 46 - Espak E-pood\",\"isPartOf\":{\"@id\":\"https:\/\/espak.ee\/epood\/#website\"},\"primaryImageOfPage\":{\"@id\":\"https:\/\/espak.ee\/epood\/toode\/talvesaapad-treksta-hercules-gore-tex-boa-46\/#primaryimage\"},\"image\":{\"@id\":\"https:\/\/espak.ee\/epood\/toode\/talvesaapad-treksta-hercules-gore-tex-boa-46\/#primaryimage\"},\"thumbnailUrl\":\"https:\/\/espak.ee\/epood\/wp-content\/uploads\/2024\/09\/treksta-hercules-gore-tex-boaR-talvesaapad-2.jpg\",\"datePublished\":\"2024-09-12T02:10:03+00:00\",\"dateModified\":\"2024-09-13T06:47:46+00:00\",\"breadcrumb\":{\"@id\":\"https:\/\/espak.ee\/epood\/toode\/talvesaapad-treksta-hercules-gore-tex-boa-46\/#breadcrumb\"},\"inLanguage\":\"et\",\"potentialAction\":[{\"@type\":\"ReadAction\",\"target\":[\"https:\/\/espak.ee\/epood\/toode\/talvesaapad-treksta-hercules-gore-tex-boa-46\/\"]}]},{\"@type\":\"ImageObject\",\"inLanguage\":\"et\",\"@id\":\"https:\/\/espak.ee\/epood\/toode\/talvesaapad-treksta-hercules-gore-tex-boa-46\/#primaryimage\",\"url\":\"https:\/\/espak.ee\/epood\/wp-content\/uploads\/2024\/09\/treksta-hercules-gore-tex-boaR-talvesaapad-2.jpg\",\"contentUrl\":\"https:\/\/espak.ee\/epood\/wp-content\/uploads\/2024\/09\/treksta-hercules-gore-tex-boaR-talvesaapad-2.jpg\",\"width\":1000,\"height\":1000},{\"@type\":\"BreadcrumbList\",\"@id\":\"https:\/\/espak.ee\/epood\/toode\/talvesaapad-treksta-hercules-gore-tex-boa-46\/#breadcrumb\",\"itemListElement\":[{\"@type\":\"ListItem\",\"position\":1,\"name\":\"Home\",\"item\":\"https:\/\/espak.ee\/epood\/\"},{\"@type\":\"ListItem\",\"position\":2,\"name\":\"Tootevalik\",\"item\":\"https:\/\/espak.ee\/epood\/tootevalik\/\"},{\"@type\":\"ListItem\",\"position\":3,\"name\":\"TALVESAAPAD TREKSTA HERCULES GORE-TEX BOA 46\"}]},{\"@type\":\"WebSite\",\"@id\":\"https:\/\/espak.ee\/epood\/#website\",\"url\":\"https:\/\/espak.ee\/epood\/\",\"name\":\"Espak E-pood\",\"description\":\"\",\"potentialAction\":[{\"@type\":\"SearchAction\",\"target\":{\"@type\":\"EntryPoint\",\"urlTemplate\":\"https:\/\/espak.ee\/epood\/?s={search_term_string}\"},\"query-input\":{\"@type\":\"PropertyValueSpecification\",\"valueRequired\":true,\"valueName\":\"search_term_string\"}}],\"inLanguage\":\"et\"}]}<\/script>\n<!-- \/ Yoast SEO plugin. -->","yoast_head_json":{"title":"TALVESAAPAD TREKSTA HERCULES GORE-TEX BOA 46 - Espak E-pood","robots":{"index":"index","follow":"follow","max-snippet":"max-snippet:-1","max-image-preview":"max-image-preview:large","max-video-preview":"max-video-preview:-1"},"canonical":"https:\/\/espak.ee\/epood\/toode\/talvesaapad-treksta-hercules-gore-tex-boa-46\/","og_locale":"et_EE","og_type":"article","og_title":"TALVESAAPAD TREKSTA HERCULES GORE-TEX BOA 46 - Espak E-pood","og_url":"https:\/\/espak.ee\/epood\/toode\/talvesaapad-treksta-hercules-gore-tex-boa-46\/","og_site_name":"Espak E-pood","article_modified_time":"2024-09-13T06:47:46+00:00","og_image":[{"width":1000,"height":1000,"url":"https:\/\/espak.ee\/epood\/wp-content\/uploads\/2024\/09\/treksta-hercules-gore-tex-boaR-talvesaapad-2.jpg","type":"image\/jpeg"}],"twitter_card":"summary_large_image","twitter_misc":{"Est. reading time":"4 minutit"},"schema":{"@context":"https:\/\/schema.org","@graph":[{"@type":"WebPage","@id":"https:\/\/espak.ee\/epood\/toode\/talvesaapad-treksta-hercules-gore-tex-boa-46\/","url":"https:\/\/espak.ee\/epood\/toode\/talvesaapad-treksta-hercules-gore-tex-boa-46\/","name":"TALVESAAPAD TREKSTA HERCULES GORE-TEX BOA 46 - Espak E-pood","isPartOf":{"@id":"https:\/\/espak.ee\/epood\/#website"},"primaryImageOfPage":{"@id":"https:\/\/espak.ee\/epood\/toode\/talvesaapad-treksta-hercules-gore-tex-boa-46\/#primaryimage"},"image":{"@id":"https:\/\/espak.ee\/epood\/toode\/talvesaapad-treksta-hercules-gore-tex-boa-46\/#primaryimage"},"thumbnailUrl":"https:\/\/espak.ee\/epood\/wp-content\/uploads\/2024\/09\/treksta-hercules-gore-tex-boaR-talvesaapad-2.jpg","datePublished":"2024-09-12T02:10:03+00:00","dateModified":"2024-09-13T06:47:46+00:00","breadcrumb":{"@id":"https:\/\/espak.ee\/epood\/toode\/talvesaapad-treksta-hercules-gore-tex-boa-46\/#breadcrumb"},"inLanguage":"et","potentialAction":[{"@type":"ReadAction","target":["https:\/\/espak.ee\/epood\/toode\/talvesaapad-treksta-hercules-gore-tex-boa-46\/"]}]},{"@type":"ImageObject","inLanguage":"et","@id":"https:\/\/espak.ee\/epood\/toode\/talvesaapad-treksta-hercules-gore-tex-boa-46\/#primaryimage","url":"https:\/\/espak.ee\/epood\/wp-content\/uploads\/2024\/09\/treksta-hercules-gore-tex-boaR-talvesaapad-2.jpg","contentUrl":"https:\/\/espak.ee\/epood\/wp-content\/uploads\/2024\/09\/treksta-hercules-gore-tex-boaR-talvesaapad-2.jpg","width":1000,"height":1000},{"@type":"BreadcrumbList","@id":"https:\/\/espak.ee\/epood\/toode\/talvesaapad-treksta-hercules-gore-tex-boa-46\/#breadcrumb","itemListElement":[{"@type":"ListItem","position":1,"name":"Home","item":"https:\/\/espak.ee\/epood\/"},{"@type":"ListItem","position":2,"name":"Tootevalik","item":"https:\/\/espak.ee\/epood\/tootevalik\/"},{"@type":"ListItem","position":3,"name":"TALVESAAPAD TREKSTA HERCULES GORE-TEX BOA 46"}]},{"@type":"WebSite","@id":"https:\/\/espak.ee\/epood\/#website","url":"https:\/\/espak.ee\/epood\/","name":"Espak E-pood","description":"","potentialAction":[{"@type":"SearchAction","target":{"@type":"EntryPoint","urlTemplate":"https:\/\/espak.ee\/epood\/?s={search_term_string}"},"query-input":{"@type":"PropertyValueSpecification","valueRequired":true,"valueName":"search_term_string"}}],"inLanguage":"et"}]}},"_links":{"self":[{"href":"https:\/\/espak.ee\/epood\/wp-json\/wp\/v2\/product\/210053","targetHints":{"allow":["GET"]}}],"collection":[{"href":"https:\/\/espak.ee\/epood\/wp-json\/wp\/v2\/product"}],"about":[{"href":"https:\/\/espak.ee\/epood\/wp-json\/wp\/v2\/types\/product"}],"replies":[{"embeddable":true,"href":"https:\/\/espak.ee\/epood\/wp-json\/wp\/v2\/comments?post=210053"}],"wp:featuredmedia":[{"embeddable":true,"href":"https:\/\/espak.ee\/epood\/wp-json\/wp\/v2\/media\/210235"}],"wp:attachment":[{"href":"https:\/\/espak.ee\/epood\/wp-json\/wp\/v2\/media?parent=210053"}],"wp:term":[{"taxonomy":"product_brand","embeddable":true,"href":"https:\/\/espak.ee\/epood\/wp-json\/wp\/v2\/product_brand?post=210053"},{"taxonomy":"product_cat","embeddable":true,"href":"https:\/\/espak.ee\/epood\/wp-json\/wp\/v2\/product_cat?post=210053"},{"taxonomy":"product_tag","embeddable":true,"href":"https:\/\/espak.ee\/epood\/wp-json\/wp\/v2\/product_tag?post=210053"}],"curies":[{"name":"wp","href":"https:\/\/api.w.org\/{rel}","templated":true}]}}