{"id":209515,"date":"2024-09-06T05:05:13","date_gmt":"2024-09-06T02:05:13","guid":{"rendered":"https:\/\/espak.ee\/epood\/?post_type=product&#038;p=209515"},"modified":"2024-09-06T08:50:54","modified_gmt":"2024-09-06T05:50:54","slug":"jakk-snickers-workwear-kapuutsiga-oranz-xl","status":"publish","type":"product","link":"https:\/\/espak.ee\/epood\/toode\/jakk-snickers-workwear-kapuutsiga-oranz-xl\/","title":{"rendered":"JAKK SNICKERS WORKWEAR KAPUUTSIGA ORAN\u017d XL"},"content":{"rendered":"<div class=\"row\"  id=\"row-638917849\">\n\n\t<div id=\"col-934580103\" class=\"col medium-9 small-12 large-9\"  >\n\t\t\t\t<div class=\"col-inner\"  >\n\t\t\t\n\t\t\t\n<h3>SNICKERS WORKWEAR lukuga ja kapuutsiga jakk XL  <\/h3>\n<p>Funktsionaalne lukuga pusa sobib k\u00fclmal ajal vahekihiks ja soojal ajal v\u00e4liskihiks. V\u00e4ga kerge materjal hingab, hoiab h\u00e4sti sooja ning on seljas mugav. See pusa sobib h\u00e4sti mistahes aktiivsustasemega tegevuseks. T\u00e4nu nutikatele l\u00f5igetele istub pusa selga nagu valatult ja raglaanvarrukad tagavad liikumisvabaduse.\n <\/p>\n<div class=\"message-box relative\" style=\"padding-top:15px;padding-bottom:15px;\"><div class=\"message-box-bg-image bg-fill fill\" ><\/div><div class=\"message-box-bg-overlay bg-fill fill\" ><\/div><div class=\"container relative\"><div class=\"inner last-reset\">\n<div class=\"row align-middle align-center\"  id=\"row-479350076\">\n\n\t<div id=\"col-2126706874\" class=\"col small-12 large-12\"  >\n\t\t\t\t<div class=\"col-inner text-left\"  >\n\t\t\t\n\t\t\t\n<div class=\"row\"  id=\"row-1491705642\">\n\n\t<div id=\"col-698940114\" class=\"col medium-6 small-12 large-6\"  >\n\t\t\t\t<div class=\"col-inner\"  >\n\t\t\t\n\t\t\t\n<p><i class=\"fa fa-check  fa-2x\"><\/i><strong> Kerge, soe ja mugav kangas<\/strong><\/p>\n<p><i class=\"fa fa-check  fa-2x\"><\/i><strong> Tuulekindel softshell rinnal<\/strong><\/p>\n<p><i class=\"fa fa-check  fa-2x\"><\/i><strong> K\u00f5rge krae ja kapuuts<\/strong><\/p>\n\t\t<\/div>\n\t\t\t\t\n<style>\n#col-698940114 > .col-inner {\n  margin: 0px 0px 15px 0px;\n}\n<\/style>\n\t<\/div>\n\n\t\n\n\t<div id=\"col-511532285\" class=\"col medium-6 small-12 large-6\"  >\n\t\t\t\t<div class=\"col-inner\"  >\n\t\t\t\n\t\t\t\n<p><i class=\"fa fa-check fa-2x\"><\/i><strong> Topelt \u00f5mblustega p\u00f5hikangas<\/strong><\/p>\n<p><i class=\"fa fa-check  fa-2x\"><\/i><strong> Kahesuunaline lukk<\/strong><\/p>\n<p><i class=\"fa fa-check  fa-2x\"><\/i><strong> Lukuga k\u00fcljetaskud ja rinnatasku<\/strong><\/p>\n\t\t<\/div>\n\t\t\t\t\n<style>\n#col-511532285 > .col-inner {\n  margin: 0px 0px 15px 0px;\n}\n<\/style>\n\t<\/div>\n\n\t\n<\/div>\n\t\t<\/div>\n\t\t\t\t\t<\/div>\n\n\t\n<\/div>\n<\/div><\/div><\/div>\n\t<div id=\"gap-362062040\" class=\"gap-element clearfix\" style=\"display:block; height:auto;\">\n\t\t\n<style>\n#gap-362062040 {\n  padding-top: 30px;\n}\n<\/style>\n\t<\/div>\n\t\n<p>Kahe erineva kanga kombinatsioon lisab pusale funktsionaalsust. Rinnal on kasutatud tuulekindlat softshelli, mujal on topelt \u00f5mblustega p\u00f5hikangas ehk kerge, elastne, hingav ja soe taaskasutatud pol\u00fcestri ja elastaani segune kangas.<\/p>\n<p>Tuulisemal ja jahedamal p\u00e4eval kaitseb pead ja kaela k\u00f5rg krae ja kapuuts. Nutikate l\u00f5igetega vormitud kaela- ja peakaitse on mugav ega piira vaatev\u00e4lja.<\/p>\n<p>Pusal on mitmed v\u00e4ikesed detailid, mis lisavad kasutusmugavust ja funktsionaalsust. Varrukate otstes olevad p\u00f6idla-aasad hoiavad k\u00e4ised kindlalt paigal. Pikk lukk toimib kahesuunaliselt: avaneb nii \u00fclalt alla, kui alt \u00fcles. Peitlukkudega k\u00fcljetaskud ja sisemine tasku v\u00f5imaldavad vajalikke esemeid mugavalt kaasas kanda.<\/p>\n<p><strong>Materjalid:<\/strong><br \/>\nP\u00f5hikangas: 94% taaskasutatud pol\u00fcester, 6% elastaani (289 g\/m\u00b2).<br \/>\nKontrastkangas: 49% taaskasutatud pol\u00fcester, 31% pol\u00fcester, 20% pol\u00fcamiid (289 g\/m\u00b2)\n<\/p>\n\t\t<\/div>\n\t\t\t\t\t<\/div>\n\n\t\n\n\t<div id=\"col-1867522716\" class=\"col medium-3 small-12 large-3\"  >\n\t\t\t\t<div class=\"col-inner\"  >\n\t\t\t\n\t\t\t\n\t<div id=\"gap-32722546\" class=\"gap-element clearfix\" style=\"display:block; height:auto;\">\n\t\t\n<style>\n#gap-32722546 {\n  padding-top: 30px;\n}\n<\/style>\n\t<\/div>\n\t\n<p><strong>\u00dcksikasjalikuma n\u00f5u saamiseks v\u00f5tke \u00fchendust:<br \/><\/strong>Tamrex Ohutuse O\u00dc<br \/>Laki 5<br \/>10621<br \/>Tallinn<br \/>+372 654 9900<\/p>\n\t\t<\/div>\n\t\t\t\t\t<\/div>\n\n\t\n<\/div>\n","protected":false},"excerpt":{"rendered":"","protected":false},"featured_media":209537,"comment_status":"closed","ping_status":"closed","template":"","meta":[],"product_brand":[],"product_cat":[2788,3025,2972,3023],"product_tag":[],"class_list":{"0":"post-209515","1":"product","2":"type-product","3":"status-publish","4":"has-post-thumbnail","6":"product_cat-aiatarbed-ja-kodukaubad","7":"product_cat-riided","8":"product_cat-tookaitsevahendid","9":"product_cat-tooroivad","11":"first","12":"outofstock","13":"sale","14":"taxable","15":"shipping-taxable","16":"purchasable","17":"product-type-simple"},"yoast_head":"<!-- This site is optimized with the Yoast SEO plugin v26.9 - https:\/\/yoast.com\/product\/yoast-seo-wordpress\/ -->\n<title>JAKK SNICKERS WORKWEAR KAPUUTSIGA ORAN\u017d XL - Espak E-pood<\/title>\n<meta name=\"robots\" content=\"index, follow, max-snippet:-1, max-image-preview:large, max-video-preview:-1\" \/>\n<link rel=\"canonical\" href=\"https:\/\/espak.ee\/epood\/toode\/jakk-snickers-workwear-kapuutsiga-oranz-xl\/\" \/>\n<meta property=\"og:locale\" content=\"et_EE\" \/>\n<meta property=\"og:type\" content=\"article\" \/>\n<meta property=\"og:title\" content=\"JAKK SNICKERS WORKWEAR KAPUUTSIGA ORAN\u017d XL - Espak E-pood\" \/>\n<meta property=\"og:url\" content=\"https:\/\/espak.ee\/epood\/toode\/jakk-snickers-workwear-kapuutsiga-oranz-xl\/\" \/>\n<meta property=\"og:site_name\" content=\"Espak E-pood\" \/>\n<meta property=\"article:modified_time\" content=\"2024-09-06T05:50:54+00:00\" \/>\n<meta property=\"og:image\" content=\"https:\/\/espak.ee\/epood\/wp-content\/uploads\/2024\/09\/snickers-workwear-lukuga-ja-kapuutsiga-pusa-5.jpg\" \/>\n\t<meta property=\"og:image:width\" content=\"1000\" \/>\n\t<meta property=\"og:image:height\" content=\"1000\" \/>\n\t<meta property=\"og:image:type\" content=\"image\/jpeg\" \/>\n<meta name=\"twitter:card\" content=\"summary_large_image\" \/>\n<meta name=\"twitter:label1\" content=\"Est. reading time\" \/>\n\t<meta name=\"twitter:data1\" content=\"1 minut\" \/>\n<script type=\"application\/ld+json\" class=\"yoast-schema-graph\">{\"@context\":\"https:\/\/schema.org\",\"@graph\":[{\"@type\":\"WebPage\",\"@id\":\"https:\/\/espak.ee\/epood\/toode\/jakk-snickers-workwear-kapuutsiga-oranz-xl\/\",\"url\":\"https:\/\/espak.ee\/epood\/toode\/jakk-snickers-workwear-kapuutsiga-oranz-xl\/\",\"name\":\"JAKK SNICKERS WORKWEAR KAPUUTSIGA ORAN\u017d XL - Espak E-pood\",\"isPartOf\":{\"@id\":\"https:\/\/espak.ee\/epood\/#website\"},\"primaryImageOfPage\":{\"@id\":\"https:\/\/espak.ee\/epood\/toode\/jakk-snickers-workwear-kapuutsiga-oranz-xl\/#primaryimage\"},\"image\":{\"@id\":\"https:\/\/espak.ee\/epood\/toode\/jakk-snickers-workwear-kapuutsiga-oranz-xl\/#primaryimage\"},\"thumbnailUrl\":\"https:\/\/espak.ee\/epood\/wp-content\/uploads\/2024\/09\/snickers-workwear-lukuga-ja-kapuutsiga-pusa-5.jpg\",\"datePublished\":\"2024-09-06T02:05:13+00:00\",\"dateModified\":\"2024-09-06T05:50:54+00:00\",\"breadcrumb\":{\"@id\":\"https:\/\/espak.ee\/epood\/toode\/jakk-snickers-workwear-kapuutsiga-oranz-xl\/#breadcrumb\"},\"inLanguage\":\"et\",\"potentialAction\":[{\"@type\":\"ReadAction\",\"target\":[\"https:\/\/espak.ee\/epood\/toode\/jakk-snickers-workwear-kapuutsiga-oranz-xl\/\"]}]},{\"@type\":\"ImageObject\",\"inLanguage\":\"et\",\"@id\":\"https:\/\/espak.ee\/epood\/toode\/jakk-snickers-workwear-kapuutsiga-oranz-xl\/#primaryimage\",\"url\":\"https:\/\/espak.ee\/epood\/wp-content\/uploads\/2024\/09\/snickers-workwear-lukuga-ja-kapuutsiga-pusa-5.jpg\",\"contentUrl\":\"https:\/\/espak.ee\/epood\/wp-content\/uploads\/2024\/09\/snickers-workwear-lukuga-ja-kapuutsiga-pusa-5.jpg\",\"width\":1000,\"height\":1000},{\"@type\":\"BreadcrumbList\",\"@id\":\"https:\/\/espak.ee\/epood\/toode\/jakk-snickers-workwear-kapuutsiga-oranz-xl\/#breadcrumb\",\"itemListElement\":[{\"@type\":\"ListItem\",\"position\":1,\"name\":\"Home\",\"item\":\"https:\/\/espak.ee\/epood\/\"},{\"@type\":\"ListItem\",\"position\":2,\"name\":\"Tootevalik\",\"item\":\"https:\/\/espak.ee\/epood\/tootevalik\/\"},{\"@type\":\"ListItem\",\"position\":3,\"name\":\"JAKK SNICKERS WORKWEAR KAPUUTSIGA ORAN\u017d XL\"}]},{\"@type\":\"WebSite\",\"@id\":\"https:\/\/espak.ee\/epood\/#website\",\"url\":\"https:\/\/espak.ee\/epood\/\",\"name\":\"Espak E-pood\",\"description\":\"\",\"potentialAction\":[{\"@type\":\"SearchAction\",\"target\":{\"@type\":\"EntryPoint\",\"urlTemplate\":\"https:\/\/espak.ee\/epood\/?s={search_term_string}\"},\"query-input\":{\"@type\":\"PropertyValueSpecification\",\"valueRequired\":true,\"valueName\":\"search_term_string\"}}],\"inLanguage\":\"et\"}]}<\/script>\n<!-- \/ Yoast SEO plugin. -->","yoast_head_json":{"title":"JAKK SNICKERS WORKWEAR KAPUUTSIGA ORAN\u017d XL - Espak E-pood","robots":{"index":"index","follow":"follow","max-snippet":"max-snippet:-1","max-image-preview":"max-image-preview:large","max-video-preview":"max-video-preview:-1"},"canonical":"https:\/\/espak.ee\/epood\/toode\/jakk-snickers-workwear-kapuutsiga-oranz-xl\/","og_locale":"et_EE","og_type":"article","og_title":"JAKK SNICKERS WORKWEAR KAPUUTSIGA ORAN\u017d XL - Espak E-pood","og_url":"https:\/\/espak.ee\/epood\/toode\/jakk-snickers-workwear-kapuutsiga-oranz-xl\/","og_site_name":"Espak E-pood","article_modified_time":"2024-09-06T05:50:54+00:00","og_image":[{"width":1000,"height":1000,"url":"https:\/\/espak.ee\/epood\/wp-content\/uploads\/2024\/09\/snickers-workwear-lukuga-ja-kapuutsiga-pusa-5.jpg","type":"image\/jpeg"}],"twitter_card":"summary_large_image","twitter_misc":{"Est. reading time":"1 minut"},"schema":{"@context":"https:\/\/schema.org","@graph":[{"@type":"WebPage","@id":"https:\/\/espak.ee\/epood\/toode\/jakk-snickers-workwear-kapuutsiga-oranz-xl\/","url":"https:\/\/espak.ee\/epood\/toode\/jakk-snickers-workwear-kapuutsiga-oranz-xl\/","name":"JAKK SNICKERS WORKWEAR KAPUUTSIGA ORAN\u017d XL - Espak E-pood","isPartOf":{"@id":"https:\/\/espak.ee\/epood\/#website"},"primaryImageOfPage":{"@id":"https:\/\/espak.ee\/epood\/toode\/jakk-snickers-workwear-kapuutsiga-oranz-xl\/#primaryimage"},"image":{"@id":"https:\/\/espak.ee\/epood\/toode\/jakk-snickers-workwear-kapuutsiga-oranz-xl\/#primaryimage"},"thumbnailUrl":"https:\/\/espak.ee\/epood\/wp-content\/uploads\/2024\/09\/snickers-workwear-lukuga-ja-kapuutsiga-pusa-5.jpg","datePublished":"2024-09-06T02:05:13+00:00","dateModified":"2024-09-06T05:50:54+00:00","breadcrumb":{"@id":"https:\/\/espak.ee\/epood\/toode\/jakk-snickers-workwear-kapuutsiga-oranz-xl\/#breadcrumb"},"inLanguage":"et","potentialAction":[{"@type":"ReadAction","target":["https:\/\/espak.ee\/epood\/toode\/jakk-snickers-workwear-kapuutsiga-oranz-xl\/"]}]},{"@type":"ImageObject","inLanguage":"et","@id":"https:\/\/espak.ee\/epood\/toode\/jakk-snickers-workwear-kapuutsiga-oranz-xl\/#primaryimage","url":"https:\/\/espak.ee\/epood\/wp-content\/uploads\/2024\/09\/snickers-workwear-lukuga-ja-kapuutsiga-pusa-5.jpg","contentUrl":"https:\/\/espak.ee\/epood\/wp-content\/uploads\/2024\/09\/snickers-workwear-lukuga-ja-kapuutsiga-pusa-5.jpg","width":1000,"height":1000},{"@type":"BreadcrumbList","@id":"https:\/\/espak.ee\/epood\/toode\/jakk-snickers-workwear-kapuutsiga-oranz-xl\/#breadcrumb","itemListElement":[{"@type":"ListItem","position":1,"name":"Home","item":"https:\/\/espak.ee\/epood\/"},{"@type":"ListItem","position":2,"name":"Tootevalik","item":"https:\/\/espak.ee\/epood\/tootevalik\/"},{"@type":"ListItem","position":3,"name":"JAKK SNICKERS WORKWEAR KAPUUTSIGA ORAN\u017d XL"}]},{"@type":"WebSite","@id":"https:\/\/espak.ee\/epood\/#website","url":"https:\/\/espak.ee\/epood\/","name":"Espak E-pood","description":"","potentialAction":[{"@type":"SearchAction","target":{"@type":"EntryPoint","urlTemplate":"https:\/\/espak.ee\/epood\/?s={search_term_string}"},"query-input":{"@type":"PropertyValueSpecification","valueRequired":true,"valueName":"search_term_string"}}],"inLanguage":"et"}]}},"_links":{"self":[{"href":"https:\/\/espak.ee\/epood\/wp-json\/wp\/v2\/product\/209515","targetHints":{"allow":["GET"]}}],"collection":[{"href":"https:\/\/espak.ee\/epood\/wp-json\/wp\/v2\/product"}],"about":[{"href":"https:\/\/espak.ee\/epood\/wp-json\/wp\/v2\/types\/product"}],"replies":[{"embeddable":true,"href":"https:\/\/espak.ee\/epood\/wp-json\/wp\/v2\/comments?post=209515"}],"wp:featuredmedia":[{"embeddable":true,"href":"https:\/\/espak.ee\/epood\/wp-json\/wp\/v2\/media\/209537"}],"wp:attachment":[{"href":"https:\/\/espak.ee\/epood\/wp-json\/wp\/v2\/media?parent=209515"}],"wp:term":[{"taxonomy":"product_brand","embeddable":true,"href":"https:\/\/espak.ee\/epood\/wp-json\/wp\/v2\/product_brand?post=209515"},{"taxonomy":"product_cat","embeddable":true,"href":"https:\/\/espak.ee\/epood\/wp-json\/wp\/v2\/product_cat?post=209515"},{"taxonomy":"product_tag","embeddable":true,"href":"https:\/\/espak.ee\/epood\/wp-json\/wp\/v2\/product_tag?post=209515"}],"curies":[{"name":"wp","href":"https:\/\/api.w.org\/{rel}","templated":true}]}}