{"id":209148,"date":"2024-09-04T05:10:04","date_gmt":"2024-09-04T02:10:04","guid":{"rendered":"https:\/\/espak.ee\/epood\/?post_type=product&#038;p=209148"},"modified":"2025-07-05T12:05:36","modified_gmt":"2025-07-05T09:05:36","slug":"ankurliin-sharpedge-12mm-15m-tamrex","status":"publish","type":"product","link":"https:\/\/espak.ee\/epood\/toode\/ankurliin-sharpedge-12mm-15m-tamrex\/","title":{"rendered":"ANKURLIIN SHARPEDGE 12MM\/15M TAMREX"},"content":{"rendered":"<div class=\"row\"  id=\"row-41160675\">\n\n\t<div id=\"col-614966241\" class=\"col medium-9 small-12 large-9\"  >\n\t\t\t\t<div class=\"col-inner\"  >\n\t\t\t\n\t\t\t\n<h2>SharpEdge testitud vertikaalne ankurliin amordiga 12mm\/15m Tamrex<\/h2>\n<p>M\u00e4gironijat\u00fc\u00fcpi 12 mm l\u00e4bim\u00f5\u00f5duga k\u00f6is, mis on testitud taluma ka teravnurga vastu h\u00f6\u00f6rdumist ning mida on t\u00e4nu selle kergusele ja elastsusele v\u00e4ga mugav kasutada. Lisaks koos amortisaatoriga automaatne stopperlukusti, mis kukkudes koheselt lukustub. Lukustil on amort koos karabiiniga. K\u00f6ie \u00fches otsas light-karabiin, teine ots suletud. Maksimum t\u00f6\u00f6kaal 120 kg. Vastab standarditele EN353:2002, PPE-R\/11.075 PPE-R\/11.062, EN353-2 ja EN1891-A.<\/p>\n\t<div id=\"gap-749288761\" class=\"gap-element clearfix\" style=\"display:block; height:auto;\">\n\t\t\n<style>\n#gap-749288761 {\n  padding-top: 30px;\n}\n<\/style>\n\t<\/div>\n\t\n\t\t<\/div>\n\t\t\t\t\t<\/div>\n\n\t\n\n\t<div id=\"col-433540037\" class=\"col medium-3 small-12 large-3\"  >\n\t\t\t\t<div class=\"col-inner\"  >\n\t\t\t\n\t\t\t\n\t<div id=\"gap-533794587\" class=\"gap-element clearfix\" style=\"display:block; height:auto;\">\n\t\t\n<style>\n#gap-533794587 {\n  padding-top: 30px;\n}\n<\/style>\n\t<\/div>\n\t\n<div class=\"is-divider divider clearfix\" ><\/div>\n<p><strong>\u00dcksikasjalikuma n\u00f5u saamiseks v\u00f5tke \u00fchendust:<br \/><\/strong>Tamrex Ohutuse O\u00dc<br \/>Laki 5<br \/>10621<br \/>Tallinn<br \/>+372 654 9900<\/p>\n<div class=\"is-divider divider clearfix\" ><\/div>\n\t\t<\/div>\n\t\t\t\t\t<\/div>\n\n\t\n<\/div>\n","protected":false},"excerpt":{"rendered":"","protected":false},"featured_media":209223,"comment_status":"closed","ping_status":"closed","template":"","meta":[],"product_brand":[],"product_cat":[2788,2973,3036,2972],"product_tag":[],"class_list":{"0":"post-209148","1":"product","2":"type-product","3":"status-publish","4":"has-post-thumbnail","6":"product_cat-aiatarbed-ja-kodukaubad","7":"product_cat-isikukaitsevahendid","8":"product_cat-muud-isikukaitsevahendid","9":"product_cat-tookaitsevahendid","10":"pa_kaubamark-tamrex-ohutuse-ou","12":"first","13":"instock","14":"sale","15":"taxable","16":"shipping-taxable","17":"purchasable","18":"product-type-simple"},"yoast_head":"<!-- This site is optimized with the Yoast SEO plugin v26.9 - https:\/\/yoast.com\/product\/yoast-seo-wordpress\/ -->\n<title>ANKURLIIN SHARPEDGE 12MM\/15M TAMREX - Espak E-pood<\/title>\n<meta name=\"robots\" content=\"index, follow, max-snippet:-1, max-image-preview:large, max-video-preview:-1\" \/>\n<link rel=\"canonical\" href=\"https:\/\/espak.ee\/epood\/toode\/ankurliin-sharpedge-12mm-15m-tamrex\/\" \/>\n<meta property=\"og:locale\" content=\"et_EE\" \/>\n<meta property=\"og:type\" content=\"article\" \/>\n<meta property=\"og:title\" content=\"ANKURLIIN SHARPEDGE 12MM\/15M TAMREX - Espak E-pood\" \/>\n<meta property=\"og:url\" content=\"https:\/\/espak.ee\/epood\/toode\/ankurliin-sharpedge-12mm-15m-tamrex\/\" \/>\n<meta property=\"og:site_name\" content=\"Espak E-pood\" \/>\n<meta property=\"article:modified_time\" content=\"2025-07-05T09:05:36+00:00\" \/>\n<meta property=\"og:image\" content=\"https:\/\/espak.ee\/epood\/wp-content\/uploads\/2024\/09\/tamrex-sharpedge-testitud-vertikaalne-ankurliin-amordiga-15-m-2.jpg\" \/>\n\t<meta property=\"og:image:width\" content=\"1000\" \/>\n\t<meta property=\"og:image:height\" content=\"1000\" \/>\n\t<meta property=\"og:image:type\" content=\"image\/jpeg\" \/>\n<meta name=\"twitter:card\" content=\"summary_large_image\" \/>\n<meta name=\"twitter:label1\" content=\"Est. reading time\" \/>\n\t<meta name=\"twitter:data1\" content=\"1 minut\" \/>\n<script type=\"application\/ld+json\" class=\"yoast-schema-graph\">{\"@context\":\"https:\/\/schema.org\",\"@graph\":[{\"@type\":\"WebPage\",\"@id\":\"https:\/\/espak.ee\/epood\/toode\/ankurliin-sharpedge-12mm-15m-tamrex\/\",\"url\":\"https:\/\/espak.ee\/epood\/toode\/ankurliin-sharpedge-12mm-15m-tamrex\/\",\"name\":\"ANKURLIIN SHARPEDGE 12MM\/15M TAMREX - Espak E-pood\",\"isPartOf\":{\"@id\":\"https:\/\/espak.ee\/epood\/#website\"},\"primaryImageOfPage\":{\"@id\":\"https:\/\/espak.ee\/epood\/toode\/ankurliin-sharpedge-12mm-15m-tamrex\/#primaryimage\"},\"image\":{\"@id\":\"https:\/\/espak.ee\/epood\/toode\/ankurliin-sharpedge-12mm-15m-tamrex\/#primaryimage\"},\"thumbnailUrl\":\"https:\/\/espak.ee\/epood\/wp-content\/uploads\/2024\/09\/tamrex-sharpedge-testitud-vertikaalne-ankurliin-amordiga-15-m-2.jpg\",\"datePublished\":\"2024-09-04T02:10:04+00:00\",\"dateModified\":\"2025-07-05T09:05:36+00:00\",\"breadcrumb\":{\"@id\":\"https:\/\/espak.ee\/epood\/toode\/ankurliin-sharpedge-12mm-15m-tamrex\/#breadcrumb\"},\"inLanguage\":\"et\",\"potentialAction\":[{\"@type\":\"ReadAction\",\"target\":[\"https:\/\/espak.ee\/epood\/toode\/ankurliin-sharpedge-12mm-15m-tamrex\/\"]}]},{\"@type\":\"ImageObject\",\"inLanguage\":\"et\",\"@id\":\"https:\/\/espak.ee\/epood\/toode\/ankurliin-sharpedge-12mm-15m-tamrex\/#primaryimage\",\"url\":\"https:\/\/espak.ee\/epood\/wp-content\/uploads\/2024\/09\/tamrex-sharpedge-testitud-vertikaalne-ankurliin-amordiga-15-m-2.jpg\",\"contentUrl\":\"https:\/\/espak.ee\/epood\/wp-content\/uploads\/2024\/09\/tamrex-sharpedge-testitud-vertikaalne-ankurliin-amordiga-15-m-2.jpg\",\"width\":1000,\"height\":1000},{\"@type\":\"BreadcrumbList\",\"@id\":\"https:\/\/espak.ee\/epood\/toode\/ankurliin-sharpedge-12mm-15m-tamrex\/#breadcrumb\",\"itemListElement\":[{\"@type\":\"ListItem\",\"position\":1,\"name\":\"Home\",\"item\":\"https:\/\/espak.ee\/epood\/\"},{\"@type\":\"ListItem\",\"position\":2,\"name\":\"Tootevalik\",\"item\":\"https:\/\/espak.ee\/epood\/tootevalik\/\"},{\"@type\":\"ListItem\",\"position\":3,\"name\":\"ANKURLIIN SHARPEDGE 12MM\/15M TAMREX\"}]},{\"@type\":\"WebSite\",\"@id\":\"https:\/\/espak.ee\/epood\/#website\",\"url\":\"https:\/\/espak.ee\/epood\/\",\"name\":\"Espak E-pood\",\"description\":\"\",\"potentialAction\":[{\"@type\":\"SearchAction\",\"target\":{\"@type\":\"EntryPoint\",\"urlTemplate\":\"https:\/\/espak.ee\/epood\/?s={search_term_string}\"},\"query-input\":{\"@type\":\"PropertyValueSpecification\",\"valueRequired\":true,\"valueName\":\"search_term_string\"}}],\"inLanguage\":\"et\"}]}<\/script>\n<!-- \/ Yoast SEO plugin. -->","yoast_head_json":{"title":"ANKURLIIN SHARPEDGE 12MM\/15M TAMREX - Espak E-pood","robots":{"index":"index","follow":"follow","max-snippet":"max-snippet:-1","max-image-preview":"max-image-preview:large","max-video-preview":"max-video-preview:-1"},"canonical":"https:\/\/espak.ee\/epood\/toode\/ankurliin-sharpedge-12mm-15m-tamrex\/","og_locale":"et_EE","og_type":"article","og_title":"ANKURLIIN SHARPEDGE 12MM\/15M TAMREX - Espak E-pood","og_url":"https:\/\/espak.ee\/epood\/toode\/ankurliin-sharpedge-12mm-15m-tamrex\/","og_site_name":"Espak E-pood","article_modified_time":"2025-07-05T09:05:36+00:00","og_image":[{"width":1000,"height":1000,"url":"https:\/\/espak.ee\/epood\/wp-content\/uploads\/2024\/09\/tamrex-sharpedge-testitud-vertikaalne-ankurliin-amordiga-15-m-2.jpg","type":"image\/jpeg"}],"twitter_card":"summary_large_image","twitter_misc":{"Est. reading time":"1 minut"},"schema":{"@context":"https:\/\/schema.org","@graph":[{"@type":"WebPage","@id":"https:\/\/espak.ee\/epood\/toode\/ankurliin-sharpedge-12mm-15m-tamrex\/","url":"https:\/\/espak.ee\/epood\/toode\/ankurliin-sharpedge-12mm-15m-tamrex\/","name":"ANKURLIIN SHARPEDGE 12MM\/15M TAMREX - Espak E-pood","isPartOf":{"@id":"https:\/\/espak.ee\/epood\/#website"},"primaryImageOfPage":{"@id":"https:\/\/espak.ee\/epood\/toode\/ankurliin-sharpedge-12mm-15m-tamrex\/#primaryimage"},"image":{"@id":"https:\/\/espak.ee\/epood\/toode\/ankurliin-sharpedge-12mm-15m-tamrex\/#primaryimage"},"thumbnailUrl":"https:\/\/espak.ee\/epood\/wp-content\/uploads\/2024\/09\/tamrex-sharpedge-testitud-vertikaalne-ankurliin-amordiga-15-m-2.jpg","datePublished":"2024-09-04T02:10:04+00:00","dateModified":"2025-07-05T09:05:36+00:00","breadcrumb":{"@id":"https:\/\/espak.ee\/epood\/toode\/ankurliin-sharpedge-12mm-15m-tamrex\/#breadcrumb"},"inLanguage":"et","potentialAction":[{"@type":"ReadAction","target":["https:\/\/espak.ee\/epood\/toode\/ankurliin-sharpedge-12mm-15m-tamrex\/"]}]},{"@type":"ImageObject","inLanguage":"et","@id":"https:\/\/espak.ee\/epood\/toode\/ankurliin-sharpedge-12mm-15m-tamrex\/#primaryimage","url":"https:\/\/espak.ee\/epood\/wp-content\/uploads\/2024\/09\/tamrex-sharpedge-testitud-vertikaalne-ankurliin-amordiga-15-m-2.jpg","contentUrl":"https:\/\/espak.ee\/epood\/wp-content\/uploads\/2024\/09\/tamrex-sharpedge-testitud-vertikaalne-ankurliin-amordiga-15-m-2.jpg","width":1000,"height":1000},{"@type":"BreadcrumbList","@id":"https:\/\/espak.ee\/epood\/toode\/ankurliin-sharpedge-12mm-15m-tamrex\/#breadcrumb","itemListElement":[{"@type":"ListItem","position":1,"name":"Home","item":"https:\/\/espak.ee\/epood\/"},{"@type":"ListItem","position":2,"name":"Tootevalik","item":"https:\/\/espak.ee\/epood\/tootevalik\/"},{"@type":"ListItem","position":3,"name":"ANKURLIIN SHARPEDGE 12MM\/15M TAMREX"}]},{"@type":"WebSite","@id":"https:\/\/espak.ee\/epood\/#website","url":"https:\/\/espak.ee\/epood\/","name":"Espak E-pood","description":"","potentialAction":[{"@type":"SearchAction","target":{"@type":"EntryPoint","urlTemplate":"https:\/\/espak.ee\/epood\/?s={search_term_string}"},"query-input":{"@type":"PropertyValueSpecification","valueRequired":true,"valueName":"search_term_string"}}],"inLanguage":"et"}]}},"_links":{"self":[{"href":"https:\/\/espak.ee\/epood\/wp-json\/wp\/v2\/product\/209148","targetHints":{"allow":["GET"]}}],"collection":[{"href":"https:\/\/espak.ee\/epood\/wp-json\/wp\/v2\/product"}],"about":[{"href":"https:\/\/espak.ee\/epood\/wp-json\/wp\/v2\/types\/product"}],"replies":[{"embeddable":true,"href":"https:\/\/espak.ee\/epood\/wp-json\/wp\/v2\/comments?post=209148"}],"wp:featuredmedia":[{"embeddable":true,"href":"https:\/\/espak.ee\/epood\/wp-json\/wp\/v2\/media\/209223"}],"wp:attachment":[{"href":"https:\/\/espak.ee\/epood\/wp-json\/wp\/v2\/media?parent=209148"}],"wp:term":[{"taxonomy":"product_brand","embeddable":true,"href":"https:\/\/espak.ee\/epood\/wp-json\/wp\/v2\/product_brand?post=209148"},{"taxonomy":"product_cat","embeddable":true,"href":"https:\/\/espak.ee\/epood\/wp-json\/wp\/v2\/product_cat?post=209148"},{"taxonomy":"product_tag","embeddable":true,"href":"https:\/\/espak.ee\/epood\/wp-json\/wp\/v2\/product_tag?post=209148"}],"curies":[{"name":"wp","href":"https:\/\/api.w.org\/{rel}","templated":true}]}}