{"id":20897,"date":"2020-04-17T04:05:19","date_gmt":"2020-04-17T01:05:19","guid":{"rendered":"https:\/\/espak.ee\/hinnakiri\/?post_type=product&#038;p=20897"},"modified":"2026-03-21T09:27:46","modified_gmt":"2026-03-21T07:27:46","slug":"alkuudvarvide-lahusti-white-spirit-vaitsol-10l","status":"publish","type":"product","link":"https:\/\/espak.ee\/epood\/toode\/alkuudvarvide-lahusti-white-spirit-vaitsol-10l\/","title":{"rendered":"ALK\u00dc\u00dcDV\u00c4RVIDE LAHUSTI WHITE-SPIRIT VAITSOL 10L"},"content":{"rendered":"<div class=\"row\"  id=\"row-57009488\">\n\n\t<div id=\"col-1199510182\" class=\"col medium-9 small-12 large-9\"  >\n\t\t\t\t<div class=\"col-inner\"  >\n\t\t\t\n\t\t\t\n<h2>Alk\u00fc\u00fcdv\u00e4rvide lahusti<\/h2>\n<p>Vedeldaja on etten\u00e4htud v\u00e4rvitoodete (alk\u00fc\u00fcdlaki, emaili, \u00f5liv\u00e4rvi ja v\u00e4rnitsi) vedeldamiseks.<\/p>\n<h3>T\u00d6\u00d6- JA KESKKONNAKAITSE<\/h3>\n<p>Sisaldab lakibensiini ja t\u00e4rpentin. Tuleohtlik vedelik ja aur. Allaneelamisel v\u00f5i hingamisteedesse sattumisel v\u00f5ib olla surmav. Allaneelamisel, nahale sattumisel v\u00f5i sissehingamisel kahjulik. V\u00f5ib p\u00f5hjustada allergilist nahareaktsiooni. V\u00f5ib p\u00f5hjustada unisust v\u00f5i peap\u00f6\u00f6ritust. Kahjulik veeorganismidele, pikaajaline toime. Korduv kokkupuude v\u00f5ib p\u00f5hjustada naha kuivust v\u00f5i l\u00f5henemist.  Hoida lastele k\u00e4ttesaamatus kohas. K\u00e4idelda \u00fcksnes v\u00e4litingimustes v\u00f5i h\u00e4sti ventileeritavas kohas. Hoida eemal soojusallikast, kuumadest pindadest, s\u00e4demetest, leekidest ja muudest s\u00fc\u00fcteallikatest. Mitte suitsetada. V\u00e4ltida sattumist keskkonda. Kanda kaitsekindaid\/ kaitser\u00f5ivastust\/ kaitseprille\/ kaitsemaski. ALLANEELAMISE KORRAL: halva enesetunde korral v\u00f5tta \u00fchendust M\u00dcRGISTUSTEABEKESKUSE\/ arstiga. MITTE kutsuda esile oksendamist. NAHALE (v\u00f5i juustele) SATTUMISE KORRAL: v\u00f5tta viivitamata k\u00f5ik saastunud r\u00f5ivad seljast. Loputada nahka veega \/ loputada du\u0161i all. SISSEHINGAMISE KORRAL: toimetada kannatanu v\u00e4rske \u00f5hu k\u00e4tte ja asetada mugavasse puhkeasendisse, mis v\u00f5imaldab kergesti hingata. SILMA SATTUMISE KORRAL: loputada mitme minuti jooksul ettevaatlikult veega. Eemaldada kontaktl\u00e4\u00e4tsed, kui neid kasutatakse ja kui neid on kerge eemaldada. Loputada veel kord. Hoida h\u00e4sti ventileeritavas kohas. Hoida mahuti tihedalt suletuna. Sisu\/mahuti k\u00f5rvaldada kohalikele seadusandlustele.<\/p>\n\t\t<\/div>\n\t\t\t\t\t<\/div>\n\n\t\n\n\t<div id=\"col-1434224774\" class=\"col medium-3 small-12 large-3\"  >\n\t\t\t\t<div class=\"col-inner\"  >\n\t\t\t\n\t\t\t\n\t<div id=\"gap-1767554126\" class=\"gap-element clearfix\" style=\"display:block; height:auto;\">\n\t\t\n<style>\n#gap-1767554126 {\n  padding-top: 30px;\n}\n<\/style>\n\t<\/div>\n\t\n<div class=\"is-divider divider clearfix\" ><\/div>\n<p><strong>\u00dcksikasjalikuma n\u00f5u saamiseks v\u00f5tke \u00fchendust:<br \/><\/strong>RIIA LAKID O\u00dc<br \/>Kantsi 3<br \/>11415<br \/>Tallinn<br \/>+372 6335439<\/p>\n<div class=\"is-divider divider clearfix\" ><\/div>\n\t\t<\/div>\n\t\t\t\t\t<\/div>\n\n\t\n<\/div>\n","protected":false},"excerpt":{"rendered":"","protected":false},"featured_media":199325,"comment_status":"closed","ping_status":"closed","template":"","meta":[],"product_brand":[],"product_cat":[2691,3441,2684,2683],"product_tag":[],"class_list":{"0":"post-20897","1":"product","2":"type-product","3":"status-publish","4":"has-post-thumbnail","6":"product_cat-lahustid","7":"product_cat-lahustid-ja-pesuained","8":"product_cat-varvid-lakid-lahustid-puidukaitsed-olid","9":"product_cat-viimistluskaubad","10":"product_shipping_class-dpd-cold","11":"pa_kaubamark-riia-lakid-ou","13":"first","14":"instock","15":"sale","16":"taxable","17":"shipping-taxable","18":"purchasable","19":"product-type-simple"},"yoast_head":"<!-- This site is optimized with the Yoast SEO plugin v26.9 - https:\/\/yoast.com\/product\/yoast-seo-wordpress\/ -->\n<title>ALK\u00dc\u00dcDV\u00c4RVIDE LAHUSTI WHITE-SPIRIT VAITSOL 10L - Espak E-pood<\/title>\n<meta name=\"robots\" content=\"index, follow, max-snippet:-1, max-image-preview:large, max-video-preview:-1\" \/>\n<link rel=\"canonical\" href=\"https:\/\/espak.ee\/epood\/toode\/alkuudvarvide-lahusti-white-spirit-vaitsol-10l\/\" \/>\n<meta property=\"og:locale\" content=\"et_EE\" \/>\n<meta property=\"og:type\" content=\"article\" \/>\n<meta property=\"og:title\" content=\"ALK\u00dc\u00dcDV\u00c4RVIDE LAHUSTI WHITE-SPIRIT VAITSOL 10L - Espak E-pood\" \/>\n<meta property=\"og:url\" content=\"https:\/\/espak.ee\/epood\/toode\/alkuudvarvide-lahusti-white-spirit-vaitsol-10l\/\" \/>\n<meta property=\"og:site_name\" content=\"Espak E-pood\" \/>\n<meta property=\"article:modified_time\" content=\"2026-03-21T07:27:46+00:00\" \/>\n<meta property=\"og:image\" content=\"https:\/\/espak.ee\/epood\/wp-content\/uploads\/2020\/04\/VAITSOL-10l.jpg\" \/>\n\t<meta property=\"og:image:width\" content=\"1000\" \/>\n\t<meta property=\"og:image:height\" content=\"1000\" \/>\n\t<meta property=\"og:image:type\" content=\"image\/jpeg\" \/>\n<meta name=\"twitter:card\" content=\"summary_large_image\" \/>\n<meta name=\"twitter:label1\" content=\"Est. reading time\" \/>\n\t<meta name=\"twitter:data1\" content=\"1 minut\" \/>\n<script type=\"application\/ld+json\" class=\"yoast-schema-graph\">{\"@context\":\"https:\/\/schema.org\",\"@graph\":[{\"@type\":\"WebPage\",\"@id\":\"https:\/\/espak.ee\/epood\/toode\/alkuudvarvide-lahusti-white-spirit-vaitsol-10l\/\",\"url\":\"https:\/\/espak.ee\/epood\/toode\/alkuudvarvide-lahusti-white-spirit-vaitsol-10l\/\",\"name\":\"ALK\u00dc\u00dcDV\u00c4RVIDE LAHUSTI WHITE-SPIRIT VAITSOL 10L - Espak E-pood\",\"isPartOf\":{\"@id\":\"https:\/\/espak.ee\/epood\/#website\"},\"primaryImageOfPage\":{\"@id\":\"https:\/\/espak.ee\/epood\/toode\/alkuudvarvide-lahusti-white-spirit-vaitsol-10l\/#primaryimage\"},\"image\":{\"@id\":\"https:\/\/espak.ee\/epood\/toode\/alkuudvarvide-lahusti-white-spirit-vaitsol-10l\/#primaryimage\"},\"thumbnailUrl\":\"https:\/\/espak.ee\/epood\/wp-content\/uploads\/2020\/04\/VAITSOL-10l.jpg\",\"datePublished\":\"2020-04-17T01:05:19+00:00\",\"dateModified\":\"2026-03-21T07:27:46+00:00\",\"breadcrumb\":{\"@id\":\"https:\/\/espak.ee\/epood\/toode\/alkuudvarvide-lahusti-white-spirit-vaitsol-10l\/#breadcrumb\"},\"inLanguage\":\"et\",\"potentialAction\":[{\"@type\":\"ReadAction\",\"target\":[\"https:\/\/espak.ee\/epood\/toode\/alkuudvarvide-lahusti-white-spirit-vaitsol-10l\/\"]}]},{\"@type\":\"ImageObject\",\"inLanguage\":\"et\",\"@id\":\"https:\/\/espak.ee\/epood\/toode\/alkuudvarvide-lahusti-white-spirit-vaitsol-10l\/#primaryimage\",\"url\":\"https:\/\/espak.ee\/epood\/wp-content\/uploads\/2020\/04\/VAITSOL-10l.jpg\",\"contentUrl\":\"https:\/\/espak.ee\/epood\/wp-content\/uploads\/2020\/04\/VAITSOL-10l.jpg\",\"width\":1000,\"height\":1000},{\"@type\":\"BreadcrumbList\",\"@id\":\"https:\/\/espak.ee\/epood\/toode\/alkuudvarvide-lahusti-white-spirit-vaitsol-10l\/#breadcrumb\",\"itemListElement\":[{\"@type\":\"ListItem\",\"position\":1,\"name\":\"Home\",\"item\":\"https:\/\/espak.ee\/epood\/\"},{\"@type\":\"ListItem\",\"position\":2,\"name\":\"Tootevalik\",\"item\":\"https:\/\/espak.ee\/epood\/tootevalik\/\"},{\"@type\":\"ListItem\",\"position\":3,\"name\":\"ALK\u00dc\u00dcDV\u00c4RVIDE LAHUSTI WHITE-SPIRIT VAITSOL 10L\"}]},{\"@type\":\"WebSite\",\"@id\":\"https:\/\/espak.ee\/epood\/#website\",\"url\":\"https:\/\/espak.ee\/epood\/\",\"name\":\"Espak E-pood\",\"description\":\"\",\"potentialAction\":[{\"@type\":\"SearchAction\",\"target\":{\"@type\":\"EntryPoint\",\"urlTemplate\":\"https:\/\/espak.ee\/epood\/?s={search_term_string}\"},\"query-input\":{\"@type\":\"PropertyValueSpecification\",\"valueRequired\":true,\"valueName\":\"search_term_string\"}}],\"inLanguage\":\"et\"}]}<\/script>\n<!-- \/ Yoast SEO plugin. -->","yoast_head_json":{"title":"ALK\u00dc\u00dcDV\u00c4RVIDE LAHUSTI WHITE-SPIRIT VAITSOL 10L - Espak E-pood","robots":{"index":"index","follow":"follow","max-snippet":"max-snippet:-1","max-image-preview":"max-image-preview:large","max-video-preview":"max-video-preview:-1"},"canonical":"https:\/\/espak.ee\/epood\/toode\/alkuudvarvide-lahusti-white-spirit-vaitsol-10l\/","og_locale":"et_EE","og_type":"article","og_title":"ALK\u00dc\u00dcDV\u00c4RVIDE LAHUSTI WHITE-SPIRIT VAITSOL 10L - Espak E-pood","og_url":"https:\/\/espak.ee\/epood\/toode\/alkuudvarvide-lahusti-white-spirit-vaitsol-10l\/","og_site_name":"Espak E-pood","article_modified_time":"2026-03-21T07:27:46+00:00","og_image":[{"width":1000,"height":1000,"url":"https:\/\/espak.ee\/epood\/wp-content\/uploads\/2020\/04\/VAITSOL-10l.jpg","type":"image\/jpeg"}],"twitter_card":"summary_large_image","twitter_misc":{"Est. reading time":"1 minut"},"schema":{"@context":"https:\/\/schema.org","@graph":[{"@type":"WebPage","@id":"https:\/\/espak.ee\/epood\/toode\/alkuudvarvide-lahusti-white-spirit-vaitsol-10l\/","url":"https:\/\/espak.ee\/epood\/toode\/alkuudvarvide-lahusti-white-spirit-vaitsol-10l\/","name":"ALK\u00dc\u00dcDV\u00c4RVIDE LAHUSTI WHITE-SPIRIT VAITSOL 10L - Espak E-pood","isPartOf":{"@id":"https:\/\/espak.ee\/epood\/#website"},"primaryImageOfPage":{"@id":"https:\/\/espak.ee\/epood\/toode\/alkuudvarvide-lahusti-white-spirit-vaitsol-10l\/#primaryimage"},"image":{"@id":"https:\/\/espak.ee\/epood\/toode\/alkuudvarvide-lahusti-white-spirit-vaitsol-10l\/#primaryimage"},"thumbnailUrl":"https:\/\/espak.ee\/epood\/wp-content\/uploads\/2020\/04\/VAITSOL-10l.jpg","datePublished":"2020-04-17T01:05:19+00:00","dateModified":"2026-03-21T07:27:46+00:00","breadcrumb":{"@id":"https:\/\/espak.ee\/epood\/toode\/alkuudvarvide-lahusti-white-spirit-vaitsol-10l\/#breadcrumb"},"inLanguage":"et","potentialAction":[{"@type":"ReadAction","target":["https:\/\/espak.ee\/epood\/toode\/alkuudvarvide-lahusti-white-spirit-vaitsol-10l\/"]}]},{"@type":"ImageObject","inLanguage":"et","@id":"https:\/\/espak.ee\/epood\/toode\/alkuudvarvide-lahusti-white-spirit-vaitsol-10l\/#primaryimage","url":"https:\/\/espak.ee\/epood\/wp-content\/uploads\/2020\/04\/VAITSOL-10l.jpg","contentUrl":"https:\/\/espak.ee\/epood\/wp-content\/uploads\/2020\/04\/VAITSOL-10l.jpg","width":1000,"height":1000},{"@type":"BreadcrumbList","@id":"https:\/\/espak.ee\/epood\/toode\/alkuudvarvide-lahusti-white-spirit-vaitsol-10l\/#breadcrumb","itemListElement":[{"@type":"ListItem","position":1,"name":"Home","item":"https:\/\/espak.ee\/epood\/"},{"@type":"ListItem","position":2,"name":"Tootevalik","item":"https:\/\/espak.ee\/epood\/tootevalik\/"},{"@type":"ListItem","position":3,"name":"ALK\u00dc\u00dcDV\u00c4RVIDE LAHUSTI WHITE-SPIRIT VAITSOL 10L"}]},{"@type":"WebSite","@id":"https:\/\/espak.ee\/epood\/#website","url":"https:\/\/espak.ee\/epood\/","name":"Espak E-pood","description":"","potentialAction":[{"@type":"SearchAction","target":{"@type":"EntryPoint","urlTemplate":"https:\/\/espak.ee\/epood\/?s={search_term_string}"},"query-input":{"@type":"PropertyValueSpecification","valueRequired":true,"valueName":"search_term_string"}}],"inLanguage":"et"}]}},"_links":{"self":[{"href":"https:\/\/espak.ee\/epood\/wp-json\/wp\/v2\/product\/20897","targetHints":{"allow":["GET"]}}],"collection":[{"href":"https:\/\/espak.ee\/epood\/wp-json\/wp\/v2\/product"}],"about":[{"href":"https:\/\/espak.ee\/epood\/wp-json\/wp\/v2\/types\/product"}],"replies":[{"embeddable":true,"href":"https:\/\/espak.ee\/epood\/wp-json\/wp\/v2\/comments?post=20897"}],"wp:featuredmedia":[{"embeddable":true,"href":"https:\/\/espak.ee\/epood\/wp-json\/wp\/v2\/media\/199325"}],"wp:attachment":[{"href":"https:\/\/espak.ee\/epood\/wp-json\/wp\/v2\/media?parent=20897"}],"wp:term":[{"taxonomy":"product_brand","embeddable":true,"href":"https:\/\/espak.ee\/epood\/wp-json\/wp\/v2\/product_brand?post=20897"},{"taxonomy":"product_cat","embeddable":true,"href":"https:\/\/espak.ee\/epood\/wp-json\/wp\/v2\/product_cat?post=20897"},{"taxonomy":"product_tag","embeddable":true,"href":"https:\/\/espak.ee\/epood\/wp-json\/wp\/v2\/product_tag?post=20897"}],"curies":[{"name":"wp","href":"https:\/\/api.w.org\/{rel}","templated":true}]}}