{"id":208857,"date":"2024-08-31T05:10:03","date_gmt":"2024-08-31T02:10:03","guid":{"rendered":"https:\/\/espak.ee\/epood\/?post_type=product&#038;p=208857"},"modified":"2024-09-02T13:43:03","modified_gmt":"2024-09-02T10:43:03","slug":"lauavalgusti-led-visua-5w-5v-3000-5000k-usb-a-laetav-hall-kobi","status":"publish","type":"product","link":"https:\/\/espak.ee\/epood\/toode\/lauavalgusti-led-visua-5w-5v-3000-5000k-usb-a-laetav-hall-kobi\/","title":{"rendered":"LAUAVALGUSTI LED VISUA 5W 5V 3000-5000K USB-A LAETAV HALL KOBI"},"content":{"rendered":"<div class=\"row\"  id=\"row-287477924\">\n\n\t<div id=\"col-1582068107\" class=\"col medium-9 small-12 large-9\"  >\n\t\t\t\t<div class=\"col-inner\"  >\n\t\t\t\n\t\t\t\n<h3>Lauavalgusti LED VISUA 5W 5V hall Kobi <\/h3>\n<p>Juhtmevaba lauavalgusti, USB-A kaabliga taaslaetav.<br \/>\nValgusallikas: LED 5W 200lm 3000-5000K.<br \/>\nValgus dimmerdatav soojast k\u00fclmani.<br \/>\nLamp on kasutatav ka laadides.<br \/>\nT\u00f6\u00f6aeg t\u00e4isv\u00f5imsusel u 3 tundi.<br \/>\nLaadimisaeg ligikaudu 3 tundi.<br \/>\nLaadimisjuhe komplektis.<br \/>\nAku 1200mAh (ei ole vahetatav).<br \/>\nKasutamiseks sisetingimustes, IP20. <\/p>\n\t\t<\/div>\n\t\t\t\t\t<\/div>\n\n\t\n\n\t<div id=\"col-1803169053\" class=\"col medium-3 small-12 large-3\"  >\n\t\t\t\t<div class=\"col-inner\"  >\n\t\t\t\n\t\t\t\n<div class=\"is-divider divider clearfix\" ><\/div>\n<p><strong>\u00dcksikasjalikuma n\u00f5u saamiseks v\u00f5tke \u00fchendust:<br \/><\/strong>Espak AS<br \/>Viadukti 42<br \/>11313<br \/>Tallinn<br \/>+372 6 512333<\/p>\n\t\t<\/div>\n\t\t\t\t\t<\/div>\n\n\t\n<\/div>\n","protected":false},"excerpt":{"rendered":"","protected":false},"featured_media":209018,"comment_status":"closed","ping_status":"closed","template":"","meta":[],"product_brand":[],"product_cat":[2934,2963,2959,2960],"product_tag":[],"class_list":{"0":"post-208857","1":"product","2":"type-product","3":"status-publish","4":"has-post-thumbnail","6":"product_cat-elektrikaubad-ja-valgustid","7":"product_cat-lauavalgustid","8":"product_cat-valgustid","9":"product_cat-valgustid-valgustid","10":"pa_kaubamark-kobi-light-sp-z-o-o","12":"first","13":"outofstock","14":"sale","15":"taxable","16":"shipping-taxable","17":"purchasable","18":"product-type-simple"},"yoast_head":"<!-- This site is optimized with the Yoast SEO plugin v26.9 - https:\/\/yoast.com\/product\/yoast-seo-wordpress\/ -->\n<title>LAUAVALGUSTI LED VISUA 5W 5V 3000-5000K USB-A LAETAV HALL KOBI - Espak E-pood<\/title>\n<meta name=\"robots\" content=\"index, follow, max-snippet:-1, max-image-preview:large, max-video-preview:-1\" \/>\n<link rel=\"canonical\" href=\"https:\/\/espak.ee\/epood\/toode\/lauavalgusti-led-visua-5w-5v-3000-5000k-usb-a-laetav-hall-kobi\/\" \/>\n<meta property=\"og:locale\" content=\"et_EE\" \/>\n<meta property=\"og:type\" content=\"article\" \/>\n<meta property=\"og:title\" content=\"LAUAVALGUSTI LED VISUA 5W 5V 3000-5000K USB-A LAETAV HALL KOBI - Espak E-pood\" \/>\n<meta property=\"og:url\" content=\"https:\/\/espak.ee\/epood\/toode\/lauavalgusti-led-visua-5w-5v-3000-5000k-usb-a-laetav-hall-kobi\/\" \/>\n<meta property=\"og:site_name\" content=\"Espak E-pood\" \/>\n<meta property=\"article:modified_time\" content=\"2024-09-02T10:43:03+00:00\" \/>\n<meta property=\"og:image\" content=\"https:\/\/espak.ee\/epood\/wp-content\/uploads\/2024\/08\/visua-hall4.jpg\" \/>\n\t<meta property=\"og:image:width\" content=\"1000\" \/>\n\t<meta property=\"og:image:height\" content=\"1000\" \/>\n\t<meta property=\"og:image:type\" content=\"image\/jpeg\" \/>\n<meta name=\"twitter:card\" content=\"summary_large_image\" \/>\n<script type=\"application\/ld+json\" class=\"yoast-schema-graph\">{\"@context\":\"https:\/\/schema.org\",\"@graph\":[{\"@type\":\"WebPage\",\"@id\":\"https:\/\/espak.ee\/epood\/toode\/lauavalgusti-led-visua-5w-5v-3000-5000k-usb-a-laetav-hall-kobi\/\",\"url\":\"https:\/\/espak.ee\/epood\/toode\/lauavalgusti-led-visua-5w-5v-3000-5000k-usb-a-laetav-hall-kobi\/\",\"name\":\"LAUAVALGUSTI LED VISUA 5W 5V 3000-5000K USB-A LAETAV HALL KOBI - Espak E-pood\",\"isPartOf\":{\"@id\":\"https:\/\/espak.ee\/epood\/#website\"},\"primaryImageOfPage\":{\"@id\":\"https:\/\/espak.ee\/epood\/toode\/lauavalgusti-led-visua-5w-5v-3000-5000k-usb-a-laetav-hall-kobi\/#primaryimage\"},\"image\":{\"@id\":\"https:\/\/espak.ee\/epood\/toode\/lauavalgusti-led-visua-5w-5v-3000-5000k-usb-a-laetav-hall-kobi\/#primaryimage\"},\"thumbnailUrl\":\"https:\/\/espak.ee\/epood\/wp-content\/uploads\/2024\/08\/visua-hall4.jpg\",\"datePublished\":\"2024-08-31T02:10:03+00:00\",\"dateModified\":\"2024-09-02T10:43:03+00:00\",\"breadcrumb\":{\"@id\":\"https:\/\/espak.ee\/epood\/toode\/lauavalgusti-led-visua-5w-5v-3000-5000k-usb-a-laetav-hall-kobi\/#breadcrumb\"},\"inLanguage\":\"et\",\"potentialAction\":[{\"@type\":\"ReadAction\",\"target\":[\"https:\/\/espak.ee\/epood\/toode\/lauavalgusti-led-visua-5w-5v-3000-5000k-usb-a-laetav-hall-kobi\/\"]}]},{\"@type\":\"ImageObject\",\"inLanguage\":\"et\",\"@id\":\"https:\/\/espak.ee\/epood\/toode\/lauavalgusti-led-visua-5w-5v-3000-5000k-usb-a-laetav-hall-kobi\/#primaryimage\",\"url\":\"https:\/\/espak.ee\/epood\/wp-content\/uploads\/2024\/08\/visua-hall4.jpg\",\"contentUrl\":\"https:\/\/espak.ee\/epood\/wp-content\/uploads\/2024\/08\/visua-hall4.jpg\",\"width\":1000,\"height\":1000},{\"@type\":\"BreadcrumbList\",\"@id\":\"https:\/\/espak.ee\/epood\/toode\/lauavalgusti-led-visua-5w-5v-3000-5000k-usb-a-laetav-hall-kobi\/#breadcrumb\",\"itemListElement\":[{\"@type\":\"ListItem\",\"position\":1,\"name\":\"Home\",\"item\":\"https:\/\/espak.ee\/epood\/\"},{\"@type\":\"ListItem\",\"position\":2,\"name\":\"Tootevalik\",\"item\":\"https:\/\/espak.ee\/epood\/tootevalik\/\"},{\"@type\":\"ListItem\",\"position\":3,\"name\":\"LAUAVALGUSTI LED VISUA 5W 5V 3000-5000K USB-A LAETAV HALL KOBI\"}]},{\"@type\":\"WebSite\",\"@id\":\"https:\/\/espak.ee\/epood\/#website\",\"url\":\"https:\/\/espak.ee\/epood\/\",\"name\":\"Espak E-pood\",\"description\":\"\",\"potentialAction\":[{\"@type\":\"SearchAction\",\"target\":{\"@type\":\"EntryPoint\",\"urlTemplate\":\"https:\/\/espak.ee\/epood\/?s={search_term_string}\"},\"query-input\":{\"@type\":\"PropertyValueSpecification\",\"valueRequired\":true,\"valueName\":\"search_term_string\"}}],\"inLanguage\":\"et\"}]}<\/script>\n<!-- \/ Yoast SEO plugin. -->","yoast_head_json":{"title":"LAUAVALGUSTI LED VISUA 5W 5V 3000-5000K USB-A LAETAV HALL KOBI - Espak E-pood","robots":{"index":"index","follow":"follow","max-snippet":"max-snippet:-1","max-image-preview":"max-image-preview:large","max-video-preview":"max-video-preview:-1"},"canonical":"https:\/\/espak.ee\/epood\/toode\/lauavalgusti-led-visua-5w-5v-3000-5000k-usb-a-laetav-hall-kobi\/","og_locale":"et_EE","og_type":"article","og_title":"LAUAVALGUSTI LED VISUA 5W 5V 3000-5000K USB-A LAETAV HALL KOBI - Espak E-pood","og_url":"https:\/\/espak.ee\/epood\/toode\/lauavalgusti-led-visua-5w-5v-3000-5000k-usb-a-laetav-hall-kobi\/","og_site_name":"Espak E-pood","article_modified_time":"2024-09-02T10:43:03+00:00","og_image":[{"width":1000,"height":1000,"url":"https:\/\/espak.ee\/epood\/wp-content\/uploads\/2024\/08\/visua-hall4.jpg","type":"image\/jpeg"}],"twitter_card":"summary_large_image","schema":{"@context":"https:\/\/schema.org","@graph":[{"@type":"WebPage","@id":"https:\/\/espak.ee\/epood\/toode\/lauavalgusti-led-visua-5w-5v-3000-5000k-usb-a-laetav-hall-kobi\/","url":"https:\/\/espak.ee\/epood\/toode\/lauavalgusti-led-visua-5w-5v-3000-5000k-usb-a-laetav-hall-kobi\/","name":"LAUAVALGUSTI LED VISUA 5W 5V 3000-5000K USB-A LAETAV HALL KOBI - Espak E-pood","isPartOf":{"@id":"https:\/\/espak.ee\/epood\/#website"},"primaryImageOfPage":{"@id":"https:\/\/espak.ee\/epood\/toode\/lauavalgusti-led-visua-5w-5v-3000-5000k-usb-a-laetav-hall-kobi\/#primaryimage"},"image":{"@id":"https:\/\/espak.ee\/epood\/toode\/lauavalgusti-led-visua-5w-5v-3000-5000k-usb-a-laetav-hall-kobi\/#primaryimage"},"thumbnailUrl":"https:\/\/espak.ee\/epood\/wp-content\/uploads\/2024\/08\/visua-hall4.jpg","datePublished":"2024-08-31T02:10:03+00:00","dateModified":"2024-09-02T10:43:03+00:00","breadcrumb":{"@id":"https:\/\/espak.ee\/epood\/toode\/lauavalgusti-led-visua-5w-5v-3000-5000k-usb-a-laetav-hall-kobi\/#breadcrumb"},"inLanguage":"et","potentialAction":[{"@type":"ReadAction","target":["https:\/\/espak.ee\/epood\/toode\/lauavalgusti-led-visua-5w-5v-3000-5000k-usb-a-laetav-hall-kobi\/"]}]},{"@type":"ImageObject","inLanguage":"et","@id":"https:\/\/espak.ee\/epood\/toode\/lauavalgusti-led-visua-5w-5v-3000-5000k-usb-a-laetav-hall-kobi\/#primaryimage","url":"https:\/\/espak.ee\/epood\/wp-content\/uploads\/2024\/08\/visua-hall4.jpg","contentUrl":"https:\/\/espak.ee\/epood\/wp-content\/uploads\/2024\/08\/visua-hall4.jpg","width":1000,"height":1000},{"@type":"BreadcrumbList","@id":"https:\/\/espak.ee\/epood\/toode\/lauavalgusti-led-visua-5w-5v-3000-5000k-usb-a-laetav-hall-kobi\/#breadcrumb","itemListElement":[{"@type":"ListItem","position":1,"name":"Home","item":"https:\/\/espak.ee\/epood\/"},{"@type":"ListItem","position":2,"name":"Tootevalik","item":"https:\/\/espak.ee\/epood\/tootevalik\/"},{"@type":"ListItem","position":3,"name":"LAUAVALGUSTI LED VISUA 5W 5V 3000-5000K USB-A LAETAV HALL KOBI"}]},{"@type":"WebSite","@id":"https:\/\/espak.ee\/epood\/#website","url":"https:\/\/espak.ee\/epood\/","name":"Espak E-pood","description":"","potentialAction":[{"@type":"SearchAction","target":{"@type":"EntryPoint","urlTemplate":"https:\/\/espak.ee\/epood\/?s={search_term_string}"},"query-input":{"@type":"PropertyValueSpecification","valueRequired":true,"valueName":"search_term_string"}}],"inLanguage":"et"}]}},"_links":{"self":[{"href":"https:\/\/espak.ee\/epood\/wp-json\/wp\/v2\/product\/208857","targetHints":{"allow":["GET"]}}],"collection":[{"href":"https:\/\/espak.ee\/epood\/wp-json\/wp\/v2\/product"}],"about":[{"href":"https:\/\/espak.ee\/epood\/wp-json\/wp\/v2\/types\/product"}],"replies":[{"embeddable":true,"href":"https:\/\/espak.ee\/epood\/wp-json\/wp\/v2\/comments?post=208857"}],"wp:featuredmedia":[{"embeddable":true,"href":"https:\/\/espak.ee\/epood\/wp-json\/wp\/v2\/media\/209018"}],"wp:attachment":[{"href":"https:\/\/espak.ee\/epood\/wp-json\/wp\/v2\/media?parent=208857"}],"wp:term":[{"taxonomy":"product_brand","embeddable":true,"href":"https:\/\/espak.ee\/epood\/wp-json\/wp\/v2\/product_brand?post=208857"},{"taxonomy":"product_cat","embeddable":true,"href":"https:\/\/espak.ee\/epood\/wp-json\/wp\/v2\/product_cat?post=208857"},{"taxonomy":"product_tag","embeddable":true,"href":"https:\/\/espak.ee\/epood\/wp-json\/wp\/v2\/product_tag?post=208857"}],"curies":[{"name":"wp","href":"https:\/\/api.w.org\/{rel}","templated":true}]}}