{"id":208470,"date":"2024-08-27T16:24:20","date_gmt":"2024-08-27T13:24:20","guid":{"rendered":"https:\/\/espak.ee\/epood\/?post_type=product&#038;p=208470"},"modified":"2026-01-03T10:25:28","modified_gmt":"2026-01-03T08:25:28","slug":"mineraalvillaplaat-ultra-acoustic-666101250mm-9-15m2","status":"publish","type":"product","link":"https:\/\/espak.ee\/epood\/toode\/mineraalvillaplaat-ultra-acoustic-666101250mm-9-15m2\/","title":{"rendered":"MINERAALVILLAPLAAT ULTRA ACOUSTIC 66*610*1250MM 9.15M2"},"content":{"rendered":"<div class=\"row\"  id=\"row-406034169\">\n\n\t<div id=\"col-497605037\" class=\"col medium-9 small-12 large-9\"  >\n\t\t\t\t<div class=\"col-inner\"  >\n\t\t\t\n\t\t\t\n<h2>Mineraalvillaplaat Ultra Acoustic 66x610x1250mm 9,15m2<\/h2>\n<p>ECOSE\u00ae tehnoloogia abil valmistatud mineraalvillmatid ULTRA ACOUSTIC on ette n\u00e4htud kasutamiseks vaheseinte m\u00fcrasummutuseks ja soojustamiseks. ULTRA ACOUSTIC plaadid on ette n\u00e4htud paigaldamiseks kergetesse vahe- ja katteseintesse. Aurur\u00f5hu suure erinevusega ruumide, n\u00e4iteks k\u00f5rge temperatuuri v\u00f5i suhtelise niiskusega ruumide vaheseintesse paigaldamise korral soovitatakse paigaldada soojustuse niiskust\u00f5kkekilega k\u00fclg k\u00f5rgema temperatuuri v\u00f5i suhtelise niiskusega ruumi poole.<\/p>\n<div class=\"message-box relative\" style=\"padding-top:15px;padding-bottom:15px;\"><div class=\"message-box-bg-image bg-fill fill\" ><\/div><div class=\"message-box-bg-overlay bg-fill fill\" ><\/div><div class=\"container relative\"><div class=\"inner last-reset\">\n<div class=\"row align-middle align-center\"  id=\"row-863057280\">\n\n\t<div id=\"col-471313128\" class=\"col small-12 large-12\"  >\n\t\t\t\t<div class=\"col-inner text-left\"  >\n\t\t\t\n\t\t\t\n<h4>Omadused<\/h4>\n<div class=\"row\"  id=\"row-1164858765\">\n\n\t<div id=\"col-1352607405\" class=\"col medium-6 small-12 large-6\"  >\n\t\t\t\t<div class=\"col-inner\"  >\n\t\t\t\n\t\t\t\n<p><i class=\"fa fa-check fa-2x\"><\/i> <strong>Suurep\u00e4rased soojuse ja m\u00fcra isoleerimise omadused<\/strong><\/p>\n<p><i class=\"fa fa-check fa-2x\"><\/i> <strong>V\u00e4ga hea tulekindlus<\/strong><\/p>\n\t\t<\/div>\n\t\t\t\t\n<style>\n#col-1352607405 > .col-inner {\n  margin: 0px 0px 15px 0px;\n}\n<\/style>\n\t<\/div>\n\n\t\n\n\t<div id=\"col-784466624\" class=\"col medium-6 small-12 large-6\"  >\n\t\t\t\t<div class=\"col-inner\"  >\n\t\t\t\n\t\t\t\n<p><i class=\"fa fa-check fa-2x\"><\/i> <strong>L\u00f5ikamist lihtsustavad erim\u00e4rgised<\/strong><\/p>\n<p><i class=\"fa fa-check fa-2x\"><\/i> <strong>Standardne veet\u00f5rjuvus kogu mahu ulatuses<\/strong><\/p>\n\t\t<\/div>\n\t\t\t\t\n<style>\n#col-784466624 > .col-inner {\n  margin: 0px 0px 15px 0px;\n}\n<\/style>\n\t<\/div>\n\n\t\n<\/div>\n\t\t<\/div>\n\t\t\t\t\t<\/div>\n\n\t\n<\/div>\n<\/div><\/div><\/div>\n\t<div id=\"gap-1578416276\" class=\"gap-element clearfix\" style=\"display:block; height:auto;\">\n\t\t\n<style>\n#gap-1578416276 {\n  padding-top: 30px;\n}\n<\/style>\n\t<\/div>\n\t\n\t\t<\/div>\n\t\t\t\t\t<\/div>\n\n\t\n\n\t<div id=\"col-1102150449\" class=\"col medium-3 small-12 large-3\"  >\n\t\t\t\t<div class=\"col-inner\"  >\n\t\t\t\n\t\t\t\n\t<div id=\"gap-504675310\" class=\"gap-element clearfix\" style=\"display:block; height:auto;\">\n\t\t\n<style>\n#gap-504675310 {\n  padding-top: 30px;\n}\n<\/style>\n\t<\/div>\n\t\n<h3>Infoleht<\/h3>\n<p><a href=\"https:\/\/espak.ee\/epood\/wp-content\/uploads\/2024\/08\/download_66a8cbf892dba.pdf\"target=\"_blank\" rel=\"noopener noreferrer\"><i class=\"far fa-file-pdf\"><\/i> Infoleht (PDF)<\/a><\/p>\n<div class=\"is-divider divider clearfix\" ><\/div>\n<p><strong>\u00dcksikasjalikuma n\u00f5u saamiseks v\u00f5tke \u00fchendust:<br \/><\/strong>Knauf Tallinn U\u00dc<br \/>J\u00e4rvevana tee 7B<br \/>10132<br \/>Tallinn<br \/>+372 6518697<\/p>\n<div class=\"is-divider divider clearfix\" ><\/div>\n\t\t<\/div>\n\t\t\t\t\t<\/div>\n\n\t\n<\/div>\n","protected":false},"excerpt":{"rendered":"","protected":false},"featured_media":211236,"comment_status":"closed","ping_status":"closed","template":"","meta":[],"product_brand":[],"product_cat":[2718,3510,2697,3511],"product_tag":[],"class_list":{"0":"post-208470","1":"product","2":"type-product","3":"status-publish","4":"has-post-thumbnail","6":"product_cat-isolatsioonimaterjalid","7":"product_cat-klaasvill","8":"product_cat-uldehitus","9":"product_cat-uldotstarbeline-klaasvill","10":"pa_kaubamark-knauf-insulation","12":"first","13":"instock","14":"sale","15":"taxable","16":"shipping-taxable","17":"purchasable","18":"product-type-simple"},"yoast_head":"<!-- This site is optimized with the Yoast SEO plugin v26.9 - https:\/\/yoast.com\/product\/yoast-seo-wordpress\/ -->\n<title>MINERAALVILLAPLAAT ULTRA ACOUSTIC 66*610*1250MM 9.15M2 - Espak E-pood<\/title>\n<meta name=\"robots\" content=\"index, follow, max-snippet:-1, max-image-preview:large, max-video-preview:-1\" \/>\n<link rel=\"canonical\" href=\"https:\/\/espak.ee\/epood\/toode\/mineraalvillaplaat-ultra-acoustic-666101250mm-9-15m2\/\" \/>\n<meta property=\"og:locale\" content=\"et_EE\" \/>\n<meta property=\"og:type\" content=\"article\" \/>\n<meta property=\"og:title\" content=\"MINERAALVILLAPLAAT ULTRA ACOUSTIC 66*610*1250MM 9.15M2 - Espak E-pood\" \/>\n<meta property=\"og:url\" content=\"https:\/\/espak.ee\/epood\/toode\/mineraalvillaplaat-ultra-acoustic-666101250mm-9-15m2\/\" \/>\n<meta property=\"og:site_name\" content=\"Espak E-pood\" \/>\n<meta property=\"article:modified_time\" content=\"2026-01-03T08:25:28+00:00\" \/>\n<meta property=\"og:image\" content=\"https:\/\/espak.ee\/epood\/wp-content\/uploads\/2024\/08\/0158193_klaasvill-knauf-ultra-acoustic-66-x-610-x-1250-915m.jpg\" \/>\n\t<meta property=\"og:image:width\" content=\"1000\" \/>\n\t<meta property=\"og:image:height\" content=\"1000\" \/>\n\t<meta property=\"og:image:type\" content=\"image\/jpeg\" \/>\n<meta name=\"twitter:card\" content=\"summary_large_image\" \/>\n<meta name=\"twitter:label1\" content=\"Est. reading time\" \/>\n\t<meta name=\"twitter:data1\" content=\"1 minut\" \/>\n<script type=\"application\/ld+json\" class=\"yoast-schema-graph\">{\"@context\":\"https:\/\/schema.org\",\"@graph\":[{\"@type\":\"WebPage\",\"@id\":\"https:\/\/espak.ee\/epood\/toode\/mineraalvillaplaat-ultra-acoustic-666101250mm-9-15m2\/\",\"url\":\"https:\/\/espak.ee\/epood\/toode\/mineraalvillaplaat-ultra-acoustic-666101250mm-9-15m2\/\",\"name\":\"MINERAALVILLAPLAAT ULTRA ACOUSTIC 66*610*1250MM 9.15M2 - Espak E-pood\",\"isPartOf\":{\"@id\":\"https:\/\/espak.ee\/epood\/#website\"},\"primaryImageOfPage\":{\"@id\":\"https:\/\/espak.ee\/epood\/toode\/mineraalvillaplaat-ultra-acoustic-666101250mm-9-15m2\/#primaryimage\"},\"image\":{\"@id\":\"https:\/\/espak.ee\/epood\/toode\/mineraalvillaplaat-ultra-acoustic-666101250mm-9-15m2\/#primaryimage\"},\"thumbnailUrl\":\"https:\/\/espak.ee\/epood\/wp-content\/uploads\/2024\/08\/0158193_klaasvill-knauf-ultra-acoustic-66-x-610-x-1250-915m.jpg\",\"datePublished\":\"2024-08-27T13:24:20+00:00\",\"dateModified\":\"2026-01-03T08:25:28+00:00\",\"breadcrumb\":{\"@id\":\"https:\/\/espak.ee\/epood\/toode\/mineraalvillaplaat-ultra-acoustic-666101250mm-9-15m2\/#breadcrumb\"},\"inLanguage\":\"et\",\"potentialAction\":[{\"@type\":\"ReadAction\",\"target\":[\"https:\/\/espak.ee\/epood\/toode\/mineraalvillaplaat-ultra-acoustic-666101250mm-9-15m2\/\"]}]},{\"@type\":\"ImageObject\",\"inLanguage\":\"et\",\"@id\":\"https:\/\/espak.ee\/epood\/toode\/mineraalvillaplaat-ultra-acoustic-666101250mm-9-15m2\/#primaryimage\",\"url\":\"https:\/\/espak.ee\/epood\/wp-content\/uploads\/2024\/08\/0158193_klaasvill-knauf-ultra-acoustic-66-x-610-x-1250-915m.jpg\",\"contentUrl\":\"https:\/\/espak.ee\/epood\/wp-content\/uploads\/2024\/08\/0158193_klaasvill-knauf-ultra-acoustic-66-x-610-x-1250-915m.jpg\",\"width\":1000,\"height\":1000},{\"@type\":\"BreadcrumbList\",\"@id\":\"https:\/\/espak.ee\/epood\/toode\/mineraalvillaplaat-ultra-acoustic-666101250mm-9-15m2\/#breadcrumb\",\"itemListElement\":[{\"@type\":\"ListItem\",\"position\":1,\"name\":\"Home\",\"item\":\"https:\/\/espak.ee\/epood\/\"},{\"@type\":\"ListItem\",\"position\":2,\"name\":\"Tootevalik\",\"item\":\"https:\/\/espak.ee\/epood\/tootevalik\/\"},{\"@type\":\"ListItem\",\"position\":3,\"name\":\"MINERAALVILLAPLAAT ULTRA ACOUSTIC 66*610*1250MM 9.15M2\"}]},{\"@type\":\"WebSite\",\"@id\":\"https:\/\/espak.ee\/epood\/#website\",\"url\":\"https:\/\/espak.ee\/epood\/\",\"name\":\"Espak E-pood\",\"description\":\"\",\"potentialAction\":[{\"@type\":\"SearchAction\",\"target\":{\"@type\":\"EntryPoint\",\"urlTemplate\":\"https:\/\/espak.ee\/epood\/?s={search_term_string}\"},\"query-input\":{\"@type\":\"PropertyValueSpecification\",\"valueRequired\":true,\"valueName\":\"search_term_string\"}}],\"inLanguage\":\"et\"}]}<\/script>\n<!-- \/ Yoast SEO plugin. -->","yoast_head_json":{"title":"MINERAALVILLAPLAAT ULTRA ACOUSTIC 66*610*1250MM 9.15M2 - Espak E-pood","robots":{"index":"index","follow":"follow","max-snippet":"max-snippet:-1","max-image-preview":"max-image-preview:large","max-video-preview":"max-video-preview:-1"},"canonical":"https:\/\/espak.ee\/epood\/toode\/mineraalvillaplaat-ultra-acoustic-666101250mm-9-15m2\/","og_locale":"et_EE","og_type":"article","og_title":"MINERAALVILLAPLAAT ULTRA ACOUSTIC 66*610*1250MM 9.15M2 - Espak E-pood","og_url":"https:\/\/espak.ee\/epood\/toode\/mineraalvillaplaat-ultra-acoustic-666101250mm-9-15m2\/","og_site_name":"Espak E-pood","article_modified_time":"2026-01-03T08:25:28+00:00","og_image":[{"width":1000,"height":1000,"url":"https:\/\/espak.ee\/epood\/wp-content\/uploads\/2024\/08\/0158193_klaasvill-knauf-ultra-acoustic-66-x-610-x-1250-915m.jpg","type":"image\/jpeg"}],"twitter_card":"summary_large_image","twitter_misc":{"Est. reading time":"1 minut"},"schema":{"@context":"https:\/\/schema.org","@graph":[{"@type":"WebPage","@id":"https:\/\/espak.ee\/epood\/toode\/mineraalvillaplaat-ultra-acoustic-666101250mm-9-15m2\/","url":"https:\/\/espak.ee\/epood\/toode\/mineraalvillaplaat-ultra-acoustic-666101250mm-9-15m2\/","name":"MINERAALVILLAPLAAT ULTRA ACOUSTIC 66*610*1250MM 9.15M2 - Espak E-pood","isPartOf":{"@id":"https:\/\/espak.ee\/epood\/#website"},"primaryImageOfPage":{"@id":"https:\/\/espak.ee\/epood\/toode\/mineraalvillaplaat-ultra-acoustic-666101250mm-9-15m2\/#primaryimage"},"image":{"@id":"https:\/\/espak.ee\/epood\/toode\/mineraalvillaplaat-ultra-acoustic-666101250mm-9-15m2\/#primaryimage"},"thumbnailUrl":"https:\/\/espak.ee\/epood\/wp-content\/uploads\/2024\/08\/0158193_klaasvill-knauf-ultra-acoustic-66-x-610-x-1250-915m.jpg","datePublished":"2024-08-27T13:24:20+00:00","dateModified":"2026-01-03T08:25:28+00:00","breadcrumb":{"@id":"https:\/\/espak.ee\/epood\/toode\/mineraalvillaplaat-ultra-acoustic-666101250mm-9-15m2\/#breadcrumb"},"inLanguage":"et","potentialAction":[{"@type":"ReadAction","target":["https:\/\/espak.ee\/epood\/toode\/mineraalvillaplaat-ultra-acoustic-666101250mm-9-15m2\/"]}]},{"@type":"ImageObject","inLanguage":"et","@id":"https:\/\/espak.ee\/epood\/toode\/mineraalvillaplaat-ultra-acoustic-666101250mm-9-15m2\/#primaryimage","url":"https:\/\/espak.ee\/epood\/wp-content\/uploads\/2024\/08\/0158193_klaasvill-knauf-ultra-acoustic-66-x-610-x-1250-915m.jpg","contentUrl":"https:\/\/espak.ee\/epood\/wp-content\/uploads\/2024\/08\/0158193_klaasvill-knauf-ultra-acoustic-66-x-610-x-1250-915m.jpg","width":1000,"height":1000},{"@type":"BreadcrumbList","@id":"https:\/\/espak.ee\/epood\/toode\/mineraalvillaplaat-ultra-acoustic-666101250mm-9-15m2\/#breadcrumb","itemListElement":[{"@type":"ListItem","position":1,"name":"Home","item":"https:\/\/espak.ee\/epood\/"},{"@type":"ListItem","position":2,"name":"Tootevalik","item":"https:\/\/espak.ee\/epood\/tootevalik\/"},{"@type":"ListItem","position":3,"name":"MINERAALVILLAPLAAT ULTRA ACOUSTIC 66*610*1250MM 9.15M2"}]},{"@type":"WebSite","@id":"https:\/\/espak.ee\/epood\/#website","url":"https:\/\/espak.ee\/epood\/","name":"Espak E-pood","description":"","potentialAction":[{"@type":"SearchAction","target":{"@type":"EntryPoint","urlTemplate":"https:\/\/espak.ee\/epood\/?s={search_term_string}"},"query-input":{"@type":"PropertyValueSpecification","valueRequired":true,"valueName":"search_term_string"}}],"inLanguage":"et"}]}},"_links":{"self":[{"href":"https:\/\/espak.ee\/epood\/wp-json\/wp\/v2\/product\/208470","targetHints":{"allow":["GET"]}}],"collection":[{"href":"https:\/\/espak.ee\/epood\/wp-json\/wp\/v2\/product"}],"about":[{"href":"https:\/\/espak.ee\/epood\/wp-json\/wp\/v2\/types\/product"}],"replies":[{"embeddable":true,"href":"https:\/\/espak.ee\/epood\/wp-json\/wp\/v2\/comments?post=208470"}],"wp:featuredmedia":[{"embeddable":true,"href":"https:\/\/espak.ee\/epood\/wp-json\/wp\/v2\/media\/211236"}],"wp:attachment":[{"href":"https:\/\/espak.ee\/epood\/wp-json\/wp\/v2\/media?parent=208470"}],"wp:term":[{"taxonomy":"product_brand","embeddable":true,"href":"https:\/\/espak.ee\/epood\/wp-json\/wp\/v2\/product_brand?post=208470"},{"taxonomy":"product_cat","embeddable":true,"href":"https:\/\/espak.ee\/epood\/wp-json\/wp\/v2\/product_cat?post=208470"},{"taxonomy":"product_tag","embeddable":true,"href":"https:\/\/espak.ee\/epood\/wp-json\/wp\/v2\/product_tag?post=208470"}],"curies":[{"name":"wp","href":"https:\/\/api.w.org\/{rel}","templated":true}]}}