{"id":206041,"date":"2024-07-26T05:10:04","date_gmt":"2024-07-26T02:10:04","guid":{"rendered":"https:\/\/espak.ee\/epood\/?post_type=product&#038;p=206041"},"modified":"2024-07-26T10:27:43","modified_gmt":"2024-07-26T07:27:43","slug":"kaitsekiiver-kask-primero-air-hi-vis-neoonkollane","status":"publish","type":"product","link":"https:\/\/espak.ee\/epood\/toode\/kaitsekiiver-kask-primero-air-hi-vis-neoonkollane\/","title":{"rendered":"KAITSEKIIVER KASK PRIMERO AIR HI-VIS NEOONKOLLANE"},"content":{"rendered":"<div class=\"row\"  id=\"row-1417027071\">\n\n\t<div id=\"col-1215060650\" class=\"col medium-9 small-12 large-9\"  >\n\t\t\t\t<div class=\"col-inner\"  >\n\t\t\t\n\t\t\t\n<h2>KASK Primero Air Hi-Vis kiiver neoonkollane<\/h2>\n<p><strong>Itaalias toodetud preemium kiiver<\/strong><br \/>\nKui kiiver on sinu igap\u00e4evane kaitsevahend, siis see KASK kiiver on sinu parim valik. Seda Itaalias toodetud preemiumklassi kiivrit kasutavad ja kiidavad k\u00f5ige n\u00f5udlikumad professionaalid. Selles on \u00fchendatud parim v\u00f5imalik kaitse, t\u00f5eline mugavus, funktsionaalsus, pikk kasutusaeg ja n\u00e4gus sportlik disain.<\/p>\n<p><strong>Vastupidav kiiver 10 aastaks<\/strong><br \/>\nNutikas disain, l\u00e4bim\u00f5eldud funktsionaalsus, tootmises kehtestatud ranged n\u00f5udmised ja pidev j\u00e4relevalve tagavad kaitse, mis \u00fcletab oluliselt standardites kehtestatud miinimumn\u00f5uded ja vastavad lisaks teistelegi standarditele.<\/p>\n<p>Selle KASK kiivri valmistamisel on kasutatud parimaid materjale. Eriti tugevast, kuid kergest HD pol\u00fcprop\u00fcleenist korpusega kiivrit saab kasutada laias temperatuurivahemikus: 50\u00b0C kuumusest kuni -30\u00b0C k\u00fclmani ning see talub h\u00e4sti UV-kiirgust. Kiiver ei muutu aja jooksul kollaseks.<\/p>\n<p>Kiivri sees tiheda koostisega HD pol\u00fcst\u00fcreenvahust l\u00f6\u00f6ki summutav raam (l\u00f6\u00f6gisummustus \u00fclevalt, m\u00f5lemalt k\u00fcljelt, eest ja tagant) ning pehmest, kuid sitkest PA nailonist rihmad.<\/p>\n<p>KASK kiivritele kehtib 3-aastane garantii ja h\u00e4stihoitud kiiver kestab 10 aastat. T\u00f6\u00f6st vabal ajal hoiusta kiivrit spetsiaalses kotis (osta see kohe koos kiivriga kaasa). \u00c4ra j\u00e4ta kiivrit p\u00e4ikese k\u00e4tte seisma! Kuigi selle UV-kindlus on v\u00e4ga hea, l\u00fchendab see sellegi poolest kiivri kasutusaega.<\/p>\n<p>Kiiver tuleb v\u00e4lja vahetada kohe, kui sellele on midagi kukkunud, isegi juhul, kui see j\u00e4i pealtn\u00e4ha terveks. Kiivri korpuses v\u00f5ivad olla n\u00e4htamatud mikropraod, mist\u00f5ttu j\u00e4rgmisel korral ei pruugi see enam kukkuva eseme eest t\u00f5husat kaitset pakkuda. Uue kiivri aeg on k\u00e4es ka siis, kui kiiver ise on tugevasti kukkunud v\u00f5i m\u00e4rkate regulaarse visuaalse kontroll k\u00e4igus t\u00f5siseid kahjustusi.<\/p>\n<p><strong>Parim kaitse (EN397 + EN50365, klass 0 + EN12495)<\/strong><br \/>\nEN397 standardile peavad vastama k\u00f5ik kaitsekiivrid. See KASK kiiver vastab kohustuslikele n\u00f5uetele lisaks mitmele vabatahtlikule lisan\u00f5udele nagu materjali vastupidavus madalatele temperatuuridele (kuni -30\u00b0C), k\u00fclgede deformatsiooni ja sulametalli pritsmete kaitse.<\/p>\n<p>Lisaks vastab see kiiver standardile EN50365 (Klass 0) ning lisateste on tehtud vastavalt EN12492 standardile, mis annab muuhulgas juurde l\u00f6\u00f6gikaitse kiivri m\u00f5lemalt k\u00fcljelt, eest ja tagant ning tagab kinnituss\u00fcsteemi t\u00f5hususe.<\/p>\n<p><strong>Hi-Vis elemendid<\/strong><br \/>\nReflekteeruvad elemendid kiivri korpusel teevad sind paremini m\u00e4rgatavaks pimedas keskkonnas valgusvihus. Lisaks lihtne lambi kinnitamise v\u00f5imalus pimedas t\u00f6\u00f6tamiseks.<\/p>\n<p><strong>Hingav, kerge ja \u00fclimalt mugav \u2013  parim sobivus<\/strong><br \/>\nSee KASK kiiver on kerge (460 g) ja p\u00fcsib kindlalt peas. Kiivri pikaajaline kandmine ei v\u00e4sita kaela, ei tekita peavalu ega muid ebamugavusi. See kiiver ei tuleta end t\u00f6\u00f6p\u00e4eva jooksul meelde, sina saad 100% t\u00f6\u00f6\u00fclesannetele keskenduda.<\/p>\n<p>Kiivri korpusel on 14 avaust \u00f5hu sissevooluks. Need on valmistatud selliselt, et mustus kiivrisse ei p\u00e4\u00e4seks. Lisaks sisemised kanalid, mis liigse soojuse kiivri alt v\u00e4lja juhivad. V\u00e4ga hea hingavusega kiiver pakub t\u00f5elist t\u00f6\u00f6mugavust.<\/p>\n<p>Reguleeri kiivri kinnitused \u00fcmber pea ja l\u00f5ua alt parajaks, see tagab t\u00f5eliselt hea istuvuse. Pea taga asetseva ketta abil on seda v\u00e4ga lihtne ja mugav teha. Ketta reguleerimissamm on v\u00e4ike ja v\u00f5imaldab seega \u00fcmberm\u00f5\u00f5du eriti t\u00e4pselt enda pea j\u00e4rgi s\u00e4ttida (52 \u2013 63 cm). Lisaks saab reguleerida kuklakinnituse asukohta \u00fcles-alla vastavalt oma pea kujule mugavamaks (Ergo Fit System). Kohandub v\u00e4ga h\u00e4sti ka suurema peaga.<\/p>\n<p>Mugavust lisavad pehmest tekstiilist hingav, kiiresti kuivav, pestav ja vahetatav sisemine pehmendus, tagumine kuklakumerus, mis v\u00e4ldib kiivri liikumist \u00fcles vaatamisel ning l\u00fchike nokk ei piira vaatev\u00e4lja, kuid pakub optimaalset kaitset p\u00e4ikese eest.<\/p>\n<p><strong>Neljapunkti kinnitusega \u00f5huke l\u00f5uarihm<\/strong><br \/>\nNeljapunkti kinnitusega uudne \u00f5hem l\u00f5uarihm on viiest kohast reguleeritav ja selle kinnitamine ning vabastamine on lihtne ning kiire. L\u00f5uarihma k\u00fcljes on v\u00e4ike aas, mille abil saab kiivri turvarakmete vms k\u00fclge kinnitada.<\/p>\n<p><strong>Kui kannad kiivrit, kinnita alati l\u00f5uarihm, isegi maapinnal t\u00f6\u00f6tades!<\/strong><\/p>\n<p><strong>Lisatarvikud kinnituvad ilma adapteriteta<\/strong><br \/>\nKASK pakub terviklahendust neile, kel peavad t\u00f6\u00f6keskkonnas kaitstud olema lisaks peale ka k\u00f5rvad, silmad, n\u00e4gu v\u00f5i k\u00f5ik korraga. Samuti saab sellele kinnitada lambi, et t\u00f6\u00f6tada pimedas. Kiivri tagaserva v\u00f5imalik kinnitada kaelakaitse.<\/p>\n<p>Olulise eelisena saab sellele kiivrile k\u00f5rvaklapid kinnitada ilma adapterita, visiir \u00fchildub otse kiivri k\u00fclge ning lambi saab ilma rihmata kiivrile paigaldada. Kummipaelaga lambi kasutamiseks on kiivril spetsiaalsed fikseerimisvahed, et pael kindlalt paigal p\u00fcsiks. Samade vahede juures on ka koht n\u00f6\u00f6riga k\u00f5rvatroppide kinnitamiseks.<\/p>\n\t<div id=\"gap-353201543\" class=\"gap-element clearfix\" style=\"display:block; height:auto;\">\n\t\t\n<style>\n#gap-353201543 {\n  padding-top: 30px;\n}\n<\/style>\n\t<\/div>\n\t\n\t\t<\/div>\n\t\t\t\t\t<\/div>\n\n\t\n\n\t<div id=\"col-2114679666\" class=\"col medium-3 small-12 large-3\"  >\n\t\t\t\t<div class=\"col-inner\"  >\n\t\t\t\n\t\t\t\n\t<div id=\"gap-267015848\" class=\"gap-element clearfix\" style=\"display:block; height:auto;\">\n\t\t\n<style>\n#gap-267015848 {\n  padding-top: 30px;\n}\n<\/style>\n\t<\/div>\n\t\n<div class=\"is-divider divider clearfix\" ><\/div>\n<p><strong>\u00dcksikasjalikuma n\u00f5u saamiseks v\u00f5tke \u00fchendust:<br \/><\/strong>Tamrex Ohutuse O\u00dc<br \/>Laki 5<br \/>10621<br \/>Tallinn<br \/>+372 654 9900<\/p>\n<div class=\"is-divider divider clearfix\" ><\/div>\n\t\t<\/div>\n\t\t\t\t\t<\/div>\n\n\t\n<\/div>\n","protected":false},"excerpt":{"rendered":"","protected":false},"featured_media":206081,"comment_status":"closed","ping_status":"closed","template":"","meta":[],"product_brand":[],"product_cat":[2788,2973,3016,2972],"product_tag":[],"class_list":{"0":"post-206041","1":"product","2":"type-product","3":"status-publish","4":"has-post-thumbnail","6":"product_cat-aiatarbed-ja-kodukaubad","7":"product_cat-isikukaitsevahendid","8":"product_cat-peakaitsed","9":"product_cat-tookaitsevahendid","10":"pa_kaubamark-tamrex-ohutuse-ou","12":"first","13":"instock","14":"sale","15":"taxable","16":"shipping-taxable","17":"purchasable","18":"product-type-simple"},"yoast_head":"<!-- This site is optimized with the Yoast SEO plugin v26.9 - https:\/\/yoast.com\/product\/yoast-seo-wordpress\/ -->\n<title>KAITSEKIIVER KASK PRIMERO AIR HI-VIS NEOONKOLLANE - Espak E-pood<\/title>\n<meta name=\"robots\" content=\"index, follow, max-snippet:-1, max-image-preview:large, max-video-preview:-1\" \/>\n<link rel=\"canonical\" href=\"https:\/\/espak.ee\/epood\/toode\/kaitsekiiver-kask-primero-air-hi-vis-neoonkollane\/\" \/>\n<meta property=\"og:locale\" content=\"et_EE\" \/>\n<meta property=\"og:type\" content=\"article\" \/>\n<meta property=\"og:title\" content=\"KAITSEKIIVER KASK PRIMERO AIR HI-VIS NEOONKOLLANE - Espak E-pood\" \/>\n<meta property=\"og:url\" content=\"https:\/\/espak.ee\/epood\/toode\/kaitsekiiver-kask-primero-air-hi-vis-neoonkollane\/\" \/>\n<meta property=\"og:site_name\" content=\"Espak E-pood\" \/>\n<meta property=\"article:modified_time\" content=\"2024-07-26T07:27:43+00:00\" \/>\n<meta property=\"og:image\" content=\"https:\/\/espak.ee\/epood\/wp-content\/uploads\/2024\/07\/kask-primero-air-hi-vis-kiiver-4.jpg\" \/>\n\t<meta property=\"og:image:width\" content=\"1000\" \/>\n\t<meta property=\"og:image:height\" content=\"1000\" \/>\n\t<meta property=\"og:image:type\" content=\"image\/jpeg\" \/>\n<meta name=\"twitter:card\" content=\"summary_large_image\" \/>\n<meta name=\"twitter:label1\" content=\"Est. reading time\" \/>\n\t<meta name=\"twitter:data1\" content=\"4 minutit\" \/>\n<script type=\"application\/ld+json\" class=\"yoast-schema-graph\">{\"@context\":\"https:\/\/schema.org\",\"@graph\":[{\"@type\":\"WebPage\",\"@id\":\"https:\/\/espak.ee\/epood\/toode\/kaitsekiiver-kask-primero-air-hi-vis-neoonkollane\/\",\"url\":\"https:\/\/espak.ee\/epood\/toode\/kaitsekiiver-kask-primero-air-hi-vis-neoonkollane\/\",\"name\":\"KAITSEKIIVER KASK PRIMERO AIR HI-VIS NEOONKOLLANE - Espak E-pood\",\"isPartOf\":{\"@id\":\"https:\/\/espak.ee\/epood\/#website\"},\"primaryImageOfPage\":{\"@id\":\"https:\/\/espak.ee\/epood\/toode\/kaitsekiiver-kask-primero-air-hi-vis-neoonkollane\/#primaryimage\"},\"image\":{\"@id\":\"https:\/\/espak.ee\/epood\/toode\/kaitsekiiver-kask-primero-air-hi-vis-neoonkollane\/#primaryimage\"},\"thumbnailUrl\":\"https:\/\/espak.ee\/epood\/wp-content\/uploads\/2024\/07\/kask-primero-air-hi-vis-kiiver-4.jpg\",\"datePublished\":\"2024-07-26T02:10:04+00:00\",\"dateModified\":\"2024-07-26T07:27:43+00:00\",\"breadcrumb\":{\"@id\":\"https:\/\/espak.ee\/epood\/toode\/kaitsekiiver-kask-primero-air-hi-vis-neoonkollane\/#breadcrumb\"},\"inLanguage\":\"et\",\"potentialAction\":[{\"@type\":\"ReadAction\",\"target\":[\"https:\/\/espak.ee\/epood\/toode\/kaitsekiiver-kask-primero-air-hi-vis-neoonkollane\/\"]}]},{\"@type\":\"ImageObject\",\"inLanguage\":\"et\",\"@id\":\"https:\/\/espak.ee\/epood\/toode\/kaitsekiiver-kask-primero-air-hi-vis-neoonkollane\/#primaryimage\",\"url\":\"https:\/\/espak.ee\/epood\/wp-content\/uploads\/2024\/07\/kask-primero-air-hi-vis-kiiver-4.jpg\",\"contentUrl\":\"https:\/\/espak.ee\/epood\/wp-content\/uploads\/2024\/07\/kask-primero-air-hi-vis-kiiver-4.jpg\",\"width\":1000,\"height\":1000},{\"@type\":\"BreadcrumbList\",\"@id\":\"https:\/\/espak.ee\/epood\/toode\/kaitsekiiver-kask-primero-air-hi-vis-neoonkollane\/#breadcrumb\",\"itemListElement\":[{\"@type\":\"ListItem\",\"position\":1,\"name\":\"Home\",\"item\":\"https:\/\/espak.ee\/epood\/\"},{\"@type\":\"ListItem\",\"position\":2,\"name\":\"Tootevalik\",\"item\":\"https:\/\/espak.ee\/epood\/tootevalik\/\"},{\"@type\":\"ListItem\",\"position\":3,\"name\":\"KAITSEKIIVER KASK PRIMERO AIR HI-VIS NEOONKOLLANE\"}]},{\"@type\":\"WebSite\",\"@id\":\"https:\/\/espak.ee\/epood\/#website\",\"url\":\"https:\/\/espak.ee\/epood\/\",\"name\":\"Espak E-pood\",\"description\":\"\",\"potentialAction\":[{\"@type\":\"SearchAction\",\"target\":{\"@type\":\"EntryPoint\",\"urlTemplate\":\"https:\/\/espak.ee\/epood\/?s={search_term_string}\"},\"query-input\":{\"@type\":\"PropertyValueSpecification\",\"valueRequired\":true,\"valueName\":\"search_term_string\"}}],\"inLanguage\":\"et\"}]}<\/script>\n<!-- \/ Yoast SEO plugin. -->","yoast_head_json":{"title":"KAITSEKIIVER KASK PRIMERO AIR HI-VIS NEOONKOLLANE - Espak E-pood","robots":{"index":"index","follow":"follow","max-snippet":"max-snippet:-1","max-image-preview":"max-image-preview:large","max-video-preview":"max-video-preview:-1"},"canonical":"https:\/\/espak.ee\/epood\/toode\/kaitsekiiver-kask-primero-air-hi-vis-neoonkollane\/","og_locale":"et_EE","og_type":"article","og_title":"KAITSEKIIVER KASK PRIMERO AIR HI-VIS NEOONKOLLANE - Espak E-pood","og_url":"https:\/\/espak.ee\/epood\/toode\/kaitsekiiver-kask-primero-air-hi-vis-neoonkollane\/","og_site_name":"Espak E-pood","article_modified_time":"2024-07-26T07:27:43+00:00","og_image":[{"width":1000,"height":1000,"url":"https:\/\/espak.ee\/epood\/wp-content\/uploads\/2024\/07\/kask-primero-air-hi-vis-kiiver-4.jpg","type":"image\/jpeg"}],"twitter_card":"summary_large_image","twitter_misc":{"Est. reading time":"4 minutit"},"schema":{"@context":"https:\/\/schema.org","@graph":[{"@type":"WebPage","@id":"https:\/\/espak.ee\/epood\/toode\/kaitsekiiver-kask-primero-air-hi-vis-neoonkollane\/","url":"https:\/\/espak.ee\/epood\/toode\/kaitsekiiver-kask-primero-air-hi-vis-neoonkollane\/","name":"KAITSEKIIVER KASK PRIMERO AIR HI-VIS NEOONKOLLANE - Espak E-pood","isPartOf":{"@id":"https:\/\/espak.ee\/epood\/#website"},"primaryImageOfPage":{"@id":"https:\/\/espak.ee\/epood\/toode\/kaitsekiiver-kask-primero-air-hi-vis-neoonkollane\/#primaryimage"},"image":{"@id":"https:\/\/espak.ee\/epood\/toode\/kaitsekiiver-kask-primero-air-hi-vis-neoonkollane\/#primaryimage"},"thumbnailUrl":"https:\/\/espak.ee\/epood\/wp-content\/uploads\/2024\/07\/kask-primero-air-hi-vis-kiiver-4.jpg","datePublished":"2024-07-26T02:10:04+00:00","dateModified":"2024-07-26T07:27:43+00:00","breadcrumb":{"@id":"https:\/\/espak.ee\/epood\/toode\/kaitsekiiver-kask-primero-air-hi-vis-neoonkollane\/#breadcrumb"},"inLanguage":"et","potentialAction":[{"@type":"ReadAction","target":["https:\/\/espak.ee\/epood\/toode\/kaitsekiiver-kask-primero-air-hi-vis-neoonkollane\/"]}]},{"@type":"ImageObject","inLanguage":"et","@id":"https:\/\/espak.ee\/epood\/toode\/kaitsekiiver-kask-primero-air-hi-vis-neoonkollane\/#primaryimage","url":"https:\/\/espak.ee\/epood\/wp-content\/uploads\/2024\/07\/kask-primero-air-hi-vis-kiiver-4.jpg","contentUrl":"https:\/\/espak.ee\/epood\/wp-content\/uploads\/2024\/07\/kask-primero-air-hi-vis-kiiver-4.jpg","width":1000,"height":1000},{"@type":"BreadcrumbList","@id":"https:\/\/espak.ee\/epood\/toode\/kaitsekiiver-kask-primero-air-hi-vis-neoonkollane\/#breadcrumb","itemListElement":[{"@type":"ListItem","position":1,"name":"Home","item":"https:\/\/espak.ee\/epood\/"},{"@type":"ListItem","position":2,"name":"Tootevalik","item":"https:\/\/espak.ee\/epood\/tootevalik\/"},{"@type":"ListItem","position":3,"name":"KAITSEKIIVER KASK PRIMERO AIR HI-VIS NEOONKOLLANE"}]},{"@type":"WebSite","@id":"https:\/\/espak.ee\/epood\/#website","url":"https:\/\/espak.ee\/epood\/","name":"Espak E-pood","description":"","potentialAction":[{"@type":"SearchAction","target":{"@type":"EntryPoint","urlTemplate":"https:\/\/espak.ee\/epood\/?s={search_term_string}"},"query-input":{"@type":"PropertyValueSpecification","valueRequired":true,"valueName":"search_term_string"}}],"inLanguage":"et"}]}},"_links":{"self":[{"href":"https:\/\/espak.ee\/epood\/wp-json\/wp\/v2\/product\/206041","targetHints":{"allow":["GET"]}}],"collection":[{"href":"https:\/\/espak.ee\/epood\/wp-json\/wp\/v2\/product"}],"about":[{"href":"https:\/\/espak.ee\/epood\/wp-json\/wp\/v2\/types\/product"}],"replies":[{"embeddable":true,"href":"https:\/\/espak.ee\/epood\/wp-json\/wp\/v2\/comments?post=206041"}],"wp:featuredmedia":[{"embeddable":true,"href":"https:\/\/espak.ee\/epood\/wp-json\/wp\/v2\/media\/206081"}],"wp:attachment":[{"href":"https:\/\/espak.ee\/epood\/wp-json\/wp\/v2\/media?parent=206041"}],"wp:term":[{"taxonomy":"product_brand","embeddable":true,"href":"https:\/\/espak.ee\/epood\/wp-json\/wp\/v2\/product_brand?post=206041"},{"taxonomy":"product_cat","embeddable":true,"href":"https:\/\/espak.ee\/epood\/wp-json\/wp\/v2\/product_cat?post=206041"},{"taxonomy":"product_tag","embeddable":true,"href":"https:\/\/espak.ee\/epood\/wp-json\/wp\/v2\/product_tag?post=206041"}],"curies":[{"name":"wp","href":"https:\/\/api.w.org\/{rel}","templated":true}]}}