{"id":205679,"date":"2024-07-24T05:05:03","date_gmt":"2024-07-24T02:05:03","guid":{"rendered":"https:\/\/espak.ee\/epood\/?post_type=product&#038;p=205679"},"modified":"2024-07-24T10:43:25","modified_gmt":"2024-07-24T07:43:25","slug":"talvekindad-tamrex-sunteetilisest-nahast-hall-nailonist-kaeselg-9","status":"publish","type":"product","link":"https:\/\/espak.ee\/epood\/toode\/talvekindad-tamrex-sunteetilisest-nahast-hall-nailonist-kaeselg-9\/","title":{"rendered":"TALVEKINDAD TAMREX S\u00dcNTEETILISEST NAHAST, HALL NAILONIST K\u00c4ESELG 9"},"content":{"rendered":"<div class=\"row\"  id=\"row-472435845\">\n\n\t<div id=\"col-1439971105\" class=\"col medium-9 small-12 large-9\"  >\n\t\t\t\t<div class=\"col-inner\"  >\n\t\t\t\n\t\t\t\n<h2>TAMREX A+kvaliteet-s\u00fcnteetilisest nahast talvekindad nr 9 <\/h2>\n<p>Sooja fliisvoodriga t\u00f6\u00f6kindad on valmistatud k\u00f5rgeimast, A+ klassi s\u00fcnteetilisest nahast, mis tagab kinnaste stabiilselt hea kvaliteedi, kulumiskindluse ja puutetundlikkuse. Pigem kuivematesse tingimustesse sobivatel t\u00f6\u00f6kinnastel on hall nailonist k\u00e4eselg.<\/p>\n<div class=\"is-divider divider clearfix\" ><\/div>\n<p>Need pehmed, kerged, hea istuvusega t\u00f6\u00f6kindad tagavad v\u00e4ga hea puutetundlikkuse, vastupidavuse ja kulumiskindluse.<\/p>\n<p>Parimast, A+ klassi s\u00fcnteetilisest nahast kindad sobivad praktiliselt igale poole, kus pole n\u00f5utud kaitset sissel\u00f5igete eest. See teeb neist v\u00e4ga laia kasutusalaga t\u00f6\u00f6kindad. Sobivad ka tundliku nahaga t\u00f6\u00f6tajatele.<\/p>\n<p>S\u00fcnteetiline nahk v\u00f5ib m\u00f5nede esemete, n\u00e4iteks metalltoru, h\u00f6\u00f6veldatud puidu vms k\u00e4sitsemisel libe tunduda, soovitame alternatiivina nahkkindaid, n\u00e4iteks art nr 44-302. Need on v\u00e4ikese hinnalisa juures oluliselt parema haardeteguriga. Samuti on ehtsast nahast kinnaste eeliseks parem istuvus, sest nahk kohaneb m\u00f5nusalt k\u00e4e kujuga.<\/p>\n<p>Tegemist on t\u00f6\u00f6kinnastega, mis kaitsevad t\u00f6\u00f6tegijat mehhaaniliste ohtude eest (Kat 2), mis t\u00e4hendab, et kinnaste kaitseomadusi on testitud.<\/p>\n<p>M\u00f5istlik on varuda endale erinevaid kindaid, et vastavalt ilmastikuoludele optimaalne valik teha. Olemas v\u00f5iksid olla ekstra soojad kindad juhuks, kui tuleb kr\u00f5bek\u00fclm talvep\u00e4ev (Thinsulate\u00ae G120 voodriga), pisut \u00f5hema voodriga (Thinsulate G80 v\u00f5i G60) kindad nulli ja k\u00fcmne miinuskraadi vahel kasutamiseks aga ka veekindlad ja hingavad talvekindad, mida kasutada siis, kui \u00f5hutemperatuur \u00fcle nulli t\u00f5useb ning olud on niiskemad v\u00f5i koguni m\u00e4rjad.<\/p>\n<p><strong>Materjalid:<\/strong> Parim, A+ klassi s\u00fcnteetiline nahk, hall nailon k\u00e4eseljal ja fliisvooder.<\/p>\n<p><strong>Standardid:<\/strong> EN420, EN388:2016 (2.1.3.1.X), EN511 (X.2.X). Kat 2. CE.\n<\/p>\n\t<div id=\"gap-563388076\" class=\"gap-element clearfix\" style=\"display:block; height:auto;\">\n\t\t\n<style>\n#gap-563388076 {\n  padding-top: 30px;\n}\n<\/style>\n\t<\/div>\n\t\n\t\t<\/div>\n\t\t\t\t\t<\/div>\n\n\t\n\n\t<div id=\"col-664948421\" class=\"col medium-3 small-12 large-3\"  >\n\t\t\t\t<div class=\"col-inner\"  >\n\t\t\t\n\t\t\t\n\t<div id=\"gap-737154808\" class=\"gap-element clearfix\" style=\"display:block; height:auto;\">\n\t\t\n<style>\n#gap-737154808 {\n  padding-top: 30px;\n}\n<\/style>\n\t<\/div>\n\t\n<div class=\"is-divider divider clearfix\" ><\/div>\n<p><strong>\u00dcksikasjalikuma n\u00f5u saamiseks v\u00f5tke \u00fchendust:<br \/><\/strong>Tamrex Ohutuse O\u00dc<br \/>Laki 5<br \/>10621<br \/>Tallinn<br \/>+372 654 9900<\/p>\n<div class=\"is-divider divider clearfix\" ><\/div>\n\t\t<\/div>\n\t\t\t\t\t<\/div>\n\n\t\n<\/div>\n","protected":false},"excerpt":{"rendered":"","protected":false},"featured_media":205820,"comment_status":"closed","ping_status":"closed","template":"","meta":[],"product_brand":[],"product_cat":[2788,2976,2980,2972],"product_tag":[],"class_list":{"0":"post-205679","1":"product","2":"type-product","3":"status-publish","4":"has-post-thumbnail","6":"product_cat-aiatarbed-ja-kodukaubad","7":"product_cat-kindad","8":"product_cat-nahk-riie-kindad","9":"product_cat-tookaitsevahendid","10":"pa_kaubamark-tamrex-ohutuse-ou","12":"first","13":"instock","14":"sale","15":"taxable","16":"shipping-taxable","17":"purchasable","18":"product-type-simple"},"yoast_head":"<!-- This site is optimized with the Yoast SEO plugin v26.9 - https:\/\/yoast.com\/product\/yoast-seo-wordpress\/ -->\n<title>TALVEKINDAD TAMREX S\u00dcNTEETILISEST NAHAST, HALL NAILONIST K\u00c4ESELG 9 - Espak E-pood<\/title>\n<meta name=\"robots\" content=\"index, follow, max-snippet:-1, max-image-preview:large, max-video-preview:-1\" \/>\n<link rel=\"canonical\" href=\"https:\/\/espak.ee\/epood\/toode\/talvekindad-tamrex-sunteetilisest-nahast-hall-nailonist-kaeselg-9\/\" \/>\n<meta property=\"og:locale\" content=\"et_EE\" \/>\n<meta property=\"og:type\" content=\"article\" \/>\n<meta property=\"og:title\" content=\"TALVEKINDAD TAMREX S\u00dcNTEETILISEST NAHAST, HALL NAILONIST K\u00c4ESELG 9 - Espak E-pood\" \/>\n<meta property=\"og:url\" content=\"https:\/\/espak.ee\/epood\/toode\/talvekindad-tamrex-sunteetilisest-nahast-hall-nailonist-kaeselg-9\/\" \/>\n<meta property=\"og:site_name\" content=\"Espak E-pood\" \/>\n<meta property=\"article:modified_time\" content=\"2024-07-24T07:43:25+00:00\" \/>\n<meta property=\"og:image\" content=\"https:\/\/espak.ee\/epood\/wp-content\/uploads\/2024\/07\/tamrex-akvaliteet-sunteetilisest-nahast-talvekindad-2.jpg\" \/>\n\t<meta property=\"og:image:width\" content=\"1000\" \/>\n\t<meta property=\"og:image:height\" content=\"1000\" \/>\n\t<meta property=\"og:image:type\" content=\"image\/jpeg\" \/>\n<meta name=\"twitter:card\" content=\"summary_large_image\" \/>\n<meta name=\"twitter:label1\" content=\"Est. reading time\" \/>\n\t<meta name=\"twitter:data1\" content=\"1 minut\" \/>\n<script type=\"application\/ld+json\" class=\"yoast-schema-graph\">{\"@context\":\"https:\/\/schema.org\",\"@graph\":[{\"@type\":\"WebPage\",\"@id\":\"https:\/\/espak.ee\/epood\/toode\/talvekindad-tamrex-sunteetilisest-nahast-hall-nailonist-kaeselg-9\/\",\"url\":\"https:\/\/espak.ee\/epood\/toode\/talvekindad-tamrex-sunteetilisest-nahast-hall-nailonist-kaeselg-9\/\",\"name\":\"TALVEKINDAD TAMREX S\u00dcNTEETILISEST NAHAST, HALL NAILONIST K\u00c4ESELG 9 - Espak E-pood\",\"isPartOf\":{\"@id\":\"https:\/\/espak.ee\/epood\/#website\"},\"primaryImageOfPage\":{\"@id\":\"https:\/\/espak.ee\/epood\/toode\/talvekindad-tamrex-sunteetilisest-nahast-hall-nailonist-kaeselg-9\/#primaryimage\"},\"image\":{\"@id\":\"https:\/\/espak.ee\/epood\/toode\/talvekindad-tamrex-sunteetilisest-nahast-hall-nailonist-kaeselg-9\/#primaryimage\"},\"thumbnailUrl\":\"https:\/\/espak.ee\/epood\/wp-content\/uploads\/2024\/07\/tamrex-akvaliteet-sunteetilisest-nahast-talvekindad-2.jpg\",\"datePublished\":\"2024-07-24T02:05:03+00:00\",\"dateModified\":\"2024-07-24T07:43:25+00:00\",\"breadcrumb\":{\"@id\":\"https:\/\/espak.ee\/epood\/toode\/talvekindad-tamrex-sunteetilisest-nahast-hall-nailonist-kaeselg-9\/#breadcrumb\"},\"inLanguage\":\"et\",\"potentialAction\":[{\"@type\":\"ReadAction\",\"target\":[\"https:\/\/espak.ee\/epood\/toode\/talvekindad-tamrex-sunteetilisest-nahast-hall-nailonist-kaeselg-9\/\"]}]},{\"@type\":\"ImageObject\",\"inLanguage\":\"et\",\"@id\":\"https:\/\/espak.ee\/epood\/toode\/talvekindad-tamrex-sunteetilisest-nahast-hall-nailonist-kaeselg-9\/#primaryimage\",\"url\":\"https:\/\/espak.ee\/epood\/wp-content\/uploads\/2024\/07\/tamrex-akvaliteet-sunteetilisest-nahast-talvekindad-2.jpg\",\"contentUrl\":\"https:\/\/espak.ee\/epood\/wp-content\/uploads\/2024\/07\/tamrex-akvaliteet-sunteetilisest-nahast-talvekindad-2.jpg\",\"width\":1000,\"height\":1000},{\"@type\":\"BreadcrumbList\",\"@id\":\"https:\/\/espak.ee\/epood\/toode\/talvekindad-tamrex-sunteetilisest-nahast-hall-nailonist-kaeselg-9\/#breadcrumb\",\"itemListElement\":[{\"@type\":\"ListItem\",\"position\":1,\"name\":\"Home\",\"item\":\"https:\/\/espak.ee\/epood\/\"},{\"@type\":\"ListItem\",\"position\":2,\"name\":\"Tootevalik\",\"item\":\"https:\/\/espak.ee\/epood\/tootevalik\/\"},{\"@type\":\"ListItem\",\"position\":3,\"name\":\"TALVEKINDAD TAMREX S\u00dcNTEETILISEST NAHAST, HALL NAILONIST K\u00c4ESELG 9\"}]},{\"@type\":\"WebSite\",\"@id\":\"https:\/\/espak.ee\/epood\/#website\",\"url\":\"https:\/\/espak.ee\/epood\/\",\"name\":\"Espak E-pood\",\"description\":\"\",\"potentialAction\":[{\"@type\":\"SearchAction\",\"target\":{\"@type\":\"EntryPoint\",\"urlTemplate\":\"https:\/\/espak.ee\/epood\/?s={search_term_string}\"},\"query-input\":{\"@type\":\"PropertyValueSpecification\",\"valueRequired\":true,\"valueName\":\"search_term_string\"}}],\"inLanguage\":\"et\"}]}<\/script>\n<!-- \/ Yoast SEO plugin. -->","yoast_head_json":{"title":"TALVEKINDAD TAMREX S\u00dcNTEETILISEST NAHAST, HALL NAILONIST K\u00c4ESELG 9 - Espak E-pood","robots":{"index":"index","follow":"follow","max-snippet":"max-snippet:-1","max-image-preview":"max-image-preview:large","max-video-preview":"max-video-preview:-1"},"canonical":"https:\/\/espak.ee\/epood\/toode\/talvekindad-tamrex-sunteetilisest-nahast-hall-nailonist-kaeselg-9\/","og_locale":"et_EE","og_type":"article","og_title":"TALVEKINDAD TAMREX S\u00dcNTEETILISEST NAHAST, HALL NAILONIST K\u00c4ESELG 9 - Espak E-pood","og_url":"https:\/\/espak.ee\/epood\/toode\/talvekindad-tamrex-sunteetilisest-nahast-hall-nailonist-kaeselg-9\/","og_site_name":"Espak E-pood","article_modified_time":"2024-07-24T07:43:25+00:00","og_image":[{"width":1000,"height":1000,"url":"https:\/\/espak.ee\/epood\/wp-content\/uploads\/2024\/07\/tamrex-akvaliteet-sunteetilisest-nahast-talvekindad-2.jpg","type":"image\/jpeg"}],"twitter_card":"summary_large_image","twitter_misc":{"Est. reading time":"1 minut"},"schema":{"@context":"https:\/\/schema.org","@graph":[{"@type":"WebPage","@id":"https:\/\/espak.ee\/epood\/toode\/talvekindad-tamrex-sunteetilisest-nahast-hall-nailonist-kaeselg-9\/","url":"https:\/\/espak.ee\/epood\/toode\/talvekindad-tamrex-sunteetilisest-nahast-hall-nailonist-kaeselg-9\/","name":"TALVEKINDAD TAMREX S\u00dcNTEETILISEST NAHAST, HALL NAILONIST K\u00c4ESELG 9 - Espak E-pood","isPartOf":{"@id":"https:\/\/espak.ee\/epood\/#website"},"primaryImageOfPage":{"@id":"https:\/\/espak.ee\/epood\/toode\/talvekindad-tamrex-sunteetilisest-nahast-hall-nailonist-kaeselg-9\/#primaryimage"},"image":{"@id":"https:\/\/espak.ee\/epood\/toode\/talvekindad-tamrex-sunteetilisest-nahast-hall-nailonist-kaeselg-9\/#primaryimage"},"thumbnailUrl":"https:\/\/espak.ee\/epood\/wp-content\/uploads\/2024\/07\/tamrex-akvaliteet-sunteetilisest-nahast-talvekindad-2.jpg","datePublished":"2024-07-24T02:05:03+00:00","dateModified":"2024-07-24T07:43:25+00:00","breadcrumb":{"@id":"https:\/\/espak.ee\/epood\/toode\/talvekindad-tamrex-sunteetilisest-nahast-hall-nailonist-kaeselg-9\/#breadcrumb"},"inLanguage":"et","potentialAction":[{"@type":"ReadAction","target":["https:\/\/espak.ee\/epood\/toode\/talvekindad-tamrex-sunteetilisest-nahast-hall-nailonist-kaeselg-9\/"]}]},{"@type":"ImageObject","inLanguage":"et","@id":"https:\/\/espak.ee\/epood\/toode\/talvekindad-tamrex-sunteetilisest-nahast-hall-nailonist-kaeselg-9\/#primaryimage","url":"https:\/\/espak.ee\/epood\/wp-content\/uploads\/2024\/07\/tamrex-akvaliteet-sunteetilisest-nahast-talvekindad-2.jpg","contentUrl":"https:\/\/espak.ee\/epood\/wp-content\/uploads\/2024\/07\/tamrex-akvaliteet-sunteetilisest-nahast-talvekindad-2.jpg","width":1000,"height":1000},{"@type":"BreadcrumbList","@id":"https:\/\/espak.ee\/epood\/toode\/talvekindad-tamrex-sunteetilisest-nahast-hall-nailonist-kaeselg-9\/#breadcrumb","itemListElement":[{"@type":"ListItem","position":1,"name":"Home","item":"https:\/\/espak.ee\/epood\/"},{"@type":"ListItem","position":2,"name":"Tootevalik","item":"https:\/\/espak.ee\/epood\/tootevalik\/"},{"@type":"ListItem","position":3,"name":"TALVEKINDAD TAMREX S\u00dcNTEETILISEST NAHAST, HALL NAILONIST K\u00c4ESELG 9"}]},{"@type":"WebSite","@id":"https:\/\/espak.ee\/epood\/#website","url":"https:\/\/espak.ee\/epood\/","name":"Espak E-pood","description":"","potentialAction":[{"@type":"SearchAction","target":{"@type":"EntryPoint","urlTemplate":"https:\/\/espak.ee\/epood\/?s={search_term_string}"},"query-input":{"@type":"PropertyValueSpecification","valueRequired":true,"valueName":"search_term_string"}}],"inLanguage":"et"}]}},"_links":{"self":[{"href":"https:\/\/espak.ee\/epood\/wp-json\/wp\/v2\/product\/205679","targetHints":{"allow":["GET"]}}],"collection":[{"href":"https:\/\/espak.ee\/epood\/wp-json\/wp\/v2\/product"}],"about":[{"href":"https:\/\/espak.ee\/epood\/wp-json\/wp\/v2\/types\/product"}],"replies":[{"embeddable":true,"href":"https:\/\/espak.ee\/epood\/wp-json\/wp\/v2\/comments?post=205679"}],"wp:featuredmedia":[{"embeddable":true,"href":"https:\/\/espak.ee\/epood\/wp-json\/wp\/v2\/media\/205820"}],"wp:attachment":[{"href":"https:\/\/espak.ee\/epood\/wp-json\/wp\/v2\/media?parent=205679"}],"wp:term":[{"taxonomy":"product_brand","embeddable":true,"href":"https:\/\/espak.ee\/epood\/wp-json\/wp\/v2\/product_brand?post=205679"},{"taxonomy":"product_cat","embeddable":true,"href":"https:\/\/espak.ee\/epood\/wp-json\/wp\/v2\/product_cat?post=205679"},{"taxonomy":"product_tag","embeddable":true,"href":"https:\/\/espak.ee\/epood\/wp-json\/wp\/v2\/product_tag?post=205679"}],"curies":[{"name":"wp","href":"https:\/\/api.w.org\/{rel}","templated":true}]}}