{"id":205563,"date":"2024-07-23T05:05:03","date_gmt":"2024-07-23T02:05:03","guid":{"rendered":"https:\/\/espak.ee\/epood\/?post_type=product&#038;p=205563"},"modified":"2025-11-30T12:31:56","modified_gmt":"2025-11-30T10:31:56","slug":"suitsuandur-honeywell-home-optiline","status":"publish","type":"product","link":"https:\/\/espak.ee\/epood\/toode\/suitsuandur-honeywell-home-optiline\/","title":{"rendered":"SUITSUANDUR HONEYWELL HOME OPTILINE"},"content":{"rendered":"<div class=\"row\"  id=\"row-111985402\">\n\n\t<div id=\"col-683406608\" class=\"col medium-9 small-12 large-9\"  >\n\t\t\t\t<div class=\"col-inner\"  >\n\t\t\t\n\t\t\t\n<h3>Honeywell preemium optiline suitsuandur R200S-1<\/h3>\n<p><strong>Preemium t\u00f6\u00f6kindlusega suitsuandur<\/strong><br \/>\nHoneywell preemium optiline suitsuandur on t\u00f6\u00f6kindel ja v\u00e4ga hea kasutusmugavusega ohutusseade. Anduri valmistamisel on kasutatud uusimat disaini, materjale ja tootmistehnikat, et v\u00e4hendada valeh\u00e4irete esinemise sagedust tolmu, mustuse, putukate jms t\u00f5ttu. Enesekontrolli mehhanismiga varustatud suitsuandur annab m\u00e4rku t\u00f5rkest\/veast, samuti aku t\u00fchjenemist 10 aasta t\u00e4itumisel.<\/p>\n<p>Lisaks soovitame suitsuandurit v\u00e4hemalt kord kuus k\u00e4sitsi testida, vajutades 3 sekundiks suitsuanduri kattele ehk testimis-\/vaigistusnupule. Kui kuulete kolme j\u00e4rjestikust l\u00fchikest helisignaali, on andur t\u00f6\u00f6korras.<\/p>\n<p>Suitsuanduri m\u00f5\u00f5dud: l\u00e4bim\u00f5\u00f5t 116 mm, k\u00f5rgus 23,3 mm.<\/p>\n<p><strong>10 aastane toiteallika eluiga \u2013 vaba patareide vahetamisest<\/strong><br \/>\nHoneywell suitsuanduris on p\u00fcsivalt sisseehitatud toiteallikas, mille eluiga on 10. aastat. See t\u00e4hendab t\u00e4ielikku vabastust patareide vahetamise operatsioonist, mis varem tuli iga aasta v\u00f5i kahe j\u00e4rel ette v\u00f5tta. Paigaldage Honeywell suitsandur lihtsalt oma kohale ja j\u00e4rgmised 10 aastat on teil murevaba.<\/p>\n<p>Anduri k\u00fcljele on tr\u00fckitud toiteallika aegumise t\u00e4htaeg. Samuti annab suitsuandur aku t\u00fchjenemisest aegsasti m\u00e4rku vilkumise ja piiksuga 1 x iga 40 sekundi j\u00e4rel. Hankige uus suitsuandur ja alustage uut 10 aastast murevaba aega.<\/p>\n<p>Aku t\u00fchjenemise hoiatusheli on Honeywell suitsuanduril v\u00f5imalik vaigistada vajutades anduri kattele (kogu anduri kate on test- ja vaigistusnupp), andur j\u00e4\u00e4b vilkuma 1 x iga 40 sekundi j\u00e4rel, kuid ei anna enam helisignaali. N\u00fc\u00fcd on teil aega osta uus suitsuandur.<\/p>\n<p>Pikaajaline ja pidev kokkupuude madalate v\u00f5i k\u00f5rgete temperatuuridega, samuti k\u00f5rge \u00f5huniiskusega v\u00e4hendab toiteallika eluiga. Suitsuanduri t\u00f6\u00f6temperatuur on 0\u00b0C- 40\u00b0C ja sobiv niiskustase: 25% &#8211; 93%.<\/p>\n<p><strong>10 aastane garantiiaeg<\/strong><br \/>\nHoneywell suitsuanduri pikk eluiga on t\u00e4ies ulatuses kaetud tootjapoolse garantiiga. See on tootja selge s\u00f5num anduri k\u00f5rge kvaliteedi kohta. Tooge TAMREXist ostetud suitsuandur meile tagasi, kui selle t\u00f6\u00f6s esinevad t\u00f5rked ning te ei leia kasutusjuhendist vastuseid.<\/p>\n<p>Olles ostnud endale uue suitsuanduri j\u00e4tke alles ostukviitung ja kasutusjuhend. T\u00f6\u00f6tage kasutusjuhend p\u00f5hjalikult l\u00e4bi ja \u00f5ppige oma uut ohutusseadet tundma. Hiljem leiate sealt vastuseid anduri heli- ja valgussignaalidele, mille t\u00e4hendus on ununenud.<\/p>\n<p><strong>N\u00e4gus minimalistlik disain<\/strong><br \/>\nHoneywell suitsuandurid n\u00e4evad kenad v\u00e4lja ning on valgel lael meeldivalt m\u00e4rkamatud. Suitsuandur on n\u00fc\u00fcd \u00f5hem ja n\u00e4gusam.<\/p>\n<p><strong>Paigalda suitsuandur igasse tuppa (va k\u00f6\u00f6k ja vannituba)<\/strong><br \/>\n\u00dchest suitsuandurist piisab, kui teil on \u00fchetoaline avatud planeeringuga korter. Kui tube on rohkem ja uksed on aegajalt suletud, paigaldage Honeywell suitsuandur igasse magamistuppa, elutuppa ja esikusse. Sellisel on juhul saate h\u00e4ire v\u00f5imalikust tulekahjust ka suletud uste tagant sedav\u00f5rd kiiresti, et j\u00f5uate inimesed evakueerida ja tulekahju veel algstaadiumis summutada.<\/p>\n<p><strong>\u00c4rge unustage tulekustutit \/ vingugaasiandurit<\/strong><br \/>\nKodune tuleohutus on t\u00e4ielik, kui teil on piisav arv t\u00f6\u00f6korras suitsuandureid ja t\u00f5hus tulekututi.<br \/>\nIga p\u00f5leng on alguses v\u00e4ike ning selle kustutamine tavainimesele j\u00f5ukohane. Olenevalt oludest v\u00f5ib p\u00f5leng juba 4-5 min jooksul paisuda sedav\u00f5rd, et selles ruumis viibimine muutub eluohtlikuks. Seet\u00f5ttu on olulised t\u00f6\u00f6korras tulekustuti olemasolu ja kiire tegutsemine.<\/p>\n<p>Suitsuandur annab teile varajase teate p\u00f5lengust, tulekustutiga saate selle kiiresti summutada. Suitsuandur p\u00e4\u00e4stab elud ja tulekustuti p\u00e4\u00e4stab vara. Soovitame koju TAMREXi 6kg preemium tulekustutit. See on t\u00f6\u00f6kindel, t\u00f5hus ja pikaajaline tulekustuti, millele anname 10 aastase garantii, kuid selle tegelik eluiga hooldas peremehe\/perenaise hoole all on 30 ja enam aastat.<\/p>\n<p>Kui teil on kodus ahik\u00fcte, kamin, gaasiboiler (veesoojendi) v\u00f5i m\u00f5ni muu reaalne p\u00f5lemisprotsess, paigaldage sellesse ruumi ka vingugaasiandur. Suitsuandur ei asenda vingugaasiandurit ega vastupidi. Paljudes kodumajapidamistes on vajalikud m\u00f5lemad. Tamrexi kauplustes on m\u00fc\u00fcgil kaks mudelit Honeywelli vingugaasiandureid, mis sarnaselt suitsuandurile pikk, patareide vahetamisest vaba eluiga, mis on t\u00e4ies ulatuses kaetud garantiiga.<\/p>\n\t\t<\/div>\n\t\t\t\t\t<\/div>\n\n\t\n\n\t<div id=\"col-882828565\" class=\"col medium-3 small-12 large-3\"  >\n\t\t\t\t<div class=\"col-inner\"  >\n\t\t\t\n\t\t\t\n\t<div id=\"gap-370517430\" class=\"gap-element clearfix\" style=\"display:block; height:auto;\">\n\t\t\n<style>\n#gap-370517430 {\n  padding-top: 30px;\n}\n<\/style>\n\t<\/div>\n\t\n<h3>Kasutusjuhend<\/h3>\n<p><a href=\"https:\/\/espak.ee\/epood\/wp-content\/uploads\/2024\/07\/R200S-1-kasutusjuhend.pdf\"target=\"_blank\" rel=\"noopener noreferrer\"><i class=\"far fa-file-pdf\"><\/i> Kasutusjuhend (PDF)<\/a><\/p>\n<p><strong>\u00dcksikasjalikuma n\u00f5u saamiseks v\u00f5tke \u00fchendust:<br \/><\/strong>Tamrex Ohutuse O\u00dc<br \/>Laki 5<br \/>10621<br \/>Tallinn<br \/>+372 654 9900<\/p>\n\t\t<\/div>\n\t\t\t\t\t<\/div>\n\n\t\n<\/div>\n","protected":false},"excerpt":{"rendered":"","protected":false},"featured_media":205638,"comment_status":"closed","ping_status":"closed","template":"","meta":[],"product_brand":[],"product_cat":[2935,2934,3224,3322],"product_tag":[],"class_list":{"0":"post-205563","1":"product","2":"type-product","3":"status-publish","4":"has-post-thumbnail","6":"product_cat-elektrikaubad","7":"product_cat-elektrikaubad-ja-valgustid","8":"product_cat-lulitid-ja-pistikupesad","9":"product_cat-suitsuandurid","10":"pa_kaubamark-tamrex-ohutuse-ou","12":"first","13":"instock","14":"sale","15":"taxable","16":"shipping-taxable","17":"purchasable","18":"product-type-simple"},"yoast_head":"<!-- This site is optimized with the Yoast SEO plugin v26.9 - https:\/\/yoast.com\/product\/yoast-seo-wordpress\/ -->\n<title>SUITSUANDUR HONEYWELL HOME OPTILINE - Espak E-pood<\/title>\n<meta name=\"robots\" content=\"index, follow, max-snippet:-1, max-image-preview:large, max-video-preview:-1\" \/>\n<link rel=\"canonical\" href=\"https:\/\/espak.ee\/epood\/toode\/suitsuandur-honeywell-home-optiline\/\" \/>\n<meta property=\"og:locale\" content=\"et_EE\" \/>\n<meta property=\"og:type\" content=\"article\" \/>\n<meta property=\"og:title\" content=\"SUITSUANDUR HONEYWELL HOME OPTILINE - Espak E-pood\" \/>\n<meta property=\"og:url\" content=\"https:\/\/espak.ee\/epood\/toode\/suitsuandur-honeywell-home-optiline\/\" \/>\n<meta property=\"og:site_name\" content=\"Espak E-pood\" \/>\n<meta property=\"article:modified_time\" content=\"2025-11-30T10:31:56+00:00\" \/>\n<meta property=\"og:image\" content=\"https:\/\/espak.ee\/epood\/wp-content\/uploads\/2024\/07\/honeywell-preemium-optiline-suitsuandur-r200s-1-2.jpg\" \/>\n\t<meta property=\"og:image:width\" content=\"1000\" \/>\n\t<meta property=\"og:image:height\" content=\"1000\" \/>\n\t<meta property=\"og:image:type\" content=\"image\/jpeg\" \/>\n<meta name=\"twitter:card\" content=\"summary_large_image\" \/>\n<meta name=\"twitter:label1\" content=\"Est. reading time\" \/>\n\t<meta name=\"twitter:data1\" content=\"3 minutit\" \/>\n<script type=\"application\/ld+json\" class=\"yoast-schema-graph\">{\"@context\":\"https:\/\/schema.org\",\"@graph\":[{\"@type\":\"WebPage\",\"@id\":\"https:\/\/espak.ee\/epood\/toode\/suitsuandur-honeywell-home-optiline\/\",\"url\":\"https:\/\/espak.ee\/epood\/toode\/suitsuandur-honeywell-home-optiline\/\",\"name\":\"SUITSUANDUR HONEYWELL HOME OPTILINE - Espak E-pood\",\"isPartOf\":{\"@id\":\"https:\/\/espak.ee\/epood\/#website\"},\"primaryImageOfPage\":{\"@id\":\"https:\/\/espak.ee\/epood\/toode\/suitsuandur-honeywell-home-optiline\/#primaryimage\"},\"image\":{\"@id\":\"https:\/\/espak.ee\/epood\/toode\/suitsuandur-honeywell-home-optiline\/#primaryimage\"},\"thumbnailUrl\":\"https:\/\/espak.ee\/epood\/wp-content\/uploads\/2024\/07\/honeywell-preemium-optiline-suitsuandur-r200s-1-2.jpg\",\"datePublished\":\"2024-07-23T02:05:03+00:00\",\"dateModified\":\"2025-11-30T10:31:56+00:00\",\"breadcrumb\":{\"@id\":\"https:\/\/espak.ee\/epood\/toode\/suitsuandur-honeywell-home-optiline\/#breadcrumb\"},\"inLanguage\":\"et\",\"potentialAction\":[{\"@type\":\"ReadAction\",\"target\":[\"https:\/\/espak.ee\/epood\/toode\/suitsuandur-honeywell-home-optiline\/\"]}]},{\"@type\":\"ImageObject\",\"inLanguage\":\"et\",\"@id\":\"https:\/\/espak.ee\/epood\/toode\/suitsuandur-honeywell-home-optiline\/#primaryimage\",\"url\":\"https:\/\/espak.ee\/epood\/wp-content\/uploads\/2024\/07\/honeywell-preemium-optiline-suitsuandur-r200s-1-2.jpg\",\"contentUrl\":\"https:\/\/espak.ee\/epood\/wp-content\/uploads\/2024\/07\/honeywell-preemium-optiline-suitsuandur-r200s-1-2.jpg\",\"width\":1000,\"height\":1000},{\"@type\":\"BreadcrumbList\",\"@id\":\"https:\/\/espak.ee\/epood\/toode\/suitsuandur-honeywell-home-optiline\/#breadcrumb\",\"itemListElement\":[{\"@type\":\"ListItem\",\"position\":1,\"name\":\"Home\",\"item\":\"https:\/\/espak.ee\/epood\/\"},{\"@type\":\"ListItem\",\"position\":2,\"name\":\"Tootevalik\",\"item\":\"https:\/\/espak.ee\/epood\/tootevalik\/\"},{\"@type\":\"ListItem\",\"position\":3,\"name\":\"SUITSUANDUR HONEYWELL HOME OPTILINE\"}]},{\"@type\":\"WebSite\",\"@id\":\"https:\/\/espak.ee\/epood\/#website\",\"url\":\"https:\/\/espak.ee\/epood\/\",\"name\":\"Espak E-pood\",\"description\":\"\",\"potentialAction\":[{\"@type\":\"SearchAction\",\"target\":{\"@type\":\"EntryPoint\",\"urlTemplate\":\"https:\/\/espak.ee\/epood\/?s={search_term_string}\"},\"query-input\":{\"@type\":\"PropertyValueSpecification\",\"valueRequired\":true,\"valueName\":\"search_term_string\"}}],\"inLanguage\":\"et\"}]}<\/script>\n<!-- \/ Yoast SEO plugin. -->","yoast_head_json":{"title":"SUITSUANDUR HONEYWELL HOME OPTILINE - Espak E-pood","robots":{"index":"index","follow":"follow","max-snippet":"max-snippet:-1","max-image-preview":"max-image-preview:large","max-video-preview":"max-video-preview:-1"},"canonical":"https:\/\/espak.ee\/epood\/toode\/suitsuandur-honeywell-home-optiline\/","og_locale":"et_EE","og_type":"article","og_title":"SUITSUANDUR HONEYWELL HOME OPTILINE - Espak E-pood","og_url":"https:\/\/espak.ee\/epood\/toode\/suitsuandur-honeywell-home-optiline\/","og_site_name":"Espak E-pood","article_modified_time":"2025-11-30T10:31:56+00:00","og_image":[{"width":1000,"height":1000,"url":"https:\/\/espak.ee\/epood\/wp-content\/uploads\/2024\/07\/honeywell-preemium-optiline-suitsuandur-r200s-1-2.jpg","type":"image\/jpeg"}],"twitter_card":"summary_large_image","twitter_misc":{"Est. reading time":"3 minutit"},"schema":{"@context":"https:\/\/schema.org","@graph":[{"@type":"WebPage","@id":"https:\/\/espak.ee\/epood\/toode\/suitsuandur-honeywell-home-optiline\/","url":"https:\/\/espak.ee\/epood\/toode\/suitsuandur-honeywell-home-optiline\/","name":"SUITSUANDUR HONEYWELL HOME OPTILINE - Espak E-pood","isPartOf":{"@id":"https:\/\/espak.ee\/epood\/#website"},"primaryImageOfPage":{"@id":"https:\/\/espak.ee\/epood\/toode\/suitsuandur-honeywell-home-optiline\/#primaryimage"},"image":{"@id":"https:\/\/espak.ee\/epood\/toode\/suitsuandur-honeywell-home-optiline\/#primaryimage"},"thumbnailUrl":"https:\/\/espak.ee\/epood\/wp-content\/uploads\/2024\/07\/honeywell-preemium-optiline-suitsuandur-r200s-1-2.jpg","datePublished":"2024-07-23T02:05:03+00:00","dateModified":"2025-11-30T10:31:56+00:00","breadcrumb":{"@id":"https:\/\/espak.ee\/epood\/toode\/suitsuandur-honeywell-home-optiline\/#breadcrumb"},"inLanguage":"et","potentialAction":[{"@type":"ReadAction","target":["https:\/\/espak.ee\/epood\/toode\/suitsuandur-honeywell-home-optiline\/"]}]},{"@type":"ImageObject","inLanguage":"et","@id":"https:\/\/espak.ee\/epood\/toode\/suitsuandur-honeywell-home-optiline\/#primaryimage","url":"https:\/\/espak.ee\/epood\/wp-content\/uploads\/2024\/07\/honeywell-preemium-optiline-suitsuandur-r200s-1-2.jpg","contentUrl":"https:\/\/espak.ee\/epood\/wp-content\/uploads\/2024\/07\/honeywell-preemium-optiline-suitsuandur-r200s-1-2.jpg","width":1000,"height":1000},{"@type":"BreadcrumbList","@id":"https:\/\/espak.ee\/epood\/toode\/suitsuandur-honeywell-home-optiline\/#breadcrumb","itemListElement":[{"@type":"ListItem","position":1,"name":"Home","item":"https:\/\/espak.ee\/epood\/"},{"@type":"ListItem","position":2,"name":"Tootevalik","item":"https:\/\/espak.ee\/epood\/tootevalik\/"},{"@type":"ListItem","position":3,"name":"SUITSUANDUR HONEYWELL HOME OPTILINE"}]},{"@type":"WebSite","@id":"https:\/\/espak.ee\/epood\/#website","url":"https:\/\/espak.ee\/epood\/","name":"Espak E-pood","description":"","potentialAction":[{"@type":"SearchAction","target":{"@type":"EntryPoint","urlTemplate":"https:\/\/espak.ee\/epood\/?s={search_term_string}"},"query-input":{"@type":"PropertyValueSpecification","valueRequired":true,"valueName":"search_term_string"}}],"inLanguage":"et"}]}},"_links":{"self":[{"href":"https:\/\/espak.ee\/epood\/wp-json\/wp\/v2\/product\/205563","targetHints":{"allow":["GET"]}}],"collection":[{"href":"https:\/\/espak.ee\/epood\/wp-json\/wp\/v2\/product"}],"about":[{"href":"https:\/\/espak.ee\/epood\/wp-json\/wp\/v2\/types\/product"}],"replies":[{"embeddable":true,"href":"https:\/\/espak.ee\/epood\/wp-json\/wp\/v2\/comments?post=205563"}],"wp:featuredmedia":[{"embeddable":true,"href":"https:\/\/espak.ee\/epood\/wp-json\/wp\/v2\/media\/205638"}],"wp:attachment":[{"href":"https:\/\/espak.ee\/epood\/wp-json\/wp\/v2\/media?parent=205563"}],"wp:term":[{"taxonomy":"product_brand","embeddable":true,"href":"https:\/\/espak.ee\/epood\/wp-json\/wp\/v2\/product_brand?post=205563"},{"taxonomy":"product_cat","embeddable":true,"href":"https:\/\/espak.ee\/epood\/wp-json\/wp\/v2\/product_cat?post=205563"},{"taxonomy":"product_tag","embeddable":true,"href":"https:\/\/espak.ee\/epood\/wp-json\/wp\/v2\/product_tag?post=205563"}],"curies":[{"name":"wp","href":"https:\/\/api.w.org\/{rel}","templated":true}]}}