{"id":204204,"date":"2024-07-06T05:05:03","date_gmt":"2024-07-06T02:05:03","guid":{"rendered":"https:\/\/espak.ee\/epood\/?post_type=product&#038;p=204204"},"modified":"2024-08-02T19:44:45","modified_gmt":"2024-08-02T16:44:45","slug":"akuga-murukaarid-classic-cutteleskoopvars-rattad","status":"publish","type":"product","link":"https:\/\/espak.ee\/epood\/toode\/akuga-murukaarid-classic-cutteleskoopvars-rattad\/","title":{"rendered":"AKUGA MURUK\u00c4\u00c4RID CLASSIC CUT+TELESKOOPVARS\/RATTAD"},"content":{"rendered":"<div class=\"row\"  id=\"row-721934447\">\n\n\t<div id=\"col-713137564\" class=\"col medium-9 small-12 large-9\"  >\n\t\t\t\t<div class=\"col-inner\"  >\n\t\t\t\n\t\t\t\n<h2>Akuga muruk\u00e4\u00e4rid ClassicCut Li + teleskoopvars\/rattad Gardena<\/h2>\n<div class=\"message-box relative\" style=\"padding-top:15px;padding-bottom:15px;\"><div class=\"message-box-bg-image bg-fill fill\" ><\/div><div class=\"message-box-bg-overlay bg-fill fill\" ><\/div><div class=\"container relative\"><div class=\"inner last-reset\">\n<div class=\"row align-middle align-center\"  id=\"row-1834800933\">\n\n\t<div id=\"col-1238199996\" class=\"col small-12 large-12\"  >\n\t\t\t\t<div class=\"col-inner text-left\"  >\n\t\t\t\n\t\t\t\n<h4>Omadused<\/h4>\n<div class=\"row\"  id=\"row-1952950643\">\n\n\t<div id=\"col-1108620697\" class=\"col medium-6 small-12 large-6\"  >\n\t\t\t\t<div class=\"col-inner\"  >\n\t\t\t\n\t\t\t\n<p><i class=\"fa fa-check fa-2x\"><\/i> <strong> T\u00e4pne l\u00f5ige t\u00e4nu kvaliteetsele terale<\/strong><\/p>\n<p><i class=\"fa fa-check fa-2x\"><\/i> <strong> Kiire teravahetus vaid \u00fche nupuvajutusega<\/strong><\/p>\n\t\t<\/div>\n\t\t\t\t\n<style>\n#col-1108620697 > .col-inner {\n  margin: 0px 0px 15px 0px;\n}\n<\/style>\n\t<\/div>\n\n\t\n\n\t<div id=\"col-1478955707\" class=\"col medium-6 small-12 large-6\"  >\n\t\t\t\t<div class=\"col-inner\"  >\n\t\t\t\n\t\t\t\n<p><i class=\"fa fa-check fa-2x\"><\/i> <strong> Integreeritud Li-ion aku<\/strong><\/p>\n<p><i class=\"fa fa-check fa-2x\"><\/i> <strong> Komplektis teleskoopvars ja rattad mugavamaks kasutamiseks<\/strong><\/p>\n\t\t<\/div>\n\t\t\t\t\n<style>\n#col-1478955707 > .col-inner {\n  margin: 0px 0px 15px 0px;\n}\n<\/style>\n\t<\/div>\n\n\t\n<\/div>\n\t\t<\/div>\n\t\t\t\t\t<\/div>\n\n\t\n<\/div>\n<\/div><\/div><\/div>\n\t<div id=\"gap-77532675\" class=\"gap-element clearfix\" style=\"display:block; height:auto;\">\n\t\t\n<style>\n#gap-77532675 {\n  padding-top: 30px;\n}\n<\/style>\n\t<\/div>\n\t\n<p><strong>Kirjeldus:<\/strong><br \/>\nGARDENA muruk\u00e4\u00e4ride komplekt ClassicCut Li aitab teil l\u00f5igata t\u00e4pseid muruservi ja saavutada v\u00e4ikeste p\u00f5\u00f5saste, n\u00e4iteks pukspuu, kaunilt hooldatud vormi. Komplekti kuulub 8 cm laiune murutera, rattad ja teleskoopk\u00e4epide. Tera on t\u00e4ppisteritatud ja nakkumatu kattega, mis tagab pikaajalise teravuse. See tagab t\u00e4pse, sileda ja puhta l\u00f5ike. Murutera on Saksamaal valmistatud kvaliteettoode. T\u00e4nu \u00f5hukesele disainile ja ergonoomilisele k\u00e4epidemele istuvad k\u00e4\u00e4rid mugavalt k\u00e4es ja neid on lihtne m\u00f6\u00f6da maad juhtida. Teleskoopk\u00e4epidemel on ergonoomiline k\u00e4epide ja see on paindlikult reguleeritav vahemikus 74\u201396 cm. Saate seda kohandada vastavalt oma pikkusele, et t\u00f6\u00f6tamise ajal oleks mugav ja p\u00fcstine asend. T\u00e4ielikult laetuna kestab muruk\u00e4\u00e4ride aku umbes 50 minutit. LED-indikaator n\u00e4itab laadimise olekut. Saate laadida GARDENA muruk\u00e4\u00e4ride ClassicCut Li komplekti kaasasoleva USB-C kaabli abil. Kui soovite tera vahetada, saate seda teha kiiresti ja lihtsalt \u00fche nupuvajutusega. Eraldi saadaval olev hekitera (art. nr 9863-20) muudab ClassicCut Li hekik\u00e4\u00e4rideks. Kirge toetab GARDENA. Akuga aiavarustus, mis annab teile vabaduse luua.<\/p>\n\t\t<\/div>\n\t\t\t\t\t<\/div>\n\n\t\n\n\t<div id=\"col-493515159\" class=\"col medium-3 small-12 large-3\"  >\n\t\t\t\t<div class=\"col-inner\"  >\n\t\t\t\n\t\t\t\n<h3>Kasutusjuhend<\/h3>\n<p><a href=\"https:\/\/espak.ee\/epood\/wp-content\/uploads\/2024\/07\/doc000232570.pdf\"target=\"_blank\" rel=\"noopener noreferrer\"><i class=\"far fa-file-pdf\"><\/i> Kasutusjuhend (PDF)<\/a><\/p>\n<div class=\"is-divider divider clearfix\" ><\/div>\n<p><strong>\u00dcksikasjalikuma n\u00f5u saamiseks v\u00f5tke \u00fchendust:<br \/><\/strong>Espak AS<br \/>Viadukti 42<br \/>11313<br \/>Tallinn<br \/>+372 6 512333<\/p>\n<div class=\"is-divider divider clearfix\" ><\/div>\n\t\t<\/div>\n\t\t\t\t\t<\/div>\n\n\t\n<\/div>\n","protected":false},"excerpt":{"rendered":"","protected":false},"featured_media":204443,"comment_status":"closed","ping_status":"closed","template":"","meta":[],"product_brand":[],"product_cat":[3382,2789,2788,3341],"product_tag":[],"class_list":{"0":"post-204204","1":"product","2":"type-product","3":"status-publish","4":"has-post-thumbnail","6":"product_cat-aiakaarid","7":"product_cat-aiatarbed","8":"product_cat-aiatarbed-ja-kodukaubad","9":"product_cat-aiatooriistad","10":"pa_kaubamark-husqvarna-eesti-ou","12":"first","13":"instock","14":"sale","15":"taxable","16":"shipping-taxable","17":"purchasable","18":"product-type-simple"},"yoast_head":"<!-- This site is optimized with the Yoast SEO plugin v26.9 - https:\/\/yoast.com\/product\/yoast-seo-wordpress\/ -->\n<title>AKUGA MURUK\u00c4\u00c4RID CLASSIC CUT+TELESKOOPVARS\/RATTAD - Espak E-pood<\/title>\n<meta name=\"robots\" content=\"index, follow, max-snippet:-1, max-image-preview:large, max-video-preview:-1\" \/>\n<link rel=\"canonical\" href=\"https:\/\/espak.ee\/epood\/toode\/akuga-murukaarid-classic-cutteleskoopvars-rattad\/\" \/>\n<meta property=\"og:locale\" content=\"et_EE\" \/>\n<meta property=\"og:type\" content=\"article\" \/>\n<meta property=\"og:title\" content=\"AKUGA MURUK\u00c4\u00c4RID CLASSIC CUT+TELESKOOPVARS\/RATTAD - Espak E-pood\" \/>\n<meta property=\"og:url\" content=\"https:\/\/espak.ee\/epood\/toode\/akuga-murukaarid-classic-cutteleskoopvars-rattad\/\" \/>\n<meta property=\"og:site_name\" content=\"Espak E-pood\" \/>\n<meta property=\"article:modified_time\" content=\"2024-08-02T16:44:45+00:00\" \/>\n<meta property=\"og:image\" content=\"https:\/\/espak.ee\/epood\/wp-content\/uploads\/2024\/07\/DN-533343_HighResPng.png.jpg\" \/>\n\t<meta property=\"og:image:width\" content=\"1000\" \/>\n\t<meta property=\"og:image:height\" content=\"1000\" \/>\n\t<meta property=\"og:image:type\" content=\"image\/jpeg\" \/>\n<meta name=\"twitter:card\" content=\"summary_large_image\" \/>\n<meta name=\"twitter:label1\" content=\"Est. reading time\" \/>\n\t<meta name=\"twitter:data1\" content=\"1 minut\" \/>\n<script type=\"application\/ld+json\" class=\"yoast-schema-graph\">{\"@context\":\"https:\/\/schema.org\",\"@graph\":[{\"@type\":\"WebPage\",\"@id\":\"https:\/\/espak.ee\/epood\/toode\/akuga-murukaarid-classic-cutteleskoopvars-rattad\/\",\"url\":\"https:\/\/espak.ee\/epood\/toode\/akuga-murukaarid-classic-cutteleskoopvars-rattad\/\",\"name\":\"AKUGA MURUK\u00c4\u00c4RID CLASSIC CUT+TELESKOOPVARS\/RATTAD - Espak E-pood\",\"isPartOf\":{\"@id\":\"https:\/\/espak.ee\/epood\/#website\"},\"primaryImageOfPage\":{\"@id\":\"https:\/\/espak.ee\/epood\/toode\/akuga-murukaarid-classic-cutteleskoopvars-rattad\/#primaryimage\"},\"image\":{\"@id\":\"https:\/\/espak.ee\/epood\/toode\/akuga-murukaarid-classic-cutteleskoopvars-rattad\/#primaryimage\"},\"thumbnailUrl\":\"https:\/\/espak.ee\/epood\/wp-content\/uploads\/2024\/07\/DN-533343_HighResPng.png.jpg\",\"datePublished\":\"2024-07-06T02:05:03+00:00\",\"dateModified\":\"2024-08-02T16:44:45+00:00\",\"breadcrumb\":{\"@id\":\"https:\/\/espak.ee\/epood\/toode\/akuga-murukaarid-classic-cutteleskoopvars-rattad\/#breadcrumb\"},\"inLanguage\":\"et\",\"potentialAction\":[{\"@type\":\"ReadAction\",\"target\":[\"https:\/\/espak.ee\/epood\/toode\/akuga-murukaarid-classic-cutteleskoopvars-rattad\/\"]}]},{\"@type\":\"ImageObject\",\"inLanguage\":\"et\",\"@id\":\"https:\/\/espak.ee\/epood\/toode\/akuga-murukaarid-classic-cutteleskoopvars-rattad\/#primaryimage\",\"url\":\"https:\/\/espak.ee\/epood\/wp-content\/uploads\/2024\/07\/DN-533343_HighResPng.png.jpg\",\"contentUrl\":\"https:\/\/espak.ee\/epood\/wp-content\/uploads\/2024\/07\/DN-533343_HighResPng.png.jpg\",\"width\":1000,\"height\":1000},{\"@type\":\"BreadcrumbList\",\"@id\":\"https:\/\/espak.ee\/epood\/toode\/akuga-murukaarid-classic-cutteleskoopvars-rattad\/#breadcrumb\",\"itemListElement\":[{\"@type\":\"ListItem\",\"position\":1,\"name\":\"Home\",\"item\":\"https:\/\/espak.ee\/epood\/\"},{\"@type\":\"ListItem\",\"position\":2,\"name\":\"Tootevalik\",\"item\":\"https:\/\/espak.ee\/epood\/tootevalik\/\"},{\"@type\":\"ListItem\",\"position\":3,\"name\":\"AKUGA MURUK\u00c4\u00c4RID CLASSIC CUT+TELESKOOPVARS\/RATTAD\"}]},{\"@type\":\"WebSite\",\"@id\":\"https:\/\/espak.ee\/epood\/#website\",\"url\":\"https:\/\/espak.ee\/epood\/\",\"name\":\"Espak E-pood\",\"description\":\"\",\"potentialAction\":[{\"@type\":\"SearchAction\",\"target\":{\"@type\":\"EntryPoint\",\"urlTemplate\":\"https:\/\/espak.ee\/epood\/?s={search_term_string}\"},\"query-input\":{\"@type\":\"PropertyValueSpecification\",\"valueRequired\":true,\"valueName\":\"search_term_string\"}}],\"inLanguage\":\"et\"}]}<\/script>\n<!-- \/ Yoast SEO plugin. -->","yoast_head_json":{"title":"AKUGA MURUK\u00c4\u00c4RID CLASSIC CUT+TELESKOOPVARS\/RATTAD - Espak E-pood","robots":{"index":"index","follow":"follow","max-snippet":"max-snippet:-1","max-image-preview":"max-image-preview:large","max-video-preview":"max-video-preview:-1"},"canonical":"https:\/\/espak.ee\/epood\/toode\/akuga-murukaarid-classic-cutteleskoopvars-rattad\/","og_locale":"et_EE","og_type":"article","og_title":"AKUGA MURUK\u00c4\u00c4RID CLASSIC CUT+TELESKOOPVARS\/RATTAD - Espak E-pood","og_url":"https:\/\/espak.ee\/epood\/toode\/akuga-murukaarid-classic-cutteleskoopvars-rattad\/","og_site_name":"Espak E-pood","article_modified_time":"2024-08-02T16:44:45+00:00","og_image":[{"width":1000,"height":1000,"url":"https:\/\/espak.ee\/epood\/wp-content\/uploads\/2024\/07\/DN-533343_HighResPng.png.jpg","type":"image\/jpeg"}],"twitter_card":"summary_large_image","twitter_misc":{"Est. reading time":"1 minut"},"schema":{"@context":"https:\/\/schema.org","@graph":[{"@type":"WebPage","@id":"https:\/\/espak.ee\/epood\/toode\/akuga-murukaarid-classic-cutteleskoopvars-rattad\/","url":"https:\/\/espak.ee\/epood\/toode\/akuga-murukaarid-classic-cutteleskoopvars-rattad\/","name":"AKUGA MURUK\u00c4\u00c4RID CLASSIC CUT+TELESKOOPVARS\/RATTAD - Espak E-pood","isPartOf":{"@id":"https:\/\/espak.ee\/epood\/#website"},"primaryImageOfPage":{"@id":"https:\/\/espak.ee\/epood\/toode\/akuga-murukaarid-classic-cutteleskoopvars-rattad\/#primaryimage"},"image":{"@id":"https:\/\/espak.ee\/epood\/toode\/akuga-murukaarid-classic-cutteleskoopvars-rattad\/#primaryimage"},"thumbnailUrl":"https:\/\/espak.ee\/epood\/wp-content\/uploads\/2024\/07\/DN-533343_HighResPng.png.jpg","datePublished":"2024-07-06T02:05:03+00:00","dateModified":"2024-08-02T16:44:45+00:00","breadcrumb":{"@id":"https:\/\/espak.ee\/epood\/toode\/akuga-murukaarid-classic-cutteleskoopvars-rattad\/#breadcrumb"},"inLanguage":"et","potentialAction":[{"@type":"ReadAction","target":["https:\/\/espak.ee\/epood\/toode\/akuga-murukaarid-classic-cutteleskoopvars-rattad\/"]}]},{"@type":"ImageObject","inLanguage":"et","@id":"https:\/\/espak.ee\/epood\/toode\/akuga-murukaarid-classic-cutteleskoopvars-rattad\/#primaryimage","url":"https:\/\/espak.ee\/epood\/wp-content\/uploads\/2024\/07\/DN-533343_HighResPng.png.jpg","contentUrl":"https:\/\/espak.ee\/epood\/wp-content\/uploads\/2024\/07\/DN-533343_HighResPng.png.jpg","width":1000,"height":1000},{"@type":"BreadcrumbList","@id":"https:\/\/espak.ee\/epood\/toode\/akuga-murukaarid-classic-cutteleskoopvars-rattad\/#breadcrumb","itemListElement":[{"@type":"ListItem","position":1,"name":"Home","item":"https:\/\/espak.ee\/epood\/"},{"@type":"ListItem","position":2,"name":"Tootevalik","item":"https:\/\/espak.ee\/epood\/tootevalik\/"},{"@type":"ListItem","position":3,"name":"AKUGA MURUK\u00c4\u00c4RID CLASSIC CUT+TELESKOOPVARS\/RATTAD"}]},{"@type":"WebSite","@id":"https:\/\/espak.ee\/epood\/#website","url":"https:\/\/espak.ee\/epood\/","name":"Espak E-pood","description":"","potentialAction":[{"@type":"SearchAction","target":{"@type":"EntryPoint","urlTemplate":"https:\/\/espak.ee\/epood\/?s={search_term_string}"},"query-input":{"@type":"PropertyValueSpecification","valueRequired":true,"valueName":"search_term_string"}}],"inLanguage":"et"}]}},"_links":{"self":[{"href":"https:\/\/espak.ee\/epood\/wp-json\/wp\/v2\/product\/204204","targetHints":{"allow":["GET"]}}],"collection":[{"href":"https:\/\/espak.ee\/epood\/wp-json\/wp\/v2\/product"}],"about":[{"href":"https:\/\/espak.ee\/epood\/wp-json\/wp\/v2\/types\/product"}],"replies":[{"embeddable":true,"href":"https:\/\/espak.ee\/epood\/wp-json\/wp\/v2\/comments?post=204204"}],"wp:featuredmedia":[{"embeddable":true,"href":"https:\/\/espak.ee\/epood\/wp-json\/wp\/v2\/media\/204443"}],"wp:attachment":[{"href":"https:\/\/espak.ee\/epood\/wp-json\/wp\/v2\/media?parent=204204"}],"wp:term":[{"taxonomy":"product_brand","embeddable":true,"href":"https:\/\/espak.ee\/epood\/wp-json\/wp\/v2\/product_brand?post=204204"},{"taxonomy":"product_cat","embeddable":true,"href":"https:\/\/espak.ee\/epood\/wp-json\/wp\/v2\/product_cat?post=204204"},{"taxonomy":"product_tag","embeddable":true,"href":"https:\/\/espak.ee\/epood\/wp-json\/wp\/v2\/product_tag?post=204204"}],"curies":[{"name":"wp","href":"https:\/\/api.w.org\/{rel}","templated":true}]}}