{"id":204187,"date":"2024-07-06T05:05:03","date_gmt":"2024-07-06T02:05:03","guid":{"rendered":"https:\/\/espak.ee\/epood\/?post_type=product&#038;p=204187"},"modified":"2024-07-08T13:59:08","modified_gmt":"2024-07-08T10:59:08","slug":"aarekantija-gardena-combisystem","status":"publish","type":"product","link":"https:\/\/espak.ee\/epood\/toode\/aarekantija-gardena-combisystem\/","title":{"rendered":"\u00c4\u00c4REKANTIJA GARDENA COMBISYSTEM"},"content":{"rendered":"<div class=\"row\"  id=\"row-1146007273\">\n\n\t<div id=\"col-689717731\" class=\"col medium-9 small-12 large-9\"  >\n\t\t\t\t<div class=\"col-inner\"  >\n\t\t\t\n\t\t\t\n<h2>\u00c4\u00e4rekantija Gardena Combisystem<\/h2>\n<p>GARDENA combisystemi \u00e4\u00e4rel\u00f5ikuriga saate h\u00f5lpsalt muruservi l\u00f5igata, et peenrad murust selgelt eraldada. GARDENA combisystem pakub t\u00e4nu vahetatavatele tarvikutele mitmek\u00fclgset kasutust. Muru\u00e4\u00e4re l\u00f5ikur \u00fchildub k\u00f5igi GARDENA combisystemi k\u00e4epidemetega ning seda saab varre k\u00fclge paigaldada ja kinnitada. GARDENA soovitab vart pikkusega 130 cm, varre valik s\u00f5ltub t\u00f6\u00f6tingimustest ja teie kehapikkusest. Kindel \u00fchendus t\u00f6\u00f6riista ja k\u00e4epideme vahel tagab mugava t\u00f6\u00f6. T\u00e4nu poolkuu, teritatud ja karastatud terasservale saate aiat\u00f6\u00f6del h\u00f5lpsalt labida v\u00f5i l\u00fckata. Kvaliteetne teras ja Duroplasti kate muudavad selle tugevaks ja vastupidavaks. CS t\u00f6\u00f6riistahoidik Flex (Art. nr 3505-20) aitab teil ruumis\u00e4\u00e4stlikult ladustada. Combisystemi \u00e4\u00e4rel\u00f5ikuril on 25-aastane garantii p\u00e4rast registreerimist aadressil gardena.com\/registration 3 kuu jooksul peale ostu sooritamist. Laske oma t\u00f6\u00f6riistaperel kasvada. GARDENA combisystem. Vahetatav. Vastupidav. Igaks aiat\u00f6\u00f6ks.<\/p>\n\t\t<\/div>\n\t\t\t\t\t<\/div>\n\n\t\n\n\t<div id=\"col-1387307276\" class=\"col medium-3 small-12 large-3\"  >\n\t\t\t\t<div class=\"col-inner\"  >\n\t\t\t\n\t\t\t\n<div class=\"is-divider divider clearfix\" ><\/div>\n<p><strong>\u00dcksikasjalikuma n\u00f5u saamiseks v\u00f5tke \u00fchendust:<br \/><\/strong>Espak AS<br \/>Viadukti 42<br \/>11313<br \/>Tallinn<br \/>+372 6 512333<\/p>\n<div class=\"is-divider divider clearfix\" ><\/div>\n\t\t<\/div>\n\t\t\t\t\t<\/div>\n\n\t\n<\/div>\n","protected":false},"excerpt":{"rendered":"","protected":false},"featured_media":204412,"comment_status":"closed","ping_status":"closed","template":"","meta":[],"product_brand":[],"product_cat":[2789,2788,3341,3362],"product_tag":[],"class_list":{"0":"post-204187","1":"product","2":"type-product","3":"status-publish","4":"has-post-thumbnail","6":"product_cat-aiatarbed","7":"product_cat-aiatarbed-ja-kodukaubad","8":"product_cat-aiatooriistad","9":"product_cat-vaiketooriistad-aeda","10":"pa_kaubamark-husqvarna-eesti-ou","12":"first","13":"instock","14":"sale","15":"taxable","16":"shipping-taxable","17":"purchasable","18":"product-type-simple"},"yoast_head":"<!-- This site is optimized with the Yoast SEO plugin v26.9 - https:\/\/yoast.com\/product\/yoast-seo-wordpress\/ -->\n<title>\u00c4\u00c4REKANTIJA GARDENA COMBISYSTEM - Espak E-pood<\/title>\n<meta name=\"robots\" content=\"index, follow, max-snippet:-1, max-image-preview:large, max-video-preview:-1\" \/>\n<link rel=\"canonical\" href=\"https:\/\/espak.ee\/epood\/toode\/aarekantija-gardena-combisystem\/\" \/>\n<meta property=\"og:locale\" content=\"et_EE\" \/>\n<meta property=\"og:type\" content=\"article\" \/>\n<meta property=\"og:title\" content=\"\u00c4\u00c4REKANTIJA GARDENA COMBISYSTEM - Espak E-pood\" \/>\n<meta property=\"og:url\" content=\"https:\/\/espak.ee\/epood\/toode\/aarekantija-gardena-combisystem\/\" \/>\n<meta property=\"og:site_name\" content=\"Espak E-pood\" \/>\n<meta property=\"article:modified_time\" content=\"2024-07-08T10:59:08+00:00\" \/>\n<meta property=\"og:image\" content=\"https:\/\/espak.ee\/epood\/wp-content\/uploads\/2024\/07\/GA410-0103_HighResPng.png.jpg\" \/>\n\t<meta property=\"og:image:width\" content=\"1000\" \/>\n\t<meta property=\"og:image:height\" content=\"1000\" \/>\n\t<meta property=\"og:image:type\" content=\"image\/jpeg\" \/>\n<meta name=\"twitter:card\" content=\"summary_large_image\" \/>\n<meta name=\"twitter:label1\" content=\"Est. reading time\" \/>\n\t<meta name=\"twitter:data1\" content=\"1 minut\" \/>\n<script type=\"application\/ld+json\" class=\"yoast-schema-graph\">{\"@context\":\"https:\/\/schema.org\",\"@graph\":[{\"@type\":\"WebPage\",\"@id\":\"https:\/\/espak.ee\/epood\/toode\/aarekantija-gardena-combisystem\/\",\"url\":\"https:\/\/espak.ee\/epood\/toode\/aarekantija-gardena-combisystem\/\",\"name\":\"\u00c4\u00c4REKANTIJA GARDENA COMBISYSTEM - Espak E-pood\",\"isPartOf\":{\"@id\":\"https:\/\/espak.ee\/epood\/#website\"},\"primaryImageOfPage\":{\"@id\":\"https:\/\/espak.ee\/epood\/toode\/aarekantija-gardena-combisystem\/#primaryimage\"},\"image\":{\"@id\":\"https:\/\/espak.ee\/epood\/toode\/aarekantija-gardena-combisystem\/#primaryimage\"},\"thumbnailUrl\":\"https:\/\/espak.ee\/epood\/wp-content\/uploads\/2024\/07\/GA410-0103_HighResPng.png.jpg\",\"datePublished\":\"2024-07-06T02:05:03+00:00\",\"dateModified\":\"2024-07-08T10:59:08+00:00\",\"breadcrumb\":{\"@id\":\"https:\/\/espak.ee\/epood\/toode\/aarekantija-gardena-combisystem\/#breadcrumb\"},\"inLanguage\":\"et\",\"potentialAction\":[{\"@type\":\"ReadAction\",\"target\":[\"https:\/\/espak.ee\/epood\/toode\/aarekantija-gardena-combisystem\/\"]}]},{\"@type\":\"ImageObject\",\"inLanguage\":\"et\",\"@id\":\"https:\/\/espak.ee\/epood\/toode\/aarekantija-gardena-combisystem\/#primaryimage\",\"url\":\"https:\/\/espak.ee\/epood\/wp-content\/uploads\/2024\/07\/GA410-0103_HighResPng.png.jpg\",\"contentUrl\":\"https:\/\/espak.ee\/epood\/wp-content\/uploads\/2024\/07\/GA410-0103_HighResPng.png.jpg\",\"width\":1000,\"height\":1000},{\"@type\":\"BreadcrumbList\",\"@id\":\"https:\/\/espak.ee\/epood\/toode\/aarekantija-gardena-combisystem\/#breadcrumb\",\"itemListElement\":[{\"@type\":\"ListItem\",\"position\":1,\"name\":\"Home\",\"item\":\"https:\/\/espak.ee\/epood\/\"},{\"@type\":\"ListItem\",\"position\":2,\"name\":\"Tootevalik\",\"item\":\"https:\/\/espak.ee\/epood\/tootevalik\/\"},{\"@type\":\"ListItem\",\"position\":3,\"name\":\"\u00c4\u00c4REKANTIJA GARDENA COMBISYSTEM\"}]},{\"@type\":\"WebSite\",\"@id\":\"https:\/\/espak.ee\/epood\/#website\",\"url\":\"https:\/\/espak.ee\/epood\/\",\"name\":\"Espak E-pood\",\"description\":\"\",\"potentialAction\":[{\"@type\":\"SearchAction\",\"target\":{\"@type\":\"EntryPoint\",\"urlTemplate\":\"https:\/\/espak.ee\/epood\/?s={search_term_string}\"},\"query-input\":{\"@type\":\"PropertyValueSpecification\",\"valueRequired\":true,\"valueName\":\"search_term_string\"}}],\"inLanguage\":\"et\"}]}<\/script>\n<!-- \/ Yoast SEO plugin. -->","yoast_head_json":{"title":"\u00c4\u00c4REKANTIJA GARDENA COMBISYSTEM - Espak E-pood","robots":{"index":"index","follow":"follow","max-snippet":"max-snippet:-1","max-image-preview":"max-image-preview:large","max-video-preview":"max-video-preview:-1"},"canonical":"https:\/\/espak.ee\/epood\/toode\/aarekantija-gardena-combisystem\/","og_locale":"et_EE","og_type":"article","og_title":"\u00c4\u00c4REKANTIJA GARDENA COMBISYSTEM - Espak E-pood","og_url":"https:\/\/espak.ee\/epood\/toode\/aarekantija-gardena-combisystem\/","og_site_name":"Espak E-pood","article_modified_time":"2024-07-08T10:59:08+00:00","og_image":[{"width":1000,"height":1000,"url":"https:\/\/espak.ee\/epood\/wp-content\/uploads\/2024\/07\/GA410-0103_HighResPng.png.jpg","type":"image\/jpeg"}],"twitter_card":"summary_large_image","twitter_misc":{"Est. reading time":"1 minut"},"schema":{"@context":"https:\/\/schema.org","@graph":[{"@type":"WebPage","@id":"https:\/\/espak.ee\/epood\/toode\/aarekantija-gardena-combisystem\/","url":"https:\/\/espak.ee\/epood\/toode\/aarekantija-gardena-combisystem\/","name":"\u00c4\u00c4REKANTIJA GARDENA COMBISYSTEM - Espak E-pood","isPartOf":{"@id":"https:\/\/espak.ee\/epood\/#website"},"primaryImageOfPage":{"@id":"https:\/\/espak.ee\/epood\/toode\/aarekantija-gardena-combisystem\/#primaryimage"},"image":{"@id":"https:\/\/espak.ee\/epood\/toode\/aarekantija-gardena-combisystem\/#primaryimage"},"thumbnailUrl":"https:\/\/espak.ee\/epood\/wp-content\/uploads\/2024\/07\/GA410-0103_HighResPng.png.jpg","datePublished":"2024-07-06T02:05:03+00:00","dateModified":"2024-07-08T10:59:08+00:00","breadcrumb":{"@id":"https:\/\/espak.ee\/epood\/toode\/aarekantija-gardena-combisystem\/#breadcrumb"},"inLanguage":"et","potentialAction":[{"@type":"ReadAction","target":["https:\/\/espak.ee\/epood\/toode\/aarekantija-gardena-combisystem\/"]}]},{"@type":"ImageObject","inLanguage":"et","@id":"https:\/\/espak.ee\/epood\/toode\/aarekantija-gardena-combisystem\/#primaryimage","url":"https:\/\/espak.ee\/epood\/wp-content\/uploads\/2024\/07\/GA410-0103_HighResPng.png.jpg","contentUrl":"https:\/\/espak.ee\/epood\/wp-content\/uploads\/2024\/07\/GA410-0103_HighResPng.png.jpg","width":1000,"height":1000},{"@type":"BreadcrumbList","@id":"https:\/\/espak.ee\/epood\/toode\/aarekantija-gardena-combisystem\/#breadcrumb","itemListElement":[{"@type":"ListItem","position":1,"name":"Home","item":"https:\/\/espak.ee\/epood\/"},{"@type":"ListItem","position":2,"name":"Tootevalik","item":"https:\/\/espak.ee\/epood\/tootevalik\/"},{"@type":"ListItem","position":3,"name":"\u00c4\u00c4REKANTIJA GARDENA COMBISYSTEM"}]},{"@type":"WebSite","@id":"https:\/\/espak.ee\/epood\/#website","url":"https:\/\/espak.ee\/epood\/","name":"Espak E-pood","description":"","potentialAction":[{"@type":"SearchAction","target":{"@type":"EntryPoint","urlTemplate":"https:\/\/espak.ee\/epood\/?s={search_term_string}"},"query-input":{"@type":"PropertyValueSpecification","valueRequired":true,"valueName":"search_term_string"}}],"inLanguage":"et"}]}},"_links":{"self":[{"href":"https:\/\/espak.ee\/epood\/wp-json\/wp\/v2\/product\/204187","targetHints":{"allow":["GET"]}}],"collection":[{"href":"https:\/\/espak.ee\/epood\/wp-json\/wp\/v2\/product"}],"about":[{"href":"https:\/\/espak.ee\/epood\/wp-json\/wp\/v2\/types\/product"}],"replies":[{"embeddable":true,"href":"https:\/\/espak.ee\/epood\/wp-json\/wp\/v2\/comments?post=204187"}],"wp:featuredmedia":[{"embeddable":true,"href":"https:\/\/espak.ee\/epood\/wp-json\/wp\/v2\/media\/204412"}],"wp:attachment":[{"href":"https:\/\/espak.ee\/epood\/wp-json\/wp\/v2\/media?parent=204187"}],"wp:term":[{"taxonomy":"product_brand","embeddable":true,"href":"https:\/\/espak.ee\/epood\/wp-json\/wp\/v2\/product_brand?post=204187"},{"taxonomy":"product_cat","embeddable":true,"href":"https:\/\/espak.ee\/epood\/wp-json\/wp\/v2\/product_cat?post=204187"},{"taxonomy":"product_tag","embeddable":true,"href":"https:\/\/espak.ee\/epood\/wp-json\/wp\/v2\/product_tag?post=204187"}],"curies":[{"name":"wp","href":"https:\/\/api.w.org\/{rel}","templated":true}]}}