{"id":203691,"date":"2024-07-02T05:10:03","date_gmt":"2024-07-02T02:10:03","guid":{"rendered":"https:\/\/espak.ee\/epood\/?post_type=product&#038;p=203691"},"modified":"2025-08-14T21:21:56","modified_gmt":"2025-08-14T18:21:56","slug":"sipelgatorje-graanulid-substral-100g","status":"publish","type":"product","link":"https:\/\/espak.ee\/epood\/toode\/sipelgatorje-graanulid-substral-100g\/","title":{"rendered":"SIPELGAT\u00d5RJE GRAANULID SUBSTRAL  100G"},"content":{"rendered":"<div class=\"row\"  id=\"row-326616672\">\n\n\t<div id=\"col-35812403\" class=\"col medium-9 small-12 large-9\"  >\n\t\t\t\t<div class=\"col-inner\"  >\n\t\t\t\n\t\t\t\n<h2>Sipelgat\u00f5rje graanulid Substral 100g<\/h2>\n<p>Biotsiidne preparaat hobikasutajale. Kasutusvalmis s\u00f6\u00f6t kasutamiseks v\u00e4listingimustes ja siseruumides.<\/p>\n<p>V\u00e4listingimustes (ainult otseseks pealekandmiseks puistamiseks v\u00f5i pritsimiseks\/kastmiseks), kodumajapidamise kodu\u00fcmbruse sipelgapesadele, liikumisradadele terrassidel ja teedel. Siseruumides pragudesse ja liikumisradadele.<\/p>\n<p>Koostis ei ole m\u00f5eldud sipelgate kiireks tapmiseks, vaid annab neile v\u00f5imaluse viia sipelgas\u00f6\u00f6t pessa. T\u00e4nu sellele saab h\u00e4vitada kogu koloonia. Toimib kuni \u00fcks kuu. N\u00e4htav toime 2-7 p\u00e4eva p\u00e4rast.<\/p>\n<p>Kasutusotstarve: sipelgate t\u00f5rjeks, mustade sipelgate (Lasius niger) e. mullamurelane (t\u00e4iskasvanud, vastsed) t\u00f5rjeks.<br \/>\nKasutuskoht: kasutamiseks kodu\u00fcmbruse v\u00e4listingimustes ja siseruumides (pragudesse)<br \/>\nKasutusaeg: Kui ilmuvad soovimatud sipelgad. Kahe kasutuskorra vahele peab j\u00e4\u00e4ma v\u00e4hemalt 28 p\u00e4eva. Toimeaeg kuni 1 kuu.<\/p>\n<p><strong>OHTLIK MESILASTELE!<\/strong>\n<\/p>\n\t<div id=\"gap-1309112143\" class=\"gap-element clearfix\" style=\"display:block; height:auto;\">\n\t\t\n<style>\n#gap-1309112143 {\n  padding-top: 30px;\n}\n<\/style>\n\t<\/div>\n\t\n<p><strong>Kasutamine:<\/strong><br \/>\nGraanulitena: 20 g pesakohta<\/p>\n<p>Vesilahusena: 20 g pulbrit lahustada 1 L vees \u00fche pesakohta<br \/>\n\u00d5igeks doseerimiseks kasutage m\u00f5\u00f5telusikat.<\/p>\n<p>Kasutamine vesilahusena: Sipelgat\u00f5rjeks vajamineva koguse valmistamiseks kasutage sobivat veen\u00f5ud. Lahustage graanulid vees ja segage p\u00f5hjalikult l\u00e4bi. Valmistatud vesilahus valage otse sipelgapesale ja (v\u00f5i) k\u00e4ikude k\u00f5vale pinnale. Et j\u00f5uda pesani, mis paikneb nt. terrassi all, valada toodet hoolikalt pragudesse ja l\u00f5hedesse v\u00f5i plaatide vahele. V\u00e4ltida t\u00f5rjevahendi laialivalgumist. P\u00e4rast vahendi kasutamist loputage kasutatud n\u00f5u puhta veega hoolikalt ja valage loputusvesi t\u00f6\u00f6deldud pinnale. Mitte kallata vahendit kanalisatsiooni v\u00f5i kraavi.<\/p>\n<p>Toimeaeg: kuni \u00fcks kuu. N\u00e4htav toime 2-7 p\u00e4eva p\u00e4rast.<\/p>\n<p><p><strong>Koostis:<\/strong><br \/>\nToimeaine: \u00fclekriitilise S\u00fcsinikdioksiidiga ekstraheerimisel saadud Chrysanthemum cinerariaefolium\u2019i ekstrakt \u2013 0,1740 %. Tolmuvabad graanulid.<\/p>\n<p><strong>Hoidmine ja s\u00e4ilitamine: <\/strong>Hoida jahedas ja kuivas ruumis. Hoida lastele k\u00e4ttesaamatus kohas. Mitte tarvitada toiduks. Allaneelamise korral p\u00f6\u00f6rduda kohe arsti poole. \u00d5nnetusjuhtumi v\u00f5i halva enesetunde korral p\u00f6\u00f6rduda arsti poole (v\u00f5imalusel n\u00e4idata talle etiketti). Silma sattumisel loputa silmad puhta voolava veega. V\u00e4ltida nahale sattumist. P\u00e4rast t\u00f6\u00f6 l\u00f5petamist pesta k\u00e4ed ja vahendiga kokku puutunud kohad korralikult vee ja seebiga puhtaks. Pindadel, kus vahendit kasutati, ei tohi k\u00e4ia vahetult p\u00e4rast vahendi kasutamist. Mitte kasutada j\u00f5e v\u00f5i j\u00e4rve vahetus l\u00e4heduses (5\u201310 m kaldast). T\u00e4ielikult t\u00fchjendatud pakendid visata pr\u00fcgikonteinerisse. Kasutada \u00fcksnes juhendi kohaselt. V\u00e4\u00e4r kasutamine v\u00f5ib kahjustada tervist.<br \/>\nVASTUM\u00dcRK: PUUDUB, RAKENDADA S\u00dcMPTOMAATILIST JA ABISTAVAT RAVI. Olukordades, kus on n\u00f5utav v\u00f5i vajalik rakendada teistsugust meditsiiniabi kui on m\u00e4rgitud eespool nimetatud ettevaatusabin\u00f5udes, p\u00f6\u00f6rduda l\u00e4himasse esmaabikeskusesse.<br \/>\nKasutusaeg:  min.2 aastat normaalsetel hoiutingimustel. Valmistusaeg \/ partii number : vt. pakendilt.<\/p>\n\t\t<\/div>\n\t\t\t\t\t<\/div>\n\n\t\n\n\t<div id=\"col-2035765437\" class=\"col medium-3 small-12 large-3\"  >\n\t\t\t\t<div class=\"col-inner\"  >\n\t\t\t\n\t\t\t\n\t<div id=\"gap-47343242\" class=\"gap-element clearfix\" style=\"display:block; height:auto;\">\n\t\t\n<style>\n#gap-47343242 {\n  padding-top: 30px;\n}\n<\/style>\n\t<\/div>\n\t\n<h3>Ohutuskaart<\/h3>\n<p><a href=\"https:\/\/espak.ee\/epood\/wp-content\/uploads\/2024\/07\/10610T-10479T-SUBSTRAL-sipegatorje-graanulid_Derived-SDS-EE_300000011663_EE_ET_1.0.pdf\"target=\"_blank\" rel=\"noopener noreferrer\"><i class=\"far fa-file-pdf\"><\/i> Ohutuskaart (PDF)<\/a><\/p>\n<div class=\"is-divider divider clearfix\" ><\/div>\n<p><strong>\u00dcksikasjalikuma n\u00f5u saamiseks v\u00f5tke \u00fchendust:<br \/><\/strong>Innotrade Group O\u00dc<br \/>Kanali tee 6<br \/>10112<br \/>Tallinn<br \/>+372 5047793<\/p>\n<div class=\"is-divider divider clearfix\" ><\/div>\n\t\t<\/div>\n\t\t\t\t\t<\/div>\n\n\t\n<\/div>\n","protected":false},"excerpt":{"rendered":"","protected":false},"featured_media":203812,"comment_status":"closed","ping_status":"closed","template":"","meta":[],"product_brand":[],"product_cat":[2789,2788,2884,4752],"product_tag":[],"class_list":{"0":"post-203691","1":"product","2":"type-product","3":"status-publish","4":"has-post-thumbnail","6":"product_cat-aiatarbed","7":"product_cat-aiatarbed-ja-kodukaubad","8":"product_cat-olmekahjurite-torjevahendid","9":"product_cat-sipelgate-torjevahendid","10":"pa_kaubamark-innotrade-group-ou","12":"first","13":"instock","14":"sale","15":"taxable","16":"shipping-taxable","17":"purchasable","18":"product-type-simple"},"yoast_head":"<!-- This site is optimized with the Yoast SEO plugin v26.9 - https:\/\/yoast.com\/product\/yoast-seo-wordpress\/ -->\n<title>SIPELGAT\u00d5RJE GRAANULID SUBSTRAL 100G - Espak E-pood<\/title>\n<meta name=\"robots\" content=\"index, follow, max-snippet:-1, max-image-preview:large, max-video-preview:-1\" \/>\n<link rel=\"canonical\" href=\"https:\/\/espak.ee\/epood\/toode\/sipelgatorje-graanulid-substral-100g\/\" \/>\n<meta property=\"og:locale\" content=\"et_EE\" \/>\n<meta property=\"og:type\" content=\"article\" \/>\n<meta property=\"og:title\" content=\"SIPELGAT\u00d5RJE GRAANULID SUBSTRAL 100G - Espak E-pood\" \/>\n<meta property=\"og:url\" content=\"https:\/\/espak.ee\/epood\/toode\/sipelgatorje-graanulid-substral-100g\/\" \/>\n<meta property=\"og:site_name\" content=\"Espak E-pood\" \/>\n<meta property=\"article:modified_time\" content=\"2025-08-14T18:21:56+00:00\" \/>\n<meta property=\"og:image\" content=\"https:\/\/espak.ee\/epood\/wp-content\/uploads\/2024\/07\/Sipelgapulber-100G.jpg\" \/>\n\t<meta property=\"og:image:width\" content=\"1000\" \/>\n\t<meta property=\"og:image:height\" content=\"1000\" \/>\n\t<meta property=\"og:image:type\" content=\"image\/jpeg\" \/>\n<meta name=\"twitter:card\" content=\"summary_large_image\" \/>\n<meta name=\"twitter:label1\" content=\"Est. reading time\" \/>\n\t<meta name=\"twitter:data1\" content=\"2 minutit\" \/>\n<script type=\"application\/ld+json\" class=\"yoast-schema-graph\">{\"@context\":\"https:\/\/schema.org\",\"@graph\":[{\"@type\":\"WebPage\",\"@id\":\"https:\/\/espak.ee\/epood\/toode\/sipelgatorje-graanulid-substral-100g\/\",\"url\":\"https:\/\/espak.ee\/epood\/toode\/sipelgatorje-graanulid-substral-100g\/\",\"name\":\"SIPELGAT\u00d5RJE GRAANULID SUBSTRAL 100G - Espak E-pood\",\"isPartOf\":{\"@id\":\"https:\/\/espak.ee\/epood\/#website\"},\"primaryImageOfPage\":{\"@id\":\"https:\/\/espak.ee\/epood\/toode\/sipelgatorje-graanulid-substral-100g\/#primaryimage\"},\"image\":{\"@id\":\"https:\/\/espak.ee\/epood\/toode\/sipelgatorje-graanulid-substral-100g\/#primaryimage\"},\"thumbnailUrl\":\"https:\/\/espak.ee\/epood\/wp-content\/uploads\/2024\/07\/Sipelgapulber-100G.jpg\",\"datePublished\":\"2024-07-02T02:10:03+00:00\",\"dateModified\":\"2025-08-14T18:21:56+00:00\",\"breadcrumb\":{\"@id\":\"https:\/\/espak.ee\/epood\/toode\/sipelgatorje-graanulid-substral-100g\/#breadcrumb\"},\"inLanguage\":\"et\",\"potentialAction\":[{\"@type\":\"ReadAction\",\"target\":[\"https:\/\/espak.ee\/epood\/toode\/sipelgatorje-graanulid-substral-100g\/\"]}]},{\"@type\":\"ImageObject\",\"inLanguage\":\"et\",\"@id\":\"https:\/\/espak.ee\/epood\/toode\/sipelgatorje-graanulid-substral-100g\/#primaryimage\",\"url\":\"https:\/\/espak.ee\/epood\/wp-content\/uploads\/2024\/07\/Sipelgapulber-100G.jpg\",\"contentUrl\":\"https:\/\/espak.ee\/epood\/wp-content\/uploads\/2024\/07\/Sipelgapulber-100G.jpg\",\"width\":1000,\"height\":1000},{\"@type\":\"BreadcrumbList\",\"@id\":\"https:\/\/espak.ee\/epood\/toode\/sipelgatorje-graanulid-substral-100g\/#breadcrumb\",\"itemListElement\":[{\"@type\":\"ListItem\",\"position\":1,\"name\":\"Home\",\"item\":\"https:\/\/espak.ee\/epood\/\"},{\"@type\":\"ListItem\",\"position\":2,\"name\":\"Tootevalik\",\"item\":\"https:\/\/espak.ee\/epood\/tootevalik\/\"},{\"@type\":\"ListItem\",\"position\":3,\"name\":\"SIPELGAT\u00d5RJE GRAANULID SUBSTRAL 100G\"}]},{\"@type\":\"WebSite\",\"@id\":\"https:\/\/espak.ee\/epood\/#website\",\"url\":\"https:\/\/espak.ee\/epood\/\",\"name\":\"Espak E-pood\",\"description\":\"\",\"potentialAction\":[{\"@type\":\"SearchAction\",\"target\":{\"@type\":\"EntryPoint\",\"urlTemplate\":\"https:\/\/espak.ee\/epood\/?s={search_term_string}\"},\"query-input\":{\"@type\":\"PropertyValueSpecification\",\"valueRequired\":true,\"valueName\":\"search_term_string\"}}],\"inLanguage\":\"et\"}]}<\/script>\n<!-- \/ Yoast SEO plugin. -->","yoast_head_json":{"title":"SIPELGAT\u00d5RJE GRAANULID SUBSTRAL 100G - Espak E-pood","robots":{"index":"index","follow":"follow","max-snippet":"max-snippet:-1","max-image-preview":"max-image-preview:large","max-video-preview":"max-video-preview:-1"},"canonical":"https:\/\/espak.ee\/epood\/toode\/sipelgatorje-graanulid-substral-100g\/","og_locale":"et_EE","og_type":"article","og_title":"SIPELGAT\u00d5RJE GRAANULID SUBSTRAL 100G - Espak E-pood","og_url":"https:\/\/espak.ee\/epood\/toode\/sipelgatorje-graanulid-substral-100g\/","og_site_name":"Espak E-pood","article_modified_time":"2025-08-14T18:21:56+00:00","og_image":[{"width":1000,"height":1000,"url":"https:\/\/espak.ee\/epood\/wp-content\/uploads\/2024\/07\/Sipelgapulber-100G.jpg","type":"image\/jpeg"}],"twitter_card":"summary_large_image","twitter_misc":{"Est. reading time":"2 minutit"},"schema":{"@context":"https:\/\/schema.org","@graph":[{"@type":"WebPage","@id":"https:\/\/espak.ee\/epood\/toode\/sipelgatorje-graanulid-substral-100g\/","url":"https:\/\/espak.ee\/epood\/toode\/sipelgatorje-graanulid-substral-100g\/","name":"SIPELGAT\u00d5RJE GRAANULID SUBSTRAL 100G - Espak E-pood","isPartOf":{"@id":"https:\/\/espak.ee\/epood\/#website"},"primaryImageOfPage":{"@id":"https:\/\/espak.ee\/epood\/toode\/sipelgatorje-graanulid-substral-100g\/#primaryimage"},"image":{"@id":"https:\/\/espak.ee\/epood\/toode\/sipelgatorje-graanulid-substral-100g\/#primaryimage"},"thumbnailUrl":"https:\/\/espak.ee\/epood\/wp-content\/uploads\/2024\/07\/Sipelgapulber-100G.jpg","datePublished":"2024-07-02T02:10:03+00:00","dateModified":"2025-08-14T18:21:56+00:00","breadcrumb":{"@id":"https:\/\/espak.ee\/epood\/toode\/sipelgatorje-graanulid-substral-100g\/#breadcrumb"},"inLanguage":"et","potentialAction":[{"@type":"ReadAction","target":["https:\/\/espak.ee\/epood\/toode\/sipelgatorje-graanulid-substral-100g\/"]}]},{"@type":"ImageObject","inLanguage":"et","@id":"https:\/\/espak.ee\/epood\/toode\/sipelgatorje-graanulid-substral-100g\/#primaryimage","url":"https:\/\/espak.ee\/epood\/wp-content\/uploads\/2024\/07\/Sipelgapulber-100G.jpg","contentUrl":"https:\/\/espak.ee\/epood\/wp-content\/uploads\/2024\/07\/Sipelgapulber-100G.jpg","width":1000,"height":1000},{"@type":"BreadcrumbList","@id":"https:\/\/espak.ee\/epood\/toode\/sipelgatorje-graanulid-substral-100g\/#breadcrumb","itemListElement":[{"@type":"ListItem","position":1,"name":"Home","item":"https:\/\/espak.ee\/epood\/"},{"@type":"ListItem","position":2,"name":"Tootevalik","item":"https:\/\/espak.ee\/epood\/tootevalik\/"},{"@type":"ListItem","position":3,"name":"SIPELGAT\u00d5RJE GRAANULID SUBSTRAL 100G"}]},{"@type":"WebSite","@id":"https:\/\/espak.ee\/epood\/#website","url":"https:\/\/espak.ee\/epood\/","name":"Espak E-pood","description":"","potentialAction":[{"@type":"SearchAction","target":{"@type":"EntryPoint","urlTemplate":"https:\/\/espak.ee\/epood\/?s={search_term_string}"},"query-input":{"@type":"PropertyValueSpecification","valueRequired":true,"valueName":"search_term_string"}}],"inLanguage":"et"}]}},"_links":{"self":[{"href":"https:\/\/espak.ee\/epood\/wp-json\/wp\/v2\/product\/203691","targetHints":{"allow":["GET"]}}],"collection":[{"href":"https:\/\/espak.ee\/epood\/wp-json\/wp\/v2\/product"}],"about":[{"href":"https:\/\/espak.ee\/epood\/wp-json\/wp\/v2\/types\/product"}],"replies":[{"embeddable":true,"href":"https:\/\/espak.ee\/epood\/wp-json\/wp\/v2\/comments?post=203691"}],"wp:featuredmedia":[{"embeddable":true,"href":"https:\/\/espak.ee\/epood\/wp-json\/wp\/v2\/media\/203812"}],"wp:attachment":[{"href":"https:\/\/espak.ee\/epood\/wp-json\/wp\/v2\/media?parent=203691"}],"wp:term":[{"taxonomy":"product_brand","embeddable":true,"href":"https:\/\/espak.ee\/epood\/wp-json\/wp\/v2\/product_brand?post=203691"},{"taxonomy":"product_cat","embeddable":true,"href":"https:\/\/espak.ee\/epood\/wp-json\/wp\/v2\/product_cat?post=203691"},{"taxonomy":"product_tag","embeddable":true,"href":"https:\/\/espak.ee\/epood\/wp-json\/wp\/v2\/product_tag?post=203691"}],"curies":[{"name":"wp","href":"https:\/\/api.w.org\/{rel}","templated":true}]}}