{"id":202946,"date":"2024-06-22T05:05:03","date_gmt":"2024-06-22T02:05:03","guid":{"rendered":"https:\/\/espak.ee\/epood\/?post_type=product&#038;p=202946"},"modified":"2024-06-25T12:57:22","modified_gmt":"2024-06-25T09:57:22","slug":"kastmisvooliku-komplekt-fiskars-waterwheel-automaatne-xl","status":"publish","type":"product","link":"https:\/\/espak.ee\/epood\/toode\/kastmisvooliku-komplekt-fiskars-waterwheel-automaatne-xl\/","title":{"rendered":"KASTMISVOOLIKU KOMPLEKT FISKARS WATERWHEEL, AUTOMAATNE XL"},"content":{"rendered":"<div class=\"row\"  id=\"row-1317971269\">\n\n\t<div id=\"col-222569118\" class=\"col medium-9 small-12 large-9\"  >\n\t\t\t\t<div class=\"col-inner\"  >\n\t\t\t\n\t\t\t\n<h3>Kastmisvooliku komplekt Fiskars Waterwheel, automaatne XL<\/h3>\n<p>Kastmisvoolik Waterwheel  XL on soliidse disainiga kastmiskomplekt, mis teeb terrassi- ja aiataimede kastmise kiireks ja mugavaks.  Voolikukohvris on 5+20 m vastupidavat 13 mm 1\/2\u2033 voolikut, \u00fcks kastmisp\u00fcstol ja kraaniliitmik.<\/p>\n<p>Fiskars kastmisvooliku komplekt Waterwheel on just kui uue ajastu algus aia kastmisel! Enam pole vaja m\u00e4ssata vooliku lahti ja kokku kerimisega v\u00f5i vaevata pead kuidas ja kus voolikut hoiustada.  Fiskarsi insenerid on lahendanud need probleemid, loonud mugava ja nutika kastmiskohvri.  Kastmiskohvri saate paigutada vee v\u00e4ljav\u00f5tukohast kuni 5 m kaugusele. V\u00f5ite hoida seda horisontaalasendis terrassil v\u00f5i murul, aga saate selle mugavalt kinnitada ka majaseinale v\u00f5i selleks meisterdatud posti k\u00fclge. Kastmiskohvril on kompaktne k\u00e4epide selle teisaldamiseks \u00fchest kohast teise. Teie k\u00e4sutuses on kuni 20 m 13mm l\u00e4bim\u00f5\u00f5duga vastupidavat voolikut, mida saate v\u00e4lja kerida t\u00e4pselt nii palju kui teile vajalik. Vooliku kokku kerimine on automaatne. Selleks et voolik ei keriks ennast automaatselt tagasi, tehke \u00fcks j\u00e4rsem t\u00f5mbeliigutus, mis aitab vooliku automaatselt fikseerida. Kokku kerimise alustamiseks  tehke uuesti j\u00e4rsem t\u00f5mbeliigutus ja voolik jookseb automaatselt kohvrisse. 360-kraadine p\u00f6\u00f6rlemisfunktsioon v\u00f5imaldab eriti mugavalt kasta just l\u00fchemalt v\u00e4ljakeritud voolikuga, n\u00e4iteks taimi terrassil. Kastmiskohvri peal on v\u00e4ike hoiulaegas, kus on \u00fcks reguleeritav kastmisp\u00fcstol ja mitmekeermega kraaniliitmik \u2013 k\u00f5ik alustamiseks vajalik!  Seinakinnitus ei kuulu komplekti.<\/p>\n<p>Kuigi kvaliteetne voolik on ilmastikukindel, soovitame kindlasti kontrollida, et talvisel ajal ei j\u00e4\u00e4ks kastmiss\u00fcsteemi vett.<\/p>\n\t\t<\/div>\n\t\t\t\t\t<\/div>\n\n\t\n\n\t<div id=\"col-1897204807\" class=\"col medium-3 small-12 large-3\"  >\n\t\t\t\t<div class=\"col-inner\"  >\n\t\t\t\n\t\t\t\n\t<div id=\"gap-1328243519\" class=\"gap-element clearfix\" style=\"display:block; height:auto;\">\n\t\t\n<style>\n#gap-1328243519 {\n  padding-top: 30px;\n}\n<\/style>\n\t<\/div>\n\t\n<div class=\"is-divider divider clearfix\" ><\/div>\n<p><strong>\u00dcksikasjalikuma n\u00f5u saamiseks v\u00f5tke \u00fchendust:<br \/><\/strong>LOODUS INVEST AS<br \/>Viljandi mnt. 18a<br \/>11216<br \/>Tallinn<br \/>+372 6722144<\/p>\n<div class=\"is-divider divider clearfix\" ><\/div>\n\t\t<\/div>\n\t\t\t\t\t<\/div>\n\n\t\n<\/div>\n","protected":false},"excerpt":{"rendered":"","protected":false},"featured_media":203100,"comment_status":"closed","ping_status":"closed","template":"","meta":[],"product_brand":[],"product_cat":[2789,2788,3280,4749],"product_tag":[],"class_list":{"0":"post-202946","1":"product","2":"type-product","3":"status-publish","4":"has-post-thumbnail","6":"product_cat-aiatarbed","7":"product_cat-aiatarbed-ja-kodukaubad","8":"product_cat-kastmistarvikud","9":"product_cat-voolikukarud","10":"pa_kaubamark-loodus-invest-as","12":"first","13":"instock","14":"sale","15":"taxable","16":"shipping-taxable","17":"purchasable","18":"product-type-simple"},"yoast_head":"<!-- This site is optimized with the Yoast SEO plugin v26.9 - https:\/\/yoast.com\/product\/yoast-seo-wordpress\/ -->\n<title>KASTMISVOOLIKU KOMPLEKT FISKARS WATERWHEEL, AUTOMAATNE XL - Espak E-pood<\/title>\n<meta name=\"robots\" content=\"index, follow, max-snippet:-1, max-image-preview:large, max-video-preview:-1\" \/>\n<link rel=\"canonical\" href=\"https:\/\/espak.ee\/epood\/toode\/kastmisvooliku-komplekt-fiskars-waterwheel-automaatne-xl\/\" \/>\n<meta property=\"og:locale\" content=\"et_EE\" \/>\n<meta property=\"og:type\" content=\"article\" \/>\n<meta property=\"og:title\" content=\"KASTMISVOOLIKU KOMPLEKT FISKARS WATERWHEEL, AUTOMAATNE XL - Espak E-pood\" \/>\n<meta property=\"og:url\" content=\"https:\/\/espak.ee\/epood\/toode\/kastmisvooliku-komplekt-fiskars-waterwheel-automaatne-xl\/\" \/>\n<meta property=\"og:site_name\" content=\"Espak E-pood\" \/>\n<meta property=\"article:modified_time\" content=\"2024-06-25T09:57:22+00:00\" \/>\n<meta property=\"og:image\" content=\"https:\/\/espak.ee\/epood\/wp-content\/uploads\/2024\/06\/151260_1067549_XSeriesWaterwheelAutomaticXL_1.jpg\" \/>\n\t<meta property=\"og:image:width\" content=\"1000\" \/>\n\t<meta property=\"og:image:height\" content=\"1000\" \/>\n\t<meta property=\"og:image:type\" content=\"image\/jpeg\" \/>\n<meta name=\"twitter:card\" content=\"summary_large_image\" \/>\n<meta name=\"twitter:label1\" content=\"Est. reading time\" \/>\n\t<meta name=\"twitter:data1\" content=\"1 minut\" \/>\n<script type=\"application\/ld+json\" class=\"yoast-schema-graph\">{\"@context\":\"https:\/\/schema.org\",\"@graph\":[{\"@type\":\"WebPage\",\"@id\":\"https:\/\/espak.ee\/epood\/toode\/kastmisvooliku-komplekt-fiskars-waterwheel-automaatne-xl\/\",\"url\":\"https:\/\/espak.ee\/epood\/toode\/kastmisvooliku-komplekt-fiskars-waterwheel-automaatne-xl\/\",\"name\":\"KASTMISVOOLIKU KOMPLEKT FISKARS WATERWHEEL, AUTOMAATNE XL - Espak E-pood\",\"isPartOf\":{\"@id\":\"https:\/\/espak.ee\/epood\/#website\"},\"primaryImageOfPage\":{\"@id\":\"https:\/\/espak.ee\/epood\/toode\/kastmisvooliku-komplekt-fiskars-waterwheel-automaatne-xl\/#primaryimage\"},\"image\":{\"@id\":\"https:\/\/espak.ee\/epood\/toode\/kastmisvooliku-komplekt-fiskars-waterwheel-automaatne-xl\/#primaryimage\"},\"thumbnailUrl\":\"https:\/\/espak.ee\/epood\/wp-content\/uploads\/2024\/06\/151260_1067549_XSeriesWaterwheelAutomaticXL_1.jpg\",\"datePublished\":\"2024-06-22T02:05:03+00:00\",\"dateModified\":\"2024-06-25T09:57:22+00:00\",\"breadcrumb\":{\"@id\":\"https:\/\/espak.ee\/epood\/toode\/kastmisvooliku-komplekt-fiskars-waterwheel-automaatne-xl\/#breadcrumb\"},\"inLanguage\":\"et\",\"potentialAction\":[{\"@type\":\"ReadAction\",\"target\":[\"https:\/\/espak.ee\/epood\/toode\/kastmisvooliku-komplekt-fiskars-waterwheel-automaatne-xl\/\"]}]},{\"@type\":\"ImageObject\",\"inLanguage\":\"et\",\"@id\":\"https:\/\/espak.ee\/epood\/toode\/kastmisvooliku-komplekt-fiskars-waterwheel-automaatne-xl\/#primaryimage\",\"url\":\"https:\/\/espak.ee\/epood\/wp-content\/uploads\/2024\/06\/151260_1067549_XSeriesWaterwheelAutomaticXL_1.jpg\",\"contentUrl\":\"https:\/\/espak.ee\/epood\/wp-content\/uploads\/2024\/06\/151260_1067549_XSeriesWaterwheelAutomaticXL_1.jpg\",\"width\":1000,\"height\":1000},{\"@type\":\"BreadcrumbList\",\"@id\":\"https:\/\/espak.ee\/epood\/toode\/kastmisvooliku-komplekt-fiskars-waterwheel-automaatne-xl\/#breadcrumb\",\"itemListElement\":[{\"@type\":\"ListItem\",\"position\":1,\"name\":\"Home\",\"item\":\"https:\/\/espak.ee\/epood\/\"},{\"@type\":\"ListItem\",\"position\":2,\"name\":\"Tootevalik\",\"item\":\"https:\/\/espak.ee\/epood\/tootevalik\/\"},{\"@type\":\"ListItem\",\"position\":3,\"name\":\"KASTMISVOOLIKU KOMPLEKT FISKARS WATERWHEEL, AUTOMAATNE XL\"}]},{\"@type\":\"WebSite\",\"@id\":\"https:\/\/espak.ee\/epood\/#website\",\"url\":\"https:\/\/espak.ee\/epood\/\",\"name\":\"Espak E-pood\",\"description\":\"\",\"potentialAction\":[{\"@type\":\"SearchAction\",\"target\":{\"@type\":\"EntryPoint\",\"urlTemplate\":\"https:\/\/espak.ee\/epood\/?s={search_term_string}\"},\"query-input\":{\"@type\":\"PropertyValueSpecification\",\"valueRequired\":true,\"valueName\":\"search_term_string\"}}],\"inLanguage\":\"et\"}]}<\/script>\n<!-- \/ Yoast SEO plugin. -->","yoast_head_json":{"title":"KASTMISVOOLIKU KOMPLEKT FISKARS WATERWHEEL, AUTOMAATNE XL - Espak E-pood","robots":{"index":"index","follow":"follow","max-snippet":"max-snippet:-1","max-image-preview":"max-image-preview:large","max-video-preview":"max-video-preview:-1"},"canonical":"https:\/\/espak.ee\/epood\/toode\/kastmisvooliku-komplekt-fiskars-waterwheel-automaatne-xl\/","og_locale":"et_EE","og_type":"article","og_title":"KASTMISVOOLIKU KOMPLEKT FISKARS WATERWHEEL, AUTOMAATNE XL - Espak E-pood","og_url":"https:\/\/espak.ee\/epood\/toode\/kastmisvooliku-komplekt-fiskars-waterwheel-automaatne-xl\/","og_site_name":"Espak E-pood","article_modified_time":"2024-06-25T09:57:22+00:00","og_image":[{"width":1000,"height":1000,"url":"https:\/\/espak.ee\/epood\/wp-content\/uploads\/2024\/06\/151260_1067549_XSeriesWaterwheelAutomaticXL_1.jpg","type":"image\/jpeg"}],"twitter_card":"summary_large_image","twitter_misc":{"Est. reading time":"1 minut"},"schema":{"@context":"https:\/\/schema.org","@graph":[{"@type":"WebPage","@id":"https:\/\/espak.ee\/epood\/toode\/kastmisvooliku-komplekt-fiskars-waterwheel-automaatne-xl\/","url":"https:\/\/espak.ee\/epood\/toode\/kastmisvooliku-komplekt-fiskars-waterwheel-automaatne-xl\/","name":"KASTMISVOOLIKU KOMPLEKT FISKARS WATERWHEEL, AUTOMAATNE XL - Espak E-pood","isPartOf":{"@id":"https:\/\/espak.ee\/epood\/#website"},"primaryImageOfPage":{"@id":"https:\/\/espak.ee\/epood\/toode\/kastmisvooliku-komplekt-fiskars-waterwheel-automaatne-xl\/#primaryimage"},"image":{"@id":"https:\/\/espak.ee\/epood\/toode\/kastmisvooliku-komplekt-fiskars-waterwheel-automaatne-xl\/#primaryimage"},"thumbnailUrl":"https:\/\/espak.ee\/epood\/wp-content\/uploads\/2024\/06\/151260_1067549_XSeriesWaterwheelAutomaticXL_1.jpg","datePublished":"2024-06-22T02:05:03+00:00","dateModified":"2024-06-25T09:57:22+00:00","breadcrumb":{"@id":"https:\/\/espak.ee\/epood\/toode\/kastmisvooliku-komplekt-fiskars-waterwheel-automaatne-xl\/#breadcrumb"},"inLanguage":"et","potentialAction":[{"@type":"ReadAction","target":["https:\/\/espak.ee\/epood\/toode\/kastmisvooliku-komplekt-fiskars-waterwheel-automaatne-xl\/"]}]},{"@type":"ImageObject","inLanguage":"et","@id":"https:\/\/espak.ee\/epood\/toode\/kastmisvooliku-komplekt-fiskars-waterwheel-automaatne-xl\/#primaryimage","url":"https:\/\/espak.ee\/epood\/wp-content\/uploads\/2024\/06\/151260_1067549_XSeriesWaterwheelAutomaticXL_1.jpg","contentUrl":"https:\/\/espak.ee\/epood\/wp-content\/uploads\/2024\/06\/151260_1067549_XSeriesWaterwheelAutomaticXL_1.jpg","width":1000,"height":1000},{"@type":"BreadcrumbList","@id":"https:\/\/espak.ee\/epood\/toode\/kastmisvooliku-komplekt-fiskars-waterwheel-automaatne-xl\/#breadcrumb","itemListElement":[{"@type":"ListItem","position":1,"name":"Home","item":"https:\/\/espak.ee\/epood\/"},{"@type":"ListItem","position":2,"name":"Tootevalik","item":"https:\/\/espak.ee\/epood\/tootevalik\/"},{"@type":"ListItem","position":3,"name":"KASTMISVOOLIKU KOMPLEKT FISKARS WATERWHEEL, AUTOMAATNE XL"}]},{"@type":"WebSite","@id":"https:\/\/espak.ee\/epood\/#website","url":"https:\/\/espak.ee\/epood\/","name":"Espak E-pood","description":"","potentialAction":[{"@type":"SearchAction","target":{"@type":"EntryPoint","urlTemplate":"https:\/\/espak.ee\/epood\/?s={search_term_string}"},"query-input":{"@type":"PropertyValueSpecification","valueRequired":true,"valueName":"search_term_string"}}],"inLanguage":"et"}]}},"_links":{"self":[{"href":"https:\/\/espak.ee\/epood\/wp-json\/wp\/v2\/product\/202946","targetHints":{"allow":["GET"]}}],"collection":[{"href":"https:\/\/espak.ee\/epood\/wp-json\/wp\/v2\/product"}],"about":[{"href":"https:\/\/espak.ee\/epood\/wp-json\/wp\/v2\/types\/product"}],"replies":[{"embeddable":true,"href":"https:\/\/espak.ee\/epood\/wp-json\/wp\/v2\/comments?post=202946"}],"wp:featuredmedia":[{"embeddable":true,"href":"https:\/\/espak.ee\/epood\/wp-json\/wp\/v2\/media\/203100"}],"wp:attachment":[{"href":"https:\/\/espak.ee\/epood\/wp-json\/wp\/v2\/media?parent=202946"}],"wp:term":[{"taxonomy":"product_brand","embeddable":true,"href":"https:\/\/espak.ee\/epood\/wp-json\/wp\/v2\/product_brand?post=202946"},{"taxonomy":"product_cat","embeddable":true,"href":"https:\/\/espak.ee\/epood\/wp-json\/wp\/v2\/product_cat?post=202946"},{"taxonomy":"product_tag","embeddable":true,"href":"https:\/\/espak.ee\/epood\/wp-json\/wp\/v2\/product_tag?post=202946"}],"curies":[{"name":"wp","href":"https:\/\/api.w.org\/{rel}","templated":true}]}}