{"id":202941,"date":"2024-06-22T05:05:03","date_gmt":"2024-06-22T02:05:03","guid":{"rendered":"https:\/\/espak.ee\/epood\/?post_type=product&#038;p=202941"},"modified":"2024-06-25T12:35:54","modified_gmt":"2024-06-25T09:35:54","slug":"ultra-kerge-matkakirves-fiskars-x-series-x13","status":"publish","type":"product","link":"https:\/\/espak.ee\/epood\/toode\/ultra-kerge-matkakirves-fiskars-x-series-x13\/","title":{"rendered":"ULTRA KERGE MATKAKIRVES FISKARS X-SERIES X13"},"content":{"rendered":"<div class=\"row\"  id=\"row-1556597678\">\n\n\t<div id=\"col-1617072947\" class=\"col medium-9 small-12 large-9\"  >\n\t\t\t\t<div class=\"col-inner\"  >\n\t\t\t\n\t\t\t\n<h3>Fiskarsi \u00fclikerge matkakirves X13<\/h3>\n<p>Fiskarsi \u00fclikerge matkakirves X13 sobib ideaalselt kaasa matkamisel v\u00f5i tulehakatise tegemisel. Uue kujundusega tera on 15% kergem kui \u00fclej\u00e4\u00e4nud kompaktsetel X-series\u2122 kirvestel. Topeltkarastatud sepistatud terastera p\u00fcsib kauem terav ning v\u00e4ikese h\u00f5\u00f5rdeteguriga terakate aiatab kaasa teha sujuva l\u00f5ike l\u00e4bi puidu ja kaitseb samas ka rooste eest. Disainitud Soomes Billn\u00e4sis, tuginedes enam kui 350-aastasele kogemusele maailma tuntuimate sepistatud t\u00f6\u00f6riistadega.<br \/>\nPikkus: 332 mm<br \/>\n25-aastane garantii.<\/p>\n<p>Fiskars X-series ultra kerge matkakirves X13  \u2013  aasta 2024 uudistoode!<\/p>\n<p>Otsid ideaalset matkakaaslast, mis \u00fchendab endas kerguse, t\u00f5hususe ja vastupidavuse? Selleks on matkakirves X13, mis on Fiskars X-series\u2122 k\u00f5ige kergem kirves. T\u00e4nu oma kergusel ja suurep\u00e4rasele raiumisv\u00f5imele on see kirves ideaalne kaaslane igale matkajale.<\/p>\n<p>Ultra kerge matkakirves X13 on kergesti kaasaskantav t\u00e4nu oma v\u00e4ikesele suurusele ja \u00fche k\u00e4ega kasutatavale disainile. Selle v\u00e4ikese h\u00f5\u00f5rdeteguriga kate tagab sujuva l\u00e4bil\u00f5ike l\u00e4bi puidu, samal ajal kaitstes tera rooste eest. Ereoran\u017e FiberComp\u2122-kattega vars on uskumatult vastupidav ja oran\u017e v\u00e4rv toob selle ka looduses kergesti n\u00e4htavaks.<\/p>\n<p>Kaasasolev \u00fcmbris v\u00f5imaldab turvaliselt transportida ja kasutada matkakirvest turvaliselt telgivaiade pinnasesse tagumiseks ja kergemateks raiumist\u00f6\u00f6deks. Lisaks on sellel mugav rihma-aas ja usaldusv\u00e4\u00e4rne lukustusmehhanism.\n<\/p>\n\t\t<\/div>\n\t\t\t\t\t<\/div>\n\n\t\n\n\t<div id=\"col-472428353\" class=\"col medium-3 small-12 large-3\"  >\n\t\t\t\t<div class=\"col-inner\"  >\n\t\t\t\n\t\t\t\n\t<div id=\"gap-1690172685\" class=\"gap-element clearfix\" style=\"display:block; height:auto;\">\n\t\t\n<style>\n#gap-1690172685 {\n  padding-top: 30px;\n}\n<\/style>\n\t<\/div>\n\t\n<div class=\"is-divider divider clearfix\" ><\/div>\n<p><strong>\u00dcksikasjalikuma n\u00f5u saamiseks v\u00f5tke \u00fchendust:<br \/><\/strong>LOODUS INVEST AS<br \/>Viljandi mnt. 18a<br \/>11216<br \/>Tallinn<br \/>+372 6722144<\/p>\n<div class=\"is-divider divider clearfix\" ><\/div>\n\t\t<\/div>\n\t\t\t\t\t<\/div>\n\n\t\n<\/div>\n","protected":false},"excerpt":{"rendered":"","protected":false},"featured_media":203086,"comment_status":"closed","ping_status":"closed","template":"","meta":[],"product_brand":[],"product_cat":[3540,2789,2788,3341],"product_tag":[],"class_list":{"0":"post-202941","1":"product","2":"type-product","3":"status-publish","4":"has-post-thumbnail","6":"product_cat-aiakirved","7":"product_cat-aiatarbed","8":"product_cat-aiatarbed-ja-kodukaubad","9":"product_cat-aiatooriistad","10":"pa_kaubamark-loodus-invest-as","12":"first","13":"instock","14":"sale","15":"taxable","16":"shipping-taxable","17":"purchasable","18":"product-type-simple"},"yoast_head":"<!-- This site is optimized with the Yoast SEO plugin v26.9 - https:\/\/yoast.com\/product\/yoast-seo-wordpress\/ -->\n<title>ULTRA KERGE MATKAKIRVES FISKARS X-SERIES X13 - Espak E-pood<\/title>\n<meta name=\"robots\" content=\"index, follow, max-snippet:-1, max-image-preview:large, max-video-preview:-1\" \/>\n<link rel=\"canonical\" href=\"https:\/\/espak.ee\/epood\/toode\/ultra-kerge-matkakirves-fiskars-x-series-x13\/\" \/>\n<meta property=\"og:locale\" content=\"et_EE\" \/>\n<meta property=\"og:type\" content=\"article\" \/>\n<meta property=\"og:title\" content=\"ULTRA KERGE MATKAKIRVES FISKARS X-SERIES X13 - Espak E-pood\" \/>\n<meta property=\"og:url\" content=\"https:\/\/espak.ee\/epood\/toode\/ultra-kerge-matkakirves-fiskars-x-series-x13\/\" \/>\n<meta property=\"og:site_name\" content=\"Espak E-pood\" \/>\n<meta property=\"article:modified_time\" content=\"2024-06-25T09:35:54+00:00\" \/>\n<meta property=\"og:image\" content=\"https:\/\/espak.ee\/epood\/wp-content\/uploads\/2024\/06\/120160_Xseries-Ultra-kerge-matkakirves-X13_2.jpg\" \/>\n\t<meta property=\"og:image:width\" content=\"1000\" \/>\n\t<meta property=\"og:image:height\" content=\"1000\" \/>\n\t<meta property=\"og:image:type\" content=\"image\/jpeg\" \/>\n<meta name=\"twitter:card\" content=\"summary_large_image\" \/>\n<meta name=\"twitter:label1\" content=\"Est. reading time\" \/>\n\t<meta name=\"twitter:data1\" content=\"1 minut\" \/>\n<script type=\"application\/ld+json\" class=\"yoast-schema-graph\">{\"@context\":\"https:\/\/schema.org\",\"@graph\":[{\"@type\":\"WebPage\",\"@id\":\"https:\/\/espak.ee\/epood\/toode\/ultra-kerge-matkakirves-fiskars-x-series-x13\/\",\"url\":\"https:\/\/espak.ee\/epood\/toode\/ultra-kerge-matkakirves-fiskars-x-series-x13\/\",\"name\":\"ULTRA KERGE MATKAKIRVES FISKARS X-SERIES X13 - Espak E-pood\",\"isPartOf\":{\"@id\":\"https:\/\/espak.ee\/epood\/#website\"},\"primaryImageOfPage\":{\"@id\":\"https:\/\/espak.ee\/epood\/toode\/ultra-kerge-matkakirves-fiskars-x-series-x13\/#primaryimage\"},\"image\":{\"@id\":\"https:\/\/espak.ee\/epood\/toode\/ultra-kerge-matkakirves-fiskars-x-series-x13\/#primaryimage\"},\"thumbnailUrl\":\"https:\/\/espak.ee\/epood\/wp-content\/uploads\/2024\/06\/120160_Xseries-Ultra-kerge-matkakirves-X13_2.jpg\",\"datePublished\":\"2024-06-22T02:05:03+00:00\",\"dateModified\":\"2024-06-25T09:35:54+00:00\",\"breadcrumb\":{\"@id\":\"https:\/\/espak.ee\/epood\/toode\/ultra-kerge-matkakirves-fiskars-x-series-x13\/#breadcrumb\"},\"inLanguage\":\"et\",\"potentialAction\":[{\"@type\":\"ReadAction\",\"target\":[\"https:\/\/espak.ee\/epood\/toode\/ultra-kerge-matkakirves-fiskars-x-series-x13\/\"]}]},{\"@type\":\"ImageObject\",\"inLanguage\":\"et\",\"@id\":\"https:\/\/espak.ee\/epood\/toode\/ultra-kerge-matkakirves-fiskars-x-series-x13\/#primaryimage\",\"url\":\"https:\/\/espak.ee\/epood\/wp-content\/uploads\/2024\/06\/120160_Xseries-Ultra-kerge-matkakirves-X13_2.jpg\",\"contentUrl\":\"https:\/\/espak.ee\/epood\/wp-content\/uploads\/2024\/06\/120160_Xseries-Ultra-kerge-matkakirves-X13_2.jpg\",\"width\":1000,\"height\":1000},{\"@type\":\"BreadcrumbList\",\"@id\":\"https:\/\/espak.ee\/epood\/toode\/ultra-kerge-matkakirves-fiskars-x-series-x13\/#breadcrumb\",\"itemListElement\":[{\"@type\":\"ListItem\",\"position\":1,\"name\":\"Home\",\"item\":\"https:\/\/espak.ee\/epood\/\"},{\"@type\":\"ListItem\",\"position\":2,\"name\":\"Tootevalik\",\"item\":\"https:\/\/espak.ee\/epood\/tootevalik\/\"},{\"@type\":\"ListItem\",\"position\":3,\"name\":\"ULTRA KERGE MATKAKIRVES FISKARS X-SERIES X13\"}]},{\"@type\":\"WebSite\",\"@id\":\"https:\/\/espak.ee\/epood\/#website\",\"url\":\"https:\/\/espak.ee\/epood\/\",\"name\":\"Espak E-pood\",\"description\":\"\",\"potentialAction\":[{\"@type\":\"SearchAction\",\"target\":{\"@type\":\"EntryPoint\",\"urlTemplate\":\"https:\/\/espak.ee\/epood\/?s={search_term_string}\"},\"query-input\":{\"@type\":\"PropertyValueSpecification\",\"valueRequired\":true,\"valueName\":\"search_term_string\"}}],\"inLanguage\":\"et\"}]}<\/script>\n<!-- \/ Yoast SEO plugin. -->","yoast_head_json":{"title":"ULTRA KERGE MATKAKIRVES FISKARS X-SERIES X13 - Espak E-pood","robots":{"index":"index","follow":"follow","max-snippet":"max-snippet:-1","max-image-preview":"max-image-preview:large","max-video-preview":"max-video-preview:-1"},"canonical":"https:\/\/espak.ee\/epood\/toode\/ultra-kerge-matkakirves-fiskars-x-series-x13\/","og_locale":"et_EE","og_type":"article","og_title":"ULTRA KERGE MATKAKIRVES FISKARS X-SERIES X13 - Espak E-pood","og_url":"https:\/\/espak.ee\/epood\/toode\/ultra-kerge-matkakirves-fiskars-x-series-x13\/","og_site_name":"Espak E-pood","article_modified_time":"2024-06-25T09:35:54+00:00","og_image":[{"width":1000,"height":1000,"url":"https:\/\/espak.ee\/epood\/wp-content\/uploads\/2024\/06\/120160_Xseries-Ultra-kerge-matkakirves-X13_2.jpg","type":"image\/jpeg"}],"twitter_card":"summary_large_image","twitter_misc":{"Est. reading time":"1 minut"},"schema":{"@context":"https:\/\/schema.org","@graph":[{"@type":"WebPage","@id":"https:\/\/espak.ee\/epood\/toode\/ultra-kerge-matkakirves-fiskars-x-series-x13\/","url":"https:\/\/espak.ee\/epood\/toode\/ultra-kerge-matkakirves-fiskars-x-series-x13\/","name":"ULTRA KERGE MATKAKIRVES FISKARS X-SERIES X13 - Espak E-pood","isPartOf":{"@id":"https:\/\/espak.ee\/epood\/#website"},"primaryImageOfPage":{"@id":"https:\/\/espak.ee\/epood\/toode\/ultra-kerge-matkakirves-fiskars-x-series-x13\/#primaryimage"},"image":{"@id":"https:\/\/espak.ee\/epood\/toode\/ultra-kerge-matkakirves-fiskars-x-series-x13\/#primaryimage"},"thumbnailUrl":"https:\/\/espak.ee\/epood\/wp-content\/uploads\/2024\/06\/120160_Xseries-Ultra-kerge-matkakirves-X13_2.jpg","datePublished":"2024-06-22T02:05:03+00:00","dateModified":"2024-06-25T09:35:54+00:00","breadcrumb":{"@id":"https:\/\/espak.ee\/epood\/toode\/ultra-kerge-matkakirves-fiskars-x-series-x13\/#breadcrumb"},"inLanguage":"et","potentialAction":[{"@type":"ReadAction","target":["https:\/\/espak.ee\/epood\/toode\/ultra-kerge-matkakirves-fiskars-x-series-x13\/"]}]},{"@type":"ImageObject","inLanguage":"et","@id":"https:\/\/espak.ee\/epood\/toode\/ultra-kerge-matkakirves-fiskars-x-series-x13\/#primaryimage","url":"https:\/\/espak.ee\/epood\/wp-content\/uploads\/2024\/06\/120160_Xseries-Ultra-kerge-matkakirves-X13_2.jpg","contentUrl":"https:\/\/espak.ee\/epood\/wp-content\/uploads\/2024\/06\/120160_Xseries-Ultra-kerge-matkakirves-X13_2.jpg","width":1000,"height":1000},{"@type":"BreadcrumbList","@id":"https:\/\/espak.ee\/epood\/toode\/ultra-kerge-matkakirves-fiskars-x-series-x13\/#breadcrumb","itemListElement":[{"@type":"ListItem","position":1,"name":"Home","item":"https:\/\/espak.ee\/epood\/"},{"@type":"ListItem","position":2,"name":"Tootevalik","item":"https:\/\/espak.ee\/epood\/tootevalik\/"},{"@type":"ListItem","position":3,"name":"ULTRA KERGE MATKAKIRVES FISKARS X-SERIES X13"}]},{"@type":"WebSite","@id":"https:\/\/espak.ee\/epood\/#website","url":"https:\/\/espak.ee\/epood\/","name":"Espak E-pood","description":"","potentialAction":[{"@type":"SearchAction","target":{"@type":"EntryPoint","urlTemplate":"https:\/\/espak.ee\/epood\/?s={search_term_string}"},"query-input":{"@type":"PropertyValueSpecification","valueRequired":true,"valueName":"search_term_string"}}],"inLanguage":"et"}]}},"_links":{"self":[{"href":"https:\/\/espak.ee\/epood\/wp-json\/wp\/v2\/product\/202941","targetHints":{"allow":["GET"]}}],"collection":[{"href":"https:\/\/espak.ee\/epood\/wp-json\/wp\/v2\/product"}],"about":[{"href":"https:\/\/espak.ee\/epood\/wp-json\/wp\/v2\/types\/product"}],"replies":[{"embeddable":true,"href":"https:\/\/espak.ee\/epood\/wp-json\/wp\/v2\/comments?post=202941"}],"wp:featuredmedia":[{"embeddable":true,"href":"https:\/\/espak.ee\/epood\/wp-json\/wp\/v2\/media\/203086"}],"wp:attachment":[{"href":"https:\/\/espak.ee\/epood\/wp-json\/wp\/v2\/media?parent=202941"}],"wp:term":[{"taxonomy":"product_brand","embeddable":true,"href":"https:\/\/espak.ee\/epood\/wp-json\/wp\/v2\/product_brand?post=202941"},{"taxonomy":"product_cat","embeddable":true,"href":"https:\/\/espak.ee\/epood\/wp-json\/wp\/v2\/product_cat?post=202941"},{"taxonomy":"product_tag","embeddable":true,"href":"https:\/\/espak.ee\/epood\/wp-json\/wp\/v2\/product_tag?post=202941"}],"curies":[{"name":"wp","href":"https:\/\/api.w.org\/{rel}","templated":true}]}}