{"id":202683,"date":"2024-06-19T05:10:03","date_gmt":"2024-06-19T02:10:03","guid":{"rendered":"https:\/\/espak.ee\/epood\/?post_type=product&#038;p=202683"},"modified":"2024-12-23T12:09:24","modified_gmt":"2024-12-23T10:09:24","slug":"metalliloikur-metallkraft-mts-356-4b","status":"publish","type":"product","link":"https:\/\/espak.ee\/epood\/toode\/metalliloikur-metallkraft-mts-356-4b\/","title":{"rendered":"METALLIL\u00d5IKUR METALLKRAFT MTS 356-4B"},"content":{"rendered":"<div class=\"row\"  id=\"row-1948425949\">\n\n\t<div id=\"col-30901431\" class=\"col medium-9 small-12 large-9\"  >\n\t\t\t\t<div class=\"col-inner\"  >\n\t\t\t\n\t\t\t\n<h3>Metallil\u00f5ikur Metallkraft MTS 356-4B<\/h3>\n<p>&#8211; Harjadeta mootoriga \u2013 eriti t\u00f5hus, vastupidav ja hooldusvaba<br \/>\n&#8211; Terasest, rauast, vasest, messingist, alumiiniumist, plastist ja komposiitmaterjalidest profiilide ning torude ilma jahutuseta l\u00f5ikamine<br \/>\n&#8211; Lihtne transportida<br \/>\n&#8211; Neli kiirust, sobiv kiirus valitav \u00fche nupuvajutusega<br \/>\n&#8211; Pehme k\u00e4ivitusega mootor<br \/>\n&#8211; Digitaalne ekraan, mis n\u00e4itab valitud kiirust ja hetkev\u00f5imsust<br \/>\n&#8211; Kaldl\u00f5ikeks nurga reguleerimine 0\u00b0 &#8211; 45\u00b0<br \/>\n&#8211; Kiirkinnitusega kruustangid<br \/>\n&#8211; Suur LED-t\u00f6\u00f6valgusti t\u00f6\u00f6ala valgustamiseks<br \/>\n&#8211; Libisemiskindlad jalad<br \/>\n&#8211; Spindlilukk v\u00f5imaldab kiiret kettavahetust<\/p>\n<p><strong>Ketas ei kuulu tarnekomplekti. <\/strong>\n <\/p>\n\t\t<\/div>\n\t\t\t\t\t<\/div>\n\n\t\n\n\t<div id=\"col-516896411\" class=\"col medium-3 small-12 large-3\"  >\n\t\t\t\t<div class=\"col-inner\"  >\n\t\t\t\n\t\t\t\n\t<div id=\"gap-1084162200\" class=\"gap-element clearfix\" style=\"display:block; height:auto;\">\n\t\t\n<style>\n#gap-1084162200 {\n  padding-top: 30px;\n}\n<\/style>\n\t<\/div>\n\t\n<div class=\"is-divider divider clearfix\" ><\/div>\n<h3>Kasutusjuhend<\/h3>\n<p><a href=\"https:\/\/espak.ee\/epood\/wp-content\/uploads\/2024\/06\/METALLILOIKUR-METALLKRAFT-MTS-356-4B.pdf\"target=\"_blank\" rel=\"noopener noreferrer\"><i class=\"far fa-file-pdf\"><\/i> Kasutusjuhend (PDF)<\/a><\/p>\n<p><strong>\u00dcksikasjalikuma n\u00f5u saamiseks v\u00f5tke \u00fchendust:<br \/><\/strong>Espak AS<br \/>Viadukti 42<br \/>11313<br \/>Tallinn<br \/> T\u00f6\u00f6riista osakond +372 6512 335<br \/><a href=\"mailto:tooriist@espak.ee\">tooriist@espak.ee<\/a><\/p>\n\t\t<\/div>\n\t\t\t\t\t<\/div>\n\n\t\n<\/div>\n","protected":false},"excerpt":{"rendered":"","protected":false},"featured_media":202708,"comment_status":"closed","ping_status":"closed","template":"","meta":[],"product_brand":[],"product_cat":[2680,2681,2774,2679],"product_tag":[],"class_list":{"0":"post-202683","1":"product","2":"type-product","3":"status-publish","4":"has-post-thumbnail","6":"product_cat-elektritooriistad","7":"product_cat-masinad-ja-seadmed","8":"product_cat-metallitootlusmasinad","9":"product_cat-tooriistad","10":"pa_kaubamark-metallkraft","12":"first","13":"instock","14":"sale","15":"taxable","16":"shipping-taxable","17":"purchasable","18":"product-type-simple"},"yoast_head":"<!-- This site is optimized with the Yoast SEO plugin v26.9 - https:\/\/yoast.com\/product\/yoast-seo-wordpress\/ -->\n<title>METALLIL\u00d5IKUR METALLKRAFT MTS 356-4B - Espak E-pood<\/title>\n<meta name=\"robots\" content=\"index, follow, max-snippet:-1, max-image-preview:large, max-video-preview:-1\" \/>\n<link rel=\"canonical\" href=\"https:\/\/espak.ee\/epood\/toode\/metalliloikur-metallkraft-mts-356-4b\/\" \/>\n<meta property=\"og:locale\" content=\"et_EE\" \/>\n<meta property=\"og:type\" content=\"article\" \/>\n<meta property=\"og:title\" content=\"METALLIL\u00d5IKUR METALLKRAFT MTS 356-4B - Espak E-pood\" \/>\n<meta property=\"og:url\" content=\"https:\/\/espak.ee\/epood\/toode\/metalliloikur-metallkraft-mts-356-4b\/\" \/>\n<meta property=\"og:site_name\" content=\"Espak E-pood\" \/>\n<meta property=\"article:modified_time\" content=\"2024-12-23T10:09:24+00:00\" \/>\n<meta property=\"og:image\" content=\"https:\/\/espak.ee\/epood\/wp-content\/uploads\/2024\/06\/3840356_H.jpg\" \/>\n\t<meta property=\"og:image:width\" content=\"1000\" \/>\n\t<meta property=\"og:image:height\" content=\"1000\" \/>\n\t<meta property=\"og:image:type\" content=\"image\/jpeg\" \/>\n<meta name=\"twitter:card\" content=\"summary_large_image\" \/>\n<meta name=\"twitter:label1\" content=\"Est. reading time\" \/>\n\t<meta name=\"twitter:data1\" content=\"1 minut\" \/>\n<script type=\"application\/ld+json\" class=\"yoast-schema-graph\">{\"@context\":\"https:\/\/schema.org\",\"@graph\":[{\"@type\":\"WebPage\",\"@id\":\"https:\/\/espak.ee\/epood\/toode\/metalliloikur-metallkraft-mts-356-4b\/\",\"url\":\"https:\/\/espak.ee\/epood\/toode\/metalliloikur-metallkraft-mts-356-4b\/\",\"name\":\"METALLIL\u00d5IKUR METALLKRAFT MTS 356-4B - Espak E-pood\",\"isPartOf\":{\"@id\":\"https:\/\/espak.ee\/epood\/#website\"},\"primaryImageOfPage\":{\"@id\":\"https:\/\/espak.ee\/epood\/toode\/metalliloikur-metallkraft-mts-356-4b\/#primaryimage\"},\"image\":{\"@id\":\"https:\/\/espak.ee\/epood\/toode\/metalliloikur-metallkraft-mts-356-4b\/#primaryimage\"},\"thumbnailUrl\":\"https:\/\/espak.ee\/epood\/wp-content\/uploads\/2024\/06\/3840356_H.jpg\",\"datePublished\":\"2024-06-19T02:10:03+00:00\",\"dateModified\":\"2024-12-23T10:09:24+00:00\",\"breadcrumb\":{\"@id\":\"https:\/\/espak.ee\/epood\/toode\/metalliloikur-metallkraft-mts-356-4b\/#breadcrumb\"},\"inLanguage\":\"et\",\"potentialAction\":[{\"@type\":\"ReadAction\",\"target\":[\"https:\/\/espak.ee\/epood\/toode\/metalliloikur-metallkraft-mts-356-4b\/\"]}]},{\"@type\":\"ImageObject\",\"inLanguage\":\"et\",\"@id\":\"https:\/\/espak.ee\/epood\/toode\/metalliloikur-metallkraft-mts-356-4b\/#primaryimage\",\"url\":\"https:\/\/espak.ee\/epood\/wp-content\/uploads\/2024\/06\/3840356_H.jpg\",\"contentUrl\":\"https:\/\/espak.ee\/epood\/wp-content\/uploads\/2024\/06\/3840356_H.jpg\",\"width\":1000,\"height\":1000},{\"@type\":\"BreadcrumbList\",\"@id\":\"https:\/\/espak.ee\/epood\/toode\/metalliloikur-metallkraft-mts-356-4b\/#breadcrumb\",\"itemListElement\":[{\"@type\":\"ListItem\",\"position\":1,\"name\":\"Home\",\"item\":\"https:\/\/espak.ee\/epood\/\"},{\"@type\":\"ListItem\",\"position\":2,\"name\":\"Tootevalik\",\"item\":\"https:\/\/espak.ee\/epood\/tootevalik\/\"},{\"@type\":\"ListItem\",\"position\":3,\"name\":\"METALLIL\u00d5IKUR METALLKRAFT MTS 356-4B\"}]},{\"@type\":\"WebSite\",\"@id\":\"https:\/\/espak.ee\/epood\/#website\",\"url\":\"https:\/\/espak.ee\/epood\/\",\"name\":\"Espak E-pood\",\"description\":\"\",\"potentialAction\":[{\"@type\":\"SearchAction\",\"target\":{\"@type\":\"EntryPoint\",\"urlTemplate\":\"https:\/\/espak.ee\/epood\/?s={search_term_string}\"},\"query-input\":{\"@type\":\"PropertyValueSpecification\",\"valueRequired\":true,\"valueName\":\"search_term_string\"}}],\"inLanguage\":\"et\"}]}<\/script>\n<!-- \/ Yoast SEO plugin. -->","yoast_head_json":{"title":"METALLIL\u00d5IKUR METALLKRAFT MTS 356-4B - Espak E-pood","robots":{"index":"index","follow":"follow","max-snippet":"max-snippet:-1","max-image-preview":"max-image-preview:large","max-video-preview":"max-video-preview:-1"},"canonical":"https:\/\/espak.ee\/epood\/toode\/metalliloikur-metallkraft-mts-356-4b\/","og_locale":"et_EE","og_type":"article","og_title":"METALLIL\u00d5IKUR METALLKRAFT MTS 356-4B - Espak E-pood","og_url":"https:\/\/espak.ee\/epood\/toode\/metalliloikur-metallkraft-mts-356-4b\/","og_site_name":"Espak E-pood","article_modified_time":"2024-12-23T10:09:24+00:00","og_image":[{"width":1000,"height":1000,"url":"https:\/\/espak.ee\/epood\/wp-content\/uploads\/2024\/06\/3840356_H.jpg","type":"image\/jpeg"}],"twitter_card":"summary_large_image","twitter_misc":{"Est. reading time":"1 minut"},"schema":{"@context":"https:\/\/schema.org","@graph":[{"@type":"WebPage","@id":"https:\/\/espak.ee\/epood\/toode\/metalliloikur-metallkraft-mts-356-4b\/","url":"https:\/\/espak.ee\/epood\/toode\/metalliloikur-metallkraft-mts-356-4b\/","name":"METALLIL\u00d5IKUR METALLKRAFT MTS 356-4B - Espak E-pood","isPartOf":{"@id":"https:\/\/espak.ee\/epood\/#website"},"primaryImageOfPage":{"@id":"https:\/\/espak.ee\/epood\/toode\/metalliloikur-metallkraft-mts-356-4b\/#primaryimage"},"image":{"@id":"https:\/\/espak.ee\/epood\/toode\/metalliloikur-metallkraft-mts-356-4b\/#primaryimage"},"thumbnailUrl":"https:\/\/espak.ee\/epood\/wp-content\/uploads\/2024\/06\/3840356_H.jpg","datePublished":"2024-06-19T02:10:03+00:00","dateModified":"2024-12-23T10:09:24+00:00","breadcrumb":{"@id":"https:\/\/espak.ee\/epood\/toode\/metalliloikur-metallkraft-mts-356-4b\/#breadcrumb"},"inLanguage":"et","potentialAction":[{"@type":"ReadAction","target":["https:\/\/espak.ee\/epood\/toode\/metalliloikur-metallkraft-mts-356-4b\/"]}]},{"@type":"ImageObject","inLanguage":"et","@id":"https:\/\/espak.ee\/epood\/toode\/metalliloikur-metallkraft-mts-356-4b\/#primaryimage","url":"https:\/\/espak.ee\/epood\/wp-content\/uploads\/2024\/06\/3840356_H.jpg","contentUrl":"https:\/\/espak.ee\/epood\/wp-content\/uploads\/2024\/06\/3840356_H.jpg","width":1000,"height":1000},{"@type":"BreadcrumbList","@id":"https:\/\/espak.ee\/epood\/toode\/metalliloikur-metallkraft-mts-356-4b\/#breadcrumb","itemListElement":[{"@type":"ListItem","position":1,"name":"Home","item":"https:\/\/espak.ee\/epood\/"},{"@type":"ListItem","position":2,"name":"Tootevalik","item":"https:\/\/espak.ee\/epood\/tootevalik\/"},{"@type":"ListItem","position":3,"name":"METALLIL\u00d5IKUR METALLKRAFT MTS 356-4B"}]},{"@type":"WebSite","@id":"https:\/\/espak.ee\/epood\/#website","url":"https:\/\/espak.ee\/epood\/","name":"Espak E-pood","description":"","potentialAction":[{"@type":"SearchAction","target":{"@type":"EntryPoint","urlTemplate":"https:\/\/espak.ee\/epood\/?s={search_term_string}"},"query-input":{"@type":"PropertyValueSpecification","valueRequired":true,"valueName":"search_term_string"}}],"inLanguage":"et"}]}},"_links":{"self":[{"href":"https:\/\/espak.ee\/epood\/wp-json\/wp\/v2\/product\/202683","targetHints":{"allow":["GET"]}}],"collection":[{"href":"https:\/\/espak.ee\/epood\/wp-json\/wp\/v2\/product"}],"about":[{"href":"https:\/\/espak.ee\/epood\/wp-json\/wp\/v2\/types\/product"}],"replies":[{"embeddable":true,"href":"https:\/\/espak.ee\/epood\/wp-json\/wp\/v2\/comments?post=202683"}],"wp:featuredmedia":[{"embeddable":true,"href":"https:\/\/espak.ee\/epood\/wp-json\/wp\/v2\/media\/202708"}],"wp:attachment":[{"href":"https:\/\/espak.ee\/epood\/wp-json\/wp\/v2\/media?parent=202683"}],"wp:term":[{"taxonomy":"product_brand","embeddable":true,"href":"https:\/\/espak.ee\/epood\/wp-json\/wp\/v2\/product_brand?post=202683"},{"taxonomy":"product_cat","embeddable":true,"href":"https:\/\/espak.ee\/epood\/wp-json\/wp\/v2\/product_cat?post=202683"},{"taxonomy":"product_tag","embeddable":true,"href":"https:\/\/espak.ee\/epood\/wp-json\/wp\/v2\/product_tag?post=202683"}],"curies":[{"name":"wp","href":"https:\/\/api.w.org\/{rel}","templated":true}]}}