{"id":202584,"date":"2024-06-18T05:10:13","date_gmt":"2024-06-18T02:10:13","guid":{"rendered":"https:\/\/espak.ee\/epood\/?post_type=product&#038;p=202584"},"modified":"2024-06-18T08:22:41","modified_gmt":"2024-06-18T05:22:41","slug":"t-sark-mukua-derby-kollane-m","status":"publish","type":"product","link":"https:\/\/espak.ee\/epood\/toode\/t-sark-mukua-derby-kollane-m\/","title":{"rendered":"T-S\u00c4RK MUKUA DERBY KOLLANE M"},"content":{"rendered":"<div class=\"row\"  id=\"row-1908802278\">\n\n\t<div id=\"col-1483970926\" class=\"col medium-9 small-12 large-9\"  >\n\t\t\t\t<div class=\"col-inner\"  >\n\t\t\t\n\t\t\t\n<h2>MUKUA DERBY T-s\u00e4rk kollane M<\/h2>\n<p>MUKUA DERBY T-s\u00e4rk on pol\u00fcesterkangast, mis kuivab kiirelt, juhib niiskuse eemale ning hoiab keha kuiva ja v\u00e4rskena. Elastaani sisaldus kangas muudab t-s\u00e4rgi venivaks ning suurendab liikumismugavust. Tugevdatud \u00fcmar kaelus ei veni kandmisel v\u00e4lja. Klassikalise l\u00f5ikega (regular fit) s\u00e4rgil on mitmeid v\u00f5imalusi, kuidas ettev\u00f5tte s\u00fcmboolikat kuvada.<\/p>\n<p>> Materjal \u2013 100% pol\u00fcester, 155 gsm<br \/>\n> Unisex mudel\n<\/p>\n\t\t<\/div>\n\t\t\t\t\t<\/div>\n\n\t\n\n\t<div id=\"col-1307072859\" class=\"col medium-3 small-12 large-3\"  >\n\t\t\t\t<div class=\"col-inner\"  >\n\t\t\t\n\t\t\t\n\t<div id=\"gap-1998363599\" class=\"gap-element clearfix\" style=\"display:block; height:auto;\">\n\t\t\n<style>\n#gap-1998363599 {\n  padding-top: 30px;\n}\n<\/style>\n\t<\/div>\n\t\n<div class=\"is-divider divider clearfix\" ><\/div>\n<p><strong>\u00dcksikasjalikuma n\u00f5u saamiseks v\u00f5tke \u00fchendust:<br \/><\/strong>Becky AS<br \/>Laki 30A \/ Kadaka tee 129<br \/>12915<br \/>Tallinn<br \/>+372 670 6880<\/p>\n<div class=\"is-divider divider clearfix\" ><\/div>\n\t\t<\/div>\n\t\t\t\t\t<\/div>\n\n\t\n<\/div>\n","protected":false},"excerpt":{"rendered":"","protected":false},"featured_media":202600,"comment_status":"closed","ping_status":"closed","template":"","meta":[],"product_brand":[],"product_cat":[2788,3025,2972,3023],"product_tag":[],"class_list":{"0":"post-202584","1":"product","2":"type-product","3":"status-publish","4":"has-post-thumbnail","6":"product_cat-aiatarbed-ja-kodukaubad","7":"product_cat-riided","8":"product_cat-tookaitsevahendid","9":"product_cat-tooroivad","10":"pa_kaubamark-becky-as","12":"first","13":"instock","14":"sale","15":"taxable","16":"shipping-taxable","17":"purchasable","18":"product-type-simple"},"yoast_head":"<!-- This site is optimized with the Yoast SEO plugin v26.9 - https:\/\/yoast.com\/product\/yoast-seo-wordpress\/ -->\n<title>T-S\u00c4RK MUKUA DERBY KOLLANE M - Espak E-pood<\/title>\n<meta name=\"robots\" content=\"index, follow, max-snippet:-1, max-image-preview:large, max-video-preview:-1\" \/>\n<link rel=\"canonical\" href=\"https:\/\/espak.ee\/epood\/toode\/t-sark-mukua-derby-kollane-m\/\" \/>\n<meta property=\"og:locale\" content=\"et_EE\" \/>\n<meta property=\"og:type\" content=\"article\" \/>\n<meta property=\"og:title\" content=\"T-S\u00c4RK MUKUA DERBY KOLLANE M - Espak E-pood\" \/>\n<meta property=\"og:url\" content=\"https:\/\/espak.ee\/epood\/toode\/t-sark-mukua-derby-kollane-m\/\" \/>\n<meta property=\"og:site_name\" content=\"Espak E-pood\" \/>\n<meta property=\"article:modified_time\" content=\"2024-06-18T05:22:41+00:00\" \/>\n<meta property=\"og:image\" content=\"https:\/\/espak.ee\/epood\/wp-content\/uploads\/2024\/06\/VELILLA-TS151UC-DERBY-T-sark-kollane.jpg.webp\" \/>\n\t<meta property=\"og:image:width\" content=\"1024\" \/>\n\t<meta property=\"og:image:height\" content=\"1024\" \/>\n\t<meta property=\"og:image:type\" content=\"image\/webp\" \/>\n<meta name=\"twitter:card\" content=\"summary_large_image\" \/>\n<script type=\"application\/ld+json\" class=\"yoast-schema-graph\">{\"@context\":\"https:\/\/schema.org\",\"@graph\":[{\"@type\":\"WebPage\",\"@id\":\"https:\/\/espak.ee\/epood\/toode\/t-sark-mukua-derby-kollane-m\/\",\"url\":\"https:\/\/espak.ee\/epood\/toode\/t-sark-mukua-derby-kollane-m\/\",\"name\":\"T-S\u00c4RK MUKUA DERBY KOLLANE M - Espak E-pood\",\"isPartOf\":{\"@id\":\"https:\/\/espak.ee\/epood\/#website\"},\"primaryImageOfPage\":{\"@id\":\"https:\/\/espak.ee\/epood\/toode\/t-sark-mukua-derby-kollane-m\/#primaryimage\"},\"image\":{\"@id\":\"https:\/\/espak.ee\/epood\/toode\/t-sark-mukua-derby-kollane-m\/#primaryimage\"},\"thumbnailUrl\":\"https:\/\/espak.ee\/epood\/wp-content\/uploads\/2024\/06\/VELILLA-TS151UC-DERBY-T-sark-kollane.jpg.webp\",\"datePublished\":\"2024-06-18T02:10:13+00:00\",\"dateModified\":\"2024-06-18T05:22:41+00:00\",\"breadcrumb\":{\"@id\":\"https:\/\/espak.ee\/epood\/toode\/t-sark-mukua-derby-kollane-m\/#breadcrumb\"},\"inLanguage\":\"et\",\"potentialAction\":[{\"@type\":\"ReadAction\",\"target\":[\"https:\/\/espak.ee\/epood\/toode\/t-sark-mukua-derby-kollane-m\/\"]}]},{\"@type\":\"ImageObject\",\"inLanguage\":\"et\",\"@id\":\"https:\/\/espak.ee\/epood\/toode\/t-sark-mukua-derby-kollane-m\/#primaryimage\",\"url\":\"https:\/\/espak.ee\/epood\/wp-content\/uploads\/2024\/06\/VELILLA-TS151UC-DERBY-T-sark-kollane.jpg.webp\",\"contentUrl\":\"https:\/\/espak.ee\/epood\/wp-content\/uploads\/2024\/06\/VELILLA-TS151UC-DERBY-T-sark-kollane.jpg.webp\",\"width\":1024,\"height\":1024},{\"@type\":\"BreadcrumbList\",\"@id\":\"https:\/\/espak.ee\/epood\/toode\/t-sark-mukua-derby-kollane-m\/#breadcrumb\",\"itemListElement\":[{\"@type\":\"ListItem\",\"position\":1,\"name\":\"Home\",\"item\":\"https:\/\/espak.ee\/epood\/\"},{\"@type\":\"ListItem\",\"position\":2,\"name\":\"Tootevalik\",\"item\":\"https:\/\/espak.ee\/epood\/tootevalik\/\"},{\"@type\":\"ListItem\",\"position\":3,\"name\":\"T-S\u00c4RK MUKUA DERBY KOLLANE M\"}]},{\"@type\":\"WebSite\",\"@id\":\"https:\/\/espak.ee\/epood\/#website\",\"url\":\"https:\/\/espak.ee\/epood\/\",\"name\":\"Espak E-pood\",\"description\":\"\",\"potentialAction\":[{\"@type\":\"SearchAction\",\"target\":{\"@type\":\"EntryPoint\",\"urlTemplate\":\"https:\/\/espak.ee\/epood\/?s={search_term_string}\"},\"query-input\":{\"@type\":\"PropertyValueSpecification\",\"valueRequired\":true,\"valueName\":\"search_term_string\"}}],\"inLanguage\":\"et\"}]}<\/script>\n<!-- \/ Yoast SEO plugin. -->","yoast_head_json":{"title":"T-S\u00c4RK MUKUA DERBY KOLLANE M - Espak E-pood","robots":{"index":"index","follow":"follow","max-snippet":"max-snippet:-1","max-image-preview":"max-image-preview:large","max-video-preview":"max-video-preview:-1"},"canonical":"https:\/\/espak.ee\/epood\/toode\/t-sark-mukua-derby-kollane-m\/","og_locale":"et_EE","og_type":"article","og_title":"T-S\u00c4RK MUKUA DERBY KOLLANE M - Espak E-pood","og_url":"https:\/\/espak.ee\/epood\/toode\/t-sark-mukua-derby-kollane-m\/","og_site_name":"Espak E-pood","article_modified_time":"2024-06-18T05:22:41+00:00","og_image":[{"width":1024,"height":1024,"url":"https:\/\/espak.ee\/epood\/wp-content\/uploads\/2024\/06\/VELILLA-TS151UC-DERBY-T-sark-kollane.jpg.webp","type":"image\/webp"}],"twitter_card":"summary_large_image","schema":{"@context":"https:\/\/schema.org","@graph":[{"@type":"WebPage","@id":"https:\/\/espak.ee\/epood\/toode\/t-sark-mukua-derby-kollane-m\/","url":"https:\/\/espak.ee\/epood\/toode\/t-sark-mukua-derby-kollane-m\/","name":"T-S\u00c4RK MUKUA DERBY KOLLANE M - Espak E-pood","isPartOf":{"@id":"https:\/\/espak.ee\/epood\/#website"},"primaryImageOfPage":{"@id":"https:\/\/espak.ee\/epood\/toode\/t-sark-mukua-derby-kollane-m\/#primaryimage"},"image":{"@id":"https:\/\/espak.ee\/epood\/toode\/t-sark-mukua-derby-kollane-m\/#primaryimage"},"thumbnailUrl":"https:\/\/espak.ee\/epood\/wp-content\/uploads\/2024\/06\/VELILLA-TS151UC-DERBY-T-sark-kollane.jpg.webp","datePublished":"2024-06-18T02:10:13+00:00","dateModified":"2024-06-18T05:22:41+00:00","breadcrumb":{"@id":"https:\/\/espak.ee\/epood\/toode\/t-sark-mukua-derby-kollane-m\/#breadcrumb"},"inLanguage":"et","potentialAction":[{"@type":"ReadAction","target":["https:\/\/espak.ee\/epood\/toode\/t-sark-mukua-derby-kollane-m\/"]}]},{"@type":"ImageObject","inLanguage":"et","@id":"https:\/\/espak.ee\/epood\/toode\/t-sark-mukua-derby-kollane-m\/#primaryimage","url":"https:\/\/espak.ee\/epood\/wp-content\/uploads\/2024\/06\/VELILLA-TS151UC-DERBY-T-sark-kollane.jpg.webp","contentUrl":"https:\/\/espak.ee\/epood\/wp-content\/uploads\/2024\/06\/VELILLA-TS151UC-DERBY-T-sark-kollane.jpg.webp","width":1024,"height":1024},{"@type":"BreadcrumbList","@id":"https:\/\/espak.ee\/epood\/toode\/t-sark-mukua-derby-kollane-m\/#breadcrumb","itemListElement":[{"@type":"ListItem","position":1,"name":"Home","item":"https:\/\/espak.ee\/epood\/"},{"@type":"ListItem","position":2,"name":"Tootevalik","item":"https:\/\/espak.ee\/epood\/tootevalik\/"},{"@type":"ListItem","position":3,"name":"T-S\u00c4RK MUKUA DERBY KOLLANE M"}]},{"@type":"WebSite","@id":"https:\/\/espak.ee\/epood\/#website","url":"https:\/\/espak.ee\/epood\/","name":"Espak E-pood","description":"","potentialAction":[{"@type":"SearchAction","target":{"@type":"EntryPoint","urlTemplate":"https:\/\/espak.ee\/epood\/?s={search_term_string}"},"query-input":{"@type":"PropertyValueSpecification","valueRequired":true,"valueName":"search_term_string"}}],"inLanguage":"et"}]}},"_links":{"self":[{"href":"https:\/\/espak.ee\/epood\/wp-json\/wp\/v2\/product\/202584","targetHints":{"allow":["GET"]}}],"collection":[{"href":"https:\/\/espak.ee\/epood\/wp-json\/wp\/v2\/product"}],"about":[{"href":"https:\/\/espak.ee\/epood\/wp-json\/wp\/v2\/types\/product"}],"replies":[{"embeddable":true,"href":"https:\/\/espak.ee\/epood\/wp-json\/wp\/v2\/comments?post=202584"}],"wp:featuredmedia":[{"embeddable":true,"href":"https:\/\/espak.ee\/epood\/wp-json\/wp\/v2\/media\/202600"}],"wp:attachment":[{"href":"https:\/\/espak.ee\/epood\/wp-json\/wp\/v2\/media?parent=202584"}],"wp:term":[{"taxonomy":"product_brand","embeddable":true,"href":"https:\/\/espak.ee\/epood\/wp-json\/wp\/v2\/product_brand?post=202584"},{"taxonomy":"product_cat","embeddable":true,"href":"https:\/\/espak.ee\/epood\/wp-json\/wp\/v2\/product_cat?post=202584"},{"taxonomy":"product_tag","embeddable":true,"href":"https:\/\/espak.ee\/epood\/wp-json\/wp\/v2\/product_tag?post=202584"}],"curies":[{"name":"wp","href":"https:\/\/api.w.org\/{rel}","templated":true}]}}